{"id":56653,"date":"2025-11-25T10:40:59","date_gmt":"2025-11-25T10:40:59","guid":{"rendered":"https:\/\/www.autotag-online.com\/?post_type=product&#038;p=56653"},"modified":"2025-12-15T10:03:27","modified_gmt":"2025-12-15T10:03:27","slug":"pochette-pour-carte-magnetique-autotag-bilingue","status":"publish","type":"product","link":"https:\/\/www.autotag-online.com\/fr\/produit\/pochette-pour-carte-magnetique-autotag-bilingue\/","title":{"rendered":"Pochette Pour Carte-cl\u00e9\u00a9 &#8211; Bilingue"},"content":{"rendered":"<p><span dir=\"auto\" style=\"vertical-align: inherit;\"><span dir=\"auto\" style=\"vertical-align: inherit;\"><span dir=\"auto\" style=\"vertical-align: inherit;\"><span dir=\"auto\" style=\"vertical-align: inherit;\"><span dir=\"auto\" style=\"vertical-align: inherit;\"><span dir=\"auto\" style=\"vertical-align: inherit;\"><span dir=\"auto\" style=\"vertical-align: inherit;\"><span dir=\"auto\" style=\"vertical-align: inherit;\"><span dir=\"auto\" style=\"vertical-align: inherit;\"><span dir=\"auto\" style=\"vertical-align: inherit;\"><span dir=\"auto\" style=\"vertical-align: inherit;\"><span dir=\"auto\" style=\"vertical-align: inherit;\"><span dir=\"auto\" style=\"vertical-align: inherit;\"><span dir=\"auto\" style=\"vertical-align: inherit;\"><span dir=\"auto\" style=\"vertical-align: inherit;\"><span dir=\"auto\" style=\"vertical-align: inherit;\"><span dir=\"auto\" style=\"vertical-align: inherit;\"><span dir=\"auto\" style=\"vertical-align: inherit;\"><span dir=\"auto\" style=\"vertical-align: inherit;\"><span dir=\"auto\" style=\"vertical-align: inherit;\">PRODUIT TR\u00c8S DEMAND\u00c9 \u2013 LES D\u00c9LAIS DE LIVRAISON PEUVENT VARIER<\/span><\/span><\/span><\/span><\/span><\/span><\/span><\/span><\/span><\/span><\/span><\/span><\/span><\/span><\/span><\/span><\/span><\/span><\/span><\/span><\/p>\n<p><span dir=\"auto\" style=\"vertical-align: inherit;\"><span dir=\"auto\" style=\"vertical-align: inherit;\">The general use of the cartes-cles for the type of Renault and Tesla means that the multi-port commands are used.<\/span><\/span><\/p>\n<p><span dir=\"auto\" style=\"vertical-align: inherit;\"><span dir=\"auto\" style=\"vertical-align: inherit;\">Ils sont fournis en packages de 100 pi\u00e8ces, avec un marqueur.<\/span><\/span><\/p>\n<p><span dir=\"auto\" style=\"vertical-align: inherit;\"><span dir=\"auto\" style=\"vertical-align: inherit;\">The aim of the cl\u00e9s facile et efficace est devenue un d\u00e9fi avec l&rsquo;essor des grandes cartes-cl\u00e9s et des porte-cl\u00e9s encombrants.<\/span><\/span><\/p>\n<p><span dir=\"auto\" style=\"vertical-align: inherit;\"><span dir=\"auto\" style=\"vertical-align: inherit;\">An ideal solution for the cl\u00e9s, cartes-cl\u00e9s and telecommandes of the vehicles, otherwise.<\/span><\/span><\/p>\n<p><strong><span dir=\"auto\" style=\"vertical-align: inherit;\"><span dir=\"auto\" style=\"vertical-align: inherit;\">TESLA, Clio, Megane, 4e, 5e, Kadjar, Koleos, Captur, Scenic, Symbioz, Citroen.<\/span><\/span><\/strong><\/p>\n<p><span dir=\"auto\" style=\"vertical-align: inherit;\"><span dir=\"auto\" style=\"vertical-align: inherit;\">Ceci, combined with one augmentation of multi-cl\u00e9s (valet and insulator) and the EV cartes without identification, are the cause of the problems of suivi.<\/span><\/span><\/p>\n<p><span dir=\"auto\" style=\"vertical-align: inherit;\"><span dir=\"auto\" style=\"vertical-align: inherit;\">Nombre d&rsquo;entre vous doivent improviser avec des solutions de fortune et co\u00fbteuses, susceptibles de provoquer une grande confusion si les porte-cles se m\u00e9langent.<\/span><\/span><\/p>\n<p><span dir=\"auto\" style=\"vertical-align: inherit;\"><span dir=\"auto\" style=\"vertical-align: inherit;\">The new pocket for porte-cl\u00e9s Autotag Keycard Pouch\u00a9 is the solution ideal: all the range facilities for a furniture with the cl\u00e9s standard equipment d&rsquo;\u00e9tiquettes.<\/span><\/span><\/p>\n<p><span dir=\"auto\" style=\"vertical-align: inherit;\"><span dir=\"auto\" style=\"vertical-align: inherit;\">Pratique, the bag for porte-cl\u00e9s Autotag Keycard Pouch \u00a9 protector for the porte-cl\u00e9s, so it is also forme or at the waist. Elle is a preliminary guide to the indications for noting the important information concerning the vehicle.<\/span><\/span><\/p>\n<p><span dir=\"auto\" style=\"vertical-align: inherit;\"><span dir=\"auto\" style=\"vertical-align: inherit;\">These practical guidelines are used to ensure the functionality of our porte-cl\u00e9s, and with added benefit, to insure the good functionality of your automobile business. The pochette is made of a robust perforation for the suspension of a piece of furniture and is refermable.<\/span><\/span><\/p>\n<p><span dir=\"auto\" style=\"vertical-align: inherit;\"><span dir=\"auto\" style=\"vertical-align: inherit;\">All comme nos tags traditionnels MkI, MkII and Workshop, la nouvelle pochette pour porte-cl\u00e9s Autotag\u00a9 vous guarantees identification to ensure the effectiveness of the cartes and t\u00e9l\u00e9commandes.<\/span><\/span><\/p>\n<p><span dir=\"auto\" style=\"vertical-align: inherit;\"><span dir=\"auto\" style=\"vertical-align: inherit;\">We continue our research and adopt the new options for the materials premieres and adapt to the biodegradation, but the bag is also recyclable (code 4) and the packaging is recycled on the sidewalk.<\/span><\/span><\/p>\n<p><span dir=\"auto\" style=\"vertical-align: inherit;\"><span dir=\"auto\" style=\"vertical-align: inherit;\"><span dir=\"auto\" style=\"vertical-align: inherit;\"><span dir=\"auto\" style=\"vertical-align: inherit;\"><span dir=\"auto\" style=\"vertical-align: inherit;\"><span dir=\"auto\" style=\"vertical-align: inherit;\"><span dir=\"auto\" style=\"vertical-align: inherit;\"><span dir=\"auto\" style=\"vertical-align: inherit;\"><span dir=\"auto\" style=\"vertical-align: inherit;\"><span dir=\"auto\" style=\"vertical-align: inherit;\"><span dir=\"auto\" style=\"vertical-align: inherit;\"><span dir=\"auto\" style=\"vertical-align: inherit;\"><span dir=\"auto\" style=\"vertical-align: inherit;\"><span dir=\"auto\" style=\"vertical-align: inherit;\"><span dir=\"auto\" style=\"vertical-align: inherit;\"><span dir=\"auto\" style=\"vertical-align: inherit;\"><span dir=\"auto\" style=\"vertical-align: inherit;\"><span dir=\"auto\" style=\"vertical-align: inherit;\"><span dir=\"auto\" style=\"vertical-align: inherit;\"><span dir=\"auto\" style=\"vertical-align: inherit;\">Dimensions: 150mm x 95mm <\/span><\/span><\/span><\/span><\/span><\/span><\/span><\/span><\/span><\/span><\/span><\/span><\/span><\/span><\/span><\/span><\/span><\/span><\/span><\/span><br \/>\n<span dir=\"auto\" style=\"vertical-align: inherit;\"><span dir=\"auto\" style=\"vertical-align: inherit;\"><span dir=\"auto\" style=\"vertical-align: inherit;\"><span dir=\"auto\" style=\"vertical-align: inherit;\"><span dir=\"auto\" style=\"vertical-align: inherit;\"><span dir=\"auto\" style=\"vertical-align: inherit;\"><span dir=\"auto\" style=\"vertical-align: inherit;\"><span dir=\"auto\" style=\"vertical-align: inherit;\"><span dir=\"auto\" style=\"vertical-align: inherit;\"><span dir=\"auto\" style=\"vertical-align: inherit;\"><span dir=\"auto\" style=\"vertical-align: inherit;\"><span dir=\"auto\" style=\"vertical-align: inherit;\"><span dir=\"auto\" style=\"vertical-align: inherit;\"><span dir=\"auto\" style=\"vertical-align: inherit;\"><span dir=\"auto\" style=\"vertical-align: inherit;\"><span dir=\"auto\" style=\"vertical-align: inherit;\"><span dir=\"auto\" style=\"vertical-align: inherit;\"><span dir=\"auto\" style=\"vertical-align: inherit;\"><span dir=\"auto\" style=\"vertical-align: inherit;\"><span dir=\"auto\" style=\"vertical-align: inherit;\">100 units par pack \u2013 SKU: 465-00 <\/span><\/span><\/span><\/span><\/span><\/span><\/span><\/span><\/span><\/span><\/span><\/span><\/span><\/span><\/span><\/span><\/span><\/span><\/span><\/span><br \/>\n<span dir=\"auto\" style=\"vertical-align: inherit;\"><span dir=\"auto\" style=\"vertical-align: inherit;\"><span dir=\"auto\" style=\"vertical-align: inherit;\"><span dir=\"auto\" style=\"vertical-align: inherit;\"><span dir=\"auto\" style=\"vertical-align: inherit;\"><span dir=\"auto\" style=\"vertical-align: inherit;\"><span dir=\"auto\" style=\"vertical-align: inherit;\"><span dir=\"auto\" style=\"vertical-align: inherit;\"><span dir=\"auto\" style=\"vertical-align: inherit;\"><span dir=\"auto\" style=\"vertical-align: inherit;\"><span dir=\"auto\" style=\"vertical-align: inherit;\"><span dir=\"auto\" style=\"vertical-align: inherit;\"><span dir=\"auto\" style=\"vertical-align: inherit;\"><span dir=\"auto\" style=\"vertical-align: inherit;\"><span dir=\"auto\" style=\"vertical-align: inherit;\"><span dir=\"auto\" style=\"vertical-align: inherit;\"><span dir=\"auto\" style=\"vertical-align: inherit;\"><span dir=\"auto\" style=\"vertical-align: inherit;\"><span dir=\"auto\" style=\"vertical-align: inherit;\"><span dir=\"auto\" style=\"vertical-align: inherit;\">1 pack \u2013 \u20ac32.99 par pack <\/span><\/span><\/span><\/span><\/span><\/span><\/span><\/span><\/span><\/span><\/span><\/span><\/span><\/span><\/span><\/span><\/span><\/span><\/span><\/span><br \/>\n<span dir=\"auto\" style=\"vertical-align: inherit;\"><span dir=\"auto\" style=\"vertical-align: inherit;\"><span dir=\"auto\" style=\"vertical-align: inherit;\"><span dir=\"auto\" style=\"vertical-align: inherit;\"><span dir=\"auto\" style=\"vertical-align: inherit;\"><span dir=\"auto\" style=\"vertical-align: inherit;\"><span dir=\"auto\" style=\"vertical-align: inherit;\"><span dir=\"auto\" style=\"vertical-align: inherit;\"><span dir=\"auto\" style=\"vertical-align: inherit;\"><span dir=\"auto\" style=\"vertical-align: inherit;\"><span dir=\"auto\" style=\"vertical-align: inherit;\"><span dir=\"auto\" style=\"vertical-align: inherit;\"><span dir=\"auto\" style=\"vertical-align: inherit;\"><span dir=\"auto\" style=\"vertical-align: inherit;\"><span dir=\"auto\" style=\"vertical-align: inherit;\"><span dir=\"auto\" style=\"vertical-align: inherit;\"><span dir=\"auto\" style=\"vertical-align: inherit;\"><span dir=\"auto\" style=\"vertical-align: inherit;\"><span dir=\"auto\" style=\"vertical-align: inherit;\"><span dir=\"auto\" style=\"vertical-align: inherit;\">5 packs \u2013 \u20ac27.20 par pack <\/span><\/span><\/span><\/span><\/span><\/span><\/span><\/span><\/span><\/span><\/span><\/span><\/span><\/span><\/span><\/span><\/span><\/span><\/span><\/span><br \/>\n<span dir=\"auto\" style=\"vertical-align: inherit;\"><span dir=\"auto\" style=\"vertical-align: inherit;\"><span dir=\"auto\" style=\"vertical-align: inherit;\"><span dir=\"auto\" style=\"vertical-align: inherit;\"><span dir=\"auto\" style=\"vertical-align: inherit;\"><span dir=\"auto\" style=\"vertical-align: inherit;\"><span dir=\"auto\" style=\"vertical-align: inherit;\"><span dir=\"auto\" style=\"vertical-align: inherit;\"><span dir=\"auto\" style=\"vertical-align: inherit;\"><span dir=\"auto\" style=\"vertical-align: inherit;\"><span dir=\"auto\" style=\"vertical-align: inherit;\"><span dir=\"auto\" style=\"vertical-align: inherit;\"><span dir=\"auto\" style=\"vertical-align: inherit;\"><span dir=\"auto\" style=\"vertical-align: inherit;\"><span dir=\"auto\" style=\"vertical-align: inherit;\"><span dir=\"auto\" style=\"vertical-align: inherit;\"><span dir=\"auto\" style=\"vertical-align: inherit;\"><span dir=\"auto\" style=\"vertical-align: inherit;\"><span dir=\"auto\" style=\"vertical-align: inherit;\"><span dir=\"auto\" style=\"vertical-align: inherit;\">10 packs \u2013 \u20ac23.90 par pack<\/span><\/span><\/span><\/span><\/span><\/span><\/span><\/span><\/span><\/span><\/span><\/span><\/span><\/span><\/span><\/span><\/span><\/span><\/span><\/span><\/p>\n","protected":false},"excerpt":{"rendered":"<p>PRODUIT TR\u00c8S DEMAND\u00c9 \u2013 LES D\u00c9LAIS DE LIVRAISON PEUVENT VARIER The general use of the cartes-cles for the type of Renault and Tesla means that the multi-port commands are used. Ils sont fournis en packages de 100 pi\u00e8ces, avec un marqueur. The aim of the cl\u00e9s facile et efficace est devenue un d\u00e9fi avec l&rsquo;essor [&hellip;]<\/p>\n","protected":false},"featured_media":56661,"comment_status":"closed","ping_status":"closed","template":"","meta":{"_acf_changed":false},"product_brand":[],"product_cat":[457,350],"product_tag":[],"class_list":{"0":"post-56653","1":"product","2":"type-product","3":"status-publish","4":"has-post-thumbnail","6":"product_cat-pochette-pour-carte-cle-bilingue","7":"product_cat-porte-cles","9":"first","10":"instock","11":"featured","12":"taxable","13":"shipping-taxable","14":"purchasable","15":"product-type-simple"},"exclude_global_add_ons":[],"addons":[],"acf":[],"yoast_head":"<!-- This site is optimized with the Yoast SEO plugin v27.2 - https:\/\/yoast.com\/product\/yoast-seo-wordpress\/ -->\n<title>Pochette Pour Carte-cl\u00e9\u00a9 - Bilingue -. Autotag, motor trade merchandising specialists<\/title>\n<meta name=\"description\" content=\"Pochette Pour Carte-cl\u00e9\u00a9 - Bilingue -. Autotag \u2013 originally founded in 1986, is focussed on supplying key tags &amp; management systems, point of sale materials and workshop systems to the motor trade.\" \/>\n<meta name=\"robots\" content=\"index, follow, max-snippet:-1, max-image-preview:large, max-video-preview:-1\" \/>\n<link rel=\"canonical\" href=\"https:\/\/www.autotag-online.com\/fr\/produit\/pochette-pour-carte-magnetique-autotag-bilingue\/\" \/>\n<meta property=\"og:locale\" content=\"fr_FR\" \/>\n<meta property=\"og:type\" content=\"article\" \/>\n<meta property=\"og:title\" content=\"Pochette Pour Carte-cl\u00e9\u00a9 - Bilingue -. Autotag, motor trade merchandising specialists\" \/>\n<meta property=\"og:description\" content=\"Pochette Pour Carte-cl\u00e9\u00a9 - Bilingue -. Autotag \u2013 originally founded in 1986, is focussed on supplying key tags &amp; management systems, point of sale materials and workshop systems to the motor trade.\" \/>\n<meta property=\"og:url\" content=\"https:\/\/www.autotag-online.com\/fr\/produit\/pochette-pour-carte-magnetique-autotag-bilingue\/\" \/>\n<meta property=\"og:site_name\" content=\"Autotag\" \/>\n<meta property=\"article:modified_time\" content=\"2025-12-15T10:03:27+00:00\" \/>\n<meta property=\"og:image\" content=\"https:\/\/www.autotag-online.com\/wp-content\/uploads\/2025\/11\/IMG_3591-scaled.png\" \/>\n\t<meta property=\"og:image:width\" content=\"1920\" \/>\n\t<meta property=\"og:image:height\" content=\"2560\" \/>\n\t<meta property=\"og:image:type\" content=\"image\/png\" \/>\n<meta name=\"twitter:card\" content=\"summary_large_image\" \/>\n<meta name=\"twitter:label1\" content=\"Dur\u00e9e de lecture estim\u00e9e\" \/>\n\t<meta name=\"twitter:data1\" content=\"2 minutes\" \/>\n<script type=\"application\/ld+json\" class=\"yoast-schema-graph\">{\"@context\":\"https:\/\/schema.org\",\"@graph\":[{\"@type\":\"WebPage\",\"@id\":\"https:\/\/www.autotag-online.com\/fr\/produit\/pochette-pour-carte-magnetique-autotag-bilingue\/\",\"url\":\"https:\/\/www.autotag-online.com\/fr\/produit\/pochette-pour-carte-magnetique-autotag-bilingue\/\",\"name\":\"Pochette Pour Carte-cl\u00e9\u00a9 - Bilingue -. Autotag, motor trade merchandising specialists\",\"isPartOf\":{\"@id\":\"https:\/\/www.autotag-online.com\/fr\/#website\"},\"primaryImageOfPage\":{\"@id\":\"https:\/\/www.autotag-online.com\/fr\/produit\/pochette-pour-carte-magnetique-autotag-bilingue\/#primaryimage\"},\"image\":{\"@id\":\"https:\/\/www.autotag-online.com\/fr\/produit\/pochette-pour-carte-magnetique-autotag-bilingue\/#primaryimage\"},\"thumbnailUrl\":\"https:\/\/www.autotag-online.com\/wp-content\/uploads\/2025\/11\/IMG_3591-scaled.png\",\"datePublished\":\"2025-11-25T10:40:59+00:00\",\"dateModified\":\"2025-12-15T10:03:27+00:00\",\"description\":\"Pochette Pour Carte-cl\u00e9\u00a9 - Bilingue -. Autotag \u2013 originally founded in 1986, is focussed on supplying key tags & management systems, point of sale materials and workshop systems to the motor trade.\",\"breadcrumb\":{\"@id\":\"https:\/\/www.autotag-online.com\/fr\/produit\/pochette-pour-carte-magnetique-autotag-bilingue\/#breadcrumb\"},\"inLanguage\":\"fr-FR\",\"potentialAction\":[{\"@type\":\"ReadAction\",\"target\":[\"https:\/\/www.autotag-online.com\/fr\/produit\/pochette-pour-carte-magnetique-autotag-bilingue\/\"]}]},{\"@type\":\"ImageObject\",\"inLanguage\":\"fr-FR\",\"@id\":\"https:\/\/www.autotag-online.com\/fr\/produit\/pochette-pour-carte-magnetique-autotag-bilingue\/#primaryimage\",\"url\":\"https:\/\/www.autotag-online.com\/wp-content\/uploads\/2025\/11\/IMG_3591-scaled.png\",\"contentUrl\":\"https:\/\/www.autotag-online.com\/wp-content\/uploads\/2025\/11\/IMG_3591-scaled.png\",\"width\":1920,\"height\":2560},{\"@type\":\"BreadcrumbList\",\"@id\":\"https:\/\/www.autotag-online.com\/fr\/produit\/pochette-pour-carte-magnetique-autotag-bilingue\/#breadcrumb\",\"itemListElement\":[{\"@type\":\"ListItem\",\"position\":1,\"name\":\"Home\",\"item\":\"https:\/\/www.autotag-online.com\/fr\/\"},{\"@type\":\"ListItem\",\"position\":2,\"name\":\"Boutique\",\"item\":\"https:\/\/www.autotag-online.com\/fr\/boutique\/\"},{\"@type\":\"ListItem\",\"position\":3,\"name\":\"Porte-cl\u00e9s\",\"item\":\"https:\/\/www.autotag-online.com\/fr\/categorie-produit\/porte-cles\/\"},{\"@type\":\"ListItem\",\"position\":4,\"name\":\"Pochette Pour Carte-cl\u00e9\u00a9 &#8211; Bilingue\"}]},{\"@type\":\"WebSite\",\"@id\":\"https:\/\/www.autotag-online.com\/fr\/#website\",\"url\":\"https:\/\/www.autotag-online.com\/fr\/\",\"name\":\"Autotag\",\"description\":\"Sp\u00e9cialiste de la vente en gros et du commerce de cl\u00e9s et d'accessoires pour le commerce automobile\",\"publisher\":{\"@id\":\"https:\/\/www.autotag-online.com\/fr\/#organization\"},\"potentialAction\":[{\"@type\":\"SearchAction\",\"target\":{\"@type\":\"EntryPoint\",\"urlTemplate\":\"https:\/\/www.autotag-online.com\/fr\/?s={search_term_string}\"},\"query-input\":{\"@type\":\"PropertyValueSpecification\",\"valueRequired\":true,\"valueName\":\"search_term_string\"}}],\"inLanguage\":\"fr-FR\"},{\"@type\":\"Organization\",\"@id\":\"https:\/\/www.autotag-online.com\/fr\/#organization\",\"name\":\"Autotag\",\"url\":\"https:\/\/www.autotag-online.com\/fr\/\",\"logo\":{\"@type\":\"ImageObject\",\"inLanguage\":\"fr-FR\",\"@id\":\"https:\/\/www.autotag-online.com\/fr\/#\/schema\/logo\/image\/\",\"url\":\"https:\/\/www.autotag-online.com\/wp-content\/uploads\/2016\/11\/cropped-logo-2.png\",\"contentUrl\":\"https:\/\/www.autotag-online.com\/wp-content\/uploads\/2016\/11\/cropped-logo-2.png\",\"width\":628,\"height\":110,\"caption\":\"Autotag\"},\"image\":{\"@id\":\"https:\/\/www.autotag-online.com\/fr\/#\/schema\/logo\/image\/\"}}]}<\/script>\n<!-- \/ Yoast SEO plugin. -->","yoast_head_json":{"title":"Pochette Pour Carte-cl\u00e9\u00a9 - Bilingue -. Autotag, motor trade merchandising specialists","description":"Pochette Pour Carte-cl\u00e9\u00a9 - Bilingue -. Autotag \u2013 originally founded in 1986, is focussed on supplying key tags & management systems, point of sale materials and workshop systems to the motor trade.","robots":{"index":"index","follow":"follow","max-snippet":"max-snippet:-1","max-image-preview":"max-image-preview:large","max-video-preview":"max-video-preview:-1"},"canonical":"https:\/\/www.autotag-online.com\/fr\/produit\/pochette-pour-carte-magnetique-autotag-bilingue\/","og_locale":"fr_FR","og_type":"article","og_title":"Pochette Pour Carte-cl\u00e9\u00a9 - Bilingue -. Autotag, motor trade merchandising specialists","og_description":"Pochette Pour Carte-cl\u00e9\u00a9 - Bilingue -. Autotag \u2013 originally founded in 1986, is focussed on supplying key tags & management systems, point of sale materials and workshop systems to the motor trade.","og_url":"https:\/\/www.autotag-online.com\/fr\/produit\/pochette-pour-carte-magnetique-autotag-bilingue\/","og_site_name":"Autotag","article_modified_time":"2025-12-15T10:03:27+00:00","og_image":[{"width":1920,"height":2560,"url":"https:\/\/www.autotag-online.com\/wp-content\/uploads\/2025\/11\/IMG_3591-scaled.png","type":"image\/png"}],"twitter_card":"summary_large_image","twitter_misc":{"Dur\u00e9e de lecture estim\u00e9e":"2 minutes"},"schema":{"@context":"https:\/\/schema.org","@graph":[{"@type":"WebPage","@id":"https:\/\/www.autotag-online.com\/fr\/produit\/pochette-pour-carte-magnetique-autotag-bilingue\/","url":"https:\/\/www.autotag-online.com\/fr\/produit\/pochette-pour-carte-magnetique-autotag-bilingue\/","name":"Pochette Pour Carte-cl\u00e9\u00a9 - Bilingue -. Autotag, motor trade merchandising specialists","isPartOf":{"@id":"https:\/\/www.autotag-online.com\/fr\/#website"},"primaryImageOfPage":{"@id":"https:\/\/www.autotag-online.com\/fr\/produit\/pochette-pour-carte-magnetique-autotag-bilingue\/#primaryimage"},"image":{"@id":"https:\/\/www.autotag-online.com\/fr\/produit\/pochette-pour-carte-magnetique-autotag-bilingue\/#primaryimage"},"thumbnailUrl":"https:\/\/www.autotag-online.com\/wp-content\/uploads\/2025\/11\/IMG_3591-scaled.png","datePublished":"2025-11-25T10:40:59+00:00","dateModified":"2025-12-15T10:03:27+00:00","description":"Pochette Pour Carte-cl\u00e9\u00a9 - Bilingue -. Autotag \u2013 originally founded in 1986, is focussed on supplying key tags & management systems, point of sale materials and workshop systems to the motor trade.","breadcrumb":{"@id":"https:\/\/www.autotag-online.com\/fr\/produit\/pochette-pour-carte-magnetique-autotag-bilingue\/#breadcrumb"},"inLanguage":"fr-FR","potentialAction":[{"@type":"ReadAction","target":["https:\/\/www.autotag-online.com\/fr\/produit\/pochette-pour-carte-magnetique-autotag-bilingue\/"]}]},{"@type":"ImageObject","inLanguage":"fr-FR","@id":"https:\/\/www.autotag-online.com\/fr\/produit\/pochette-pour-carte-magnetique-autotag-bilingue\/#primaryimage","url":"https:\/\/www.autotag-online.com\/wp-content\/uploads\/2025\/11\/IMG_3591-scaled.png","contentUrl":"https:\/\/www.autotag-online.com\/wp-content\/uploads\/2025\/11\/IMG_3591-scaled.png","width":1920,"height":2560},{"@type":"BreadcrumbList","@id":"https:\/\/www.autotag-online.com\/fr\/produit\/pochette-pour-carte-magnetique-autotag-bilingue\/#breadcrumb","itemListElement":[{"@type":"ListItem","position":1,"name":"Home","item":"https:\/\/www.autotag-online.com\/fr\/"},{"@type":"ListItem","position":2,"name":"Boutique","item":"https:\/\/www.autotag-online.com\/fr\/boutique\/"},{"@type":"ListItem","position":3,"name":"Porte-cl\u00e9s","item":"https:\/\/www.autotag-online.com\/fr\/categorie-produit\/porte-cles\/"},{"@type":"ListItem","position":4,"name":"Pochette Pour Carte-cl\u00e9\u00a9 &#8211; Bilingue"}]},{"@type":"WebSite","@id":"https:\/\/www.autotag-online.com\/fr\/#website","url":"https:\/\/www.autotag-online.com\/fr\/","name":"Autotag","description":"Sp\u00e9cialiste de la vente en gros et du commerce de cl\u00e9s et d'accessoires pour le commerce automobile","publisher":{"@id":"https:\/\/www.autotag-online.com\/fr\/#organization"},"potentialAction":[{"@type":"SearchAction","target":{"@type":"EntryPoint","urlTemplate":"https:\/\/www.autotag-online.com\/fr\/?s={search_term_string}"},"query-input":{"@type":"PropertyValueSpecification","valueRequired":true,"valueName":"search_term_string"}}],"inLanguage":"fr-FR"},{"@type":"Organization","@id":"https:\/\/www.autotag-online.com\/fr\/#organization","name":"Autotag","url":"https:\/\/www.autotag-online.com\/fr\/","logo":{"@type":"ImageObject","inLanguage":"fr-FR","@id":"https:\/\/www.autotag-online.com\/fr\/#\/schema\/logo\/image\/","url":"https:\/\/www.autotag-online.com\/wp-content\/uploads\/2016\/11\/cropped-logo-2.png","contentUrl":"https:\/\/www.autotag-online.com\/wp-content\/uploads\/2016\/11\/cropped-logo-2.png","width":628,"height":110,"caption":"Autotag"},"image":{"@id":"https:\/\/www.autotag-online.com\/fr\/#\/schema\/logo\/image\/"}}]}},"_links":{"self":[{"href":"https:\/\/www.autotag-online.com\/fr\/wp-json\/wp\/v2\/product\/56653","targetHints":{"allow":["GET"]}}],"collection":[{"href":"https:\/\/www.autotag-online.com\/fr\/wp-json\/wp\/v2\/product"}],"about":[{"href":"https:\/\/www.autotag-online.com\/fr\/wp-json\/wp\/v2\/types\/product"}],"replies":[{"embeddable":true,"href":"https:\/\/www.autotag-online.com\/fr\/wp-json\/wp\/v2\/comments?post=56653"}],"wp:featuredmedia":[{"embeddable":true,"href":"https:\/\/www.autotag-online.com\/fr\/wp-json\/wp\/v2\/media\/56661"}],"wp:attachment":[{"href":"https:\/\/www.autotag-online.com\/fr\/wp-json\/wp\/v2\/media?parent=56653"}],"wp:term":[{"taxonomy":"product_brand","embeddable":true,"href":"https:\/\/www.autotag-online.com\/fr\/wp-json\/wp\/v2\/product_brand?post=56653"},{"taxonomy":"product_cat","embeddable":true,"href":"https:\/\/www.autotag-online.com\/fr\/wp-json\/wp\/v2\/product_cat?post=56653"},{"taxonomy":"product_tag","embeddable":true,"href":"https:\/\/www.autotag-online.com\/fr\/wp-json\/wp\/v2\/product_tag?post=56653"}],"curies":[{"name":"wp","href":"https:\/\/api.w.org\/{rel}","templated":true}]}}