{"id":28326,"date":"2016-11-21T12:49:29","date_gmt":"2016-11-21T12:49:29","guid":{"rendered":"https:\/\/www.autotag-online.com\/product\/boite-de-depot-de-cle\/"},"modified":"2016-11-21T12:49:29","modified_gmt":"2016-11-21T12:49:29","slug":"boite-de-depot-de-cle","status":"publish","type":"product","link":"https:\/\/www.autotag-online.com\/fr\/produit\/boite-de-depot-de-cle\/","title":{"rendered":"Bo\u00eete de d\u00e9p\u00f4t de cl\u00e9"},"content":{"rendered":"<p><span id=\"result_box\" class=\"\" lang=\"fr\"><span class=\"\">Permet \u00e0 vos clients de laisser leurs v\u00e9hicules apr\u00e8s les heures d&rsquo;ouverture et d&rsquo;avoir confiance que les cl\u00e9s sont d\u00e9pos\u00e9es en toute s\u00e9curit\u00e9.<\/span><\/p>\n<p><span class=\"\">Goulotte de livraison \u00e0 travers le mur.<\/span><\/p>\n<p>Collection de cl\u00e9s facile.<\/p>\n<p>Acier \u00e9pais.<\/p>\n<p>Boucliers anti-poisson multiples.<\/p>\n<p>Verrouillage de la trappe interne.<\/p>\n<p>Panneau d&rsquo;inspection amovible.<\/p>\n<p>Fini m\u00e9tallique argent\u00e9 r\u00e9sistant aux \u00e9clats.<\/p>\n<p>Dimensions: H750 x L250 x P 250 mm.<\/span><\/p>\n","protected":false},"excerpt":{"rendered":"<p>Permet \u00e0 vos clients de laisser leurs v\u00e9hicules apr\u00e8s les heures d&rsquo;ouverture et d&rsquo;avoir confiance que les cl\u00e9s sont d\u00e9pos\u00e9es en toute s\u00e9curit\u00e9. Goulotte de livraison \u00e0 travers le mur. Collection de cl\u00e9s facile. Acier \u00e9pais. Boucliers anti-poisson multiples. Verrouillage de la trappe interne. Panneau d&rsquo;inspection amovible. Fini m\u00e9tallique argent\u00e9 r\u00e9sistant aux \u00e9clats. Dimensions: H750 [&hellip;]<\/p>\n","protected":false},"featured_media":348,"comment_status":"closed","ping_status":"closed","template":"","meta":{"_acf_changed":false},"product_brand":[],"product_cat":[421],"product_tag":[],"class_list":{"0":"post-28326","1":"product","2":"type-product","3":"status-publish","4":"has-post-thumbnail","6":"product_cat-armoires-a-cles-de-securite","8":"first","9":"instock","10":"taxable","11":"shipping-taxable","12":"purchasable","13":"product-type-simple"},"exclude_global_add_ons":[],"addons":[],"acf":[],"yoast_head":"<!-- This site is optimized with the Yoast SEO plugin v27.2 - https:\/\/yoast.com\/product\/yoast-seo-wordpress\/ -->\n<title>Bo\u00eete de d\u00e9p\u00f4t de cl\u00e9 -. Autotag, motor trade merchandising specialists<\/title>\n<meta name=\"description\" content=\"Bo\u00eete de d\u00e9p\u00f4t de cl\u00e9 -. Autotag \u2013 originally founded in 1986, is focussed on supplying key tags &amp; management systems, point of sale materials and workshop systems to the motor trade.\" \/>\n<meta name=\"robots\" content=\"index, follow, max-snippet:-1, max-image-preview:large, max-video-preview:-1\" \/>\n<link rel=\"canonical\" href=\"https:\/\/www.autotag-online.com\/fr\/produit\/boite-de-depot-de-cle\/\" \/>\n<meta property=\"og:locale\" content=\"fr_FR\" \/>\n<meta property=\"og:type\" content=\"article\" \/>\n<meta property=\"og:title\" content=\"Bo\u00eete de d\u00e9p\u00f4t de cl\u00e9 -. Autotag, motor trade merchandising specialists\" \/>\n<meta property=\"og:description\" content=\"Bo\u00eete de d\u00e9p\u00f4t de cl\u00e9 -. Autotag \u2013 originally founded in 1986, is focussed on supplying key tags &amp; management systems, point of sale materials and workshop systems to the motor trade.\" \/>\n<meta property=\"og:url\" content=\"https:\/\/www.autotag-online.com\/fr\/produit\/boite-de-depot-de-cle\/\" \/>\n<meta property=\"og:site_name\" content=\"Autotag\" \/>\n<meta property=\"og:image\" content=\"https:\/\/www.autotag-online.com\/wp-content\/uploads\/2016\/11\/27045009520046jpg.html\" \/>\n\t<meta property=\"og:image:width\" content=\"200\" \/>\n\t<meta property=\"og:image:height\" content=\"200\" \/>\n\t<meta property=\"og:image:type\" content=\"image\/jpeg\" \/>\n<meta name=\"twitter:card\" content=\"summary_large_image\" \/>\n<script type=\"application\/ld+json\" class=\"yoast-schema-graph\">{\"@context\":\"https:\/\/schema.org\",\"@graph\":[{\"@type\":\"WebPage\",\"@id\":\"https:\/\/www.autotag-online.com\/fr\/produit\/boite-de-depot-de-cle\/\",\"url\":\"https:\/\/www.autotag-online.com\/fr\/produit\/boite-de-depot-de-cle\/\",\"name\":\"Bo\u00eete de d\u00e9p\u00f4t de cl\u00e9 -. Autotag, motor trade merchandising specialists\",\"isPartOf\":{\"@id\":\"https:\/\/www.autotag-online.com\/fr\/#website\"},\"primaryImageOfPage\":{\"@id\":\"https:\/\/www.autotag-online.com\/fr\/produit\/boite-de-depot-de-cle\/#primaryimage\"},\"image\":{\"@id\":\"https:\/\/www.autotag-online.com\/fr\/produit\/boite-de-depot-de-cle\/#primaryimage\"},\"thumbnailUrl\":\"https:\/\/www.autotag-online.com\/wp-content\/uploads\/2016\/11\/27045009520046jpg.html\",\"datePublished\":\"2016-11-21T12:49:29+00:00\",\"description\":\"Bo\u00eete de d\u00e9p\u00f4t de cl\u00e9 -. Autotag \u2013 originally founded in 1986, is focussed on supplying key tags & management systems, point of sale materials and workshop systems to the motor trade.\",\"breadcrumb\":{\"@id\":\"https:\/\/www.autotag-online.com\/fr\/produit\/boite-de-depot-de-cle\/#breadcrumb\"},\"inLanguage\":\"fr-FR\",\"potentialAction\":[{\"@type\":\"ReadAction\",\"target\":[\"https:\/\/www.autotag-online.com\/fr\/produit\/boite-de-depot-de-cle\/\"]}]},{\"@type\":\"ImageObject\",\"inLanguage\":\"fr-FR\",\"@id\":\"https:\/\/www.autotag-online.com\/fr\/produit\/boite-de-depot-de-cle\/#primaryimage\",\"url\":\"https:\/\/www.autotag-online.com\/wp-content\/uploads\/2016\/11\/27045009520046jpg.html\",\"contentUrl\":\"https:\/\/www.autotag-online.com\/wp-content\/uploads\/2016\/11\/27045009520046jpg.html\",\"width\":200,\"height\":200},{\"@type\":\"BreadcrumbList\",\"@id\":\"https:\/\/www.autotag-online.com\/fr\/produit\/boite-de-depot-de-cle\/#breadcrumb\",\"itemListElement\":[{\"@type\":\"ListItem\",\"position\":1,\"name\":\"Home\",\"item\":\"https:\/\/www.autotag-online.com\/fr\/\"},{\"@type\":\"ListItem\",\"position\":2,\"name\":\"Boutique\",\"item\":\"https:\/\/www.autotag-online.com\/fr\/boutique\/\"},{\"@type\":\"ListItem\",\"position\":3,\"name\":\"Armoires \u00e0 cl\u00e9s de s\u00e9curit\u00e9\",\"item\":\"https:\/\/www.autotag-online.com\/fr\/categorie-produit\/armoires-a-cles-de-securite\/\"},{\"@type\":\"ListItem\",\"position\":4,\"name\":\"Bo\u00eete de d\u00e9p\u00f4t de cl\u00e9\"}]},{\"@type\":\"WebSite\",\"@id\":\"https:\/\/www.autotag-online.com\/fr\/#website\",\"url\":\"https:\/\/www.autotag-online.com\/fr\/\",\"name\":\"Autotag\",\"description\":\"Sp\u00e9cialiste de la vente en gros et du commerce de cl\u00e9s et d'accessoires pour le commerce automobile\",\"publisher\":{\"@id\":\"https:\/\/www.autotag-online.com\/fr\/#organization\"},\"potentialAction\":[{\"@type\":\"SearchAction\",\"target\":{\"@type\":\"EntryPoint\",\"urlTemplate\":\"https:\/\/www.autotag-online.com\/fr\/?s={search_term_string}\"},\"query-input\":{\"@type\":\"PropertyValueSpecification\",\"valueRequired\":true,\"valueName\":\"search_term_string\"}}],\"inLanguage\":\"fr-FR\"},{\"@type\":\"Organization\",\"@id\":\"https:\/\/www.autotag-online.com\/fr\/#organization\",\"name\":\"Autotag\",\"url\":\"https:\/\/www.autotag-online.com\/fr\/\",\"logo\":{\"@type\":\"ImageObject\",\"inLanguage\":\"fr-FR\",\"@id\":\"https:\/\/www.autotag-online.com\/fr\/#\/schema\/logo\/image\/\",\"url\":\"https:\/\/www.autotag-online.com\/wp-content\/uploads\/2016\/11\/cropped-logo-2.png\",\"contentUrl\":\"https:\/\/www.autotag-online.com\/wp-content\/uploads\/2016\/11\/cropped-logo-2.png\",\"width\":628,\"height\":110,\"caption\":\"Autotag\"},\"image\":{\"@id\":\"https:\/\/www.autotag-online.com\/fr\/#\/schema\/logo\/image\/\"}}]}<\/script>\n<!-- \/ Yoast SEO plugin. -->","yoast_head_json":{"title":"Bo\u00eete de d\u00e9p\u00f4t de cl\u00e9 -. Autotag, motor trade merchandising specialists","description":"Bo\u00eete de d\u00e9p\u00f4t de cl\u00e9 -. Autotag \u2013 originally founded in 1986, is focussed on supplying key tags & management systems, point of sale materials and workshop systems to the motor trade.","robots":{"index":"index","follow":"follow","max-snippet":"max-snippet:-1","max-image-preview":"max-image-preview:large","max-video-preview":"max-video-preview:-1"},"canonical":"https:\/\/www.autotag-online.com\/fr\/produit\/boite-de-depot-de-cle\/","og_locale":"fr_FR","og_type":"article","og_title":"Bo\u00eete de d\u00e9p\u00f4t de cl\u00e9 -. Autotag, motor trade merchandising specialists","og_description":"Bo\u00eete de d\u00e9p\u00f4t de cl\u00e9 -. Autotag \u2013 originally founded in 1986, is focussed on supplying key tags & management systems, point of sale materials and workshop systems to the motor trade.","og_url":"https:\/\/www.autotag-online.com\/fr\/produit\/boite-de-depot-de-cle\/","og_site_name":"Autotag","og_image":[{"width":200,"height":200,"url":"https:\/\/www.autotag-online.com\/wp-content\/uploads\/2016\/11\/27045009520046jpg.html","type":"image\/jpeg"}],"twitter_card":"summary_large_image","schema":{"@context":"https:\/\/schema.org","@graph":[{"@type":"WebPage","@id":"https:\/\/www.autotag-online.com\/fr\/produit\/boite-de-depot-de-cle\/","url":"https:\/\/www.autotag-online.com\/fr\/produit\/boite-de-depot-de-cle\/","name":"Bo\u00eete de d\u00e9p\u00f4t de cl\u00e9 -. Autotag, motor trade merchandising specialists","isPartOf":{"@id":"https:\/\/www.autotag-online.com\/fr\/#website"},"primaryImageOfPage":{"@id":"https:\/\/www.autotag-online.com\/fr\/produit\/boite-de-depot-de-cle\/#primaryimage"},"image":{"@id":"https:\/\/www.autotag-online.com\/fr\/produit\/boite-de-depot-de-cle\/#primaryimage"},"thumbnailUrl":"https:\/\/www.autotag-online.com\/wp-content\/uploads\/2016\/11\/27045009520046jpg.html","datePublished":"2016-11-21T12:49:29+00:00","description":"Bo\u00eete de d\u00e9p\u00f4t de cl\u00e9 -. Autotag \u2013 originally founded in 1986, is focussed on supplying key tags & management systems, point of sale materials and workshop systems to the motor trade.","breadcrumb":{"@id":"https:\/\/www.autotag-online.com\/fr\/produit\/boite-de-depot-de-cle\/#breadcrumb"},"inLanguage":"fr-FR","potentialAction":[{"@type":"ReadAction","target":["https:\/\/www.autotag-online.com\/fr\/produit\/boite-de-depot-de-cle\/"]}]},{"@type":"ImageObject","inLanguage":"fr-FR","@id":"https:\/\/www.autotag-online.com\/fr\/produit\/boite-de-depot-de-cle\/#primaryimage","url":"https:\/\/www.autotag-online.com\/wp-content\/uploads\/2016\/11\/27045009520046jpg.html","contentUrl":"https:\/\/www.autotag-online.com\/wp-content\/uploads\/2016\/11\/27045009520046jpg.html","width":200,"height":200},{"@type":"BreadcrumbList","@id":"https:\/\/www.autotag-online.com\/fr\/produit\/boite-de-depot-de-cle\/#breadcrumb","itemListElement":[{"@type":"ListItem","position":1,"name":"Home","item":"https:\/\/www.autotag-online.com\/fr\/"},{"@type":"ListItem","position":2,"name":"Boutique","item":"https:\/\/www.autotag-online.com\/fr\/boutique\/"},{"@type":"ListItem","position":3,"name":"Armoires \u00e0 cl\u00e9s de s\u00e9curit\u00e9","item":"https:\/\/www.autotag-online.com\/fr\/categorie-produit\/armoires-a-cles-de-securite\/"},{"@type":"ListItem","position":4,"name":"Bo\u00eete de d\u00e9p\u00f4t de cl\u00e9"}]},{"@type":"WebSite","@id":"https:\/\/www.autotag-online.com\/fr\/#website","url":"https:\/\/www.autotag-online.com\/fr\/","name":"Autotag","description":"Sp\u00e9cialiste de la vente en gros et du commerce de cl\u00e9s et d'accessoires pour le commerce automobile","publisher":{"@id":"https:\/\/www.autotag-online.com\/fr\/#organization"},"potentialAction":[{"@type":"SearchAction","target":{"@type":"EntryPoint","urlTemplate":"https:\/\/www.autotag-online.com\/fr\/?s={search_term_string}"},"query-input":{"@type":"PropertyValueSpecification","valueRequired":true,"valueName":"search_term_string"}}],"inLanguage":"fr-FR"},{"@type":"Organization","@id":"https:\/\/www.autotag-online.com\/fr\/#organization","name":"Autotag","url":"https:\/\/www.autotag-online.com\/fr\/","logo":{"@type":"ImageObject","inLanguage":"fr-FR","@id":"https:\/\/www.autotag-online.com\/fr\/#\/schema\/logo\/image\/","url":"https:\/\/www.autotag-online.com\/wp-content\/uploads\/2016\/11\/cropped-logo-2.png","contentUrl":"https:\/\/www.autotag-online.com\/wp-content\/uploads\/2016\/11\/cropped-logo-2.png","width":628,"height":110,"caption":"Autotag"},"image":{"@id":"https:\/\/www.autotag-online.com\/fr\/#\/schema\/logo\/image\/"}}]}},"_links":{"self":[{"href":"https:\/\/www.autotag-online.com\/fr\/wp-json\/wp\/v2\/product\/28326","targetHints":{"allow":["GET"]}}],"collection":[{"href":"https:\/\/www.autotag-online.com\/fr\/wp-json\/wp\/v2\/product"}],"about":[{"href":"https:\/\/www.autotag-online.com\/fr\/wp-json\/wp\/v2\/types\/product"}],"replies":[{"embeddable":true,"href":"https:\/\/www.autotag-online.com\/fr\/wp-json\/wp\/v2\/comments?post=28326"}],"wp:featuredmedia":[{"embeddable":true,"href":"https:\/\/www.autotag-online.com\/fr\/wp-json\/wp\/v2\/media\/348"}],"wp:attachment":[{"href":"https:\/\/www.autotag-online.com\/fr\/wp-json\/wp\/v2\/media?parent=28326"}],"wp:term":[{"taxonomy":"product_brand","embeddable":true,"href":"https:\/\/www.autotag-online.com\/fr\/wp-json\/wp\/v2\/product_brand?post=28326"},{"taxonomy":"product_cat","embeddable":true,"href":"https:\/\/www.autotag-online.com\/fr\/wp-json\/wp\/v2\/product_cat?post=28326"},{"taxonomy":"product_tag","embeddable":true,"href":"https:\/\/www.autotag-online.com\/fr\/wp-json\/wp\/v2\/product_tag?post=28326"}],"curies":[{"name":"wp","href":"https:\/\/api.w.org\/{rel}","templated":true}]}}