{"id":28324,"date":"2016-11-21T12:50:03","date_gmt":"2016-11-21T12:50:03","guid":{"rendered":"https:\/\/www.autotag-online.com\/product\/20-5000-duster-de-salle-dexposition\/"},"modified":"2016-11-21T12:50:03","modified_gmt":"2016-11-21T12:50:03","slug":"20-5000-duster-de-salle-dexposition","status":"publish","type":"product","link":"https:\/\/www.autotag-online.com\/fr\/produit\/20-5000-duster-de-salle-dexposition\/","title":{"rendered":"20\/5000 Duster de salle d&rsquo;exposition"},"content":{"rendered":"<p><span id=\"result_box\" class=\"\" lang=\"fr\"><span class=\"\">Grand chiffon pour la carrosserie.<\/span><br \/>\nRend le nettoyage facile.<br \/>\nFibres impr\u00e9gn\u00e9es de cire.<br \/>\nL&rsquo;utilisation quotidienne maintient ce regard \u00abjuste valeted\u00bb.<\/span><\/p>\n","protected":false},"excerpt":{"rendered":"<p>Grand chiffon pour la carrosserie. Rend le nettoyage facile. Fibres impr\u00e9gn\u00e9es de cire. L&rsquo;utilisation quotidienne maintient ce regard \u00abjuste valeted\u00bb.<\/p>\n","protected":false},"featured_media":614,"comment_status":"closed","ping_status":"closed","template":"","meta":{"_acf_changed":false},"product_brand":[],"product_cat":[415],"product_tag":[],"class_list":{"0":"post-28324","1":"product","2":"type-product","3":"status-publish","4":"has-post-thumbnail","6":"product_cat-misc-fr","8":"first","9":"instock","10":"taxable","11":"shipping-taxable","12":"purchasable","13":"product-type-simple"},"exclude_global_add_ons":[],"addons":[],"acf":[],"yoast_head":"<!-- This site is optimized with the Yoast SEO plugin v27.2 - https:\/\/yoast.com\/product\/yoast-seo-wordpress\/ -->\n<title>Vitrines et \u00e9talages automobiles, signal\u00e9tique et accessoires. Autotag UK, commerce et fournisseur en gros d&#039;accessoires de commerce automobile<\/title>\n<meta name=\"description\" content=\"Forecourt et \u00e9quipement d&#039;affichage automobile. Signalisation int\u00e9rieure et ext\u00e9rieure, slogans, drapeaux et banderoles, pr\u00e9sentoirs et tables tournantes. Autotag - Leader dans les fournitures essentielles au commerce automobile\" \/>\n<meta name=\"robots\" content=\"index, follow, max-snippet:-1, max-image-preview:large, max-video-preview:-1\" \/>\n<link rel=\"canonical\" href=\"https:\/\/www.autotag-online.com\/fr\/produit\/20-5000-duster-de-salle-dexposition\/\" \/>\n<meta property=\"og:locale\" content=\"fr_FR\" \/>\n<meta property=\"og:type\" content=\"article\" \/>\n<meta property=\"og:title\" content=\"Vitrines et \u00e9talages automobiles, signal\u00e9tique et accessoires. Autotag UK, commerce et fournisseur en gros d&#039;accessoires de commerce automobile\" \/>\n<meta property=\"og:description\" content=\"Forecourt et \u00e9quipement d&#039;affichage automobile. Signalisation int\u00e9rieure et ext\u00e9rieure, slogans, drapeaux et banderoles, pr\u00e9sentoirs et tables tournantes. Autotag - Leader dans les fournitures essentielles au commerce automobile\" \/>\n<meta property=\"og:url\" content=\"https:\/\/www.autotag-online.com\/fr\/produit\/20-5000-duster-de-salle-dexposition\/\" \/>\n<meta property=\"og:site_name\" content=\"Autotag\" \/>\n<meta property=\"og:image\" content=\"https:\/\/www.autotag-online.com\/wp-content\/uploads\/2016\/11\/Showroom-duster46jpg.html\" \/>\n\t<meta property=\"og:image:width\" content=\"510\" \/>\n\t<meta property=\"og:image:height\" content=\"338\" \/>\n\t<meta property=\"og:image:type\" content=\"image\/jpeg\" \/>\n<meta name=\"twitter:card\" content=\"summary_large_image\" \/>\n<script type=\"application\/ld+json\" class=\"yoast-schema-graph\">{\"@context\":\"https:\/\/schema.org\",\"@graph\":[{\"@type\":\"WebPage\",\"@id\":\"https:\/\/www.autotag-online.com\/fr\/produit\/20-5000-duster-de-salle-dexposition\/\",\"url\":\"https:\/\/www.autotag-online.com\/fr\/produit\/20-5000-duster-de-salle-dexposition\/\",\"name\":\"Vitrines et \u00e9talages automobiles, signal\u00e9tique et accessoires. Autotag UK, commerce et fournisseur en gros d'accessoires de commerce automobile\",\"isPartOf\":{\"@id\":\"https:\/\/www.autotag-online.com\/fr\/#website\"},\"primaryImageOfPage\":{\"@id\":\"https:\/\/www.autotag-online.com\/fr\/produit\/20-5000-duster-de-salle-dexposition\/#primaryimage\"},\"image\":{\"@id\":\"https:\/\/www.autotag-online.com\/fr\/produit\/20-5000-duster-de-salle-dexposition\/#primaryimage\"},\"thumbnailUrl\":\"https:\/\/www.autotag-online.com\/wp-content\/uploads\/2016\/11\/Showroom-duster46jpg.html\",\"datePublished\":\"2016-11-21T12:50:03+00:00\",\"description\":\"Forecourt et \u00e9quipement d'affichage automobile. Signalisation int\u00e9rieure et ext\u00e9rieure, slogans, drapeaux et banderoles, pr\u00e9sentoirs et tables tournantes. Autotag - Leader dans les fournitures essentielles au commerce automobile\",\"breadcrumb\":{\"@id\":\"https:\/\/www.autotag-online.com\/fr\/produit\/20-5000-duster-de-salle-dexposition\/#breadcrumb\"},\"inLanguage\":\"fr-FR\",\"potentialAction\":[{\"@type\":\"ReadAction\",\"target\":[\"https:\/\/www.autotag-online.com\/fr\/produit\/20-5000-duster-de-salle-dexposition\/\"]}]},{\"@type\":\"ImageObject\",\"inLanguage\":\"fr-FR\",\"@id\":\"https:\/\/www.autotag-online.com\/fr\/produit\/20-5000-duster-de-salle-dexposition\/#primaryimage\",\"url\":\"https:\/\/www.autotag-online.com\/wp-content\/uploads\/2016\/11\/Showroom-duster46jpg.html\",\"contentUrl\":\"https:\/\/www.autotag-online.com\/wp-content\/uploads\/2016\/11\/Showroom-duster46jpg.html\",\"width\":510,\"height\":338},{\"@type\":\"BreadcrumbList\",\"@id\":\"https:\/\/www.autotag-online.com\/fr\/produit\/20-5000-duster-de-salle-dexposition\/#breadcrumb\",\"itemListElement\":[{\"@type\":\"ListItem\",\"position\":1,\"name\":\"Home\",\"item\":\"https:\/\/www.autotag-online.com\/fr\/\"},{\"@type\":\"ListItem\",\"position\":2,\"name\":\"Boutique\",\"item\":\"https:\/\/www.autotag-online.com\/fr\/boutique\/\"},{\"@type\":\"ListItem\",\"position\":3,\"name\":\"Miscellaneous\",\"item\":\"https:\/\/www.autotag-online.com\/fr\/categorie-produit\/misc-fr\/\"},{\"@type\":\"ListItem\",\"position\":4,\"name\":\"20\/5000 Duster de salle d&#8217;exposition\"}]},{\"@type\":\"WebSite\",\"@id\":\"https:\/\/www.autotag-online.com\/fr\/#website\",\"url\":\"https:\/\/www.autotag-online.com\/fr\/\",\"name\":\"Autotag\",\"description\":\"Sp\u00e9cialiste de la vente en gros et du commerce de cl\u00e9s et d'accessoires pour le commerce automobile\",\"publisher\":{\"@id\":\"https:\/\/www.autotag-online.com\/fr\/#organization\"},\"potentialAction\":[{\"@type\":\"SearchAction\",\"target\":{\"@type\":\"EntryPoint\",\"urlTemplate\":\"https:\/\/www.autotag-online.com\/fr\/?s={search_term_string}\"},\"query-input\":{\"@type\":\"PropertyValueSpecification\",\"valueRequired\":true,\"valueName\":\"search_term_string\"}}],\"inLanguage\":\"fr-FR\"},{\"@type\":\"Organization\",\"@id\":\"https:\/\/www.autotag-online.com\/fr\/#organization\",\"name\":\"Autotag\",\"url\":\"https:\/\/www.autotag-online.com\/fr\/\",\"logo\":{\"@type\":\"ImageObject\",\"inLanguage\":\"fr-FR\",\"@id\":\"https:\/\/www.autotag-online.com\/fr\/#\/schema\/logo\/image\/\",\"url\":\"https:\/\/www.autotag-online.com\/wp-content\/uploads\/2016\/11\/cropped-logo-2.png\",\"contentUrl\":\"https:\/\/www.autotag-online.com\/wp-content\/uploads\/2016\/11\/cropped-logo-2.png\",\"width\":628,\"height\":110,\"caption\":\"Autotag\"},\"image\":{\"@id\":\"https:\/\/www.autotag-online.com\/fr\/#\/schema\/logo\/image\/\"}}]}<\/script>\n<!-- \/ Yoast SEO plugin. -->","yoast_head_json":{"title":"Vitrines et \u00e9talages automobiles, signal\u00e9tique et accessoires. Autotag UK, commerce et fournisseur en gros d'accessoires de commerce automobile","description":"Forecourt et \u00e9quipement d'affichage automobile. Signalisation int\u00e9rieure et ext\u00e9rieure, slogans, drapeaux et banderoles, pr\u00e9sentoirs et tables tournantes. Autotag - Leader dans les fournitures essentielles au commerce automobile","robots":{"index":"index","follow":"follow","max-snippet":"max-snippet:-1","max-image-preview":"max-image-preview:large","max-video-preview":"max-video-preview:-1"},"canonical":"https:\/\/www.autotag-online.com\/fr\/produit\/20-5000-duster-de-salle-dexposition\/","og_locale":"fr_FR","og_type":"article","og_title":"Vitrines et \u00e9talages automobiles, signal\u00e9tique et accessoires. Autotag UK, commerce et fournisseur en gros d'accessoires de commerce automobile","og_description":"Forecourt et \u00e9quipement d'affichage automobile. Signalisation int\u00e9rieure et ext\u00e9rieure, slogans, drapeaux et banderoles, pr\u00e9sentoirs et tables tournantes. Autotag - Leader dans les fournitures essentielles au commerce automobile","og_url":"https:\/\/www.autotag-online.com\/fr\/produit\/20-5000-duster-de-salle-dexposition\/","og_site_name":"Autotag","og_image":[{"width":510,"height":338,"url":"https:\/\/www.autotag-online.com\/wp-content\/uploads\/2016\/11\/Showroom-duster46jpg.html","type":"image\/jpeg"}],"twitter_card":"summary_large_image","schema":{"@context":"https:\/\/schema.org","@graph":[{"@type":"WebPage","@id":"https:\/\/www.autotag-online.com\/fr\/produit\/20-5000-duster-de-salle-dexposition\/","url":"https:\/\/www.autotag-online.com\/fr\/produit\/20-5000-duster-de-salle-dexposition\/","name":"Vitrines et \u00e9talages automobiles, signal\u00e9tique et accessoires. Autotag UK, commerce et fournisseur en gros d'accessoires de commerce automobile","isPartOf":{"@id":"https:\/\/www.autotag-online.com\/fr\/#website"},"primaryImageOfPage":{"@id":"https:\/\/www.autotag-online.com\/fr\/produit\/20-5000-duster-de-salle-dexposition\/#primaryimage"},"image":{"@id":"https:\/\/www.autotag-online.com\/fr\/produit\/20-5000-duster-de-salle-dexposition\/#primaryimage"},"thumbnailUrl":"https:\/\/www.autotag-online.com\/wp-content\/uploads\/2016\/11\/Showroom-duster46jpg.html","datePublished":"2016-11-21T12:50:03+00:00","description":"Forecourt et \u00e9quipement d'affichage automobile. Signalisation int\u00e9rieure et ext\u00e9rieure, slogans, drapeaux et banderoles, pr\u00e9sentoirs et tables tournantes. Autotag - Leader dans les fournitures essentielles au commerce automobile","breadcrumb":{"@id":"https:\/\/www.autotag-online.com\/fr\/produit\/20-5000-duster-de-salle-dexposition\/#breadcrumb"},"inLanguage":"fr-FR","potentialAction":[{"@type":"ReadAction","target":["https:\/\/www.autotag-online.com\/fr\/produit\/20-5000-duster-de-salle-dexposition\/"]}]},{"@type":"ImageObject","inLanguage":"fr-FR","@id":"https:\/\/www.autotag-online.com\/fr\/produit\/20-5000-duster-de-salle-dexposition\/#primaryimage","url":"https:\/\/www.autotag-online.com\/wp-content\/uploads\/2016\/11\/Showroom-duster46jpg.html","contentUrl":"https:\/\/www.autotag-online.com\/wp-content\/uploads\/2016\/11\/Showroom-duster46jpg.html","width":510,"height":338},{"@type":"BreadcrumbList","@id":"https:\/\/www.autotag-online.com\/fr\/produit\/20-5000-duster-de-salle-dexposition\/#breadcrumb","itemListElement":[{"@type":"ListItem","position":1,"name":"Home","item":"https:\/\/www.autotag-online.com\/fr\/"},{"@type":"ListItem","position":2,"name":"Boutique","item":"https:\/\/www.autotag-online.com\/fr\/boutique\/"},{"@type":"ListItem","position":3,"name":"Miscellaneous","item":"https:\/\/www.autotag-online.com\/fr\/categorie-produit\/misc-fr\/"},{"@type":"ListItem","position":4,"name":"20\/5000 Duster de salle d&#8217;exposition"}]},{"@type":"WebSite","@id":"https:\/\/www.autotag-online.com\/fr\/#website","url":"https:\/\/www.autotag-online.com\/fr\/","name":"Autotag","description":"Sp\u00e9cialiste de la vente en gros et du commerce de cl\u00e9s et d'accessoires pour le commerce automobile","publisher":{"@id":"https:\/\/www.autotag-online.com\/fr\/#organization"},"potentialAction":[{"@type":"SearchAction","target":{"@type":"EntryPoint","urlTemplate":"https:\/\/www.autotag-online.com\/fr\/?s={search_term_string}"},"query-input":{"@type":"PropertyValueSpecification","valueRequired":true,"valueName":"search_term_string"}}],"inLanguage":"fr-FR"},{"@type":"Organization","@id":"https:\/\/www.autotag-online.com\/fr\/#organization","name":"Autotag","url":"https:\/\/www.autotag-online.com\/fr\/","logo":{"@type":"ImageObject","inLanguage":"fr-FR","@id":"https:\/\/www.autotag-online.com\/fr\/#\/schema\/logo\/image\/","url":"https:\/\/www.autotag-online.com\/wp-content\/uploads\/2016\/11\/cropped-logo-2.png","contentUrl":"https:\/\/www.autotag-online.com\/wp-content\/uploads\/2016\/11\/cropped-logo-2.png","width":628,"height":110,"caption":"Autotag"},"image":{"@id":"https:\/\/www.autotag-online.com\/fr\/#\/schema\/logo\/image\/"}}]}},"_links":{"self":[{"href":"https:\/\/www.autotag-online.com\/fr\/wp-json\/wp\/v2\/product\/28324","targetHints":{"allow":["GET"]}}],"collection":[{"href":"https:\/\/www.autotag-online.com\/fr\/wp-json\/wp\/v2\/product"}],"about":[{"href":"https:\/\/www.autotag-online.com\/fr\/wp-json\/wp\/v2\/types\/product"}],"replies":[{"embeddable":true,"href":"https:\/\/www.autotag-online.com\/fr\/wp-json\/wp\/v2\/comments?post=28324"}],"wp:featuredmedia":[{"embeddable":true,"href":"https:\/\/www.autotag-online.com\/fr\/wp-json\/wp\/v2\/media\/614"}],"wp:attachment":[{"href":"https:\/\/www.autotag-online.com\/fr\/wp-json\/wp\/v2\/media?parent=28324"}],"wp:term":[{"taxonomy":"product_brand","embeddable":true,"href":"https:\/\/www.autotag-online.com\/fr\/wp-json\/wp\/v2\/product_brand?post=28324"},{"taxonomy":"product_cat","embeddable":true,"href":"https:\/\/www.autotag-online.com\/fr\/wp-json\/wp\/v2\/product_cat?post=28324"},{"taxonomy":"product_tag","embeddable":true,"href":"https:\/\/www.autotag-online.com\/fr\/wp-json\/wp\/v2\/product_tag?post=28324"}],"curies":[{"name":"wp","href":"https:\/\/api.w.org\/{rel}","templated":true}]}}