{"id":28322,"date":"2016-12-19T15:46:00","date_gmt":"2016-12-19T15:46:00","guid":{"rendered":"https:\/\/www.autotag-online.com\/product\/armoire-a-cles-de-securite-mini-60-plus-serrure-a-combinaison-mecanique-avec-surcourse-de-cle\/"},"modified":"2016-12-19T15:46:00","modified_gmt":"2016-12-19T15:46:00","slug":"armoire-a-cles-de-securite-mini-60-plus-serrure-a-combinaison-mecanique-avec-surcourse-de-cle","status":"publish","type":"product","link":"https:\/\/www.autotag-online.com\/fr\/produit\/armoire-a-cles-de-securite-mini-60-plus-serrure-a-combinaison-mecanique-avec-surcourse-de-cle\/","title":{"rendered":"Armoire \u00e0 cl\u00e9s de s\u00e9curit\u00e9 Mini 60 Plus &#8211; serrure \u00e0 combinaison m\u00e9canique avec surcourse de cl\u00e9"},"content":{"rendered":"<p><span id=\"result_box\" class=\"\" lang=\"fr\"><span title=\"The smallest and most compact cabinet in our range has undergone a complete redesign in order to benefit from the new Flexible Rail System.\">L&rsquo;armoire la plus petite et la plus compacte de notre gamme a subi une refonte compl\u00e8te afin de b\u00e9n\u00e9ficier du nouveau syst\u00e8me de rail flexible. <\/span><span title=\"This cabinet is manufactured from high quality 1.5mm steel and is secured by a mechanical combination lock with a key over-ride.\n\n\">Cette armoire est fabriqu\u00e9e en acier de haute qualit\u00e9 de 1,5 mm et est s\u00e9curis\u00e9e par une serrure \u00e0 combinaison m\u00e9canique avec une cl\u00e9 de s\u00e9curit\u00e9.<\/p>\n<p><\/span><span title=\"Internally the cabinet has been designed to include our new fully adjustable Flexible Rail System to provide an incredible 63 Mk I \/ II tags or 93 Mk III Workshop tags.\n\n\">\u00c0 l&rsquo;int\u00e9rieur, l&rsquo;armoire a \u00e9t\u00e9 con\u00e7ue pour inclure notre nouveau syst\u00e8me de rail flexible enti\u00e8rement r\u00e9glable pour fournir une incroyable \u00e9chelle de 63 Mk I \/ II ou 93 marques d&rsquo;atelier Mk III.<\/p>\n<p><\/span><span title=\"Capacity: 63 Mk I \/ II tags, 93 Mk III Workshop tags or keyless entry fobs.\n\n\u00a0\u00a0\u00a0\u00a0\">Capacit\u00e9: 63 \u00e9tiquettes Mk I \/ II, 93 marques d&rsquo;atelier Mk III ou porte-cl\u00e9s sans cl\u00e9.<\/p>\n<p><\/span><span title=\"New Flexible Rail System - offering increased key capacity at no increased cost.\n\u00a0\u00a0\u00a0\u00a0\">Nouveau syst\u00e8me de rail flexible &#8211; offrant une capacit\u00e9 cl\u00e9 accrue sans co\u00fbt accru.<br \/>\n<\/span><span title=\"Quick and easy capacity adjustments.\n\u00a0\u00a0\u00a0\u00a0\">Ajustements de capacit\u00e9 rapides et faciles.<br \/>\n<\/span><span title=\"Designed to house Mk I \/ II tags, Mk IIII Workshop tags or Keyless Entry cards.\n\u00a0\u00a0\u00a0\u00a0\">Con\u00e7u pour accueillir les tags Mk I \/ II, les tags d&rsquo;atelier Mk IIII ou les cartes Keyless Entry.<br \/>\n<\/span><span title=\"Proven Security with a tried-and-tested cabinet design with mechanical Combination Lock with key over-ride as standard.\n\u00a0\u00a0\u00a0\u00a0\">S\u00e9curit\u00e9 \u00e9prouv\u00e9e avec une conception de meuble \u00e9prouv\u00e9e avec serrure \u00e0 combinaison m\u00e9canique avec surcourse de cl\u00e9 en standard.<br \/>\n<\/span><span title=\"Dimensions: H: 500 mm x W: 430 mm x D: 140 mm.\n\u00a0\u00a0\u00a0\u00a0\">Dimensions: H: 500 mm x L: 430 mm x P: 140 mm.<br \/>\n<\/span><span title=\"Finished in metallic silver.\n\n\">Fini en argent m\u00e9tallique.<\/p>\n<p><\/span><span title=\"Optional 5 and 8 Tag Dispensers.\n\n\">Distributeurs d&rsquo;\u00e9tiquettes 5 et 8 en option.<\/p>\n<p><\/span><span title=\"Please contact our sales team on 0844 225 0155 to enable us to configure your cabinet to suit your requirements.\">Veuillez contacter notre \u00e9quipe commerciale au <\/span><\/span><span id=\"result_box\" class=\"\" lang=\"fr\"><span title=\"Please contact our sales team on 0844 225 0155 to enable us to configure your cabinet to suit your requirements.\">sales@autotag-online.com pour nous permettre de configurer votre armoire en fonction de vos besoins.<\/span><\/span><\/p>\n","protected":false},"excerpt":{"rendered":"<p><span id=\"result_box\" class=\"\" lang=\"fr\"><span class=\"\">Armoire \u00e0 cl\u00e9s de s\u00e9curit\u00e9 Mini 60 Plus avec serrure m\u00e9canique.<\/span><\/span><\/p>\n","protected":false},"featured_media":2916,"comment_status":"closed","ping_status":"closed","template":"","meta":{"_acf_changed":false},"product_brand":[],"product_cat":[421],"product_tag":[],"class_list":{"0":"post-28322","1":"product","2":"type-product","3":"status-publish","4":"has-post-thumbnail","6":"product_cat-armoires-a-cles-de-securite","8":"first","9":"instock","10":"taxable","11":"shipping-taxable","12":"purchasable","13":"product-type-simple"},"exclude_global_add_ons":false,"addons":[],"acf":[],"yoast_head":"<!-- This site is optimized with the Yoast SEO plugin v27.2 - https:\/\/yoast.com\/product\/yoast-seo-wordpress\/ -->\n<title>Petites armoires \u00e0 cl\u00e9s de s\u00e9curit\u00e9 pour les cl\u00e9s et les badges. Autotag - Essentiels et fournitures pour le commerce automobile.<\/title>\n<meta name=\"description\" content=\"Mini 60 Key Cabinet, armoires \u00e0 cl\u00e9s de s\u00e9curit\u00e9 pour garage et showrooms d&#039;Autotag.fr. Armoires \u00e0 cl\u00e9s de petite taille utiles pour le commerce automobile ou les agents immobiliers.\" \/>\n<meta name=\"robots\" content=\"index, follow, max-snippet:-1, max-image-preview:large, max-video-preview:-1\" \/>\n<link rel=\"canonical\" href=\"https:\/\/www.autotag-online.com\/fr\/produit\/armoire-a-cles-de-securite-mini-60-plus-serrure-a-combinaison-mecanique-avec-surcourse-de-cle\/\" \/>\n<meta property=\"og:locale\" content=\"fr_FR\" \/>\n<meta property=\"og:type\" content=\"article\" \/>\n<meta property=\"og:title\" content=\"Petites armoires \u00e0 cl\u00e9s de s\u00e9curit\u00e9 pour les cl\u00e9s et les badges. Autotag - Essentiels et fournitures pour le commerce automobile.\" \/>\n<meta property=\"og:description\" content=\"Mini 60 Key Cabinet, armoires \u00e0 cl\u00e9s de s\u00e9curit\u00e9 pour garage et showrooms d&#039;Autotag.fr. Armoires \u00e0 cl\u00e9s de petite taille utiles pour le commerce automobile ou les agents immobiliers.\" \/>\n<meta property=\"og:url\" content=\"https:\/\/www.autotag-online.com\/fr\/produit\/armoire-a-cles-de-securite-mini-60-plus-serrure-a-combinaison-mecanique-avec-surcourse-de-cle\/\" \/>\n<meta property=\"og:site_name\" content=\"Autotag\" \/>\n<meta name=\"twitter:card\" content=\"summary_large_image\" \/>\n<meta name=\"twitter:label1\" content=\"Dur\u00e9e de lecture estim\u00e9e\" \/>\n\t<meta name=\"twitter:data1\" content=\"1 minute\" \/>\n<script type=\"application\/ld+json\" class=\"yoast-schema-graph\">{\"@context\":\"https:\/\/schema.org\",\"@graph\":[{\"@type\":\"WebPage\",\"@id\":\"https:\/\/www.autotag-online.com\/fr\/produit\/armoire-a-cles-de-securite-mini-60-plus-serrure-a-combinaison-mecanique-avec-surcourse-de-cle\/\",\"url\":\"https:\/\/www.autotag-online.com\/fr\/produit\/armoire-a-cles-de-securite-mini-60-plus-serrure-a-combinaison-mecanique-avec-surcourse-de-cle\/\",\"name\":\"Petites armoires \u00e0 cl\u00e9s de s\u00e9curit\u00e9 pour les cl\u00e9s et les badges. Autotag - Essentiels et fournitures pour le commerce automobile.\",\"isPartOf\":{\"@id\":\"https:\/\/www.autotag-online.com\/fr\/#website\"},\"primaryImageOfPage\":{\"@id\":\"https:\/\/www.autotag-online.com\/fr\/produit\/armoire-a-cles-de-securite-mini-60-plus-serrure-a-combinaison-mecanique-avec-surcourse-de-cle\/#primaryimage\"},\"image\":{\"@id\":\"https:\/\/www.autotag-online.com\/fr\/produit\/armoire-a-cles-de-securite-mini-60-plus-serrure-a-combinaison-mecanique-avec-surcourse-de-cle\/#primaryimage\"},\"thumbnailUrl\":\"https:\/\/www.autotag-online.com\/wp-content\/uploads\/2016\/11\/250-31-Mini-60.jpg\",\"datePublished\":\"2016-12-19T15:46:00+00:00\",\"description\":\"Mini 60 Key Cabinet, armoires \u00e0 cl\u00e9s de s\u00e9curit\u00e9 pour garage et showrooms d'Autotag.fr. Armoires \u00e0 cl\u00e9s de petite taille utiles pour le commerce automobile ou les agents immobiliers.\",\"breadcrumb\":{\"@id\":\"https:\/\/www.autotag-online.com\/fr\/produit\/armoire-a-cles-de-securite-mini-60-plus-serrure-a-combinaison-mecanique-avec-surcourse-de-cle\/#breadcrumb\"},\"inLanguage\":\"fr-FR\",\"potentialAction\":[{\"@type\":\"ReadAction\",\"target\":[\"https:\/\/www.autotag-online.com\/fr\/produit\/armoire-a-cles-de-securite-mini-60-plus-serrure-a-combinaison-mecanique-avec-surcourse-de-cle\/\"]}]},{\"@type\":\"ImageObject\",\"inLanguage\":\"fr-FR\",\"@id\":\"https:\/\/www.autotag-online.com\/fr\/produit\/armoire-a-cles-de-securite-mini-60-plus-serrure-a-combinaison-mecanique-avec-surcourse-de-cle\/#primaryimage\",\"url\":\"https:\/\/www.autotag-online.com\/wp-content\/uploads\/2016\/11\/250-31-Mini-60.jpg\",\"contentUrl\":\"https:\/\/www.autotag-online.com\/wp-content\/uploads\/2016\/11\/250-31-Mini-60.jpg\",\"width\":510,\"height\":408},{\"@type\":\"BreadcrumbList\",\"@id\":\"https:\/\/www.autotag-online.com\/fr\/produit\/armoire-a-cles-de-securite-mini-60-plus-serrure-a-combinaison-mecanique-avec-surcourse-de-cle\/#breadcrumb\",\"itemListElement\":[{\"@type\":\"ListItem\",\"position\":1,\"name\":\"Home\",\"item\":\"https:\/\/www.autotag-online.com\/fr\/\"},{\"@type\":\"ListItem\",\"position\":2,\"name\":\"Boutique\",\"item\":\"https:\/\/www.autotag-online.com\/fr\/boutique\/\"},{\"@type\":\"ListItem\",\"position\":3,\"name\":\"Armoires \u00e0 cl\u00e9s de s\u00e9curit\u00e9\",\"item\":\"https:\/\/www.autotag-online.com\/fr\/categorie-produit\/armoires-a-cles-de-securite\/\"},{\"@type\":\"ListItem\",\"position\":4,\"name\":\"Armoire \u00e0 cl\u00e9s de s\u00e9curit\u00e9 Mini 60 Plus &#8211; serrure \u00e0 combinaison m\u00e9canique avec surcourse de cl\u00e9\"}]},{\"@type\":\"WebSite\",\"@id\":\"https:\/\/www.autotag-online.com\/fr\/#website\",\"url\":\"https:\/\/www.autotag-online.com\/fr\/\",\"name\":\"Autotag\",\"description\":\"Sp\u00e9cialiste de la vente en gros et du commerce de cl\u00e9s et d'accessoires pour le commerce automobile\",\"publisher\":{\"@id\":\"https:\/\/www.autotag-online.com\/fr\/#organization\"},\"potentialAction\":[{\"@type\":\"SearchAction\",\"target\":{\"@type\":\"EntryPoint\",\"urlTemplate\":\"https:\/\/www.autotag-online.com\/fr\/?s={search_term_string}\"},\"query-input\":{\"@type\":\"PropertyValueSpecification\",\"valueRequired\":true,\"valueName\":\"search_term_string\"}}],\"inLanguage\":\"fr-FR\"},{\"@type\":\"Organization\",\"@id\":\"https:\/\/www.autotag-online.com\/fr\/#organization\",\"name\":\"Autotag\",\"url\":\"https:\/\/www.autotag-online.com\/fr\/\",\"logo\":{\"@type\":\"ImageObject\",\"inLanguage\":\"fr-FR\",\"@id\":\"https:\/\/www.autotag-online.com\/fr\/#\/schema\/logo\/image\/\",\"url\":\"https:\/\/www.autotag-online.com\/wp-content\/uploads\/2016\/11\/cropped-logo-2.png\",\"contentUrl\":\"https:\/\/www.autotag-online.com\/wp-content\/uploads\/2016\/11\/cropped-logo-2.png\",\"width\":628,\"height\":110,\"caption\":\"Autotag\"},\"image\":{\"@id\":\"https:\/\/www.autotag-online.com\/fr\/#\/schema\/logo\/image\/\"}}]}<\/script>\n<!-- \/ Yoast SEO plugin. -->","yoast_head_json":{"title":"Petites armoires \u00e0 cl\u00e9s de s\u00e9curit\u00e9 pour les cl\u00e9s et les badges. Autotag - Essentiels et fournitures pour le commerce automobile.","description":"Mini 60 Key Cabinet, armoires \u00e0 cl\u00e9s de s\u00e9curit\u00e9 pour garage et showrooms d'Autotag.fr. Armoires \u00e0 cl\u00e9s de petite taille utiles pour le commerce automobile ou les agents immobiliers.","robots":{"index":"index","follow":"follow","max-snippet":"max-snippet:-1","max-image-preview":"max-image-preview:large","max-video-preview":"max-video-preview:-1"},"canonical":"https:\/\/www.autotag-online.com\/fr\/produit\/armoire-a-cles-de-securite-mini-60-plus-serrure-a-combinaison-mecanique-avec-surcourse-de-cle\/","og_locale":"fr_FR","og_type":"article","og_title":"Petites armoires \u00e0 cl\u00e9s de s\u00e9curit\u00e9 pour les cl\u00e9s et les badges. Autotag - Essentiels et fournitures pour le commerce automobile.","og_description":"Mini 60 Key Cabinet, armoires \u00e0 cl\u00e9s de s\u00e9curit\u00e9 pour garage et showrooms d'Autotag.fr. Armoires \u00e0 cl\u00e9s de petite taille utiles pour le commerce automobile ou les agents immobiliers.","og_url":"https:\/\/www.autotag-online.com\/fr\/produit\/armoire-a-cles-de-securite-mini-60-plus-serrure-a-combinaison-mecanique-avec-surcourse-de-cle\/","og_site_name":"Autotag","twitter_card":"summary_large_image","twitter_misc":{"Dur\u00e9e de lecture estim\u00e9e":"1 minute"},"schema":{"@context":"https:\/\/schema.org","@graph":[{"@type":"WebPage","@id":"https:\/\/www.autotag-online.com\/fr\/produit\/armoire-a-cles-de-securite-mini-60-plus-serrure-a-combinaison-mecanique-avec-surcourse-de-cle\/","url":"https:\/\/www.autotag-online.com\/fr\/produit\/armoire-a-cles-de-securite-mini-60-plus-serrure-a-combinaison-mecanique-avec-surcourse-de-cle\/","name":"Petites armoires \u00e0 cl\u00e9s de s\u00e9curit\u00e9 pour les cl\u00e9s et les badges. Autotag - Essentiels et fournitures pour le commerce automobile.","isPartOf":{"@id":"https:\/\/www.autotag-online.com\/fr\/#website"},"primaryImageOfPage":{"@id":"https:\/\/www.autotag-online.com\/fr\/produit\/armoire-a-cles-de-securite-mini-60-plus-serrure-a-combinaison-mecanique-avec-surcourse-de-cle\/#primaryimage"},"image":{"@id":"https:\/\/www.autotag-online.com\/fr\/produit\/armoire-a-cles-de-securite-mini-60-plus-serrure-a-combinaison-mecanique-avec-surcourse-de-cle\/#primaryimage"},"thumbnailUrl":"https:\/\/www.autotag-online.com\/wp-content\/uploads\/2016\/11\/250-31-Mini-60.jpg","datePublished":"2016-12-19T15:46:00+00:00","description":"Mini 60 Key Cabinet, armoires \u00e0 cl\u00e9s de s\u00e9curit\u00e9 pour garage et showrooms d'Autotag.fr. Armoires \u00e0 cl\u00e9s de petite taille utiles pour le commerce automobile ou les agents immobiliers.","breadcrumb":{"@id":"https:\/\/www.autotag-online.com\/fr\/produit\/armoire-a-cles-de-securite-mini-60-plus-serrure-a-combinaison-mecanique-avec-surcourse-de-cle\/#breadcrumb"},"inLanguage":"fr-FR","potentialAction":[{"@type":"ReadAction","target":["https:\/\/www.autotag-online.com\/fr\/produit\/armoire-a-cles-de-securite-mini-60-plus-serrure-a-combinaison-mecanique-avec-surcourse-de-cle\/"]}]},{"@type":"ImageObject","inLanguage":"fr-FR","@id":"https:\/\/www.autotag-online.com\/fr\/produit\/armoire-a-cles-de-securite-mini-60-plus-serrure-a-combinaison-mecanique-avec-surcourse-de-cle\/#primaryimage","url":"https:\/\/www.autotag-online.com\/wp-content\/uploads\/2016\/11\/250-31-Mini-60.jpg","contentUrl":"https:\/\/www.autotag-online.com\/wp-content\/uploads\/2016\/11\/250-31-Mini-60.jpg","width":510,"height":408},{"@type":"BreadcrumbList","@id":"https:\/\/www.autotag-online.com\/fr\/produit\/armoire-a-cles-de-securite-mini-60-plus-serrure-a-combinaison-mecanique-avec-surcourse-de-cle\/#breadcrumb","itemListElement":[{"@type":"ListItem","position":1,"name":"Home","item":"https:\/\/www.autotag-online.com\/fr\/"},{"@type":"ListItem","position":2,"name":"Boutique","item":"https:\/\/www.autotag-online.com\/fr\/boutique\/"},{"@type":"ListItem","position":3,"name":"Armoires \u00e0 cl\u00e9s de s\u00e9curit\u00e9","item":"https:\/\/www.autotag-online.com\/fr\/categorie-produit\/armoires-a-cles-de-securite\/"},{"@type":"ListItem","position":4,"name":"Armoire \u00e0 cl\u00e9s de s\u00e9curit\u00e9 Mini 60 Plus &#8211; serrure \u00e0 combinaison m\u00e9canique avec surcourse de cl\u00e9"}]},{"@type":"WebSite","@id":"https:\/\/www.autotag-online.com\/fr\/#website","url":"https:\/\/www.autotag-online.com\/fr\/","name":"Autotag","description":"Sp\u00e9cialiste de la vente en gros et du commerce de cl\u00e9s et d'accessoires pour le commerce automobile","publisher":{"@id":"https:\/\/www.autotag-online.com\/fr\/#organization"},"potentialAction":[{"@type":"SearchAction","target":{"@type":"EntryPoint","urlTemplate":"https:\/\/www.autotag-online.com\/fr\/?s={search_term_string}"},"query-input":{"@type":"PropertyValueSpecification","valueRequired":true,"valueName":"search_term_string"}}],"inLanguage":"fr-FR"},{"@type":"Organization","@id":"https:\/\/www.autotag-online.com\/fr\/#organization","name":"Autotag","url":"https:\/\/www.autotag-online.com\/fr\/","logo":{"@type":"ImageObject","inLanguage":"fr-FR","@id":"https:\/\/www.autotag-online.com\/fr\/#\/schema\/logo\/image\/","url":"https:\/\/www.autotag-online.com\/wp-content\/uploads\/2016\/11\/cropped-logo-2.png","contentUrl":"https:\/\/www.autotag-online.com\/wp-content\/uploads\/2016\/11\/cropped-logo-2.png","width":628,"height":110,"caption":"Autotag"},"image":{"@id":"https:\/\/www.autotag-online.com\/fr\/#\/schema\/logo\/image\/"}}]}},"_links":{"self":[{"href":"https:\/\/www.autotag-online.com\/fr\/wp-json\/wp\/v2\/product\/28322","targetHints":{"allow":["GET"]}}],"collection":[{"href":"https:\/\/www.autotag-online.com\/fr\/wp-json\/wp\/v2\/product"}],"about":[{"href":"https:\/\/www.autotag-online.com\/fr\/wp-json\/wp\/v2\/types\/product"}],"replies":[{"embeddable":true,"href":"https:\/\/www.autotag-online.com\/fr\/wp-json\/wp\/v2\/comments?post=28322"}],"wp:featuredmedia":[{"embeddable":true,"href":"https:\/\/www.autotag-online.com\/fr\/wp-json\/wp\/v2\/media\/2916"}],"wp:attachment":[{"href":"https:\/\/www.autotag-online.com\/fr\/wp-json\/wp\/v2\/media?parent=28322"}],"wp:term":[{"taxonomy":"product_brand","embeddable":true,"href":"https:\/\/www.autotag-online.com\/fr\/wp-json\/wp\/v2\/product_brand?post=28322"},{"taxonomy":"product_cat","embeddable":true,"href":"https:\/\/www.autotag-online.com\/fr\/wp-json\/wp\/v2\/product_cat?post=28322"},{"taxonomy":"product_tag","embeddable":true,"href":"https:\/\/www.autotag-online.com\/fr\/wp-json\/wp\/v2\/product_tag?post=28322"}],"curies":[{"name":"wp","href":"https:\/\/api.w.org\/{rel}","templated":true}]}}