{"id":28320,"date":"2016-12-19T16:23:07","date_gmt":"2016-12-19T16:23:07","guid":{"rendered":"https:\/\/www.autotag-online.com\/product\/armoire-a-cles-de-securite-compact-80-plus-serrure-a-combinaison-mecanique-avec-surcourse-a-cle\/"},"modified":"2016-12-19T16:23:07","modified_gmt":"2016-12-19T16:23:07","slug":"armoire-a-cles-de-securite-compact-80-plus-serrure-a-combinaison-mecanique-avec-surcourse-a-cle","status":"publish","type":"product","link":"https:\/\/www.autotag-online.com\/fr\/produit\/armoire-a-cles-de-securite-compact-80-plus-serrure-a-combinaison-mecanique-avec-surcourse-a-cle\/","title":{"rendered":"Armoire \u00e0 cl\u00e9s de s\u00e9curit\u00e9 Compact 80 Plus &#8211; serrure \u00e0 combinaison m\u00e9canique avec surcourse \u00e0 cl\u00e9"},"content":{"rendered":"<div id=\"gt-res-content\">\n<div id=\"gt-res-dir-ctr\" class=\"trans-verified-button-small\" dir=\"ltr\"><span id=\"result_box\" class=\"\" lang=\"fr\"><span class=\"\">Cette armoire populaire est fabriqu\u00e9e \u00e0 partir d&rsquo;un acier de haute qualit\u00e9 de 1,5 mm et est s\u00e9curis\u00e9e par une serrure \u00e0 combinaison m\u00e9canique avec une cl\u00e9 de s\u00e9curit\u00e9.<\/span><\/p>\n<p>\u00c0 l&rsquo;int\u00e9rieur, l&rsquo;armoire a \u00e9t\u00e9 con\u00e7ue pour inclure notre nouveau syst\u00e8me de rails flexibles enti\u00e8rement r\u00e9glable pour fournir des \u00e9tiquettes 84Mk I \/ II ou 124 \u00e9tiquettes d&rsquo;atelier Mk III.<\/p>\n<p>Capacit\u00e9: 84 \u00e9tiquettes Mk I \/ II, 124 marques d&rsquo;atelier Mk III ou porte-cl\u00e9s sans cl\u00e9.<br \/>\nNouveau syst\u00e8me de rail flexible &#8211; offrant une capacit\u00e9 cl\u00e9 accrue sans co\u00fbt accru.<br \/>\nAjustements de capacit\u00e9 rapides et faciles.<br \/>\nCon\u00e7u pour accueillir les tags Mk I \/ II, les tags d&rsquo;atelier Mk IIII ou les cartes Keyless Entry.<br \/>\nS\u00e9curit\u00e9 \u00e9prouv\u00e9e avec une conception de meuble \u00e9prouv\u00e9e avec serrure \u00e0 combinaison m\u00e9canique avec surcourse de cl\u00e9 en standard.<br \/>\nDimensions: H: 500 mm x L: 43o mm x P: 140 mm.<br \/>\nFini en argent m\u00e9tallique.<\/p>\n<p>Veuillez contacter notre \u00e9quipe commerciale au 0844 225 0155 pour nous permettre de configurer votre armoire en fonction de vos besoins.<\/span><\/div>\n<\/div>\n<div id=\"gt-res-tools\">\n<div id=\"gt-res-tools-l\">\n<div id=\"gt-pb-star\"><\/div>\n<\/div>\n<\/div>\n","protected":false},"excerpt":{"rendered":"<p><span id=\"result_box\" class=\"short_text\" lang=\"fr\"><span class=\"\">Armoire \u00e0 cl\u00e9s de s\u00e9curit\u00e9 Compact 80 Plus<\/span><\/span><\/p>\n","protected":false},"featured_media":2920,"comment_status":"closed","ping_status":"closed","template":"","meta":{"_acf_changed":false},"product_brand":[],"product_cat":[421],"product_tag":[],"class_list":{"0":"post-28320","1":"product","2":"type-product","3":"status-publish","4":"has-post-thumbnail","6":"product_cat-armoires-a-cles-de-securite","8":"first","9":"instock","10":"taxable","11":"shipping-taxable","12":"purchasable","13":"product-type-simple"},"exclude_global_add_ons":false,"addons":[],"acf":[],"yoast_head":"<!-- This site is optimized with the Yoast SEO plugin v27.2 - https:\/\/yoast.com\/product\/yoast-seo-wordpress\/ -->\n<title>Armoires \u00e0 cl\u00e9s de s\u00e9curit\u00e9 pour jusqu&#039;\u00e0 80 touches sur autotag.co.uk - pour les professionnels du commerce automobile ou de l&#039;immobilier.<\/title>\n<meta name=\"description\" content=\"Des armoires \u00e0 cl\u00e9s compactes pour jusqu&#039;\u00e0 80 cl\u00e9s d&#039;Autotag.co.uk, sp\u00e9cialistes du commerce automobile.\" \/>\n<meta name=\"robots\" content=\"index, follow, max-snippet:-1, max-image-preview:large, max-video-preview:-1\" \/>\n<link rel=\"canonical\" href=\"https:\/\/www.autotag-online.com\/fr\/produit\/armoire-a-cles-de-securite-compact-80-plus-serrure-a-combinaison-mecanique-avec-surcourse-a-cle\/\" \/>\n<meta property=\"og:locale\" content=\"fr_FR\" \/>\n<meta property=\"og:type\" content=\"article\" \/>\n<meta property=\"og:title\" content=\"Armoires \u00e0 cl\u00e9s de s\u00e9curit\u00e9 pour jusqu&#039;\u00e0 80 touches sur autotag.co.uk - pour les professionnels du commerce automobile ou de l&#039;immobilier.\" \/>\n<meta property=\"og:description\" content=\"Des armoires \u00e0 cl\u00e9s compactes pour jusqu&#039;\u00e0 80 cl\u00e9s d&#039;Autotag.co.uk, sp\u00e9cialistes du commerce automobile.\" \/>\n<meta property=\"og:url\" content=\"https:\/\/www.autotag-online.com\/fr\/produit\/armoire-a-cles-de-securite-compact-80-plus-serrure-a-combinaison-mecanique-avec-surcourse-a-cle\/\" \/>\n<meta property=\"og:site_name\" content=\"Autotag\" \/>\n<meta name=\"twitter:card\" content=\"summary_large_image\" \/>\n<meta name=\"twitter:label1\" content=\"Dur\u00e9e de lecture estim\u00e9e\" \/>\n\t<meta name=\"twitter:data1\" content=\"1 minute\" \/>\n<script type=\"application\/ld+json\" class=\"yoast-schema-graph\">{\"@context\":\"https:\/\/schema.org\",\"@graph\":[{\"@type\":\"WebPage\",\"@id\":\"https:\/\/www.autotag-online.com\/fr\/produit\/armoire-a-cles-de-securite-compact-80-plus-serrure-a-combinaison-mecanique-avec-surcourse-a-cle\/\",\"url\":\"https:\/\/www.autotag-online.com\/fr\/produit\/armoire-a-cles-de-securite-compact-80-plus-serrure-a-combinaison-mecanique-avec-surcourse-a-cle\/\",\"name\":\"Armoires \u00e0 cl\u00e9s de s\u00e9curit\u00e9 pour jusqu'\u00e0 80 touches sur autotag.co.uk - pour les professionnels du commerce automobile ou de l'immobilier.\",\"isPartOf\":{\"@id\":\"https:\/\/www.autotag-online.com\/fr\/#website\"},\"primaryImageOfPage\":{\"@id\":\"https:\/\/www.autotag-online.com\/fr\/produit\/armoire-a-cles-de-securite-compact-80-plus-serrure-a-combinaison-mecanique-avec-surcourse-a-cle\/#primaryimage\"},\"image\":{\"@id\":\"https:\/\/www.autotag-online.com\/fr\/produit\/armoire-a-cles-de-securite-compact-80-plus-serrure-a-combinaison-mecanique-avec-surcourse-a-cle\/#primaryimage\"},\"thumbnailUrl\":\"https:\/\/www.autotag-online.com\/wp-content\/uploads\/2016\/12\/251-31-Compact-80.jpg\",\"datePublished\":\"2016-12-19T16:23:07+00:00\",\"description\":\"Des armoires \u00e0 cl\u00e9s compactes pour jusqu'\u00e0 80 cl\u00e9s d'Autotag.co.uk, sp\u00e9cialistes du commerce automobile.\",\"breadcrumb\":{\"@id\":\"https:\/\/www.autotag-online.com\/fr\/produit\/armoire-a-cles-de-securite-compact-80-plus-serrure-a-combinaison-mecanique-avec-surcourse-a-cle\/#breadcrumb\"},\"inLanguage\":\"fr-FR\",\"potentialAction\":[{\"@type\":\"ReadAction\",\"target\":[\"https:\/\/www.autotag-online.com\/fr\/produit\/armoire-a-cles-de-securite-compact-80-plus-serrure-a-combinaison-mecanique-avec-surcourse-a-cle\/\"]}]},{\"@type\":\"ImageObject\",\"inLanguage\":\"fr-FR\",\"@id\":\"https:\/\/www.autotag-online.com\/fr\/produit\/armoire-a-cles-de-securite-compact-80-plus-serrure-a-combinaison-mecanique-avec-surcourse-a-cle\/#primaryimage\",\"url\":\"https:\/\/www.autotag-online.com\/wp-content\/uploads\/2016\/12\/251-31-Compact-80.jpg\",\"contentUrl\":\"https:\/\/www.autotag-online.com\/wp-content\/uploads\/2016\/12\/251-31-Compact-80.jpg\",\"width\":510,\"height\":408},{\"@type\":\"BreadcrumbList\",\"@id\":\"https:\/\/www.autotag-online.com\/fr\/produit\/armoire-a-cles-de-securite-compact-80-plus-serrure-a-combinaison-mecanique-avec-surcourse-a-cle\/#breadcrumb\",\"itemListElement\":[{\"@type\":\"ListItem\",\"position\":1,\"name\":\"Home\",\"item\":\"https:\/\/www.autotag-online.com\/fr\/\"},{\"@type\":\"ListItem\",\"position\":2,\"name\":\"Boutique\",\"item\":\"https:\/\/www.autotag-online.com\/fr\/boutique\/\"},{\"@type\":\"ListItem\",\"position\":3,\"name\":\"Armoires \u00e0 cl\u00e9s de s\u00e9curit\u00e9\",\"item\":\"https:\/\/www.autotag-online.com\/fr\/categorie-produit\/armoires-a-cles-de-securite\/\"},{\"@type\":\"ListItem\",\"position\":4,\"name\":\"Armoire \u00e0 cl\u00e9s de s\u00e9curit\u00e9 Compact 80 Plus &#8211; serrure \u00e0 combinaison m\u00e9canique avec surcourse \u00e0 cl\u00e9\"}]},{\"@type\":\"WebSite\",\"@id\":\"https:\/\/www.autotag-online.com\/fr\/#website\",\"url\":\"https:\/\/www.autotag-online.com\/fr\/\",\"name\":\"Autotag\",\"description\":\"Sp\u00e9cialiste de la vente en gros et du commerce de cl\u00e9s et d'accessoires pour le commerce automobile\",\"publisher\":{\"@id\":\"https:\/\/www.autotag-online.com\/fr\/#organization\"},\"potentialAction\":[{\"@type\":\"SearchAction\",\"target\":{\"@type\":\"EntryPoint\",\"urlTemplate\":\"https:\/\/www.autotag-online.com\/fr\/?s={search_term_string}\"},\"query-input\":{\"@type\":\"PropertyValueSpecification\",\"valueRequired\":true,\"valueName\":\"search_term_string\"}}],\"inLanguage\":\"fr-FR\"},{\"@type\":\"Organization\",\"@id\":\"https:\/\/www.autotag-online.com\/fr\/#organization\",\"name\":\"Autotag\",\"url\":\"https:\/\/www.autotag-online.com\/fr\/\",\"logo\":{\"@type\":\"ImageObject\",\"inLanguage\":\"fr-FR\",\"@id\":\"https:\/\/www.autotag-online.com\/fr\/#\/schema\/logo\/image\/\",\"url\":\"https:\/\/www.autotag-online.com\/wp-content\/uploads\/2016\/11\/cropped-logo-2.png\",\"contentUrl\":\"https:\/\/www.autotag-online.com\/wp-content\/uploads\/2016\/11\/cropped-logo-2.png\",\"width\":628,\"height\":110,\"caption\":\"Autotag\"},\"image\":{\"@id\":\"https:\/\/www.autotag-online.com\/fr\/#\/schema\/logo\/image\/\"}}]}<\/script>\n<!-- \/ Yoast SEO plugin. -->","yoast_head_json":{"title":"Armoires \u00e0 cl\u00e9s de s\u00e9curit\u00e9 pour jusqu'\u00e0 80 touches sur autotag.co.uk - pour les professionnels du commerce automobile ou de l'immobilier.","description":"Des armoires \u00e0 cl\u00e9s compactes pour jusqu'\u00e0 80 cl\u00e9s d'Autotag.co.uk, sp\u00e9cialistes du commerce automobile.","robots":{"index":"index","follow":"follow","max-snippet":"max-snippet:-1","max-image-preview":"max-image-preview:large","max-video-preview":"max-video-preview:-1"},"canonical":"https:\/\/www.autotag-online.com\/fr\/produit\/armoire-a-cles-de-securite-compact-80-plus-serrure-a-combinaison-mecanique-avec-surcourse-a-cle\/","og_locale":"fr_FR","og_type":"article","og_title":"Armoires \u00e0 cl\u00e9s de s\u00e9curit\u00e9 pour jusqu'\u00e0 80 touches sur autotag.co.uk - pour les professionnels du commerce automobile ou de l'immobilier.","og_description":"Des armoires \u00e0 cl\u00e9s compactes pour jusqu'\u00e0 80 cl\u00e9s d'Autotag.co.uk, sp\u00e9cialistes du commerce automobile.","og_url":"https:\/\/www.autotag-online.com\/fr\/produit\/armoire-a-cles-de-securite-compact-80-plus-serrure-a-combinaison-mecanique-avec-surcourse-a-cle\/","og_site_name":"Autotag","twitter_card":"summary_large_image","twitter_misc":{"Dur\u00e9e de lecture estim\u00e9e":"1 minute"},"schema":{"@context":"https:\/\/schema.org","@graph":[{"@type":"WebPage","@id":"https:\/\/www.autotag-online.com\/fr\/produit\/armoire-a-cles-de-securite-compact-80-plus-serrure-a-combinaison-mecanique-avec-surcourse-a-cle\/","url":"https:\/\/www.autotag-online.com\/fr\/produit\/armoire-a-cles-de-securite-compact-80-plus-serrure-a-combinaison-mecanique-avec-surcourse-a-cle\/","name":"Armoires \u00e0 cl\u00e9s de s\u00e9curit\u00e9 pour jusqu'\u00e0 80 touches sur autotag.co.uk - pour les professionnels du commerce automobile ou de l'immobilier.","isPartOf":{"@id":"https:\/\/www.autotag-online.com\/fr\/#website"},"primaryImageOfPage":{"@id":"https:\/\/www.autotag-online.com\/fr\/produit\/armoire-a-cles-de-securite-compact-80-plus-serrure-a-combinaison-mecanique-avec-surcourse-a-cle\/#primaryimage"},"image":{"@id":"https:\/\/www.autotag-online.com\/fr\/produit\/armoire-a-cles-de-securite-compact-80-plus-serrure-a-combinaison-mecanique-avec-surcourse-a-cle\/#primaryimage"},"thumbnailUrl":"https:\/\/www.autotag-online.com\/wp-content\/uploads\/2016\/12\/251-31-Compact-80.jpg","datePublished":"2016-12-19T16:23:07+00:00","description":"Des armoires \u00e0 cl\u00e9s compactes pour jusqu'\u00e0 80 cl\u00e9s d'Autotag.co.uk, sp\u00e9cialistes du commerce automobile.","breadcrumb":{"@id":"https:\/\/www.autotag-online.com\/fr\/produit\/armoire-a-cles-de-securite-compact-80-plus-serrure-a-combinaison-mecanique-avec-surcourse-a-cle\/#breadcrumb"},"inLanguage":"fr-FR","potentialAction":[{"@type":"ReadAction","target":["https:\/\/www.autotag-online.com\/fr\/produit\/armoire-a-cles-de-securite-compact-80-plus-serrure-a-combinaison-mecanique-avec-surcourse-a-cle\/"]}]},{"@type":"ImageObject","inLanguage":"fr-FR","@id":"https:\/\/www.autotag-online.com\/fr\/produit\/armoire-a-cles-de-securite-compact-80-plus-serrure-a-combinaison-mecanique-avec-surcourse-a-cle\/#primaryimage","url":"https:\/\/www.autotag-online.com\/wp-content\/uploads\/2016\/12\/251-31-Compact-80.jpg","contentUrl":"https:\/\/www.autotag-online.com\/wp-content\/uploads\/2016\/12\/251-31-Compact-80.jpg","width":510,"height":408},{"@type":"BreadcrumbList","@id":"https:\/\/www.autotag-online.com\/fr\/produit\/armoire-a-cles-de-securite-compact-80-plus-serrure-a-combinaison-mecanique-avec-surcourse-a-cle\/#breadcrumb","itemListElement":[{"@type":"ListItem","position":1,"name":"Home","item":"https:\/\/www.autotag-online.com\/fr\/"},{"@type":"ListItem","position":2,"name":"Boutique","item":"https:\/\/www.autotag-online.com\/fr\/boutique\/"},{"@type":"ListItem","position":3,"name":"Armoires \u00e0 cl\u00e9s de s\u00e9curit\u00e9","item":"https:\/\/www.autotag-online.com\/fr\/categorie-produit\/armoires-a-cles-de-securite\/"},{"@type":"ListItem","position":4,"name":"Armoire \u00e0 cl\u00e9s de s\u00e9curit\u00e9 Compact 80 Plus &#8211; serrure \u00e0 combinaison m\u00e9canique avec surcourse \u00e0 cl\u00e9"}]},{"@type":"WebSite","@id":"https:\/\/www.autotag-online.com\/fr\/#website","url":"https:\/\/www.autotag-online.com\/fr\/","name":"Autotag","description":"Sp\u00e9cialiste de la vente en gros et du commerce de cl\u00e9s et d'accessoires pour le commerce automobile","publisher":{"@id":"https:\/\/www.autotag-online.com\/fr\/#organization"},"potentialAction":[{"@type":"SearchAction","target":{"@type":"EntryPoint","urlTemplate":"https:\/\/www.autotag-online.com\/fr\/?s={search_term_string}"},"query-input":{"@type":"PropertyValueSpecification","valueRequired":true,"valueName":"search_term_string"}}],"inLanguage":"fr-FR"},{"@type":"Organization","@id":"https:\/\/www.autotag-online.com\/fr\/#organization","name":"Autotag","url":"https:\/\/www.autotag-online.com\/fr\/","logo":{"@type":"ImageObject","inLanguage":"fr-FR","@id":"https:\/\/www.autotag-online.com\/fr\/#\/schema\/logo\/image\/","url":"https:\/\/www.autotag-online.com\/wp-content\/uploads\/2016\/11\/cropped-logo-2.png","contentUrl":"https:\/\/www.autotag-online.com\/wp-content\/uploads\/2016\/11\/cropped-logo-2.png","width":628,"height":110,"caption":"Autotag"},"image":{"@id":"https:\/\/www.autotag-online.com\/fr\/#\/schema\/logo\/image\/"}}]}},"_links":{"self":[{"href":"https:\/\/www.autotag-online.com\/fr\/wp-json\/wp\/v2\/product\/28320","targetHints":{"allow":["GET"]}}],"collection":[{"href":"https:\/\/www.autotag-online.com\/fr\/wp-json\/wp\/v2\/product"}],"about":[{"href":"https:\/\/www.autotag-online.com\/fr\/wp-json\/wp\/v2\/types\/product"}],"replies":[{"embeddable":true,"href":"https:\/\/www.autotag-online.com\/fr\/wp-json\/wp\/v2\/comments?post=28320"}],"wp:featuredmedia":[{"embeddable":true,"href":"https:\/\/www.autotag-online.com\/fr\/wp-json\/wp\/v2\/media\/2920"}],"wp:attachment":[{"href":"https:\/\/www.autotag-online.com\/fr\/wp-json\/wp\/v2\/media?parent=28320"}],"wp:term":[{"taxonomy":"product_brand","embeddable":true,"href":"https:\/\/www.autotag-online.com\/fr\/wp-json\/wp\/v2\/product_brand?post=28320"},{"taxonomy":"product_cat","embeddable":true,"href":"https:\/\/www.autotag-online.com\/fr\/wp-json\/wp\/v2\/product_cat?post=28320"},{"taxonomy":"product_tag","embeddable":true,"href":"https:\/\/www.autotag-online.com\/fr\/wp-json\/wp\/v2\/product_tag?post=28320"}],"curies":[{"name":"wp","href":"https:\/\/api.w.org\/{rel}","templated":true}]}}