{"id":28317,"date":"2016-12-19T17:06:44","date_gmt":"2016-12-19T17:06:44","guid":{"rendered":"https:\/\/www.autotag-online.com\/product\/armoire-a-cles-de-securite-mid-range-100-plus\/"},"modified":"2016-12-19T17:06:44","modified_gmt":"2016-12-19T17:06:44","slug":"armoire-a-cles-de-securite-mid-range-100-plus","status":"publish","type":"product","link":"https:\/\/www.autotag-online.com\/fr\/produit\/armoire-a-cles-de-securite-mid-range-100-plus\/","title":{"rendered":"Armoire \u00e0 cl\u00e9s de s\u00e9curit\u00e9 Mid Range 100 Plus"},"content":{"rendered":"<p><span id=\"result_box\" class=\"\" lang=\"fr\"><span title=\"Our best-selling cabinet remains the same externally - still being manufactured from high quality 1.5mm steel and using the same dependable mechanical combination lock.\n\n\">Notre armoire la plus vendue reste la m\u00eame \u00e0 l&rsquo;ext\u00e9rieur &#8211; elle est toujours fabriqu\u00e9e en acier haute qualit\u00e9 de 1,5 mm et utilise la m\u00eame serrure \u00e0 combinaison m\u00e9canique fiable.<\/p>\n<p><\/span><span title=\"Internally the cabinet has been totally redesigned to allow an increased capacity by having up to 10 of our new fully adjustable Flexible Rail System rails - increasing the cabinet's maximum capacity from 67 to a fantastic 103 Mk I \/ II tags or 151 Mk III Workshop tags.\n\n\u00a0\u00a0\u00a0\u00a0\">En interne, l&rsquo;armoire a \u00e9t\u00e9 enti\u00e8rement repens\u00e9e pour permettre une capacit\u00e9 accrue en utilisant jusqu&rsquo;\u00e0 10 de nos nouveaux rails de syst\u00e8me de rails flexibles enti\u00e8rement ajustables &#8211; augmentant la capacit\u00e9 maximale de l&rsquo;armoire de 67 \u00e0 103 fantastiques I \/ II ou 151 \u00e9tiquettes d&rsquo;atelier MK III.<\/p>\n<p><\/span><span title=\"Capacity: 103 Mk I \/ II tags, 151 Mk III Workshop tags or keyless entry fobs\n\u00a0\u00a0\u00a0\u00a0\">Capacit\u00e9: 103 \u00e9tiquettes Mk I \/ II, 151 Mk III Etiquettes d&rsquo;atelier ou porte-cl\u00e9s sans cl\u00e9<br \/>\n<\/span><span title=\"New Flexible Rail System - offering increased key capacity at no increased cost.\n\u00a0\u00a0\u00a0\u00a0\">Nouveau syst\u00e8me de rail flexible &#8211; offrant une capacit\u00e9 cl\u00e9 accrue sans co\u00fbt accru.<br \/>\n<\/span><span title=\"Quick and easy capacity adjustments.\n\u00a0\u00a0\u00a0\u00a0\">Ajustements de capacit\u00e9 rapides et faciles.<br \/>\n<\/span><span title=\"Designed to house Mk I \/ II tags, Mk IIII Workshop tags or Keyless Entry cards.\n\u00a0\u00a0\u00a0\u00a0\">Con\u00e7u pour accueillir les tags Mk I \/ II, les tags d&rsquo;atelier Mk IIII ou les cartes Keyless Entry.<br \/>\n<\/span><span title=\"Proven Security with a tried-and-tested cabinet design with mechanical Combination Lock as standard.\n\u00a0\u00a0\u00a0\u00a0\">S\u00e9curit\u00e9 \u00e9prouv\u00e9e avec une conception de meuble \u00e9prouv\u00e9e avec serrure \u00e0 combinaison m\u00e9canique en standard.<br \/>\n<\/span><span title=\"Dimensions: H: 720 mm x W: 430 mm x D: 200 mm.\n\u00a0\u00a0\u00a0\u00a0\">Dimensions: H: 720 mm x L: 430 mm x P: 200 mm.<br \/>\n<\/span><span title=\"Finished in metallic silver.\n\n\">Fini en argent m\u00e9tallique.<\/p>\n<p><\/span><span title=\"Please contact our sales team on 0844 225 0155 to enable us to configure your cabinet to suit your requirements.\">Veuillez contacter notre \u00e9quipe commerciale au sales@autotag-online.com pour nous permettre de configurer votre armoire en fonction de vos besoins.<\/span><\/span><\/p>\n","protected":false},"excerpt":{"rendered":"<p><span id=\"result_box\" class=\"short_text\" lang=\"fr\"><span class=\"\">Armoire \u00e0 cl\u00e9s de s\u00e9curit\u00e9 milieu de gamme 100 Plus<\/span><\/span><\/p>\n","protected":false},"featured_media":2912,"comment_status":"closed","ping_status":"closed","template":"","meta":{"_acf_changed":false},"product_brand":[],"product_cat":[421],"product_tag":[],"class_list":{"0":"post-28317","1":"product","2":"type-product","3":"status-publish","4":"has-post-thumbnail","6":"product_cat-armoires-a-cles-de-securite","8":"first","9":"instock","10":"taxable","11":"shipping-taxable","12":"purchasable","13":"product-type-simple"},"exclude_global_add_ons":false,"addons":[],"acf":[],"yoast_head":"<!-- This site is optimized with the Yoast SEO plugin v27.2 - https:\/\/yoast.com\/product\/yoast-seo-wordpress\/ -->\n<title>Armoires \u00e0 cl\u00e9s avec capacit\u00e9 flexible pour plus de 100 badges. Autotag UK<\/title>\n<meta name=\"description\" content=\"Armoires \u00e0 cl\u00e9s avec une capacit\u00e9 de plus de 100 badges. 103 \u00e9tiquettes de cl\u00e9 ou 151 \u00e9tiquettes de cl\u00e9 d&#039;atelier. Armoires \u00e0 cl\u00e9s de taille moyenne utiles pour le commerce automobile ou les agents immobiliers.\" \/>\n<meta name=\"robots\" content=\"index, follow, max-snippet:-1, max-image-preview:large, max-video-preview:-1\" \/>\n<link rel=\"canonical\" href=\"https:\/\/www.autotag-online.com\/fr\/produit\/armoire-a-cles-de-securite-mid-range-100-plus\/\" \/>\n<meta property=\"og:locale\" content=\"fr_FR\" \/>\n<meta property=\"og:type\" content=\"article\" \/>\n<meta property=\"og:title\" content=\"Armoires \u00e0 cl\u00e9s avec capacit\u00e9 flexible pour plus de 100 badges. Autotag UK\" \/>\n<meta property=\"og:description\" content=\"Armoires \u00e0 cl\u00e9s avec une capacit\u00e9 de plus de 100 badges. 103 \u00e9tiquettes de cl\u00e9 ou 151 \u00e9tiquettes de cl\u00e9 d&#039;atelier. Armoires \u00e0 cl\u00e9s de taille moyenne utiles pour le commerce automobile ou les agents immobiliers.\" \/>\n<meta property=\"og:url\" content=\"https:\/\/www.autotag-online.com\/fr\/produit\/armoire-a-cles-de-securite-mid-range-100-plus\/\" \/>\n<meta property=\"og:site_name\" content=\"Autotag\" \/>\n<meta name=\"twitter:card\" content=\"summary_large_image\" \/>\n<meta name=\"twitter:label1\" content=\"Dur\u00e9e de lecture estim\u00e9e\" \/>\n\t<meta name=\"twitter:data1\" content=\"1 minute\" \/>\n<script type=\"application\/ld+json\" class=\"yoast-schema-graph\">{\"@context\":\"https:\/\/schema.org\",\"@graph\":[{\"@type\":\"WebPage\",\"@id\":\"https:\/\/www.autotag-online.com\/fr\/produit\/armoire-a-cles-de-securite-mid-range-100-plus\/\",\"url\":\"https:\/\/www.autotag-online.com\/fr\/produit\/armoire-a-cles-de-securite-mid-range-100-plus\/\",\"name\":\"Armoires \u00e0 cl\u00e9s avec capacit\u00e9 flexible pour plus de 100 badges. Autotag UK\",\"isPartOf\":{\"@id\":\"https:\/\/www.autotag-online.com\/fr\/#website\"},\"primaryImageOfPage\":{\"@id\":\"https:\/\/www.autotag-online.com\/fr\/produit\/armoire-a-cles-de-securite-mid-range-100-plus\/#primaryimage\"},\"image\":{\"@id\":\"https:\/\/www.autotag-online.com\/fr\/produit\/armoire-a-cles-de-securite-mid-range-100-plus\/#primaryimage\"},\"thumbnailUrl\":\"https:\/\/www.autotag-online.com\/wp-content\/uploads\/2016\/12\/252-31-Executive-100.jpg\",\"datePublished\":\"2016-12-19T17:06:44+00:00\",\"description\":\"Armoires \u00e0 cl\u00e9s avec une capacit\u00e9 de plus de 100 badges. 103 \u00e9tiquettes de cl\u00e9 ou 151 \u00e9tiquettes de cl\u00e9 d'atelier. Armoires \u00e0 cl\u00e9s de taille moyenne utiles pour le commerce automobile ou les agents immobiliers.\",\"breadcrumb\":{\"@id\":\"https:\/\/www.autotag-online.com\/fr\/produit\/armoire-a-cles-de-securite-mid-range-100-plus\/#breadcrumb\"},\"inLanguage\":\"fr-FR\",\"potentialAction\":[{\"@type\":\"ReadAction\",\"target\":[\"https:\/\/www.autotag-online.com\/fr\/produit\/armoire-a-cles-de-securite-mid-range-100-plus\/\"]}]},{\"@type\":\"ImageObject\",\"inLanguage\":\"fr-FR\",\"@id\":\"https:\/\/www.autotag-online.com\/fr\/produit\/armoire-a-cles-de-securite-mid-range-100-plus\/#primaryimage\",\"url\":\"https:\/\/www.autotag-online.com\/wp-content\/uploads\/2016\/12\/252-31-Executive-100.jpg\",\"contentUrl\":\"https:\/\/www.autotag-online.com\/wp-content\/uploads\/2016\/12\/252-31-Executive-100.jpg\",\"width\":510,\"height\":408},{\"@type\":\"BreadcrumbList\",\"@id\":\"https:\/\/www.autotag-online.com\/fr\/produit\/armoire-a-cles-de-securite-mid-range-100-plus\/#breadcrumb\",\"itemListElement\":[{\"@type\":\"ListItem\",\"position\":1,\"name\":\"Home\",\"item\":\"https:\/\/www.autotag-online.com\/fr\/\"},{\"@type\":\"ListItem\",\"position\":2,\"name\":\"Boutique\",\"item\":\"https:\/\/www.autotag-online.com\/fr\/boutique\/\"},{\"@type\":\"ListItem\",\"position\":3,\"name\":\"Armoires \u00e0 cl\u00e9s de s\u00e9curit\u00e9\",\"item\":\"https:\/\/www.autotag-online.com\/fr\/categorie-produit\/armoires-a-cles-de-securite\/\"},{\"@type\":\"ListItem\",\"position\":4,\"name\":\"Armoire \u00e0 cl\u00e9s de s\u00e9curit\u00e9 Mid Range 100 Plus\"}]},{\"@type\":\"WebSite\",\"@id\":\"https:\/\/www.autotag-online.com\/fr\/#website\",\"url\":\"https:\/\/www.autotag-online.com\/fr\/\",\"name\":\"Autotag\",\"description\":\"Sp\u00e9cialiste de la vente en gros et du commerce de cl\u00e9s et d'accessoires pour le commerce automobile\",\"publisher\":{\"@id\":\"https:\/\/www.autotag-online.com\/fr\/#organization\"},\"potentialAction\":[{\"@type\":\"SearchAction\",\"target\":{\"@type\":\"EntryPoint\",\"urlTemplate\":\"https:\/\/www.autotag-online.com\/fr\/?s={search_term_string}\"},\"query-input\":{\"@type\":\"PropertyValueSpecification\",\"valueRequired\":true,\"valueName\":\"search_term_string\"}}],\"inLanguage\":\"fr-FR\"},{\"@type\":\"Organization\",\"@id\":\"https:\/\/www.autotag-online.com\/fr\/#organization\",\"name\":\"Autotag\",\"url\":\"https:\/\/www.autotag-online.com\/fr\/\",\"logo\":{\"@type\":\"ImageObject\",\"inLanguage\":\"fr-FR\",\"@id\":\"https:\/\/www.autotag-online.com\/fr\/#\/schema\/logo\/image\/\",\"url\":\"https:\/\/www.autotag-online.com\/wp-content\/uploads\/2016\/11\/cropped-logo-2.png\",\"contentUrl\":\"https:\/\/www.autotag-online.com\/wp-content\/uploads\/2016\/11\/cropped-logo-2.png\",\"width\":628,\"height\":110,\"caption\":\"Autotag\"},\"image\":{\"@id\":\"https:\/\/www.autotag-online.com\/fr\/#\/schema\/logo\/image\/\"}}]}<\/script>\n<!-- \/ Yoast SEO plugin. -->","yoast_head_json":{"title":"Armoires \u00e0 cl\u00e9s avec capacit\u00e9 flexible pour plus de 100 badges. Autotag UK","description":"Armoires \u00e0 cl\u00e9s avec une capacit\u00e9 de plus de 100 badges. 103 \u00e9tiquettes de cl\u00e9 ou 151 \u00e9tiquettes de cl\u00e9 d'atelier. Armoires \u00e0 cl\u00e9s de taille moyenne utiles pour le commerce automobile ou les agents immobiliers.","robots":{"index":"index","follow":"follow","max-snippet":"max-snippet:-1","max-image-preview":"max-image-preview:large","max-video-preview":"max-video-preview:-1"},"canonical":"https:\/\/www.autotag-online.com\/fr\/produit\/armoire-a-cles-de-securite-mid-range-100-plus\/","og_locale":"fr_FR","og_type":"article","og_title":"Armoires \u00e0 cl\u00e9s avec capacit\u00e9 flexible pour plus de 100 badges. Autotag UK","og_description":"Armoires \u00e0 cl\u00e9s avec une capacit\u00e9 de plus de 100 badges. 103 \u00e9tiquettes de cl\u00e9 ou 151 \u00e9tiquettes de cl\u00e9 d'atelier. Armoires \u00e0 cl\u00e9s de taille moyenne utiles pour le commerce automobile ou les agents immobiliers.","og_url":"https:\/\/www.autotag-online.com\/fr\/produit\/armoire-a-cles-de-securite-mid-range-100-plus\/","og_site_name":"Autotag","twitter_card":"summary_large_image","twitter_misc":{"Dur\u00e9e de lecture estim\u00e9e":"1 minute"},"schema":{"@context":"https:\/\/schema.org","@graph":[{"@type":"WebPage","@id":"https:\/\/www.autotag-online.com\/fr\/produit\/armoire-a-cles-de-securite-mid-range-100-plus\/","url":"https:\/\/www.autotag-online.com\/fr\/produit\/armoire-a-cles-de-securite-mid-range-100-plus\/","name":"Armoires \u00e0 cl\u00e9s avec capacit\u00e9 flexible pour plus de 100 badges. Autotag UK","isPartOf":{"@id":"https:\/\/www.autotag-online.com\/fr\/#website"},"primaryImageOfPage":{"@id":"https:\/\/www.autotag-online.com\/fr\/produit\/armoire-a-cles-de-securite-mid-range-100-plus\/#primaryimage"},"image":{"@id":"https:\/\/www.autotag-online.com\/fr\/produit\/armoire-a-cles-de-securite-mid-range-100-plus\/#primaryimage"},"thumbnailUrl":"https:\/\/www.autotag-online.com\/wp-content\/uploads\/2016\/12\/252-31-Executive-100.jpg","datePublished":"2016-12-19T17:06:44+00:00","description":"Armoires \u00e0 cl\u00e9s avec une capacit\u00e9 de plus de 100 badges. 103 \u00e9tiquettes de cl\u00e9 ou 151 \u00e9tiquettes de cl\u00e9 d'atelier. Armoires \u00e0 cl\u00e9s de taille moyenne utiles pour le commerce automobile ou les agents immobiliers.","breadcrumb":{"@id":"https:\/\/www.autotag-online.com\/fr\/produit\/armoire-a-cles-de-securite-mid-range-100-plus\/#breadcrumb"},"inLanguage":"fr-FR","potentialAction":[{"@type":"ReadAction","target":["https:\/\/www.autotag-online.com\/fr\/produit\/armoire-a-cles-de-securite-mid-range-100-plus\/"]}]},{"@type":"ImageObject","inLanguage":"fr-FR","@id":"https:\/\/www.autotag-online.com\/fr\/produit\/armoire-a-cles-de-securite-mid-range-100-plus\/#primaryimage","url":"https:\/\/www.autotag-online.com\/wp-content\/uploads\/2016\/12\/252-31-Executive-100.jpg","contentUrl":"https:\/\/www.autotag-online.com\/wp-content\/uploads\/2016\/12\/252-31-Executive-100.jpg","width":510,"height":408},{"@type":"BreadcrumbList","@id":"https:\/\/www.autotag-online.com\/fr\/produit\/armoire-a-cles-de-securite-mid-range-100-plus\/#breadcrumb","itemListElement":[{"@type":"ListItem","position":1,"name":"Home","item":"https:\/\/www.autotag-online.com\/fr\/"},{"@type":"ListItem","position":2,"name":"Boutique","item":"https:\/\/www.autotag-online.com\/fr\/boutique\/"},{"@type":"ListItem","position":3,"name":"Armoires \u00e0 cl\u00e9s de s\u00e9curit\u00e9","item":"https:\/\/www.autotag-online.com\/fr\/categorie-produit\/armoires-a-cles-de-securite\/"},{"@type":"ListItem","position":4,"name":"Armoire \u00e0 cl\u00e9s de s\u00e9curit\u00e9 Mid Range 100 Plus"}]},{"@type":"WebSite","@id":"https:\/\/www.autotag-online.com\/fr\/#website","url":"https:\/\/www.autotag-online.com\/fr\/","name":"Autotag","description":"Sp\u00e9cialiste de la vente en gros et du commerce de cl\u00e9s et d'accessoires pour le commerce automobile","publisher":{"@id":"https:\/\/www.autotag-online.com\/fr\/#organization"},"potentialAction":[{"@type":"SearchAction","target":{"@type":"EntryPoint","urlTemplate":"https:\/\/www.autotag-online.com\/fr\/?s={search_term_string}"},"query-input":{"@type":"PropertyValueSpecification","valueRequired":true,"valueName":"search_term_string"}}],"inLanguage":"fr-FR"},{"@type":"Organization","@id":"https:\/\/www.autotag-online.com\/fr\/#organization","name":"Autotag","url":"https:\/\/www.autotag-online.com\/fr\/","logo":{"@type":"ImageObject","inLanguage":"fr-FR","@id":"https:\/\/www.autotag-online.com\/fr\/#\/schema\/logo\/image\/","url":"https:\/\/www.autotag-online.com\/wp-content\/uploads\/2016\/11\/cropped-logo-2.png","contentUrl":"https:\/\/www.autotag-online.com\/wp-content\/uploads\/2016\/11\/cropped-logo-2.png","width":628,"height":110,"caption":"Autotag"},"image":{"@id":"https:\/\/www.autotag-online.com\/fr\/#\/schema\/logo\/image\/"}}]}},"_links":{"self":[{"href":"https:\/\/www.autotag-online.com\/fr\/wp-json\/wp\/v2\/product\/28317","targetHints":{"allow":["GET"]}}],"collection":[{"href":"https:\/\/www.autotag-online.com\/fr\/wp-json\/wp\/v2\/product"}],"about":[{"href":"https:\/\/www.autotag-online.com\/fr\/wp-json\/wp\/v2\/types\/product"}],"replies":[{"embeddable":true,"href":"https:\/\/www.autotag-online.com\/fr\/wp-json\/wp\/v2\/comments?post=28317"}],"wp:featuredmedia":[{"embeddable":true,"href":"https:\/\/www.autotag-online.com\/fr\/wp-json\/wp\/v2\/media\/2912"}],"wp:attachment":[{"href":"https:\/\/www.autotag-online.com\/fr\/wp-json\/wp\/v2\/media?parent=28317"}],"wp:term":[{"taxonomy":"product_brand","embeddable":true,"href":"https:\/\/www.autotag-online.com\/fr\/wp-json\/wp\/v2\/product_brand?post=28317"},{"taxonomy":"product_cat","embeddable":true,"href":"https:\/\/www.autotag-online.com\/fr\/wp-json\/wp\/v2\/product_cat?post=28317"},{"taxonomy":"product_tag","embeddable":true,"href":"https:\/\/www.autotag-online.com\/fr\/wp-json\/wp\/v2\/product_tag?post=28317"}],"curies":[{"name":"wp","href":"https:\/\/api.w.org\/{rel}","templated":true}]}}