{"id":28315,"date":"2016-12-19T17:52:06","date_gmt":"2016-12-19T17:52:06","guid":{"rendered":"https:\/\/www.autotag-online.com\/product\/armoire-a-cles-de-securite-executive-200-plus\/"},"modified":"2016-12-19T17:52:06","modified_gmt":"2016-12-19T17:52:06","slug":"armoire-a-cles-de-securite-executive-200-plus","status":"publish","type":"product","link":"https:\/\/www.autotag-online.com\/fr\/produit\/armoire-a-cles-de-securite-executive-200-plus\/","title":{"rendered":"Armoire \u00e0 cl\u00e9s de s\u00e9curit\u00e9 Executive 200 Plus"},"content":{"rendered":"<div id=\"gt-appbar\">\n<div id=\"gt-apb-c\">\n<div id=\"gt-apb-main\"><a id=\"gt-appname\" href=\"https:\/\/translate.google.com\/\">Translate<\/a><span id=\"ft-l\"><a id=\"gt-otf-switch\" class=\"gt-otf-switch-with-pb\" href=\"https:\/\/translate.google.com\/?hl=en&amp;eotf=0&amp;sl=en&amp;tl=fr\">Turn off instant translation<\/a><\/span><\/p>\n<div id=\"gt-pb-sw1\"><\/div>\n<\/div>\n<\/div>\n<\/div>\n<div id=\"gt-main\">\n<div id=\"gt-text-c\">\n<div id=\"gt-langs\">\n<div id=\"gt-lang-left\" class=\"goog-inline-block\">\n<div id=\"gt-lang-src\">\n<div id=\"gt-sl-sugg\" class=\"gt-lang-sugg-message goog-inline-block je\">\n<div class=\"sl-sugg-button-container\"><\/div>\n<\/div>\n<\/div>\n<\/div>\n<\/div>\n<\/div>\n<\/div>\n<div id=\"gt-lang-tgt\">\n<div id=\"gt-tl-sugg\" class=\"gt-lang-sugg-message goog-inline-block je\">\n<div class=\"sl-sugg-button-container\"><\/div>\n<\/div>\n<\/div>\n<div id=\"gt-lang-submit\"><\/div>\n<div id=\"gt-src-c\" class=\"g-unit\">\n<div id=\"gt-src-p\">\n<div id=\"gt-src-wrap\" class=\"\">\n<div>\n<div class=\"gt-hl-layer\" dir=\"ltr\"><\/div>\n<p><textarea id=\"source\" class=\"goog-textarea\" dir=\"ltr\" tabindex=\"0\" spellcheck=\"false\" name=\"text\" wrap=\"SOFT\"><\/textarea><\/div>\n<\/div>\n<\/div>\n<\/div>\n<div><textarea id=\"source-is\" class=\"goog-textarea short_text\" dir=\"ltr\" spellcheck=\"false\" disabled=\"disabled\" name=\"text-is\" wrap=\"SOFT\"><\/textarea><\/div>\n<div id=\"gt-src-tools\">\n<div id=\"gt-src-tools-l\"><\/div>\n<\/div>\n<div id=\"gt-input-tool\">\n<div><\/div>\n<\/div>\n<div id=\"gt-src-c\" class=\"g-unit\">\n<div id=\"gt-src-p\">\n<div id=\"gt-src-wrap\" class=\"\">\n<div id=\"gt-src-tools\">\n<div id=\"gt-src-tools-r\"><\/div>\n<\/div>\n<div id=\"gt-src-cc\">\n<div id=\"gt-src-cc-ctr\" class=\"cc-ctr gt-src-cc-normal\">877\/5000<\/div>\n<\/div>\n<\/div>\n<div id=\"src-translit\" class=\"translit\" dir=\"ltr\"><\/div>\n<\/div>\n<\/div>\n<div id=\"gt-res-c\" class=\"g-unit\">\n<div id=\"gt-res-p\">\n<div id=\"gt-res-data\">\n<div id=\"gt-res-wrap\">\n<div id=\"gt-res-content\">\n<div id=\"gt-res-dir-ctr\" class=\"trans-verified-button-small\" dir=\"ltr\">\n<div id=\"tts_button\"><object id=\"tts\" data=\"\/\/ssl.gstatic.com\/translate\/sound_player2.swf\" type=\"application\/x-shockwave-flash\" width=\"18\" height=\"18\" data-mce-fragment=\"1\"><\/object><\/div>\n<p><span id=\"result_box\" class=\"\" lang=\"fr\">Notre plus grande armoire \u00e0 cl\u00e9s est fabriqu\u00e9e en acier haute qualit\u00e9 de 1,5 mm et utilise la m\u00eame serrure \u00e0 combinaison m\u00e9canique fiable.<\/p>\n<p>En interne, le coffret a \u00e9t\u00e9 enti\u00e8rement repens\u00e9 pour permettre une capacit\u00e9 accrue de 205 \u00e9tiquettes Mk I \/ II ou de 255 \u00e9tiquettes d&rsquo;atelier Mk III.<\/p>\n<p><span class=\"\">Capacit\u00e9: 205 \u00e9tiquettes Mk I \/ II, 255 marques d&rsquo;atelier Mk III ou porte-cl\u00e9s sans cl\u00e9.<\/span><br \/>\n<span class=\"\">Nouveau syst\u00e8me de rail flexible &#8211; offrant une capacit\u00e9 cl\u00e9 accrue sans co\u00fbt accru.<\/span><br \/>\nAjustements de capacit\u00e9 rapides et faciles.<br \/>\n<span class=\"\">Con\u00e7u pour accueillir les tags Mk I \/ II, les tags d&rsquo;atelier Mk IIII ou les cartes Keyless Entry.<\/span><br \/>\n<span class=\"\">S\u00e9curit\u00e9 \u00e9prouv\u00e9e avec une conception de meuble \u00e9prouv\u00e9e avec serrure \u00e0 combinaison m\u00e9canique en standard.<\/span><br \/>\n<span class=\"\">Dimensions: H: 720 mm x L: 430 mm x P: 200 mm.<\/span><br \/>\n<span class=\"\">Fini en argent m\u00e9tallique.<\/span><\/p>\n<p><span class=\"\">Veuillez contacter notre \u00e9quipe commerciale au sales@autotag.co.uk pour nous permettre de configurer votre armoire en fonction de vos besoins.<\/span><\/span><\/div>\n<\/div>\n<\/div>\n<\/div>\n<\/div>\n<\/div>\n","protected":false},"excerpt":{"rendered":"<div><textarea id=\"source-is\" class=\"goog-textarea short_text\" dir=\"ltr\" spellcheck=\"false\" disabled=\"disabled\" name=\"text-is\" wrap=\"SOFT\"><\/textarea><\/div>\n<div id=\"gt-src-tools\">\n<div id=\"gt-src-tools-l\"><\/div>\n<\/div>\n<div id=\"gt-input-tool\">\n<div><\/div>\n<\/div>\n<div id=\"gt-src-c\" class=\"g-unit\">\n<div id=\"gt-src-p\">\n<div id=\"gt-src-wrap\" class=\"\">\n<div id=\"gt-src-tools\">\n<div id=\"gt-src-tools-r\"><\/div>\n<\/div>\n<\/div>\n<\/div>\n<\/div>\n<div id=\"gt-res-c\" class=\"g-unit\">\n<div id=\"gt-res-p\">\n<div id=\"gt-res-data\">\n<div id=\"gt-res-wrap\">\n<div id=\"gt-res-content\">\n<div id=\"gt-res-dir-ctr\" class=\"trans-verified-button-large\" dir=\"ltr\">\n<div><textarea id=\"source-is\" class=\"goog-textarea short_text\" dir=\"ltr\" spellcheck=\"false\" disabled=\"disabled\" name=\"text-is\" wrap=\"SOFT\"><\/textarea><\/div>\n<div id=\"gt-src-tools\">\n<div id=\"gt-src-tools-l\"><\/div>\n<\/div>\n<div id=\"gt-input-tool\">\n<div><\/div>\n<\/div>\n<div id=\"gt-src-c\" class=\"g-unit\">\n<div id=\"gt-src-p\">\n<div id=\"gt-src-wrap\" class=\"\">\n<div id=\"gt-src-tools\">\n<div id=\"gt-src-tools-r\"><\/div>\n<\/div>\n<div id=\"gt-src-cc\">\n<div id=\"gt-src-cc-ctr\" class=\"cc-ctr gt-src-cc-normal\"><\/div>\n<\/div>\n<\/div>\n<div id=\"src-translit\" class=\"translit\" dir=\"ltr\"><\/div>\n<\/div>\n<\/div>\n<div id=\"gt-res-c\" class=\"g-unit\">\n<div id=\"gt-res-p\">\n<div id=\"gt-res-data\">\n<div id=\"gt-res-wrap\">\n<div id=\"gt-res-content\">\n<div id=\"gt-res-dir-ctr\" class=\"trans-verified-button-large\" dir=\"ltr\">\n<div id=\"tts_button\"><object id=\"tts\" data=\"\/\/ssl.gstatic.com\/translate\/sound_player2.swf\" type=\"application\/x-shockwave-flash\" width=\"18\" height=\"18\" data-mce-fragment=\"1\"><\/object><\/div>\n<p><span id=\"result_box\" class=\"short_text\" lang=\"fr\"><span class=\"\">Armoire \u00e0 cl\u00e9s de s\u00e9curit\u00e9 Executive 200 Plus<\/span><\/span><\/div>\n<\/div>\n<\/div>\n<\/div>\n<\/div>\n<\/div>\n<p><span id=\"result_box\" class=\"short_text\" lang=\"fr\"><span class=\"\"><br \/>\n<\/span><\/span><\/div>\n<\/div>\n<\/div>\n<\/div>\n<\/div>\n<\/div>\n","protected":false},"featured_media":2908,"comment_status":"closed","ping_status":"closed","template":"","meta":{"_acf_changed":false},"product_brand":[],"product_cat":[421],"product_tag":[],"class_list":{"0":"post-28315","1":"product","2":"type-product","3":"status-publish","4":"has-post-thumbnail","6":"product_cat-armoires-a-cles-de-securite","8":"first","9":"instock","10":"taxable","11":"shipping-taxable","12":"purchasable","13":"product-type-simple"},"exclude_global_add_ons":false,"addons":[],"acf":[],"yoast_head":"<!-- This site is optimized with the Yoast SEO plugin v27.2 - https:\/\/yoast.com\/product\/yoast-seo-wordpress\/ -->\n<title>Grandes armoires \u00e0 cl\u00e9s de s\u00e9curit\u00e9 pour plus de 200 badges. Autotag UK-Leader fournisseur de cabinet cl\u00e9<\/title>\n<meta name=\"description\" content=\"Armoires \u00e0 cl\u00e9s de s\u00e9curit\u00e9, stockage flexible et structur\u00e9 pour jusqu&#039;\u00e0 231 touches. Avec serrure \u00e0 combinaison m\u00e9canique. Grandes armoires \u00e0 cl\u00e9s utiles pour le commerce automobile ou les agents immobiliers.\" \/>\n<meta name=\"robots\" content=\"index, follow, max-snippet:-1, max-image-preview:large, max-video-preview:-1\" \/>\n<link rel=\"canonical\" href=\"https:\/\/www.autotag-online.com\/fr\/produit\/armoire-a-cles-de-securite-executive-200-plus\/\" \/>\n<meta property=\"og:locale\" content=\"fr_FR\" \/>\n<meta property=\"og:type\" content=\"article\" \/>\n<meta property=\"og:title\" content=\"Grandes armoires \u00e0 cl\u00e9s de s\u00e9curit\u00e9 pour plus de 200 badges. Autotag UK-Leader fournisseur de cabinet cl\u00e9\" \/>\n<meta property=\"og:description\" content=\"Armoires \u00e0 cl\u00e9s de s\u00e9curit\u00e9, stockage flexible et structur\u00e9 pour jusqu&#039;\u00e0 231 touches. Avec serrure \u00e0 combinaison m\u00e9canique. Grandes armoires \u00e0 cl\u00e9s utiles pour le commerce automobile ou les agents immobiliers.\" \/>\n<meta property=\"og:url\" content=\"https:\/\/www.autotag-online.com\/fr\/produit\/armoire-a-cles-de-securite-executive-200-plus\/\" \/>\n<meta property=\"og:site_name\" content=\"Autotag\" \/>\n<meta name=\"twitter:card\" content=\"summary_large_image\" \/>\n<meta name=\"twitter:label1\" content=\"Dur\u00e9e de lecture estim\u00e9e\" \/>\n\t<meta name=\"twitter:data1\" content=\"1 minute\" \/>\n<script type=\"application\/ld+json\" class=\"yoast-schema-graph\">{\"@context\":\"https:\/\/schema.org\",\"@graph\":[{\"@type\":\"WebPage\",\"@id\":\"https:\/\/www.autotag-online.com\/fr\/produit\/armoire-a-cles-de-securite-executive-200-plus\/\",\"url\":\"https:\/\/www.autotag-online.com\/fr\/produit\/armoire-a-cles-de-securite-executive-200-plus\/\",\"name\":\"Grandes armoires \u00e0 cl\u00e9s de s\u00e9curit\u00e9 pour plus de 200 badges. Autotag UK-Leader fournisseur de cabinet cl\u00e9\",\"isPartOf\":{\"@id\":\"https:\/\/www.autotag-online.com\/fr\/#website\"},\"primaryImageOfPage\":{\"@id\":\"https:\/\/www.autotag-online.com\/fr\/produit\/armoire-a-cles-de-securite-executive-200-plus\/#primaryimage\"},\"image\":{\"@id\":\"https:\/\/www.autotag-online.com\/fr\/produit\/armoire-a-cles-de-securite-executive-200-plus\/#primaryimage\"},\"thumbnailUrl\":\"https:\/\/www.autotag-online.com\/wp-content\/uploads\/2016\/12\/253-31-Executive-200.jpg\",\"datePublished\":\"2016-12-19T17:52:06+00:00\",\"description\":\"Armoires \u00e0 cl\u00e9s de s\u00e9curit\u00e9, stockage flexible et structur\u00e9 pour jusqu'\u00e0 231 touches. Avec serrure \u00e0 combinaison m\u00e9canique. Grandes armoires \u00e0 cl\u00e9s utiles pour le commerce automobile ou les agents immobiliers.\",\"breadcrumb\":{\"@id\":\"https:\/\/www.autotag-online.com\/fr\/produit\/armoire-a-cles-de-securite-executive-200-plus\/#breadcrumb\"},\"inLanguage\":\"fr-FR\",\"potentialAction\":[{\"@type\":\"ReadAction\",\"target\":[\"https:\/\/www.autotag-online.com\/fr\/produit\/armoire-a-cles-de-securite-executive-200-plus\/\"]}]},{\"@type\":\"ImageObject\",\"inLanguage\":\"fr-FR\",\"@id\":\"https:\/\/www.autotag-online.com\/fr\/produit\/armoire-a-cles-de-securite-executive-200-plus\/#primaryimage\",\"url\":\"https:\/\/www.autotag-online.com\/wp-content\/uploads\/2016\/12\/253-31-Executive-200.jpg\",\"contentUrl\":\"https:\/\/www.autotag-online.com\/wp-content\/uploads\/2016\/12\/253-31-Executive-200.jpg\",\"width\":510,\"height\":408},{\"@type\":\"BreadcrumbList\",\"@id\":\"https:\/\/www.autotag-online.com\/fr\/produit\/armoire-a-cles-de-securite-executive-200-plus\/#breadcrumb\",\"itemListElement\":[{\"@type\":\"ListItem\",\"position\":1,\"name\":\"Home\",\"item\":\"https:\/\/www.autotag-online.com\/fr\/\"},{\"@type\":\"ListItem\",\"position\":2,\"name\":\"Boutique\",\"item\":\"https:\/\/www.autotag-online.com\/fr\/boutique\/\"},{\"@type\":\"ListItem\",\"position\":3,\"name\":\"Armoires \u00e0 cl\u00e9s de s\u00e9curit\u00e9\",\"item\":\"https:\/\/www.autotag-online.com\/fr\/categorie-produit\/armoires-a-cles-de-securite\/\"},{\"@type\":\"ListItem\",\"position\":4,\"name\":\"Armoire \u00e0 cl\u00e9s de s\u00e9curit\u00e9 Executive 200 Plus\"}]},{\"@type\":\"WebSite\",\"@id\":\"https:\/\/www.autotag-online.com\/fr\/#website\",\"url\":\"https:\/\/www.autotag-online.com\/fr\/\",\"name\":\"Autotag\",\"description\":\"Sp\u00e9cialiste de la vente en gros et du commerce de cl\u00e9s et d'accessoires pour le commerce automobile\",\"publisher\":{\"@id\":\"https:\/\/www.autotag-online.com\/fr\/#organization\"},\"potentialAction\":[{\"@type\":\"SearchAction\",\"target\":{\"@type\":\"EntryPoint\",\"urlTemplate\":\"https:\/\/www.autotag-online.com\/fr\/?s={search_term_string}\"},\"query-input\":{\"@type\":\"PropertyValueSpecification\",\"valueRequired\":true,\"valueName\":\"search_term_string\"}}],\"inLanguage\":\"fr-FR\"},{\"@type\":\"Organization\",\"@id\":\"https:\/\/www.autotag-online.com\/fr\/#organization\",\"name\":\"Autotag\",\"url\":\"https:\/\/www.autotag-online.com\/fr\/\",\"logo\":{\"@type\":\"ImageObject\",\"inLanguage\":\"fr-FR\",\"@id\":\"https:\/\/www.autotag-online.com\/fr\/#\/schema\/logo\/image\/\",\"url\":\"https:\/\/www.autotag-online.com\/wp-content\/uploads\/2016\/11\/cropped-logo-2.png\",\"contentUrl\":\"https:\/\/www.autotag-online.com\/wp-content\/uploads\/2016\/11\/cropped-logo-2.png\",\"width\":628,\"height\":110,\"caption\":\"Autotag\"},\"image\":{\"@id\":\"https:\/\/www.autotag-online.com\/fr\/#\/schema\/logo\/image\/\"}}]}<\/script>\n<!-- \/ Yoast SEO plugin. -->","yoast_head_json":{"title":"Grandes armoires \u00e0 cl\u00e9s de s\u00e9curit\u00e9 pour plus de 200 badges. Autotag UK-Leader fournisseur de cabinet cl\u00e9","description":"Armoires \u00e0 cl\u00e9s de s\u00e9curit\u00e9, stockage flexible et structur\u00e9 pour jusqu'\u00e0 231 touches. Avec serrure \u00e0 combinaison m\u00e9canique. Grandes armoires \u00e0 cl\u00e9s utiles pour le commerce automobile ou les agents immobiliers.","robots":{"index":"index","follow":"follow","max-snippet":"max-snippet:-1","max-image-preview":"max-image-preview:large","max-video-preview":"max-video-preview:-1"},"canonical":"https:\/\/www.autotag-online.com\/fr\/produit\/armoire-a-cles-de-securite-executive-200-plus\/","og_locale":"fr_FR","og_type":"article","og_title":"Grandes armoires \u00e0 cl\u00e9s de s\u00e9curit\u00e9 pour plus de 200 badges. Autotag UK-Leader fournisseur de cabinet cl\u00e9","og_description":"Armoires \u00e0 cl\u00e9s de s\u00e9curit\u00e9, stockage flexible et structur\u00e9 pour jusqu'\u00e0 231 touches. Avec serrure \u00e0 combinaison m\u00e9canique. Grandes armoires \u00e0 cl\u00e9s utiles pour le commerce automobile ou les agents immobiliers.","og_url":"https:\/\/www.autotag-online.com\/fr\/produit\/armoire-a-cles-de-securite-executive-200-plus\/","og_site_name":"Autotag","twitter_card":"summary_large_image","twitter_misc":{"Dur\u00e9e de lecture estim\u00e9e":"1 minute"},"schema":{"@context":"https:\/\/schema.org","@graph":[{"@type":"WebPage","@id":"https:\/\/www.autotag-online.com\/fr\/produit\/armoire-a-cles-de-securite-executive-200-plus\/","url":"https:\/\/www.autotag-online.com\/fr\/produit\/armoire-a-cles-de-securite-executive-200-plus\/","name":"Grandes armoires \u00e0 cl\u00e9s de s\u00e9curit\u00e9 pour plus de 200 badges. Autotag UK-Leader fournisseur de cabinet cl\u00e9","isPartOf":{"@id":"https:\/\/www.autotag-online.com\/fr\/#website"},"primaryImageOfPage":{"@id":"https:\/\/www.autotag-online.com\/fr\/produit\/armoire-a-cles-de-securite-executive-200-plus\/#primaryimage"},"image":{"@id":"https:\/\/www.autotag-online.com\/fr\/produit\/armoire-a-cles-de-securite-executive-200-plus\/#primaryimage"},"thumbnailUrl":"https:\/\/www.autotag-online.com\/wp-content\/uploads\/2016\/12\/253-31-Executive-200.jpg","datePublished":"2016-12-19T17:52:06+00:00","description":"Armoires \u00e0 cl\u00e9s de s\u00e9curit\u00e9, stockage flexible et structur\u00e9 pour jusqu'\u00e0 231 touches. Avec serrure \u00e0 combinaison m\u00e9canique. Grandes armoires \u00e0 cl\u00e9s utiles pour le commerce automobile ou les agents immobiliers.","breadcrumb":{"@id":"https:\/\/www.autotag-online.com\/fr\/produit\/armoire-a-cles-de-securite-executive-200-plus\/#breadcrumb"},"inLanguage":"fr-FR","potentialAction":[{"@type":"ReadAction","target":["https:\/\/www.autotag-online.com\/fr\/produit\/armoire-a-cles-de-securite-executive-200-plus\/"]}]},{"@type":"ImageObject","inLanguage":"fr-FR","@id":"https:\/\/www.autotag-online.com\/fr\/produit\/armoire-a-cles-de-securite-executive-200-plus\/#primaryimage","url":"https:\/\/www.autotag-online.com\/wp-content\/uploads\/2016\/12\/253-31-Executive-200.jpg","contentUrl":"https:\/\/www.autotag-online.com\/wp-content\/uploads\/2016\/12\/253-31-Executive-200.jpg","width":510,"height":408},{"@type":"BreadcrumbList","@id":"https:\/\/www.autotag-online.com\/fr\/produit\/armoire-a-cles-de-securite-executive-200-plus\/#breadcrumb","itemListElement":[{"@type":"ListItem","position":1,"name":"Home","item":"https:\/\/www.autotag-online.com\/fr\/"},{"@type":"ListItem","position":2,"name":"Boutique","item":"https:\/\/www.autotag-online.com\/fr\/boutique\/"},{"@type":"ListItem","position":3,"name":"Armoires \u00e0 cl\u00e9s de s\u00e9curit\u00e9","item":"https:\/\/www.autotag-online.com\/fr\/categorie-produit\/armoires-a-cles-de-securite\/"},{"@type":"ListItem","position":4,"name":"Armoire \u00e0 cl\u00e9s de s\u00e9curit\u00e9 Executive 200 Plus"}]},{"@type":"WebSite","@id":"https:\/\/www.autotag-online.com\/fr\/#website","url":"https:\/\/www.autotag-online.com\/fr\/","name":"Autotag","description":"Sp\u00e9cialiste de la vente en gros et du commerce de cl\u00e9s et d'accessoires pour le commerce automobile","publisher":{"@id":"https:\/\/www.autotag-online.com\/fr\/#organization"},"potentialAction":[{"@type":"SearchAction","target":{"@type":"EntryPoint","urlTemplate":"https:\/\/www.autotag-online.com\/fr\/?s={search_term_string}"},"query-input":{"@type":"PropertyValueSpecification","valueRequired":true,"valueName":"search_term_string"}}],"inLanguage":"fr-FR"},{"@type":"Organization","@id":"https:\/\/www.autotag-online.com\/fr\/#organization","name":"Autotag","url":"https:\/\/www.autotag-online.com\/fr\/","logo":{"@type":"ImageObject","inLanguage":"fr-FR","@id":"https:\/\/www.autotag-online.com\/fr\/#\/schema\/logo\/image\/","url":"https:\/\/www.autotag-online.com\/wp-content\/uploads\/2016\/11\/cropped-logo-2.png","contentUrl":"https:\/\/www.autotag-online.com\/wp-content\/uploads\/2016\/11\/cropped-logo-2.png","width":628,"height":110,"caption":"Autotag"},"image":{"@id":"https:\/\/www.autotag-online.com\/fr\/#\/schema\/logo\/image\/"}}]}},"_links":{"self":[{"href":"https:\/\/www.autotag-online.com\/fr\/wp-json\/wp\/v2\/product\/28315","targetHints":{"allow":["GET"]}}],"collection":[{"href":"https:\/\/www.autotag-online.com\/fr\/wp-json\/wp\/v2\/product"}],"about":[{"href":"https:\/\/www.autotag-online.com\/fr\/wp-json\/wp\/v2\/types\/product"}],"replies":[{"embeddable":true,"href":"https:\/\/www.autotag-online.com\/fr\/wp-json\/wp\/v2\/comments?post=28315"}],"wp:featuredmedia":[{"embeddable":true,"href":"https:\/\/www.autotag-online.com\/fr\/wp-json\/wp\/v2\/media\/2908"}],"wp:attachment":[{"href":"https:\/\/www.autotag-online.com\/fr\/wp-json\/wp\/v2\/media?parent=28315"}],"wp:term":[{"taxonomy":"product_brand","embeddable":true,"href":"https:\/\/www.autotag-online.com\/fr\/wp-json\/wp\/v2\/product_brand?post=28315"},{"taxonomy":"product_cat","embeddable":true,"href":"https:\/\/www.autotag-online.com\/fr\/wp-json\/wp\/v2\/product_cat?post=28315"},{"taxonomy":"product_tag","embeddable":true,"href":"https:\/\/www.autotag-online.com\/fr\/wp-json\/wp\/v2\/product_tag?post=28315"}],"curies":[{"name":"wp","href":"https:\/\/api.w.org\/{rel}","templated":true}]}}