{"id":28314,"date":"2017-02-08T14:59:32","date_gmt":"2017-02-08T14:59:32","guid":{"rendered":"https:\/\/www.autotag-online.com\/product\/easyfit-static-pocket-clair\/"},"modified":"2017-02-08T14:59:32","modified_gmt":"2017-02-08T14:59:32","slug":"easyfit-static-pocket-clair","status":"publish","type":"product","link":"https:\/\/www.autotag-online.com\/fr\/produit\/easyfit-static-pocket-clair\/","title":{"rendered":"Easyfit Static Pocket &#8211; Clair"},"content":{"rendered":"<p><span id=\"result_box\" class=\"\" lang=\"fr\"><span class=\"\">Placez votre feuille de sp\u00e9cifications A4 dans le Easy Fit Pocket et fixez-la simplement \u00e0 l&rsquo;int\u00e9rieur de la vitre du v\u00e9hicule.<\/span><\/p>\n<p>L&rsquo;attachement \u00e0 la fen\u00eatre est bas\u00e9 sur l&rsquo;adh\u00e9rence statique ainsi garanti pour rester en place mais est facilement enlev\u00e9 mais est facilement enlev\u00e9 par simple d\u00e9collement loin de la fen\u00eatre sans causer l&rsquo;\u00e9talage non d\u00e9sir\u00e9.<\/p>\n<p>La poche Easy Fit r\u00e9siste \u00e0 la chaleur et \u00e0 l&rsquo;humidit\u00e9 et peut \u00eatre utilis\u00e9e avec les fiches techniques paysage ou portrait A4.<\/p>\n<p>Facilement attach\u00e9 \u00e0 la fen\u00eatre<br \/>\nR\u00e9utilisable<br \/>\nNe se d\u00e9forme pas ou ne se d\u00e9colore pas<br \/>\nDisponible en finition transparente ou argent<br \/>\nR\u00e9sistant \u00e0 la chaleur jusqu&rsquo;\u00e0 +120 degr\u00e9s Celsius<br \/>\nTemp\u00e9rature minimale de l&rsquo;adh\u00e9sif +2 degr\u00e9s Celsius<br \/>\nMesures W24.4 de H33.2 cm<br \/>\nA utiliser avec feuille de sp\u00e9cifications A4 en portrait ou en paysage<\/span><\/p>\n","protected":false},"excerpt":{"rendered":"<p>Placez votre feuille de sp\u00e9cifications A4 dans le Easy Fit Pocket et fixez-la simplement \u00e0 l&rsquo;int\u00e9rieur de la vitre du v\u00e9hicule. L&rsquo;attachement \u00e0 la fen\u00eatre est bas\u00e9 sur l&rsquo;adh\u00e9rence statique ainsi garanti pour rester en place mais est facilement enlev\u00e9 mais est facilement enlev\u00e9 par simple d\u00e9collement loin de la fen\u00eatre sans causer l&rsquo;\u00e9talage non [&hellip;]<\/p>\n","protected":false},"featured_media":656,"comment_status":"closed","ping_status":"closed","template":"","meta":{"_acf_changed":false},"product_brand":[],"product_cat":[410,412],"product_tag":[],"class_list":{"0":"post-28314","1":"product","2":"type-product","3":"status-publish","4":"has-post-thumbnail","6":"product_cat-showroom-et-forecourt","7":"product_cat-signalisation-interieure","9":"first","10":"instock","11":"taxable","12":"shipping-taxable","13":"purchasable","14":"product-type-simple"},"exclude_global_add_ons":[],"addons":[],"acf":[],"yoast_head":"<!-- This site is optimized with the Yoast SEO plugin v27.2 - https:\/\/yoast.com\/product\/yoast-seo-wordpress\/ -->\n<title>Pochette de feuille de sp\u00e9cification A4 des pochettes Easyfit \u00e0 Autotag<\/title>\n<meta name=\"description\" content=\"Poches sp\u00e9ciales Easyfit pour feuilles de sp\u00e9cifications A4. Autotag sp\u00e9cialiste du commerce automobile\" \/>\n<meta name=\"robots\" content=\"index, follow, max-snippet:-1, max-image-preview:large, max-video-preview:-1\" \/>\n<link rel=\"canonical\" href=\"https:\/\/www.autotag-online.com\/fr\/produit\/easyfit-static-pocket-clair\/\" \/>\n<meta property=\"og:locale\" content=\"fr_FR\" \/>\n<meta property=\"og:type\" content=\"article\" \/>\n<meta property=\"og:title\" content=\"Pochette de feuille de sp\u00e9cification A4 des pochettes Easyfit \u00e0 Autotag\" \/>\n<meta property=\"og:description\" content=\"Poches sp\u00e9ciales Easyfit pour feuilles de sp\u00e9cifications A4. Autotag sp\u00e9cialiste du commerce automobile\" \/>\n<meta property=\"og:url\" content=\"https:\/\/www.autotag-online.com\/fr\/produit\/easyfit-static-pocket-clair\/\" \/>\n<meta property=\"og:site_name\" content=\"Autotag\" \/>\n<meta name=\"twitter:card\" content=\"summary_large_image\" \/>\n<meta name=\"twitter:label1\" content=\"Dur\u00e9e de lecture estim\u00e9e\" \/>\n\t<meta name=\"twitter:data1\" content=\"1 minute\" \/>\n<script type=\"application\/ld+json\" class=\"yoast-schema-graph\">{\"@context\":\"https:\/\/schema.org\",\"@graph\":[{\"@type\":\"WebPage\",\"@id\":\"https:\/\/www.autotag-online.com\/fr\/produit\/easyfit-static-pocket-clair\/\",\"url\":\"https:\/\/www.autotag-online.com\/fr\/produit\/easyfit-static-pocket-clair\/\",\"name\":\"Pochette de feuille de sp\u00e9cification A4 des pochettes Easyfit \u00e0 Autotag\",\"isPartOf\":{\"@id\":\"https:\/\/www.autotag-online.com\/fr\/#website\"},\"primaryImageOfPage\":{\"@id\":\"https:\/\/www.autotag-online.com\/fr\/produit\/easyfit-static-pocket-clair\/#primaryimage\"},\"image\":{\"@id\":\"https:\/\/www.autotag-online.com\/fr\/produit\/easyfit-static-pocket-clair\/#primaryimage\"},\"thumbnailUrl\":\"https:\/\/www.autotag-online.com\/wp-content\/uploads\/2016\/11\/47145009520046jpg.html\",\"datePublished\":\"2017-02-08T14:59:32+00:00\",\"description\":\"Poches sp\u00e9ciales Easyfit pour feuilles de sp\u00e9cifications A4. Autotag sp\u00e9cialiste du commerce automobile\",\"breadcrumb\":{\"@id\":\"https:\/\/www.autotag-online.com\/fr\/produit\/easyfit-static-pocket-clair\/#breadcrumb\"},\"inLanguage\":\"fr-FR\",\"potentialAction\":[{\"@type\":\"ReadAction\",\"target\":[\"https:\/\/www.autotag-online.com\/fr\/produit\/easyfit-static-pocket-clair\/\"]}]},{\"@type\":\"ImageObject\",\"inLanguage\":\"fr-FR\",\"@id\":\"https:\/\/www.autotag-online.com\/fr\/produit\/easyfit-static-pocket-clair\/#primaryimage\",\"url\":\"https:\/\/www.autotag-online.com\/wp-content\/uploads\/2016\/11\/47145009520046jpg.html\",\"contentUrl\":\"https:\/\/www.autotag-online.com\/wp-content\/uploads\/2016\/11\/47145009520046jpg.html\",\"width\":200,\"height\":183},{\"@type\":\"BreadcrumbList\",\"@id\":\"https:\/\/www.autotag-online.com\/fr\/produit\/easyfit-static-pocket-clair\/#breadcrumb\",\"itemListElement\":[{\"@type\":\"ListItem\",\"position\":1,\"name\":\"Home\",\"item\":\"https:\/\/www.autotag-online.com\/fr\/\"},{\"@type\":\"ListItem\",\"position\":2,\"name\":\"Boutique\",\"item\":\"https:\/\/www.autotag-online.com\/fr\/boutique\/\"},{\"@type\":\"ListItem\",\"position\":3,\"name\":\"Showroom et Forecourt\",\"item\":\"https:\/\/www.autotag-online.com\/fr\/categorie-produit\/showroom-et-forecourt\/\"},{\"@type\":\"ListItem\",\"position\":4,\"name\":\"Signalisation int\u00e9rieure\",\"item\":\"https:\/\/www.autotag-online.com\/fr\/categorie-produit\/showroom-et-forecourt\/signalisation-interieure\/\"},{\"@type\":\"ListItem\",\"position\":5,\"name\":\"Easyfit Static Pocket &#8211; Clair\"}]},{\"@type\":\"WebSite\",\"@id\":\"https:\/\/www.autotag-online.com\/fr\/#website\",\"url\":\"https:\/\/www.autotag-online.com\/fr\/\",\"name\":\"Autotag\",\"description\":\"Sp\u00e9cialiste de la vente en gros et du commerce de cl\u00e9s et d'accessoires pour le commerce automobile\",\"publisher\":{\"@id\":\"https:\/\/www.autotag-online.com\/fr\/#organization\"},\"potentialAction\":[{\"@type\":\"SearchAction\",\"target\":{\"@type\":\"EntryPoint\",\"urlTemplate\":\"https:\/\/www.autotag-online.com\/fr\/?s={search_term_string}\"},\"query-input\":{\"@type\":\"PropertyValueSpecification\",\"valueRequired\":true,\"valueName\":\"search_term_string\"}}],\"inLanguage\":\"fr-FR\"},{\"@type\":\"Organization\",\"@id\":\"https:\/\/www.autotag-online.com\/fr\/#organization\",\"name\":\"Autotag\",\"url\":\"https:\/\/www.autotag-online.com\/fr\/\",\"logo\":{\"@type\":\"ImageObject\",\"inLanguage\":\"fr-FR\",\"@id\":\"https:\/\/www.autotag-online.com\/fr\/#\/schema\/logo\/image\/\",\"url\":\"https:\/\/www.autotag-online.com\/wp-content\/uploads\/2016\/11\/cropped-logo-2.png\",\"contentUrl\":\"https:\/\/www.autotag-online.com\/wp-content\/uploads\/2016\/11\/cropped-logo-2.png\",\"width\":628,\"height\":110,\"caption\":\"Autotag\"},\"image\":{\"@id\":\"https:\/\/www.autotag-online.com\/fr\/#\/schema\/logo\/image\/\"}}]}<\/script>\n<!-- \/ Yoast SEO plugin. -->","yoast_head_json":{"title":"Pochette de feuille de sp\u00e9cification A4 des pochettes Easyfit \u00e0 Autotag","description":"Poches sp\u00e9ciales Easyfit pour feuilles de sp\u00e9cifications A4. Autotag sp\u00e9cialiste du commerce automobile","robots":{"index":"index","follow":"follow","max-snippet":"max-snippet:-1","max-image-preview":"max-image-preview:large","max-video-preview":"max-video-preview:-1"},"canonical":"https:\/\/www.autotag-online.com\/fr\/produit\/easyfit-static-pocket-clair\/","og_locale":"fr_FR","og_type":"article","og_title":"Pochette de feuille de sp\u00e9cification A4 des pochettes Easyfit \u00e0 Autotag","og_description":"Poches sp\u00e9ciales Easyfit pour feuilles de sp\u00e9cifications A4. Autotag sp\u00e9cialiste du commerce automobile","og_url":"https:\/\/www.autotag-online.com\/fr\/produit\/easyfit-static-pocket-clair\/","og_site_name":"Autotag","twitter_card":"summary_large_image","twitter_misc":{"Dur\u00e9e de lecture estim\u00e9e":"1 minute"},"schema":{"@context":"https:\/\/schema.org","@graph":[{"@type":"WebPage","@id":"https:\/\/www.autotag-online.com\/fr\/produit\/easyfit-static-pocket-clair\/","url":"https:\/\/www.autotag-online.com\/fr\/produit\/easyfit-static-pocket-clair\/","name":"Pochette de feuille de sp\u00e9cification A4 des pochettes Easyfit \u00e0 Autotag","isPartOf":{"@id":"https:\/\/www.autotag-online.com\/fr\/#website"},"primaryImageOfPage":{"@id":"https:\/\/www.autotag-online.com\/fr\/produit\/easyfit-static-pocket-clair\/#primaryimage"},"image":{"@id":"https:\/\/www.autotag-online.com\/fr\/produit\/easyfit-static-pocket-clair\/#primaryimage"},"thumbnailUrl":"https:\/\/www.autotag-online.com\/wp-content\/uploads\/2016\/11\/47145009520046jpg.html","datePublished":"2017-02-08T14:59:32+00:00","description":"Poches sp\u00e9ciales Easyfit pour feuilles de sp\u00e9cifications A4. Autotag sp\u00e9cialiste du commerce automobile","breadcrumb":{"@id":"https:\/\/www.autotag-online.com\/fr\/produit\/easyfit-static-pocket-clair\/#breadcrumb"},"inLanguage":"fr-FR","potentialAction":[{"@type":"ReadAction","target":["https:\/\/www.autotag-online.com\/fr\/produit\/easyfit-static-pocket-clair\/"]}]},{"@type":"ImageObject","inLanguage":"fr-FR","@id":"https:\/\/www.autotag-online.com\/fr\/produit\/easyfit-static-pocket-clair\/#primaryimage","url":"https:\/\/www.autotag-online.com\/wp-content\/uploads\/2016\/11\/47145009520046jpg.html","contentUrl":"https:\/\/www.autotag-online.com\/wp-content\/uploads\/2016\/11\/47145009520046jpg.html","width":200,"height":183},{"@type":"BreadcrumbList","@id":"https:\/\/www.autotag-online.com\/fr\/produit\/easyfit-static-pocket-clair\/#breadcrumb","itemListElement":[{"@type":"ListItem","position":1,"name":"Home","item":"https:\/\/www.autotag-online.com\/fr\/"},{"@type":"ListItem","position":2,"name":"Boutique","item":"https:\/\/www.autotag-online.com\/fr\/boutique\/"},{"@type":"ListItem","position":3,"name":"Showroom et Forecourt","item":"https:\/\/www.autotag-online.com\/fr\/categorie-produit\/showroom-et-forecourt\/"},{"@type":"ListItem","position":4,"name":"Signalisation int\u00e9rieure","item":"https:\/\/www.autotag-online.com\/fr\/categorie-produit\/showroom-et-forecourt\/signalisation-interieure\/"},{"@type":"ListItem","position":5,"name":"Easyfit Static Pocket &#8211; Clair"}]},{"@type":"WebSite","@id":"https:\/\/www.autotag-online.com\/fr\/#website","url":"https:\/\/www.autotag-online.com\/fr\/","name":"Autotag","description":"Sp\u00e9cialiste de la vente en gros et du commerce de cl\u00e9s et d'accessoires pour le commerce automobile","publisher":{"@id":"https:\/\/www.autotag-online.com\/fr\/#organization"},"potentialAction":[{"@type":"SearchAction","target":{"@type":"EntryPoint","urlTemplate":"https:\/\/www.autotag-online.com\/fr\/?s={search_term_string}"},"query-input":{"@type":"PropertyValueSpecification","valueRequired":true,"valueName":"search_term_string"}}],"inLanguage":"fr-FR"},{"@type":"Organization","@id":"https:\/\/www.autotag-online.com\/fr\/#organization","name":"Autotag","url":"https:\/\/www.autotag-online.com\/fr\/","logo":{"@type":"ImageObject","inLanguage":"fr-FR","@id":"https:\/\/www.autotag-online.com\/fr\/#\/schema\/logo\/image\/","url":"https:\/\/www.autotag-online.com\/wp-content\/uploads\/2016\/11\/cropped-logo-2.png","contentUrl":"https:\/\/www.autotag-online.com\/wp-content\/uploads\/2016\/11\/cropped-logo-2.png","width":628,"height":110,"caption":"Autotag"},"image":{"@id":"https:\/\/www.autotag-online.com\/fr\/#\/schema\/logo\/image\/"}}]}},"_links":{"self":[{"href":"https:\/\/www.autotag-online.com\/fr\/wp-json\/wp\/v2\/product\/28314","targetHints":{"allow":["GET"]}}],"collection":[{"href":"https:\/\/www.autotag-online.com\/fr\/wp-json\/wp\/v2\/product"}],"about":[{"href":"https:\/\/www.autotag-online.com\/fr\/wp-json\/wp\/v2\/types\/product"}],"replies":[{"embeddable":true,"href":"https:\/\/www.autotag-online.com\/fr\/wp-json\/wp\/v2\/comments?post=28314"}],"wp:featuredmedia":[{"embeddable":true,"href":"https:\/\/www.autotag-online.com\/fr\/wp-json\/wp\/v2\/media\/656"}],"wp:attachment":[{"href":"https:\/\/www.autotag-online.com\/fr\/wp-json\/wp\/v2\/media?parent=28314"}],"wp:term":[{"taxonomy":"product_brand","embeddable":true,"href":"https:\/\/www.autotag-online.com\/fr\/wp-json\/wp\/v2\/product_brand?post=28314"},{"taxonomy":"product_cat","embeddable":true,"href":"https:\/\/www.autotag-online.com\/fr\/wp-json\/wp\/v2\/product_cat?post=28314"},{"taxonomy":"product_tag","embeddable":true,"href":"https:\/\/www.autotag-online.com\/fr\/wp-json\/wp\/v2\/product_tag?post=28314"}],"curies":[{"name":"wp","href":"https:\/\/api.w.org\/{rel}","templated":true}]}}