{"id":28299,"date":"2017-02-09T15:55:35","date_gmt":"2017-02-09T15:55:35","guid":{"rendered":"https:\/\/www.autotag-online.com\/product\/t-cards-plain\/"},"modified":"2022-07-18T12:02:42","modified_gmt":"2022-07-18T11:02:42","slug":"t-cards-plain","status":"publish","type":"product","link":"https:\/\/www.autotag-online.com\/fr\/produit\/t-cards-plain\/","title":{"rendered":"T-Cards &#8211; Plain"},"content":{"rendered":"<p><span id=\"result_box\" class=\"\" lang=\"fr\"><span class=\"\">T-cards \u00e0 utiliser avec Autotag Visual Planning System &#8211; une m\u00e9thode \u00e9prouv\u00e9e pour enregistrer tous les faits n\u00e9cessaires pour le travail avant qu&rsquo;il ne commence et pour noter tous les commentaires qui surviennent \u00e0 la fin du travail.<\/span> <span class=\"\">Rassemble tous les faits en un seul endroit.<\/span><\/span><\/p>\n<p><span class=\"\">T-cards sont disponibles pour les aspects suivants de votre entreprise:<\/span><\/p>\n<p>Atelier<br \/>\nNouvelles voitures<br \/>\nV\u00e9hicules d&rsquo;occasion<br \/>\nPlain &#8211; lign\u00e9 mais non imprim\u00e9 aux deux c\u00f4t\u00e9s.<\/p>\n<p>Livr\u00e9 en pack de 100 cartes en jaune, bleu, rouge, vert, beige ou rose.<\/p>\n","protected":false},"excerpt":{"rendered":"<p>T-cards \u00e0 utiliser avec Autotag Visual Planning System &#8211; une m\u00e9thode \u00e9prouv\u00e9e pour enregistrer tous les faits n\u00e9cessaires pour le travail avant qu&rsquo;il ne commence et pour noter tous les commentaires qui surviennent \u00e0 la fin du travail. Rassemble tous les faits en un seul endroit. T-cards sont disponibles pour les aspects suivants de votre [&hellip;]<\/p>\n","protected":false},"featured_media":29124,"comment_status":"closed","ping_status":"closed","template":"","meta":{"_acf_changed":false},"product_brand":[],"product_cat":[424],"product_tag":[],"class_list":{"0":"post-28299","1":"product","2":"type-product","3":"status-publish","4":"has-post-thumbnail","6":"product_cat-systeme-de-planification-visuelle","8":"first","9":"instock","10":"taxable","11":"shipping-taxable","12":"purchasable","13":"product-type-variable"},"exclude_global_add_ons":[],"addons":[],"acf":[],"yoast_head":"<!-- This site is optimized with the Yoast SEO plugin v27.2 - https:\/\/yoast.com\/product\/yoast-seo-wordpress\/ -->\n<title>T-Cards simples pour Autotag Visual Planning Systems.<\/title>\n<meta name=\"description\" content=\"T-Cards simples pour Autotag Visual Planning Systems. Autotag, premier fournisseur d&#039;accessoires pour le commerce automobile\" \/>\n<meta name=\"robots\" content=\"index, follow, max-snippet:-1, max-image-preview:large, max-video-preview:-1\" \/>\n<link rel=\"canonical\" href=\"https:\/\/www.autotag-online.com\/fr\/produit\/t-cards-plain\/\" \/>\n<meta property=\"og:locale\" content=\"fr_FR\" \/>\n<meta property=\"og:type\" content=\"article\" \/>\n<meta property=\"og:title\" content=\"T-Cards simples pour Autotag Visual Planning Systems.\" \/>\n<meta property=\"og:description\" content=\"T-Cards simples pour Autotag Visual Planning Systems. Autotag, premier fournisseur d&#039;accessoires pour le commerce automobile\" \/>\n<meta property=\"og:url\" content=\"https:\/\/www.autotag-online.com\/fr\/produit\/t-cards-plain\/\" \/>\n<meta property=\"og:site_name\" content=\"Autotag\" \/>\n<meta property=\"article:modified_time\" content=\"2022-07-18T11:02:42+00:00\" \/>\n<meta name=\"twitter:card\" content=\"summary_large_image\" \/>\n<meta name=\"twitter:label1\" content=\"Dur\u00e9e de lecture estim\u00e9e\" \/>\n\t<meta name=\"twitter:data1\" content=\"1 minute\" \/>\n<script type=\"application\/ld+json\" class=\"yoast-schema-graph\">{\"@context\":\"https:\/\/schema.org\",\"@graph\":[{\"@type\":\"WebPage\",\"@id\":\"https:\/\/www.autotag-online.com\/fr\/produit\/t-cards-plain\/\",\"url\":\"https:\/\/www.autotag-online.com\/fr\/produit\/t-cards-plain\/\",\"name\":\"T-Cards simples pour Autotag Visual Planning Systems.\",\"isPartOf\":{\"@id\":\"https:\/\/www.autotag-online.com\/fr\/#website\"},\"primaryImageOfPage\":{\"@id\":\"https:\/\/www.autotag-online.com\/fr\/produit\/t-cards-plain\/#primaryimage\"},\"image\":{\"@id\":\"https:\/\/www.autotag-online.com\/fr\/produit\/t-cards-plain\/#primaryimage\"},\"thumbnailUrl\":\"https:\/\/www.autotag-online.com\/wp-content\/uploads\/2017\/02\/Plain-T-card-in-yellow_28mar2018-3-e1540921048193.jpg\",\"datePublished\":\"2017-02-09T15:55:35+00:00\",\"dateModified\":\"2022-07-18T11:02:42+00:00\",\"description\":\"T-Cards simples pour Autotag Visual Planning Systems. Autotag, premier fournisseur d'accessoires pour le commerce automobile\",\"breadcrumb\":{\"@id\":\"https:\/\/www.autotag-online.com\/fr\/produit\/t-cards-plain\/#breadcrumb\"},\"inLanguage\":\"fr-FR\",\"potentialAction\":[{\"@type\":\"ReadAction\",\"target\":[\"https:\/\/www.autotag-online.com\/fr\/produit\/t-cards-plain\/\"]}]},{\"@type\":\"ImageObject\",\"inLanguage\":\"fr-FR\",\"@id\":\"https:\/\/www.autotag-online.com\/fr\/produit\/t-cards-plain\/#primaryimage\",\"url\":\"https:\/\/www.autotag-online.com\/wp-content\/uploads\/2017\/02\/Plain-T-card-in-yellow_28mar2018-3-e1540921048193.jpg\",\"contentUrl\":\"https:\/\/www.autotag-online.com\/wp-content\/uploads\/2017\/02\/Plain-T-card-in-yellow_28mar2018-3-e1540921048193.jpg\",\"width\":240,\"height\":320},{\"@type\":\"BreadcrumbList\",\"@id\":\"https:\/\/www.autotag-online.com\/fr\/produit\/t-cards-plain\/#breadcrumb\",\"itemListElement\":[{\"@type\":\"ListItem\",\"position\":1,\"name\":\"Home\",\"item\":\"https:\/\/www.autotag-online.com\/fr\/\"},{\"@type\":\"ListItem\",\"position\":2,\"name\":\"Boutique\",\"item\":\"https:\/\/www.autotag-online.com\/fr\/boutique\/\"},{\"@type\":\"ListItem\",\"position\":3,\"name\":\"Atelier\",\"item\":\"https:\/\/www.autotag-online.com\/fr\/categorie-produit\/misc-fr\/atelier\/\"},{\"@type\":\"ListItem\",\"position\":4,\"name\":\"T-Cards &#8211; Plain\"}]},{\"@type\":\"WebSite\",\"@id\":\"https:\/\/www.autotag-online.com\/fr\/#website\",\"url\":\"https:\/\/www.autotag-online.com\/fr\/\",\"name\":\"Autotag\",\"description\":\"Sp\u00e9cialiste de la vente en gros et du commerce de cl\u00e9s et d'accessoires pour le commerce automobile\",\"publisher\":{\"@id\":\"https:\/\/www.autotag-online.com\/fr\/#organization\"},\"potentialAction\":[{\"@type\":\"SearchAction\",\"target\":{\"@type\":\"EntryPoint\",\"urlTemplate\":\"https:\/\/www.autotag-online.com\/fr\/?s={search_term_string}\"},\"query-input\":{\"@type\":\"PropertyValueSpecification\",\"valueRequired\":true,\"valueName\":\"search_term_string\"}}],\"inLanguage\":\"fr-FR\"},{\"@type\":\"Organization\",\"@id\":\"https:\/\/www.autotag-online.com\/fr\/#organization\",\"name\":\"Autotag\",\"url\":\"https:\/\/www.autotag-online.com\/fr\/\",\"logo\":{\"@type\":\"ImageObject\",\"inLanguage\":\"fr-FR\",\"@id\":\"https:\/\/www.autotag-online.com\/fr\/#\/schema\/logo\/image\/\",\"url\":\"https:\/\/www.autotag-online.com\/wp-content\/uploads\/2016\/11\/cropped-logo-2.png\",\"contentUrl\":\"https:\/\/www.autotag-online.com\/wp-content\/uploads\/2016\/11\/cropped-logo-2.png\",\"width\":628,\"height\":110,\"caption\":\"Autotag\"},\"image\":{\"@id\":\"https:\/\/www.autotag-online.com\/fr\/#\/schema\/logo\/image\/\"}}]}<\/script>\n<!-- \/ Yoast SEO plugin. -->","yoast_head_json":{"title":"T-Cards simples pour Autotag Visual Planning Systems.","description":"T-Cards simples pour Autotag Visual Planning Systems. Autotag, premier fournisseur d'accessoires pour le commerce automobile","robots":{"index":"index","follow":"follow","max-snippet":"max-snippet:-1","max-image-preview":"max-image-preview:large","max-video-preview":"max-video-preview:-1"},"canonical":"https:\/\/www.autotag-online.com\/fr\/produit\/t-cards-plain\/","og_locale":"fr_FR","og_type":"article","og_title":"T-Cards simples pour Autotag Visual Planning Systems.","og_description":"T-Cards simples pour Autotag Visual Planning Systems. Autotag, premier fournisseur d'accessoires pour le commerce automobile","og_url":"https:\/\/www.autotag-online.com\/fr\/produit\/t-cards-plain\/","og_site_name":"Autotag","article_modified_time":"2022-07-18T11:02:42+00:00","twitter_card":"summary_large_image","twitter_misc":{"Dur\u00e9e de lecture estim\u00e9e":"1 minute"},"schema":{"@context":"https:\/\/schema.org","@graph":[{"@type":"WebPage","@id":"https:\/\/www.autotag-online.com\/fr\/produit\/t-cards-plain\/","url":"https:\/\/www.autotag-online.com\/fr\/produit\/t-cards-plain\/","name":"T-Cards simples pour Autotag Visual Planning Systems.","isPartOf":{"@id":"https:\/\/www.autotag-online.com\/fr\/#website"},"primaryImageOfPage":{"@id":"https:\/\/www.autotag-online.com\/fr\/produit\/t-cards-plain\/#primaryimage"},"image":{"@id":"https:\/\/www.autotag-online.com\/fr\/produit\/t-cards-plain\/#primaryimage"},"thumbnailUrl":"https:\/\/www.autotag-online.com\/wp-content\/uploads\/2017\/02\/Plain-T-card-in-yellow_28mar2018-3-e1540921048193.jpg","datePublished":"2017-02-09T15:55:35+00:00","dateModified":"2022-07-18T11:02:42+00:00","description":"T-Cards simples pour Autotag Visual Planning Systems. Autotag, premier fournisseur d'accessoires pour le commerce automobile","breadcrumb":{"@id":"https:\/\/www.autotag-online.com\/fr\/produit\/t-cards-plain\/#breadcrumb"},"inLanguage":"fr-FR","potentialAction":[{"@type":"ReadAction","target":["https:\/\/www.autotag-online.com\/fr\/produit\/t-cards-plain\/"]}]},{"@type":"ImageObject","inLanguage":"fr-FR","@id":"https:\/\/www.autotag-online.com\/fr\/produit\/t-cards-plain\/#primaryimage","url":"https:\/\/www.autotag-online.com\/wp-content\/uploads\/2017\/02\/Plain-T-card-in-yellow_28mar2018-3-e1540921048193.jpg","contentUrl":"https:\/\/www.autotag-online.com\/wp-content\/uploads\/2017\/02\/Plain-T-card-in-yellow_28mar2018-3-e1540921048193.jpg","width":240,"height":320},{"@type":"BreadcrumbList","@id":"https:\/\/www.autotag-online.com\/fr\/produit\/t-cards-plain\/#breadcrumb","itemListElement":[{"@type":"ListItem","position":1,"name":"Home","item":"https:\/\/www.autotag-online.com\/fr\/"},{"@type":"ListItem","position":2,"name":"Boutique","item":"https:\/\/www.autotag-online.com\/fr\/boutique\/"},{"@type":"ListItem","position":3,"name":"Atelier","item":"https:\/\/www.autotag-online.com\/fr\/categorie-produit\/misc-fr\/atelier\/"},{"@type":"ListItem","position":4,"name":"T-Cards &#8211; Plain"}]},{"@type":"WebSite","@id":"https:\/\/www.autotag-online.com\/fr\/#website","url":"https:\/\/www.autotag-online.com\/fr\/","name":"Autotag","description":"Sp\u00e9cialiste de la vente en gros et du commerce de cl\u00e9s et d'accessoires pour le commerce automobile","publisher":{"@id":"https:\/\/www.autotag-online.com\/fr\/#organization"},"potentialAction":[{"@type":"SearchAction","target":{"@type":"EntryPoint","urlTemplate":"https:\/\/www.autotag-online.com\/fr\/?s={search_term_string}"},"query-input":{"@type":"PropertyValueSpecification","valueRequired":true,"valueName":"search_term_string"}}],"inLanguage":"fr-FR"},{"@type":"Organization","@id":"https:\/\/www.autotag-online.com\/fr\/#organization","name":"Autotag","url":"https:\/\/www.autotag-online.com\/fr\/","logo":{"@type":"ImageObject","inLanguage":"fr-FR","@id":"https:\/\/www.autotag-online.com\/fr\/#\/schema\/logo\/image\/","url":"https:\/\/www.autotag-online.com\/wp-content\/uploads\/2016\/11\/cropped-logo-2.png","contentUrl":"https:\/\/www.autotag-online.com\/wp-content\/uploads\/2016\/11\/cropped-logo-2.png","width":628,"height":110,"caption":"Autotag"},"image":{"@id":"https:\/\/www.autotag-online.com\/fr\/#\/schema\/logo\/image\/"}}]}},"_links":{"self":[{"href":"https:\/\/www.autotag-online.com\/fr\/wp-json\/wp\/v2\/product\/28299","targetHints":{"allow":["GET"]}}],"collection":[{"href":"https:\/\/www.autotag-online.com\/fr\/wp-json\/wp\/v2\/product"}],"about":[{"href":"https:\/\/www.autotag-online.com\/fr\/wp-json\/wp\/v2\/types\/product"}],"replies":[{"embeddable":true,"href":"https:\/\/www.autotag-online.com\/fr\/wp-json\/wp\/v2\/comments?post=28299"}],"wp:featuredmedia":[{"embeddable":true,"href":"https:\/\/www.autotag-online.com\/fr\/wp-json\/wp\/v2\/media\/29124"}],"wp:attachment":[{"href":"https:\/\/www.autotag-online.com\/fr\/wp-json\/wp\/v2\/media?parent=28299"}],"wp:term":[{"taxonomy":"product_brand","embeddable":true,"href":"https:\/\/www.autotag-online.com\/fr\/wp-json\/wp\/v2\/product_brand?post=28299"},{"taxonomy":"product_cat","embeddable":true,"href":"https:\/\/www.autotag-online.com\/fr\/wp-json\/wp\/v2\/product_cat?post=28299"},{"taxonomy":"product_tag","embeddable":true,"href":"https:\/\/www.autotag-online.com\/fr\/wp-json\/wp\/v2\/product_tag?post=28299"}],"curies":[{"name":"wp","href":"https:\/\/api.w.org\/{rel}","templated":true}]}}