{"id":26383,"date":"2017-11-16T17:16:50","date_gmt":"2017-11-16T17:17:02","guid":{"rendered":"http:\/\/www.autotag-online.com\/eu\/?post_type=product&#038;p=26383"},"modified":"2019-10-11T13:25:20","modified_gmt":"2019-10-11T12:25:20","slug":"porte-cles-mki-plaine-avec-anneau","status":"publish","type":"product","link":"https:\/\/www.autotag-online.com\/fr\/produit\/porte-cles-mki-plaine-avec-anneau\/","title":{"rendered":"Porte-cl\u00e9s MkI &#8211; plaine avec anneau"},"content":{"rendered":"<p>Les porte-cl\u00e9s MkI Autotag sont livr\u00e9s avec des anneaux en m\u00e9tal.<\/p>\n<p>Imprim\u00e9s avec: ann\u00e9e\/marque\/couleur afin d&rsquo;identifier chaque v\u00e9hicule.<\/p>\n<p>Les porte-cl\u00e9s peuvent \u00eatre aussi command\u00e9s en neutres.<\/p>\n<p>&nbsp;<\/p>\n<p>Vendus par boite de 200 avec 2 marqueurs noirs. Extra marqueurs peuvent command\u00e9s par lot de 6.<\/p>\n<p>Porte-cl\u00e9s en plastique cod\u00e9s par couleur.<br \/>\nPaquet de 200 anneaux en acier.<br \/>\nLes porte-cl\u00e9s sont durables et faciles \u00e0 attacher aux cl\u00e9s.<br \/>\nAvec 2 marqueurs noirs de qualit\u00e9 am\u00e9lior\u00e9e.<br \/>\nDisponible en 10 couleurs: \u00a0jaune, bleu, blanc, rouge, vert, orange, argent, beige, rose ou lilas &#8211; Imprim\u00e9 ou neutre.<\/p>\n","protected":false},"excerpt":{"rendered":"<p><img loading=\"lazy\" decoding=\"async\" class=\"alignnone size-medium wp-image-28966\" src=\"https:\/\/www.autotag-online.com\/wp-content\/uploads\/2018\/10\/FR-MkI-printed_17jul2018-1-300x225.jpg\" alt=\"\" width=\"300\" height=\"225\" srcset=\"https:\/\/www.autotag-online.com\/wp-content\/uploads\/2018\/10\/FR-MkI-printed_17jul2018-1-300x225.jpg 300w, https:\/\/www.autotag-online.com\/wp-content\/uploads\/2018\/10\/FR-MkI-printed_17jul2018-1-416x311.jpg 416w, https:\/\/www.autotag-online.com\/wp-content\/uploads\/2018\/10\/FR-MkI-printed_17jul2018-1.jpg 617w\" sizes=\"auto, (max-width: 300px) 100vw, 300px\" \/>MKI Autotag porte-cl\u00e9s<\/p>\n","protected":false},"featured_media":26320,"comment_status":"closed","ping_status":"closed","template":"","meta":{"_acf_changed":false},"product_brand":[],"product_cat":[381],"product_tag":[],"class_list":{"0":"post-26383","1":"product","2":"type-product","3":"status-publish","4":"has-post-thumbnail","6":"product_cat-mki-porte-cles","8":"first","9":"instock","10":"taxable","11":"shipping-taxable","12":"purchasable","13":"product-type-variable","14":"has-default-attributes"},"exclude_global_add_ons":[],"addons":[],"acf":[],"yoast_head":"<!-- This site is optimized with the Yoast SEO plugin v27.2 - https:\/\/yoast.com\/product\/yoast-seo-wordpress\/ -->\n<title>Porte-cl\u00e9s MkI - plaine avec anneau -. Autotag, motor trade merchandising specialists<\/title>\n<meta name=\"description\" content=\"Porte-cl\u00e9s MkI - plaine avec anneau -. Autotag \u2013 originally founded in 1986, is focussed on supplying key tags &amp; management systems, point of sale materials and workshop systems to the motor trade.\" \/>\n<meta name=\"robots\" content=\"index, follow, max-snippet:-1, max-image-preview:large, max-video-preview:-1\" \/>\n<link rel=\"canonical\" href=\"https:\/\/www.autotag-online.com\/fr\/produit\/porte-cles-mki-plaine-avec-anneau\/\" \/>\n<meta property=\"og:locale\" content=\"fr_FR\" \/>\n<meta property=\"og:type\" content=\"article\" \/>\n<meta property=\"og:title\" content=\"Porte-cl\u00e9s MkI - plaine avec anneau -. Autotag, motor trade merchandising specialists\" \/>\n<meta property=\"og:description\" content=\"Porte-cl\u00e9s MkI - plaine avec anneau -. Autotag \u2013 originally founded in 1986, is focussed on supplying key tags &amp; management systems, point of sale materials and workshop systems to the motor trade.\" \/>\n<meta property=\"og:url\" content=\"https:\/\/www.autotag-online.com\/fr\/produit\/porte-cles-mki-plaine-avec-anneau\/\" \/>\n<meta property=\"og:site_name\" content=\"Autotag\" \/>\n<meta property=\"article:modified_time\" content=\"2019-10-11T12:25:20+00:00\" \/>\n<meta property=\"og:image\" content=\"https:\/\/www.autotag-online.com\/wp-content\/uploads\/2017\/03\/110_Plain_with_-loose_rings_30oct2015.jpg\" \/>\n\t<meta property=\"og:image:width\" content=\"320\" \/>\n\t<meta property=\"og:image:height\" content=\"240\" \/>\n\t<meta property=\"og:image:type\" content=\"image\/jpeg\" \/>\n<meta name=\"twitter:card\" content=\"summary_large_image\" \/>\n<meta name=\"twitter:label1\" content=\"Dur\u00e9e de lecture estim\u00e9e\" \/>\n\t<meta name=\"twitter:data1\" content=\"1 minute\" \/>\n<script type=\"application\/ld+json\" class=\"yoast-schema-graph\">{\"@context\":\"https:\/\/schema.org\",\"@graph\":[{\"@type\":\"WebPage\",\"@id\":\"https:\/\/www.autotag-online.com\/fr\/produit\/porte-cles-mki-plaine-avec-anneau\/\",\"url\":\"https:\/\/www.autotag-online.com\/fr\/produit\/porte-cles-mki-plaine-avec-anneau\/\",\"name\":\"Porte-cl\u00e9s MkI - plaine avec anneau -. Autotag, motor trade merchandising specialists\",\"isPartOf\":{\"@id\":\"https:\/\/www.autotag-online.com\/fr\/#website\"},\"primaryImageOfPage\":{\"@id\":\"https:\/\/www.autotag-online.com\/fr\/produit\/porte-cles-mki-plaine-avec-anneau\/#primaryimage\"},\"image\":{\"@id\":\"https:\/\/www.autotag-online.com\/fr\/produit\/porte-cles-mki-plaine-avec-anneau\/#primaryimage\"},\"thumbnailUrl\":\"https:\/\/www.autotag-online.com\/wp-content\/uploads\/2017\/03\/110_Plain_with_-loose_rings_30oct2015.jpg\",\"datePublished\":\"2017-11-16T17:17:02+00:00\",\"dateModified\":\"2019-10-11T12:25:20+00:00\",\"description\":\"Porte-cl\u00e9s MkI - plaine avec anneau -. Autotag \u2013 originally founded in 1986, is focussed on supplying key tags & management systems, point of sale materials and workshop systems to the motor trade.\",\"breadcrumb\":{\"@id\":\"https:\/\/www.autotag-online.com\/fr\/produit\/porte-cles-mki-plaine-avec-anneau\/#breadcrumb\"},\"inLanguage\":\"fr-FR\",\"potentialAction\":[{\"@type\":\"ReadAction\",\"target\":[\"https:\/\/www.autotag-online.com\/fr\/produit\/porte-cles-mki-plaine-avec-anneau\/\"]}]},{\"@type\":\"ImageObject\",\"inLanguage\":\"fr-FR\",\"@id\":\"https:\/\/www.autotag-online.com\/fr\/produit\/porte-cles-mki-plaine-avec-anneau\/#primaryimage\",\"url\":\"https:\/\/www.autotag-online.com\/wp-content\/uploads\/2017\/03\/110_Plain_with_-loose_rings_30oct2015.jpg\",\"contentUrl\":\"https:\/\/www.autotag-online.com\/wp-content\/uploads\/2017\/03\/110_Plain_with_-loose_rings_30oct2015.jpg\",\"width\":320,\"height\":240},{\"@type\":\"BreadcrumbList\",\"@id\":\"https:\/\/www.autotag-online.com\/fr\/produit\/porte-cles-mki-plaine-avec-anneau\/#breadcrumb\",\"itemListElement\":[{\"@type\":\"ListItem\",\"position\":1,\"name\":\"Home\",\"item\":\"https:\/\/www.autotag-online.com\/fr\/\"},{\"@type\":\"ListItem\",\"position\":2,\"name\":\"Boutique\",\"item\":\"https:\/\/www.autotag-online.com\/fr\/boutique\/\"},{\"@type\":\"ListItem\",\"position\":3,\"name\":\"Porte-cl\u00e9s\",\"item\":\"https:\/\/www.autotag-online.com\/fr\/categorie-produit\/porte-cles\/\"},{\"@type\":\"ListItem\",\"position\":4,\"name\":\"MKI porte-cl\u00e9s\",\"item\":\"https:\/\/www.autotag-online.com\/fr\/categorie-produit\/porte-cles\/mki-porte-cles\/\"},{\"@type\":\"ListItem\",\"position\":5,\"name\":\"Porte-cl\u00e9s MkI &#8211; plaine avec anneau\"}]},{\"@type\":\"WebSite\",\"@id\":\"https:\/\/www.autotag-online.com\/fr\/#website\",\"url\":\"https:\/\/www.autotag-online.com\/fr\/\",\"name\":\"Autotag\",\"description\":\"Sp\u00e9cialiste de la vente en gros et du commerce de cl\u00e9s et d'accessoires pour le commerce automobile\",\"publisher\":{\"@id\":\"https:\/\/www.autotag-online.com\/fr\/#organization\"},\"potentialAction\":[{\"@type\":\"SearchAction\",\"target\":{\"@type\":\"EntryPoint\",\"urlTemplate\":\"https:\/\/www.autotag-online.com\/fr\/?s={search_term_string}\"},\"query-input\":{\"@type\":\"PropertyValueSpecification\",\"valueRequired\":true,\"valueName\":\"search_term_string\"}}],\"inLanguage\":\"fr-FR\"},{\"@type\":\"Organization\",\"@id\":\"https:\/\/www.autotag-online.com\/fr\/#organization\",\"name\":\"Autotag\",\"url\":\"https:\/\/www.autotag-online.com\/fr\/\",\"logo\":{\"@type\":\"ImageObject\",\"inLanguage\":\"fr-FR\",\"@id\":\"https:\/\/www.autotag-online.com\/fr\/#\/schema\/logo\/image\/\",\"url\":\"https:\/\/www.autotag-online.com\/wp-content\/uploads\/2016\/11\/cropped-logo-2.png\",\"contentUrl\":\"https:\/\/www.autotag-online.com\/wp-content\/uploads\/2016\/11\/cropped-logo-2.png\",\"width\":628,\"height\":110,\"caption\":\"Autotag\"},\"image\":{\"@id\":\"https:\/\/www.autotag-online.com\/fr\/#\/schema\/logo\/image\/\"}}]}<\/script>\n<!-- \/ Yoast SEO plugin. -->","yoast_head_json":{"title":"Porte-cl\u00e9s MkI - plaine avec anneau -. Autotag, motor trade merchandising specialists","description":"Porte-cl\u00e9s MkI - plaine avec anneau -. Autotag \u2013 originally founded in 1986, is focussed on supplying key tags & management systems, point of sale materials and workshop systems to the motor trade.","robots":{"index":"index","follow":"follow","max-snippet":"max-snippet:-1","max-image-preview":"max-image-preview:large","max-video-preview":"max-video-preview:-1"},"canonical":"https:\/\/www.autotag-online.com\/fr\/produit\/porte-cles-mki-plaine-avec-anneau\/","og_locale":"fr_FR","og_type":"article","og_title":"Porte-cl\u00e9s MkI - plaine avec anneau -. Autotag, motor trade merchandising specialists","og_description":"Porte-cl\u00e9s MkI - plaine avec anneau -. Autotag \u2013 originally founded in 1986, is focussed on supplying key tags & management systems, point of sale materials and workshop systems to the motor trade.","og_url":"https:\/\/www.autotag-online.com\/fr\/produit\/porte-cles-mki-plaine-avec-anneau\/","og_site_name":"Autotag","article_modified_time":"2019-10-11T12:25:20+00:00","og_image":[{"width":320,"height":240,"url":"https:\/\/www.autotag-online.com\/wp-content\/uploads\/2017\/03\/110_Plain_with_-loose_rings_30oct2015.jpg","type":"image\/jpeg"}],"twitter_card":"summary_large_image","twitter_misc":{"Dur\u00e9e de lecture estim\u00e9e":"1 minute"},"schema":{"@context":"https:\/\/schema.org","@graph":[{"@type":"WebPage","@id":"https:\/\/www.autotag-online.com\/fr\/produit\/porte-cles-mki-plaine-avec-anneau\/","url":"https:\/\/www.autotag-online.com\/fr\/produit\/porte-cles-mki-plaine-avec-anneau\/","name":"Porte-cl\u00e9s MkI - plaine avec anneau -. Autotag, motor trade merchandising specialists","isPartOf":{"@id":"https:\/\/www.autotag-online.com\/fr\/#website"},"primaryImageOfPage":{"@id":"https:\/\/www.autotag-online.com\/fr\/produit\/porte-cles-mki-plaine-avec-anneau\/#primaryimage"},"image":{"@id":"https:\/\/www.autotag-online.com\/fr\/produit\/porte-cles-mki-plaine-avec-anneau\/#primaryimage"},"thumbnailUrl":"https:\/\/www.autotag-online.com\/wp-content\/uploads\/2017\/03\/110_Plain_with_-loose_rings_30oct2015.jpg","datePublished":"2017-11-16T17:17:02+00:00","dateModified":"2019-10-11T12:25:20+00:00","description":"Porte-cl\u00e9s MkI - plaine avec anneau -. Autotag \u2013 originally founded in 1986, is focussed on supplying key tags & management systems, point of sale materials and workshop systems to the motor trade.","breadcrumb":{"@id":"https:\/\/www.autotag-online.com\/fr\/produit\/porte-cles-mki-plaine-avec-anneau\/#breadcrumb"},"inLanguage":"fr-FR","potentialAction":[{"@type":"ReadAction","target":["https:\/\/www.autotag-online.com\/fr\/produit\/porte-cles-mki-plaine-avec-anneau\/"]}]},{"@type":"ImageObject","inLanguage":"fr-FR","@id":"https:\/\/www.autotag-online.com\/fr\/produit\/porte-cles-mki-plaine-avec-anneau\/#primaryimage","url":"https:\/\/www.autotag-online.com\/wp-content\/uploads\/2017\/03\/110_Plain_with_-loose_rings_30oct2015.jpg","contentUrl":"https:\/\/www.autotag-online.com\/wp-content\/uploads\/2017\/03\/110_Plain_with_-loose_rings_30oct2015.jpg","width":320,"height":240},{"@type":"BreadcrumbList","@id":"https:\/\/www.autotag-online.com\/fr\/produit\/porte-cles-mki-plaine-avec-anneau\/#breadcrumb","itemListElement":[{"@type":"ListItem","position":1,"name":"Home","item":"https:\/\/www.autotag-online.com\/fr\/"},{"@type":"ListItem","position":2,"name":"Boutique","item":"https:\/\/www.autotag-online.com\/fr\/boutique\/"},{"@type":"ListItem","position":3,"name":"Porte-cl\u00e9s","item":"https:\/\/www.autotag-online.com\/fr\/categorie-produit\/porte-cles\/"},{"@type":"ListItem","position":4,"name":"MKI porte-cl\u00e9s","item":"https:\/\/www.autotag-online.com\/fr\/categorie-produit\/porte-cles\/mki-porte-cles\/"},{"@type":"ListItem","position":5,"name":"Porte-cl\u00e9s MkI &#8211; plaine avec anneau"}]},{"@type":"WebSite","@id":"https:\/\/www.autotag-online.com\/fr\/#website","url":"https:\/\/www.autotag-online.com\/fr\/","name":"Autotag","description":"Sp\u00e9cialiste de la vente en gros et du commerce de cl\u00e9s et d'accessoires pour le commerce automobile","publisher":{"@id":"https:\/\/www.autotag-online.com\/fr\/#organization"},"potentialAction":[{"@type":"SearchAction","target":{"@type":"EntryPoint","urlTemplate":"https:\/\/www.autotag-online.com\/fr\/?s={search_term_string}"},"query-input":{"@type":"PropertyValueSpecification","valueRequired":true,"valueName":"search_term_string"}}],"inLanguage":"fr-FR"},{"@type":"Organization","@id":"https:\/\/www.autotag-online.com\/fr\/#organization","name":"Autotag","url":"https:\/\/www.autotag-online.com\/fr\/","logo":{"@type":"ImageObject","inLanguage":"fr-FR","@id":"https:\/\/www.autotag-online.com\/fr\/#\/schema\/logo\/image\/","url":"https:\/\/www.autotag-online.com\/wp-content\/uploads\/2016\/11\/cropped-logo-2.png","contentUrl":"https:\/\/www.autotag-online.com\/wp-content\/uploads\/2016\/11\/cropped-logo-2.png","width":628,"height":110,"caption":"Autotag"},"image":{"@id":"https:\/\/www.autotag-online.com\/fr\/#\/schema\/logo\/image\/"}}]}},"_links":{"self":[{"href":"https:\/\/www.autotag-online.com\/fr\/wp-json\/wp\/v2\/product\/26383","targetHints":{"allow":["GET"]}}],"collection":[{"href":"https:\/\/www.autotag-online.com\/fr\/wp-json\/wp\/v2\/product"}],"about":[{"href":"https:\/\/www.autotag-online.com\/fr\/wp-json\/wp\/v2\/types\/product"}],"replies":[{"embeddable":true,"href":"https:\/\/www.autotag-online.com\/fr\/wp-json\/wp\/v2\/comments?post=26383"}],"wp:featuredmedia":[{"embeddable":true,"href":"https:\/\/www.autotag-online.com\/fr\/wp-json\/wp\/v2\/media\/26320"}],"wp:attachment":[{"href":"https:\/\/www.autotag-online.com\/fr\/wp-json\/wp\/v2\/media?parent=26383"}],"wp:term":[{"taxonomy":"product_brand","embeddable":true,"href":"https:\/\/www.autotag-online.com\/fr\/wp-json\/wp\/v2\/product_brand?post=26383"},{"taxonomy":"product_cat","embeddable":true,"href":"https:\/\/www.autotag-online.com\/fr\/wp-json\/wp\/v2\/product_cat?post=26383"},{"taxonomy":"product_tag","embeddable":true,"href":"https:\/\/www.autotag-online.com\/fr\/wp-json\/wp\/v2\/product_tag?post=26383"}],"curies":[{"name":"wp","href":"https:\/\/api.w.org\/{rel}","templated":true}]}}