{"id":25356,"date":"2017-04-27T13:40:46","date_gmt":"2017-04-27T12:40:46","guid":{"rendered":"https:\/\/www.autotag.co.uk\/product\/supersafe-2-capacite-de-196-cles\/"},"modified":"2017-04-27T13:40:46","modified_gmt":"2017-04-27T12:40:46","slug":"supersafe-2-capacite-de-196-cles","status":"publish","type":"product","link":"https:\/\/www.autotag-online.com\/fr\/produit\/supersafe-2-capacite-de-196-cles\/","title":{"rendered":"Supersafe 2, capacit\u00e9 de 196 cl\u00e9s"},"content":{"rendered":"<p>Le supersafe est un coffre de haute s\u00e9curit\u00e9 beaucoup utilis\u00e9 dan she monde de l&rsquo;automobile.<\/p>\n<p>Il est equipe d&rsquo;un syst\u00e8me de verrouillage \u00e0 5 points vous donnant une s\u00e9curit\u00e9 suppl\u00e9mentaire la nuit.<\/p>\n<p>Le SuperSafe 2 dispose d&rsquo;un syst\u00e8me sp\u00e9cial activ\u00e9 par cl\u00e9 pour remplacer le clavier \u00e9lectronique. \u00a0Cela peut \u00eatre utilis\u00e9 comme sauvegarde si le code est oubli\u00e9e ou modifi\u00e9 par inadvertance.<\/p>\n<p>Le Supersafe 2 peut accueillir encore plus de cl\u00e9s dans une mise en page qui assure une identification facile et une facilit\u00e9 d&rsquo;utilisation.<\/p>\n<p>Le Super Safe 2 peut avoir une capacit\u00e9 \u00a0de 98 ou 196. Cela depends de combien de console pour d\u00e9sirez, une ou deux.<\/p>\n<p>Le Super Safe 2 permettra une mise \u00e0 niveau de votre syst\u00e8me Flexible Rail existant vers une configuration Autotracker si n\u00e9cessaire ult\u00e9rieurement Le Supersafe 2 offre une flexibilit\u00e9 encore plus grande &#8211; y compris un m\u00e9lange des deux configurations &#8211; si d\u00e9sir\u00e9.<\/p>\n<p>Le nouveau Supersafe 98 est \u00a3 30 moins cher que l&rsquo;original \u00a0Super Safe 100 \u00e0 \u00a3 560<\/p>\n<p>Le Supersafe 196 est \u00a3 60 moins cher \u00a0l&rsquo;original Super Safe 180 \u00e0 \u00a3 585.<\/p>\n<p>&nbsp;<\/p>\n","protected":false},"excerpt":{"rendered":"<p>Le supersafe est un coffre de haute s\u00e9curit\u00e9 beaucoup utilis\u00e9 dan she monde de l&rsquo;automobile. Il est equipe d&rsquo;un syst\u00e8me de verrouillage \u00e0 5 points vous donnant une s\u00e9curit\u00e9 suppl\u00e9mentaire la nuit. Le SuperSafe 2 dispose d&rsquo;un syst\u00e8me sp\u00e9cial activ\u00e9 par cl\u00e9 pour remplacer le clavier \u00e9lectronique. \u00a0Cela peut \u00eatre utilis\u00e9 comme sauvegarde si le [&hellip;]<\/p>\n","protected":false},"featured_media":0,"comment_status":"closed","ping_status":"closed","template":"","meta":{"_acf_changed":false},"product_brand":[],"product_cat":[415],"product_tag":[],"class_list":{"0":"post-25356","1":"product","2":"type-product","3":"status-publish","5":"product_cat-misc-fr","7":"first","8":"instock","9":"taxable","10":"shipping-taxable","11":"purchasable","12":"product-type-simple"},"exclude_global_add_ons":[],"addons":[],"acf":[],"yoast_head":"<!-- This site is optimized with the Yoast SEO plugin v27.2 - https:\/\/yoast.com\/product\/yoast-seo-wordpress\/ -->\n<title>Supersafe 2, capacit\u00e9 de 196 cl\u00e9s -. Autotag, motor trade merchandising specialists<\/title>\n<meta name=\"description\" content=\"Supersafe 2, capacit\u00e9 de 196 cl\u00e9s -. Autotag \u2013 originally founded in 1986, is focussed on supplying key tags &amp; management systems, point of sale materials and workshop systems to the motor trade.\" \/>\n<meta name=\"robots\" content=\"index, follow, max-snippet:-1, max-image-preview:large, max-video-preview:-1\" \/>\n<link rel=\"canonical\" href=\"https:\/\/www.autotag-online.com\/fr\/produit\/supersafe-2-capacite-de-196-cles\/\" \/>\n<meta property=\"og:locale\" content=\"fr_FR\" \/>\n<meta property=\"og:type\" content=\"article\" \/>\n<meta property=\"og:title\" content=\"Supersafe 2, capacit\u00e9 de 196 cl\u00e9s -. Autotag, motor trade merchandising specialists\" \/>\n<meta property=\"og:description\" content=\"Supersafe 2, capacit\u00e9 de 196 cl\u00e9s -. Autotag \u2013 originally founded in 1986, is focussed on supplying key tags &amp; management systems, point of sale materials and workshop systems to the motor trade.\" \/>\n<meta property=\"og:url\" content=\"https:\/\/www.autotag-online.com\/fr\/produit\/supersafe-2-capacite-de-196-cles\/\" \/>\n<meta property=\"og:site_name\" content=\"Autotag\" \/>\n<meta name=\"twitter:card\" content=\"summary_large_image\" \/>\n<meta name=\"twitter:label1\" content=\"Dur\u00e9e de lecture estim\u00e9e\" \/>\n\t<meta name=\"twitter:data1\" content=\"1 minute\" \/>\n<script type=\"application\/ld+json\" class=\"yoast-schema-graph\">{\"@context\":\"https:\/\/schema.org\",\"@graph\":[{\"@type\":\"WebPage\",\"@id\":\"https:\/\/www.autotag-online.com\/fr\/produit\/supersafe-2-capacite-de-196-cles\/\",\"url\":\"https:\/\/www.autotag-online.com\/fr\/produit\/supersafe-2-capacite-de-196-cles\/\",\"name\":\"Supersafe 2, capacit\u00e9 de 196 cl\u00e9s -. Autotag, motor trade merchandising specialists\",\"isPartOf\":{\"@id\":\"https:\/\/www.autotag-online.com\/fr\/#website\"},\"datePublished\":\"2017-04-27T12:40:46+00:00\",\"description\":\"Supersafe 2, capacit\u00e9 de 196 cl\u00e9s -. Autotag \u2013 originally founded in 1986, is focussed on supplying key tags & management systems, point of sale materials and workshop systems to the motor trade.\",\"breadcrumb\":{\"@id\":\"https:\/\/www.autotag-online.com\/fr\/produit\/supersafe-2-capacite-de-196-cles\/#breadcrumb\"},\"inLanguage\":\"fr-FR\",\"potentialAction\":[{\"@type\":\"ReadAction\",\"target\":[\"https:\/\/www.autotag-online.com\/fr\/produit\/supersafe-2-capacite-de-196-cles\/\"]}]},{\"@type\":\"BreadcrumbList\",\"@id\":\"https:\/\/www.autotag-online.com\/fr\/produit\/supersafe-2-capacite-de-196-cles\/#breadcrumb\",\"itemListElement\":[{\"@type\":\"ListItem\",\"position\":1,\"name\":\"Home\",\"item\":\"https:\/\/www.autotag-online.com\/fr\/\"},{\"@type\":\"ListItem\",\"position\":2,\"name\":\"Boutique\",\"item\":\"https:\/\/www.autotag-online.com\/fr\/boutique\/\"},{\"@type\":\"ListItem\",\"position\":3,\"name\":\"Miscellaneous\",\"item\":\"https:\/\/www.autotag-online.com\/fr\/categorie-produit\/misc-fr\/\"},{\"@type\":\"ListItem\",\"position\":4,\"name\":\"Supersafe 2, capacit\u00e9 de 196 cl\u00e9s\"}]},{\"@type\":\"WebSite\",\"@id\":\"https:\/\/www.autotag-online.com\/fr\/#website\",\"url\":\"https:\/\/www.autotag-online.com\/fr\/\",\"name\":\"Autotag\",\"description\":\"Sp\u00e9cialiste de la vente en gros et du commerce de cl\u00e9s et d'accessoires pour le commerce automobile\",\"publisher\":{\"@id\":\"https:\/\/www.autotag-online.com\/fr\/#organization\"},\"potentialAction\":[{\"@type\":\"SearchAction\",\"target\":{\"@type\":\"EntryPoint\",\"urlTemplate\":\"https:\/\/www.autotag-online.com\/fr\/?s={search_term_string}\"},\"query-input\":{\"@type\":\"PropertyValueSpecification\",\"valueRequired\":true,\"valueName\":\"search_term_string\"}}],\"inLanguage\":\"fr-FR\"},{\"@type\":\"Organization\",\"@id\":\"https:\/\/www.autotag-online.com\/fr\/#organization\",\"name\":\"Autotag\",\"url\":\"https:\/\/www.autotag-online.com\/fr\/\",\"logo\":{\"@type\":\"ImageObject\",\"inLanguage\":\"fr-FR\",\"@id\":\"https:\/\/www.autotag-online.com\/fr\/#\/schema\/logo\/image\/\",\"url\":\"https:\/\/www.autotag-online.com\/wp-content\/uploads\/2016\/11\/cropped-logo-2.png\",\"contentUrl\":\"https:\/\/www.autotag-online.com\/wp-content\/uploads\/2016\/11\/cropped-logo-2.png\",\"width\":628,\"height\":110,\"caption\":\"Autotag\"},\"image\":{\"@id\":\"https:\/\/www.autotag-online.com\/fr\/#\/schema\/logo\/image\/\"}}]}<\/script>\n<!-- \/ Yoast SEO plugin. -->","yoast_head_json":{"title":"Supersafe 2, capacit\u00e9 de 196 cl\u00e9s -. Autotag, motor trade merchandising specialists","description":"Supersafe 2, capacit\u00e9 de 196 cl\u00e9s -. Autotag \u2013 originally founded in 1986, is focussed on supplying key tags & management systems, point of sale materials and workshop systems to the motor trade.","robots":{"index":"index","follow":"follow","max-snippet":"max-snippet:-1","max-image-preview":"max-image-preview:large","max-video-preview":"max-video-preview:-1"},"canonical":"https:\/\/www.autotag-online.com\/fr\/produit\/supersafe-2-capacite-de-196-cles\/","og_locale":"fr_FR","og_type":"article","og_title":"Supersafe 2, capacit\u00e9 de 196 cl\u00e9s -. Autotag, motor trade merchandising specialists","og_description":"Supersafe 2, capacit\u00e9 de 196 cl\u00e9s -. Autotag \u2013 originally founded in 1986, is focussed on supplying key tags & management systems, point of sale materials and workshop systems to the motor trade.","og_url":"https:\/\/www.autotag-online.com\/fr\/produit\/supersafe-2-capacite-de-196-cles\/","og_site_name":"Autotag","twitter_card":"summary_large_image","twitter_misc":{"Dur\u00e9e de lecture estim\u00e9e":"1 minute"},"schema":{"@context":"https:\/\/schema.org","@graph":[{"@type":"WebPage","@id":"https:\/\/www.autotag-online.com\/fr\/produit\/supersafe-2-capacite-de-196-cles\/","url":"https:\/\/www.autotag-online.com\/fr\/produit\/supersafe-2-capacite-de-196-cles\/","name":"Supersafe 2, capacit\u00e9 de 196 cl\u00e9s -. Autotag, motor trade merchandising specialists","isPartOf":{"@id":"https:\/\/www.autotag-online.com\/fr\/#website"},"datePublished":"2017-04-27T12:40:46+00:00","description":"Supersafe 2, capacit\u00e9 de 196 cl\u00e9s -. Autotag \u2013 originally founded in 1986, is focussed on supplying key tags & management systems, point of sale materials and workshop systems to the motor trade.","breadcrumb":{"@id":"https:\/\/www.autotag-online.com\/fr\/produit\/supersafe-2-capacite-de-196-cles\/#breadcrumb"},"inLanguage":"fr-FR","potentialAction":[{"@type":"ReadAction","target":["https:\/\/www.autotag-online.com\/fr\/produit\/supersafe-2-capacite-de-196-cles\/"]}]},{"@type":"BreadcrumbList","@id":"https:\/\/www.autotag-online.com\/fr\/produit\/supersafe-2-capacite-de-196-cles\/#breadcrumb","itemListElement":[{"@type":"ListItem","position":1,"name":"Home","item":"https:\/\/www.autotag-online.com\/fr\/"},{"@type":"ListItem","position":2,"name":"Boutique","item":"https:\/\/www.autotag-online.com\/fr\/boutique\/"},{"@type":"ListItem","position":3,"name":"Miscellaneous","item":"https:\/\/www.autotag-online.com\/fr\/categorie-produit\/misc-fr\/"},{"@type":"ListItem","position":4,"name":"Supersafe 2, capacit\u00e9 de 196 cl\u00e9s"}]},{"@type":"WebSite","@id":"https:\/\/www.autotag-online.com\/fr\/#website","url":"https:\/\/www.autotag-online.com\/fr\/","name":"Autotag","description":"Sp\u00e9cialiste de la vente en gros et du commerce de cl\u00e9s et d'accessoires pour le commerce automobile","publisher":{"@id":"https:\/\/www.autotag-online.com\/fr\/#organization"},"potentialAction":[{"@type":"SearchAction","target":{"@type":"EntryPoint","urlTemplate":"https:\/\/www.autotag-online.com\/fr\/?s={search_term_string}"},"query-input":{"@type":"PropertyValueSpecification","valueRequired":true,"valueName":"search_term_string"}}],"inLanguage":"fr-FR"},{"@type":"Organization","@id":"https:\/\/www.autotag-online.com\/fr\/#organization","name":"Autotag","url":"https:\/\/www.autotag-online.com\/fr\/","logo":{"@type":"ImageObject","inLanguage":"fr-FR","@id":"https:\/\/www.autotag-online.com\/fr\/#\/schema\/logo\/image\/","url":"https:\/\/www.autotag-online.com\/wp-content\/uploads\/2016\/11\/cropped-logo-2.png","contentUrl":"https:\/\/www.autotag-online.com\/wp-content\/uploads\/2016\/11\/cropped-logo-2.png","width":628,"height":110,"caption":"Autotag"},"image":{"@id":"https:\/\/www.autotag-online.com\/fr\/#\/schema\/logo\/image\/"}}]}},"_links":{"self":[{"href":"https:\/\/www.autotag-online.com\/fr\/wp-json\/wp\/v2\/product\/25356","targetHints":{"allow":["GET"]}}],"collection":[{"href":"https:\/\/www.autotag-online.com\/fr\/wp-json\/wp\/v2\/product"}],"about":[{"href":"https:\/\/www.autotag-online.com\/fr\/wp-json\/wp\/v2\/types\/product"}],"replies":[{"embeddable":true,"href":"https:\/\/www.autotag-online.com\/fr\/wp-json\/wp\/v2\/comments?post=25356"}],"wp:attachment":[{"href":"https:\/\/www.autotag-online.com\/fr\/wp-json\/wp\/v2\/media?parent=25356"}],"wp:term":[{"taxonomy":"product_brand","embeddable":true,"href":"https:\/\/www.autotag-online.com\/fr\/wp-json\/wp\/v2\/product_brand?post=25356"},{"taxonomy":"product_cat","embeddable":true,"href":"https:\/\/www.autotag-online.com\/fr\/wp-json\/wp\/v2\/product_cat?post=25356"},{"taxonomy":"product_tag","embeddable":true,"href":"https:\/\/www.autotag-online.com\/fr\/wp-json\/wp\/v2\/product_tag?post=25356"}],"curies":[{"name":"wp","href":"https:\/\/api.w.org\/{rel}","templated":true}]}}