{"id":25062,"date":"2016-11-21T12:49:29","date_gmt":"2016-11-21T12:49:29","guid":{"rendered":"https:\/\/www.autotag.co.uk\/product\/a4-job-sheet-covers\/"},"modified":"2022-05-06T11:19:41","modified_gmt":"2022-05-06T10:19:41","slug":"couvertures-de-feuille-demploi-a4","status":"publish","type":"product","link":"https:\/\/www.autotag-online.com\/fr\/produit\/couvertures-de-feuille-demploi-a4\/","title":{"rendered":"Couvertures de feuille d&#8217;emploi A4"},"content":{"rendered":"<p><span id=\"result_box\" class=\"\" lang=\"fr\"><span class=\"\">Panneau arri\u00e8re rigide et opaque avec panneau avant en plastique transparent.<\/span><\/span><\/p>\n<p>Prot\u00e9gez les fiches de travail et la documentation avec cette couverture polyvalente.<br \/>\nVoir facilement les d\u00e9tails importants.<br \/>\nPorte-cl\u00e9s \u00e0 l&rsquo;arri\u00e8re avec bande de fixation Velcro sur le devant.<br \/>\nRecommand\u00e9 pour une utilisation avec les planches d&rsquo;atelier A4.<br \/>\nFait de mat\u00e9riau robuste.<br \/>\nCommande minimum 5.<\/p>\n<p>REMARQUE: le cordon de suspension n&rsquo;est pas fourni.<\/p>\n","protected":false},"excerpt":{"rendered":"<p>Panneau arri\u00e8re rigide et opaque avec panneau avant en plastique transparent. Prot\u00e9gez les fiches de travail et la documentation avec cette couverture polyvalente. Voir facilement les d\u00e9tails importants. Porte-cl\u00e9s \u00e0 l&rsquo;arri\u00e8re avec bande de fixation Velcro sur le devant. Recommand\u00e9 pour une utilisation avec les planches d&rsquo;atelier A4. Fait de mat\u00e9riau robuste. Commande minimum 5. [&hellip;]<\/p>\n","protected":false},"featured_media":32211,"comment_status":"closed","ping_status":"closed","template":"","meta":{"_acf_changed":false},"product_brand":[],"product_cat":[453,422],"product_tag":[],"class_list":{"0":"post-25062","1":"product","2":"type-product","3":"status-publish","4":"has-post-thumbnail","6":"product_cat-accessoires-de-tableau-de-planification-datelier","7":"product_cat-atelier","9":"first","10":"instock","11":"taxable","12":"shipping-taxable","13":"purchasable","14":"product-type-variable"},"exclude_global_add_ons":[],"addons":[],"acf":[],"yoast_head":"<!-- This site is optimized with the Yoast SEO plugin v27.2 - https:\/\/yoast.com\/product\/yoast-seo-wordpress\/ -->\n<title>30\/5000 Couvertures de feuilles de travail A4 - Standard<\/title>\n<meta name=\"description\" content=\"Couvertures de feuille de travail A4 - Standard. Recommand\u00e9 pour utiliser avec des planches de rabotage d&#039;atelier A4.\" \/>\n<meta name=\"robots\" content=\"index, follow, max-snippet:-1, max-image-preview:large, max-video-preview:-1\" \/>\n<link rel=\"canonical\" href=\"https:\/\/www.autotag-online.com\/fr\/produit\/couvertures-de-feuille-demploi-a4\/\" \/>\n<meta property=\"og:locale\" content=\"fr_FR\" \/>\n<meta property=\"og:type\" content=\"article\" \/>\n<meta property=\"og:title\" content=\"30\/5000 Couvertures de feuilles de travail A4 - Standard\" \/>\n<meta property=\"og:description\" content=\"Couvertures de feuille de travail A4 - Standard. Recommand\u00e9 pour utiliser avec des planches de rabotage d&#039;atelier A4.\" \/>\n<meta property=\"og:url\" content=\"https:\/\/www.autotag-online.com\/fr\/produit\/couvertures-de-feuille-demploi-a4\/\" \/>\n<meta property=\"og:site_name\" content=\"Autotag\" \/>\n<meta property=\"article:modified_time\" content=\"2022-05-06T10:19:41+00:00\" \/>\n<meta property=\"og:image\" content=\"https:\/\/www.autotag-online.com\/wp-content\/uploads\/2016\/11\/460-00-A4-Job-Sheet-Covers-fan-close-up-324x324.jpg\" \/>\n\t<meta property=\"og:image:width\" content=\"324\" \/>\n\t<meta property=\"og:image:height\" content=\"324\" \/>\n\t<meta property=\"og:image:type\" content=\"image\/jpeg\" \/>\n<meta name=\"twitter:card\" content=\"summary_large_image\" \/>\n<script type=\"application\/ld+json\" class=\"yoast-schema-graph\">{\"@context\":\"https:\/\/schema.org\",\"@graph\":[{\"@type\":\"WebPage\",\"@id\":\"https:\/\/www.autotag-online.com\/fr\/produit\/couvertures-de-feuille-demploi-a4\/\",\"url\":\"https:\/\/www.autotag-online.com\/fr\/produit\/couvertures-de-feuille-demploi-a4\/\",\"name\":\"30\/5000 Couvertures de feuilles de travail A4 - Standard\",\"isPartOf\":{\"@id\":\"https:\/\/www.autotag-online.com\/fr\/#website\"},\"primaryImageOfPage\":{\"@id\":\"https:\/\/www.autotag-online.com\/fr\/produit\/couvertures-de-feuille-demploi-a4\/#primaryimage\"},\"image\":{\"@id\":\"https:\/\/www.autotag-online.com\/fr\/produit\/couvertures-de-feuille-demploi-a4\/#primaryimage\"},\"thumbnailUrl\":\"https:\/\/www.autotag-online.com\/wp-content\/uploads\/2016\/11\/460-00-A4-Job-Sheet-Covers-fan-close-up-324x324.jpg\",\"datePublished\":\"2016-11-21T12:49:29+00:00\",\"dateModified\":\"2022-05-06T10:19:41+00:00\",\"description\":\"Couvertures de feuille de travail A4 - Standard. Recommand\u00e9 pour utiliser avec des planches de rabotage d'atelier A4.\",\"breadcrumb\":{\"@id\":\"https:\/\/www.autotag-online.com\/fr\/produit\/couvertures-de-feuille-demploi-a4\/#breadcrumb\"},\"inLanguage\":\"fr-FR\",\"potentialAction\":[{\"@type\":\"ReadAction\",\"target\":[\"https:\/\/www.autotag-online.com\/fr\/produit\/couvertures-de-feuille-demploi-a4\/\"]}]},{\"@type\":\"ImageObject\",\"inLanguage\":\"fr-FR\",\"@id\":\"https:\/\/www.autotag-online.com\/fr\/produit\/couvertures-de-feuille-demploi-a4\/#primaryimage\",\"url\":\"https:\/\/www.autotag-online.com\/wp-content\/uploads\/2016\/11\/460-00-A4-Job-Sheet-Covers-fan-close-up-324x324.jpg\",\"contentUrl\":\"https:\/\/www.autotag-online.com\/wp-content\/uploads\/2016\/11\/460-00-A4-Job-Sheet-Covers-fan-close-up-324x324.jpg\",\"width\":324,\"height\":324},{\"@type\":\"BreadcrumbList\",\"@id\":\"https:\/\/www.autotag-online.com\/fr\/produit\/couvertures-de-feuille-demploi-a4\/#breadcrumb\",\"itemListElement\":[{\"@type\":\"ListItem\",\"position\":1,\"name\":\"Home\",\"item\":\"https:\/\/www.autotag-online.com\/fr\/\"},{\"@type\":\"ListItem\",\"position\":2,\"name\":\"Boutique\",\"item\":\"https:\/\/www.autotag-online.com\/fr\/boutique\/\"},{\"@type\":\"ListItem\",\"position\":3,\"name\":\"Miscellaneous\",\"item\":\"https:\/\/www.autotag-online.com\/fr\/categorie-produit\/misc-fr\/\"},{\"@type\":\"ListItem\",\"position\":4,\"name\":\"Atelier\",\"item\":\"https:\/\/www.autotag-online.com\/fr\/categorie-produit\/misc-fr\/atelier\/\"},{\"@type\":\"ListItem\",\"position\":5,\"name\":\"Couvertures de feuille d&#8217;emploi A4\"}]},{\"@type\":\"WebSite\",\"@id\":\"https:\/\/www.autotag-online.com\/fr\/#website\",\"url\":\"https:\/\/www.autotag-online.com\/fr\/\",\"name\":\"Autotag\",\"description\":\"Sp\u00e9cialiste de la vente en gros et du commerce de cl\u00e9s et d'accessoires pour le commerce automobile\",\"publisher\":{\"@id\":\"https:\/\/www.autotag-online.com\/fr\/#organization\"},\"potentialAction\":[{\"@type\":\"SearchAction\",\"target\":{\"@type\":\"EntryPoint\",\"urlTemplate\":\"https:\/\/www.autotag-online.com\/fr\/?s={search_term_string}\"},\"query-input\":{\"@type\":\"PropertyValueSpecification\",\"valueRequired\":true,\"valueName\":\"search_term_string\"}}],\"inLanguage\":\"fr-FR\"},{\"@type\":\"Organization\",\"@id\":\"https:\/\/www.autotag-online.com\/fr\/#organization\",\"name\":\"Autotag\",\"url\":\"https:\/\/www.autotag-online.com\/fr\/\",\"logo\":{\"@type\":\"ImageObject\",\"inLanguage\":\"fr-FR\",\"@id\":\"https:\/\/www.autotag-online.com\/fr\/#\/schema\/logo\/image\/\",\"url\":\"https:\/\/www.autotag-online.com\/wp-content\/uploads\/2016\/11\/cropped-logo-2.png\",\"contentUrl\":\"https:\/\/www.autotag-online.com\/wp-content\/uploads\/2016\/11\/cropped-logo-2.png\",\"width\":628,\"height\":110,\"caption\":\"Autotag\"},\"image\":{\"@id\":\"https:\/\/www.autotag-online.com\/fr\/#\/schema\/logo\/image\/\"}}]}<\/script>\n<!-- \/ Yoast SEO plugin. -->","yoast_head_json":{"title":"30\/5000 Couvertures de feuilles de travail A4 - Standard","description":"Couvertures de feuille de travail A4 - Standard. Recommand\u00e9 pour utiliser avec des planches de rabotage d'atelier A4.","robots":{"index":"index","follow":"follow","max-snippet":"max-snippet:-1","max-image-preview":"max-image-preview:large","max-video-preview":"max-video-preview:-1"},"canonical":"https:\/\/www.autotag-online.com\/fr\/produit\/couvertures-de-feuille-demploi-a4\/","og_locale":"fr_FR","og_type":"article","og_title":"30\/5000 Couvertures de feuilles de travail A4 - Standard","og_description":"Couvertures de feuille de travail A4 - Standard. Recommand\u00e9 pour utiliser avec des planches de rabotage d'atelier A4.","og_url":"https:\/\/www.autotag-online.com\/fr\/produit\/couvertures-de-feuille-demploi-a4\/","og_site_name":"Autotag","article_modified_time":"2022-05-06T10:19:41+00:00","og_image":[{"width":324,"height":324,"url":"https:\/\/www.autotag-online.com\/wp-content\/uploads\/2016\/11\/460-00-A4-Job-Sheet-Covers-fan-close-up-324x324.jpg","type":"image\/jpeg"}],"twitter_card":"summary_large_image","schema":{"@context":"https:\/\/schema.org","@graph":[{"@type":"WebPage","@id":"https:\/\/www.autotag-online.com\/fr\/produit\/couvertures-de-feuille-demploi-a4\/","url":"https:\/\/www.autotag-online.com\/fr\/produit\/couvertures-de-feuille-demploi-a4\/","name":"30\/5000 Couvertures de feuilles de travail A4 - Standard","isPartOf":{"@id":"https:\/\/www.autotag-online.com\/fr\/#website"},"primaryImageOfPage":{"@id":"https:\/\/www.autotag-online.com\/fr\/produit\/couvertures-de-feuille-demploi-a4\/#primaryimage"},"image":{"@id":"https:\/\/www.autotag-online.com\/fr\/produit\/couvertures-de-feuille-demploi-a4\/#primaryimage"},"thumbnailUrl":"https:\/\/www.autotag-online.com\/wp-content\/uploads\/2016\/11\/460-00-A4-Job-Sheet-Covers-fan-close-up-324x324.jpg","datePublished":"2016-11-21T12:49:29+00:00","dateModified":"2022-05-06T10:19:41+00:00","description":"Couvertures de feuille de travail A4 - Standard. Recommand\u00e9 pour utiliser avec des planches de rabotage d'atelier A4.","breadcrumb":{"@id":"https:\/\/www.autotag-online.com\/fr\/produit\/couvertures-de-feuille-demploi-a4\/#breadcrumb"},"inLanguage":"fr-FR","potentialAction":[{"@type":"ReadAction","target":["https:\/\/www.autotag-online.com\/fr\/produit\/couvertures-de-feuille-demploi-a4\/"]}]},{"@type":"ImageObject","inLanguage":"fr-FR","@id":"https:\/\/www.autotag-online.com\/fr\/produit\/couvertures-de-feuille-demploi-a4\/#primaryimage","url":"https:\/\/www.autotag-online.com\/wp-content\/uploads\/2016\/11\/460-00-A4-Job-Sheet-Covers-fan-close-up-324x324.jpg","contentUrl":"https:\/\/www.autotag-online.com\/wp-content\/uploads\/2016\/11\/460-00-A4-Job-Sheet-Covers-fan-close-up-324x324.jpg","width":324,"height":324},{"@type":"BreadcrumbList","@id":"https:\/\/www.autotag-online.com\/fr\/produit\/couvertures-de-feuille-demploi-a4\/#breadcrumb","itemListElement":[{"@type":"ListItem","position":1,"name":"Home","item":"https:\/\/www.autotag-online.com\/fr\/"},{"@type":"ListItem","position":2,"name":"Boutique","item":"https:\/\/www.autotag-online.com\/fr\/boutique\/"},{"@type":"ListItem","position":3,"name":"Miscellaneous","item":"https:\/\/www.autotag-online.com\/fr\/categorie-produit\/misc-fr\/"},{"@type":"ListItem","position":4,"name":"Atelier","item":"https:\/\/www.autotag-online.com\/fr\/categorie-produit\/misc-fr\/atelier\/"},{"@type":"ListItem","position":5,"name":"Couvertures de feuille d&#8217;emploi A4"}]},{"@type":"WebSite","@id":"https:\/\/www.autotag-online.com\/fr\/#website","url":"https:\/\/www.autotag-online.com\/fr\/","name":"Autotag","description":"Sp\u00e9cialiste de la vente en gros et du commerce de cl\u00e9s et d'accessoires pour le commerce automobile","publisher":{"@id":"https:\/\/www.autotag-online.com\/fr\/#organization"},"potentialAction":[{"@type":"SearchAction","target":{"@type":"EntryPoint","urlTemplate":"https:\/\/www.autotag-online.com\/fr\/?s={search_term_string}"},"query-input":{"@type":"PropertyValueSpecification","valueRequired":true,"valueName":"search_term_string"}}],"inLanguage":"fr-FR"},{"@type":"Organization","@id":"https:\/\/www.autotag-online.com\/fr\/#organization","name":"Autotag","url":"https:\/\/www.autotag-online.com\/fr\/","logo":{"@type":"ImageObject","inLanguage":"fr-FR","@id":"https:\/\/www.autotag-online.com\/fr\/#\/schema\/logo\/image\/","url":"https:\/\/www.autotag-online.com\/wp-content\/uploads\/2016\/11\/cropped-logo-2.png","contentUrl":"https:\/\/www.autotag-online.com\/wp-content\/uploads\/2016\/11\/cropped-logo-2.png","width":628,"height":110,"caption":"Autotag"},"image":{"@id":"https:\/\/www.autotag-online.com\/fr\/#\/schema\/logo\/image\/"}}]}},"_links":{"self":[{"href":"https:\/\/www.autotag-online.com\/fr\/wp-json\/wp\/v2\/product\/25062","targetHints":{"allow":["GET"]}}],"collection":[{"href":"https:\/\/www.autotag-online.com\/fr\/wp-json\/wp\/v2\/product"}],"about":[{"href":"https:\/\/www.autotag-online.com\/fr\/wp-json\/wp\/v2\/types\/product"}],"replies":[{"embeddable":true,"href":"https:\/\/www.autotag-online.com\/fr\/wp-json\/wp\/v2\/comments?post=25062"}],"wp:featuredmedia":[{"embeddable":true,"href":"https:\/\/www.autotag-online.com\/fr\/wp-json\/wp\/v2\/media\/32211"}],"wp:attachment":[{"href":"https:\/\/www.autotag-online.com\/fr\/wp-json\/wp\/v2\/media?parent=25062"}],"wp:term":[{"taxonomy":"product_brand","embeddable":true,"href":"https:\/\/www.autotag-online.com\/fr\/wp-json\/wp\/v2\/product_brand?post=25062"},{"taxonomy":"product_cat","embeddable":true,"href":"https:\/\/www.autotag-online.com\/fr\/wp-json\/wp\/v2\/product_cat?post=25062"},{"taxonomy":"product_tag","embeddable":true,"href":"https:\/\/www.autotag-online.com\/fr\/wp-json\/wp\/v2\/product_tag?post=25062"}],"curies":[{"name":"wp","href":"https:\/\/api.w.org\/{rel}","templated":true}]}}