{"id":22658,"date":"2017-02-24T10:22:59","date_gmt":"2017-02-24T10:22:59","guid":{"rendered":"https:\/\/www.autotag.co.uk\/product\/22658\/"},"modified":"2017-07-04T11:10:18","modified_gmt":"2017-07-04T10:10:18","slug":"autotracker-bundle-2","status":"publish","type":"product","link":"https:\/\/www.autotag-online.com\/fr\/produit\/autotracker-bundle-2\/","title":{"rendered":"Autotracker option 2"},"content":{"rendered":"<p>Option 3 inclus:<\/p>\n<p>La console Autotracker avec le nombre de pions sp\u00e9cifiques \u00e0\u00a0la console, stylos distributeur, attache s\u00e9curit\u00e9, une pince coupante et les chiffres r\u00e9troviseurs.<\/p>\n<p>La m\u00eame option que option 1 mais avec les chiffres r\u00e9tro en plus.<\/p>\n<p>Autotracker capacit\u00e9 35:<\/p>\n<p>Console dans le coffre<\/p>\n<p>5 Stylos distributeurs<\/p>\n<p>100 lattache s\u00e9curit\u00e9<\/p>\n<p>1 pince coupante<\/p>\n<p>35 chiffres r\u00e9tro<\/p>\n<p>\u00a3315<\/p>\n<p>Autotracker capacit\u00e9 50:<\/p>\n<p>Console dans le coffre<\/p>\n<p>10\u00a0Stylos distributeurs<\/p>\n<p>100 lattache s\u00e9curit\u00e9<\/p>\n<p>1 pince coupante<\/p>\n<p>50\u00a0chiffres r\u00e9tro<\/p>\n<p>\u00a3430<\/p>\n<p>Autotracker capacit\u00e9 70:<\/p>\n<p>Console dans le coffre<\/p>\n<p>15 Stylos distributeurs<\/p>\n<p>100 lattache s\u00e9curit\u00e9<\/p>\n<p>1 pince coupante<\/p>\n<p>70\u00a0chiffres r\u00e9tro<\/p>\n<p>\u00a3650<\/p>\n<p>Autotracker capacit\u00e9 100:<\/p>\n<p>2 Consoles dans le coffre<\/p>\n<p>20\u00a0Stylos distributeurs<\/p>\n<p>200 lattache s\u00e9curit\u00e9<\/p>\n<p>1 pince coupante<\/p>\n<p>100\u00a0chiffres r\u00e9tro<\/p>\n<p>\u00a3900<\/p>\n<p>Autotracker capacit\u00e9 150:<\/p>\n<p>2 Consoles dans le coffre<\/p>\n<p>30\u00a0Stylos distributeurs<\/p>\n<p>200 lattache s\u00e9curit\u00e9<\/p>\n<p>1 pince coupante<\/p>\n<p>150\u00a0chiffres r\u00e9tro<\/p>\n<p>\u00a31330<\/p>\n<p>Autotracker capacit\u00e9 200:<\/p>\n<p>2 Consoles dans le coffre<\/p>\n<p>35 Stylos distributeurs<\/p>\n<p>300 lattache s\u00e9curit\u00e9<\/p>\n<p>1 pince coupante<\/p>\n<p>200\u00a0chiffres r\u00e9tro<\/p>\n<p>\u00a31800<\/p>\n","protected":false},"excerpt":{"rendered":"<p>Option 3 inclus: La console Autotracker avec le nombre de pions sp\u00e9cifiques \u00e0\u00a0la console, stylos distributeur, attache s\u00e9curit\u00e9, une pince coupante et les chiffres r\u00e9troviseurs. La m\u00eame option que option 1 mais avec les chiffres r\u00e9tro en plus. Autotracker capacit\u00e9 35: Console dans le coffre 5 Stylos distributeurs 100 lattache s\u00e9curit\u00e9 1 pince coupante 35 [&hellip;]<\/p>\n","protected":false},"featured_media":0,"comment_status":"closed","ping_status":"closed","template":"","meta":{"_acf_changed":false},"product_brand":[],"product_cat":[415],"product_tag":[],"class_list":{"0":"post-22658","1":"product","2":"type-product","3":"status-publish","5":"product_cat-misc-fr","7":"first","8":"instock","9":"taxable","10":"shipping-taxable","11":"purchasable","12":"product-type-variable"},"exclude_global_add_ons":[],"addons":[],"acf":[],"yoast_head":"<!-- This site is optimized with the Yoast SEO plugin v27.2 - https:\/\/yoast.com\/product\/yoast-seo-wordpress\/ -->\n<title>Autotracker option 2 -. Autotag, motor trade merchandising specialists<\/title>\n<meta name=\"description\" content=\"Autotracker option 2 -. Autotag \u2013 originally founded in 1986, is focussed on supplying key tags &amp; management systems, point of sale materials and workshop systems to the motor trade.\" \/>\n<meta name=\"robots\" content=\"index, follow, max-snippet:-1, max-image-preview:large, max-video-preview:-1\" \/>\n<link rel=\"canonical\" href=\"https:\/\/www.autotag-online.com\/fr\/produit\/autotracker-bundle-2\/\" \/>\n<meta property=\"og:locale\" content=\"fr_FR\" \/>\n<meta property=\"og:type\" content=\"article\" \/>\n<meta property=\"og:title\" content=\"Autotracker option 2 -. Autotag, motor trade merchandising specialists\" \/>\n<meta property=\"og:description\" content=\"Autotracker option 2 -. Autotag \u2013 originally founded in 1986, is focussed on supplying key tags &amp; management systems, point of sale materials and workshop systems to the motor trade.\" \/>\n<meta property=\"og:url\" content=\"https:\/\/www.autotag-online.com\/fr\/produit\/autotracker-bundle-2\/\" \/>\n<meta property=\"og:site_name\" content=\"Autotag\" \/>\n<meta property=\"article:modified_time\" content=\"2017-07-04T10:10:18+00:00\" \/>\n<meta name=\"twitter:card\" content=\"summary_large_image\" \/>\n<meta name=\"twitter:label1\" content=\"Dur\u00e9e de lecture estim\u00e9e\" \/>\n\t<meta name=\"twitter:data1\" content=\"1 minute\" \/>\n<script type=\"application\/ld+json\" class=\"yoast-schema-graph\">{\"@context\":\"https:\/\/schema.org\",\"@graph\":[{\"@type\":\"WebPage\",\"@id\":\"https:\/\/www.autotag-online.com\/fr\/produit\/autotracker-bundle-2\/\",\"url\":\"https:\/\/www.autotag-online.com\/fr\/produit\/autotracker-bundle-2\/\",\"name\":\"Autotracker option 2 -. Autotag, motor trade merchandising specialists\",\"isPartOf\":{\"@id\":\"https:\/\/www.autotag-online.com\/fr\/#website\"},\"datePublished\":\"2017-02-24T10:22:59+00:00\",\"dateModified\":\"2017-07-04T10:10:18+00:00\",\"description\":\"Autotracker option 2 -. Autotag \u2013 originally founded in 1986, is focussed on supplying key tags & management systems, point of sale materials and workshop systems to the motor trade.\",\"breadcrumb\":{\"@id\":\"https:\/\/www.autotag-online.com\/fr\/produit\/autotracker-bundle-2\/#breadcrumb\"},\"inLanguage\":\"fr-FR\",\"potentialAction\":[{\"@type\":\"ReadAction\",\"target\":[\"https:\/\/www.autotag-online.com\/fr\/produit\/autotracker-bundle-2\/\"]}]},{\"@type\":\"BreadcrumbList\",\"@id\":\"https:\/\/www.autotag-online.com\/fr\/produit\/autotracker-bundle-2\/#breadcrumb\",\"itemListElement\":[{\"@type\":\"ListItem\",\"position\":1,\"name\":\"Home\",\"item\":\"https:\/\/www.autotag-online.com\/fr\/\"},{\"@type\":\"ListItem\",\"position\":2,\"name\":\"Boutique\",\"item\":\"https:\/\/www.autotag-online.com\/fr\/boutique\/\"},{\"@type\":\"ListItem\",\"position\":3,\"name\":\"Miscellaneous\",\"item\":\"https:\/\/www.autotag-online.com\/fr\/categorie-produit\/misc-fr\/\"},{\"@type\":\"ListItem\",\"position\":4,\"name\":\"Autotracker option 2\"}]},{\"@type\":\"WebSite\",\"@id\":\"https:\/\/www.autotag-online.com\/fr\/#website\",\"url\":\"https:\/\/www.autotag-online.com\/fr\/\",\"name\":\"Autotag\",\"description\":\"Sp\u00e9cialiste de la vente en gros et du commerce de cl\u00e9s et d'accessoires pour le commerce automobile\",\"publisher\":{\"@id\":\"https:\/\/www.autotag-online.com\/fr\/#organization\"},\"potentialAction\":[{\"@type\":\"SearchAction\",\"target\":{\"@type\":\"EntryPoint\",\"urlTemplate\":\"https:\/\/www.autotag-online.com\/fr\/?s={search_term_string}\"},\"query-input\":{\"@type\":\"PropertyValueSpecification\",\"valueRequired\":true,\"valueName\":\"search_term_string\"}}],\"inLanguage\":\"fr-FR\"},{\"@type\":\"Organization\",\"@id\":\"https:\/\/www.autotag-online.com\/fr\/#organization\",\"name\":\"Autotag\",\"url\":\"https:\/\/www.autotag-online.com\/fr\/\",\"logo\":{\"@type\":\"ImageObject\",\"inLanguage\":\"fr-FR\",\"@id\":\"https:\/\/www.autotag-online.com\/fr\/#\/schema\/logo\/image\/\",\"url\":\"https:\/\/www.autotag-online.com\/wp-content\/uploads\/2016\/11\/cropped-logo-2.png\",\"contentUrl\":\"https:\/\/www.autotag-online.com\/wp-content\/uploads\/2016\/11\/cropped-logo-2.png\",\"width\":628,\"height\":110,\"caption\":\"Autotag\"},\"image\":{\"@id\":\"https:\/\/www.autotag-online.com\/fr\/#\/schema\/logo\/image\/\"}}]}<\/script>\n<!-- \/ Yoast SEO plugin. -->","yoast_head_json":{"title":"Autotracker option 2 -. Autotag, motor trade merchandising specialists","description":"Autotracker option 2 -. Autotag \u2013 originally founded in 1986, is focussed on supplying key tags & management systems, point of sale materials and workshop systems to the motor trade.","robots":{"index":"index","follow":"follow","max-snippet":"max-snippet:-1","max-image-preview":"max-image-preview:large","max-video-preview":"max-video-preview:-1"},"canonical":"https:\/\/www.autotag-online.com\/fr\/produit\/autotracker-bundle-2\/","og_locale":"fr_FR","og_type":"article","og_title":"Autotracker option 2 -. Autotag, motor trade merchandising specialists","og_description":"Autotracker option 2 -. Autotag \u2013 originally founded in 1986, is focussed on supplying key tags & management systems, point of sale materials and workshop systems to the motor trade.","og_url":"https:\/\/www.autotag-online.com\/fr\/produit\/autotracker-bundle-2\/","og_site_name":"Autotag","article_modified_time":"2017-07-04T10:10:18+00:00","twitter_card":"summary_large_image","twitter_misc":{"Dur\u00e9e de lecture estim\u00e9e":"1 minute"},"schema":{"@context":"https:\/\/schema.org","@graph":[{"@type":"WebPage","@id":"https:\/\/www.autotag-online.com\/fr\/produit\/autotracker-bundle-2\/","url":"https:\/\/www.autotag-online.com\/fr\/produit\/autotracker-bundle-2\/","name":"Autotracker option 2 -. Autotag, motor trade merchandising specialists","isPartOf":{"@id":"https:\/\/www.autotag-online.com\/fr\/#website"},"datePublished":"2017-02-24T10:22:59+00:00","dateModified":"2017-07-04T10:10:18+00:00","description":"Autotracker option 2 -. Autotag \u2013 originally founded in 1986, is focussed on supplying key tags & management systems, point of sale materials and workshop systems to the motor trade.","breadcrumb":{"@id":"https:\/\/www.autotag-online.com\/fr\/produit\/autotracker-bundle-2\/#breadcrumb"},"inLanguage":"fr-FR","potentialAction":[{"@type":"ReadAction","target":["https:\/\/www.autotag-online.com\/fr\/produit\/autotracker-bundle-2\/"]}]},{"@type":"BreadcrumbList","@id":"https:\/\/www.autotag-online.com\/fr\/produit\/autotracker-bundle-2\/#breadcrumb","itemListElement":[{"@type":"ListItem","position":1,"name":"Home","item":"https:\/\/www.autotag-online.com\/fr\/"},{"@type":"ListItem","position":2,"name":"Boutique","item":"https:\/\/www.autotag-online.com\/fr\/boutique\/"},{"@type":"ListItem","position":3,"name":"Miscellaneous","item":"https:\/\/www.autotag-online.com\/fr\/categorie-produit\/misc-fr\/"},{"@type":"ListItem","position":4,"name":"Autotracker option 2"}]},{"@type":"WebSite","@id":"https:\/\/www.autotag-online.com\/fr\/#website","url":"https:\/\/www.autotag-online.com\/fr\/","name":"Autotag","description":"Sp\u00e9cialiste de la vente en gros et du commerce de cl\u00e9s et d'accessoires pour le commerce automobile","publisher":{"@id":"https:\/\/www.autotag-online.com\/fr\/#organization"},"potentialAction":[{"@type":"SearchAction","target":{"@type":"EntryPoint","urlTemplate":"https:\/\/www.autotag-online.com\/fr\/?s={search_term_string}"},"query-input":{"@type":"PropertyValueSpecification","valueRequired":true,"valueName":"search_term_string"}}],"inLanguage":"fr-FR"},{"@type":"Organization","@id":"https:\/\/www.autotag-online.com\/fr\/#organization","name":"Autotag","url":"https:\/\/www.autotag-online.com\/fr\/","logo":{"@type":"ImageObject","inLanguage":"fr-FR","@id":"https:\/\/www.autotag-online.com\/fr\/#\/schema\/logo\/image\/","url":"https:\/\/www.autotag-online.com\/wp-content\/uploads\/2016\/11\/cropped-logo-2.png","contentUrl":"https:\/\/www.autotag-online.com\/wp-content\/uploads\/2016\/11\/cropped-logo-2.png","width":628,"height":110,"caption":"Autotag"},"image":{"@id":"https:\/\/www.autotag-online.com\/fr\/#\/schema\/logo\/image\/"}}]}},"_links":{"self":[{"href":"https:\/\/www.autotag-online.com\/fr\/wp-json\/wp\/v2\/product\/22658","targetHints":{"allow":["GET"]}}],"collection":[{"href":"https:\/\/www.autotag-online.com\/fr\/wp-json\/wp\/v2\/product"}],"about":[{"href":"https:\/\/www.autotag-online.com\/fr\/wp-json\/wp\/v2\/types\/product"}],"replies":[{"embeddable":true,"href":"https:\/\/www.autotag-online.com\/fr\/wp-json\/wp\/v2\/comments?post=22658"}],"wp:attachment":[{"href":"https:\/\/www.autotag-online.com\/fr\/wp-json\/wp\/v2\/media?parent=22658"}],"wp:term":[{"taxonomy":"product_brand","embeddable":true,"href":"https:\/\/www.autotag-online.com\/fr\/wp-json\/wp\/v2\/product_brand?post=22658"},{"taxonomy":"product_cat","embeddable":true,"href":"https:\/\/www.autotag-online.com\/fr\/wp-json\/wp\/v2\/product_cat?post=22658"},{"taxonomy":"product_tag","embeddable":true,"href":"https:\/\/www.autotag-online.com\/fr\/wp-json\/wp\/v2\/product_tag?post=22658"}],"curies":[{"name":"wp","href":"https:\/\/api.w.org\/{rel}","templated":true}]}}