{"id":22634,"date":"2016-11-21T12:50:09","date_gmt":"2016-11-21T12:50:09","guid":{"rendered":"https:\/\/www.autotag.co.uk\/product\/panneau-informatif-retroviseur\/"},"modified":"2018-10-04T17:26:32","modified_gmt":"2018-10-04T16:26:32","slug":"panneau-informatif-retroviseur","status":"publish","type":"product","link":"https:\/\/www.autotag-online.com\/fr\/produit\/panneau-informatif-retroviseur\/","title":{"rendered":"Panneau informatif r\u00e9troviseur"},"content":{"rendered":"<p><span id=\"result_box\" class=\"\" lang=\"fr\"><span class=\"\">Lot de 10<\/span><\/span><\/p>\n<p><span class=\"\">Cintre de miroir l\u00e9ger.<\/span><br \/>\n<span class=\"\">PVC rigide transparent.<\/span><br \/>\n<span class=\"\">Contient une feuille de portrait A4.<\/span><br \/>\n<span class=\"\">Facile \u00e0 personnaliser avec vos propres fiches techniques.<\/span><br \/>\n<span class=\"\">Insertions professionnelles autotag disponibles.<\/span><\/p>\n<p><span class=\"\">Inserts montr\u00e9s \u00e0 des fins de d\u00e9monstration uniquement &#8211; non inclus.<\/span><\/p>\n","protected":false},"excerpt":{"rendered":"<p>Lot de 10 Cintre de miroir l\u00e9ger. PVC rigide transparent. Contient une feuille de portrait A4. Facile \u00e0 personnaliser avec vos propres fiches techniques. Insertions professionnelles autotag disponibles. Inserts montr\u00e9s \u00e0 des fins de d\u00e9monstration uniquement &#8211; non inclus.<\/p>\n","protected":false},"featured_media":663,"comment_status":"closed","ping_status":"closed","template":"","meta":{"_acf_changed":false},"product_brand":[],"product_cat":[410,412],"product_tag":[],"class_list":{"0":"post-22634","1":"product","2":"type-product","3":"status-publish","4":"has-post-thumbnail","6":"product_cat-showroom-et-forecourt","7":"product_cat-signalisation-interieure","9":"first","10":"instock","11":"taxable","12":"shipping-taxable","13":"purchasable","14":"product-type-simple"},"exclude_global_add_ons":[],"addons":[],"acf":[],"yoast_head":"<!-- This site is optimized with the Yoast SEO plugin v27.2 - https:\/\/yoast.com\/product\/yoast-seo-wordpress\/ -->\n<title>Porte-miroirs en PVC et insertions pr\u00e9-imprim\u00e9es.<\/title>\n<meta name=\"description\" content=\"Cintres pour r\u00e9troviseurs en PVC pour v\u00e9hicules \/ voitures expos\u00e9s dans les salles d&#039;exposition, concessionnaires automobiles, garages et ateliers automobiles. Insertions pr\u00e9-imprim\u00e9es disponibles aussi. \u00e0 Autotag.co.uk\" \/>\n<meta name=\"robots\" content=\"index, follow, max-snippet:-1, max-image-preview:large, max-video-preview:-1\" \/>\n<link rel=\"canonical\" href=\"https:\/\/www.autotag-online.com\/fr\/produit\/panneau-informatif-retroviseur\/\" \/>\n<meta property=\"og:locale\" content=\"fr_FR\" \/>\n<meta property=\"og:type\" content=\"article\" \/>\n<meta property=\"og:title\" content=\"Porte-miroirs en PVC et insertions pr\u00e9-imprim\u00e9es.\" \/>\n<meta property=\"og:description\" content=\"Cintres pour r\u00e9troviseurs en PVC pour v\u00e9hicules \/ voitures expos\u00e9s dans les salles d&#039;exposition, concessionnaires automobiles, garages et ateliers automobiles. Insertions pr\u00e9-imprim\u00e9es disponibles aussi. \u00e0 Autotag.co.uk\" \/>\n<meta property=\"og:url\" content=\"https:\/\/www.autotag-online.com\/fr\/produit\/panneau-informatif-retroviseur\/\" \/>\n<meta property=\"og:site_name\" content=\"Autotag\" \/>\n<meta property=\"article:modified_time\" content=\"2018-10-04T16:26:32+00:00\" \/>\n<meta property=\"og:image\" content=\"https:\/\/www.autotag-online.com\/wp-content\/uploads\/2016\/11\/51745119520046jpg.html\" \/>\n\t<meta property=\"og:image:width\" content=\"200\" \/>\n\t<meta property=\"og:image:height\" content=\"200\" \/>\n\t<meta property=\"og:image:type\" content=\"image\/jpeg\" \/>\n<meta name=\"twitter:card\" content=\"summary_large_image\" \/>\n<script type=\"application\/ld+json\" class=\"yoast-schema-graph\">{\"@context\":\"https:\/\/schema.org\",\"@graph\":[{\"@type\":\"WebPage\",\"@id\":\"https:\/\/www.autotag-online.com\/fr\/produit\/panneau-informatif-retroviseur\/\",\"url\":\"https:\/\/www.autotag-online.com\/fr\/produit\/panneau-informatif-retroviseur\/\",\"name\":\"Porte-miroirs en PVC et insertions pr\u00e9-imprim\u00e9es.\",\"isPartOf\":{\"@id\":\"https:\/\/www.autotag-online.com\/fr\/#website\"},\"primaryImageOfPage\":{\"@id\":\"https:\/\/www.autotag-online.com\/fr\/produit\/panneau-informatif-retroviseur\/#primaryimage\"},\"image\":{\"@id\":\"https:\/\/www.autotag-online.com\/fr\/produit\/panneau-informatif-retroviseur\/#primaryimage\"},\"thumbnailUrl\":\"https:\/\/www.autotag-online.com\/wp-content\/uploads\/2016\/11\/51745119520046jpg.html\",\"datePublished\":\"2016-11-21T12:50:09+00:00\",\"dateModified\":\"2018-10-04T16:26:32+00:00\",\"description\":\"Cintres pour r\u00e9troviseurs en PVC pour v\u00e9hicules \/ voitures expos\u00e9s dans les salles d'exposition, concessionnaires automobiles, garages et ateliers automobiles. Insertions pr\u00e9-imprim\u00e9es disponibles aussi. \u00e0 Autotag.co.uk\",\"breadcrumb\":{\"@id\":\"https:\/\/www.autotag-online.com\/fr\/produit\/panneau-informatif-retroviseur\/#breadcrumb\"},\"inLanguage\":\"fr-FR\",\"potentialAction\":[{\"@type\":\"ReadAction\",\"target\":[\"https:\/\/www.autotag-online.com\/fr\/produit\/panneau-informatif-retroviseur\/\"]}]},{\"@type\":\"ImageObject\",\"inLanguage\":\"fr-FR\",\"@id\":\"https:\/\/www.autotag-online.com\/fr\/produit\/panneau-informatif-retroviseur\/#primaryimage\",\"url\":\"https:\/\/www.autotag-online.com\/wp-content\/uploads\/2016\/11\/51745119520046jpg.html\",\"contentUrl\":\"https:\/\/www.autotag-online.com\/wp-content\/uploads\/2016\/11\/51745119520046jpg.html\",\"width\":200,\"height\":200},{\"@type\":\"BreadcrumbList\",\"@id\":\"https:\/\/www.autotag-online.com\/fr\/produit\/panneau-informatif-retroviseur\/#breadcrumb\",\"itemListElement\":[{\"@type\":\"ListItem\",\"position\":1,\"name\":\"Home\",\"item\":\"https:\/\/www.autotag-online.com\/fr\/\"},{\"@type\":\"ListItem\",\"position\":2,\"name\":\"Boutique\",\"item\":\"https:\/\/www.autotag-online.com\/fr\/boutique\/\"},{\"@type\":\"ListItem\",\"position\":3,\"name\":\"Showroom et Forecourt\",\"item\":\"https:\/\/www.autotag-online.com\/fr\/categorie-produit\/showroom-et-forecourt\/\"},{\"@type\":\"ListItem\",\"position\":4,\"name\":\"Signalisation int\u00e9rieure\",\"item\":\"https:\/\/www.autotag-online.com\/fr\/categorie-produit\/showroom-et-forecourt\/signalisation-interieure\/\"},{\"@type\":\"ListItem\",\"position\":5,\"name\":\"Panneau informatif r\u00e9troviseur\"}]},{\"@type\":\"WebSite\",\"@id\":\"https:\/\/www.autotag-online.com\/fr\/#website\",\"url\":\"https:\/\/www.autotag-online.com\/fr\/\",\"name\":\"Autotag\",\"description\":\"Sp\u00e9cialiste de la vente en gros et du commerce de cl\u00e9s et d'accessoires pour le commerce automobile\",\"publisher\":{\"@id\":\"https:\/\/www.autotag-online.com\/fr\/#organization\"},\"potentialAction\":[{\"@type\":\"SearchAction\",\"target\":{\"@type\":\"EntryPoint\",\"urlTemplate\":\"https:\/\/www.autotag-online.com\/fr\/?s={search_term_string}\"},\"query-input\":{\"@type\":\"PropertyValueSpecification\",\"valueRequired\":true,\"valueName\":\"search_term_string\"}}],\"inLanguage\":\"fr-FR\"},{\"@type\":\"Organization\",\"@id\":\"https:\/\/www.autotag-online.com\/fr\/#organization\",\"name\":\"Autotag\",\"url\":\"https:\/\/www.autotag-online.com\/fr\/\",\"logo\":{\"@type\":\"ImageObject\",\"inLanguage\":\"fr-FR\",\"@id\":\"https:\/\/www.autotag-online.com\/fr\/#\/schema\/logo\/image\/\",\"url\":\"https:\/\/www.autotag-online.com\/wp-content\/uploads\/2016\/11\/cropped-logo-2.png\",\"contentUrl\":\"https:\/\/www.autotag-online.com\/wp-content\/uploads\/2016\/11\/cropped-logo-2.png\",\"width\":628,\"height\":110,\"caption\":\"Autotag\"},\"image\":{\"@id\":\"https:\/\/www.autotag-online.com\/fr\/#\/schema\/logo\/image\/\"}}]}<\/script>\n<!-- \/ Yoast SEO plugin. -->","yoast_head_json":{"title":"Porte-miroirs en PVC et insertions pr\u00e9-imprim\u00e9es.","description":"Cintres pour r\u00e9troviseurs en PVC pour v\u00e9hicules \/ voitures expos\u00e9s dans les salles d'exposition, concessionnaires automobiles, garages et ateliers automobiles. Insertions pr\u00e9-imprim\u00e9es disponibles aussi. \u00e0 Autotag.co.uk","robots":{"index":"index","follow":"follow","max-snippet":"max-snippet:-1","max-image-preview":"max-image-preview:large","max-video-preview":"max-video-preview:-1"},"canonical":"https:\/\/www.autotag-online.com\/fr\/produit\/panneau-informatif-retroviseur\/","og_locale":"fr_FR","og_type":"article","og_title":"Porte-miroirs en PVC et insertions pr\u00e9-imprim\u00e9es.","og_description":"Cintres pour r\u00e9troviseurs en PVC pour v\u00e9hicules \/ voitures expos\u00e9s dans les salles d'exposition, concessionnaires automobiles, garages et ateliers automobiles. Insertions pr\u00e9-imprim\u00e9es disponibles aussi. \u00e0 Autotag.co.uk","og_url":"https:\/\/www.autotag-online.com\/fr\/produit\/panneau-informatif-retroviseur\/","og_site_name":"Autotag","article_modified_time":"2018-10-04T16:26:32+00:00","og_image":[{"width":200,"height":200,"url":"https:\/\/www.autotag-online.com\/wp-content\/uploads\/2016\/11\/51745119520046jpg.html","type":"image\/jpeg"}],"twitter_card":"summary_large_image","schema":{"@context":"https:\/\/schema.org","@graph":[{"@type":"WebPage","@id":"https:\/\/www.autotag-online.com\/fr\/produit\/panneau-informatif-retroviseur\/","url":"https:\/\/www.autotag-online.com\/fr\/produit\/panneau-informatif-retroviseur\/","name":"Porte-miroirs en PVC et insertions pr\u00e9-imprim\u00e9es.","isPartOf":{"@id":"https:\/\/www.autotag-online.com\/fr\/#website"},"primaryImageOfPage":{"@id":"https:\/\/www.autotag-online.com\/fr\/produit\/panneau-informatif-retroviseur\/#primaryimage"},"image":{"@id":"https:\/\/www.autotag-online.com\/fr\/produit\/panneau-informatif-retroviseur\/#primaryimage"},"thumbnailUrl":"https:\/\/www.autotag-online.com\/wp-content\/uploads\/2016\/11\/51745119520046jpg.html","datePublished":"2016-11-21T12:50:09+00:00","dateModified":"2018-10-04T16:26:32+00:00","description":"Cintres pour r\u00e9troviseurs en PVC pour v\u00e9hicules \/ voitures expos\u00e9s dans les salles d'exposition, concessionnaires automobiles, garages et ateliers automobiles. Insertions pr\u00e9-imprim\u00e9es disponibles aussi. \u00e0 Autotag.co.uk","breadcrumb":{"@id":"https:\/\/www.autotag-online.com\/fr\/produit\/panneau-informatif-retroviseur\/#breadcrumb"},"inLanguage":"fr-FR","potentialAction":[{"@type":"ReadAction","target":["https:\/\/www.autotag-online.com\/fr\/produit\/panneau-informatif-retroviseur\/"]}]},{"@type":"ImageObject","inLanguage":"fr-FR","@id":"https:\/\/www.autotag-online.com\/fr\/produit\/panneau-informatif-retroviseur\/#primaryimage","url":"https:\/\/www.autotag-online.com\/wp-content\/uploads\/2016\/11\/51745119520046jpg.html","contentUrl":"https:\/\/www.autotag-online.com\/wp-content\/uploads\/2016\/11\/51745119520046jpg.html","width":200,"height":200},{"@type":"BreadcrumbList","@id":"https:\/\/www.autotag-online.com\/fr\/produit\/panneau-informatif-retroviseur\/#breadcrumb","itemListElement":[{"@type":"ListItem","position":1,"name":"Home","item":"https:\/\/www.autotag-online.com\/fr\/"},{"@type":"ListItem","position":2,"name":"Boutique","item":"https:\/\/www.autotag-online.com\/fr\/boutique\/"},{"@type":"ListItem","position":3,"name":"Showroom et Forecourt","item":"https:\/\/www.autotag-online.com\/fr\/categorie-produit\/showroom-et-forecourt\/"},{"@type":"ListItem","position":4,"name":"Signalisation int\u00e9rieure","item":"https:\/\/www.autotag-online.com\/fr\/categorie-produit\/showroom-et-forecourt\/signalisation-interieure\/"},{"@type":"ListItem","position":5,"name":"Panneau informatif r\u00e9troviseur"}]},{"@type":"WebSite","@id":"https:\/\/www.autotag-online.com\/fr\/#website","url":"https:\/\/www.autotag-online.com\/fr\/","name":"Autotag","description":"Sp\u00e9cialiste de la vente en gros et du commerce de cl\u00e9s et d'accessoires pour le commerce automobile","publisher":{"@id":"https:\/\/www.autotag-online.com\/fr\/#organization"},"potentialAction":[{"@type":"SearchAction","target":{"@type":"EntryPoint","urlTemplate":"https:\/\/www.autotag-online.com\/fr\/?s={search_term_string}"},"query-input":{"@type":"PropertyValueSpecification","valueRequired":true,"valueName":"search_term_string"}}],"inLanguage":"fr-FR"},{"@type":"Organization","@id":"https:\/\/www.autotag-online.com\/fr\/#organization","name":"Autotag","url":"https:\/\/www.autotag-online.com\/fr\/","logo":{"@type":"ImageObject","inLanguage":"fr-FR","@id":"https:\/\/www.autotag-online.com\/fr\/#\/schema\/logo\/image\/","url":"https:\/\/www.autotag-online.com\/wp-content\/uploads\/2016\/11\/cropped-logo-2.png","contentUrl":"https:\/\/www.autotag-online.com\/wp-content\/uploads\/2016\/11\/cropped-logo-2.png","width":628,"height":110,"caption":"Autotag"},"image":{"@id":"https:\/\/www.autotag-online.com\/fr\/#\/schema\/logo\/image\/"}}]}},"_links":{"self":[{"href":"https:\/\/www.autotag-online.com\/fr\/wp-json\/wp\/v2\/product\/22634","targetHints":{"allow":["GET"]}}],"collection":[{"href":"https:\/\/www.autotag-online.com\/fr\/wp-json\/wp\/v2\/product"}],"about":[{"href":"https:\/\/www.autotag-online.com\/fr\/wp-json\/wp\/v2\/types\/product"}],"replies":[{"embeddable":true,"href":"https:\/\/www.autotag-online.com\/fr\/wp-json\/wp\/v2\/comments?post=22634"}],"wp:featuredmedia":[{"embeddable":true,"href":"https:\/\/www.autotag-online.com\/fr\/wp-json\/wp\/v2\/media\/663"}],"wp:attachment":[{"href":"https:\/\/www.autotag-online.com\/fr\/wp-json\/wp\/v2\/media?parent=22634"}],"wp:term":[{"taxonomy":"product_brand","embeddable":true,"href":"https:\/\/www.autotag-online.com\/fr\/wp-json\/wp\/v2\/product_brand?post=22634"},{"taxonomy":"product_cat","embeddable":true,"href":"https:\/\/www.autotag-online.com\/fr\/wp-json\/wp\/v2\/product_cat?post=22634"},{"taxonomy":"product_tag","embeddable":true,"href":"https:\/\/www.autotag-online.com\/fr\/wp-json\/wp\/v2\/product_tag?post=22634"}],"curies":[{"name":"wp","href":"https:\/\/api.w.org\/{rel}","templated":true}]}}