{"id":22627,"date":"2017-02-08T14:19:16","date_gmt":"2017-02-08T14:19:16","guid":{"rendered":"https:\/\/www.autotag.co.uk\/product\/porte-documents-plus\/"},"modified":"2022-05-18T10:31:19","modified_gmt":"2022-05-18T09:31:19","slug":"porte-documents-plus","status":"publish","type":"product","link":"https:\/\/www.autotag-online.com\/fr\/produit\/porte-documents-plus\/","title":{"rendered":"Porte-documents- Plus"},"content":{"rendered":"<p><span id=\"result_box\" class=\"\" lang=\"fr\">La m\u00eame qualit\u00e9 exceptionnelle que nos couvertures standard de feuille de travail mais avec un panneau avant en plastique expansible pour tenir des documents additionnels.<\/span><\/p>\n<p>Prot\u00e9gez les fiches de travail et la documentation avec cette couverture polyvalente.<\/p>\n<p>Panneau arri\u00e8re opaque rigide avec panneau frontal en plastique transparent avec bande de fixation Velcro \u00e0 l&rsquo;arri\u00e8re.<\/p>\n<p><span class=\"\">Pochette pour maintenir les cl\u00e9s sur le c\u00f4t\u00e9 arri\u00e8re.<\/span><\/p>\n<p><span class=\"\">Recommand\u00e9 pour une utilisation avec les conseils de planification d&rsquo;atelier.<\/span><\/p>\n<p><span class=\"\">3mm d&rsquo;\u00e9paisseur quand aucun document en place &#8211; se d\u00e9veloppe \u00e0 30mm lorsque les documents en place.<\/span><\/p>\n<p>REMARQUE: le cordon de suspension n&rsquo;est pas fourni.<\/p>\n","protected":false},"excerpt":{"rendered":"<p>La m\u00eame qualit\u00e9 exceptionnelle que nos couvertures standard de feuille de travail mais avec un panneau avant en plastique expansible pour tenir des documents additionnels. Prot\u00e9gez les fiches de travail et la documentation avec cette couverture polyvalente. Panneau arri\u00e8re opaque rigide avec panneau frontal en plastique transparent avec bande de fixation Velcro \u00e0 l&rsquo;arri\u00e8re. Pochette [&hellip;]<\/p>\n","protected":false},"featured_media":2404,"comment_status":"closed","ping_status":"closed","template":"","meta":{"_acf_changed":false},"product_brand":[],"product_cat":[453,422],"product_tag":[],"class_list":{"0":"post-22627","1":"product","2":"type-product","3":"status-publish","4":"has-post-thumbnail","6":"product_cat-accessoires-de-tableau-de-planification-datelier","7":"product_cat-atelier","9":"first","10":"instock","11":"taxable","12":"shipping-taxable","13":"purchasable","14":"product-type-variable"},"exclude_global_add_ons":[],"addons":[],"acf":[],"yoast_head":"<!-- This site is optimized with the Yoast SEO plugin v27.2 - https:\/\/yoast.com\/product\/yoast-seo-wordpress\/ -->\n<title>Porte-documents- Plus -. Autotag, motor trade merchandising specialists<\/title>\n<meta name=\"description\" content=\"Porte-documents- Plus -. Autotag \u2013 originally founded in 1986, is focussed on supplying key tags &amp; management systems, point of sale materials and workshop systems to the motor trade.\" \/>\n<meta name=\"robots\" content=\"index, follow, max-snippet:-1, max-image-preview:large, max-video-preview:-1\" \/>\n<link rel=\"canonical\" href=\"https:\/\/www.autotag-online.com\/fr\/produit\/porte-documents-plus\/\" \/>\n<meta property=\"og:locale\" content=\"fr_FR\" \/>\n<meta property=\"og:type\" content=\"article\" \/>\n<meta property=\"og:title\" content=\"Porte-documents- Plus -. Autotag, motor trade merchandising specialists\" \/>\n<meta property=\"og:description\" content=\"Porte-documents- Plus -. Autotag \u2013 originally founded in 1986, is focussed on supplying key tags &amp; management systems, point of sale materials and workshop systems to the motor trade.\" \/>\n<meta property=\"og:url\" content=\"https:\/\/www.autotag-online.com\/fr\/produit\/porte-documents-plus\/\" \/>\n<meta property=\"og:site_name\" content=\"Autotag\" \/>\n<meta property=\"article:modified_time\" content=\"2022-05-18T09:31:19+00:00\" \/>\n<meta property=\"og:image\" content=\"https:\/\/www.autotag-online.com\/wp-content\/uploads\/2017\/02\/464-00-A4-Job-Sheet-Covers-heavy-duty-fan-close-up.1.jpg\" \/>\n\t<meta property=\"og:image:width\" content=\"510\" \/>\n\t<meta property=\"og:image:height\" content=\"338\" \/>\n\t<meta property=\"og:image:type\" content=\"image\/jpeg\" \/>\n<meta name=\"twitter:card\" content=\"summary_large_image\" \/>\n<meta name=\"twitter:label1\" content=\"Dur\u00e9e de lecture estim\u00e9e\" \/>\n\t<meta name=\"twitter:data1\" content=\"1 minute\" \/>\n<script type=\"application\/ld+json\" class=\"yoast-schema-graph\">{\"@context\":\"https:\/\/schema.org\",\"@graph\":[{\"@type\":\"WebPage\",\"@id\":\"https:\/\/www.autotag-online.com\/fr\/produit\/porte-documents-plus\/\",\"url\":\"https:\/\/www.autotag-online.com\/fr\/produit\/porte-documents-plus\/\",\"name\":\"Porte-documents- Plus -. Autotag, motor trade merchandising specialists\",\"isPartOf\":{\"@id\":\"https:\/\/www.autotag-online.com\/fr\/#website\"},\"primaryImageOfPage\":{\"@id\":\"https:\/\/www.autotag-online.com\/fr\/produit\/porte-documents-plus\/#primaryimage\"},\"image\":{\"@id\":\"https:\/\/www.autotag-online.com\/fr\/produit\/porte-documents-plus\/#primaryimage\"},\"thumbnailUrl\":\"https:\/\/www.autotag-online.com\/wp-content\/uploads\/2017\/02\/464-00-A4-Job-Sheet-Covers-heavy-duty-fan-close-up.1.jpg\",\"datePublished\":\"2017-02-08T14:19:16+00:00\",\"dateModified\":\"2022-05-18T09:31:19+00:00\",\"description\":\"Porte-documents- Plus -. Autotag \u2013 originally founded in 1986, is focussed on supplying key tags & management systems, point of sale materials and workshop systems to the motor trade.\",\"breadcrumb\":{\"@id\":\"https:\/\/www.autotag-online.com\/fr\/produit\/porte-documents-plus\/#breadcrumb\"},\"inLanguage\":\"fr-FR\",\"potentialAction\":[{\"@type\":\"ReadAction\",\"target\":[\"https:\/\/www.autotag-online.com\/fr\/produit\/porte-documents-plus\/\"]}]},{\"@type\":\"ImageObject\",\"inLanguage\":\"fr-FR\",\"@id\":\"https:\/\/www.autotag-online.com\/fr\/produit\/porte-documents-plus\/#primaryimage\",\"url\":\"https:\/\/www.autotag-online.com\/wp-content\/uploads\/2017\/02\/464-00-A4-Job-Sheet-Covers-heavy-duty-fan-close-up.1.jpg\",\"contentUrl\":\"https:\/\/www.autotag-online.com\/wp-content\/uploads\/2017\/02\/464-00-A4-Job-Sheet-Covers-heavy-duty-fan-close-up.1.jpg\",\"width\":510,\"height\":338},{\"@type\":\"BreadcrumbList\",\"@id\":\"https:\/\/www.autotag-online.com\/fr\/produit\/porte-documents-plus\/#breadcrumb\",\"itemListElement\":[{\"@type\":\"ListItem\",\"position\":1,\"name\":\"Home\",\"item\":\"https:\/\/www.autotag-online.com\/fr\/\"},{\"@type\":\"ListItem\",\"position\":2,\"name\":\"Boutique\",\"item\":\"https:\/\/www.autotag-online.com\/fr\/boutique\/\"},{\"@type\":\"ListItem\",\"position\":3,\"name\":\"Miscellaneous\",\"item\":\"https:\/\/www.autotag-online.com\/fr\/categorie-produit\/misc-fr\/\"},{\"@type\":\"ListItem\",\"position\":4,\"name\":\"Atelier\",\"item\":\"https:\/\/www.autotag-online.com\/fr\/categorie-produit\/misc-fr\/atelier\/\"},{\"@type\":\"ListItem\",\"position\":5,\"name\":\"Porte-documents- Plus\"}]},{\"@type\":\"WebSite\",\"@id\":\"https:\/\/www.autotag-online.com\/fr\/#website\",\"url\":\"https:\/\/www.autotag-online.com\/fr\/\",\"name\":\"Autotag\",\"description\":\"Sp\u00e9cialiste de la vente en gros et du commerce de cl\u00e9s et d'accessoires pour le commerce automobile\",\"publisher\":{\"@id\":\"https:\/\/www.autotag-online.com\/fr\/#organization\"},\"potentialAction\":[{\"@type\":\"SearchAction\",\"target\":{\"@type\":\"EntryPoint\",\"urlTemplate\":\"https:\/\/www.autotag-online.com\/fr\/?s={search_term_string}\"},\"query-input\":{\"@type\":\"PropertyValueSpecification\",\"valueRequired\":true,\"valueName\":\"search_term_string\"}}],\"inLanguage\":\"fr-FR\"},{\"@type\":\"Organization\",\"@id\":\"https:\/\/www.autotag-online.com\/fr\/#organization\",\"name\":\"Autotag\",\"url\":\"https:\/\/www.autotag-online.com\/fr\/\",\"logo\":{\"@type\":\"ImageObject\",\"inLanguage\":\"fr-FR\",\"@id\":\"https:\/\/www.autotag-online.com\/fr\/#\/schema\/logo\/image\/\",\"url\":\"https:\/\/www.autotag-online.com\/wp-content\/uploads\/2016\/11\/cropped-logo-2.png\",\"contentUrl\":\"https:\/\/www.autotag-online.com\/wp-content\/uploads\/2016\/11\/cropped-logo-2.png\",\"width\":628,\"height\":110,\"caption\":\"Autotag\"},\"image\":{\"@id\":\"https:\/\/www.autotag-online.com\/fr\/#\/schema\/logo\/image\/\"}}]}<\/script>\n<!-- \/ Yoast SEO plugin. -->","yoast_head_json":{"title":"Porte-documents- Plus -. Autotag, motor trade merchandising specialists","description":"Porte-documents- Plus -. Autotag \u2013 originally founded in 1986, is focussed on supplying key tags & management systems, point of sale materials and workshop systems to the motor trade.","robots":{"index":"index","follow":"follow","max-snippet":"max-snippet:-1","max-image-preview":"max-image-preview:large","max-video-preview":"max-video-preview:-1"},"canonical":"https:\/\/www.autotag-online.com\/fr\/produit\/porte-documents-plus\/","og_locale":"fr_FR","og_type":"article","og_title":"Porte-documents- Plus -. Autotag, motor trade merchandising specialists","og_description":"Porte-documents- Plus -. Autotag \u2013 originally founded in 1986, is focussed on supplying key tags & management systems, point of sale materials and workshop systems to the motor trade.","og_url":"https:\/\/www.autotag-online.com\/fr\/produit\/porte-documents-plus\/","og_site_name":"Autotag","article_modified_time":"2022-05-18T09:31:19+00:00","og_image":[{"width":510,"height":338,"url":"https:\/\/www.autotag-online.com\/wp-content\/uploads\/2017\/02\/464-00-A4-Job-Sheet-Covers-heavy-duty-fan-close-up.1.jpg","type":"image\/jpeg"}],"twitter_card":"summary_large_image","twitter_misc":{"Dur\u00e9e de lecture estim\u00e9e":"1 minute"},"schema":{"@context":"https:\/\/schema.org","@graph":[{"@type":"WebPage","@id":"https:\/\/www.autotag-online.com\/fr\/produit\/porte-documents-plus\/","url":"https:\/\/www.autotag-online.com\/fr\/produit\/porte-documents-plus\/","name":"Porte-documents- Plus -. Autotag, motor trade merchandising specialists","isPartOf":{"@id":"https:\/\/www.autotag-online.com\/fr\/#website"},"primaryImageOfPage":{"@id":"https:\/\/www.autotag-online.com\/fr\/produit\/porte-documents-plus\/#primaryimage"},"image":{"@id":"https:\/\/www.autotag-online.com\/fr\/produit\/porte-documents-plus\/#primaryimage"},"thumbnailUrl":"https:\/\/www.autotag-online.com\/wp-content\/uploads\/2017\/02\/464-00-A4-Job-Sheet-Covers-heavy-duty-fan-close-up.1.jpg","datePublished":"2017-02-08T14:19:16+00:00","dateModified":"2022-05-18T09:31:19+00:00","description":"Porte-documents- Plus -. Autotag \u2013 originally founded in 1986, is focussed on supplying key tags & management systems, point of sale materials and workshop systems to the motor trade.","breadcrumb":{"@id":"https:\/\/www.autotag-online.com\/fr\/produit\/porte-documents-plus\/#breadcrumb"},"inLanguage":"fr-FR","potentialAction":[{"@type":"ReadAction","target":["https:\/\/www.autotag-online.com\/fr\/produit\/porte-documents-plus\/"]}]},{"@type":"ImageObject","inLanguage":"fr-FR","@id":"https:\/\/www.autotag-online.com\/fr\/produit\/porte-documents-plus\/#primaryimage","url":"https:\/\/www.autotag-online.com\/wp-content\/uploads\/2017\/02\/464-00-A4-Job-Sheet-Covers-heavy-duty-fan-close-up.1.jpg","contentUrl":"https:\/\/www.autotag-online.com\/wp-content\/uploads\/2017\/02\/464-00-A4-Job-Sheet-Covers-heavy-duty-fan-close-up.1.jpg","width":510,"height":338},{"@type":"BreadcrumbList","@id":"https:\/\/www.autotag-online.com\/fr\/produit\/porte-documents-plus\/#breadcrumb","itemListElement":[{"@type":"ListItem","position":1,"name":"Home","item":"https:\/\/www.autotag-online.com\/fr\/"},{"@type":"ListItem","position":2,"name":"Boutique","item":"https:\/\/www.autotag-online.com\/fr\/boutique\/"},{"@type":"ListItem","position":3,"name":"Miscellaneous","item":"https:\/\/www.autotag-online.com\/fr\/categorie-produit\/misc-fr\/"},{"@type":"ListItem","position":4,"name":"Atelier","item":"https:\/\/www.autotag-online.com\/fr\/categorie-produit\/misc-fr\/atelier\/"},{"@type":"ListItem","position":5,"name":"Porte-documents- Plus"}]},{"@type":"WebSite","@id":"https:\/\/www.autotag-online.com\/fr\/#website","url":"https:\/\/www.autotag-online.com\/fr\/","name":"Autotag","description":"Sp\u00e9cialiste de la vente en gros et du commerce de cl\u00e9s et d'accessoires pour le commerce automobile","publisher":{"@id":"https:\/\/www.autotag-online.com\/fr\/#organization"},"potentialAction":[{"@type":"SearchAction","target":{"@type":"EntryPoint","urlTemplate":"https:\/\/www.autotag-online.com\/fr\/?s={search_term_string}"},"query-input":{"@type":"PropertyValueSpecification","valueRequired":true,"valueName":"search_term_string"}}],"inLanguage":"fr-FR"},{"@type":"Organization","@id":"https:\/\/www.autotag-online.com\/fr\/#organization","name":"Autotag","url":"https:\/\/www.autotag-online.com\/fr\/","logo":{"@type":"ImageObject","inLanguage":"fr-FR","@id":"https:\/\/www.autotag-online.com\/fr\/#\/schema\/logo\/image\/","url":"https:\/\/www.autotag-online.com\/wp-content\/uploads\/2016\/11\/cropped-logo-2.png","contentUrl":"https:\/\/www.autotag-online.com\/wp-content\/uploads\/2016\/11\/cropped-logo-2.png","width":628,"height":110,"caption":"Autotag"},"image":{"@id":"https:\/\/www.autotag-online.com\/fr\/#\/schema\/logo\/image\/"}}]}},"_links":{"self":[{"href":"https:\/\/www.autotag-online.com\/fr\/wp-json\/wp\/v2\/product\/22627","targetHints":{"allow":["GET"]}}],"collection":[{"href":"https:\/\/www.autotag-online.com\/fr\/wp-json\/wp\/v2\/product"}],"about":[{"href":"https:\/\/www.autotag-online.com\/fr\/wp-json\/wp\/v2\/types\/product"}],"replies":[{"embeddable":true,"href":"https:\/\/www.autotag-online.com\/fr\/wp-json\/wp\/v2\/comments?post=22627"}],"wp:featuredmedia":[{"embeddable":true,"href":"https:\/\/www.autotag-online.com\/fr\/wp-json\/wp\/v2\/media\/2404"}],"wp:attachment":[{"href":"https:\/\/www.autotag-online.com\/fr\/wp-json\/wp\/v2\/media?parent=22627"}],"wp:term":[{"taxonomy":"product_brand","embeddable":true,"href":"https:\/\/www.autotag-online.com\/fr\/wp-json\/wp\/v2\/product_brand?post=22627"},{"taxonomy":"product_cat","embeddable":true,"href":"https:\/\/www.autotag-online.com\/fr\/wp-json\/wp\/v2\/product_cat?post=22627"},{"taxonomy":"product_tag","embeddable":true,"href":"https:\/\/www.autotag-online.com\/fr\/wp-json\/wp\/v2\/product_tag?post=22627"}],"curies":[{"name":"wp","href":"https:\/\/api.w.org\/{rel}","templated":true}]}}