{"id":22552,"date":"2016-11-21T12:49:52","date_gmt":"2016-11-21T12:49:52","guid":{"rendered":"https:\/\/www.autotag.co.uk\/product\/bloc-magnetique-individuel\/"},"modified":"2022-07-18T15:22:12","modified_gmt":"2022-07-18T14:22:12","slug":"individual-number-blocks-plain","status":"publish","type":"product","link":"https:\/\/www.autotag-online.com\/fr\/produit\/individual-number-blocks-plain\/","title":{"rendered":"Blocs de num\u00e9ros individuels &#8211; Plain"},"content":{"rendered":"<p><span id=\"result_box\" class=\"\" lang=\"fr\"><span class=\"\">Blocs de num\u00e9ros individuels &#8211; Plain.<\/span><\/span><\/p>\n<p><span class=\"\">Livr\u00e9 SANS NUM\u00c9ROS<\/span><\/p>\n<p>Disponible en jaune, bleu, rouge ou vert.<\/p>\n<p>Les blocs num\u00e9rot\u00e9s peuvent \u00e9galement \u00eatre achet\u00e9s avec le num\u00e9ro attach\u00e9 &#8211; ou des feuilles individuelles de num\u00e9ros peuvent \u00eatre achet\u00e9s s\u00e9par\u00e9ment.<\/p>\n","protected":false},"excerpt":{"rendered":"<p>Blocs de num\u00e9ros individuels &#8211; Plain. Livr\u00e9 SANS NUM\u00c9ROS Disponible en jaune, bleu, rouge ou vert. Les blocs num\u00e9rot\u00e9s peuvent \u00e9galement \u00eatre achet\u00e9s avec le num\u00e9ro attach\u00e9 &#8211; ou des feuilles individuelles de num\u00e9ros peuvent \u00eatre achet\u00e9s s\u00e9par\u00e9ment.<\/p>\n","protected":false},"featured_media":27584,"comment_status":"closed","ping_status":"closed","template":"","meta":{"_acf_changed":false},"product_brand":[],"product_cat":[422,423],"product_tag":[],"class_list":{"0":"post-22552","1":"product","2":"type-product","3":"status-publish","4":"has-post-thumbnail","6":"product_cat-atelier","7":"product_cat-systeme-de-numero-de-bloc","9":"first","10":"instock","11":"taxable","12":"shipping-taxable","13":"purchasable","14":"product-type-variable"},"exclude_global_add_ons":[],"addons":[],"acf":[],"yoast_head":"<!-- This site is optimized with the Yoast SEO plugin v27.2 - https:\/\/yoast.com\/product\/yoast-seo-wordpress\/ -->\n<title>Blocs de num\u00e9ros individuels pour les syst\u00e8mes de blocs de num\u00e9ros par autotag-online.com<\/title>\n<meta name=\"description\" content=\"Syst\u00e8mes de pav\u00e9s num\u00e9riques, Blocs de num\u00e9ros individuels par autotag-online.com\" \/>\n<meta name=\"robots\" content=\"index, follow, max-snippet:-1, max-image-preview:large, max-video-preview:-1\" \/>\n<link rel=\"canonical\" href=\"https:\/\/www.autotag-online.com\/fr\/produit\/individual-number-blocks-plain\/\" \/>\n<meta property=\"og:locale\" content=\"fr_FR\" \/>\n<meta property=\"og:type\" content=\"article\" \/>\n<meta property=\"og:title\" content=\"Blocs de num\u00e9ros individuels pour les syst\u00e8mes de blocs de num\u00e9ros par autotag-online.com\" \/>\n<meta property=\"og:description\" content=\"Syst\u00e8mes de pav\u00e9s num\u00e9riques, Blocs de num\u00e9ros individuels par autotag-online.com\" \/>\n<meta property=\"og:url\" content=\"https:\/\/www.autotag-online.com\/fr\/produit\/individual-number-blocks-plain\/\" \/>\n<meta property=\"og:site_name\" content=\"Autotag\" \/>\n<meta property=\"article:modified_time\" content=\"2022-07-18T14:22:12+00:00\" \/>\n<meta property=\"og:image\" content=\"https:\/\/www.autotag-online.com\/wp-content\/uploads\/2016\/11\/324-00_Number_Blocks_2.jpg\" \/>\n\t<meta property=\"og:image:width\" content=\"510\" \/>\n\t<meta property=\"og:image:height\" content=\"338\" \/>\n\t<meta property=\"og:image:type\" content=\"image\/jpeg\" \/>\n<meta name=\"twitter:card\" content=\"summary_large_image\" \/>\n<meta name=\"twitter:label1\" content=\"Dur\u00e9e de lecture estim\u00e9e\" \/>\n\t<meta name=\"twitter:data1\" content=\"1 minute\" \/>\n<script type=\"application\/ld+json\" class=\"yoast-schema-graph\">{\"@context\":\"https:\/\/schema.org\",\"@graph\":[{\"@type\":\"WebPage\",\"@id\":\"https:\/\/www.autotag-online.com\/fr\/produit\/individual-number-blocks-plain\/\",\"url\":\"https:\/\/www.autotag-online.com\/fr\/produit\/individual-number-blocks-plain\/\",\"name\":\"Blocs de num\u00e9ros individuels pour les syst\u00e8mes de blocs de num\u00e9ros par autotag-online.com\",\"isPartOf\":{\"@id\":\"https:\/\/www.autotag-online.com\/fr\/#website\"},\"primaryImageOfPage\":{\"@id\":\"https:\/\/www.autotag-online.com\/fr\/produit\/individual-number-blocks-plain\/#primaryimage\"},\"image\":{\"@id\":\"https:\/\/www.autotag-online.com\/fr\/produit\/individual-number-blocks-plain\/#primaryimage\"},\"thumbnailUrl\":\"https:\/\/www.autotag-online.com\/wp-content\/uploads\/2016\/11\/324-00_Number_Blocks_2.jpg\",\"datePublished\":\"2016-11-21T12:49:52+00:00\",\"dateModified\":\"2022-07-18T14:22:12+00:00\",\"description\":\"Syst\u00e8mes de pav\u00e9s num\u00e9riques, Blocs de num\u00e9ros individuels par autotag-online.com\",\"breadcrumb\":{\"@id\":\"https:\/\/www.autotag-online.com\/fr\/produit\/individual-number-blocks-plain\/#breadcrumb\"},\"inLanguage\":\"fr-FR\",\"potentialAction\":[{\"@type\":\"ReadAction\",\"target\":[\"https:\/\/www.autotag-online.com\/fr\/produit\/individual-number-blocks-plain\/\"]}]},{\"@type\":\"ImageObject\",\"inLanguage\":\"fr-FR\",\"@id\":\"https:\/\/www.autotag-online.com\/fr\/produit\/individual-number-blocks-plain\/#primaryimage\",\"url\":\"https:\/\/www.autotag-online.com\/wp-content\/uploads\/2016\/11\/324-00_Number_Blocks_2.jpg\",\"contentUrl\":\"https:\/\/www.autotag-online.com\/wp-content\/uploads\/2016\/11\/324-00_Number_Blocks_2.jpg\",\"width\":510,\"height\":338},{\"@type\":\"BreadcrumbList\",\"@id\":\"https:\/\/www.autotag-online.com\/fr\/produit\/individual-number-blocks-plain\/#breadcrumb\",\"itemListElement\":[{\"@type\":\"ListItem\",\"position\":1,\"name\":\"Home\",\"item\":\"https:\/\/www.autotag-online.com\/fr\/\"},{\"@type\":\"ListItem\",\"position\":2,\"name\":\"Boutique\",\"item\":\"https:\/\/www.autotag-online.com\/fr\/boutique\/\"},{\"@type\":\"ListItem\",\"position\":3,\"name\":\"Miscellaneous\",\"item\":\"https:\/\/www.autotag-online.com\/fr\/categorie-produit\/misc-fr\/\"},{\"@type\":\"ListItem\",\"position\":4,\"name\":\"Atelier\",\"item\":\"https:\/\/www.autotag-online.com\/fr\/categorie-produit\/misc-fr\/atelier\/\"},{\"@type\":\"ListItem\",\"position\":5,\"name\":\"Blocs de num\u00e9ros individuels &#8211; Plain\"}]},{\"@type\":\"WebSite\",\"@id\":\"https:\/\/www.autotag-online.com\/fr\/#website\",\"url\":\"https:\/\/www.autotag-online.com\/fr\/\",\"name\":\"Autotag\",\"description\":\"Sp\u00e9cialiste de la vente en gros et du commerce de cl\u00e9s et d'accessoires pour le commerce automobile\",\"publisher\":{\"@id\":\"https:\/\/www.autotag-online.com\/fr\/#organization\"},\"potentialAction\":[{\"@type\":\"SearchAction\",\"target\":{\"@type\":\"EntryPoint\",\"urlTemplate\":\"https:\/\/www.autotag-online.com\/fr\/?s={search_term_string}\"},\"query-input\":{\"@type\":\"PropertyValueSpecification\",\"valueRequired\":true,\"valueName\":\"search_term_string\"}}],\"inLanguage\":\"fr-FR\"},{\"@type\":\"Organization\",\"@id\":\"https:\/\/www.autotag-online.com\/fr\/#organization\",\"name\":\"Autotag\",\"url\":\"https:\/\/www.autotag-online.com\/fr\/\",\"logo\":{\"@type\":\"ImageObject\",\"inLanguage\":\"fr-FR\",\"@id\":\"https:\/\/www.autotag-online.com\/fr\/#\/schema\/logo\/image\/\",\"url\":\"https:\/\/www.autotag-online.com\/wp-content\/uploads\/2016\/11\/cropped-logo-2.png\",\"contentUrl\":\"https:\/\/www.autotag-online.com\/wp-content\/uploads\/2016\/11\/cropped-logo-2.png\",\"width\":628,\"height\":110,\"caption\":\"Autotag\"},\"image\":{\"@id\":\"https:\/\/www.autotag-online.com\/fr\/#\/schema\/logo\/image\/\"}}]}<\/script>\n<!-- \/ Yoast SEO plugin. -->","yoast_head_json":{"title":"Blocs de num\u00e9ros individuels pour les syst\u00e8mes de blocs de num\u00e9ros par autotag-online.com","description":"Syst\u00e8mes de pav\u00e9s num\u00e9riques, Blocs de num\u00e9ros individuels par autotag-online.com","robots":{"index":"index","follow":"follow","max-snippet":"max-snippet:-1","max-image-preview":"max-image-preview:large","max-video-preview":"max-video-preview:-1"},"canonical":"https:\/\/www.autotag-online.com\/fr\/produit\/individual-number-blocks-plain\/","og_locale":"fr_FR","og_type":"article","og_title":"Blocs de num\u00e9ros individuels pour les syst\u00e8mes de blocs de num\u00e9ros par autotag-online.com","og_description":"Syst\u00e8mes de pav\u00e9s num\u00e9riques, Blocs de num\u00e9ros individuels par autotag-online.com","og_url":"https:\/\/www.autotag-online.com\/fr\/produit\/individual-number-blocks-plain\/","og_site_name":"Autotag","article_modified_time":"2022-07-18T14:22:12+00:00","og_image":[{"width":510,"height":338,"url":"https:\/\/www.autotag-online.com\/wp-content\/uploads\/2016\/11\/324-00_Number_Blocks_2.jpg","type":"image\/jpeg"}],"twitter_card":"summary_large_image","twitter_misc":{"Dur\u00e9e de lecture estim\u00e9e":"1 minute"},"schema":{"@context":"https:\/\/schema.org","@graph":[{"@type":"WebPage","@id":"https:\/\/www.autotag-online.com\/fr\/produit\/individual-number-blocks-plain\/","url":"https:\/\/www.autotag-online.com\/fr\/produit\/individual-number-blocks-plain\/","name":"Blocs de num\u00e9ros individuels pour les syst\u00e8mes de blocs de num\u00e9ros par autotag-online.com","isPartOf":{"@id":"https:\/\/www.autotag-online.com\/fr\/#website"},"primaryImageOfPage":{"@id":"https:\/\/www.autotag-online.com\/fr\/produit\/individual-number-blocks-plain\/#primaryimage"},"image":{"@id":"https:\/\/www.autotag-online.com\/fr\/produit\/individual-number-blocks-plain\/#primaryimage"},"thumbnailUrl":"https:\/\/www.autotag-online.com\/wp-content\/uploads\/2016\/11\/324-00_Number_Blocks_2.jpg","datePublished":"2016-11-21T12:49:52+00:00","dateModified":"2022-07-18T14:22:12+00:00","description":"Syst\u00e8mes de pav\u00e9s num\u00e9riques, Blocs de num\u00e9ros individuels par autotag-online.com","breadcrumb":{"@id":"https:\/\/www.autotag-online.com\/fr\/produit\/individual-number-blocks-plain\/#breadcrumb"},"inLanguage":"fr-FR","potentialAction":[{"@type":"ReadAction","target":["https:\/\/www.autotag-online.com\/fr\/produit\/individual-number-blocks-plain\/"]}]},{"@type":"ImageObject","inLanguage":"fr-FR","@id":"https:\/\/www.autotag-online.com\/fr\/produit\/individual-number-blocks-plain\/#primaryimage","url":"https:\/\/www.autotag-online.com\/wp-content\/uploads\/2016\/11\/324-00_Number_Blocks_2.jpg","contentUrl":"https:\/\/www.autotag-online.com\/wp-content\/uploads\/2016\/11\/324-00_Number_Blocks_2.jpg","width":510,"height":338},{"@type":"BreadcrumbList","@id":"https:\/\/www.autotag-online.com\/fr\/produit\/individual-number-blocks-plain\/#breadcrumb","itemListElement":[{"@type":"ListItem","position":1,"name":"Home","item":"https:\/\/www.autotag-online.com\/fr\/"},{"@type":"ListItem","position":2,"name":"Boutique","item":"https:\/\/www.autotag-online.com\/fr\/boutique\/"},{"@type":"ListItem","position":3,"name":"Miscellaneous","item":"https:\/\/www.autotag-online.com\/fr\/categorie-produit\/misc-fr\/"},{"@type":"ListItem","position":4,"name":"Atelier","item":"https:\/\/www.autotag-online.com\/fr\/categorie-produit\/misc-fr\/atelier\/"},{"@type":"ListItem","position":5,"name":"Blocs de num\u00e9ros individuels &#8211; Plain"}]},{"@type":"WebSite","@id":"https:\/\/www.autotag-online.com\/fr\/#website","url":"https:\/\/www.autotag-online.com\/fr\/","name":"Autotag","description":"Sp\u00e9cialiste de la vente en gros et du commerce de cl\u00e9s et d'accessoires pour le commerce automobile","publisher":{"@id":"https:\/\/www.autotag-online.com\/fr\/#organization"},"potentialAction":[{"@type":"SearchAction","target":{"@type":"EntryPoint","urlTemplate":"https:\/\/www.autotag-online.com\/fr\/?s={search_term_string}"},"query-input":{"@type":"PropertyValueSpecification","valueRequired":true,"valueName":"search_term_string"}}],"inLanguage":"fr-FR"},{"@type":"Organization","@id":"https:\/\/www.autotag-online.com\/fr\/#organization","name":"Autotag","url":"https:\/\/www.autotag-online.com\/fr\/","logo":{"@type":"ImageObject","inLanguage":"fr-FR","@id":"https:\/\/www.autotag-online.com\/fr\/#\/schema\/logo\/image\/","url":"https:\/\/www.autotag-online.com\/wp-content\/uploads\/2016\/11\/cropped-logo-2.png","contentUrl":"https:\/\/www.autotag-online.com\/wp-content\/uploads\/2016\/11\/cropped-logo-2.png","width":628,"height":110,"caption":"Autotag"},"image":{"@id":"https:\/\/www.autotag-online.com\/fr\/#\/schema\/logo\/image\/"}}]}},"_links":{"self":[{"href":"https:\/\/www.autotag-online.com\/fr\/wp-json\/wp\/v2\/product\/22552","targetHints":{"allow":["GET"]}}],"collection":[{"href":"https:\/\/www.autotag-online.com\/fr\/wp-json\/wp\/v2\/product"}],"about":[{"href":"https:\/\/www.autotag-online.com\/fr\/wp-json\/wp\/v2\/types\/product"}],"replies":[{"embeddable":true,"href":"https:\/\/www.autotag-online.com\/fr\/wp-json\/wp\/v2\/comments?post=22552"}],"wp:featuredmedia":[{"embeddable":true,"href":"https:\/\/www.autotag-online.com\/fr\/wp-json\/wp\/v2\/media\/27584"}],"wp:attachment":[{"href":"https:\/\/www.autotag-online.com\/fr\/wp-json\/wp\/v2\/media?parent=22552"}],"wp:term":[{"taxonomy":"product_brand","embeddable":true,"href":"https:\/\/www.autotag-online.com\/fr\/wp-json\/wp\/v2\/product_brand?post=22552"},{"taxonomy":"product_cat","embeddable":true,"href":"https:\/\/www.autotag-online.com\/fr\/wp-json\/wp\/v2\/product_cat?post=22552"},{"taxonomy":"product_tag","embeddable":true,"href":"https:\/\/www.autotag-online.com\/fr\/wp-json\/wp\/v2\/product_tag?post=22552"}],"curies":[{"name":"wp","href":"https:\/\/api.w.org\/{rel}","templated":true}]}}