{"id":22419,"date":"2016-11-21T12:49:23","date_gmt":"2016-11-21T12:49:23","guid":{"rendered":"https:\/\/www.autotag.co.uk\/product\/mini\/"},"modified":"2018-07-19T17:54:22","modified_gmt":"2018-07-19T16:54:22","slug":"mini-60-plus-securite-coffre-a-cles","status":"publish","type":"product","link":"https:\/\/www.autotag-online.com\/fr\/produit\/mini-60-plus-securite-coffre-a-cles\/","title":{"rendered":"Mini 60 plus s\u00e9curit\u00e9 coffre \u00e0 cl\u00e9s"},"content":{"rendered":"<p><span id=\"result_box\" class=\"\" lang=\"fr\"><span title=\"The smallest and most compact cabinet in our range has undergone a complete redesign in order to benefit from the new Flexible Rail System.\">L&rsquo;armoire la plus petite et la plus compacte de notre gamme a subi une refonte compl\u00e8te afin de b\u00e9n\u00e9ficier du nouveau syst\u00e8me de rail flexible. <\/span><span title=\"This cabinet is manufactured from high quality 1.5mm steel and is secured by a mechanical combination lock.\n\n\">Cette armoire est fabriqu\u00e9e en acier de haute qualit\u00e9 de 1,5 mm et est s\u00e9curis\u00e9e par une serrure \u00e0 combinaison m\u00e9canique.<\/p>\n<p><\/span><span title=\"Internally the cabinet has been designed to include our new fully adjustable Flexible Rail System to provide an incredible 63 Mk I \/ II tags or 93 Mk III Workshop tags.\n\n\u00a0\u00a0\u00a0\u00a0\">\u00c0 l&rsquo;int\u00e9rieur, l&rsquo;armoire a \u00e9t\u00e9 con\u00e7ue pour inclure notre nouveau syst\u00e8me de rail flexible enti\u00e8rement r\u00e9glable pour fournir une incroyable \u00e9chelle de 63 Mk I \/ II ou 93 marques d&rsquo;atelier Mk III.<\/p>\n<p><\/span><span title=\"Capacity: 63 Mk I \/ II tags, 93 Mk III Workshop tags or keyless entry fobs.\n\u00a0\u00a0\u00a0\u00a0\">Capacit\u00e9: 63 \u00e9tiquettes Mk I \/ II, 93 marques d&rsquo;atelier Mk III ou porte-cl\u00e9s sans cl\u00e9.<br \/>\n<\/span><span title=\"New Flexible Rail System - offering increased key capacity at no increased cost.\n\u00a0\u00a0\u00a0\u00a0\">Nouveau syst\u00e8me de rail flexible &#8211; offrant une capacit\u00e9 cl\u00e9 accrue sans co\u00fbt accru.<br \/>\n<\/span><span title=\"Quick and easy capacity adjustments.\n\u00a0\u00a0\u00a0\u00a0\">Ajustements de capacit\u00e9 rapides et faciles.<br \/>\n<\/span><span title=\"Designed to house Mk I \/ II tags, Mk IIII Workshop tags or Keyless Entry cards.\n\u00a0\u00a0\u00a0\u00a0\">Con\u00e7u pour accueillir les tags Mk I \/ II, les tags d&rsquo;atelier Mk IIII ou les cartes Keyless Entry.<br \/>\n<\/span><span title=\"Proven Security with a tried-and-tested cabinet design with mechanical Combination Lock as standard.\n\u00a0\u00a0\u00a0\u00a0\">S\u00e9curit\u00e9 \u00e9prouv\u00e9e avec une conception de meuble \u00e9prouv\u00e9e avec serrure \u00e0 combinaison m\u00e9canique en standard.<br \/>\n<\/span><span title=\"(Also available with a Combination Lock with key over-ride fitted as standard - at additional cost).\n\u00a0\u00a0\u00a0\u00a0\">(\u00c9galement disponible avec une serrure \u00e0 combinaison avec cl\u00e9 de s\u00e9curit\u00e9 int\u00e9gr\u00e9e de s\u00e9rie &#8211; \u00e0 un co\u00fbt suppl\u00e9mentaire).<br \/>\n<\/span><span title=\"Dimensions: H: 500 mm x W: 430 mm x D: 140 mm.\n\u00a0\u00a0\u00a0\u00a0\">Dimensions: H: 500 mm x L: 430 mm x P: 140 mm.<br \/>\n<\/span><span title=\"Finished in metallic silver.\n\n\">Fini en argent m\u00e9tallique.<\/p>\n<p><\/span><span title=\"Please contact our sales team on 0844 225 0155 to enable us to configure your cabinet to suit your requirements.\">Veuillez contacter notre \u00e9quipe commerciale au\u00a0\u00a0\u00a0\u00a0\u00a0\u00a0 <\/span><\/span><span id=\"result_box\" class=\"\" lang=\"fr\"><span title=\"Please contact our sales team on 0844 225 0155 to enable us to configure your cabinet to suit your requirements.\">sales@autotag-online.compour nous permettre de configurer votre armoire en fonction de vos besoins.<\/span><\/span><\/p>\n","protected":false},"excerpt":{"rendered":"<p>Mini 60 armoire \u00e0 cl\u00e9s<\/p>\n","protected":false},"featured_media":2918,"comment_status":"closed","ping_status":"closed","template":"","meta":{"_acf_changed":false},"product_brand":[],"product_cat":[421],"product_tag":[],"class_list":{"0":"post-22419","1":"product","2":"type-product","3":"status-publish","4":"has-post-thumbnail","6":"product_cat-armoires-a-cles-de-securite","8":"first","9":"instock","10":"taxable","11":"shipping-taxable","12":"purchasable","13":"product-type-simple"},"exclude_global_add_ons":false,"addons":[],"acf":[],"yoast_head":"<!-- This site is optimized with the Yoast SEO plugin v27.2 - https:\/\/yoast.com\/product\/yoast-seo-wordpress\/ -->\n<title>Petites armoires \u00e0 cl\u00e9s de s\u00e9curit\u00e9 pour les cl\u00e9s et les badges. Autotag - Essentiels et fournitures pour le commerce automobile<\/title>\n<meta name=\"description\" content=\"Mini 60 Key Cabinet, armoires \u00e0 cl\u00e9s de s\u00e9curit\u00e9 pour garage et showrooms d&#039;Autotag.fr. Armoires \u00e0 cl\u00e9s de petite taille utiles pour le commerce automobile ou les agents immobiliers.\" \/>\n<meta name=\"robots\" content=\"index, follow, max-snippet:-1, max-image-preview:large, max-video-preview:-1\" \/>\n<link rel=\"canonical\" href=\"https:\/\/www.autotag-online.com\/fr\/produit\/mini-60-plus-securite-coffre-a-cles\/\" \/>\n<meta property=\"og:locale\" content=\"fr_FR\" \/>\n<meta property=\"og:type\" content=\"article\" \/>\n<meta property=\"og:title\" content=\"Petites armoires \u00e0 cl\u00e9s de s\u00e9curit\u00e9 pour les cl\u00e9s et les badges. Autotag - Essentiels et fournitures pour le commerce automobile\" \/>\n<meta property=\"og:description\" content=\"Mini 60 Key Cabinet, armoires \u00e0 cl\u00e9s de s\u00e9curit\u00e9 pour garage et showrooms d&#039;Autotag.fr. Armoires \u00e0 cl\u00e9s de petite taille utiles pour le commerce automobile ou les agents immobiliers.\" \/>\n<meta property=\"og:url\" content=\"https:\/\/www.autotag-online.com\/fr\/produit\/mini-60-plus-securite-coffre-a-cles\/\" \/>\n<meta property=\"og:site_name\" content=\"Autotag\" \/>\n<meta property=\"article:modified_time\" content=\"2018-07-19T16:54:22+00:00\" \/>\n<meta property=\"og:image\" content=\"https:\/\/www.autotag-online.com\/wp-content\/uploads\/2016\/11\/250-31-Mini-60.jpg\" \/>\n\t<meta property=\"og:image:width\" content=\"510\" \/>\n\t<meta property=\"og:image:height\" content=\"408\" \/>\n\t<meta property=\"og:image:type\" content=\"image\/jpeg\" \/>\n<meta name=\"twitter:card\" content=\"summary_large_image\" \/>\n<meta name=\"twitter:label1\" content=\"Dur\u00e9e de lecture estim\u00e9e\" \/>\n\t<meta name=\"twitter:data1\" content=\"1 minute\" \/>\n<script type=\"application\/ld+json\" class=\"yoast-schema-graph\">{\"@context\":\"https:\/\/schema.org\",\"@graph\":[{\"@type\":\"WebPage\",\"@id\":\"https:\/\/www.autotag-online.com\/fr\/produit\/mini-60-plus-securite-coffre-a-cles\/\",\"url\":\"https:\/\/www.autotag-online.com\/fr\/produit\/mini-60-plus-securite-coffre-a-cles\/\",\"name\":\"Petites armoires \u00e0 cl\u00e9s de s\u00e9curit\u00e9 pour les cl\u00e9s et les badges. Autotag - Essentiels et fournitures pour le commerce automobile\",\"isPartOf\":{\"@id\":\"https:\/\/www.autotag-online.com\/fr\/#website\"},\"primaryImageOfPage\":{\"@id\":\"https:\/\/www.autotag-online.com\/fr\/produit\/mini-60-plus-securite-coffre-a-cles\/#primaryimage\"},\"image\":{\"@id\":\"https:\/\/www.autotag-online.com\/fr\/produit\/mini-60-plus-securite-coffre-a-cles\/#primaryimage\"},\"thumbnailUrl\":\"https:\/\/www.autotag-online.com\/wp-content\/uploads\/2016\/11\/250-31-Mini-60.jpg\",\"datePublished\":\"2016-11-21T12:49:23+00:00\",\"dateModified\":\"2018-07-19T16:54:22+00:00\",\"description\":\"Mini 60 Key Cabinet, armoires \u00e0 cl\u00e9s de s\u00e9curit\u00e9 pour garage et showrooms d'Autotag.fr. Armoires \u00e0 cl\u00e9s de petite taille utiles pour le commerce automobile ou les agents immobiliers.\",\"breadcrumb\":{\"@id\":\"https:\/\/www.autotag-online.com\/fr\/produit\/mini-60-plus-securite-coffre-a-cles\/#breadcrumb\"},\"inLanguage\":\"fr-FR\",\"potentialAction\":[{\"@type\":\"ReadAction\",\"target\":[\"https:\/\/www.autotag-online.com\/fr\/produit\/mini-60-plus-securite-coffre-a-cles\/\"]}]},{\"@type\":\"ImageObject\",\"inLanguage\":\"fr-FR\",\"@id\":\"https:\/\/www.autotag-online.com\/fr\/produit\/mini-60-plus-securite-coffre-a-cles\/#primaryimage\",\"url\":\"https:\/\/www.autotag-online.com\/wp-content\/uploads\/2016\/11\/250-31-Mini-60.jpg\",\"contentUrl\":\"https:\/\/www.autotag-online.com\/wp-content\/uploads\/2016\/11\/250-31-Mini-60.jpg\",\"width\":510,\"height\":408},{\"@type\":\"BreadcrumbList\",\"@id\":\"https:\/\/www.autotag-online.com\/fr\/produit\/mini-60-plus-securite-coffre-a-cles\/#breadcrumb\",\"itemListElement\":[{\"@type\":\"ListItem\",\"position\":1,\"name\":\"Home\",\"item\":\"https:\/\/www.autotag-online.com\/fr\/\"},{\"@type\":\"ListItem\",\"position\":2,\"name\":\"Boutique\",\"item\":\"https:\/\/www.autotag-online.com\/fr\/boutique\/\"},{\"@type\":\"ListItem\",\"position\":3,\"name\":\"Armoires \u00e0 cl\u00e9s de s\u00e9curit\u00e9\",\"item\":\"https:\/\/www.autotag-online.com\/fr\/categorie-produit\/armoires-a-cles-de-securite\/\"},{\"@type\":\"ListItem\",\"position\":4,\"name\":\"Mini 60 plus s\u00e9curit\u00e9 coffre \u00e0 cl\u00e9s\"}]},{\"@type\":\"WebSite\",\"@id\":\"https:\/\/www.autotag-online.com\/fr\/#website\",\"url\":\"https:\/\/www.autotag-online.com\/fr\/\",\"name\":\"Autotag\",\"description\":\"Sp\u00e9cialiste de la vente en gros et du commerce de cl\u00e9s et d'accessoires pour le commerce automobile\",\"publisher\":{\"@id\":\"https:\/\/www.autotag-online.com\/fr\/#organization\"},\"potentialAction\":[{\"@type\":\"SearchAction\",\"target\":{\"@type\":\"EntryPoint\",\"urlTemplate\":\"https:\/\/www.autotag-online.com\/fr\/?s={search_term_string}\"},\"query-input\":{\"@type\":\"PropertyValueSpecification\",\"valueRequired\":true,\"valueName\":\"search_term_string\"}}],\"inLanguage\":\"fr-FR\"},{\"@type\":\"Organization\",\"@id\":\"https:\/\/www.autotag-online.com\/fr\/#organization\",\"name\":\"Autotag\",\"url\":\"https:\/\/www.autotag-online.com\/fr\/\",\"logo\":{\"@type\":\"ImageObject\",\"inLanguage\":\"fr-FR\",\"@id\":\"https:\/\/www.autotag-online.com\/fr\/#\/schema\/logo\/image\/\",\"url\":\"https:\/\/www.autotag-online.com\/wp-content\/uploads\/2016\/11\/cropped-logo-2.png\",\"contentUrl\":\"https:\/\/www.autotag-online.com\/wp-content\/uploads\/2016\/11\/cropped-logo-2.png\",\"width\":628,\"height\":110,\"caption\":\"Autotag\"},\"image\":{\"@id\":\"https:\/\/www.autotag-online.com\/fr\/#\/schema\/logo\/image\/\"}}]}<\/script>\n<!-- \/ Yoast SEO plugin. -->","yoast_head_json":{"title":"Petites armoires \u00e0 cl\u00e9s de s\u00e9curit\u00e9 pour les cl\u00e9s et les badges. Autotag - Essentiels et fournitures pour le commerce automobile","description":"Mini 60 Key Cabinet, armoires \u00e0 cl\u00e9s de s\u00e9curit\u00e9 pour garage et showrooms d'Autotag.fr. Armoires \u00e0 cl\u00e9s de petite taille utiles pour le commerce automobile ou les agents immobiliers.","robots":{"index":"index","follow":"follow","max-snippet":"max-snippet:-1","max-image-preview":"max-image-preview:large","max-video-preview":"max-video-preview:-1"},"canonical":"https:\/\/www.autotag-online.com\/fr\/produit\/mini-60-plus-securite-coffre-a-cles\/","og_locale":"fr_FR","og_type":"article","og_title":"Petites armoires \u00e0 cl\u00e9s de s\u00e9curit\u00e9 pour les cl\u00e9s et les badges. Autotag - Essentiels et fournitures pour le commerce automobile","og_description":"Mini 60 Key Cabinet, armoires \u00e0 cl\u00e9s de s\u00e9curit\u00e9 pour garage et showrooms d'Autotag.fr. Armoires \u00e0 cl\u00e9s de petite taille utiles pour le commerce automobile ou les agents immobiliers.","og_url":"https:\/\/www.autotag-online.com\/fr\/produit\/mini-60-plus-securite-coffre-a-cles\/","og_site_name":"Autotag","article_modified_time":"2018-07-19T16:54:22+00:00","og_image":[{"width":510,"height":408,"url":"https:\/\/www.autotag-online.com\/wp-content\/uploads\/2016\/11\/250-31-Mini-60.jpg","type":"image\/jpeg"}],"twitter_card":"summary_large_image","twitter_misc":{"Dur\u00e9e de lecture estim\u00e9e":"1 minute"},"schema":{"@context":"https:\/\/schema.org","@graph":[{"@type":"WebPage","@id":"https:\/\/www.autotag-online.com\/fr\/produit\/mini-60-plus-securite-coffre-a-cles\/","url":"https:\/\/www.autotag-online.com\/fr\/produit\/mini-60-plus-securite-coffre-a-cles\/","name":"Petites armoires \u00e0 cl\u00e9s de s\u00e9curit\u00e9 pour les cl\u00e9s et les badges. Autotag - Essentiels et fournitures pour le commerce automobile","isPartOf":{"@id":"https:\/\/www.autotag-online.com\/fr\/#website"},"primaryImageOfPage":{"@id":"https:\/\/www.autotag-online.com\/fr\/produit\/mini-60-plus-securite-coffre-a-cles\/#primaryimage"},"image":{"@id":"https:\/\/www.autotag-online.com\/fr\/produit\/mini-60-plus-securite-coffre-a-cles\/#primaryimage"},"thumbnailUrl":"https:\/\/www.autotag-online.com\/wp-content\/uploads\/2016\/11\/250-31-Mini-60.jpg","datePublished":"2016-11-21T12:49:23+00:00","dateModified":"2018-07-19T16:54:22+00:00","description":"Mini 60 Key Cabinet, armoires \u00e0 cl\u00e9s de s\u00e9curit\u00e9 pour garage et showrooms d'Autotag.fr. Armoires \u00e0 cl\u00e9s de petite taille utiles pour le commerce automobile ou les agents immobiliers.","breadcrumb":{"@id":"https:\/\/www.autotag-online.com\/fr\/produit\/mini-60-plus-securite-coffre-a-cles\/#breadcrumb"},"inLanguage":"fr-FR","potentialAction":[{"@type":"ReadAction","target":["https:\/\/www.autotag-online.com\/fr\/produit\/mini-60-plus-securite-coffre-a-cles\/"]}]},{"@type":"ImageObject","inLanguage":"fr-FR","@id":"https:\/\/www.autotag-online.com\/fr\/produit\/mini-60-plus-securite-coffre-a-cles\/#primaryimage","url":"https:\/\/www.autotag-online.com\/wp-content\/uploads\/2016\/11\/250-31-Mini-60.jpg","contentUrl":"https:\/\/www.autotag-online.com\/wp-content\/uploads\/2016\/11\/250-31-Mini-60.jpg","width":510,"height":408},{"@type":"BreadcrumbList","@id":"https:\/\/www.autotag-online.com\/fr\/produit\/mini-60-plus-securite-coffre-a-cles\/#breadcrumb","itemListElement":[{"@type":"ListItem","position":1,"name":"Home","item":"https:\/\/www.autotag-online.com\/fr\/"},{"@type":"ListItem","position":2,"name":"Boutique","item":"https:\/\/www.autotag-online.com\/fr\/boutique\/"},{"@type":"ListItem","position":3,"name":"Armoires \u00e0 cl\u00e9s de s\u00e9curit\u00e9","item":"https:\/\/www.autotag-online.com\/fr\/categorie-produit\/armoires-a-cles-de-securite\/"},{"@type":"ListItem","position":4,"name":"Mini 60 plus s\u00e9curit\u00e9 coffre \u00e0 cl\u00e9s"}]},{"@type":"WebSite","@id":"https:\/\/www.autotag-online.com\/fr\/#website","url":"https:\/\/www.autotag-online.com\/fr\/","name":"Autotag","description":"Sp\u00e9cialiste de la vente en gros et du commerce de cl\u00e9s et d'accessoires pour le commerce automobile","publisher":{"@id":"https:\/\/www.autotag-online.com\/fr\/#organization"},"potentialAction":[{"@type":"SearchAction","target":{"@type":"EntryPoint","urlTemplate":"https:\/\/www.autotag-online.com\/fr\/?s={search_term_string}"},"query-input":{"@type":"PropertyValueSpecification","valueRequired":true,"valueName":"search_term_string"}}],"inLanguage":"fr-FR"},{"@type":"Organization","@id":"https:\/\/www.autotag-online.com\/fr\/#organization","name":"Autotag","url":"https:\/\/www.autotag-online.com\/fr\/","logo":{"@type":"ImageObject","inLanguage":"fr-FR","@id":"https:\/\/www.autotag-online.com\/fr\/#\/schema\/logo\/image\/","url":"https:\/\/www.autotag-online.com\/wp-content\/uploads\/2016\/11\/cropped-logo-2.png","contentUrl":"https:\/\/www.autotag-online.com\/wp-content\/uploads\/2016\/11\/cropped-logo-2.png","width":628,"height":110,"caption":"Autotag"},"image":{"@id":"https:\/\/www.autotag-online.com\/fr\/#\/schema\/logo\/image\/"}}]}},"_links":{"self":[{"href":"https:\/\/www.autotag-online.com\/fr\/wp-json\/wp\/v2\/product\/22419","targetHints":{"allow":["GET"]}}],"collection":[{"href":"https:\/\/www.autotag-online.com\/fr\/wp-json\/wp\/v2\/product"}],"about":[{"href":"https:\/\/www.autotag-online.com\/fr\/wp-json\/wp\/v2\/types\/product"}],"replies":[{"embeddable":true,"href":"https:\/\/www.autotag-online.com\/fr\/wp-json\/wp\/v2\/comments?post=22419"}],"wp:featuredmedia":[{"embeddable":true,"href":"https:\/\/www.autotag-online.com\/fr\/wp-json\/wp\/v2\/media\/2918"}],"wp:attachment":[{"href":"https:\/\/www.autotag-online.com\/fr\/wp-json\/wp\/v2\/media?parent=22419"}],"wp:term":[{"taxonomy":"product_brand","embeddable":true,"href":"https:\/\/www.autotag-online.com\/fr\/wp-json\/wp\/v2\/product_brand?post=22419"},{"taxonomy":"product_cat","embeddable":true,"href":"https:\/\/www.autotag-online.com\/fr\/wp-json\/wp\/v2\/product_cat?post=22419"},{"taxonomy":"product_tag","embeddable":true,"href":"https:\/\/www.autotag-online.com\/fr\/wp-json\/wp\/v2\/product_tag?post=22419"}],"curies":[{"name":"wp","href":"https:\/\/api.w.org\/{rel}","templated":true}]}}