{"id":22398,"date":"2016-11-21T12:49:23","date_gmt":"2016-11-21T12:49:23","guid":{"rendered":"https:\/\/www.autotag.co.uk\/product\/porte-cles-mkii\/"},"modified":"2019-10-11T13:11:04","modified_gmt":"2019-10-11T12:11:04","slug":"mk-ii-imprime","status":"publish","type":"product","link":"https:\/\/www.autotag-online.com\/fr\/produit\/mk-ii-imprime\/","title":{"rendered":"Mk II &#8211; Imprim\u00e9"},"content":{"rendered":"<p><span id=\"result_box\" class=\"\" lang=\"fr\"><span class=\"\">L&rsquo;\u00e9tiquette de cl\u00e9 Autotag Mk II est con\u00e7ue pour \u00eatre utilis\u00e9e dans tous les domaines du concessionnaire.<\/span> L&rsquo;\u00e9tiquette de cl\u00e9 est attach\u00e9e \u00e0 la cl\u00e9 avec une queue auto-boucl\u00e9e. <span class=\"\">En dehors de l&rsquo;atelier standard \/ travail no.\/model\/reg no.<\/span> <span class=\"\">Format IMPRIM\u00c9 Nous pouvons vous fournir le badge en PLAIN ou avec votre propre imprim\u00e9 PERSONNALIS\u00c9 (voir ci-dessous).<\/span><\/span><\/p>\n<p><span class=\"\">L&rsquo;\u00e9tiquette de cl\u00e9 Mk II est fournie dans une bo\u00eete distributrice pratique de 200 et est livr\u00e9e avec 2 marqueurs imperm\u00e9ables de haute qualit\u00e9.<\/span><\/p>\n<p>Bo\u00eete de bureau de 200 \u00e9tiquettes de cl\u00e9.<\/p>\n<p>\u00e9tiquettes de cl\u00e9 en plastique cod\u00e9es par couleur.<br \/>\nBoucle auto-agrippante tout-en-un.<br \/>\nLes \u00e9tiquettes de cl\u00e9s sont durables et faciles \u00e0 attacher aux cl\u00e9s.<br \/>\nAvec 2 nouveaux marqueurs noirs am\u00e9lior\u00e9s.<br \/>\nDisponible en 10 couleurs diff\u00e9rentes &#8211; jaune, bleu, blanc, rouge, vert, orange, argent, beige, rose ou lilas &#8211; IMPRIM\u00c9 ou PLAIN.<br \/>\nTous les badges peuvent \u00eatre personnalis\u00e9s avec votre propre impression.<\/p>\n<p><span id=\"result_box\" class=\"\" lang=\"fr\">S&rsquo;il vous pla\u00eet contactez-nous sur sales@autotag-online.com pour discuter de vos besoins et pour recevoir un devis.<\/span><\/p>\n<p>&nbsp;<\/p>\n","protected":false},"excerpt":{"rendered":"<p>Porte-Cl\u00e9s Autotag MKII<\/p>\n","protected":false},"featured_media":26668,"comment_status":"closed","ping_status":"closed","template":"","meta":{"_acf_changed":false},"product_brand":[],"product_cat":[383],"product_tag":[],"class_list":{"0":"post-22398","1":"product","2":"type-product","3":"status-publish","4":"has-post-thumbnail","6":"product_cat-porte-cles-mkii","8":"first","9":"instock","10":"taxable","11":"shipping-taxable","12":"purchasable","13":"product-type-variable","14":"has-default-attributes"},"exclude_global_add_ons":[],"addons":[],"acf":[],"yoast_head":"<!-- This site is optimized with the Yoast SEO plugin v27.2 - https:\/\/yoast.com\/product\/yoast-seo-wordpress\/ -->\n<title>Porte-cl\u00e9s avec anneaux en acier \/ queue crant\u00e9e, disponible en uni \/ imprim\u00e9 et peut \u00eatre personnalis\u00e9 - Autotag France<\/title>\n<meta name=\"description\" content=\"Key tags avec une queue serated pour former une boucle s\u00e9curis\u00e9e pour contenir les cl\u00e9s ou les breloques. Les \u00e9tiquettes de cl\u00e9 color\u00e9es sont \u00e9galement disponibles. Peut \u00eatre personnalis\u00e9. Autotag UK, fournisseur de confiance pour l&#039;industrie du commerce automobile.nnalis\u00e9. Autotag UK, fournisseur de confiance pour l&#039;industrie du commerce automobile.\" \/>\n<meta name=\"robots\" content=\"index, follow, max-snippet:-1, max-image-preview:large, max-video-preview:-1\" \/>\n<link rel=\"canonical\" href=\"https:\/\/www.autotag-online.com\/fr\/produit\/mk-ii-imprime\/\" \/>\n<meta property=\"og:locale\" content=\"fr_FR\" \/>\n<meta property=\"og:type\" content=\"article\" \/>\n<meta property=\"og:title\" content=\"Porte-cl\u00e9s avec anneaux en acier \/ queue crant\u00e9e, disponible en uni \/ imprim\u00e9 et peut \u00eatre personnalis\u00e9 - Autotag France\" \/>\n<meta property=\"og:description\" content=\"Key tags avec une queue serated pour former une boucle s\u00e9curis\u00e9e pour contenir les cl\u00e9s ou les breloques. Les \u00e9tiquettes de cl\u00e9 color\u00e9es sont \u00e9galement disponibles. Peut \u00eatre personnalis\u00e9. Autotag UK, fournisseur de confiance pour l&#039;industrie du commerce automobile.nnalis\u00e9. Autotag UK, fournisseur de confiance pour l&#039;industrie du commerce automobile.\" \/>\n<meta property=\"og:url\" content=\"https:\/\/www.autotag-online.com\/fr\/produit\/mk-ii-imprime\/\" \/>\n<meta property=\"og:site_name\" content=\"Autotag\" \/>\n<meta property=\"article:modified_time\" content=\"2019-10-11T12:11:04+00:00\" \/>\n<meta property=\"og:image\" content=\"https:\/\/www.autotag-online.com\/wp-content\/uploads\/2018\/09\/FR-MkII-printed_17jul2018.jpg\" \/>\n\t<meta property=\"og:image:width\" content=\"528\" \/>\n\t<meta property=\"og:image:height\" content=\"395\" \/>\n\t<meta property=\"og:image:type\" content=\"image\/jpeg\" \/>\n<meta name=\"twitter:card\" content=\"summary_large_image\" \/>\n<meta name=\"twitter:label1\" content=\"Dur\u00e9e de lecture estim\u00e9e\" \/>\n\t<meta name=\"twitter:data1\" content=\"1 minute\" \/>\n<script type=\"application\/ld+json\" class=\"yoast-schema-graph\">{\"@context\":\"https:\/\/schema.org\",\"@graph\":[{\"@type\":\"WebPage\",\"@id\":\"https:\/\/www.autotag-online.com\/fr\/produit\/mk-ii-imprime\/\",\"url\":\"https:\/\/www.autotag-online.com\/fr\/produit\/mk-ii-imprime\/\",\"name\":\"Porte-cl\u00e9s avec anneaux en acier \/ queue crant\u00e9e, disponible en uni \/ imprim\u00e9 et peut \u00eatre personnalis\u00e9 - Autotag France\",\"isPartOf\":{\"@id\":\"https:\/\/www.autotag-online.com\/fr\/#website\"},\"primaryImageOfPage\":{\"@id\":\"https:\/\/www.autotag-online.com\/fr\/produit\/mk-ii-imprime\/#primaryimage\"},\"image\":{\"@id\":\"https:\/\/www.autotag-online.com\/fr\/produit\/mk-ii-imprime\/#primaryimage\"},\"thumbnailUrl\":\"https:\/\/www.autotag-online.com\/wp-content\/uploads\/2018\/09\/FR-MkII-printed_17jul2018.jpg\",\"datePublished\":\"2016-11-21T12:49:23+00:00\",\"dateModified\":\"2019-10-11T12:11:04+00:00\",\"description\":\"Key tags avec une queue serated pour former une boucle s\u00e9curis\u00e9e pour contenir les cl\u00e9s ou les breloques. Les \u00e9tiquettes de cl\u00e9 color\u00e9es sont \u00e9galement disponibles. Peut \u00eatre personnalis\u00e9. Autotag UK, fournisseur de confiance pour l'industrie du commerce automobile.nnalis\u00e9. Autotag UK, fournisseur de confiance pour l'industrie du commerce automobile.\",\"breadcrumb\":{\"@id\":\"https:\/\/www.autotag-online.com\/fr\/produit\/mk-ii-imprime\/#breadcrumb\"},\"inLanguage\":\"fr-FR\",\"potentialAction\":[{\"@type\":\"ReadAction\",\"target\":[\"https:\/\/www.autotag-online.com\/fr\/produit\/mk-ii-imprime\/\"]}]},{\"@type\":\"ImageObject\",\"inLanguage\":\"fr-FR\",\"@id\":\"https:\/\/www.autotag-online.com\/fr\/produit\/mk-ii-imprime\/#primaryimage\",\"url\":\"https:\/\/www.autotag-online.com\/wp-content\/uploads\/2018\/09\/FR-MkII-printed_17jul2018.jpg\",\"contentUrl\":\"https:\/\/www.autotag-online.com\/wp-content\/uploads\/2018\/09\/FR-MkII-printed_17jul2018.jpg\",\"width\":528,\"height\":395,\"caption\":\"Mk II \u2013 Imprim\u00e9\"},{\"@type\":\"BreadcrumbList\",\"@id\":\"https:\/\/www.autotag-online.com\/fr\/produit\/mk-ii-imprime\/#breadcrumb\",\"itemListElement\":[{\"@type\":\"ListItem\",\"position\":1,\"name\":\"Home\",\"item\":\"https:\/\/www.autotag-online.com\/fr\/\"},{\"@type\":\"ListItem\",\"position\":2,\"name\":\"Boutique\",\"item\":\"https:\/\/www.autotag-online.com\/fr\/boutique\/\"},{\"@type\":\"ListItem\",\"position\":3,\"name\":\"Porte-cl\u00e9s\",\"item\":\"https:\/\/www.autotag-online.com\/fr\/categorie-produit\/porte-cles\/\"},{\"@type\":\"ListItem\",\"position\":4,\"name\":\"Porte-Cl\u00e9s MKII\",\"item\":\"https:\/\/www.autotag-online.com\/fr\/categorie-produit\/porte-cles\/porte-cles-mkii\/\"},{\"@type\":\"ListItem\",\"position\":5,\"name\":\"Mk II &#8211; Imprim\u00e9\"}]},{\"@type\":\"WebSite\",\"@id\":\"https:\/\/www.autotag-online.com\/fr\/#website\",\"url\":\"https:\/\/www.autotag-online.com\/fr\/\",\"name\":\"Autotag\",\"description\":\"Sp\u00e9cialiste de la vente en gros et du commerce de cl\u00e9s et d'accessoires pour le commerce automobile\",\"publisher\":{\"@id\":\"https:\/\/www.autotag-online.com\/fr\/#organization\"},\"potentialAction\":[{\"@type\":\"SearchAction\",\"target\":{\"@type\":\"EntryPoint\",\"urlTemplate\":\"https:\/\/www.autotag-online.com\/fr\/?s={search_term_string}\"},\"query-input\":{\"@type\":\"PropertyValueSpecification\",\"valueRequired\":true,\"valueName\":\"search_term_string\"}}],\"inLanguage\":\"fr-FR\"},{\"@type\":\"Organization\",\"@id\":\"https:\/\/www.autotag-online.com\/fr\/#organization\",\"name\":\"Autotag\",\"url\":\"https:\/\/www.autotag-online.com\/fr\/\",\"logo\":{\"@type\":\"ImageObject\",\"inLanguage\":\"fr-FR\",\"@id\":\"https:\/\/www.autotag-online.com\/fr\/#\/schema\/logo\/image\/\",\"url\":\"https:\/\/www.autotag-online.com\/wp-content\/uploads\/2016\/11\/cropped-logo-2.png\",\"contentUrl\":\"https:\/\/www.autotag-online.com\/wp-content\/uploads\/2016\/11\/cropped-logo-2.png\",\"width\":628,\"height\":110,\"caption\":\"Autotag\"},\"image\":{\"@id\":\"https:\/\/www.autotag-online.com\/fr\/#\/schema\/logo\/image\/\"}}]}<\/script>\n<!-- \/ Yoast SEO plugin. -->","yoast_head_json":{"title":"Porte-cl\u00e9s avec anneaux en acier \/ queue crant\u00e9e, disponible en uni \/ imprim\u00e9 et peut \u00eatre personnalis\u00e9 - Autotag France","description":"Key tags avec une queue serated pour former une boucle s\u00e9curis\u00e9e pour contenir les cl\u00e9s ou les breloques. Les \u00e9tiquettes de cl\u00e9 color\u00e9es sont \u00e9galement disponibles. Peut \u00eatre personnalis\u00e9. Autotag UK, fournisseur de confiance pour l'industrie du commerce automobile.nnalis\u00e9. Autotag UK, fournisseur de confiance pour l'industrie du commerce automobile.","robots":{"index":"index","follow":"follow","max-snippet":"max-snippet:-1","max-image-preview":"max-image-preview:large","max-video-preview":"max-video-preview:-1"},"canonical":"https:\/\/www.autotag-online.com\/fr\/produit\/mk-ii-imprime\/","og_locale":"fr_FR","og_type":"article","og_title":"Porte-cl\u00e9s avec anneaux en acier \/ queue crant\u00e9e, disponible en uni \/ imprim\u00e9 et peut \u00eatre personnalis\u00e9 - Autotag France","og_description":"Key tags avec une queue serated pour former une boucle s\u00e9curis\u00e9e pour contenir les cl\u00e9s ou les breloques. Les \u00e9tiquettes de cl\u00e9 color\u00e9es sont \u00e9galement disponibles. Peut \u00eatre personnalis\u00e9. Autotag UK, fournisseur de confiance pour l'industrie du commerce automobile.nnalis\u00e9. Autotag UK, fournisseur de confiance pour l'industrie du commerce automobile.","og_url":"https:\/\/www.autotag-online.com\/fr\/produit\/mk-ii-imprime\/","og_site_name":"Autotag","article_modified_time":"2019-10-11T12:11:04+00:00","og_image":[{"width":528,"height":395,"url":"https:\/\/www.autotag-online.com\/wp-content\/uploads\/2018\/09\/FR-MkII-printed_17jul2018.jpg","type":"image\/jpeg"}],"twitter_card":"summary_large_image","twitter_misc":{"Dur\u00e9e de lecture estim\u00e9e":"1 minute"},"schema":{"@context":"https:\/\/schema.org","@graph":[{"@type":"WebPage","@id":"https:\/\/www.autotag-online.com\/fr\/produit\/mk-ii-imprime\/","url":"https:\/\/www.autotag-online.com\/fr\/produit\/mk-ii-imprime\/","name":"Porte-cl\u00e9s avec anneaux en acier \/ queue crant\u00e9e, disponible en uni \/ imprim\u00e9 et peut \u00eatre personnalis\u00e9 - Autotag France","isPartOf":{"@id":"https:\/\/www.autotag-online.com\/fr\/#website"},"primaryImageOfPage":{"@id":"https:\/\/www.autotag-online.com\/fr\/produit\/mk-ii-imprime\/#primaryimage"},"image":{"@id":"https:\/\/www.autotag-online.com\/fr\/produit\/mk-ii-imprime\/#primaryimage"},"thumbnailUrl":"https:\/\/www.autotag-online.com\/wp-content\/uploads\/2018\/09\/FR-MkII-printed_17jul2018.jpg","datePublished":"2016-11-21T12:49:23+00:00","dateModified":"2019-10-11T12:11:04+00:00","description":"Key tags avec une queue serated pour former une boucle s\u00e9curis\u00e9e pour contenir les cl\u00e9s ou les breloques. Les \u00e9tiquettes de cl\u00e9 color\u00e9es sont \u00e9galement disponibles. Peut \u00eatre personnalis\u00e9. Autotag UK, fournisseur de confiance pour l'industrie du commerce automobile.nnalis\u00e9. Autotag UK, fournisseur de confiance pour l'industrie du commerce automobile.","breadcrumb":{"@id":"https:\/\/www.autotag-online.com\/fr\/produit\/mk-ii-imprime\/#breadcrumb"},"inLanguage":"fr-FR","potentialAction":[{"@type":"ReadAction","target":["https:\/\/www.autotag-online.com\/fr\/produit\/mk-ii-imprime\/"]}]},{"@type":"ImageObject","inLanguage":"fr-FR","@id":"https:\/\/www.autotag-online.com\/fr\/produit\/mk-ii-imprime\/#primaryimage","url":"https:\/\/www.autotag-online.com\/wp-content\/uploads\/2018\/09\/FR-MkII-printed_17jul2018.jpg","contentUrl":"https:\/\/www.autotag-online.com\/wp-content\/uploads\/2018\/09\/FR-MkII-printed_17jul2018.jpg","width":528,"height":395,"caption":"Mk II \u2013 Imprim\u00e9"},{"@type":"BreadcrumbList","@id":"https:\/\/www.autotag-online.com\/fr\/produit\/mk-ii-imprime\/#breadcrumb","itemListElement":[{"@type":"ListItem","position":1,"name":"Home","item":"https:\/\/www.autotag-online.com\/fr\/"},{"@type":"ListItem","position":2,"name":"Boutique","item":"https:\/\/www.autotag-online.com\/fr\/boutique\/"},{"@type":"ListItem","position":3,"name":"Porte-cl\u00e9s","item":"https:\/\/www.autotag-online.com\/fr\/categorie-produit\/porte-cles\/"},{"@type":"ListItem","position":4,"name":"Porte-Cl\u00e9s MKII","item":"https:\/\/www.autotag-online.com\/fr\/categorie-produit\/porte-cles\/porte-cles-mkii\/"},{"@type":"ListItem","position":5,"name":"Mk II &#8211; Imprim\u00e9"}]},{"@type":"WebSite","@id":"https:\/\/www.autotag-online.com\/fr\/#website","url":"https:\/\/www.autotag-online.com\/fr\/","name":"Autotag","description":"Sp\u00e9cialiste de la vente en gros et du commerce de cl\u00e9s et d'accessoires pour le commerce automobile","publisher":{"@id":"https:\/\/www.autotag-online.com\/fr\/#organization"},"potentialAction":[{"@type":"SearchAction","target":{"@type":"EntryPoint","urlTemplate":"https:\/\/www.autotag-online.com\/fr\/?s={search_term_string}"},"query-input":{"@type":"PropertyValueSpecification","valueRequired":true,"valueName":"search_term_string"}}],"inLanguage":"fr-FR"},{"@type":"Organization","@id":"https:\/\/www.autotag-online.com\/fr\/#organization","name":"Autotag","url":"https:\/\/www.autotag-online.com\/fr\/","logo":{"@type":"ImageObject","inLanguage":"fr-FR","@id":"https:\/\/www.autotag-online.com\/fr\/#\/schema\/logo\/image\/","url":"https:\/\/www.autotag-online.com\/wp-content\/uploads\/2016\/11\/cropped-logo-2.png","contentUrl":"https:\/\/www.autotag-online.com\/wp-content\/uploads\/2016\/11\/cropped-logo-2.png","width":628,"height":110,"caption":"Autotag"},"image":{"@id":"https:\/\/www.autotag-online.com\/fr\/#\/schema\/logo\/image\/"}}]}},"_links":{"self":[{"href":"https:\/\/www.autotag-online.com\/fr\/wp-json\/wp\/v2\/product\/22398","targetHints":{"allow":["GET"]}}],"collection":[{"href":"https:\/\/www.autotag-online.com\/fr\/wp-json\/wp\/v2\/product"}],"about":[{"href":"https:\/\/www.autotag-online.com\/fr\/wp-json\/wp\/v2\/types\/product"}],"replies":[{"embeddable":true,"href":"https:\/\/www.autotag-online.com\/fr\/wp-json\/wp\/v2\/comments?post=22398"}],"wp:featuredmedia":[{"embeddable":true,"href":"https:\/\/www.autotag-online.com\/fr\/wp-json\/wp\/v2\/media\/26668"}],"wp:attachment":[{"href":"https:\/\/www.autotag-online.com\/fr\/wp-json\/wp\/v2\/media?parent=22398"}],"wp:term":[{"taxonomy":"product_brand","embeddable":true,"href":"https:\/\/www.autotag-online.com\/fr\/wp-json\/wp\/v2\/product_brand?post=22398"},{"taxonomy":"product_cat","embeddable":true,"href":"https:\/\/www.autotag-online.com\/fr\/wp-json\/wp\/v2\/product_cat?post=22398"},{"taxonomy":"product_tag","embeddable":true,"href":"https:\/\/www.autotag-online.com\/fr\/wp-json\/wp\/v2\/product_tag?post=22398"}],"curies":[{"name":"wp","href":"https:\/\/api.w.org\/{rel}","templated":true}]}}