{"id":22358,"date":"2016-11-21T12:49:23","date_gmt":"2016-11-21T12:49:23","guid":{"rendered":"https:\/\/www.autotag.co.uk\/product\/porte-cles-transparent\/"},"modified":"2018-07-19T18:05:06","modified_gmt":"2018-07-19T17:05:06","slug":"porte-cles-transparents","status":"publish","type":"product","link":"https:\/\/www.autotag-online.com\/fr\/produit\/porte-cles-transparents\/","title":{"rendered":"Porte-cl\u00e9s transparents"},"content":{"rendered":"<div><textarea id=\"source-is\" class=\"goog-textarea short_text\" dir=\"ltr\" spellcheck=\"false\" disabled=\"disabled\" name=\"text-is\" wrap=\"SOFT\"><\/textarea><span id=\"result_box\" class=\"short_text\" lang=\"fr\"><span class=\"\">Pack de 100<\/span><\/span><\/div>\n<div id=\"gt-src-tools\">\n<div id=\"gt-src-tools-l\"><\/div>\n<\/div>\n<div id=\"gt-input-tool\">\n<div><\/div>\n<\/div>\n<div id=\"gt-res-c\" class=\"g-unit\">\n<div id=\"gt-res-p\">\n<div id=\"gt-res-data\">\n<div id=\"gt-res-wrap\">\n<div id=\"gt-res-content\">\n<div id=\"gt-res-dir-ctr\" class=\"trans-verified-button-large\" dir=\"ltr\">\n<div id=\"tts_button\"><\/div>\n<p><span id=\"result_box\" class=\"short_text\" lang=\"fr\"><span class=\"\">Pack de 100 brelans<\/span><\/span><\/div>\n<\/div>\n<\/div>\n<\/div>\n<\/div>\n<\/div>\n","protected":false},"excerpt":{"rendered":"<p>Pack de 100 Pack de 100 brelans<\/p>\n","protected":false},"featured_media":27110,"comment_status":"closed","ping_status":"closed","template":"","meta":{"_acf_changed":false},"product_brand":[],"product_cat":[418],"product_tag":[],"class_list":{"0":"post-22358","1":"product","2":"type-product","3":"status-publish","4":"has-post-thumbnail","6":"product_cat-fausse-cle-en-pvc","8":"first","9":"instock","10":"taxable","11":"shipping-taxable","12":"purchasable","13":"product-type-simple"},"exclude_global_add_ons":[],"addons":[],"acf":[],"yoast_head":"<!-- This site is optimized with the Yoast SEO plugin v27.2 - https:\/\/yoast.com\/product\/yoast-seo-wordpress\/ -->\n<title>Plexiglas transparent \/ porte-cl\u00e9s en plastique. Peut \u00eatre personnalis\u00e9, Contact pour la personnalisation: sales@autotag-online.com<\/title>\n<meta name=\"description\" content=\"Porte-cl\u00e9s en plexiglas ou porte-cl\u00e9s en plastique transparent d&#039;Autotag. Porte-cl\u00e9s personnalis\u00e9s disponibles aussi, contactez-nous sur sales@autotag-online.com.\" \/>\n<meta name=\"robots\" content=\"index, follow, max-snippet:-1, max-image-preview:large, max-video-preview:-1\" \/>\n<link rel=\"canonical\" href=\"https:\/\/www.autotag-online.com\/fr\/produit\/porte-cles-transparents\/\" \/>\n<meta property=\"og:locale\" content=\"fr_FR\" \/>\n<meta property=\"og:type\" content=\"article\" \/>\n<meta property=\"og:title\" content=\"Plexiglas transparent \/ porte-cl\u00e9s en plastique. Peut \u00eatre personnalis\u00e9, Contact pour la personnalisation: sales@autotag-online.com\" \/>\n<meta property=\"og:description\" content=\"Porte-cl\u00e9s en plexiglas ou porte-cl\u00e9s en plastique transparent d&#039;Autotag. Porte-cl\u00e9s personnalis\u00e9s disponibles aussi, contactez-nous sur sales@autotag-online.com.\" \/>\n<meta property=\"og:url\" content=\"https:\/\/www.autotag-online.com\/fr\/produit\/porte-cles-transparents\/\" \/>\n<meta property=\"og:site_name\" content=\"Autotag\" \/>\n<meta property=\"article:modified_time\" content=\"2018-07-19T17:05:06+00:00\" \/>\n<meta property=\"og:image\" content=\"https:\/\/www.autotag-online.com\/wp-content\/uploads\/2017\/12\/IMG_3122.jpg\" \/>\n\t<meta property=\"og:image:width\" content=\"320\" \/>\n\t<meta property=\"og:image:height\" content=\"240\" \/>\n\t<meta property=\"og:image:type\" content=\"image\/jpeg\" \/>\n<meta name=\"twitter:card\" content=\"summary_large_image\" \/>\n<script type=\"application\/ld+json\" class=\"yoast-schema-graph\">{\"@context\":\"https:\/\/schema.org\",\"@graph\":[{\"@type\":\"WebPage\",\"@id\":\"https:\/\/www.autotag-online.com\/fr\/produit\/porte-cles-transparents\/\",\"url\":\"https:\/\/www.autotag-online.com\/fr\/produit\/porte-cles-transparents\/\",\"name\":\"Plexiglas transparent \/ porte-cl\u00e9s en plastique. Peut \u00eatre personnalis\u00e9, Contact pour la personnalisation: sales@autotag-online.com\",\"isPartOf\":{\"@id\":\"https:\/\/www.autotag-online.com\/fr\/#website\"},\"primaryImageOfPage\":{\"@id\":\"https:\/\/www.autotag-online.com\/fr\/produit\/porte-cles-transparents\/#primaryimage\"},\"image\":{\"@id\":\"https:\/\/www.autotag-online.com\/fr\/produit\/porte-cles-transparents\/#primaryimage\"},\"thumbnailUrl\":\"https:\/\/www.autotag-online.com\/wp-content\/uploads\/2017\/12\/IMG_3122.jpg\",\"datePublished\":\"2016-11-21T12:49:23+00:00\",\"dateModified\":\"2018-07-19T17:05:06+00:00\",\"description\":\"Porte-cl\u00e9s en plexiglas ou porte-cl\u00e9s en plastique transparent d'Autotag. Porte-cl\u00e9s personnalis\u00e9s disponibles aussi, contactez-nous sur sales@autotag-online.com.\",\"breadcrumb\":{\"@id\":\"https:\/\/www.autotag-online.com\/fr\/produit\/porte-cles-transparents\/#breadcrumb\"},\"inLanguage\":\"fr-FR\",\"potentialAction\":[{\"@type\":\"ReadAction\",\"target\":[\"https:\/\/www.autotag-online.com\/fr\/produit\/porte-cles-transparents\/\"]}]},{\"@type\":\"ImageObject\",\"inLanguage\":\"fr-FR\",\"@id\":\"https:\/\/www.autotag-online.com\/fr\/produit\/porte-cles-transparents\/#primaryimage\",\"url\":\"https:\/\/www.autotag-online.com\/wp-content\/uploads\/2017\/12\/IMG_3122.jpg\",\"contentUrl\":\"https:\/\/www.autotag-online.com\/wp-content\/uploads\/2017\/12\/IMG_3122.jpg\",\"width\":320,\"height\":240},{\"@type\":\"BreadcrumbList\",\"@id\":\"https:\/\/www.autotag-online.com\/fr\/produit\/porte-cles-transparents\/#breadcrumb\",\"itemListElement\":[{\"@type\":\"ListItem\",\"position\":1,\"name\":\"Home\",\"item\":\"https:\/\/www.autotag-online.com\/fr\/\"},{\"@type\":\"ListItem\",\"position\":2,\"name\":\"Boutique\",\"item\":\"https:\/\/www.autotag-online.com\/fr\/boutique\/\"},{\"@type\":\"ListItem\",\"position\":3,\"name\":\"Porte-cl\u00e9s\",\"item\":\"https:\/\/www.autotag-online.com\/fr\/categorie-produit\/porte-cles\/\"},{\"@type\":\"ListItem\",\"position\":4,\"name\":\"Fausse cl\u00e9 en PVC\",\"item\":\"https:\/\/www.autotag-online.com\/fr\/categorie-produit\/porte-cles\/fausse-cle-en-pvc\/\"},{\"@type\":\"ListItem\",\"position\":5,\"name\":\"Porte-cl\u00e9s transparents\"}]},{\"@type\":\"WebSite\",\"@id\":\"https:\/\/www.autotag-online.com\/fr\/#website\",\"url\":\"https:\/\/www.autotag-online.com\/fr\/\",\"name\":\"Autotag\",\"description\":\"Sp\u00e9cialiste de la vente en gros et du commerce de cl\u00e9s et d'accessoires pour le commerce automobile\",\"publisher\":{\"@id\":\"https:\/\/www.autotag-online.com\/fr\/#organization\"},\"potentialAction\":[{\"@type\":\"SearchAction\",\"target\":{\"@type\":\"EntryPoint\",\"urlTemplate\":\"https:\/\/www.autotag-online.com\/fr\/?s={search_term_string}\"},\"query-input\":{\"@type\":\"PropertyValueSpecification\",\"valueRequired\":true,\"valueName\":\"search_term_string\"}}],\"inLanguage\":\"fr-FR\"},{\"@type\":\"Organization\",\"@id\":\"https:\/\/www.autotag-online.com\/fr\/#organization\",\"name\":\"Autotag\",\"url\":\"https:\/\/www.autotag-online.com\/fr\/\",\"logo\":{\"@type\":\"ImageObject\",\"inLanguage\":\"fr-FR\",\"@id\":\"https:\/\/www.autotag-online.com\/fr\/#\/schema\/logo\/image\/\",\"url\":\"https:\/\/www.autotag-online.com\/wp-content\/uploads\/2016\/11\/cropped-logo-2.png\",\"contentUrl\":\"https:\/\/www.autotag-online.com\/wp-content\/uploads\/2016\/11\/cropped-logo-2.png\",\"width\":628,\"height\":110,\"caption\":\"Autotag\"},\"image\":{\"@id\":\"https:\/\/www.autotag-online.com\/fr\/#\/schema\/logo\/image\/\"}}]}<\/script>\n<!-- \/ Yoast SEO plugin. -->","yoast_head_json":{"title":"Plexiglas transparent \/ porte-cl\u00e9s en plastique. Peut \u00eatre personnalis\u00e9, Contact pour la personnalisation: sales@autotag-online.com","description":"Porte-cl\u00e9s en plexiglas ou porte-cl\u00e9s en plastique transparent d'Autotag. Porte-cl\u00e9s personnalis\u00e9s disponibles aussi, contactez-nous sur sales@autotag-online.com.","robots":{"index":"index","follow":"follow","max-snippet":"max-snippet:-1","max-image-preview":"max-image-preview:large","max-video-preview":"max-video-preview:-1"},"canonical":"https:\/\/www.autotag-online.com\/fr\/produit\/porte-cles-transparents\/","og_locale":"fr_FR","og_type":"article","og_title":"Plexiglas transparent \/ porte-cl\u00e9s en plastique. Peut \u00eatre personnalis\u00e9, Contact pour la personnalisation: sales@autotag-online.com","og_description":"Porte-cl\u00e9s en plexiglas ou porte-cl\u00e9s en plastique transparent d'Autotag. Porte-cl\u00e9s personnalis\u00e9s disponibles aussi, contactez-nous sur sales@autotag-online.com.","og_url":"https:\/\/www.autotag-online.com\/fr\/produit\/porte-cles-transparents\/","og_site_name":"Autotag","article_modified_time":"2018-07-19T17:05:06+00:00","og_image":[{"width":320,"height":240,"url":"https:\/\/www.autotag-online.com\/wp-content\/uploads\/2017\/12\/IMG_3122.jpg","type":"image\/jpeg"}],"twitter_card":"summary_large_image","schema":{"@context":"https:\/\/schema.org","@graph":[{"@type":"WebPage","@id":"https:\/\/www.autotag-online.com\/fr\/produit\/porte-cles-transparents\/","url":"https:\/\/www.autotag-online.com\/fr\/produit\/porte-cles-transparents\/","name":"Plexiglas transparent \/ porte-cl\u00e9s en plastique. Peut \u00eatre personnalis\u00e9, Contact pour la personnalisation: sales@autotag-online.com","isPartOf":{"@id":"https:\/\/www.autotag-online.com\/fr\/#website"},"primaryImageOfPage":{"@id":"https:\/\/www.autotag-online.com\/fr\/produit\/porte-cles-transparents\/#primaryimage"},"image":{"@id":"https:\/\/www.autotag-online.com\/fr\/produit\/porte-cles-transparents\/#primaryimage"},"thumbnailUrl":"https:\/\/www.autotag-online.com\/wp-content\/uploads\/2017\/12\/IMG_3122.jpg","datePublished":"2016-11-21T12:49:23+00:00","dateModified":"2018-07-19T17:05:06+00:00","description":"Porte-cl\u00e9s en plexiglas ou porte-cl\u00e9s en plastique transparent d'Autotag. Porte-cl\u00e9s personnalis\u00e9s disponibles aussi, contactez-nous sur sales@autotag-online.com.","breadcrumb":{"@id":"https:\/\/www.autotag-online.com\/fr\/produit\/porte-cles-transparents\/#breadcrumb"},"inLanguage":"fr-FR","potentialAction":[{"@type":"ReadAction","target":["https:\/\/www.autotag-online.com\/fr\/produit\/porte-cles-transparents\/"]}]},{"@type":"ImageObject","inLanguage":"fr-FR","@id":"https:\/\/www.autotag-online.com\/fr\/produit\/porte-cles-transparents\/#primaryimage","url":"https:\/\/www.autotag-online.com\/wp-content\/uploads\/2017\/12\/IMG_3122.jpg","contentUrl":"https:\/\/www.autotag-online.com\/wp-content\/uploads\/2017\/12\/IMG_3122.jpg","width":320,"height":240},{"@type":"BreadcrumbList","@id":"https:\/\/www.autotag-online.com\/fr\/produit\/porte-cles-transparents\/#breadcrumb","itemListElement":[{"@type":"ListItem","position":1,"name":"Home","item":"https:\/\/www.autotag-online.com\/fr\/"},{"@type":"ListItem","position":2,"name":"Boutique","item":"https:\/\/www.autotag-online.com\/fr\/boutique\/"},{"@type":"ListItem","position":3,"name":"Porte-cl\u00e9s","item":"https:\/\/www.autotag-online.com\/fr\/categorie-produit\/porte-cles\/"},{"@type":"ListItem","position":4,"name":"Fausse cl\u00e9 en PVC","item":"https:\/\/www.autotag-online.com\/fr\/categorie-produit\/porte-cles\/fausse-cle-en-pvc\/"},{"@type":"ListItem","position":5,"name":"Porte-cl\u00e9s transparents"}]},{"@type":"WebSite","@id":"https:\/\/www.autotag-online.com\/fr\/#website","url":"https:\/\/www.autotag-online.com\/fr\/","name":"Autotag","description":"Sp\u00e9cialiste de la vente en gros et du commerce de cl\u00e9s et d'accessoires pour le commerce automobile","publisher":{"@id":"https:\/\/www.autotag-online.com\/fr\/#organization"},"potentialAction":[{"@type":"SearchAction","target":{"@type":"EntryPoint","urlTemplate":"https:\/\/www.autotag-online.com\/fr\/?s={search_term_string}"},"query-input":{"@type":"PropertyValueSpecification","valueRequired":true,"valueName":"search_term_string"}}],"inLanguage":"fr-FR"},{"@type":"Organization","@id":"https:\/\/www.autotag-online.com\/fr\/#organization","name":"Autotag","url":"https:\/\/www.autotag-online.com\/fr\/","logo":{"@type":"ImageObject","inLanguage":"fr-FR","@id":"https:\/\/www.autotag-online.com\/fr\/#\/schema\/logo\/image\/","url":"https:\/\/www.autotag-online.com\/wp-content\/uploads\/2016\/11\/cropped-logo-2.png","contentUrl":"https:\/\/www.autotag-online.com\/wp-content\/uploads\/2016\/11\/cropped-logo-2.png","width":628,"height":110,"caption":"Autotag"},"image":{"@id":"https:\/\/www.autotag-online.com\/fr\/#\/schema\/logo\/image\/"}}]}},"_links":{"self":[{"href":"https:\/\/www.autotag-online.com\/fr\/wp-json\/wp\/v2\/product\/22358","targetHints":{"allow":["GET"]}}],"collection":[{"href":"https:\/\/www.autotag-online.com\/fr\/wp-json\/wp\/v2\/product"}],"about":[{"href":"https:\/\/www.autotag-online.com\/fr\/wp-json\/wp\/v2\/types\/product"}],"replies":[{"embeddable":true,"href":"https:\/\/www.autotag-online.com\/fr\/wp-json\/wp\/v2\/comments?post=22358"}],"wp:featuredmedia":[{"embeddable":true,"href":"https:\/\/www.autotag-online.com\/fr\/wp-json\/wp\/v2\/media\/27110"}],"wp:attachment":[{"href":"https:\/\/www.autotag-online.com\/fr\/wp-json\/wp\/v2\/media?parent=22358"}],"wp:term":[{"taxonomy":"product_brand","embeddable":true,"href":"https:\/\/www.autotag-online.com\/fr\/wp-json\/wp\/v2\/product_brand?post=22358"},{"taxonomy":"product_cat","embeddable":true,"href":"https:\/\/www.autotag-online.com\/fr\/wp-json\/wp\/v2\/product_cat?post=22358"},{"taxonomy":"product_tag","embeddable":true,"href":"https:\/\/www.autotag-online.com\/fr\/wp-json\/wp\/v2\/product_tag?post=22358"}],"curies":[{"name":"wp","href":"https:\/\/api.w.org\/{rel}","templated":true}]}}