{"id":22354,"date":"2016-11-21T12:49:23","date_gmt":"2016-11-21T12:49:23","guid":{"rendered":"https:\/\/www.autotag.co.uk\/product\/marqueurs-noirs\/"},"modified":"2018-07-19T17:57:06","modified_gmt":"2018-07-19T16:57:06","slug":"marqueurs-noirs","status":"publish","type":"product","link":"https:\/\/www.autotag-online.com\/fr\/produit\/marqueurs-noirs\/","title":{"rendered":"Marqueurs Noirs"},"content":{"rendered":"<p><span id=\"result_box\" class=\"\" lang=\"fr\"><span class=\"\">Marqueur permanent Edding 141F &#8211; \u00e0 utiliser sur les \u00e9tiquettes de touches Autotag.<\/span><br \/>\n<span class=\"\">Les stylos X2 sont fournis gratuitement par bo\u00eete d&rsquo;\u00e9tiquettes, mais des stylos suppl\u00e9mentaires peuvent \u00eatre command\u00e9s.<\/span><\/p>\n<p><span class=\"\">Commande minimum de 6 stylos<\/span><\/span><\/p>\n","protected":false},"excerpt":{"rendered":"<p>Marqueur permanent Edding 141F &#8211; \u00e0 utiliser sur les \u00e9tiquettes de touches Autotag. Les stylos X2 sont fournis gratuitement par bo\u00eete d&rsquo;\u00e9tiquettes, mais des stylos suppl\u00e9mentaires peuvent \u00eatre command\u00e9s. Commande minimum de 6 stylos<\/p>\n","protected":false},"featured_media":249,"comment_status":"closed","ping_status":"closed","template":"","meta":{"_acf_changed":false},"product_brand":[],"product_cat":[413],"product_tag":[],"class_list":{"0":"post-22354","1":"product","2":"type-product","3":"status-publish","4":"has-post-thumbnail","6":"product_cat-porte-cles-accessoires","8":"first","9":"instock","10":"taxable","11":"shipping-taxable","12":"purchasable","13":"product-type-simple"},"exclude_global_add_ons":[],"addons":[],"acf":[],"yoast_head":"<!-- This site is optimized with the Yoast SEO plugin v27.2 - https:\/\/yoast.com\/product\/yoast-seo-wordpress\/ -->\n<title>Marqueurs noirs pour le marquage des badges. Autotag UK Ltd - Nom TRusted pour tous les produits essentiels du commerce automobile<\/title>\n<meta name=\"description\" content=\"Ensemble de deux marqueurs noirs pour \u00e9crire sur les \u00e9tiquettes de cl\u00e9s. Marqueurs de balises. Autotag est le nom le plus fiable dans l&#039;indutry de l&#039;industrie automobile.\" \/>\n<meta name=\"robots\" content=\"index, follow, max-snippet:-1, max-image-preview:large, max-video-preview:-1\" \/>\n<link rel=\"canonical\" href=\"https:\/\/www.autotag-online.com\/fr\/produit\/marqueurs-noirs\/\" \/>\n<meta property=\"og:locale\" content=\"fr_FR\" \/>\n<meta property=\"og:type\" content=\"article\" \/>\n<meta property=\"og:title\" content=\"Marqueurs noirs pour le marquage des badges. Autotag UK Ltd - Nom TRusted pour tous les produits essentiels du commerce automobile\" \/>\n<meta property=\"og:description\" content=\"Ensemble de deux marqueurs noirs pour \u00e9crire sur les \u00e9tiquettes de cl\u00e9s. Marqueurs de balises. Autotag est le nom le plus fiable dans l&#039;indutry de l&#039;industrie automobile.\" \/>\n<meta property=\"og:url\" content=\"https:\/\/www.autotag-online.com\/fr\/produit\/marqueurs-noirs\/\" \/>\n<meta property=\"og:site_name\" content=\"Autotag\" \/>\n<meta property=\"article:modified_time\" content=\"2018-07-19T16:57:06+00:00\" \/>\n<meta property=\"og:image\" content=\"https:\/\/www.autotag-online.com\/wp-content\/uploads\/2016\/11\/122450095Edding95pen95MWB95mobile95temp95all95countries46jpg.html\" \/>\n\t<meta property=\"og:image:width\" content=\"640\" \/>\n\t<meta property=\"og:image:height\" content=\"480\" \/>\n\t<meta property=\"og:image:type\" content=\"image\/jpeg\" \/>\n<meta name=\"twitter:card\" content=\"summary_large_image\" \/>\n<script type=\"application\/ld+json\" class=\"yoast-schema-graph\">{\"@context\":\"https:\/\/schema.org\",\"@graph\":[{\"@type\":\"WebPage\",\"@id\":\"https:\/\/www.autotag-online.com\/fr\/produit\/marqueurs-noirs\/\",\"url\":\"https:\/\/www.autotag-online.com\/fr\/produit\/marqueurs-noirs\/\",\"name\":\"Marqueurs noirs pour le marquage des badges. Autotag UK Ltd - Nom TRusted pour tous les produits essentiels du commerce automobile\",\"isPartOf\":{\"@id\":\"https:\/\/www.autotag-online.com\/fr\/#website\"},\"primaryImageOfPage\":{\"@id\":\"https:\/\/www.autotag-online.com\/fr\/produit\/marqueurs-noirs\/#primaryimage\"},\"image\":{\"@id\":\"https:\/\/www.autotag-online.com\/fr\/produit\/marqueurs-noirs\/#primaryimage\"},\"thumbnailUrl\":\"https:\/\/www.autotag-online.com\/wp-content\/uploads\/2016\/11\/122450095Edding95pen95MWB95mobile95temp95all95countries46jpg.html\",\"datePublished\":\"2016-11-21T12:49:23+00:00\",\"dateModified\":\"2018-07-19T16:57:06+00:00\",\"description\":\"Ensemble de deux marqueurs noirs pour \u00e9crire sur les \u00e9tiquettes de cl\u00e9s. Marqueurs de balises. Autotag est le nom le plus fiable dans l'indutry de l'industrie automobile.\",\"breadcrumb\":{\"@id\":\"https:\/\/www.autotag-online.com\/fr\/produit\/marqueurs-noirs\/#breadcrumb\"},\"inLanguage\":\"fr-FR\",\"potentialAction\":[{\"@type\":\"ReadAction\",\"target\":[\"https:\/\/www.autotag-online.com\/fr\/produit\/marqueurs-noirs\/\"]}]},{\"@type\":\"ImageObject\",\"inLanguage\":\"fr-FR\",\"@id\":\"https:\/\/www.autotag-online.com\/fr\/produit\/marqueurs-noirs\/#primaryimage\",\"url\":\"https:\/\/www.autotag-online.com\/wp-content\/uploads\/2016\/11\/122450095Edding95pen95MWB95mobile95temp95all95countries46jpg.html\",\"contentUrl\":\"https:\/\/www.autotag-online.com\/wp-content\/uploads\/2016\/11\/122450095Edding95pen95MWB95mobile95temp95all95countries46jpg.html\",\"width\":640,\"height\":480},{\"@type\":\"BreadcrumbList\",\"@id\":\"https:\/\/www.autotag-online.com\/fr\/produit\/marqueurs-noirs\/#breadcrumb\",\"itemListElement\":[{\"@type\":\"ListItem\",\"position\":1,\"name\":\"Home\",\"item\":\"https:\/\/www.autotag-online.com\/fr\/\"},{\"@type\":\"ListItem\",\"position\":2,\"name\":\"Boutique\",\"item\":\"https:\/\/www.autotag-online.com\/fr\/boutique\/\"},{\"@type\":\"ListItem\",\"position\":3,\"name\":\"Porte-cl\u00e9s\",\"item\":\"https:\/\/www.autotag-online.com\/fr\/categorie-produit\/porte-cles\/\"},{\"@type\":\"ListItem\",\"position\":4,\"name\":\"Porte-cl\u00e9s Accessoires\",\"item\":\"https:\/\/www.autotag-online.com\/fr\/categorie-produit\/porte-cles\/porte-cles-accessoires\/\"},{\"@type\":\"ListItem\",\"position\":5,\"name\":\"Marqueurs Noirs\"}]},{\"@type\":\"WebSite\",\"@id\":\"https:\/\/www.autotag-online.com\/fr\/#website\",\"url\":\"https:\/\/www.autotag-online.com\/fr\/\",\"name\":\"Autotag\",\"description\":\"Sp\u00e9cialiste de la vente en gros et du commerce de cl\u00e9s et d'accessoires pour le commerce automobile\",\"publisher\":{\"@id\":\"https:\/\/www.autotag-online.com\/fr\/#organization\"},\"potentialAction\":[{\"@type\":\"SearchAction\",\"target\":{\"@type\":\"EntryPoint\",\"urlTemplate\":\"https:\/\/www.autotag-online.com\/fr\/?s={search_term_string}\"},\"query-input\":{\"@type\":\"PropertyValueSpecification\",\"valueRequired\":true,\"valueName\":\"search_term_string\"}}],\"inLanguage\":\"fr-FR\"},{\"@type\":\"Organization\",\"@id\":\"https:\/\/www.autotag-online.com\/fr\/#organization\",\"name\":\"Autotag\",\"url\":\"https:\/\/www.autotag-online.com\/fr\/\",\"logo\":{\"@type\":\"ImageObject\",\"inLanguage\":\"fr-FR\",\"@id\":\"https:\/\/www.autotag-online.com\/fr\/#\/schema\/logo\/image\/\",\"url\":\"https:\/\/www.autotag-online.com\/wp-content\/uploads\/2016\/11\/cropped-logo-2.png\",\"contentUrl\":\"https:\/\/www.autotag-online.com\/wp-content\/uploads\/2016\/11\/cropped-logo-2.png\",\"width\":628,\"height\":110,\"caption\":\"Autotag\"},\"image\":{\"@id\":\"https:\/\/www.autotag-online.com\/fr\/#\/schema\/logo\/image\/\"}}]}<\/script>\n<!-- \/ Yoast SEO plugin. -->","yoast_head_json":{"title":"Marqueurs noirs pour le marquage des badges. Autotag UK Ltd - Nom TRusted pour tous les produits essentiels du commerce automobile","description":"Ensemble de deux marqueurs noirs pour \u00e9crire sur les \u00e9tiquettes de cl\u00e9s. Marqueurs de balises. Autotag est le nom le plus fiable dans l'indutry de l'industrie automobile.","robots":{"index":"index","follow":"follow","max-snippet":"max-snippet:-1","max-image-preview":"max-image-preview:large","max-video-preview":"max-video-preview:-1"},"canonical":"https:\/\/www.autotag-online.com\/fr\/produit\/marqueurs-noirs\/","og_locale":"fr_FR","og_type":"article","og_title":"Marqueurs noirs pour le marquage des badges. Autotag UK Ltd - Nom TRusted pour tous les produits essentiels du commerce automobile","og_description":"Ensemble de deux marqueurs noirs pour \u00e9crire sur les \u00e9tiquettes de cl\u00e9s. Marqueurs de balises. Autotag est le nom le plus fiable dans l'indutry de l'industrie automobile.","og_url":"https:\/\/www.autotag-online.com\/fr\/produit\/marqueurs-noirs\/","og_site_name":"Autotag","article_modified_time":"2018-07-19T16:57:06+00:00","og_image":[{"width":640,"height":480,"url":"https:\/\/www.autotag-online.com\/wp-content\/uploads\/2016\/11\/122450095Edding95pen95MWB95mobile95temp95all95countries46jpg.html","type":"image\/jpeg"}],"twitter_card":"summary_large_image","schema":{"@context":"https:\/\/schema.org","@graph":[{"@type":"WebPage","@id":"https:\/\/www.autotag-online.com\/fr\/produit\/marqueurs-noirs\/","url":"https:\/\/www.autotag-online.com\/fr\/produit\/marqueurs-noirs\/","name":"Marqueurs noirs pour le marquage des badges. Autotag UK Ltd - Nom TRusted pour tous les produits essentiels du commerce automobile","isPartOf":{"@id":"https:\/\/www.autotag-online.com\/fr\/#website"},"primaryImageOfPage":{"@id":"https:\/\/www.autotag-online.com\/fr\/produit\/marqueurs-noirs\/#primaryimage"},"image":{"@id":"https:\/\/www.autotag-online.com\/fr\/produit\/marqueurs-noirs\/#primaryimage"},"thumbnailUrl":"https:\/\/www.autotag-online.com\/wp-content\/uploads\/2016\/11\/122450095Edding95pen95MWB95mobile95temp95all95countries46jpg.html","datePublished":"2016-11-21T12:49:23+00:00","dateModified":"2018-07-19T16:57:06+00:00","description":"Ensemble de deux marqueurs noirs pour \u00e9crire sur les \u00e9tiquettes de cl\u00e9s. Marqueurs de balises. Autotag est le nom le plus fiable dans l'indutry de l'industrie automobile.","breadcrumb":{"@id":"https:\/\/www.autotag-online.com\/fr\/produit\/marqueurs-noirs\/#breadcrumb"},"inLanguage":"fr-FR","potentialAction":[{"@type":"ReadAction","target":["https:\/\/www.autotag-online.com\/fr\/produit\/marqueurs-noirs\/"]}]},{"@type":"ImageObject","inLanguage":"fr-FR","@id":"https:\/\/www.autotag-online.com\/fr\/produit\/marqueurs-noirs\/#primaryimage","url":"https:\/\/www.autotag-online.com\/wp-content\/uploads\/2016\/11\/122450095Edding95pen95MWB95mobile95temp95all95countries46jpg.html","contentUrl":"https:\/\/www.autotag-online.com\/wp-content\/uploads\/2016\/11\/122450095Edding95pen95MWB95mobile95temp95all95countries46jpg.html","width":640,"height":480},{"@type":"BreadcrumbList","@id":"https:\/\/www.autotag-online.com\/fr\/produit\/marqueurs-noirs\/#breadcrumb","itemListElement":[{"@type":"ListItem","position":1,"name":"Home","item":"https:\/\/www.autotag-online.com\/fr\/"},{"@type":"ListItem","position":2,"name":"Boutique","item":"https:\/\/www.autotag-online.com\/fr\/boutique\/"},{"@type":"ListItem","position":3,"name":"Porte-cl\u00e9s","item":"https:\/\/www.autotag-online.com\/fr\/categorie-produit\/porte-cles\/"},{"@type":"ListItem","position":4,"name":"Porte-cl\u00e9s Accessoires","item":"https:\/\/www.autotag-online.com\/fr\/categorie-produit\/porte-cles\/porte-cles-accessoires\/"},{"@type":"ListItem","position":5,"name":"Marqueurs Noirs"}]},{"@type":"WebSite","@id":"https:\/\/www.autotag-online.com\/fr\/#website","url":"https:\/\/www.autotag-online.com\/fr\/","name":"Autotag","description":"Sp\u00e9cialiste de la vente en gros et du commerce de cl\u00e9s et d'accessoires pour le commerce automobile","publisher":{"@id":"https:\/\/www.autotag-online.com\/fr\/#organization"},"potentialAction":[{"@type":"SearchAction","target":{"@type":"EntryPoint","urlTemplate":"https:\/\/www.autotag-online.com\/fr\/?s={search_term_string}"},"query-input":{"@type":"PropertyValueSpecification","valueRequired":true,"valueName":"search_term_string"}}],"inLanguage":"fr-FR"},{"@type":"Organization","@id":"https:\/\/www.autotag-online.com\/fr\/#organization","name":"Autotag","url":"https:\/\/www.autotag-online.com\/fr\/","logo":{"@type":"ImageObject","inLanguage":"fr-FR","@id":"https:\/\/www.autotag-online.com\/fr\/#\/schema\/logo\/image\/","url":"https:\/\/www.autotag-online.com\/wp-content\/uploads\/2016\/11\/cropped-logo-2.png","contentUrl":"https:\/\/www.autotag-online.com\/wp-content\/uploads\/2016\/11\/cropped-logo-2.png","width":628,"height":110,"caption":"Autotag"},"image":{"@id":"https:\/\/www.autotag-online.com\/fr\/#\/schema\/logo\/image\/"}}]}},"_links":{"self":[{"href":"https:\/\/www.autotag-online.com\/fr\/wp-json\/wp\/v2\/product\/22354","targetHints":{"allow":["GET"]}}],"collection":[{"href":"https:\/\/www.autotag-online.com\/fr\/wp-json\/wp\/v2\/product"}],"about":[{"href":"https:\/\/www.autotag-online.com\/fr\/wp-json\/wp\/v2\/types\/product"}],"replies":[{"embeddable":true,"href":"https:\/\/www.autotag-online.com\/fr\/wp-json\/wp\/v2\/comments?post=22354"}],"wp:featuredmedia":[{"embeddable":true,"href":"https:\/\/www.autotag-online.com\/fr\/wp-json\/wp\/v2\/media\/249"}],"wp:attachment":[{"href":"https:\/\/www.autotag-online.com\/fr\/wp-json\/wp\/v2\/media?parent=22354"}],"wp:term":[{"taxonomy":"product_brand","embeddable":true,"href":"https:\/\/www.autotag-online.com\/fr\/wp-json\/wp\/v2\/product_brand?post=22354"},{"taxonomy":"product_cat","embeddable":true,"href":"https:\/\/www.autotag-online.com\/fr\/wp-json\/wp\/v2\/product_cat?post=22354"},{"taxonomy":"product_tag","embeddable":true,"href":"https:\/\/www.autotag-online.com\/fr\/wp-json\/wp\/v2\/product_tag?post=22354"}],"curies":[{"name":"wp","href":"https:\/\/api.w.org\/{rel}","templated":true}]}}