{"id":38655,"date":"2022-03-03T22:27:13","date_gmt":"2022-03-03T22:27:13","guid":{"rendered":"https:\/\/www.autotag-online.com\/numero-eori\/"},"modified":"2022-03-11T09:10:46","modified_gmt":"2022-03-11T09:10:46","slug":"eori","status":"publish","type":"page","link":"https:\/\/www.autotag-online.com\/fr\/eori\/","title":{"rendered":"NUM\u00c9RO EORI"},"content":{"rendered":"\n<p><\/p>\n\n<p>Qu&rsquo;est-ce qu&rsquo;un num\u00e9ro EORI et pourquoi est-il d\u00e9sormais si important pour les commandes Autotag ?<\/p>\n\n<p>La l\u00e9gislation stipule que TOUS les envois de marchandises voyageant entre un pays non membre de l&rsquo;UE et un pays de l&rsquo;UE DOIVENT refl\u00e9ter un num\u00e9ro EORI pour les deux soci\u00e9t\u00e9s.<\/p>\n\n<p>Nous n&rsquo;effectuerons pas d&rsquo;envoi sans num\u00e9ro EORI valide car il sera rejet\u00e9 par les douanes de l&rsquo;UE et nous sera renvoy\u00e9.<\/p>\n\n<p>Le num\u00e9ro EORI pour Autotag Trading ltd est GB141249044000.<\/p>\n\n<p>Quelles sont les options pour les clients Autotag ?<\/p>\n\n<p>NUM\u00c9RO EORI PR\u00caT\u2026<\/p>\n\n<p>Si vous avez d\u00e9j\u00e0 un num\u00e9ro EORI et que vous l&rsquo;avez \u00e0 port\u00e9e de main lors de votre commande sur notre site Web, veuillez le citer dans la case appropri\u00e9e et terminer votre commande. Nous validerons le num\u00e9ro par rapport au site Web de la Commission europ\u00e9enne et traiterons votre commande de la mani\u00e8re habituelle. Votre commande sera alors exp\u00e9di\u00e9e via FedEx.<\/p>\n\n<p>NUMERO EORI DETENU MAIS INDISPONIBLE\u2026<\/p>\n\n<p>Si vous avez d\u00e9j\u00e0 un num\u00e9ro EORI mais que vous ne l&rsquo;avez pas sous la main lorsque vous souhaitez passer votre commande, veuillez cocher la case pour indiquer qu&rsquo;il n&rsquo;est pas disponible actuellement. Nous attendrons votre commande jusqu&rsquo;\u00e0 ce qu&rsquo;un num\u00e9ro EORI valide soit re\u00e7u.<\/p>\n\n<p>Nous vous contacterons pour faire le suivi afin que les retards dans l&rsquo;exp\u00e9dition de votre commande soient minimis\u00e9s.<\/p>\n\n<p>VOUS DEVEZ VOUS ENREGISTRER POUR VOTRE NUM\u00c9RO EORI \u2026<\/p>\n\n<p>Si vous ne vous \u00eates pas encore enregistr\u00e9 aupr\u00e8s des douanes de votre pays, nous vous encourageons \u00e0 le faire, non seulement pour votre commande Autotag, mais pour d&rsquo;autres transactions avec des pays hors UE.<\/p>\n\n<p>Les commentaires de nos clients sugg\u00e8rent que le processus est tr\u00e8s rapide (un jour ou deux), tr\u00e8s simple et gratuit. Et, une fois que vous avez votre num\u00e9ro EORI, vous pouvez l&rsquo;utiliser pour toute autre importation\/exportation avec d&rsquo;autres entreprises dans des pays hors UE. Il n&rsquo;est pas sp\u00e9cifique aux commandes avec juste Autotag ou d&rsquo;autres fournisseurs au Royaume-Uni.<\/p>\n\n<p>Si vous n&rsquo;\u00eates pas encore enregistr\u00e9 aupr\u00e8s des douanes pour obtenir votre EORI, veuillez suivre le lien sur la page.<\/p>\n\n<p>Vous pouvez ensuite nous communiquer votre num\u00e9ro EORI et nous mettrons \u00e0 jour votre processus de commande jusqu&rsquo;\u00e0 son ach\u00e8vement.<\/p>\n\n<p>VEUILLEZ PRENDRE CONSCIENCE DE CE QUI SUIT \u2026<\/p>\n\n<p>Si vous choisissez de ne pas vous inscrire \u00e0 EORI et que vous choisissez par la suite d&rsquo;annuler votre commande avec nous et de demander un remboursement des sommes d\u00e9j\u00e0 pay\u00e9es par carte de cr\u00e9dit, PayPal ou tout autre mode de paiement \u00e9lectronique, nous nous r\u00e9servons le droit de d\u00e9duire des frais d&rsquo;administration de 15,00 \u20ac \u00e0 couvrir les frais encourus par nous pour ce faire.<\/p>\n\n<p><\/p>\n\n<p><\/p>\n\n<p><\/p>\n\n<p><\/p>\n\n<p><\/p>\n\n<p><\/p>\n\n<p><\/p>\n\n<p><\/p>\n\n<p><\/p>\n\n<p><\/p>\n\n<p><\/p>\n\n<p><\/p>\n\n<p><\/p>\n\n<p><\/p>\n\n<p><\/p>\n\n<p><\/p>\n\n<p><\/p>\n\n<p><\/p>\n\n<p><\/p>\n\n<p><\/p>\n\n<p><\/p>\n\n<p><\/p>\n\n<p><\/p>\n\n<p><\/p>\n\n<p><\/p>\n\n<p><\/p>\n\n<p><\/p>\n\n<p><\/p>\n\n<p><\/p>\n\n<p><\/p>\n\n<p><\/p>\n\n<p><\/p>\n\n<p><\/p>\n\n<p><\/p>\n\n<p><\/p>\n\n<p><\/p>\n\n<p><\/p>\n\n<p><\/p>\n\n<p><\/p>\n\n<p><\/p>\n\n<p><\/p>\n\n<p><\/p>\n\n<p><\/p>\n\n<p><\/p>\n\n<p><\/p>\n\n<p><\/p>\n\n<p><\/p>\n\n<p><\/p>\n\n<p><\/p>\n\n<p><\/p>\n\n<p><\/p>\n\n<p><\/p>\n\n<p><\/p>\n\n<p><\/p>\n\n<p><\/p>\n\n<p><\/p>\n\n<p><\/p>\n\n<p><\/p>\n\n<p><\/p>\n\n<p><\/p>\n","protected":false},"excerpt":{"rendered":"<p>Qu&rsquo;est-ce qu&rsquo;un num\u00e9ro EORI et pourquoi est-il d\u00e9sormais si important pour les commandes Autotag ? La l\u00e9gislation stipule que TOUS les envois de marchandises voyageant entre un pays non membre de l&rsquo;UE et un pays de l&rsquo;UE DOIVENT refl\u00e9ter un num\u00e9ro EORI pour les deux soci\u00e9t\u00e9s. Nous n&rsquo;effectuerons pas d&rsquo;envoi sans num\u00e9ro EORI valide car [&hellip;]<\/p>\n","protected":false},"author":2,"featured_media":0,"parent":0,"menu_order":0,"comment_status":"closed","ping_status":"closed","template":"","meta":{"_acf_changed":false,"footnotes":""},"class_list":["post-38655","page","type-page","status-publish","hentry"],"acf":[],"yoast_head":"<!-- This site is optimized with the Yoast SEO plugin v27.2 - https:\/\/yoast.com\/product\/yoast-seo-wordpress\/ -->\n<title>NUM\u00c9RO EORI - Autotag<\/title>\n<meta name=\"robots\" content=\"index, follow, max-snippet:-1, max-image-preview:large, max-video-preview:-1\" \/>\n<link rel=\"canonical\" href=\"https:\/\/www.autotag-online.com\/fr\/eori\/\" \/>\n<meta property=\"og:locale\" content=\"fr_FR\" \/>\n<meta property=\"og:type\" content=\"article\" \/>\n<meta property=\"og:title\" content=\"NUM\u00c9RO EORI - Autotag\" \/>\n<meta property=\"og:description\" content=\"Qu&rsquo;est-ce qu&rsquo;un num\u00e9ro EORI et pourquoi est-il d\u00e9sormais si important pour les commandes Autotag ? La l\u00e9gislation stipule que TOUS les envois de marchandises voyageant entre un pays non membre de l&rsquo;UE et un pays de l&rsquo;UE DOIVENT refl\u00e9ter un num\u00e9ro EORI pour les deux soci\u00e9t\u00e9s. Nous n&rsquo;effectuerons pas d&rsquo;envoi sans num\u00e9ro EORI valide car [&hellip;]\" \/>\n<meta property=\"og:url\" content=\"https:\/\/www.autotag-online.com\/fr\/eori\/\" \/>\n<meta property=\"og:site_name\" content=\"Autotag\" \/>\n<meta property=\"article:modified_time\" content=\"2022-03-11T09:10:46+00:00\" \/>\n<meta name=\"twitter:card\" content=\"summary_large_image\" \/>\n<meta name=\"twitter:label1\" content=\"Dur\u00e9e de lecture estim\u00e9e\" \/>\n\t<meta name=\"twitter:data1\" content=\"2 minutes\" \/>\n<script type=\"application\/ld+json\" class=\"yoast-schema-graph\">{\"@context\":\"https:\/\/schema.org\",\"@graph\":[{\"@type\":\"WebPage\",\"@id\":\"https:\/\/www.autotag-online.com\/fr\/eori\/\",\"url\":\"https:\/\/www.autotag-online.com\/fr\/eori\/\",\"name\":\"NUM\u00c9RO EORI - Autotag\",\"isPartOf\":{\"@id\":\"https:\/\/www.autotag-online.com\/fr\/#website\"},\"datePublished\":\"2022-03-03T22:27:13+00:00\",\"dateModified\":\"2022-03-11T09:10:46+00:00\",\"breadcrumb\":{\"@id\":\"https:\/\/www.autotag-online.com\/fr\/eori\/#breadcrumb\"},\"inLanguage\":\"fr-FR\",\"potentialAction\":[{\"@type\":\"ReadAction\",\"target\":[\"https:\/\/www.autotag-online.com\/fr\/eori\/\"]}]},{\"@type\":\"BreadcrumbList\",\"@id\":\"https:\/\/www.autotag-online.com\/fr\/eori\/#breadcrumb\",\"itemListElement\":[{\"@type\":\"ListItem\",\"position\":1,\"name\":\"Home\",\"item\":\"https:\/\/www.autotag-online.com\/fr\/\"},{\"@type\":\"ListItem\",\"position\":2,\"name\":\"NUM\u00c9RO EORI\"}]},{\"@type\":\"WebSite\",\"@id\":\"https:\/\/www.autotag-online.com\/fr\/#website\",\"url\":\"https:\/\/www.autotag-online.com\/fr\/\",\"name\":\"Autotag\",\"description\":\"Sp\u00e9cialiste de la vente en gros et du commerce de cl\u00e9s et d'accessoires pour le commerce automobile\",\"publisher\":{\"@id\":\"https:\/\/www.autotag-online.com\/fr\/#organization\"},\"potentialAction\":[{\"@type\":\"SearchAction\",\"target\":{\"@type\":\"EntryPoint\",\"urlTemplate\":\"https:\/\/www.autotag-online.com\/fr\/?s={search_term_string}\"},\"query-input\":{\"@type\":\"PropertyValueSpecification\",\"valueRequired\":true,\"valueName\":\"search_term_string\"}}],\"inLanguage\":\"fr-FR\"},{\"@type\":\"Organization\",\"@id\":\"https:\/\/www.autotag-online.com\/fr\/#organization\",\"name\":\"Autotag\",\"url\":\"https:\/\/www.autotag-online.com\/fr\/\",\"logo\":{\"@type\":\"ImageObject\",\"inLanguage\":\"fr-FR\",\"@id\":\"https:\/\/www.autotag-online.com\/fr\/#\/schema\/logo\/image\/\",\"url\":\"https:\/\/www.autotag-online.com\/wp-content\/uploads\/2016\/11\/cropped-logo-2.png\",\"contentUrl\":\"https:\/\/www.autotag-online.com\/wp-content\/uploads\/2016\/11\/cropped-logo-2.png\",\"width\":628,\"height\":110,\"caption\":\"Autotag\"},\"image\":{\"@id\":\"https:\/\/www.autotag-online.com\/fr\/#\/schema\/logo\/image\/\"}}]}<\/script>\n<!-- \/ Yoast SEO plugin. -->","yoast_head_json":{"title":"NUM\u00c9RO EORI - Autotag","robots":{"index":"index","follow":"follow","max-snippet":"max-snippet:-1","max-image-preview":"max-image-preview:large","max-video-preview":"max-video-preview:-1"},"canonical":"https:\/\/www.autotag-online.com\/fr\/eori\/","og_locale":"fr_FR","og_type":"article","og_title":"NUM\u00c9RO EORI - Autotag","og_description":"Qu&rsquo;est-ce qu&rsquo;un num\u00e9ro EORI et pourquoi est-il d\u00e9sormais si important pour les commandes Autotag ? La l\u00e9gislation stipule que TOUS les envois de marchandises voyageant entre un pays non membre de l&rsquo;UE et un pays de l&rsquo;UE DOIVENT refl\u00e9ter un num\u00e9ro EORI pour les deux soci\u00e9t\u00e9s. Nous n&rsquo;effectuerons pas d&rsquo;envoi sans num\u00e9ro EORI valide car [&hellip;]","og_url":"https:\/\/www.autotag-online.com\/fr\/eori\/","og_site_name":"Autotag","article_modified_time":"2022-03-11T09:10:46+00:00","twitter_card":"summary_large_image","twitter_misc":{"Dur\u00e9e de lecture estim\u00e9e":"2 minutes"},"schema":{"@context":"https:\/\/schema.org","@graph":[{"@type":"WebPage","@id":"https:\/\/www.autotag-online.com\/fr\/eori\/","url":"https:\/\/www.autotag-online.com\/fr\/eori\/","name":"NUM\u00c9RO EORI - Autotag","isPartOf":{"@id":"https:\/\/www.autotag-online.com\/fr\/#website"},"datePublished":"2022-03-03T22:27:13+00:00","dateModified":"2022-03-11T09:10:46+00:00","breadcrumb":{"@id":"https:\/\/www.autotag-online.com\/fr\/eori\/#breadcrumb"},"inLanguage":"fr-FR","potentialAction":[{"@type":"ReadAction","target":["https:\/\/www.autotag-online.com\/fr\/eori\/"]}]},{"@type":"BreadcrumbList","@id":"https:\/\/www.autotag-online.com\/fr\/eori\/#breadcrumb","itemListElement":[{"@type":"ListItem","position":1,"name":"Home","item":"https:\/\/www.autotag-online.com\/fr\/"},{"@type":"ListItem","position":2,"name":"NUM\u00c9RO EORI"}]},{"@type":"WebSite","@id":"https:\/\/www.autotag-online.com\/fr\/#website","url":"https:\/\/www.autotag-online.com\/fr\/","name":"Autotag","description":"Sp\u00e9cialiste de la vente en gros et du commerce de cl\u00e9s et d'accessoires pour le commerce automobile","publisher":{"@id":"https:\/\/www.autotag-online.com\/fr\/#organization"},"potentialAction":[{"@type":"SearchAction","target":{"@type":"EntryPoint","urlTemplate":"https:\/\/www.autotag-online.com\/fr\/?s={search_term_string}"},"query-input":{"@type":"PropertyValueSpecification","valueRequired":true,"valueName":"search_term_string"}}],"inLanguage":"fr-FR"},{"@type":"Organization","@id":"https:\/\/www.autotag-online.com\/fr\/#organization","name":"Autotag","url":"https:\/\/www.autotag-online.com\/fr\/","logo":{"@type":"ImageObject","inLanguage":"fr-FR","@id":"https:\/\/www.autotag-online.com\/fr\/#\/schema\/logo\/image\/","url":"https:\/\/www.autotag-online.com\/wp-content\/uploads\/2016\/11\/cropped-logo-2.png","contentUrl":"https:\/\/www.autotag-online.com\/wp-content\/uploads\/2016\/11\/cropped-logo-2.png","width":628,"height":110,"caption":"Autotag"},"image":{"@id":"https:\/\/www.autotag-online.com\/fr\/#\/schema\/logo\/image\/"}}]}},"_links":{"self":[{"href":"https:\/\/www.autotag-online.com\/fr\/wp-json\/wp\/v2\/pages\/38655","targetHints":{"allow":["GET"]}}],"collection":[{"href":"https:\/\/www.autotag-online.com\/fr\/wp-json\/wp\/v2\/pages"}],"about":[{"href":"https:\/\/www.autotag-online.com\/fr\/wp-json\/wp\/v2\/types\/page"}],"author":[{"embeddable":true,"href":"https:\/\/www.autotag-online.com\/fr\/wp-json\/wp\/v2\/users\/2"}],"replies":[{"embeddable":true,"href":"https:\/\/www.autotag-online.com\/fr\/wp-json\/wp\/v2\/comments?post=38655"}],"version-history":[{"count":0,"href":"https:\/\/www.autotag-online.com\/fr\/wp-json\/wp\/v2\/pages\/38655\/revisions"}],"wp:attachment":[{"href":"https:\/\/www.autotag-online.com\/fr\/wp-json\/wp\/v2\/media?parent=38655"}],"curies":[{"name":"wp","href":"https:\/\/api.w.org\/{rel}","templated":true}]}}