{"id":25362,"date":"2017-07-14T10:50:54","date_gmt":"2017-07-14T09:50:54","guid":{"rendered":"http:\/\/www.autotag-online.com\/eu\/bienvenue-chez-autotag\/"},"modified":"2022-02-11T00:03:01","modified_gmt":"2022-02-11T00:03:01","slug":"bienvenue-chez-autotag","status":"publish","type":"page","link":"https:\/\/www.autotag-online.com\/fr\/","title":{"rendered":"Bienvenue chez Autotag"},"content":{"rendered":"<table style=\"height: 225px;\" width=\"182\">\n<tbody>\n<tr>\n<td>\n<table style=\"height: 126px;\" role=\"presentation\" border=\"0\" width=\"1004\" cellspacing=\"0\" cellpadding=\"0\">\n<tbody>\n<tr>\n<td>\n<div data-show-delay-ms=\"250\" data-append-to-body=\"true\" data-propagate-tooltip-mouseover-events=\"true\" data-anchor-corner=\"bottom-left\" data-popup-corner=\"top-left\"><\/div>\n<div class=\"r375lc\">\n<div class=\"aJIq1d\" data-language-code=\"en\" data-language-name=\"English\" data-text=\"\" data-crosslingual-hint=\"null\" data-location=\"1\" data-enable-toggle-playback-speed=\"true\">\n<div data-show-delay-ms=\"250\" data-append-to-body=\"true\" data-propagate-tooltip-mouseover-events=\"true\" data-anchor-corner=\"bottom-left\" data-popup-corner=\"top-left\"><\/div>\n<\/div>\n<\/div>\n<div class=\"dePhmb\">\n<div class=\"eyKpYb\" data-language=\"fr\" data-original-language=\"en\" data-result-index=\"0\">\n<div class=\"J0lOec\"><span class=\"VIiyi\" lang=\"fr\"><span class=\"JLqJ4b\" data-language-for-alternatives=\"fr\" data-language-to-translate-into=\"en\" data-phrase-index=\"0\">AUTOTAG est malheureusement conscient des retards importants persistants dans l&rsquo;exp\u00e9dition de marchandises vers \/ depuis l&rsquo;Europe depuis que le Royaume-Uni a quitt\u00e9 l&rsquo;Union europ\u00e9enne. Ces probl\u00e8mes sont li\u00e9s aux nouvelles lois commerciales et affectent principalement les nouvelles proc\u00e9dures au sein des douanes de l&rsquo;UE. Nous continuons d&rsquo;utiliser diverses compagnies maritimes et examinons r\u00e9guli\u00e8rement leurs performances. Nous continuons \u00e0 nous efforcer de trouver les moyens les plus efficaces de livrer nos envois en temps opportun &#8211; mais des probl\u00e8mes surviennent avec les proc\u00e9dures d&rsquo;exportation \/ importation des deux c\u00f4t\u00e9s de la Manche et pour tous les exp\u00e9diteurs \/ coursiers. La situation est \u00e9videmment totalement ind\u00e9pendante de notre volont\u00e9, mais nous travaillons avec nos charg\u00e9s de client\u00e8le dans chaque entreprise pour solliciter leur coop\u00e9ration afin de faciliter le flux des exp\u00e9ditions et de r\u00e9soudre tout probl\u00e8me survenant. Si vous avez des inqui\u00e9tudes, veuillez nous contacter \u00e0 l&rsquo;adresse e-mail d\u00e9di\u00e9e sales@autotag-online.com et nous ferons de notre mieux pour vous aider. NOUVELLES LOIS COMMERCIALES (en vigueur \u00e0 partir du 01\/01\/2021) : Toutes les commandes sont soumises \u00e0 des frais de d\u00e9douanement de 5,00 \u20ac. La TVA doit d\u00e9sormais \u00eatre factur\u00e9e sur toutes les commandes &#8211; quelle que soit la valeur de la commande. Nous nous excusons pour tout inconv\u00e9nient caus\u00e9 par ces nouveaux changements &#8211; qui sont tous le r\u00e9sultat direct des nouvelles lois commerciales n\u00e9goci\u00e9es entre le Royaume-Uni et l&rsquo;UE. Ceux-ci sont \u00e9videmment hors de notre contr\u00f4le :<\/span><\/span><\/div>\n<div><\/div>\n<div><\/div>\n<\/div>\n<\/div>\n<p><strong><span class=\"VIiyi\" lang=\"fr\"><span class=\"JLqJ4b\" data-language-for-alternatives=\"fr\" data-language-to-translate-into=\"en\" data-phrase-index=\"0\">PROMOTION :<\/span><\/span><\/strong><\/p>\n<p><span class=\"VIiyi\" lang=\"fr\"><span class=\"JLqJ4b\" data-language-for-alternatives=\"fr\" data-language-to-translate-into=\"en\" data-phrase-index=\"0\"> Les commandes d&rsquo;un total de produit de 150,00 \u20ac ou plus seront automatiquement soumises \u00e0 une remise de 10 % sur la page de paiement. Ceci s&rsquo;applique \u00e0 notre gamme compl\u00e8te de produits. Termes et conditions : Frais d&rsquo;exp\u00e9dition et TVA non inclus.<\/span><\/span><\/td>\n<\/tr>\n<tr>\n<td>\n<p style=\"text-align: center;\">\n<\/td>\n<\/tr>\n<\/tbody>\n<\/table>\n<p><span class=\"VIiyi\" lang=\"fr\"><span class=\"JLqJ4b\" data-language-for-alternatives=\"fr\" data-language-to-translate-into=\"en\" data-phrase-index=\"0\"><strong>NOTRE APPROCHE CONTRE COVID-19\u00a0:<\/strong><\/span><\/span><\/p>\n<p><span class=\"VIiyi\" lang=\"fr\"><span class=\"JLqJ4b\" data-language-for-alternatives=\"fr\" data-language-to-translate-into=\"en\" data-phrase-index=\"0\"> Autotag est un fournisseur de confiance pour les services d&rsquo;urgence et une vari\u00e9t\u00e9 d&rsquo;autres entreprises essentielles. Nous continuons \u00e0 servir TOUS nos clients en cette p\u00e9riode de crise &#8211; mais nous avons d\u00fb \u00e9voluer pour le faire&#8230;<\/span><\/span><\/p>\n<p><span class=\"VIiyi\" lang=\"fr\"><span class=\"JLqJ4b\" data-language-for-alternatives=\"fr\" data-language-to-translate-into=\"en\" data-phrase-index=\"0\"><strong>ORDRES:<\/strong><\/span><\/span><\/p>\n<p><span class=\"VIiyi\" lang=\"fr\"><span class=\"JLqJ4b\" data-language-for-alternatives=\"fr\" data-language-to-translate-into=\"en\" data-phrase-index=\"0\">Nous encourageons activement l&rsquo;utilisation de notre site Web et les clients \u00e0 passer leurs propres commandes avec paiement soit par facture (le cas \u00e9ch\u00e9ant), soit par carte de cr\u00e9dit ou PayPal. N&rsquo;h\u00e9sitez pas \u00e0 nous envoyer un e-mail \u00e0 partir du lien en ligne ou via l&rsquo;adresse e-mail d\u00e9di\u00e9e sales@autotag-online.com si vous souhaitez nous demander de passer votre commande en votre nom &#8211; ou si vous avez des difficult\u00e9s ou des questions. Notre objectif est de fournir des produits de qualit\u00e9 associ\u00e9s \u00e0 un haut niveau de service.<\/span><\/span><\/p>\n<p>Nous encourageons activement l&rsquo;utilisation de notre site Web et les clients \u00e0 passer leurs propres commandes avec paiement soit par facture (le cas \u00e9ch\u00e9ant), soit par carte de cr\u00e9dit ou PayPal. N&rsquo;h\u00e9sitez pas \u00e0 nous envoyer un e-mail \u00e0 partir du lien en ligne ou via l&rsquo;adresse e-mail d\u00e9di\u00e9e sales@autotag-online.com si vous souhaitez nous demander de passer votre commande en votre nom &#8211; ou si vous avez des difficult\u00e9s ou des questions. Notre objectif est de fournir des produits de qualit\u00e9 associ\u00e9s \u00e0 un haut niveau de service.<\/p>\n<p>Nous encourageons activement l&rsquo;utilisation de notre site Web et les clients \u00e0 passer leurs propres commandes avec paiement soit par facture (le cas \u00e9ch\u00e9ant), soit par carte de cr\u00e9dit ou PayPal. N&rsquo;h\u00e9sitez pas \u00e0 nous envoyer un e-mail \u00e0 partir du lien en ligne ou via l&rsquo;adresse e-mail d\u00e9di\u00e9e sales@autotag-online.com si vous souhaitez nous demander de passer votre commande en votre nom &#8211; ou si vous avez des difficult\u00e9s ou des questions. Notre objectif est de fournir des produits de qualit\u00e9 associ\u00e9s \u00e0 un haut niveau de service.<\/p>\n<p style=\"text-align: center;\"><strong>REMARQUES IMPORTANTES SUR LES EXIGENCES EORI POUR LES DOUANES.<\/strong><br \/>\n<strong>REMARQUE\u00a0<\/strong>: TOUTES LES COMMANDES DOIVENT MAINTENANT \u00caTRE PRISE EN CHARGE PAR LE NUM\u00c9RO <strong>EORI<\/strong> DE VOTRE ENTREPRISE.<br \/>\nC&rsquo;EST UNE EXIGENCE DEPUIS LE <strong>01\/01\/2021<\/strong> ET EST ESSENTIEL \u00c0 DES FINS DOUANI\u00c8RES POUR FACILITER L&rsquo;IMPORTATION DE MARCHANDISES EN PROVENANCE D&rsquo;UN PAYS NON-UE (ROYAUME-UNI, \u00c9TATS-UNIS, NORV\u00c8GE ETC) DANS L&rsquo;UE.<br \/>\nLES COMMANDES PEUVENT \u00caTRE PASS\u00c9ES AU LIEU DE FOURNIR UN NUM\u00c9RO EORI, S&rsquo;IL N&rsquo;EST PAS CONNU AU MOMENT DE LA COMMANDE.<br \/>\nNOUS CONTACTERONS LES CLIENTS DANS CET \u00c9V\u00c9NEMENT ET CES COMMANDES SERONT EN ATTENTE JUSQU&rsquo;\u00c0 CE QUE <strong>L&rsquo;EORI<\/strong> SOIT FOURNI.<br \/>\nLES DEMANDES D&rsquo;INSCRIPTION \u00c0 EORI SONT SIMPLES, RAPIDES ET GRATUITES. REMARQUE : UNE FOIS EN PLACE, VOTRE <strong>EORI<\/strong> PEUT \u00caTRE UTILIS\u00c9 POUR TOUTES LES IMPORTATIONS\/EXPORTATIONS &#8211; PAS SEULEMENT LES COMMANDES AUTOTAG.<br \/>\n<strong>VOIR https:\/\/www.douane.gouv.fr &amp; SUIVRE LES INSTRUCTIONS.<\/strong><\/p>\n<p style=\"text-align: center;\"><strong>** DANS LE CAS O\u00d9 UN CLIENT AYANT PAY\u00c9 PAR CARTE DE CR\u00c9DIT, OU PAYPAL ET ENSUITE DEMANDANT UN REMBOURSEMENT AU LIEU DE S&rsquo;INSCRIRE \u00c0 EORI, NOUS R\u00c9SERVONS LE DROIT DE FACTURER DES FRAIS D&rsquo;ADMINISTRATION DE 15,00\u00a0\u20ac CONCERNANT LES FRAIS ENGAG\u00c9S PAR NOUS POUR EFFECTUER CES REMBOURSEMENTS. **<\/strong><\/p>\n<p>Martin Bradfield, f\u00e9vrier 2022.<\/p>\n<p><span class=\"VIiyi\" lang=\"fr\"><span class=\"JLqJ4b\" data-language-for-alternatives=\"fr\" data-language-to-translate-into=\"en\" data-phrase-index=\"0\">\u00a0<\/span><\/span><\/td>\n<\/tr>\n<tr>\n<td><\/td>\n<\/tr>\n<\/tbody>\n<\/table>\n<p><span class=\"tlid-translation translation\" lang=\"fr\"> <span class=\"VIiyi\" lang=\"fr\"><span class=\"JLqJ4b\" data-language-for-alternatives=\"fr\" data-language-to-translate-into=\"en\" data-phrase-index=\"0\"><strong>LIVRAISON OU COMMANDES :<\/strong> Nous comptons sur nos coursiers et, en tant que tels, tous les envois et livraisons sont soumis \u00e0 des facteurs ind\u00e9pendants de notre volont\u00e9. Nous ne ferons aucune fausse promesse, nous \u00e9tendons donc notre niveau de service actuel de 3 \u00e0 5 jours \u00e0 5 \u00e0 7 jours. Nous ferons de notre mieux pour minimiser les retards dans la mesure du possible et nous vous remercions de votre compr\u00e9hension. SERVICE: Autotag s&rsquo;efforce de servir nos clients pour maintenir nos normes \u00e9lev\u00e9es normales que vous attendez de nous &#8211; m\u00eame pendant ces p\u00e9riodes de test. Nous avons pris toutes les mesures possibles pour nous conformer aux directives gouvernementales. Cela vaut pour les mesures de sant\u00e9 et d&rsquo;hygi\u00e8ne employ\u00e9es par notre personnel hautement efficace et responsable et le service continu que nous vous fournissons, nos pr\u00e9cieux clients. <\/span><\/span><\/span><\/p>\n<p><span class=\"tlid-translation translation\" lang=\"fr\"><span class=\"VIiyi\" lang=\"fr\"><span class=\"JLqJ4b\" data-language-for-alternatives=\"fr\" data-language-to-translate-into=\"en\" data-phrase-index=\"0\">Merci.<\/span><\/span>\u00a0<\/span><\/p>\n","protected":false},"excerpt":{"rendered":"<p>AUTOTAG est malheureusement conscient des retards importants persistants dans l&rsquo;exp\u00e9dition de marchandises vers \/ depuis l&rsquo;Europe depuis que le Royaume-Uni a quitt\u00e9 l&rsquo;Union europ\u00e9enne. Ces probl\u00e8mes sont li\u00e9s aux nouvelles lois commerciales et affectent principalement les nouvelles proc\u00e9dures au sein des douanes de l&rsquo;UE. Nous continuons d&rsquo;utiliser diverses compagnies maritimes et examinons r\u00e9guli\u00e8rement leurs performances. [&hellip;]<\/p>\n","protected":false},"author":1,"featured_media":0,"parent":0,"menu_order":0,"comment_status":"closed","ping_status":"closed","template":"template-homepage.php","meta":{"_acf_changed":false,"footnotes":""},"class_list":["post-25362","page","type-page","status-publish","hentry"],"acf":[],"yoast_head":"<!-- This site is optimized with the Yoast SEO plugin v27.2 - https:\/\/yoast.com\/product\/yoast-seo-wordpress\/ -->\n<title>Affichages des prix,porte-cl\u00e9s, porte-clefs, Podium voiture, Le domaine de la vente automobile, slogans de vente, pr\u00e9sentoires informatifs @autotag-online.com<\/title>\n<meta name=\"description\" content=\"Autotag \u00e0 \u00e9t\u00e9 cr\u00e9\u00e9 en 1989 pour pouvoir subvenir \u00e0 la demande des garages concernant la PLV, l&#039;organisation des cl\u00e9s et de l&#039;atelier. Autotag est pr\u00e9sent mondialement par des agents net des distributeurs, mais plus particuli\u00e9rement en europe de l&#039;ouest, donc nous sommes en mesure de vous fournir m\u00eame \u00e0 l&#039;\u00e9tranger. Porte-cl\u00e9s,Porte-cl\u00e9s et organisations, PLV pour le showroom.\" \/>\n<meta name=\"robots\" content=\"index, follow, max-snippet:-1, max-image-preview:large, max-video-preview:-1\" \/>\n<link rel=\"canonical\" href=\"https:\/\/www.autotag-online.com\/fr\/\" \/>\n<meta property=\"og:locale\" content=\"fr_FR\" \/>\n<meta property=\"og:type\" content=\"article\" \/>\n<meta property=\"og:title\" content=\"Affichages des prix,porte-cl\u00e9s, porte-clefs, Podium voiture, Le domaine de la vente automobile, slogans de vente, pr\u00e9sentoires informatifs @autotag-online.com\" \/>\n<meta property=\"og:description\" content=\"Autotag \u00e0 \u00e9t\u00e9 cr\u00e9\u00e9 en 1989 pour pouvoir subvenir \u00e0 la demande des garages concernant la PLV, l&#039;organisation des cl\u00e9s et de l&#039;atelier. Autotag est pr\u00e9sent mondialement par des agents net des distributeurs, mais plus particuli\u00e9rement en europe de l&#039;ouest, donc nous sommes en mesure de vous fournir m\u00eame \u00e0 l&#039;\u00e9tranger. Porte-cl\u00e9s,Porte-cl\u00e9s et organisations, PLV pour le showroom.\" \/>\n<meta property=\"og:url\" content=\"https:\/\/www.autotag-online.com\/fr\/\" \/>\n<meta property=\"og:site_name\" content=\"Autotag\" \/>\n<meta property=\"article:modified_time\" content=\"2022-02-11T00:03:01+00:00\" \/>\n<meta name=\"twitter:card\" content=\"summary_large_image\" \/>\n<meta name=\"twitter:label1\" content=\"Dur\u00e9e de lecture estim\u00e9e\" \/>\n\t<meta name=\"twitter:data1\" content=\"4 minutes\" \/>\n<script type=\"application\/ld+json\" class=\"yoast-schema-graph\">{\"@context\":\"https:\/\/schema.org\",\"@graph\":[{\"@type\":\"WebPage\",\"@id\":\"https:\/\/www.autotag-online.com\/fr\/\",\"url\":\"https:\/\/www.autotag-online.com\/fr\/\",\"name\":\"Affichages des prix,porte-cl\u00e9s, porte-clefs, Podium voiture, Le domaine de la vente automobile, slogans de vente, pr\u00e9sentoires informatifs @autotag-online.com\",\"isPartOf\":{\"@id\":\"https:\/\/www.autotag-online.com\/fr\/#website\"},\"datePublished\":\"2017-07-14T09:50:54+00:00\",\"dateModified\":\"2022-02-11T00:03:01+00:00\",\"description\":\"Autotag \u00e0 \u00e9t\u00e9 cr\u00e9\u00e9 en 1989 pour pouvoir subvenir \u00e0 la demande des garages concernant la PLV, l'organisation des cl\u00e9s et de l'atelier. Autotag est pr\u00e9sent mondialement par des agents net des distributeurs, mais plus particuli\u00e9rement en europe de l'ouest, donc nous sommes en mesure de vous fournir m\u00eame \u00e0 l'\u00e9tranger. Porte-cl\u00e9s,Porte-cl\u00e9s et organisations, PLV pour le showroom.\",\"breadcrumb\":{\"@id\":\"https:\/\/www.autotag-online.com\/fr\/#breadcrumb\"},\"inLanguage\":\"fr-FR\",\"potentialAction\":[{\"@type\":\"ReadAction\",\"target\":[\"https:\/\/www.autotag-online.com\/fr\/\"]}]},{\"@type\":\"BreadcrumbList\",\"@id\":\"https:\/\/www.autotag-online.com\/fr\/#breadcrumb\",\"itemListElement\":[{\"@type\":\"ListItem\",\"position\":1,\"name\":\"Home\",\"item\":\"https:\/\/www.autotag-online.com\/fr\/\"},{\"@type\":\"ListItem\",\"position\":2,\"name\":\"Bienvenue chez Autotag\"}]},{\"@type\":\"WebSite\",\"@id\":\"https:\/\/www.autotag-online.com\/fr\/#website\",\"url\":\"https:\/\/www.autotag-online.com\/fr\/\",\"name\":\"Autotag\",\"description\":\"Sp\u00e9cialiste de la vente en gros et du commerce de cl\u00e9s et d'accessoires pour le commerce automobile\",\"publisher\":{\"@id\":\"https:\/\/www.autotag-online.com\/fr\/#organization\"},\"potentialAction\":[{\"@type\":\"SearchAction\",\"target\":{\"@type\":\"EntryPoint\",\"urlTemplate\":\"https:\/\/www.autotag-online.com\/fr\/?s={search_term_string}\"},\"query-input\":{\"@type\":\"PropertyValueSpecification\",\"valueRequired\":true,\"valueName\":\"search_term_string\"}}],\"inLanguage\":\"fr-FR\"},{\"@type\":\"Organization\",\"@id\":\"https:\/\/www.autotag-online.com\/fr\/#organization\",\"name\":\"Autotag\",\"url\":\"https:\/\/www.autotag-online.com\/fr\/\",\"logo\":{\"@type\":\"ImageObject\",\"inLanguage\":\"fr-FR\",\"@id\":\"https:\/\/www.autotag-online.com\/fr\/#\/schema\/logo\/image\/\",\"url\":\"https:\/\/www.autotag-online.com\/wp-content\/uploads\/2016\/11\/cropped-logo-2.png\",\"contentUrl\":\"https:\/\/www.autotag-online.com\/wp-content\/uploads\/2016\/11\/cropped-logo-2.png\",\"width\":628,\"height\":110,\"caption\":\"Autotag\"},\"image\":{\"@id\":\"https:\/\/www.autotag-online.com\/fr\/#\/schema\/logo\/image\/\"}}]}<\/script>\n<!-- \/ Yoast SEO plugin. -->","yoast_head_json":{"title":"Affichages des prix,porte-cl\u00e9s, porte-clefs, Podium voiture, Le domaine de la vente automobile, slogans de vente, pr\u00e9sentoires informatifs @autotag-online.com","description":"Autotag \u00e0 \u00e9t\u00e9 cr\u00e9\u00e9 en 1989 pour pouvoir subvenir \u00e0 la demande des garages concernant la PLV, l'organisation des cl\u00e9s et de l'atelier. Autotag est pr\u00e9sent mondialement par des agents net des distributeurs, mais plus particuli\u00e9rement en europe de l'ouest, donc nous sommes en mesure de vous fournir m\u00eame \u00e0 l'\u00e9tranger. Porte-cl\u00e9s,Porte-cl\u00e9s et organisations, PLV pour le showroom.","robots":{"index":"index","follow":"follow","max-snippet":"max-snippet:-1","max-image-preview":"max-image-preview:large","max-video-preview":"max-video-preview:-1"},"canonical":"https:\/\/www.autotag-online.com\/fr\/","og_locale":"fr_FR","og_type":"article","og_title":"Affichages des prix,porte-cl\u00e9s, porte-clefs, Podium voiture, Le domaine de la vente automobile, slogans de vente, pr\u00e9sentoires informatifs @autotag-online.com","og_description":"Autotag \u00e0 \u00e9t\u00e9 cr\u00e9\u00e9 en 1989 pour pouvoir subvenir \u00e0 la demande des garages concernant la PLV, l'organisation des cl\u00e9s et de l'atelier. Autotag est pr\u00e9sent mondialement par des agents net des distributeurs, mais plus particuli\u00e9rement en europe de l'ouest, donc nous sommes en mesure de vous fournir m\u00eame \u00e0 l'\u00e9tranger. Porte-cl\u00e9s,Porte-cl\u00e9s et organisations, PLV pour le showroom.","og_url":"https:\/\/www.autotag-online.com\/fr\/","og_site_name":"Autotag","article_modified_time":"2022-02-11T00:03:01+00:00","twitter_card":"summary_large_image","twitter_misc":{"Dur\u00e9e de lecture estim\u00e9e":"4 minutes"},"schema":{"@context":"https:\/\/schema.org","@graph":[{"@type":"WebPage","@id":"https:\/\/www.autotag-online.com\/fr\/","url":"https:\/\/www.autotag-online.com\/fr\/","name":"Affichages des prix,porte-cl\u00e9s, porte-clefs, Podium voiture, Le domaine de la vente automobile, slogans de vente, pr\u00e9sentoires informatifs @autotag-online.com","isPartOf":{"@id":"https:\/\/www.autotag-online.com\/fr\/#website"},"datePublished":"2017-07-14T09:50:54+00:00","dateModified":"2022-02-11T00:03:01+00:00","description":"Autotag \u00e0 \u00e9t\u00e9 cr\u00e9\u00e9 en 1989 pour pouvoir subvenir \u00e0 la demande des garages concernant la PLV, l'organisation des cl\u00e9s et de l'atelier. Autotag est pr\u00e9sent mondialement par des agents net des distributeurs, mais plus particuli\u00e9rement en europe de l'ouest, donc nous sommes en mesure de vous fournir m\u00eame \u00e0 l'\u00e9tranger. Porte-cl\u00e9s,Porte-cl\u00e9s et organisations, PLV pour le showroom.","breadcrumb":{"@id":"https:\/\/www.autotag-online.com\/fr\/#breadcrumb"},"inLanguage":"fr-FR","potentialAction":[{"@type":"ReadAction","target":["https:\/\/www.autotag-online.com\/fr\/"]}]},{"@type":"BreadcrumbList","@id":"https:\/\/www.autotag-online.com\/fr\/#breadcrumb","itemListElement":[{"@type":"ListItem","position":1,"name":"Home","item":"https:\/\/www.autotag-online.com\/fr\/"},{"@type":"ListItem","position":2,"name":"Bienvenue chez Autotag"}]},{"@type":"WebSite","@id":"https:\/\/www.autotag-online.com\/fr\/#website","url":"https:\/\/www.autotag-online.com\/fr\/","name":"Autotag","description":"Sp\u00e9cialiste de la vente en gros et du commerce de cl\u00e9s et d'accessoires pour le commerce automobile","publisher":{"@id":"https:\/\/www.autotag-online.com\/fr\/#organization"},"potentialAction":[{"@type":"SearchAction","target":{"@type":"EntryPoint","urlTemplate":"https:\/\/www.autotag-online.com\/fr\/?s={search_term_string}"},"query-input":{"@type":"PropertyValueSpecification","valueRequired":true,"valueName":"search_term_string"}}],"inLanguage":"fr-FR"},{"@type":"Organization","@id":"https:\/\/www.autotag-online.com\/fr\/#organization","name":"Autotag","url":"https:\/\/www.autotag-online.com\/fr\/","logo":{"@type":"ImageObject","inLanguage":"fr-FR","@id":"https:\/\/www.autotag-online.com\/fr\/#\/schema\/logo\/image\/","url":"https:\/\/www.autotag-online.com\/wp-content\/uploads\/2016\/11\/cropped-logo-2.png","contentUrl":"https:\/\/www.autotag-online.com\/wp-content\/uploads\/2016\/11\/cropped-logo-2.png","width":628,"height":110,"caption":"Autotag"},"image":{"@id":"https:\/\/www.autotag-online.com\/fr\/#\/schema\/logo\/image\/"}}]}},"_links":{"self":[{"href":"https:\/\/www.autotag-online.com\/fr\/wp-json\/wp\/v2\/pages\/25362","targetHints":{"allow":["GET"]}}],"collection":[{"href":"https:\/\/www.autotag-online.com\/fr\/wp-json\/wp\/v2\/pages"}],"about":[{"href":"https:\/\/www.autotag-online.com\/fr\/wp-json\/wp\/v2\/types\/page"}],"author":[{"embeddable":true,"href":"https:\/\/www.autotag-online.com\/fr\/wp-json\/wp\/v2\/users\/1"}],"replies":[{"embeddable":true,"href":"https:\/\/www.autotag-online.com\/fr\/wp-json\/wp\/v2\/comments?post=25362"}],"version-history":[{"count":0,"href":"https:\/\/www.autotag-online.com\/fr\/wp-json\/wp\/v2\/pages\/25362\/revisions"}],"wp:attachment":[{"href":"https:\/\/www.autotag-online.com\/fr\/wp-json\/wp\/v2\/media?parent=25362"}],"curies":[{"name":"wp","href":"https:\/\/api.w.org\/{rel}","templated":true}]}}