{"id":23466,"date":"2017-07-05T09:37:28","date_gmt":"2017-07-05T08:37:28","guid":{"rendered":"https:\/\/www.autotag.co.uk\/testimonials\/"},"modified":"2024-02-29T11:25:53","modified_gmt":"2024-02-29T11:25:53","slug":"service-clientele","status":"publish","type":"page","link":"https:\/\/www.autotag-online.com\/fr\/service-clientele\/","title":{"rendered":"Service \u00e0 la client\u00e8le"},"content":{"rendered":"<p>Autotag est bas\u00e9 au Royaume-Uni.<\/p>\n<p>Nous proposons une \u00e9quipe d\u00e9di\u00e9e compos\u00e9e de collaborateurs sympathiques et comp\u00e9tents, d\u00e9di\u00e9s au service de nos clients aux Pays-Bas, en France, en Allemagne, en Belgique et au-del\u00e0.<\/p>\n<p>Si vous avez des questions sur notre gamme de porte-cl\u00e9s, d&rsquo;armoires de s\u00e9curit\u00e9 et d&rsquo;autres produits automobiles, veuillez cliquer sur le lien pour nous laisser un e-mail. Sinon, utilisez sales@autotag-online.com ou, pour les clients allemands, kundenbetreuung@autotag-online.com<\/p>\n<p>Si vous devez nous contacter concernant une commande existante, veuillez citer les 5 derniers chiffres de votre num\u00e9ro de commande pour nous permettre de vous servir le plus rapidement et efficacement possible.<\/p>\n<p>Nous nous engageons \u00e0 r\u00e9pondre dans un d\u00e9lai d&rsquo;un jour ouvrable et esp\u00e9rons r\u00e9soudre vos questions \u00e0 votre satisfaction, soit par e-mail, soit par t\u00e9l\u00e9phone.<\/p>\n<p>Nous encourageons nos clients \u00e0 utiliser le courrier \u00e9lectronique pour nous contacter.<\/p>\n<p>Nous sommes impatients de continuer \u00e0 servir nos clients europ\u00e9ens \u2013 existants et nouveaux.<\/p>\n<p>Merci d&rsquo;avoir choisi Autotag.<\/p>\n","protected":false},"excerpt":{"rendered":"<p>Autotag est bas\u00e9 au Royaume-Uni. Nous proposons une \u00e9quipe d\u00e9di\u00e9e compos\u00e9e de collaborateurs sympathiques et comp\u00e9tents, d\u00e9di\u00e9s au service de nos clients aux Pays-Bas, en France, en Allemagne, en Belgique et au-del\u00e0. Si vous avez des questions sur notre gamme de porte-cl\u00e9s, d&rsquo;armoires de s\u00e9curit\u00e9 et d&rsquo;autres produits automobiles, veuillez cliquer sur le lien pour [&hellip;]<\/p>\n","protected":false},"author":2,"featured_media":0,"parent":0,"menu_order":0,"comment_status":"closed","ping_status":"closed","template":"","meta":{"_acf_changed":false,"footnotes":""},"class_list":["post-23466","page","type-page","status-publish","hentry"],"acf":[],"yoast_head":"<!-- This site is optimized with the Yoast SEO plugin v27.2 - https:\/\/yoast.com\/product\/yoast-seo-wordpress\/ -->\n<title>Service \u00e0 la client\u00e8le - Autotag<\/title>\n<meta name=\"robots\" content=\"index, follow, max-snippet:-1, max-image-preview:large, max-video-preview:-1\" \/>\n<link rel=\"canonical\" href=\"https:\/\/www.autotag-online.com\/fr\/service-clientele\/\" \/>\n<meta property=\"og:locale\" content=\"fr_FR\" \/>\n<meta property=\"og:type\" content=\"article\" \/>\n<meta property=\"og:title\" content=\"Service \u00e0 la client\u00e8le - Autotag\" \/>\n<meta property=\"og:description\" content=\"Autotag est bas\u00e9 au Royaume-Uni. Nous proposons une \u00e9quipe d\u00e9di\u00e9e compos\u00e9e de collaborateurs sympathiques et comp\u00e9tents, d\u00e9di\u00e9s au service de nos clients aux Pays-Bas, en France, en Allemagne, en Belgique et au-del\u00e0. Si vous avez des questions sur notre gamme de porte-cl\u00e9s, d&rsquo;armoires de s\u00e9curit\u00e9 et d&rsquo;autres produits automobiles, veuillez cliquer sur le lien pour [&hellip;]\" \/>\n<meta property=\"og:url\" content=\"https:\/\/www.autotag-online.com\/fr\/service-clientele\/\" \/>\n<meta property=\"og:site_name\" content=\"Autotag\" \/>\n<meta property=\"article:modified_time\" content=\"2024-02-29T11:25:53+00:00\" \/>\n<meta name=\"twitter:card\" content=\"summary_large_image\" \/>\n<meta name=\"twitter:label1\" content=\"Dur\u00e9e de lecture estim\u00e9e\" \/>\n\t<meta name=\"twitter:data1\" content=\"1 minute\" \/>\n<script type=\"application\/ld+json\" class=\"yoast-schema-graph\">{\"@context\":\"https:\/\/schema.org\",\"@graph\":[{\"@type\":\"WebPage\",\"@id\":\"https:\/\/www.autotag-online.com\/fr\/service-clientele\/\",\"url\":\"https:\/\/www.autotag-online.com\/fr\/service-clientele\/\",\"name\":\"Service \u00e0 la client\u00e8le - Autotag\",\"isPartOf\":{\"@id\":\"https:\/\/www.autotag-online.com\/fr\/#website\"},\"datePublished\":\"2017-07-05T08:37:28+00:00\",\"dateModified\":\"2024-02-29T11:25:53+00:00\",\"breadcrumb\":{\"@id\":\"https:\/\/www.autotag-online.com\/fr\/service-clientele\/#breadcrumb\"},\"inLanguage\":\"fr-FR\",\"potentialAction\":[{\"@type\":\"ReadAction\",\"target\":[\"https:\/\/www.autotag-online.com\/fr\/service-clientele\/\"]}]},{\"@type\":\"BreadcrumbList\",\"@id\":\"https:\/\/www.autotag-online.com\/fr\/service-clientele\/#breadcrumb\",\"itemListElement\":[{\"@type\":\"ListItem\",\"position\":1,\"name\":\"Home\",\"item\":\"https:\/\/www.autotag-online.com\/fr\/\"},{\"@type\":\"ListItem\",\"position\":2,\"name\":\"Service \u00e0 la client\u00e8le\"}]},{\"@type\":\"WebSite\",\"@id\":\"https:\/\/www.autotag-online.com\/fr\/#website\",\"url\":\"https:\/\/www.autotag-online.com\/fr\/\",\"name\":\"Autotag\",\"description\":\"Sp\u00e9cialiste de la vente en gros et du commerce de cl\u00e9s et d'accessoires pour le commerce automobile\",\"publisher\":{\"@id\":\"https:\/\/www.autotag-online.com\/fr\/#organization\"},\"potentialAction\":[{\"@type\":\"SearchAction\",\"target\":{\"@type\":\"EntryPoint\",\"urlTemplate\":\"https:\/\/www.autotag-online.com\/fr\/?s={search_term_string}\"},\"query-input\":{\"@type\":\"PropertyValueSpecification\",\"valueRequired\":true,\"valueName\":\"search_term_string\"}}],\"inLanguage\":\"fr-FR\"},{\"@type\":\"Organization\",\"@id\":\"https:\/\/www.autotag-online.com\/fr\/#organization\",\"name\":\"Autotag\",\"url\":\"https:\/\/www.autotag-online.com\/fr\/\",\"logo\":{\"@type\":\"ImageObject\",\"inLanguage\":\"fr-FR\",\"@id\":\"https:\/\/www.autotag-online.com\/fr\/#\/schema\/logo\/image\/\",\"url\":\"https:\/\/www.autotag-online.com\/wp-content\/uploads\/2016\/11\/cropped-logo-2.png\",\"contentUrl\":\"https:\/\/www.autotag-online.com\/wp-content\/uploads\/2016\/11\/cropped-logo-2.png\",\"width\":628,\"height\":110,\"caption\":\"Autotag\"},\"image\":{\"@id\":\"https:\/\/www.autotag-online.com\/fr\/#\/schema\/logo\/image\/\"}}]}<\/script>\n<!-- \/ Yoast SEO plugin. -->","yoast_head_json":{"title":"Service \u00e0 la client\u00e8le - Autotag","robots":{"index":"index","follow":"follow","max-snippet":"max-snippet:-1","max-image-preview":"max-image-preview:large","max-video-preview":"max-video-preview:-1"},"canonical":"https:\/\/www.autotag-online.com\/fr\/service-clientele\/","og_locale":"fr_FR","og_type":"article","og_title":"Service \u00e0 la client\u00e8le - Autotag","og_description":"Autotag est bas\u00e9 au Royaume-Uni. Nous proposons une \u00e9quipe d\u00e9di\u00e9e compos\u00e9e de collaborateurs sympathiques et comp\u00e9tents, d\u00e9di\u00e9s au service de nos clients aux Pays-Bas, en France, en Allemagne, en Belgique et au-del\u00e0. Si vous avez des questions sur notre gamme de porte-cl\u00e9s, d&rsquo;armoires de s\u00e9curit\u00e9 et d&rsquo;autres produits automobiles, veuillez cliquer sur le lien pour [&hellip;]","og_url":"https:\/\/www.autotag-online.com\/fr\/service-clientele\/","og_site_name":"Autotag","article_modified_time":"2024-02-29T11:25:53+00:00","twitter_card":"summary_large_image","twitter_misc":{"Dur\u00e9e de lecture estim\u00e9e":"1 minute"},"schema":{"@context":"https:\/\/schema.org","@graph":[{"@type":"WebPage","@id":"https:\/\/www.autotag-online.com\/fr\/service-clientele\/","url":"https:\/\/www.autotag-online.com\/fr\/service-clientele\/","name":"Service \u00e0 la client\u00e8le - Autotag","isPartOf":{"@id":"https:\/\/www.autotag-online.com\/fr\/#website"},"datePublished":"2017-07-05T08:37:28+00:00","dateModified":"2024-02-29T11:25:53+00:00","breadcrumb":{"@id":"https:\/\/www.autotag-online.com\/fr\/service-clientele\/#breadcrumb"},"inLanguage":"fr-FR","potentialAction":[{"@type":"ReadAction","target":["https:\/\/www.autotag-online.com\/fr\/service-clientele\/"]}]},{"@type":"BreadcrumbList","@id":"https:\/\/www.autotag-online.com\/fr\/service-clientele\/#breadcrumb","itemListElement":[{"@type":"ListItem","position":1,"name":"Home","item":"https:\/\/www.autotag-online.com\/fr\/"},{"@type":"ListItem","position":2,"name":"Service \u00e0 la client\u00e8le"}]},{"@type":"WebSite","@id":"https:\/\/www.autotag-online.com\/fr\/#website","url":"https:\/\/www.autotag-online.com\/fr\/","name":"Autotag","description":"Sp\u00e9cialiste de la vente en gros et du commerce de cl\u00e9s et d'accessoires pour le commerce automobile","publisher":{"@id":"https:\/\/www.autotag-online.com\/fr\/#organization"},"potentialAction":[{"@type":"SearchAction","target":{"@type":"EntryPoint","urlTemplate":"https:\/\/www.autotag-online.com\/fr\/?s={search_term_string}"},"query-input":{"@type":"PropertyValueSpecification","valueRequired":true,"valueName":"search_term_string"}}],"inLanguage":"fr-FR"},{"@type":"Organization","@id":"https:\/\/www.autotag-online.com\/fr\/#organization","name":"Autotag","url":"https:\/\/www.autotag-online.com\/fr\/","logo":{"@type":"ImageObject","inLanguage":"fr-FR","@id":"https:\/\/www.autotag-online.com\/fr\/#\/schema\/logo\/image\/","url":"https:\/\/www.autotag-online.com\/wp-content\/uploads\/2016\/11\/cropped-logo-2.png","contentUrl":"https:\/\/www.autotag-online.com\/wp-content\/uploads\/2016\/11\/cropped-logo-2.png","width":628,"height":110,"caption":"Autotag"},"image":{"@id":"https:\/\/www.autotag-online.com\/fr\/#\/schema\/logo\/image\/"}}]}},"_links":{"self":[{"href":"https:\/\/www.autotag-online.com\/fr\/wp-json\/wp\/v2\/pages\/23466","targetHints":{"allow":["GET"]}}],"collection":[{"href":"https:\/\/www.autotag-online.com\/fr\/wp-json\/wp\/v2\/pages"}],"about":[{"href":"https:\/\/www.autotag-online.com\/fr\/wp-json\/wp\/v2\/types\/page"}],"author":[{"embeddable":true,"href":"https:\/\/www.autotag-online.com\/fr\/wp-json\/wp\/v2\/users\/2"}],"replies":[{"embeddable":true,"href":"https:\/\/www.autotag-online.com\/fr\/wp-json\/wp\/v2\/comments?post=23466"}],"version-history":[{"count":1,"href":"https:\/\/www.autotag-online.com\/fr\/wp-json\/wp\/v2\/pages\/23466\/revisions"}],"predecessor-version":[{"id":48330,"href":"https:\/\/www.autotag-online.com\/fr\/wp-json\/wp\/v2\/pages\/23466\/revisions\/48330"}],"wp:attachment":[{"href":"https:\/\/www.autotag-online.com\/fr\/wp-json\/wp\/v2\/media?parent=23466"}],"curies":[{"name":"wp","href":"https:\/\/api.w.org\/{rel}","templated":true}]}}