{"id":23465,"date":"2017-07-05T09:30:47","date_gmt":"2017-07-05T08:30:47","guid":{"rendered":"https:\/\/www.autotag.co.uk\/conditions-de-ventes\/"},"modified":"2019-12-12T21:02:22","modified_gmt":"2019-12-12T21:02:22","slug":"conditions-de-ventes","status":"publish","type":"page","link":"https:\/\/www.autotag-online.com\/fr\/conditions-de-ventes\/","title":{"rendered":"Conditions de ventes"},"content":{"rendered":"<table border=\"0\" width=\"100%\" cellspacing=\"0\" cellpadding=\"10\">\n<tbody>\n<tr>\n<td><b>Conditions tarifaires et livraison<\/b><span class=\"actxxsmall\"><span class=\"actxxsmall\"> Votre commande est exp\u00e9di\u00e9e sous un d\u00e9lai d&rsquo;environ 6 jours les articles en stock. Commandes en attente Si votre article n&rsquo;est pas en stock, nous mettons votre commande en attente. Nous vous informons toujours de la situation et ainsi vous permettons d&rsquo;opter pour l&rsquo;annulation ou la confirmation de votre commande. Pour les cadeaux publicitaires, nous consulter. Les prix indiqu\u00e9s dans le catalogue sont hors taxes et sont major\u00e9s dune TVA de 19.6%, tout comme les frais d&rsquo;envoi. Nos frais d&rsquo;envoi sont forfaitaires et en fonction du montant de la commande:<\/span><\/span><\/p>\n<p><span class=\"tlid-translation translation\" lang=\"fr\">Frais de livraison standard sur le continent:<\/span><\/p>\n<p>Jusqu&rsquo;\u00e0 50\u20ac = 6,50 \u20ac<br \/>\nDe 51\u20ac \u00e0 150\u20ac = 7,50 \u20ac<br \/>\nDe 151\u20ac \u00e0 250\u20ac = 9,-00 \u20ac<br \/>\nDe 251\u20ac \u00e0 350\u20ac = 12,50 \u20ac<br \/>\nA partir de 351\u20ac = 16,00 \u20ac<\/p>\n<p><span class=\"tlid-translation translation\" lang=\"fr\"><span class=\"\" title=\"\">Veuillez noter que nous nous r\u00e9servons le droit d\u2019informer les clients dans le cas o\u00f9 leur emplacement serait soumis \u00e0 des frais de livraison suppl\u00e9mentaires, c\u2019est-\u00e0-dire dans le cas de sites situ\u00e9s hors du continent (Corse, par exemple) ou de r\u00e9gions fran\u00e7aises outre-mer telles que Maurice, La R\u00e9union, etc.<\/span> <span class=\"\" title=\"\">Polyn\u00e9sie fran\u00e7aise etc.<\/span><br \/>\n<span class=\"\" title=\"\">Des frais suppl\u00e9mentaires peuvent \u00eatre n\u00e9cessaires.<\/span><\/span><\/p>\n<p><span class=\"tlid-translation translation\" lang=\"fr\"><span class=\"\" title=\"\">Autotag se r\u00e9serve le droit de facturer 15,00 \u20ac en cas de remboursement au client demand\u00e9, si le client a chang\u00e9 d&rsquo;avis ou pour des doubles paiements incorrects, etc.<\/span><\/p>\n<p><span title=\"\">Ces frais servent \u00e0 couvrir les frais bancaires et nos frais administratifs pour effectuer un tel remboursement.<\/span> <span title=\"\">\u00ab\u00a0<\/span><\/span><\/p>\n<p>Les produits marqu\u00e9s avec le logo du camion vous parviendront par le biais d&rsquo;un transporteur. En fonction de leur poids, de leur volume et du lieu de livraison, des frais de port suppl\u00e9mentaires seront appliqu\u00e9s par livaison. Notre service clients se tient \u00e0 votre disposition pour vous calculer le montant des frais de transport suppl\u00e9mentaires.<\/td>\n<\/tr>\n<\/tbody>\n<\/table>\n<table border=\"0\" width=\"100%\" cellspacing=\"0\" cellpadding=\"10\">\n<tbody>\n<tr>\n<td><b>Garantie<\/b><span class=\"actxxsmall\"><br \/>\n<b>Qualit\u00e9<\/b><\/span>Tous les produits Autotag sont fabriqu\u00e9s selon des crit\u00e8res de qualit\u00e9 tr\u00e8s strictes dans l&rsquo;objectif d&rsquo;une totale satisfaction de notre client\u00e8le. Nos efforts sont en permanence orient\u00e9s vers la recherche de solutions toujours plus perfectionn\u00e9es pour la gestion de vos cl\u00e9s et votre organisation. Certaines dimensions indiqu\u00e9es peuvent varier.<\/p>\n<table border=\"0\" width=\"100%\" cellspacing=\"0\" cellpadding=\"10\">\n<tbody>\n<tr>\n<td><b>R\u00e8gle de confidentialit\u00e9<\/b><b>Autotag<\/b> ne r\u00e9v\u00e8le pas les informations vous concernant \u00e0 des tiers. Les Cookies sont utilis\u00e9s sur ce site pour garder la trace du contenu de votre panier apr\u00e8s la s\u00e9lection de vos articless.<\/td>\n<\/tr>\n<\/tbody>\n<\/table>\n<table border=\"0\" width=\"100%\" cellspacing=\"0\" cellpadding=\"10\">\n<tbody>\n<tr>\n<td><b>Retours<\/b><span class=\"actxxsmall\"><br \/>\n<b>Si pour l&rsquo;une ou l&rsquo;autre raison, un article ne devait pas vous convenir, vous avez la possibilit\u00e9 de nous le retourner dans un d\u00e9lai de 15 jours suivant sa r\u00e9ception.<\/b><\/span><\/td>\n<\/tr>\n<\/tbody>\n<\/table>\n<\/td>\n<\/tr>\n<\/tbody>\n<\/table>\n","protected":false},"excerpt":{"rendered":"<p>Conditions tarifaires et livraison Votre commande est exp\u00e9di\u00e9e sous un d\u00e9lai d&rsquo;environ 6 jours les articles en stock. Commandes en attente Si votre article n&rsquo;est pas en stock, nous mettons votre commande en attente. Nous vous informons toujours de la situation et ainsi vous permettons d&rsquo;opter pour l&rsquo;annulation ou la confirmation de votre commande. Pour [&hellip;]<\/p>\n","protected":false},"author":1,"featured_media":0,"parent":0,"menu_order":0,"comment_status":"closed","ping_status":"closed","template":"","meta":{"_acf_changed":false,"footnotes":""},"class_list":["post-23465","page","type-page","status-publish","hentry"],"acf":[],"yoast_head":"<!-- This site is optimized with the Yoast SEO plugin v27.2 - https:\/\/yoast.com\/product\/yoast-seo-wordpress\/ -->\n<title>Conditions de ventes - Autotag<\/title>\n<meta name=\"robots\" content=\"index, follow, max-snippet:-1, max-image-preview:large, max-video-preview:-1\" \/>\n<link rel=\"canonical\" href=\"https:\/\/www.autotag-online.com\/fr\/conditions-de-ventes\/\" \/>\n<meta property=\"og:locale\" content=\"fr_FR\" \/>\n<meta property=\"og:type\" content=\"article\" \/>\n<meta property=\"og:title\" content=\"Conditions de ventes - Autotag\" \/>\n<meta property=\"og:description\" content=\"Conditions tarifaires et livraison Votre commande est exp\u00e9di\u00e9e sous un d\u00e9lai d&rsquo;environ 6 jours les articles en stock. Commandes en attente Si votre article n&rsquo;est pas en stock, nous mettons votre commande en attente. Nous vous informons toujours de la situation et ainsi vous permettons d&rsquo;opter pour l&rsquo;annulation ou la confirmation de votre commande. Pour [&hellip;]\" \/>\n<meta property=\"og:url\" content=\"https:\/\/www.autotag-online.com\/fr\/conditions-de-ventes\/\" \/>\n<meta property=\"og:site_name\" content=\"Autotag\" \/>\n<meta property=\"article:modified_time\" content=\"2019-12-12T21:02:22+00:00\" \/>\n<meta name=\"twitter:card\" content=\"summary_large_image\" \/>\n<meta name=\"twitter:label1\" content=\"Dur\u00e9e de lecture estim\u00e9e\" \/>\n\t<meta name=\"twitter:data1\" content=\"2 minutes\" \/>\n<script type=\"application\/ld+json\" class=\"yoast-schema-graph\">{\"@context\":\"https:\/\/schema.org\",\"@graph\":[{\"@type\":\"WebPage\",\"@id\":\"https:\/\/www.autotag-online.com\/fr\/conditions-de-ventes\/\",\"url\":\"https:\/\/www.autotag-online.com\/fr\/conditions-de-ventes\/\",\"name\":\"Conditions de ventes - Autotag\",\"isPartOf\":{\"@id\":\"https:\/\/www.autotag-online.com\/fr\/#website\"},\"datePublished\":\"2017-07-05T08:30:47+00:00\",\"dateModified\":\"2019-12-12T21:02:22+00:00\",\"breadcrumb\":{\"@id\":\"https:\/\/www.autotag-online.com\/fr\/conditions-de-ventes\/#breadcrumb\"},\"inLanguage\":\"fr-FR\",\"potentialAction\":[{\"@type\":\"ReadAction\",\"target\":[\"https:\/\/www.autotag-online.com\/fr\/conditions-de-ventes\/\"]}]},{\"@type\":\"BreadcrumbList\",\"@id\":\"https:\/\/www.autotag-online.com\/fr\/conditions-de-ventes\/#breadcrumb\",\"itemListElement\":[{\"@type\":\"ListItem\",\"position\":1,\"name\":\"Home\",\"item\":\"https:\/\/www.autotag-online.com\/fr\/\"},{\"@type\":\"ListItem\",\"position\":2,\"name\":\"Conditions de ventes\"}]},{\"@type\":\"WebSite\",\"@id\":\"https:\/\/www.autotag-online.com\/fr\/#website\",\"url\":\"https:\/\/www.autotag-online.com\/fr\/\",\"name\":\"Autotag\",\"description\":\"Sp\u00e9cialiste de la vente en gros et du commerce de cl\u00e9s et d'accessoires pour le commerce automobile\",\"publisher\":{\"@id\":\"https:\/\/www.autotag-online.com\/fr\/#organization\"},\"potentialAction\":[{\"@type\":\"SearchAction\",\"target\":{\"@type\":\"EntryPoint\",\"urlTemplate\":\"https:\/\/www.autotag-online.com\/fr\/?s={search_term_string}\"},\"query-input\":{\"@type\":\"PropertyValueSpecification\",\"valueRequired\":true,\"valueName\":\"search_term_string\"}}],\"inLanguage\":\"fr-FR\"},{\"@type\":\"Organization\",\"@id\":\"https:\/\/www.autotag-online.com\/fr\/#organization\",\"name\":\"Autotag\",\"url\":\"https:\/\/www.autotag-online.com\/fr\/\",\"logo\":{\"@type\":\"ImageObject\",\"inLanguage\":\"fr-FR\",\"@id\":\"https:\/\/www.autotag-online.com\/fr\/#\/schema\/logo\/image\/\",\"url\":\"https:\/\/www.autotag-online.com\/wp-content\/uploads\/2016\/11\/cropped-logo-2.png\",\"contentUrl\":\"https:\/\/www.autotag-online.com\/wp-content\/uploads\/2016\/11\/cropped-logo-2.png\",\"width\":628,\"height\":110,\"caption\":\"Autotag\"},\"image\":{\"@id\":\"https:\/\/www.autotag-online.com\/fr\/#\/schema\/logo\/image\/\"}}]}<\/script>\n<!-- \/ Yoast SEO plugin. -->","yoast_head_json":{"title":"Conditions de ventes - Autotag","robots":{"index":"index","follow":"follow","max-snippet":"max-snippet:-1","max-image-preview":"max-image-preview:large","max-video-preview":"max-video-preview:-1"},"canonical":"https:\/\/www.autotag-online.com\/fr\/conditions-de-ventes\/","og_locale":"fr_FR","og_type":"article","og_title":"Conditions de ventes - Autotag","og_description":"Conditions tarifaires et livraison Votre commande est exp\u00e9di\u00e9e sous un d\u00e9lai d&rsquo;environ 6 jours les articles en stock. Commandes en attente Si votre article n&rsquo;est pas en stock, nous mettons votre commande en attente. Nous vous informons toujours de la situation et ainsi vous permettons d&rsquo;opter pour l&rsquo;annulation ou la confirmation de votre commande. Pour [&hellip;]","og_url":"https:\/\/www.autotag-online.com\/fr\/conditions-de-ventes\/","og_site_name":"Autotag","article_modified_time":"2019-12-12T21:02:22+00:00","twitter_card":"summary_large_image","twitter_misc":{"Dur\u00e9e de lecture estim\u00e9e":"2 minutes"},"schema":{"@context":"https:\/\/schema.org","@graph":[{"@type":"WebPage","@id":"https:\/\/www.autotag-online.com\/fr\/conditions-de-ventes\/","url":"https:\/\/www.autotag-online.com\/fr\/conditions-de-ventes\/","name":"Conditions de ventes - Autotag","isPartOf":{"@id":"https:\/\/www.autotag-online.com\/fr\/#website"},"datePublished":"2017-07-05T08:30:47+00:00","dateModified":"2019-12-12T21:02:22+00:00","breadcrumb":{"@id":"https:\/\/www.autotag-online.com\/fr\/conditions-de-ventes\/#breadcrumb"},"inLanguage":"fr-FR","potentialAction":[{"@type":"ReadAction","target":["https:\/\/www.autotag-online.com\/fr\/conditions-de-ventes\/"]}]},{"@type":"BreadcrumbList","@id":"https:\/\/www.autotag-online.com\/fr\/conditions-de-ventes\/#breadcrumb","itemListElement":[{"@type":"ListItem","position":1,"name":"Home","item":"https:\/\/www.autotag-online.com\/fr\/"},{"@type":"ListItem","position":2,"name":"Conditions de ventes"}]},{"@type":"WebSite","@id":"https:\/\/www.autotag-online.com\/fr\/#website","url":"https:\/\/www.autotag-online.com\/fr\/","name":"Autotag","description":"Sp\u00e9cialiste de la vente en gros et du commerce de cl\u00e9s et d'accessoires pour le commerce automobile","publisher":{"@id":"https:\/\/www.autotag-online.com\/fr\/#organization"},"potentialAction":[{"@type":"SearchAction","target":{"@type":"EntryPoint","urlTemplate":"https:\/\/www.autotag-online.com\/fr\/?s={search_term_string}"},"query-input":{"@type":"PropertyValueSpecification","valueRequired":true,"valueName":"search_term_string"}}],"inLanguage":"fr-FR"},{"@type":"Organization","@id":"https:\/\/www.autotag-online.com\/fr\/#organization","name":"Autotag","url":"https:\/\/www.autotag-online.com\/fr\/","logo":{"@type":"ImageObject","inLanguage":"fr-FR","@id":"https:\/\/www.autotag-online.com\/fr\/#\/schema\/logo\/image\/","url":"https:\/\/www.autotag-online.com\/wp-content\/uploads\/2016\/11\/cropped-logo-2.png","contentUrl":"https:\/\/www.autotag-online.com\/wp-content\/uploads\/2016\/11\/cropped-logo-2.png","width":628,"height":110,"caption":"Autotag"},"image":{"@id":"https:\/\/www.autotag-online.com\/fr\/#\/schema\/logo\/image\/"}}]}},"_links":{"self":[{"href":"https:\/\/www.autotag-online.com\/fr\/wp-json\/wp\/v2\/pages\/23465","targetHints":{"allow":["GET"]}}],"collection":[{"href":"https:\/\/www.autotag-online.com\/fr\/wp-json\/wp\/v2\/pages"}],"about":[{"href":"https:\/\/www.autotag-online.com\/fr\/wp-json\/wp\/v2\/types\/page"}],"author":[{"embeddable":true,"href":"https:\/\/www.autotag-online.com\/fr\/wp-json\/wp\/v2\/users\/1"}],"replies":[{"embeddable":true,"href":"https:\/\/www.autotag-online.com\/fr\/wp-json\/wp\/v2\/comments?post=23465"}],"version-history":[{"count":0,"href":"https:\/\/www.autotag-online.com\/fr\/wp-json\/wp\/v2\/pages\/23465\/revisions"}],"wp:attachment":[{"href":"https:\/\/www.autotag-online.com\/fr\/wp-json\/wp\/v2\/media?parent=23465"}],"curies":[{"name":"wp","href":"https:\/\/api.w.org\/{rel}","templated":true}]}}