{"id":23446,"date":"2017-07-04T11:09:37","date_gmt":"2017-07-04T10:09:37","guid":{"rendered":"https:\/\/www.autotag.co.uk\/a-notre-sujet\/"},"modified":"2017-07-04T11:09:37","modified_gmt":"2017-07-04T10:09:37","slug":"a-notre-sujet","status":"publish","type":"page","link":"https:\/\/www.autotag-online.com\/fr\/a-notre-sujet\/","title":{"rendered":"A notre sujet"},"content":{"rendered":"<p>Autotag, fond\u00e9 en 1986 &#8211; se concentre sur la fourniture de syst\u00e8mes de gestion de cl\u00e9s, de mat\u00e9riaux de point de vente et de syst\u00e8mes d&rsquo;atelier pour tous commerce automobile.<\/p>\n<p>Nous sommes une soci\u00e9t\u00e9 Britannique bas\u00e9e dans le Somerset.<\/p>\n<p>Autotag a des agents et des distributeurs dans de nombreuses r\u00e9gions du monde, en particulier en Europe du Nord. Donc, si vous avez des op\u00e9rations sur le continent, nous sommes les gens \u00e0 qui s&rsquo;adresser.<\/p>\n<p>Nous avons une \u00e9quipe professionnelle qui g\u00e8re une large gamme de produits.<\/p>\n<p>Autotag est un sp\u00e9cialiste principal du commerce de moteurs offrant un support technique complet pour tous les produits et nous sommes toujours heureux d&rsquo;aider nos clients en cas de probl\u00e8me.<\/p>\n<p>Par exemple, nous conservons les enregistrements des num\u00e9ros de verrouillage combin\u00e9s fournis \u00e0 nos clients dans les coffres \u00e0 cl\u00e9s et peuvent annuler les verrous \u00e9lectroniques si un verrou est compromis ult\u00e9rieurement.<\/p>\n<p>Nous fournissons \u00e9galement un large \u00e9ventail d&rsquo;autres secteurs de l&rsquo;industrie &#8211; y compris \u00a0les secteurs li\u00e9s au loisir, comme les parcs de caravanes et certains secteurs de l&rsquo;industrie de l&rsquo;informatique. Nous sommes donc bien plac\u00e9s et exp\u00e9riment\u00e9s pour r\u00e9pondre \u00e0 toutes vos questions.<\/p>\n","protected":false},"excerpt":{"rendered":"<p>Autotag, fond\u00e9 en 1986 &#8211; se concentre sur la fourniture de syst\u00e8mes de gestion de cl\u00e9s, de mat\u00e9riaux de point de vente et de syst\u00e8mes d&rsquo;atelier pour tous commerce automobile. Nous sommes une soci\u00e9t\u00e9 Britannique bas\u00e9e dans le Somerset. Autotag a des agents et des distributeurs dans de nombreuses r\u00e9gions du monde, en particulier en [&hellip;]<\/p>\n","protected":false},"author":1,"featured_media":0,"parent":0,"menu_order":0,"comment_status":"closed","ping_status":"closed","template":"","meta":{"_acf_changed":false,"footnotes":""},"class_list":["post-23446","page","type-page","status-publish","hentry"],"acf":[],"yoast_head":"<!-- This site is optimized with the Yoast SEO plugin v27.2 - https:\/\/yoast.com\/product\/yoast-seo-wordpress\/ -->\n<title>Autotag, fournisseurs de syst\u00e8mes de gestion de cl\u00e9s, mat\u00e9riaux de point de vente et syst\u00e8mes d&#039;atelier pour le commerce de l&#039;automobile.<\/title>\n<meta name=\"description\" content=\"Autotag, fond\u00e9 en 1986 - se concentre sur la fourniture de syst\u00e8mes de gestion de cl\u00e9s, de mat\u00e9riaux de point de vente et de syst\u00e8mes d&#039;atelier pour tous commerce automobile.\" \/>\n<meta name=\"robots\" content=\"index, follow, max-snippet:-1, max-image-preview:large, max-video-preview:-1\" \/>\n<link rel=\"canonical\" href=\"https:\/\/www.autotag-online.com\/fr\/a-notre-sujet\/\" \/>\n<meta property=\"og:locale\" content=\"fr_FR\" \/>\n<meta property=\"og:type\" content=\"article\" \/>\n<meta property=\"og:title\" content=\"Autotag, fournisseurs de syst\u00e8mes de gestion de cl\u00e9s, mat\u00e9riaux de point de vente et syst\u00e8mes d&#039;atelier pour le commerce de l&#039;automobile.\" \/>\n<meta property=\"og:description\" content=\"Autotag, fond\u00e9 en 1986 - se concentre sur la fourniture de syst\u00e8mes de gestion de cl\u00e9s, de mat\u00e9riaux de point de vente et de syst\u00e8mes d&#039;atelier pour tous commerce automobile.\" \/>\n<meta property=\"og:url\" content=\"https:\/\/www.autotag-online.com\/fr\/a-notre-sujet\/\" \/>\n<meta property=\"og:site_name\" content=\"Autotag\" \/>\n<meta name=\"twitter:card\" content=\"summary_large_image\" \/>\n<meta name=\"twitter:label1\" content=\"Dur\u00e9e de lecture estim\u00e9e\" \/>\n\t<meta name=\"twitter:data1\" content=\"1 minute\" \/>\n<script type=\"application\/ld+json\" class=\"yoast-schema-graph\">{\"@context\":\"https:\/\/schema.org\",\"@graph\":[{\"@type\":\"WebPage\",\"@id\":\"https:\/\/www.autotag-online.com\/fr\/a-notre-sujet\/\",\"url\":\"https:\/\/www.autotag-online.com\/fr\/a-notre-sujet\/\",\"name\":\"Autotag, fournisseurs de syst\u00e8mes de gestion de cl\u00e9s, mat\u00e9riaux de point de vente et syst\u00e8mes d'atelier pour le commerce de l'automobile.\",\"isPartOf\":{\"@id\":\"https:\/\/www.autotag-online.com\/fr\/#website\"},\"datePublished\":\"2017-07-04T10:09:37+00:00\",\"description\":\"Autotag, fond\u00e9 en 1986 - se concentre sur la fourniture de syst\u00e8mes de gestion de cl\u00e9s, de mat\u00e9riaux de point de vente et de syst\u00e8mes d'atelier pour tous commerce automobile.\",\"breadcrumb\":{\"@id\":\"https:\/\/www.autotag-online.com\/fr\/a-notre-sujet\/#breadcrumb\"},\"inLanguage\":\"fr-FR\",\"potentialAction\":[{\"@type\":\"ReadAction\",\"target\":[\"https:\/\/www.autotag-online.com\/fr\/a-notre-sujet\/\"]}]},{\"@type\":\"BreadcrumbList\",\"@id\":\"https:\/\/www.autotag-online.com\/fr\/a-notre-sujet\/#breadcrumb\",\"itemListElement\":[{\"@type\":\"ListItem\",\"position\":1,\"name\":\"Home\",\"item\":\"https:\/\/www.autotag-online.com\/fr\/\"},{\"@type\":\"ListItem\",\"position\":2,\"name\":\"A notre sujet\"}]},{\"@type\":\"WebSite\",\"@id\":\"https:\/\/www.autotag-online.com\/fr\/#website\",\"url\":\"https:\/\/www.autotag-online.com\/fr\/\",\"name\":\"Autotag\",\"description\":\"Sp\u00e9cialiste de la vente en gros et du commerce de cl\u00e9s et d'accessoires pour le commerce automobile\",\"publisher\":{\"@id\":\"https:\/\/www.autotag-online.com\/fr\/#organization\"},\"potentialAction\":[{\"@type\":\"SearchAction\",\"target\":{\"@type\":\"EntryPoint\",\"urlTemplate\":\"https:\/\/www.autotag-online.com\/fr\/?s={search_term_string}\"},\"query-input\":{\"@type\":\"PropertyValueSpecification\",\"valueRequired\":true,\"valueName\":\"search_term_string\"}}],\"inLanguage\":\"fr-FR\"},{\"@type\":\"Organization\",\"@id\":\"https:\/\/www.autotag-online.com\/fr\/#organization\",\"name\":\"Autotag\",\"url\":\"https:\/\/www.autotag-online.com\/fr\/\",\"logo\":{\"@type\":\"ImageObject\",\"inLanguage\":\"fr-FR\",\"@id\":\"https:\/\/www.autotag-online.com\/fr\/#\/schema\/logo\/image\/\",\"url\":\"https:\/\/www.autotag-online.com\/wp-content\/uploads\/2016\/11\/cropped-logo-2.png\",\"contentUrl\":\"https:\/\/www.autotag-online.com\/wp-content\/uploads\/2016\/11\/cropped-logo-2.png\",\"width\":628,\"height\":110,\"caption\":\"Autotag\"},\"image\":{\"@id\":\"https:\/\/www.autotag-online.com\/fr\/#\/schema\/logo\/image\/\"}}]}<\/script>\n<!-- \/ Yoast SEO plugin. -->","yoast_head_json":{"title":"Autotag, fournisseurs de syst\u00e8mes de gestion de cl\u00e9s, mat\u00e9riaux de point de vente et syst\u00e8mes d'atelier pour le commerce de l'automobile.","description":"Autotag, fond\u00e9 en 1986 - se concentre sur la fourniture de syst\u00e8mes de gestion de cl\u00e9s, de mat\u00e9riaux de point de vente et de syst\u00e8mes d'atelier pour tous commerce automobile.","robots":{"index":"index","follow":"follow","max-snippet":"max-snippet:-1","max-image-preview":"max-image-preview:large","max-video-preview":"max-video-preview:-1"},"canonical":"https:\/\/www.autotag-online.com\/fr\/a-notre-sujet\/","og_locale":"fr_FR","og_type":"article","og_title":"Autotag, fournisseurs de syst\u00e8mes de gestion de cl\u00e9s, mat\u00e9riaux de point de vente et syst\u00e8mes d'atelier pour le commerce de l'automobile.","og_description":"Autotag, fond\u00e9 en 1986 - se concentre sur la fourniture de syst\u00e8mes de gestion de cl\u00e9s, de mat\u00e9riaux de point de vente et de syst\u00e8mes d'atelier pour tous commerce automobile.","og_url":"https:\/\/www.autotag-online.com\/fr\/a-notre-sujet\/","og_site_name":"Autotag","twitter_card":"summary_large_image","twitter_misc":{"Dur\u00e9e de lecture estim\u00e9e":"1 minute"},"schema":{"@context":"https:\/\/schema.org","@graph":[{"@type":"WebPage","@id":"https:\/\/www.autotag-online.com\/fr\/a-notre-sujet\/","url":"https:\/\/www.autotag-online.com\/fr\/a-notre-sujet\/","name":"Autotag, fournisseurs de syst\u00e8mes de gestion de cl\u00e9s, mat\u00e9riaux de point de vente et syst\u00e8mes d'atelier pour le commerce de l'automobile.","isPartOf":{"@id":"https:\/\/www.autotag-online.com\/fr\/#website"},"datePublished":"2017-07-04T10:09:37+00:00","description":"Autotag, fond\u00e9 en 1986 - se concentre sur la fourniture de syst\u00e8mes de gestion de cl\u00e9s, de mat\u00e9riaux de point de vente et de syst\u00e8mes d'atelier pour tous commerce automobile.","breadcrumb":{"@id":"https:\/\/www.autotag-online.com\/fr\/a-notre-sujet\/#breadcrumb"},"inLanguage":"fr-FR","potentialAction":[{"@type":"ReadAction","target":["https:\/\/www.autotag-online.com\/fr\/a-notre-sujet\/"]}]},{"@type":"BreadcrumbList","@id":"https:\/\/www.autotag-online.com\/fr\/a-notre-sujet\/#breadcrumb","itemListElement":[{"@type":"ListItem","position":1,"name":"Home","item":"https:\/\/www.autotag-online.com\/fr\/"},{"@type":"ListItem","position":2,"name":"A notre sujet"}]},{"@type":"WebSite","@id":"https:\/\/www.autotag-online.com\/fr\/#website","url":"https:\/\/www.autotag-online.com\/fr\/","name":"Autotag","description":"Sp\u00e9cialiste de la vente en gros et du commerce de cl\u00e9s et d'accessoires pour le commerce automobile","publisher":{"@id":"https:\/\/www.autotag-online.com\/fr\/#organization"},"potentialAction":[{"@type":"SearchAction","target":{"@type":"EntryPoint","urlTemplate":"https:\/\/www.autotag-online.com\/fr\/?s={search_term_string}"},"query-input":{"@type":"PropertyValueSpecification","valueRequired":true,"valueName":"search_term_string"}}],"inLanguage":"fr-FR"},{"@type":"Organization","@id":"https:\/\/www.autotag-online.com\/fr\/#organization","name":"Autotag","url":"https:\/\/www.autotag-online.com\/fr\/","logo":{"@type":"ImageObject","inLanguage":"fr-FR","@id":"https:\/\/www.autotag-online.com\/fr\/#\/schema\/logo\/image\/","url":"https:\/\/www.autotag-online.com\/wp-content\/uploads\/2016\/11\/cropped-logo-2.png","contentUrl":"https:\/\/www.autotag-online.com\/wp-content\/uploads\/2016\/11\/cropped-logo-2.png","width":628,"height":110,"caption":"Autotag"},"image":{"@id":"https:\/\/www.autotag-online.com\/fr\/#\/schema\/logo\/image\/"}}]}},"_links":{"self":[{"href":"https:\/\/www.autotag-online.com\/fr\/wp-json\/wp\/v2\/pages\/23446","targetHints":{"allow":["GET"]}}],"collection":[{"href":"https:\/\/www.autotag-online.com\/fr\/wp-json\/wp\/v2\/pages"}],"about":[{"href":"https:\/\/www.autotag-online.com\/fr\/wp-json\/wp\/v2\/types\/page"}],"author":[{"embeddable":true,"href":"https:\/\/www.autotag-online.com\/fr\/wp-json\/wp\/v2\/users\/1"}],"replies":[{"embeddable":true,"href":"https:\/\/www.autotag-online.com\/fr\/wp-json\/wp\/v2\/comments?post=23446"}],"version-history":[{"count":0,"href":"https:\/\/www.autotag-online.com\/fr\/wp-json\/wp\/v2\/pages\/23446\/revisions"}],"wp:attachment":[{"href":"https:\/\/www.autotag-online.com\/fr\/wp-json\/wp\/v2\/media?parent=23446"}],"curies":[{"name":"wp","href":"https:\/\/api.w.org\/{rel}","templated":true}]}}