{"id":56578,"date":"2025-08-14T20:39:11","date_gmt":"2025-08-14T19:39:11","guid":{"rendered":"https:\/\/www.autotag-online.com\/product\/eco-workshop-etiketten-einfach\/"},"modified":"2025-11-14T13:13:49","modified_gmt":"2025-11-14T13:13:49","slug":"eco-workshop-etiketten-einfach","status":"publish","type":"product","link":"https:\/\/www.autotag-online.com\/de\/produkt\/eco-workshop-etiketten-einfach\/","title":{"rendered":"ECO Workshop-Etiketten &#8211; EINFACH"},"content":{"rendered":"<p>PRODUCTOVERZICHT VAN DE NIEUWE MkIII ECO WORKSHOP-TAGS:<\/p>\n<p>Verschillende opties voor het eenvoudig bevestigen van sleutels \u2013 eendelige staart \/ kabelbindbevestiging \/ stalen ring<\/p>\n<p>De BEDRUKT versie heeft nu een duidelijker markeergebied \u2013 met een wit omrand gebied met voorgedrukte prompts. Je hebt alleen een balpen nodig om de juiste informatie te noteren. <\/p>\n<p>Beter voor het milieu \u2013 aanzienlijk gerecycled materiaal<\/p>\n<p>Gerecycled, maar sterk en slim!<\/p>\n<p>Deze tags kunnen keer op keer gerecycled worden.<\/p>\n<p>&nbsp;<\/p>\n<p>&nbsp;<\/p>\n","protected":false},"excerpt":{"rendered":"<p>PRODUCTOVERZICHT VAN DE NIEUWE MkIII ECO WORKSHOP-TAGS: Verschillende opties voor het eenvoudig bevestigen van sleutels \u2013 eendelige staart \/ kabelbindbevestiging \/ stalen ring De BEDRUKT versie heeft nu een duidelijker markeergebied \u2013 met een wit omrand gebied met voorgedrukte prompts. Je hebt alleen een balpen nodig om de juiste informatie te noteren. Beter voor het [&hellip;]<\/p>\n","protected":false},"featured_media":55649,"comment_status":"closed","ping_status":"closed","template":"","meta":{"_acf_changed":false},"product_brand":[],"product_cat":[395,240],"product_tag":[],"class_list":{"0":"post-56578","1":"product","2":"type-product","3":"status-publish","4":"has-post-thumbnail","6":"product_cat-mk-iii-schlusselanhanger","7":"product_cat-schlusselanhanger","9":"first","10":"instock","11":"taxable","12":"shipping-taxable","13":"purchasable","14":"product-type-variable"},"exclude_global_add_ons":[],"addons":[],"acf":[],"yoast_head":"<!-- This site is optimized with the Yoast SEO plugin v27.2 - https:\/\/yoast.com\/product\/yoast-seo-wordpress\/ -->\n<title>ECO Workshop-Etiketten - EINFACH -. Autotag, motor trade merchandising specialists<\/title>\n<meta name=\"description\" content=\"ECO Workshop-Etiketten - EINFACH -. Autotag \u2013 originally founded in 1986, is focussed on supplying key tags &amp; management systems, point of sale materials and workshop systems to the motor trade.\" \/>\n<meta name=\"robots\" content=\"index, follow, max-snippet:-1, max-image-preview:large, max-video-preview:-1\" \/>\n<link rel=\"canonical\" href=\"https:\/\/www.autotag-online.com\/de\/produkt\/eco-workshop-etiketten-einfach\/\" \/>\n<meta property=\"og:locale\" content=\"de_DE\" \/>\n<meta property=\"og:type\" content=\"article\" \/>\n<meta property=\"og:title\" content=\"ECO Workshop-Etiketten - EINFACH -. Autotag, motor trade merchandising specialists\" \/>\n<meta property=\"og:description\" content=\"ECO Workshop-Etiketten - EINFACH -. Autotag \u2013 originally founded in 1986, is focussed on supplying key tags &amp; management systems, point of sale materials and workshop systems to the motor trade.\" \/>\n<meta property=\"og:url\" content=\"https:\/\/www.autotag-online.com\/de\/produkt\/eco-workshop-etiketten-einfach\/\" \/>\n<meta property=\"og:site_name\" content=\"Autotag\" \/>\n<meta property=\"article:modified_time\" content=\"2025-11-14T13:13:49+00:00\" \/>\n<meta property=\"og:image\" content=\"https:\/\/www.autotag-online.com\/wp-content\/uploads\/2025\/08\/IMG_2850-1-scaled.jpeg\" \/>\n\t<meta property=\"og:image:width\" content=\"1920\" \/>\n\t<meta property=\"og:image:height\" content=\"2560\" \/>\n\t<meta property=\"og:image:type\" content=\"image\/jpeg\" \/>\n<meta name=\"twitter:card\" content=\"summary_large_image\" \/>\n<script type=\"application\/ld+json\" class=\"yoast-schema-graph\">{\"@context\":\"https:\/\/schema.org\",\"@graph\":[{\"@type\":\"WebPage\",\"@id\":\"https:\/\/www.autotag-online.com\/de\/produkt\/eco-workshop-etiketten-einfach\/\",\"url\":\"https:\/\/www.autotag-online.com\/de\/produkt\/eco-workshop-etiketten-einfach\/\",\"name\":\"ECO Workshop-Etiketten - EINFACH -. Autotag, motor trade merchandising specialists\",\"isPartOf\":{\"@id\":\"https:\/\/www.autotag-online.com\/de\/#website\"},\"primaryImageOfPage\":{\"@id\":\"https:\/\/www.autotag-online.com\/de\/produkt\/eco-workshop-etiketten-einfach\/#primaryimage\"},\"image\":{\"@id\":\"https:\/\/www.autotag-online.com\/de\/produkt\/eco-workshop-etiketten-einfach\/#primaryimage\"},\"thumbnailUrl\":\"https:\/\/www.autotag-online.com\/wp-content\/uploads\/2025\/08\/IMG_2850-1-scaled.jpeg\",\"datePublished\":\"2025-08-14T19:39:11+00:00\",\"dateModified\":\"2025-11-14T13:13:49+00:00\",\"description\":\"ECO Workshop-Etiketten - EINFACH -. Autotag \u2013 originally founded in 1986, is focussed on supplying key tags & management systems, point of sale materials and workshop systems to the motor trade.\",\"breadcrumb\":{\"@id\":\"https:\/\/www.autotag-online.com\/de\/produkt\/eco-workshop-etiketten-einfach\/#breadcrumb\"},\"inLanguage\":\"de\",\"potentialAction\":[{\"@type\":\"ReadAction\",\"target\":[\"https:\/\/www.autotag-online.com\/de\/produkt\/eco-workshop-etiketten-einfach\/\"]}]},{\"@type\":\"ImageObject\",\"inLanguage\":\"de\",\"@id\":\"https:\/\/www.autotag-online.com\/de\/produkt\/eco-workshop-etiketten-einfach\/#primaryimage\",\"url\":\"https:\/\/www.autotag-online.com\/wp-content\/uploads\/2025\/08\/IMG_2850-1-scaled.jpeg\",\"contentUrl\":\"https:\/\/www.autotag-online.com\/wp-content\/uploads\/2025\/08\/IMG_2850-1-scaled.jpeg\",\"width\":1920,\"height\":2560},{\"@type\":\"BreadcrumbList\",\"@id\":\"https:\/\/www.autotag-online.com\/de\/produkt\/eco-workshop-etiketten-einfach\/#breadcrumb\",\"itemListElement\":[{\"@type\":\"ListItem\",\"position\":1,\"name\":\"Home\",\"item\":\"https:\/\/www.autotag-online.com\/de\/\"},{\"@type\":\"ListItem\",\"position\":2,\"name\":\"Alle Katagorien\",\"item\":\"https:\/\/www.autotag-online.com\/de\/shop-de\/\"},{\"@type\":\"ListItem\",\"position\":3,\"name\":\"Schlusselanh\u00e4nger\",\"item\":\"https:\/\/www.autotag-online.com\/de\/produkt-kategorie\/schlusselanhanger\/\"},{\"@type\":\"ListItem\",\"position\":4,\"name\":\"ECO Workshop-Etiketten &#8211; EINFACH\"}]},{\"@type\":\"WebSite\",\"@id\":\"https:\/\/www.autotag-online.com\/de\/#website\",\"url\":\"https:\/\/www.autotag-online.com\/de\/\",\"name\":\"Autotag\",\"description\":\"Spezialisierte Gro\u00dfhandel und kaufwaren lieferant von Schl\u00fcsselanh\u00e4nger und zubeh\u00f6r vor die Autohandel\",\"publisher\":{\"@id\":\"https:\/\/www.autotag-online.com\/de\/#organization\"},\"potentialAction\":[{\"@type\":\"SearchAction\",\"target\":{\"@type\":\"EntryPoint\",\"urlTemplate\":\"https:\/\/www.autotag-online.com\/de\/?s={search_term_string}\"},\"query-input\":{\"@type\":\"PropertyValueSpecification\",\"valueRequired\":true,\"valueName\":\"search_term_string\"}}],\"inLanguage\":\"de\"},{\"@type\":\"Organization\",\"@id\":\"https:\/\/www.autotag-online.com\/de\/#organization\",\"name\":\"Autotag\",\"url\":\"https:\/\/www.autotag-online.com\/de\/\",\"logo\":{\"@type\":\"ImageObject\",\"inLanguage\":\"de\",\"@id\":\"https:\/\/www.autotag-online.com\/de\/#\/schema\/logo\/image\/\",\"url\":\"https:\/\/www.autotag-online.com\/wp-content\/uploads\/2016\/11\/cropped-logo-2.png\",\"contentUrl\":\"https:\/\/www.autotag-online.com\/wp-content\/uploads\/2016\/11\/cropped-logo-2.png\",\"width\":628,\"height\":110,\"caption\":\"Autotag\"},\"image\":{\"@id\":\"https:\/\/www.autotag-online.com\/de\/#\/schema\/logo\/image\/\"}}]}<\/script>\n<!-- \/ Yoast SEO plugin. -->","yoast_head_json":{"title":"ECO Workshop-Etiketten - EINFACH -. Autotag, motor trade merchandising specialists","description":"ECO Workshop-Etiketten - EINFACH -. Autotag \u2013 originally founded in 1986, is focussed on supplying key tags & management systems, point of sale materials and workshop systems to the motor trade.","robots":{"index":"index","follow":"follow","max-snippet":"max-snippet:-1","max-image-preview":"max-image-preview:large","max-video-preview":"max-video-preview:-1"},"canonical":"https:\/\/www.autotag-online.com\/de\/produkt\/eco-workshop-etiketten-einfach\/","og_locale":"de_DE","og_type":"article","og_title":"ECO Workshop-Etiketten - EINFACH -. Autotag, motor trade merchandising specialists","og_description":"ECO Workshop-Etiketten - EINFACH -. Autotag \u2013 originally founded in 1986, is focussed on supplying key tags & management systems, point of sale materials and workshop systems to the motor trade.","og_url":"https:\/\/www.autotag-online.com\/de\/produkt\/eco-workshop-etiketten-einfach\/","og_site_name":"Autotag","article_modified_time":"2025-11-14T13:13:49+00:00","og_image":[{"width":1920,"height":2560,"url":"https:\/\/www.autotag-online.com\/wp-content\/uploads\/2025\/08\/IMG_2850-1-scaled.jpeg","type":"image\/jpeg"}],"twitter_card":"summary_large_image","schema":{"@context":"https:\/\/schema.org","@graph":[{"@type":"WebPage","@id":"https:\/\/www.autotag-online.com\/de\/produkt\/eco-workshop-etiketten-einfach\/","url":"https:\/\/www.autotag-online.com\/de\/produkt\/eco-workshop-etiketten-einfach\/","name":"ECO Workshop-Etiketten - EINFACH -. Autotag, motor trade merchandising specialists","isPartOf":{"@id":"https:\/\/www.autotag-online.com\/de\/#website"},"primaryImageOfPage":{"@id":"https:\/\/www.autotag-online.com\/de\/produkt\/eco-workshop-etiketten-einfach\/#primaryimage"},"image":{"@id":"https:\/\/www.autotag-online.com\/de\/produkt\/eco-workshop-etiketten-einfach\/#primaryimage"},"thumbnailUrl":"https:\/\/www.autotag-online.com\/wp-content\/uploads\/2025\/08\/IMG_2850-1-scaled.jpeg","datePublished":"2025-08-14T19:39:11+00:00","dateModified":"2025-11-14T13:13:49+00:00","description":"ECO Workshop-Etiketten - EINFACH -. Autotag \u2013 originally founded in 1986, is focussed on supplying key tags & management systems, point of sale materials and workshop systems to the motor trade.","breadcrumb":{"@id":"https:\/\/www.autotag-online.com\/de\/produkt\/eco-workshop-etiketten-einfach\/#breadcrumb"},"inLanguage":"de","potentialAction":[{"@type":"ReadAction","target":["https:\/\/www.autotag-online.com\/de\/produkt\/eco-workshop-etiketten-einfach\/"]}]},{"@type":"ImageObject","inLanguage":"de","@id":"https:\/\/www.autotag-online.com\/de\/produkt\/eco-workshop-etiketten-einfach\/#primaryimage","url":"https:\/\/www.autotag-online.com\/wp-content\/uploads\/2025\/08\/IMG_2850-1-scaled.jpeg","contentUrl":"https:\/\/www.autotag-online.com\/wp-content\/uploads\/2025\/08\/IMG_2850-1-scaled.jpeg","width":1920,"height":2560},{"@type":"BreadcrumbList","@id":"https:\/\/www.autotag-online.com\/de\/produkt\/eco-workshop-etiketten-einfach\/#breadcrumb","itemListElement":[{"@type":"ListItem","position":1,"name":"Home","item":"https:\/\/www.autotag-online.com\/de\/"},{"@type":"ListItem","position":2,"name":"Alle Katagorien","item":"https:\/\/www.autotag-online.com\/de\/shop-de\/"},{"@type":"ListItem","position":3,"name":"Schlusselanh\u00e4nger","item":"https:\/\/www.autotag-online.com\/de\/produkt-kategorie\/schlusselanhanger\/"},{"@type":"ListItem","position":4,"name":"ECO Workshop-Etiketten &#8211; EINFACH"}]},{"@type":"WebSite","@id":"https:\/\/www.autotag-online.com\/de\/#website","url":"https:\/\/www.autotag-online.com\/de\/","name":"Autotag","description":"Spezialisierte Gro\u00dfhandel und kaufwaren lieferant von Schl\u00fcsselanh\u00e4nger und zubeh\u00f6r vor die Autohandel","publisher":{"@id":"https:\/\/www.autotag-online.com\/de\/#organization"},"potentialAction":[{"@type":"SearchAction","target":{"@type":"EntryPoint","urlTemplate":"https:\/\/www.autotag-online.com\/de\/?s={search_term_string}"},"query-input":{"@type":"PropertyValueSpecification","valueRequired":true,"valueName":"search_term_string"}}],"inLanguage":"de"},{"@type":"Organization","@id":"https:\/\/www.autotag-online.com\/de\/#organization","name":"Autotag","url":"https:\/\/www.autotag-online.com\/de\/","logo":{"@type":"ImageObject","inLanguage":"de","@id":"https:\/\/www.autotag-online.com\/de\/#\/schema\/logo\/image\/","url":"https:\/\/www.autotag-online.com\/wp-content\/uploads\/2016\/11\/cropped-logo-2.png","contentUrl":"https:\/\/www.autotag-online.com\/wp-content\/uploads\/2016\/11\/cropped-logo-2.png","width":628,"height":110,"caption":"Autotag"},"image":{"@id":"https:\/\/www.autotag-online.com\/de\/#\/schema\/logo\/image\/"}}]}},"_links":{"self":[{"href":"https:\/\/www.autotag-online.com\/de\/wp-json\/wp\/v2\/product\/56578","targetHints":{"allow":["GET"]}}],"collection":[{"href":"https:\/\/www.autotag-online.com\/de\/wp-json\/wp\/v2\/product"}],"about":[{"href":"https:\/\/www.autotag-online.com\/de\/wp-json\/wp\/v2\/types\/product"}],"replies":[{"embeddable":true,"href":"https:\/\/www.autotag-online.com\/de\/wp-json\/wp\/v2\/comments?post=56578"}],"wp:featuredmedia":[{"embeddable":true,"href":"https:\/\/www.autotag-online.com\/de\/wp-json\/wp\/v2\/media\/55649"}],"wp:attachment":[{"href":"https:\/\/www.autotag-online.com\/de\/wp-json\/wp\/v2\/media?parent=56578"}],"wp:term":[{"taxonomy":"product_brand","embeddable":true,"href":"https:\/\/www.autotag-online.com\/de\/wp-json\/wp\/v2\/product_brand?post=56578"},{"taxonomy":"product_cat","embeddable":true,"href":"https:\/\/www.autotag-online.com\/de\/wp-json\/wp\/v2\/product_cat?post=56578"},{"taxonomy":"product_tag","embeddable":true,"href":"https:\/\/www.autotag-online.com\/de\/wp-json\/wp\/v2\/product_tag?post=56578"}],"curies":[{"name":"wp","href":"https:\/\/api.w.org\/{rel}","templated":true}]}}