{"id":31260,"date":"2019-09-04T21:59:47","date_gmt":"2019-09-04T20:59:47","guid":{"rendered":"https:\/\/www.autotag-online.com\/product\/300-anhanger-mki\/"},"modified":"2019-09-13T09:29:25","modified_gmt":"2019-09-13T08:29:25","slug":"300-anhanger-mki","status":"publish","type":"product","link":"https:\/\/www.autotag-online.com\/de\/produkt\/300-anhanger-mki\/","title":{"rendered":"300 Anh\u00e4nger &#8211; MKI ( gedruckt oder ebene)"},"content":{"rendered":"<p>Autotag ist erfreut, Kunden mit geringer Nutzung die M\u00f6glichkeit zu bieten, eine Packung mit 300 Anh\u00e4nger &#8211; entweder MkI oder MkII &#8211; gedruckt oder ebene zu kaufen.<\/p>\n<p>Jede Packung mit 300 Anh\u00e4nger ist in verschiedenen Farben erh\u00e4ltlich und wird mit zwei Markierstiften geliefert.<\/p>\n<p>Auch erh\u00e4ltlich in einer Packung\u00a0 mit 100 anh\u00e4nger mit einem Stift.<\/p>\n","protected":false},"excerpt":{"rendered":"<p>Autotag ist erfreut, Kunden mit geringer Nutzung die M\u00f6glichkeit zu bieten, eine Packung mit 300 Anh\u00e4nger &#8211; entweder MkI oder MkII &#8211; gedruckt oder ebene zu kaufen. Jede Packung mit 300 Anh\u00e4nger ist in verschiedenen Farben erh\u00e4ltlich und wird mit zwei Markierstiften geliefert. Auch erh\u00e4ltlich in einer Packung\u00a0 mit 100 anh\u00e4nger mit einem Stift.<\/p>\n","protected":false},"featured_media":30844,"comment_status":"closed","ping_status":"closed","template":"","meta":{"_acf_changed":false},"product_brand":[],"product_cat":[240],"product_tag":[],"class_list":{"0":"post-31260","1":"product","2":"type-product","3":"status-publish","4":"has-post-thumbnail","6":"product_cat-schlusselanhanger","8":"first","9":"instock","10":"taxable","11":"shipping-taxable","12":"purchasable","13":"product-type-variable"},"exclude_global_add_ons":[],"addons":[],"acf":[],"yoast_head":"<!-- This site is optimized with the Yoast SEO plugin v27.2 - https:\/\/yoast.com\/product\/yoast-seo-wordpress\/ -->\n<title>300 Anh\u00e4nger - MKI ( gedruckt oder ebene) -. Autotag, motor trade merchandising specialists<\/title>\n<meta name=\"description\" content=\"300 Anh\u00e4nger - MKI ( gedruckt oder ebene) -. Autotag \u2013 originally founded in 1986, is focussed on supplying key tags &amp; management systems, point of sale materials and workshop systems to the motor trade.\" \/>\n<meta name=\"robots\" content=\"index, follow, max-snippet:-1, max-image-preview:large, max-video-preview:-1\" \/>\n<link rel=\"canonical\" href=\"https:\/\/www.autotag-online.com\/de\/produkt\/300-anhanger-mki\/\" \/>\n<meta property=\"og:locale\" content=\"de_DE\" \/>\n<meta property=\"og:type\" content=\"article\" \/>\n<meta property=\"og:title\" content=\"300 Anh\u00e4nger - MKI ( gedruckt oder ebene) -. Autotag, motor trade merchandising specialists\" \/>\n<meta property=\"og:description\" content=\"300 Anh\u00e4nger - MKI ( gedruckt oder ebene) -. Autotag \u2013 originally founded in 1986, is focussed on supplying key tags &amp; management systems, point of sale materials and workshop systems to the motor trade.\" \/>\n<meta property=\"og:url\" content=\"https:\/\/www.autotag-online.com\/de\/produkt\/300-anhanger-mki\/\" \/>\n<meta property=\"og:site_name\" content=\"Autotag\" \/>\n<meta property=\"article:modified_time\" content=\"2019-09-13T08:29:25+00:00\" \/>\n<meta property=\"og:image\" content=\"https:\/\/www.autotag-online.com\/wp-content\/uploads\/2016\/11\/IMG_1973_DE-MkI-with-rings_26jul2019.jpg\" \/>\n\t<meta property=\"og:image:width\" content=\"617\" \/>\n\t<meta property=\"og:image:height\" content=\"462\" \/>\n\t<meta property=\"og:image:type\" content=\"image\/jpeg\" \/>\n<meta name=\"twitter:card\" content=\"summary_large_image\" \/>\n<script type=\"application\/ld+json\" class=\"yoast-schema-graph\">{\"@context\":\"https:\/\/schema.org\",\"@graph\":[{\"@type\":\"WebPage\",\"@id\":\"https:\/\/www.autotag-online.com\/de\/produkt\/300-anhanger-mki\/\",\"url\":\"https:\/\/www.autotag-online.com\/de\/produkt\/300-anhanger-mki\/\",\"name\":\"300 Anh\u00e4nger - MKI ( gedruckt oder ebene) -. Autotag, motor trade merchandising specialists\",\"isPartOf\":{\"@id\":\"https:\/\/www.autotag-online.com\/de\/#website\"},\"primaryImageOfPage\":{\"@id\":\"https:\/\/www.autotag-online.com\/de\/produkt\/300-anhanger-mki\/#primaryimage\"},\"image\":{\"@id\":\"https:\/\/www.autotag-online.com\/de\/produkt\/300-anhanger-mki\/#primaryimage\"},\"thumbnailUrl\":\"https:\/\/www.autotag-online.com\/wp-content\/uploads\/2016\/11\/IMG_1973_DE-MkI-with-rings_26jul2019.jpg\",\"datePublished\":\"2019-09-04T20:59:47+00:00\",\"dateModified\":\"2019-09-13T08:29:25+00:00\",\"description\":\"300 Anh\u00e4nger - MKI ( gedruckt oder ebene) -. Autotag \u2013 originally founded in 1986, is focussed on supplying key tags & management systems, point of sale materials and workshop systems to the motor trade.\",\"breadcrumb\":{\"@id\":\"https:\/\/www.autotag-online.com\/de\/produkt\/300-anhanger-mki\/#breadcrumb\"},\"inLanguage\":\"de\",\"potentialAction\":[{\"@type\":\"ReadAction\",\"target\":[\"https:\/\/www.autotag-online.com\/de\/produkt\/300-anhanger-mki\/\"]}]},{\"@type\":\"ImageObject\",\"inLanguage\":\"de\",\"@id\":\"https:\/\/www.autotag-online.com\/de\/produkt\/300-anhanger-mki\/#primaryimage\",\"url\":\"https:\/\/www.autotag-online.com\/wp-content\/uploads\/2016\/11\/IMG_1973_DE-MkI-with-rings_26jul2019.jpg\",\"contentUrl\":\"https:\/\/www.autotag-online.com\/wp-content\/uploads\/2016\/11\/IMG_1973_DE-MkI-with-rings_26jul2019.jpg\",\"width\":617,\"height\":462},{\"@type\":\"BreadcrumbList\",\"@id\":\"https:\/\/www.autotag-online.com\/de\/produkt\/300-anhanger-mki\/#breadcrumb\",\"itemListElement\":[{\"@type\":\"ListItem\",\"position\":1,\"name\":\"Home\",\"item\":\"https:\/\/www.autotag-online.com\/de\/\"},{\"@type\":\"ListItem\",\"position\":2,\"name\":\"Alle Katagorien\",\"item\":\"https:\/\/www.autotag-online.com\/de\/shop-de\/\"},{\"@type\":\"ListItem\",\"position\":3,\"name\":\"Schlusselanh\u00e4nger\",\"item\":\"https:\/\/www.autotag-online.com\/de\/produkt-kategorie\/schlusselanhanger\/\"},{\"@type\":\"ListItem\",\"position\":4,\"name\":\"300 Anh\u00e4nger &#8211; MKI ( gedruckt oder ebene)\"}]},{\"@type\":\"WebSite\",\"@id\":\"https:\/\/www.autotag-online.com\/de\/#website\",\"url\":\"https:\/\/www.autotag-online.com\/de\/\",\"name\":\"Autotag\",\"description\":\"Spezialisierte Gro\u00dfhandel und kaufwaren lieferant von Schl\u00fcsselanh\u00e4nger und zubeh\u00f6r vor die Autohandel\",\"publisher\":{\"@id\":\"https:\/\/www.autotag-online.com\/de\/#organization\"},\"potentialAction\":[{\"@type\":\"SearchAction\",\"target\":{\"@type\":\"EntryPoint\",\"urlTemplate\":\"https:\/\/www.autotag-online.com\/de\/?s={search_term_string}\"},\"query-input\":{\"@type\":\"PropertyValueSpecification\",\"valueRequired\":true,\"valueName\":\"search_term_string\"}}],\"inLanguage\":\"de\"},{\"@type\":\"Organization\",\"@id\":\"https:\/\/www.autotag-online.com\/de\/#organization\",\"name\":\"Autotag\",\"url\":\"https:\/\/www.autotag-online.com\/de\/\",\"logo\":{\"@type\":\"ImageObject\",\"inLanguage\":\"de\",\"@id\":\"https:\/\/www.autotag-online.com\/de\/#\/schema\/logo\/image\/\",\"url\":\"https:\/\/www.autotag-online.com\/wp-content\/uploads\/2016\/11\/cropped-logo-2.png\",\"contentUrl\":\"https:\/\/www.autotag-online.com\/wp-content\/uploads\/2016\/11\/cropped-logo-2.png\",\"width\":628,\"height\":110,\"caption\":\"Autotag\"},\"image\":{\"@id\":\"https:\/\/www.autotag-online.com\/de\/#\/schema\/logo\/image\/\"}}]}<\/script>\n<!-- \/ Yoast SEO plugin. -->","yoast_head_json":{"title":"300 Anh\u00e4nger - MKI ( gedruckt oder ebene) -. Autotag, motor trade merchandising specialists","description":"300 Anh\u00e4nger - MKI ( gedruckt oder ebene) -. Autotag \u2013 originally founded in 1986, is focussed on supplying key tags & management systems, point of sale materials and workshop systems to the motor trade.","robots":{"index":"index","follow":"follow","max-snippet":"max-snippet:-1","max-image-preview":"max-image-preview:large","max-video-preview":"max-video-preview:-1"},"canonical":"https:\/\/www.autotag-online.com\/de\/produkt\/300-anhanger-mki\/","og_locale":"de_DE","og_type":"article","og_title":"300 Anh\u00e4nger - MKI ( gedruckt oder ebene) -. Autotag, motor trade merchandising specialists","og_description":"300 Anh\u00e4nger - MKI ( gedruckt oder ebene) -. Autotag \u2013 originally founded in 1986, is focussed on supplying key tags & management systems, point of sale materials and workshop systems to the motor trade.","og_url":"https:\/\/www.autotag-online.com\/de\/produkt\/300-anhanger-mki\/","og_site_name":"Autotag","article_modified_time":"2019-09-13T08:29:25+00:00","og_image":[{"width":617,"height":462,"url":"https:\/\/www.autotag-online.com\/wp-content\/uploads\/2016\/11\/IMG_1973_DE-MkI-with-rings_26jul2019.jpg","type":"image\/jpeg"}],"twitter_card":"summary_large_image","schema":{"@context":"https:\/\/schema.org","@graph":[{"@type":"WebPage","@id":"https:\/\/www.autotag-online.com\/de\/produkt\/300-anhanger-mki\/","url":"https:\/\/www.autotag-online.com\/de\/produkt\/300-anhanger-mki\/","name":"300 Anh\u00e4nger - MKI ( gedruckt oder ebene) -. Autotag, motor trade merchandising specialists","isPartOf":{"@id":"https:\/\/www.autotag-online.com\/de\/#website"},"primaryImageOfPage":{"@id":"https:\/\/www.autotag-online.com\/de\/produkt\/300-anhanger-mki\/#primaryimage"},"image":{"@id":"https:\/\/www.autotag-online.com\/de\/produkt\/300-anhanger-mki\/#primaryimage"},"thumbnailUrl":"https:\/\/www.autotag-online.com\/wp-content\/uploads\/2016\/11\/IMG_1973_DE-MkI-with-rings_26jul2019.jpg","datePublished":"2019-09-04T20:59:47+00:00","dateModified":"2019-09-13T08:29:25+00:00","description":"300 Anh\u00e4nger - MKI ( gedruckt oder ebene) -. Autotag \u2013 originally founded in 1986, is focussed on supplying key tags & management systems, point of sale materials and workshop systems to the motor trade.","breadcrumb":{"@id":"https:\/\/www.autotag-online.com\/de\/produkt\/300-anhanger-mki\/#breadcrumb"},"inLanguage":"de","potentialAction":[{"@type":"ReadAction","target":["https:\/\/www.autotag-online.com\/de\/produkt\/300-anhanger-mki\/"]}]},{"@type":"ImageObject","inLanguage":"de","@id":"https:\/\/www.autotag-online.com\/de\/produkt\/300-anhanger-mki\/#primaryimage","url":"https:\/\/www.autotag-online.com\/wp-content\/uploads\/2016\/11\/IMG_1973_DE-MkI-with-rings_26jul2019.jpg","contentUrl":"https:\/\/www.autotag-online.com\/wp-content\/uploads\/2016\/11\/IMG_1973_DE-MkI-with-rings_26jul2019.jpg","width":617,"height":462},{"@type":"BreadcrumbList","@id":"https:\/\/www.autotag-online.com\/de\/produkt\/300-anhanger-mki\/#breadcrumb","itemListElement":[{"@type":"ListItem","position":1,"name":"Home","item":"https:\/\/www.autotag-online.com\/de\/"},{"@type":"ListItem","position":2,"name":"Alle Katagorien","item":"https:\/\/www.autotag-online.com\/de\/shop-de\/"},{"@type":"ListItem","position":3,"name":"Schlusselanh\u00e4nger","item":"https:\/\/www.autotag-online.com\/de\/produkt-kategorie\/schlusselanhanger\/"},{"@type":"ListItem","position":4,"name":"300 Anh\u00e4nger &#8211; MKI ( gedruckt oder ebene)"}]},{"@type":"WebSite","@id":"https:\/\/www.autotag-online.com\/de\/#website","url":"https:\/\/www.autotag-online.com\/de\/","name":"Autotag","description":"Spezialisierte Gro\u00dfhandel und kaufwaren lieferant von Schl\u00fcsselanh\u00e4nger und zubeh\u00f6r vor die Autohandel","publisher":{"@id":"https:\/\/www.autotag-online.com\/de\/#organization"},"potentialAction":[{"@type":"SearchAction","target":{"@type":"EntryPoint","urlTemplate":"https:\/\/www.autotag-online.com\/de\/?s={search_term_string}"},"query-input":{"@type":"PropertyValueSpecification","valueRequired":true,"valueName":"search_term_string"}}],"inLanguage":"de"},{"@type":"Organization","@id":"https:\/\/www.autotag-online.com\/de\/#organization","name":"Autotag","url":"https:\/\/www.autotag-online.com\/de\/","logo":{"@type":"ImageObject","inLanguage":"de","@id":"https:\/\/www.autotag-online.com\/de\/#\/schema\/logo\/image\/","url":"https:\/\/www.autotag-online.com\/wp-content\/uploads\/2016\/11\/cropped-logo-2.png","contentUrl":"https:\/\/www.autotag-online.com\/wp-content\/uploads\/2016\/11\/cropped-logo-2.png","width":628,"height":110,"caption":"Autotag"},"image":{"@id":"https:\/\/www.autotag-online.com\/de\/#\/schema\/logo\/image\/"}}]}},"_links":{"self":[{"href":"https:\/\/www.autotag-online.com\/de\/wp-json\/wp\/v2\/product\/31260","targetHints":{"allow":["GET"]}}],"collection":[{"href":"https:\/\/www.autotag-online.com\/de\/wp-json\/wp\/v2\/product"}],"about":[{"href":"https:\/\/www.autotag-online.com\/de\/wp-json\/wp\/v2\/types\/product"}],"replies":[{"embeddable":true,"href":"https:\/\/www.autotag-online.com\/de\/wp-json\/wp\/v2\/comments?post=31260"}],"wp:featuredmedia":[{"embeddable":true,"href":"https:\/\/www.autotag-online.com\/de\/wp-json\/wp\/v2\/media\/30844"}],"wp:attachment":[{"href":"https:\/\/www.autotag-online.com\/de\/wp-json\/wp\/v2\/media?parent=31260"}],"wp:term":[{"taxonomy":"product_brand","embeddable":true,"href":"https:\/\/www.autotag-online.com\/de\/wp-json\/wp\/v2\/product_brand?post=31260"},{"taxonomy":"product_cat","embeddable":true,"href":"https:\/\/www.autotag-online.com\/de\/wp-json\/wp\/v2\/product_cat?post=31260"},{"taxonomy":"product_tag","embeddable":true,"href":"https:\/\/www.autotag-online.com\/de\/wp-json\/wp\/v2\/product_tag?post=31260"}],"curies":[{"name":"wp","href":"https:\/\/api.w.org\/{rel}","templated":true}]}}