{"id":28243,"date":"2016-11-21T12:50:09","date_gmt":"2016-11-21T12:50:09","guid":{"rendered":"https:\/\/www.autotag-online.com\/nl\/product\/plakat-display-a4-portrat\/"},"modified":"2021-05-17T15:14:19","modified_gmt":"2021-05-17T14:14:19","slug":"plakat-display-a4-portrat","status":"publish","type":"product","link":"https:\/\/www.autotag-online.com\/de\/produkt\/plakat-display-a4-portrat\/","title":{"rendered":"Plakat-Display &#8211; A4 Portr\u00e4t"},"content":{"rendered":"<p>A4 Portr\u00e4t Plakat Display<\/p>\n<p>Autotag ist sch\u00f6n sehr lange die lieferant von diese Plakat Display an die Automobil Industrie.<\/p>\n<p>.Patentiertes System<br \/>\n.Einfache und schnelle Handhabung<br \/>\n.Alles was Sie brauchen ist im Display integriert &#8211; Sie ben\u00f6tigen \u00a0 \u00a0 \u00a0 keineriel Zubeh\u00f6r zur Anbringung am Fahrzeug<br \/>\n.Aus hochwertigem Kustoff hergestellt<br \/>\n.W\u00e4rmebest\u00e4ndig (auch bei Sonnenienstrahlung)<br \/>\n.Kein Eintritt von Wasser oder Feuchtigkeit<\/p>\n<p>&nbsp;<\/p>\n","protected":false},"excerpt":{"rendered":"<p>A4 Portr\u00e4t Plakat Display Autotag ist sch\u00f6n sehr lange die lieferant von diese Plakat Display an die Automobil Industrie. .Patentiertes System .Einfache und schnelle Handhabung .Alles was Sie brauchen ist im Display integriert &#8211; Sie ben\u00f6tigen \u00a0 \u00a0 \u00a0 keineriel Zubeh\u00f6r zur Anbringung am Fahrzeug .Aus hochwertigem Kustoff hergestellt .W\u00e4rmebest\u00e4ndig (auch bei Sonnenienstrahlung) .Kein Eintritt [&hellip;]<\/p>\n","protected":false},"featured_media":643,"comment_status":"closed","ping_status":"closed","template":"","meta":{"_acf_changed":false},"product_brand":[],"product_cat":[256,276],"product_tag":[],"class_list":{"0":"post-28243","1":"product","2":"type-product","3":"status-publish","4":"has-post-thumbnail","6":"product_cat-interior-signage-de","7":"product_cat-showroom-vorhof","9":"first","10":"instock","11":"taxable","12":"shipping-taxable","13":"purchasable","14":"product-type-simple"},"exclude_global_add_ons":[],"addons":[],"acf":[],"yoast_head":"<!-- This site is optimized with the Yoast SEO plugin v27.2 - https:\/\/yoast.com\/product\/yoast-seo-wordpress\/ -->\n<title>Plakat Display f\u00fcr den Ausstellungsraum in dieAutomobil Industrie<\/title>\n<meta name=\"description\" content=\"Plakat Display f\u00fcr den Ausstellungsraum in dieAutomobil Industrie\" \/>\n<meta name=\"robots\" content=\"index, follow, max-snippet:-1, max-image-preview:large, max-video-preview:-1\" \/>\n<link rel=\"canonical\" href=\"https:\/\/www.autotag-online.com\/de\/produkt\/plakat-display-a4-portrat\/\" \/>\n<meta property=\"og:locale\" content=\"de_DE\" \/>\n<meta property=\"og:type\" content=\"article\" \/>\n<meta property=\"og:title\" content=\"Plakat Display f\u00fcr den Ausstellungsraum in dieAutomobil Industrie\" \/>\n<meta property=\"og:description\" content=\"Plakat Display f\u00fcr den Ausstellungsraum in dieAutomobil Industrie\" \/>\n<meta property=\"og:url\" content=\"https:\/\/www.autotag-online.com\/de\/produkt\/plakat-display-a4-portrat\/\" \/>\n<meta property=\"og:site_name\" content=\"Autotag\" \/>\n<meta property=\"article:modified_time\" content=\"2021-05-17T14:14:19+00:00\" \/>\n<meta property=\"og:image\" content=\"https:\/\/www.autotag-online.com\/wp-content\/uploads\/2016\/11\/68045009520046jpg.html\" \/>\n\t<meta property=\"og:image:width\" content=\"200\" \/>\n\t<meta property=\"og:image:height\" content=\"200\" \/>\n\t<meta property=\"og:image:type\" content=\"image\/jpeg\" \/>\n<meta name=\"twitter:card\" content=\"summary_large_image\" \/>\n<script type=\"application\/ld+json\" class=\"yoast-schema-graph\">{\"@context\":\"https:\/\/schema.org\",\"@graph\":[{\"@type\":\"WebPage\",\"@id\":\"https:\/\/www.autotag-online.com\/de\/produkt\/plakat-display-a4-portrat\/\",\"url\":\"https:\/\/www.autotag-online.com\/de\/produkt\/plakat-display-a4-portrat\/\",\"name\":\"Plakat Display f\u00fcr den Ausstellungsraum in dieAutomobil Industrie\",\"isPartOf\":{\"@id\":\"https:\/\/www.autotag-online.com\/de\/#website\"},\"primaryImageOfPage\":{\"@id\":\"https:\/\/www.autotag-online.com\/de\/produkt\/plakat-display-a4-portrat\/#primaryimage\"},\"image\":{\"@id\":\"https:\/\/www.autotag-online.com\/de\/produkt\/plakat-display-a4-portrat\/#primaryimage\"},\"thumbnailUrl\":\"https:\/\/www.autotag-online.com\/wp-content\/uploads\/2016\/11\/68045009520046jpg.html\",\"datePublished\":\"2016-11-21T12:50:09+00:00\",\"dateModified\":\"2021-05-17T14:14:19+00:00\",\"description\":\"Plakat Display f\u00fcr den Ausstellungsraum in dieAutomobil Industrie\",\"breadcrumb\":{\"@id\":\"https:\/\/www.autotag-online.com\/de\/produkt\/plakat-display-a4-portrat\/#breadcrumb\"},\"inLanguage\":\"de\",\"potentialAction\":[{\"@type\":\"ReadAction\",\"target\":[\"https:\/\/www.autotag-online.com\/de\/produkt\/plakat-display-a4-portrat\/\"]}]},{\"@type\":\"ImageObject\",\"inLanguage\":\"de\",\"@id\":\"https:\/\/www.autotag-online.com\/de\/produkt\/plakat-display-a4-portrat\/#primaryimage\",\"url\":\"https:\/\/www.autotag-online.com\/wp-content\/uploads\/2016\/11\/68045009520046jpg.html\",\"contentUrl\":\"https:\/\/www.autotag-online.com\/wp-content\/uploads\/2016\/11\/68045009520046jpg.html\",\"width\":200,\"height\":200},{\"@type\":\"BreadcrumbList\",\"@id\":\"https:\/\/www.autotag-online.com\/de\/produkt\/plakat-display-a4-portrat\/#breadcrumb\",\"itemListElement\":[{\"@type\":\"ListItem\",\"position\":1,\"name\":\"Home\",\"item\":\"https:\/\/www.autotag-online.com\/de\/\"},{\"@type\":\"ListItem\",\"position\":2,\"name\":\"Alle Katagorien\",\"item\":\"https:\/\/www.autotag-online.com\/de\/shop-de\/\"},{\"@type\":\"ListItem\",\"position\":3,\"name\":\"Showroom &amp; Vorhof\",\"item\":\"https:\/\/www.autotag-online.com\/de\/produkt-kategorie\/showroom-vorhof\/\"},{\"@type\":\"ListItem\",\"position\":4,\"name\":\"Interior Signage\",\"item\":\"https:\/\/www.autotag-online.com\/de\/produkt-kategorie\/showroom-vorhof\/interior-signage-de\/\"},{\"@type\":\"ListItem\",\"position\":5,\"name\":\"Plakat-Display &#8211; A4 Portr\u00e4t\"}]},{\"@type\":\"WebSite\",\"@id\":\"https:\/\/www.autotag-online.com\/de\/#website\",\"url\":\"https:\/\/www.autotag-online.com\/de\/\",\"name\":\"Autotag\",\"description\":\"Spezialisierte Gro\u00dfhandel und kaufwaren lieferant von Schl\u00fcsselanh\u00e4nger und zubeh\u00f6r vor die Autohandel\",\"publisher\":{\"@id\":\"https:\/\/www.autotag-online.com\/de\/#organization\"},\"potentialAction\":[{\"@type\":\"SearchAction\",\"target\":{\"@type\":\"EntryPoint\",\"urlTemplate\":\"https:\/\/www.autotag-online.com\/de\/?s={search_term_string}\"},\"query-input\":{\"@type\":\"PropertyValueSpecification\",\"valueRequired\":true,\"valueName\":\"search_term_string\"}}],\"inLanguage\":\"de\"},{\"@type\":\"Organization\",\"@id\":\"https:\/\/www.autotag-online.com\/de\/#organization\",\"name\":\"Autotag\",\"url\":\"https:\/\/www.autotag-online.com\/de\/\",\"logo\":{\"@type\":\"ImageObject\",\"inLanguage\":\"de\",\"@id\":\"https:\/\/www.autotag-online.com\/de\/#\/schema\/logo\/image\/\",\"url\":\"https:\/\/www.autotag-online.com\/wp-content\/uploads\/2016\/11\/cropped-logo-2.png\",\"contentUrl\":\"https:\/\/www.autotag-online.com\/wp-content\/uploads\/2016\/11\/cropped-logo-2.png\",\"width\":628,\"height\":110,\"caption\":\"Autotag\"},\"image\":{\"@id\":\"https:\/\/www.autotag-online.com\/de\/#\/schema\/logo\/image\/\"}}]}<\/script>\n<!-- \/ Yoast SEO plugin. -->","yoast_head_json":{"title":"Plakat Display f\u00fcr den Ausstellungsraum in dieAutomobil Industrie","description":"Plakat Display f\u00fcr den Ausstellungsraum in dieAutomobil Industrie","robots":{"index":"index","follow":"follow","max-snippet":"max-snippet:-1","max-image-preview":"max-image-preview:large","max-video-preview":"max-video-preview:-1"},"canonical":"https:\/\/www.autotag-online.com\/de\/produkt\/plakat-display-a4-portrat\/","og_locale":"de_DE","og_type":"article","og_title":"Plakat Display f\u00fcr den Ausstellungsraum in dieAutomobil Industrie","og_description":"Plakat Display f\u00fcr den Ausstellungsraum in dieAutomobil Industrie","og_url":"https:\/\/www.autotag-online.com\/de\/produkt\/plakat-display-a4-portrat\/","og_site_name":"Autotag","article_modified_time":"2021-05-17T14:14:19+00:00","og_image":[{"width":200,"height":200,"url":"https:\/\/www.autotag-online.com\/wp-content\/uploads\/2016\/11\/68045009520046jpg.html","type":"image\/jpeg"}],"twitter_card":"summary_large_image","schema":{"@context":"https:\/\/schema.org","@graph":[{"@type":"WebPage","@id":"https:\/\/www.autotag-online.com\/de\/produkt\/plakat-display-a4-portrat\/","url":"https:\/\/www.autotag-online.com\/de\/produkt\/plakat-display-a4-portrat\/","name":"Plakat Display f\u00fcr den Ausstellungsraum in dieAutomobil Industrie","isPartOf":{"@id":"https:\/\/www.autotag-online.com\/de\/#website"},"primaryImageOfPage":{"@id":"https:\/\/www.autotag-online.com\/de\/produkt\/plakat-display-a4-portrat\/#primaryimage"},"image":{"@id":"https:\/\/www.autotag-online.com\/de\/produkt\/plakat-display-a4-portrat\/#primaryimage"},"thumbnailUrl":"https:\/\/www.autotag-online.com\/wp-content\/uploads\/2016\/11\/68045009520046jpg.html","datePublished":"2016-11-21T12:50:09+00:00","dateModified":"2021-05-17T14:14:19+00:00","description":"Plakat Display f\u00fcr den Ausstellungsraum in dieAutomobil Industrie","breadcrumb":{"@id":"https:\/\/www.autotag-online.com\/de\/produkt\/plakat-display-a4-portrat\/#breadcrumb"},"inLanguage":"de","potentialAction":[{"@type":"ReadAction","target":["https:\/\/www.autotag-online.com\/de\/produkt\/plakat-display-a4-portrat\/"]}]},{"@type":"ImageObject","inLanguage":"de","@id":"https:\/\/www.autotag-online.com\/de\/produkt\/plakat-display-a4-portrat\/#primaryimage","url":"https:\/\/www.autotag-online.com\/wp-content\/uploads\/2016\/11\/68045009520046jpg.html","contentUrl":"https:\/\/www.autotag-online.com\/wp-content\/uploads\/2016\/11\/68045009520046jpg.html","width":200,"height":200},{"@type":"BreadcrumbList","@id":"https:\/\/www.autotag-online.com\/de\/produkt\/plakat-display-a4-portrat\/#breadcrumb","itemListElement":[{"@type":"ListItem","position":1,"name":"Home","item":"https:\/\/www.autotag-online.com\/de\/"},{"@type":"ListItem","position":2,"name":"Alle Katagorien","item":"https:\/\/www.autotag-online.com\/de\/shop-de\/"},{"@type":"ListItem","position":3,"name":"Showroom &amp; Vorhof","item":"https:\/\/www.autotag-online.com\/de\/produkt-kategorie\/showroom-vorhof\/"},{"@type":"ListItem","position":4,"name":"Interior Signage","item":"https:\/\/www.autotag-online.com\/de\/produkt-kategorie\/showroom-vorhof\/interior-signage-de\/"},{"@type":"ListItem","position":5,"name":"Plakat-Display &#8211; A4 Portr\u00e4t"}]},{"@type":"WebSite","@id":"https:\/\/www.autotag-online.com\/de\/#website","url":"https:\/\/www.autotag-online.com\/de\/","name":"Autotag","description":"Spezialisierte Gro\u00dfhandel und kaufwaren lieferant von Schl\u00fcsselanh\u00e4nger und zubeh\u00f6r vor die Autohandel","publisher":{"@id":"https:\/\/www.autotag-online.com\/de\/#organization"},"potentialAction":[{"@type":"SearchAction","target":{"@type":"EntryPoint","urlTemplate":"https:\/\/www.autotag-online.com\/de\/?s={search_term_string}"},"query-input":{"@type":"PropertyValueSpecification","valueRequired":true,"valueName":"search_term_string"}}],"inLanguage":"de"},{"@type":"Organization","@id":"https:\/\/www.autotag-online.com\/de\/#organization","name":"Autotag","url":"https:\/\/www.autotag-online.com\/de\/","logo":{"@type":"ImageObject","inLanguage":"de","@id":"https:\/\/www.autotag-online.com\/de\/#\/schema\/logo\/image\/","url":"https:\/\/www.autotag-online.com\/wp-content\/uploads\/2016\/11\/cropped-logo-2.png","contentUrl":"https:\/\/www.autotag-online.com\/wp-content\/uploads\/2016\/11\/cropped-logo-2.png","width":628,"height":110,"caption":"Autotag"},"image":{"@id":"https:\/\/www.autotag-online.com\/de\/#\/schema\/logo\/image\/"}}]}},"_links":{"self":[{"href":"https:\/\/www.autotag-online.com\/de\/wp-json\/wp\/v2\/product\/28243","targetHints":{"allow":["GET"]}}],"collection":[{"href":"https:\/\/www.autotag-online.com\/de\/wp-json\/wp\/v2\/product"}],"about":[{"href":"https:\/\/www.autotag-online.com\/de\/wp-json\/wp\/v2\/types\/product"}],"replies":[{"embeddable":true,"href":"https:\/\/www.autotag-online.com\/de\/wp-json\/wp\/v2\/comments?post=28243"}],"wp:featuredmedia":[{"embeddable":true,"href":"https:\/\/www.autotag-online.com\/de\/wp-json\/wp\/v2\/media\/643"}],"wp:attachment":[{"href":"https:\/\/www.autotag-online.com\/de\/wp-json\/wp\/v2\/media?parent=28243"}],"wp:term":[{"taxonomy":"product_brand","embeddable":true,"href":"https:\/\/www.autotag-online.com\/de\/wp-json\/wp\/v2\/product_brand?post=28243"},{"taxonomy":"product_cat","embeddable":true,"href":"https:\/\/www.autotag-online.com\/de\/wp-json\/wp\/v2\/product_cat?post=28243"},{"taxonomy":"product_tag","embeddable":true,"href":"https:\/\/www.autotag-online.com\/de\/wp-json\/wp\/v2\/product_tag?post=28243"}],"curies":[{"name":"wp","href":"https:\/\/api.w.org\/{rel}","templated":true}]}}