{"id":22163,"date":"2016-11-21T12:49:23","date_gmt":"2016-11-21T12:49:23","guid":{"rendered":"https:\/\/www.autotag.co.uk\/product\/marker-stifft-schwarz\/"},"modified":"2018-07-17T13:58:32","modified_gmt":"2018-07-17T12:58:32","slug":"marker-stifft-schwarz","status":"publish","type":"product","link":"https:\/\/www.autotag-online.com\/de\/produkt\/marker-stifft-schwarz\/","title":{"rendered":"Marker Stifft Schwarz"},"content":{"rendered":"<p>Edding 141F permanent marker stifft &#8211; zu gebrauchen auf die Autotag schlusselanh\u00e4nger.<\/p>\n<p>Bei jeder box von schlusselanh\u00e4nger sind 2 stifften inklusief.<\/p>\n<p>Minimum bestellung ist 6 stiffte<\/p>\n","protected":false},"excerpt":{"rendered":"<p>Edding 141F permanent marker stifft &#8211; zu gebrauchen auf die Autotag schlusselanh\u00e4nger. Bei jeder box von schlusselanh\u00e4nger sind 2 stifften inklusief. Minimum bestellung ist 6 stiffte<\/p>\n","protected":false},"featured_media":250,"comment_status":"closed","ping_status":"closed","template":"","meta":{"_acf_changed":false},"product_brand":[],"product_cat":[394],"product_tag":[],"class_list":{"0":"post-22163","1":"product","2":"type-product","3":"status-publish","4":"has-post-thumbnail","6":"product_cat-schlusselanhanger-zubehor-schlusselanhanger","8":"first","9":"instock","10":"taxable","11":"shipping-taxable","12":"purchasable","13":"product-type-simple"},"exclude_global_add_ons":[],"addons":[],"acf":[],"yoast_head":"<!-- This site is optimized with the Yoast SEO plugin v27.2 - https:\/\/yoast.com\/product\/yoast-seo-wordpress\/ -->\n<title>Schwarze marker stifften f\u00fcr das schreiben auf schlusselanh\u00e4nger.<\/title>\n<meta name=\"description\" content=\"Set von 2 schwarze stiffte um auf den schlusselanh\u00e4nger zu schreiben.\" \/>\n<meta name=\"robots\" content=\"index, follow, max-snippet:-1, max-image-preview:large, max-video-preview:-1\" \/>\n<link rel=\"canonical\" href=\"https:\/\/www.autotag-online.com\/de\/produkt\/marker-stifft-schwarz\/\" \/>\n<meta property=\"og:locale\" content=\"de_DE\" \/>\n<meta property=\"og:type\" content=\"article\" \/>\n<meta property=\"og:title\" content=\"Schwarze marker stifften f\u00fcr das schreiben auf schlusselanh\u00e4nger.\" \/>\n<meta property=\"og:description\" content=\"Set von 2 schwarze stiffte um auf den schlusselanh\u00e4nger zu schreiben.\" \/>\n<meta property=\"og:url\" content=\"https:\/\/www.autotag-online.com\/de\/produkt\/marker-stifft-schwarz\/\" \/>\n<meta property=\"og:site_name\" content=\"Autotag\" \/>\n<meta property=\"article:modified_time\" content=\"2018-07-17T12:58:32+00:00\" \/>\n<meta property=\"og:image\" content=\"https:\/\/www.autotag-online.com\/wp-content\/uploads\/2016\/11\/122450095Edding95pen95MWB95mobile95temp95all95countries46jpg.html\" \/>\n\t<meta property=\"og:image:width\" content=\"640\" \/>\n\t<meta property=\"og:image:height\" content=\"480\" \/>\n\t<meta property=\"og:image:type\" content=\"image\/jpeg\" \/>\n<meta name=\"twitter:card\" content=\"summary_large_image\" \/>\n<script type=\"application\/ld+json\" class=\"yoast-schema-graph\">{\"@context\":\"https:\/\/schema.org\",\"@graph\":[{\"@type\":\"WebPage\",\"@id\":\"https:\/\/www.autotag-online.com\/de\/produkt\/marker-stifft-schwarz\/\",\"url\":\"https:\/\/www.autotag-online.com\/de\/produkt\/marker-stifft-schwarz\/\",\"name\":\"Schwarze marker stifften f\u00fcr das schreiben auf schlusselanh\u00e4nger.\",\"isPartOf\":{\"@id\":\"https:\/\/www.autotag-online.com\/de\/#website\"},\"primaryImageOfPage\":{\"@id\":\"https:\/\/www.autotag-online.com\/de\/produkt\/marker-stifft-schwarz\/#primaryimage\"},\"image\":{\"@id\":\"https:\/\/www.autotag-online.com\/de\/produkt\/marker-stifft-schwarz\/#primaryimage\"},\"thumbnailUrl\":\"https:\/\/www.autotag-online.com\/wp-content\/uploads\/2016\/11\/122450095Edding95pen95MWB95mobile95temp95all95countries46jpg.html\",\"datePublished\":\"2016-11-21T12:49:23+00:00\",\"dateModified\":\"2018-07-17T12:58:32+00:00\",\"description\":\"Set von 2 schwarze stiffte um auf den schlusselanh\u00e4nger zu schreiben.\",\"breadcrumb\":{\"@id\":\"https:\/\/www.autotag-online.com\/de\/produkt\/marker-stifft-schwarz\/#breadcrumb\"},\"inLanguage\":\"de\",\"potentialAction\":[{\"@type\":\"ReadAction\",\"target\":[\"https:\/\/www.autotag-online.com\/de\/produkt\/marker-stifft-schwarz\/\"]}]},{\"@type\":\"ImageObject\",\"inLanguage\":\"de\",\"@id\":\"https:\/\/www.autotag-online.com\/de\/produkt\/marker-stifft-schwarz\/#primaryimage\",\"url\":\"https:\/\/www.autotag-online.com\/wp-content\/uploads\/2016\/11\/122450095Edding95pen95MWB95mobile95temp95all95countries46jpg.html\",\"contentUrl\":\"https:\/\/www.autotag-online.com\/wp-content\/uploads\/2016\/11\/122450095Edding95pen95MWB95mobile95temp95all95countries46jpg.html\",\"width\":640,\"height\":480},{\"@type\":\"BreadcrumbList\",\"@id\":\"https:\/\/www.autotag-online.com\/de\/produkt\/marker-stifft-schwarz\/#breadcrumb\",\"itemListElement\":[{\"@type\":\"ListItem\",\"position\":1,\"name\":\"Home\",\"item\":\"https:\/\/www.autotag-online.com\/de\/\"},{\"@type\":\"ListItem\",\"position\":2,\"name\":\"Alle Katagorien\",\"item\":\"https:\/\/www.autotag-online.com\/de\/shop-de\/\"},{\"@type\":\"ListItem\",\"position\":3,\"name\":\"Schlusselanh\u00e4nger\",\"item\":\"https:\/\/www.autotag-online.com\/de\/produkt-kategorie\/schlusselanhanger\/\"},{\"@type\":\"ListItem\",\"position\":4,\"name\":\"Schl\u00fcsselanh\u00e4nger Zubeh\u00f6r\",\"item\":\"https:\/\/www.autotag-online.com\/de\/produkt-kategorie\/schlusselanhanger\/schlusselanhanger-zubehor-schlusselanhanger\/\"},{\"@type\":\"ListItem\",\"position\":5,\"name\":\"Marker Stifft Schwarz\"}]},{\"@type\":\"WebSite\",\"@id\":\"https:\/\/www.autotag-online.com\/de\/#website\",\"url\":\"https:\/\/www.autotag-online.com\/de\/\",\"name\":\"Autotag\",\"description\":\"Spezialisierte Gro\u00dfhandel und kaufwaren lieferant von Schl\u00fcsselanh\u00e4nger und zubeh\u00f6r vor die Autohandel\",\"publisher\":{\"@id\":\"https:\/\/www.autotag-online.com\/de\/#organization\"},\"potentialAction\":[{\"@type\":\"SearchAction\",\"target\":{\"@type\":\"EntryPoint\",\"urlTemplate\":\"https:\/\/www.autotag-online.com\/de\/?s={search_term_string}\"},\"query-input\":{\"@type\":\"PropertyValueSpecification\",\"valueRequired\":true,\"valueName\":\"search_term_string\"}}],\"inLanguage\":\"de\"},{\"@type\":\"Organization\",\"@id\":\"https:\/\/www.autotag-online.com\/de\/#organization\",\"name\":\"Autotag\",\"url\":\"https:\/\/www.autotag-online.com\/de\/\",\"logo\":{\"@type\":\"ImageObject\",\"inLanguage\":\"de\",\"@id\":\"https:\/\/www.autotag-online.com\/de\/#\/schema\/logo\/image\/\",\"url\":\"https:\/\/www.autotag-online.com\/wp-content\/uploads\/2016\/11\/cropped-logo-2.png\",\"contentUrl\":\"https:\/\/www.autotag-online.com\/wp-content\/uploads\/2016\/11\/cropped-logo-2.png\",\"width\":628,\"height\":110,\"caption\":\"Autotag\"},\"image\":{\"@id\":\"https:\/\/www.autotag-online.com\/de\/#\/schema\/logo\/image\/\"}}]}<\/script>\n<!-- \/ Yoast SEO plugin. -->","yoast_head_json":{"title":"Schwarze marker stifften f\u00fcr das schreiben auf schlusselanh\u00e4nger.","description":"Set von 2 schwarze stiffte um auf den schlusselanh\u00e4nger zu schreiben.","robots":{"index":"index","follow":"follow","max-snippet":"max-snippet:-1","max-image-preview":"max-image-preview:large","max-video-preview":"max-video-preview:-1"},"canonical":"https:\/\/www.autotag-online.com\/de\/produkt\/marker-stifft-schwarz\/","og_locale":"de_DE","og_type":"article","og_title":"Schwarze marker stifften f\u00fcr das schreiben auf schlusselanh\u00e4nger.","og_description":"Set von 2 schwarze stiffte um auf den schlusselanh\u00e4nger zu schreiben.","og_url":"https:\/\/www.autotag-online.com\/de\/produkt\/marker-stifft-schwarz\/","og_site_name":"Autotag","article_modified_time":"2018-07-17T12:58:32+00:00","og_image":[{"width":640,"height":480,"url":"https:\/\/www.autotag-online.com\/wp-content\/uploads\/2016\/11\/122450095Edding95pen95MWB95mobile95temp95all95countries46jpg.html","type":"image\/jpeg"}],"twitter_card":"summary_large_image","schema":{"@context":"https:\/\/schema.org","@graph":[{"@type":"WebPage","@id":"https:\/\/www.autotag-online.com\/de\/produkt\/marker-stifft-schwarz\/","url":"https:\/\/www.autotag-online.com\/de\/produkt\/marker-stifft-schwarz\/","name":"Schwarze marker stifften f\u00fcr das schreiben auf schlusselanh\u00e4nger.","isPartOf":{"@id":"https:\/\/www.autotag-online.com\/de\/#website"},"primaryImageOfPage":{"@id":"https:\/\/www.autotag-online.com\/de\/produkt\/marker-stifft-schwarz\/#primaryimage"},"image":{"@id":"https:\/\/www.autotag-online.com\/de\/produkt\/marker-stifft-schwarz\/#primaryimage"},"thumbnailUrl":"https:\/\/www.autotag-online.com\/wp-content\/uploads\/2016\/11\/122450095Edding95pen95MWB95mobile95temp95all95countries46jpg.html","datePublished":"2016-11-21T12:49:23+00:00","dateModified":"2018-07-17T12:58:32+00:00","description":"Set von 2 schwarze stiffte um auf den schlusselanh\u00e4nger zu schreiben.","breadcrumb":{"@id":"https:\/\/www.autotag-online.com\/de\/produkt\/marker-stifft-schwarz\/#breadcrumb"},"inLanguage":"de","potentialAction":[{"@type":"ReadAction","target":["https:\/\/www.autotag-online.com\/de\/produkt\/marker-stifft-schwarz\/"]}]},{"@type":"ImageObject","inLanguage":"de","@id":"https:\/\/www.autotag-online.com\/de\/produkt\/marker-stifft-schwarz\/#primaryimage","url":"https:\/\/www.autotag-online.com\/wp-content\/uploads\/2016\/11\/122450095Edding95pen95MWB95mobile95temp95all95countries46jpg.html","contentUrl":"https:\/\/www.autotag-online.com\/wp-content\/uploads\/2016\/11\/122450095Edding95pen95MWB95mobile95temp95all95countries46jpg.html","width":640,"height":480},{"@type":"BreadcrumbList","@id":"https:\/\/www.autotag-online.com\/de\/produkt\/marker-stifft-schwarz\/#breadcrumb","itemListElement":[{"@type":"ListItem","position":1,"name":"Home","item":"https:\/\/www.autotag-online.com\/de\/"},{"@type":"ListItem","position":2,"name":"Alle Katagorien","item":"https:\/\/www.autotag-online.com\/de\/shop-de\/"},{"@type":"ListItem","position":3,"name":"Schlusselanh\u00e4nger","item":"https:\/\/www.autotag-online.com\/de\/produkt-kategorie\/schlusselanhanger\/"},{"@type":"ListItem","position":4,"name":"Schl\u00fcsselanh\u00e4nger Zubeh\u00f6r","item":"https:\/\/www.autotag-online.com\/de\/produkt-kategorie\/schlusselanhanger\/schlusselanhanger-zubehor-schlusselanhanger\/"},{"@type":"ListItem","position":5,"name":"Marker Stifft Schwarz"}]},{"@type":"WebSite","@id":"https:\/\/www.autotag-online.com\/de\/#website","url":"https:\/\/www.autotag-online.com\/de\/","name":"Autotag","description":"Spezialisierte Gro\u00dfhandel und kaufwaren lieferant von Schl\u00fcsselanh\u00e4nger und zubeh\u00f6r vor die Autohandel","publisher":{"@id":"https:\/\/www.autotag-online.com\/de\/#organization"},"potentialAction":[{"@type":"SearchAction","target":{"@type":"EntryPoint","urlTemplate":"https:\/\/www.autotag-online.com\/de\/?s={search_term_string}"},"query-input":{"@type":"PropertyValueSpecification","valueRequired":true,"valueName":"search_term_string"}}],"inLanguage":"de"},{"@type":"Organization","@id":"https:\/\/www.autotag-online.com\/de\/#organization","name":"Autotag","url":"https:\/\/www.autotag-online.com\/de\/","logo":{"@type":"ImageObject","inLanguage":"de","@id":"https:\/\/www.autotag-online.com\/de\/#\/schema\/logo\/image\/","url":"https:\/\/www.autotag-online.com\/wp-content\/uploads\/2016\/11\/cropped-logo-2.png","contentUrl":"https:\/\/www.autotag-online.com\/wp-content\/uploads\/2016\/11\/cropped-logo-2.png","width":628,"height":110,"caption":"Autotag"},"image":{"@id":"https:\/\/www.autotag-online.com\/de\/#\/schema\/logo\/image\/"}}]}},"_links":{"self":[{"href":"https:\/\/www.autotag-online.com\/de\/wp-json\/wp\/v2\/product\/22163","targetHints":{"allow":["GET"]}}],"collection":[{"href":"https:\/\/www.autotag-online.com\/de\/wp-json\/wp\/v2\/product"}],"about":[{"href":"https:\/\/www.autotag-online.com\/de\/wp-json\/wp\/v2\/types\/product"}],"replies":[{"embeddable":true,"href":"https:\/\/www.autotag-online.com\/de\/wp-json\/wp\/v2\/comments?post=22163"}],"wp:featuredmedia":[{"embeddable":true,"href":"https:\/\/www.autotag-online.com\/de\/wp-json\/wp\/v2\/media\/250"}],"wp:attachment":[{"href":"https:\/\/www.autotag-online.com\/de\/wp-json\/wp\/v2\/media?parent=22163"}],"wp:term":[{"taxonomy":"product_brand","embeddable":true,"href":"https:\/\/www.autotag-online.com\/de\/wp-json\/wp\/v2\/product_brand?post=22163"},{"taxonomy":"product_cat","embeddable":true,"href":"https:\/\/www.autotag-online.com\/de\/wp-json\/wp\/v2\/product_cat?post=22163"},{"taxonomy":"product_tag","embeddable":true,"href":"https:\/\/www.autotag-online.com\/de\/wp-json\/wp\/v2\/product_tag?post=22163"}],"curies":[{"name":"wp","href":"https:\/\/api.w.org\/{rel}","templated":true}]}}