{"id":22059,"date":"2016-11-21T12:49:29","date_gmt":"2016-11-21T12:49:29","guid":{"rendered":"https:\/\/www.autotag.co.uk\/product\/schlusseltasche-zum-aufrollen\/"},"modified":"2018-07-17T14:06:00","modified_gmt":"2018-07-17T13:06:00","slug":"schlusseltasche-zum-aufrollen","status":"publish","type":"product","link":"https:\/\/www.autotag-online.com\/de\/produkt\/schlusseltasche-zum-aufrollen\/","title":{"rendered":"Schl\u00fcsseltasche zum Aufrollen"},"content":{"rendered":"<p>Mit dieser neuartigen, aufrollbaren Tasche sind Sie volkommen flexibel in der n\u00e4chtligen verwarhrung ihre Schl\u00fcssel.<\/p>\n<p>Die geoffnete Tasche k\u00f6nnen Sie w\u00e4hrend der betriebsstunden aufh\u00e4ngen.<\/p>\n<p>Abends k\u00f6nnen Sie die Tasche mit den eingeh\u00e4ngten Schl\u00fcssel zusammenrollen und sicher verwahren.<\/p>\n<p>Das material ist aus hochwertiges und wasserabweisendes Soft-Finyl.<\/p>\n<p>Fassungsverm\u00f6gen bis zu 50 Schl\u00fcssel.<\/p>\n<p>Ma\u00df offen: H 750 mm B 600 mm<\/p>\n","protected":false},"excerpt":{"rendered":"<p>Mit dieser neuartigen, aufrollbaren Tasche sind Sie volkommen flexibel in der n\u00e4chtligen verwarhrung ihre Schl\u00fcssel. Die geoffnete Tasche k\u00f6nnen Sie w\u00e4hrend der betriebsstunden aufh\u00e4ngen. Abends k\u00f6nnen Sie die Tasche mit den eingeh\u00e4ngten Schl\u00fcssel zusammenrollen und sicher verwahren. Das material ist aus hochwertiges und wasserabweisendes Soft-Finyl. Fassungsverm\u00f6gen bis zu 50 Schl\u00fcssel. Ma\u00df offen: H 750 mm [&hellip;]<\/p>\n","protected":false},"featured_media":341,"comment_status":"closed","ping_status":"closed","template":"","meta":{"_acf_changed":false},"product_brand":[],"product_cat":[394],"product_tag":[],"class_list":{"0":"post-22059","1":"product","2":"type-product","3":"status-publish","4":"has-post-thumbnail","6":"product_cat-schlusselanhanger-zubehor-schlusselanhanger","8":"first","9":"instock","10":"taxable","11":"shipping-taxable","12":"purchasable","13":"product-type-simple"},"exclude_global_add_ons":[],"addons":[],"acf":[],"yoast_head":"<!-- This site is optimized with the Yoast SEO plugin v27.2 - https:\/\/yoast.com\/product\/yoast-seo-wordpress\/ -->\n<title>Schl\u00fcsseltasche zum Aufrollen -. Autotag, motor trade merchandising specialists<\/title>\n<meta name=\"description\" content=\"Schl\u00fcsseltasche zum Aufrollen -. Autotag \u2013 originally founded in 1986, is focussed on supplying key tags &amp; management systems, point of sale materials and workshop systems to the motor trade.\" \/>\n<meta name=\"robots\" content=\"index, follow, max-snippet:-1, max-image-preview:large, max-video-preview:-1\" \/>\n<link rel=\"canonical\" href=\"https:\/\/www.autotag-online.com\/de\/produkt\/schlusseltasche-zum-aufrollen\/\" \/>\n<meta property=\"og:locale\" content=\"de_DE\" \/>\n<meta property=\"og:type\" content=\"article\" \/>\n<meta property=\"og:title\" content=\"Schl\u00fcsseltasche zum Aufrollen -. Autotag, motor trade merchandising specialists\" \/>\n<meta property=\"og:description\" content=\"Schl\u00fcsseltasche zum Aufrollen -. Autotag \u2013 originally founded in 1986, is focussed on supplying key tags &amp; management systems, point of sale materials and workshop systems to the motor trade.\" \/>\n<meta property=\"og:url\" content=\"https:\/\/www.autotag-online.com\/de\/produkt\/schlusseltasche-zum-aufrollen\/\" \/>\n<meta property=\"og:site_name\" content=\"Autotag\" \/>\n<meta property=\"article:modified_time\" content=\"2018-07-17T13:06:00+00:00\" \/>\n<meta property=\"og:image\" content=\"https:\/\/www.autotag-online.com\/wp-content\/uploads\/2016\/11\/14045009520046jpg.html\" \/>\n\t<meta property=\"og:image:width\" content=\"200\" \/>\n\t<meta property=\"og:image:height\" content=\"200\" \/>\n\t<meta property=\"og:image:type\" content=\"image\/jpeg\" \/>\n<meta name=\"twitter:card\" content=\"summary_large_image\" \/>\n<script type=\"application\/ld+json\" class=\"yoast-schema-graph\">{\"@context\":\"https:\/\/schema.org\",\"@graph\":[{\"@type\":\"WebPage\",\"@id\":\"https:\/\/www.autotag-online.com\/de\/produkt\/schlusseltasche-zum-aufrollen\/\",\"url\":\"https:\/\/www.autotag-online.com\/de\/produkt\/schlusseltasche-zum-aufrollen\/\",\"name\":\"Schl\u00fcsseltasche zum Aufrollen -. Autotag, motor trade merchandising specialists\",\"isPartOf\":{\"@id\":\"https:\/\/www.autotag-online.com\/de\/#website\"},\"primaryImageOfPage\":{\"@id\":\"https:\/\/www.autotag-online.com\/de\/produkt\/schlusseltasche-zum-aufrollen\/#primaryimage\"},\"image\":{\"@id\":\"https:\/\/www.autotag-online.com\/de\/produkt\/schlusseltasche-zum-aufrollen\/#primaryimage\"},\"thumbnailUrl\":\"https:\/\/www.autotag-online.com\/wp-content\/uploads\/2016\/11\/14045009520046jpg.html\",\"datePublished\":\"2016-11-21T12:49:29+00:00\",\"dateModified\":\"2018-07-17T13:06:00+00:00\",\"description\":\"Schl\u00fcsseltasche zum Aufrollen -. Autotag \u2013 originally founded in 1986, is focussed on supplying key tags & management systems, point of sale materials and workshop systems to the motor trade.\",\"breadcrumb\":{\"@id\":\"https:\/\/www.autotag-online.com\/de\/produkt\/schlusseltasche-zum-aufrollen\/#breadcrumb\"},\"inLanguage\":\"de\",\"potentialAction\":[{\"@type\":\"ReadAction\",\"target\":[\"https:\/\/www.autotag-online.com\/de\/produkt\/schlusseltasche-zum-aufrollen\/\"]}]},{\"@type\":\"ImageObject\",\"inLanguage\":\"de\",\"@id\":\"https:\/\/www.autotag-online.com\/de\/produkt\/schlusseltasche-zum-aufrollen\/#primaryimage\",\"url\":\"https:\/\/www.autotag-online.com\/wp-content\/uploads\/2016\/11\/14045009520046jpg.html\",\"contentUrl\":\"https:\/\/www.autotag-online.com\/wp-content\/uploads\/2016\/11\/14045009520046jpg.html\",\"width\":200,\"height\":200},{\"@type\":\"BreadcrumbList\",\"@id\":\"https:\/\/www.autotag-online.com\/de\/produkt\/schlusseltasche-zum-aufrollen\/#breadcrumb\",\"itemListElement\":[{\"@type\":\"ListItem\",\"position\":1,\"name\":\"Home\",\"item\":\"https:\/\/www.autotag-online.com\/de\/\"},{\"@type\":\"ListItem\",\"position\":2,\"name\":\"Alle Katagorien\",\"item\":\"https:\/\/www.autotag-online.com\/de\/shop-de\/\"},{\"@type\":\"ListItem\",\"position\":3,\"name\":\"Schlusselanh\u00e4nger\",\"item\":\"https:\/\/www.autotag-online.com\/de\/produkt-kategorie\/schlusselanhanger\/\"},{\"@type\":\"ListItem\",\"position\":4,\"name\":\"Schl\u00fcsselanh\u00e4nger Zubeh\u00f6r\",\"item\":\"https:\/\/www.autotag-online.com\/de\/produkt-kategorie\/schlusselanhanger\/schlusselanhanger-zubehor-schlusselanhanger\/\"},{\"@type\":\"ListItem\",\"position\":5,\"name\":\"Schl\u00fcsseltasche zum Aufrollen\"}]},{\"@type\":\"WebSite\",\"@id\":\"https:\/\/www.autotag-online.com\/de\/#website\",\"url\":\"https:\/\/www.autotag-online.com\/de\/\",\"name\":\"Autotag\",\"description\":\"Spezialisierte Gro\u00dfhandel und kaufwaren lieferant von Schl\u00fcsselanh\u00e4nger und zubeh\u00f6r vor die Autohandel\",\"publisher\":{\"@id\":\"https:\/\/www.autotag-online.com\/de\/#organization\"},\"potentialAction\":[{\"@type\":\"SearchAction\",\"target\":{\"@type\":\"EntryPoint\",\"urlTemplate\":\"https:\/\/www.autotag-online.com\/de\/?s={search_term_string}\"},\"query-input\":{\"@type\":\"PropertyValueSpecification\",\"valueRequired\":true,\"valueName\":\"search_term_string\"}}],\"inLanguage\":\"de\"},{\"@type\":\"Organization\",\"@id\":\"https:\/\/www.autotag-online.com\/de\/#organization\",\"name\":\"Autotag\",\"url\":\"https:\/\/www.autotag-online.com\/de\/\",\"logo\":{\"@type\":\"ImageObject\",\"inLanguage\":\"de\",\"@id\":\"https:\/\/www.autotag-online.com\/de\/#\/schema\/logo\/image\/\",\"url\":\"https:\/\/www.autotag-online.com\/wp-content\/uploads\/2016\/11\/cropped-logo-2.png\",\"contentUrl\":\"https:\/\/www.autotag-online.com\/wp-content\/uploads\/2016\/11\/cropped-logo-2.png\",\"width\":628,\"height\":110,\"caption\":\"Autotag\"},\"image\":{\"@id\":\"https:\/\/www.autotag-online.com\/de\/#\/schema\/logo\/image\/\"}}]}<\/script>\n<!-- \/ Yoast SEO plugin. -->","yoast_head_json":{"title":"Schl\u00fcsseltasche zum Aufrollen -. Autotag, motor trade merchandising specialists","description":"Schl\u00fcsseltasche zum Aufrollen -. Autotag \u2013 originally founded in 1986, is focussed on supplying key tags & management systems, point of sale materials and workshop systems to the motor trade.","robots":{"index":"index","follow":"follow","max-snippet":"max-snippet:-1","max-image-preview":"max-image-preview:large","max-video-preview":"max-video-preview:-1"},"canonical":"https:\/\/www.autotag-online.com\/de\/produkt\/schlusseltasche-zum-aufrollen\/","og_locale":"de_DE","og_type":"article","og_title":"Schl\u00fcsseltasche zum Aufrollen -. Autotag, motor trade merchandising specialists","og_description":"Schl\u00fcsseltasche zum Aufrollen -. Autotag \u2013 originally founded in 1986, is focussed on supplying key tags & management systems, point of sale materials and workshop systems to the motor trade.","og_url":"https:\/\/www.autotag-online.com\/de\/produkt\/schlusseltasche-zum-aufrollen\/","og_site_name":"Autotag","article_modified_time":"2018-07-17T13:06:00+00:00","og_image":[{"width":200,"height":200,"url":"https:\/\/www.autotag-online.com\/wp-content\/uploads\/2016\/11\/14045009520046jpg.html","type":"image\/jpeg"}],"twitter_card":"summary_large_image","schema":{"@context":"https:\/\/schema.org","@graph":[{"@type":"WebPage","@id":"https:\/\/www.autotag-online.com\/de\/produkt\/schlusseltasche-zum-aufrollen\/","url":"https:\/\/www.autotag-online.com\/de\/produkt\/schlusseltasche-zum-aufrollen\/","name":"Schl\u00fcsseltasche zum Aufrollen -. Autotag, motor trade merchandising specialists","isPartOf":{"@id":"https:\/\/www.autotag-online.com\/de\/#website"},"primaryImageOfPage":{"@id":"https:\/\/www.autotag-online.com\/de\/produkt\/schlusseltasche-zum-aufrollen\/#primaryimage"},"image":{"@id":"https:\/\/www.autotag-online.com\/de\/produkt\/schlusseltasche-zum-aufrollen\/#primaryimage"},"thumbnailUrl":"https:\/\/www.autotag-online.com\/wp-content\/uploads\/2016\/11\/14045009520046jpg.html","datePublished":"2016-11-21T12:49:29+00:00","dateModified":"2018-07-17T13:06:00+00:00","description":"Schl\u00fcsseltasche zum Aufrollen -. Autotag \u2013 originally founded in 1986, is focussed on supplying key tags & management systems, point of sale materials and workshop systems to the motor trade.","breadcrumb":{"@id":"https:\/\/www.autotag-online.com\/de\/produkt\/schlusseltasche-zum-aufrollen\/#breadcrumb"},"inLanguage":"de","potentialAction":[{"@type":"ReadAction","target":["https:\/\/www.autotag-online.com\/de\/produkt\/schlusseltasche-zum-aufrollen\/"]}]},{"@type":"ImageObject","inLanguage":"de","@id":"https:\/\/www.autotag-online.com\/de\/produkt\/schlusseltasche-zum-aufrollen\/#primaryimage","url":"https:\/\/www.autotag-online.com\/wp-content\/uploads\/2016\/11\/14045009520046jpg.html","contentUrl":"https:\/\/www.autotag-online.com\/wp-content\/uploads\/2016\/11\/14045009520046jpg.html","width":200,"height":200},{"@type":"BreadcrumbList","@id":"https:\/\/www.autotag-online.com\/de\/produkt\/schlusseltasche-zum-aufrollen\/#breadcrumb","itemListElement":[{"@type":"ListItem","position":1,"name":"Home","item":"https:\/\/www.autotag-online.com\/de\/"},{"@type":"ListItem","position":2,"name":"Alle Katagorien","item":"https:\/\/www.autotag-online.com\/de\/shop-de\/"},{"@type":"ListItem","position":3,"name":"Schlusselanh\u00e4nger","item":"https:\/\/www.autotag-online.com\/de\/produkt-kategorie\/schlusselanhanger\/"},{"@type":"ListItem","position":4,"name":"Schl\u00fcsselanh\u00e4nger Zubeh\u00f6r","item":"https:\/\/www.autotag-online.com\/de\/produkt-kategorie\/schlusselanhanger\/schlusselanhanger-zubehor-schlusselanhanger\/"},{"@type":"ListItem","position":5,"name":"Schl\u00fcsseltasche zum Aufrollen"}]},{"@type":"WebSite","@id":"https:\/\/www.autotag-online.com\/de\/#website","url":"https:\/\/www.autotag-online.com\/de\/","name":"Autotag","description":"Spezialisierte Gro\u00dfhandel und kaufwaren lieferant von Schl\u00fcsselanh\u00e4nger und zubeh\u00f6r vor die Autohandel","publisher":{"@id":"https:\/\/www.autotag-online.com\/de\/#organization"},"potentialAction":[{"@type":"SearchAction","target":{"@type":"EntryPoint","urlTemplate":"https:\/\/www.autotag-online.com\/de\/?s={search_term_string}"},"query-input":{"@type":"PropertyValueSpecification","valueRequired":true,"valueName":"search_term_string"}}],"inLanguage":"de"},{"@type":"Organization","@id":"https:\/\/www.autotag-online.com\/de\/#organization","name":"Autotag","url":"https:\/\/www.autotag-online.com\/de\/","logo":{"@type":"ImageObject","inLanguage":"de","@id":"https:\/\/www.autotag-online.com\/de\/#\/schema\/logo\/image\/","url":"https:\/\/www.autotag-online.com\/wp-content\/uploads\/2016\/11\/cropped-logo-2.png","contentUrl":"https:\/\/www.autotag-online.com\/wp-content\/uploads\/2016\/11\/cropped-logo-2.png","width":628,"height":110,"caption":"Autotag"},"image":{"@id":"https:\/\/www.autotag-online.com\/de\/#\/schema\/logo\/image\/"}}]}},"_links":{"self":[{"href":"https:\/\/www.autotag-online.com\/de\/wp-json\/wp\/v2\/product\/22059","targetHints":{"allow":["GET"]}}],"collection":[{"href":"https:\/\/www.autotag-online.com\/de\/wp-json\/wp\/v2\/product"}],"about":[{"href":"https:\/\/www.autotag-online.com\/de\/wp-json\/wp\/v2\/types\/product"}],"replies":[{"embeddable":true,"href":"https:\/\/www.autotag-online.com\/de\/wp-json\/wp\/v2\/comments?post=22059"}],"wp:featuredmedia":[{"embeddable":true,"href":"https:\/\/www.autotag-online.com\/de\/wp-json\/wp\/v2\/media\/341"}],"wp:attachment":[{"href":"https:\/\/www.autotag-online.com\/de\/wp-json\/wp\/v2\/media?parent=22059"}],"wp:term":[{"taxonomy":"product_brand","embeddable":true,"href":"https:\/\/www.autotag-online.com\/de\/wp-json\/wp\/v2\/product_brand?post=22059"},{"taxonomy":"product_cat","embeddable":true,"href":"https:\/\/www.autotag-online.com\/de\/wp-json\/wp\/v2\/product_cat?post=22059"},{"taxonomy":"product_tag","embeddable":true,"href":"https:\/\/www.autotag-online.com\/de\/wp-json\/wp\/v2\/product_tag?post=22059"}],"curies":[{"name":"wp","href":"https:\/\/api.w.org\/{rel}","templated":true}]}}