{"id":22042,"date":"2016-11-21T12:49:52","date_gmt":"2016-11-21T12:49:52","guid":{"rendered":"https:\/\/www.autotag.co.uk\/product\/magnet-nummern-blocks-mit-nummern\/"},"modified":"2023-02-16T13:08:49","modified_gmt":"2023-02-16T13:08:49","slug":"magnet-nummern-blocks-mit-nummern","status":"publish","type":"product","link":"https:\/\/www.autotag-online.com\/de\/produkt\/magnet-nummern-blocks-mit-nummern\/","title":{"rendered":"Magnet-Nummern-Blocks mit nummern"},"content":{"rendered":"<p>Magnet-Nummern-Blocks<\/p>\n<p>Verf\u00fcgbar in Gelb, Blau, Rot und Gr\u00fcn<\/p>\n<p>Sind auch zu kaufen ohne nummern und auch blatter mit nummern zum selbe kleben.<\/p>\n<p>&nbsp;<\/p>\n<p>&nbsp;<\/p>\n","protected":false},"excerpt":{"rendered":"<p>Magnet-Nummern-Blocks mit nummern<\/p>\n","protected":false},"featured_media":4918,"comment_status":"closed","ping_status":"closed","template":"","meta":{"_acf_changed":false},"product_brand":[],"product_cat":[239],"product_tag":[],"class_list":{"0":"post-22042","1":"product","2":"type-product","3":"status-publish","4":"has-post-thumbnail","6":"product_cat-nummern-block-system","8":"first","9":"instock","10":"taxable","11":"shipping-taxable","12":"purchasable","13":"product-type-variable"},"exclude_global_add_ons":false,"addons":[{"name":"Nummern was auf die nummernblocks mu\u00df","type":"heading","position":0,"required":false,"title_format":"label","default":"","description_enable":true,"description":"Notiren Sie bitte die nummern die Sie m\u00f6chten. Nach jeder zahl bitte eine komma","placeholder_enable":false,"placeholder":"","display":"select","restrictions_type":"any_text","adjust_price":false,"price":"","price_type":"flat_fee","restrictions":false,"min":"0","max":"0","options":[]},{"name":"Etikett","type":"custom_text","position":1,"required":true,"title_format":"label","default":"","description_enable":false,"description":"","placeholder_enable":false,"placeholder":"","display":"select","restrictions_type":"any_text","adjust_price":false,"price":"","price_type":"quantity_based","restrictions":true,"min":"1","max":"150","options":[]}],"acf":[],"yoast_head":"<!-- This site is optimized with the Yoast SEO plugin v27.2 - https:\/\/yoast.com\/product\/yoast-seo-wordpress\/ -->\n<title>Individuelle Nummernblocks f\u00fcr das nummernblock system von Autotag<\/title>\n<meta name=\"description\" content=\"Nummernblock system, Individuelle Nummernblocks von Autotag\" \/>\n<meta name=\"robots\" content=\"index, follow, max-snippet:-1, max-image-preview:large, max-video-preview:-1\" \/>\n<link rel=\"canonical\" href=\"https:\/\/www.autotag-online.com\/de\/produkt\/magnet-nummern-blocks-mit-nummern\/\" \/>\n<meta property=\"og:locale\" content=\"de_DE\" \/>\n<meta property=\"og:type\" content=\"article\" \/>\n<meta property=\"og:title\" content=\"Individuelle Nummernblocks f\u00fcr das nummernblock system von Autotag\" \/>\n<meta property=\"og:description\" content=\"Nummernblock system, Individuelle Nummernblocks von Autotag\" \/>\n<meta property=\"og:url\" content=\"https:\/\/www.autotag-online.com\/de\/produkt\/magnet-nummern-blocks-mit-nummern\/\" \/>\n<meta property=\"og:site_name\" content=\"Autotag\" \/>\n<meta property=\"article:modified_time\" content=\"2023-02-16T13:08:49+00:00\" \/>\n<meta property=\"og:image\" content=\"https:\/\/www.autotag-online.com\/wp-content\/uploads\/2016\/11\/324-10-Number-Block-Yellow-on-car-2.jpg\" \/>\n\t<meta property=\"og:image:width\" content=\"338\" \/>\n\t<meta property=\"og:image:height\" content=\"338\" \/>\n\t<meta property=\"og:image:type\" content=\"image\/jpeg\" \/>\n<meta name=\"twitter:card\" content=\"summary_large_image\" \/>\n<meta name=\"twitter:label1\" content=\"Gesch\u00e4tzte Lesezeit\" \/>\n\t<meta name=\"twitter:data1\" content=\"1\u00a0Minute\" \/>\n<script type=\"application\/ld+json\" class=\"yoast-schema-graph\">{\"@context\":\"https:\/\/schema.org\",\"@graph\":[{\"@type\":\"WebPage\",\"@id\":\"https:\/\/www.autotag-online.com\/de\/produkt\/magnet-nummern-blocks-mit-nummern\/\",\"url\":\"https:\/\/www.autotag-online.com\/de\/produkt\/magnet-nummern-blocks-mit-nummern\/\",\"name\":\"Individuelle Nummernblocks f\u00fcr das nummernblock system von Autotag\",\"isPartOf\":{\"@id\":\"https:\/\/www.autotag-online.com\/de\/#website\"},\"primaryImageOfPage\":{\"@id\":\"https:\/\/www.autotag-online.com\/de\/produkt\/magnet-nummern-blocks-mit-nummern\/#primaryimage\"},\"image\":{\"@id\":\"https:\/\/www.autotag-online.com\/de\/produkt\/magnet-nummern-blocks-mit-nummern\/#primaryimage\"},\"thumbnailUrl\":\"https:\/\/www.autotag-online.com\/wp-content\/uploads\/2016\/11\/324-10-Number-Block-Yellow-on-car-2.jpg\",\"datePublished\":\"2016-11-21T12:49:52+00:00\",\"dateModified\":\"2023-02-16T13:08:49+00:00\",\"description\":\"Nummernblock system, Individuelle Nummernblocks von Autotag\",\"breadcrumb\":{\"@id\":\"https:\/\/www.autotag-online.com\/de\/produkt\/magnet-nummern-blocks-mit-nummern\/#breadcrumb\"},\"inLanguage\":\"de\",\"potentialAction\":[{\"@type\":\"ReadAction\",\"target\":[\"https:\/\/www.autotag-online.com\/de\/produkt\/magnet-nummern-blocks-mit-nummern\/\"]}]},{\"@type\":\"ImageObject\",\"inLanguage\":\"de\",\"@id\":\"https:\/\/www.autotag-online.com\/de\/produkt\/magnet-nummern-blocks-mit-nummern\/#primaryimage\",\"url\":\"https:\/\/www.autotag-online.com\/wp-content\/uploads\/2016\/11\/324-10-Number-Block-Yellow-on-car-2.jpg\",\"contentUrl\":\"https:\/\/www.autotag-online.com\/wp-content\/uploads\/2016\/11\/324-10-Number-Block-Yellow-on-car-2.jpg\",\"width\":338,\"height\":338},{\"@type\":\"BreadcrumbList\",\"@id\":\"https:\/\/www.autotag-online.com\/de\/produkt\/magnet-nummern-blocks-mit-nummern\/#breadcrumb\",\"itemListElement\":[{\"@type\":\"ListItem\",\"position\":1,\"name\":\"Home\",\"item\":\"https:\/\/www.autotag-online.com\/de\/\"},{\"@type\":\"ListItem\",\"position\":2,\"name\":\"Alle Katagorien\",\"item\":\"https:\/\/www.autotag-online.com\/de\/shop-de\/\"},{\"@type\":\"ListItem\",\"position\":3,\"name\":\"Geen onderdeel van een categorie\",\"item\":\"https:\/\/www.autotag-online.com\/de\/produkt-kategorie\/geen-onderdeel-van-een-categorie\/\"},{\"@type\":\"ListItem\",\"position\":4,\"name\":\"Werkstatt\",\"item\":\"https:\/\/www.autotag-online.com\/de\/produkt-kategorie\/geen-onderdeel-van-een-categorie\/werkstatt\/\"},{\"@type\":\"ListItem\",\"position\":5,\"name\":\"Nummern Block System\",\"item\":\"https:\/\/www.autotag-online.com\/de\/produkt-kategorie\/geen-onderdeel-van-een-categorie\/werkstatt\/nummern-block-system\/\"},{\"@type\":\"ListItem\",\"position\":6,\"name\":\"Magnet-Nummern-Blocks mit nummern\"}]},{\"@type\":\"WebSite\",\"@id\":\"https:\/\/www.autotag-online.com\/de\/#website\",\"url\":\"https:\/\/www.autotag-online.com\/de\/\",\"name\":\"Autotag\",\"description\":\"Spezialisierte Gro\u00dfhandel und kaufwaren lieferant von Schl\u00fcsselanh\u00e4nger und zubeh\u00f6r vor die Autohandel\",\"publisher\":{\"@id\":\"https:\/\/www.autotag-online.com\/de\/#organization\"},\"potentialAction\":[{\"@type\":\"SearchAction\",\"target\":{\"@type\":\"EntryPoint\",\"urlTemplate\":\"https:\/\/www.autotag-online.com\/de\/?s={search_term_string}\"},\"query-input\":{\"@type\":\"PropertyValueSpecification\",\"valueRequired\":true,\"valueName\":\"search_term_string\"}}],\"inLanguage\":\"de\"},{\"@type\":\"Organization\",\"@id\":\"https:\/\/www.autotag-online.com\/de\/#organization\",\"name\":\"Autotag\",\"url\":\"https:\/\/www.autotag-online.com\/de\/\",\"logo\":{\"@type\":\"ImageObject\",\"inLanguage\":\"de\",\"@id\":\"https:\/\/www.autotag-online.com\/de\/#\/schema\/logo\/image\/\",\"url\":\"https:\/\/www.autotag-online.com\/wp-content\/uploads\/2016\/11\/cropped-logo-2.png\",\"contentUrl\":\"https:\/\/www.autotag-online.com\/wp-content\/uploads\/2016\/11\/cropped-logo-2.png\",\"width\":628,\"height\":110,\"caption\":\"Autotag\"},\"image\":{\"@id\":\"https:\/\/www.autotag-online.com\/de\/#\/schema\/logo\/image\/\"}}]}<\/script>\n<!-- \/ Yoast SEO plugin. -->","yoast_head_json":{"title":"Individuelle Nummernblocks f\u00fcr das nummernblock system von Autotag","description":"Nummernblock system, Individuelle Nummernblocks von Autotag","robots":{"index":"index","follow":"follow","max-snippet":"max-snippet:-1","max-image-preview":"max-image-preview:large","max-video-preview":"max-video-preview:-1"},"canonical":"https:\/\/www.autotag-online.com\/de\/produkt\/magnet-nummern-blocks-mit-nummern\/","og_locale":"de_DE","og_type":"article","og_title":"Individuelle Nummernblocks f\u00fcr das nummernblock system von Autotag","og_description":"Nummernblock system, Individuelle Nummernblocks von Autotag","og_url":"https:\/\/www.autotag-online.com\/de\/produkt\/magnet-nummern-blocks-mit-nummern\/","og_site_name":"Autotag","article_modified_time":"2023-02-16T13:08:49+00:00","og_image":[{"width":338,"height":338,"url":"https:\/\/www.autotag-online.com\/wp-content\/uploads\/2016\/11\/324-10-Number-Block-Yellow-on-car-2.jpg","type":"image\/jpeg"}],"twitter_card":"summary_large_image","twitter_misc":{"Gesch\u00e4tzte Lesezeit":"1\u00a0Minute"},"schema":{"@context":"https:\/\/schema.org","@graph":[{"@type":"WebPage","@id":"https:\/\/www.autotag-online.com\/de\/produkt\/magnet-nummern-blocks-mit-nummern\/","url":"https:\/\/www.autotag-online.com\/de\/produkt\/magnet-nummern-blocks-mit-nummern\/","name":"Individuelle Nummernblocks f\u00fcr das nummernblock system von Autotag","isPartOf":{"@id":"https:\/\/www.autotag-online.com\/de\/#website"},"primaryImageOfPage":{"@id":"https:\/\/www.autotag-online.com\/de\/produkt\/magnet-nummern-blocks-mit-nummern\/#primaryimage"},"image":{"@id":"https:\/\/www.autotag-online.com\/de\/produkt\/magnet-nummern-blocks-mit-nummern\/#primaryimage"},"thumbnailUrl":"https:\/\/www.autotag-online.com\/wp-content\/uploads\/2016\/11\/324-10-Number-Block-Yellow-on-car-2.jpg","datePublished":"2016-11-21T12:49:52+00:00","dateModified":"2023-02-16T13:08:49+00:00","description":"Nummernblock system, Individuelle Nummernblocks von Autotag","breadcrumb":{"@id":"https:\/\/www.autotag-online.com\/de\/produkt\/magnet-nummern-blocks-mit-nummern\/#breadcrumb"},"inLanguage":"de","potentialAction":[{"@type":"ReadAction","target":["https:\/\/www.autotag-online.com\/de\/produkt\/magnet-nummern-blocks-mit-nummern\/"]}]},{"@type":"ImageObject","inLanguage":"de","@id":"https:\/\/www.autotag-online.com\/de\/produkt\/magnet-nummern-blocks-mit-nummern\/#primaryimage","url":"https:\/\/www.autotag-online.com\/wp-content\/uploads\/2016\/11\/324-10-Number-Block-Yellow-on-car-2.jpg","contentUrl":"https:\/\/www.autotag-online.com\/wp-content\/uploads\/2016\/11\/324-10-Number-Block-Yellow-on-car-2.jpg","width":338,"height":338},{"@type":"BreadcrumbList","@id":"https:\/\/www.autotag-online.com\/de\/produkt\/magnet-nummern-blocks-mit-nummern\/#breadcrumb","itemListElement":[{"@type":"ListItem","position":1,"name":"Home","item":"https:\/\/www.autotag-online.com\/de\/"},{"@type":"ListItem","position":2,"name":"Alle Katagorien","item":"https:\/\/www.autotag-online.com\/de\/shop-de\/"},{"@type":"ListItem","position":3,"name":"Geen onderdeel van een categorie","item":"https:\/\/www.autotag-online.com\/de\/produkt-kategorie\/geen-onderdeel-van-een-categorie\/"},{"@type":"ListItem","position":4,"name":"Werkstatt","item":"https:\/\/www.autotag-online.com\/de\/produkt-kategorie\/geen-onderdeel-van-een-categorie\/werkstatt\/"},{"@type":"ListItem","position":5,"name":"Nummern Block System","item":"https:\/\/www.autotag-online.com\/de\/produkt-kategorie\/geen-onderdeel-van-een-categorie\/werkstatt\/nummern-block-system\/"},{"@type":"ListItem","position":6,"name":"Magnet-Nummern-Blocks mit nummern"}]},{"@type":"WebSite","@id":"https:\/\/www.autotag-online.com\/de\/#website","url":"https:\/\/www.autotag-online.com\/de\/","name":"Autotag","description":"Spezialisierte Gro\u00dfhandel und kaufwaren lieferant von Schl\u00fcsselanh\u00e4nger und zubeh\u00f6r vor die Autohandel","publisher":{"@id":"https:\/\/www.autotag-online.com\/de\/#organization"},"potentialAction":[{"@type":"SearchAction","target":{"@type":"EntryPoint","urlTemplate":"https:\/\/www.autotag-online.com\/de\/?s={search_term_string}"},"query-input":{"@type":"PropertyValueSpecification","valueRequired":true,"valueName":"search_term_string"}}],"inLanguage":"de"},{"@type":"Organization","@id":"https:\/\/www.autotag-online.com\/de\/#organization","name":"Autotag","url":"https:\/\/www.autotag-online.com\/de\/","logo":{"@type":"ImageObject","inLanguage":"de","@id":"https:\/\/www.autotag-online.com\/de\/#\/schema\/logo\/image\/","url":"https:\/\/www.autotag-online.com\/wp-content\/uploads\/2016\/11\/cropped-logo-2.png","contentUrl":"https:\/\/www.autotag-online.com\/wp-content\/uploads\/2016\/11\/cropped-logo-2.png","width":628,"height":110,"caption":"Autotag"},"image":{"@id":"https:\/\/www.autotag-online.com\/de\/#\/schema\/logo\/image\/"}}]}},"_links":{"self":[{"href":"https:\/\/www.autotag-online.com\/de\/wp-json\/wp\/v2\/product\/22042","targetHints":{"allow":["GET"]}}],"collection":[{"href":"https:\/\/www.autotag-online.com\/de\/wp-json\/wp\/v2\/product"}],"about":[{"href":"https:\/\/www.autotag-online.com\/de\/wp-json\/wp\/v2\/types\/product"}],"replies":[{"embeddable":true,"href":"https:\/\/www.autotag-online.com\/de\/wp-json\/wp\/v2\/comments?post=22042"}],"wp:featuredmedia":[{"embeddable":true,"href":"https:\/\/www.autotag-online.com\/de\/wp-json\/wp\/v2\/media\/4918"}],"wp:attachment":[{"href":"https:\/\/www.autotag-online.com\/de\/wp-json\/wp\/v2\/media?parent=22042"}],"wp:term":[{"taxonomy":"product_brand","embeddable":true,"href":"https:\/\/www.autotag-online.com\/de\/wp-json\/wp\/v2\/product_brand?post=22042"},{"taxonomy":"product_cat","embeddable":true,"href":"https:\/\/www.autotag-online.com\/de\/wp-json\/wp\/v2\/product_cat?post=22042"},{"taxonomy":"product_tag","embeddable":true,"href":"https:\/\/www.autotag-online.com\/de\/wp-json\/wp\/v2\/product_tag?post=22042"}],"curies":[{"name":"wp","href":"https:\/\/api.w.org\/{rel}","templated":true}]}}