{"id":22000,"date":"2016-11-21T12:50:09","date_gmt":"2016-11-21T12:50:09","guid":{"rendered":"https:\/\/www.autotag.co.uk\/product\/easycom-hafttasche\/"},"modified":"2018-07-17T14:17:09","modified_gmt":"2018-07-17T13:17:09","slug":"easycom-hafttasche","status":"publish","type":"product","link":"https:\/\/www.autotag-online.com\/de\/produkt\/easycom-hafttasche\/","title":{"rendered":"EasyCom Hafttasche"},"content":{"rendered":"<p>Sie legen Ihr individuelles Preisblatt einfach in die EasyCom Hafttasche und befestigen diese \u00a0an der Front &#8211; oder Seitenscheibe!<\/p>\n<p>Genau so schnell ist die selbsthaftende Tasche auch wieder entfernt.<\/p>\n<p>So k\u00f6nnen Sie EasyCom im Hoch &#8211; oder Querformat f\u00fcr Ihren Ausstellunsraum, f\u00fcr Ihre Fahrzeuge im Au\u00dfenbereich sowie auch f\u00fcr Ihre Schaufenster vielseitich einsetzen.<\/p>\n<p>Ihre Preisangebot sowie Finanzierungsdetails oder Ausstattungsmerkmale werden professionell pr\u00e4sentiert und kommuniziert.<\/p>\n<p>EasyCom l\u00e4sst sich immer wieder verwenden ist formstabil und feuchtigkeitsunempfindlich.<\/p>\n<ul>\n<li>Das Funktionsprinzip der Statik macht es m\u00f6glich<\/li>\n<li>In sekundenschnelle anreigen<\/li>\n<li>Keine R\u00fcckst\u00e4nde beim Abl\u00f6sen<\/li>\n<li>Wiederverwendbar<\/li>\n<li>Formstabil und feuchtigkeits-unemplfindlich<\/li>\n<li>Hitzebest\u00e4ndig bis 120 C<\/li>\n<li>Anbringungstemperature f\u00fcr optimal Haftung: mind. +2 C<\/li>\n<li>Ma\u00dfe: B 24,4 x H 33,2 cm f\u00fcr DIN A4 Einlagebl\u00e4tter<\/li>\n<\/ul>\n","protected":false},"excerpt":{"rendered":"<p>Sie legen Ihr individuelles Preisblatt einfach in die EasyCom Hafttasche und befestigen diese \u00a0an der Front &#8211; oder Seitenscheibe! Genau so schnell ist die selbsthaftende Tasche auch wieder entfernt. So k\u00f6nnen Sie EasyCom im Hoch &#8211; oder Querformat f\u00fcr Ihren Ausstellunsraum, f\u00fcr Ihre Fahrzeuge im Au\u00dfenbereich sowie auch f\u00fcr Ihre Schaufenster vielseitich einsetzen. Ihre Preisangebot [&hellip;]<\/p>\n","protected":false},"featured_media":659,"comment_status":"closed","ping_status":"closed","template":"","meta":{"_acf_changed":false},"product_brand":[],"product_cat":[256,276],"product_tag":[],"class_list":{"0":"post-22000","1":"product","2":"type-product","3":"status-publish","4":"has-post-thumbnail","6":"product_cat-interior-signage-de","7":"product_cat-showroom-vorhof","9":"first","10":"instock","11":"taxable","12":"shipping-taxable","13":"purchasable","14":"product-type-simple"},"exclude_global_add_ons":[],"addons":[],"acf":[],"yoast_head":"<!-- This site is optimized with the Yoast SEO plugin v27.2 - https:\/\/yoast.com\/product\/yoast-seo-wordpress\/ -->\n<title>A4 specifikation von den EasyCom Hafttasche von Autotag<\/title>\n<meta name=\"description\" content=\"Speziale Easycom Hafttasche. Von Autotag die Liefferant f\u00fcr die Automobil Industrie\" \/>\n<meta name=\"robots\" content=\"index, follow, max-snippet:-1, max-image-preview:large, max-video-preview:-1\" \/>\n<link rel=\"canonical\" href=\"https:\/\/www.autotag-online.com\/de\/produkt\/easycom-hafttasche\/\" \/>\n<meta property=\"og:locale\" content=\"de_DE\" \/>\n<meta property=\"og:type\" content=\"article\" \/>\n<meta property=\"og:title\" content=\"A4 specifikation von den EasyCom Hafttasche von Autotag\" \/>\n<meta property=\"og:description\" content=\"Speziale Easycom Hafttasche. Von Autotag die Liefferant f\u00fcr die Automobil Industrie\" \/>\n<meta property=\"og:url\" content=\"https:\/\/www.autotag-online.com\/de\/produkt\/easycom-hafttasche\/\" \/>\n<meta property=\"og:site_name\" content=\"Autotag\" \/>\n<meta property=\"article:modified_time\" content=\"2018-07-17T13:17:09+00:00\" \/>\n<meta property=\"og:image\" content=\"https:\/\/www.autotag-online.com\/wp-content\/uploads\/2016\/11\/47145009520046jpg.html\" \/>\n\t<meta property=\"og:image:width\" content=\"200\" \/>\n\t<meta property=\"og:image:height\" content=\"183\" \/>\n\t<meta property=\"og:image:type\" content=\"image\/jpeg\" \/>\n<meta name=\"twitter:card\" content=\"summary_large_image\" \/>\n<meta name=\"twitter:label1\" content=\"Gesch\u00e4tzte Lesezeit\" \/>\n\t<meta name=\"twitter:data1\" content=\"1\u00a0Minute\" \/>\n<script type=\"application\/ld+json\" class=\"yoast-schema-graph\">{\"@context\":\"https:\/\/schema.org\",\"@graph\":[{\"@type\":\"WebPage\",\"@id\":\"https:\/\/www.autotag-online.com\/de\/produkt\/easycom-hafttasche\/\",\"url\":\"https:\/\/www.autotag-online.com\/de\/produkt\/easycom-hafttasche\/\",\"name\":\"A4 specifikation von den EasyCom Hafttasche von Autotag\",\"isPartOf\":{\"@id\":\"https:\/\/www.autotag-online.com\/de\/#website\"},\"primaryImageOfPage\":{\"@id\":\"https:\/\/www.autotag-online.com\/de\/produkt\/easycom-hafttasche\/#primaryimage\"},\"image\":{\"@id\":\"https:\/\/www.autotag-online.com\/de\/produkt\/easycom-hafttasche\/#primaryimage\"},\"thumbnailUrl\":\"https:\/\/www.autotag-online.com\/wp-content\/uploads\/2016\/11\/47145009520046jpg.html\",\"datePublished\":\"2016-11-21T12:50:09+00:00\",\"dateModified\":\"2018-07-17T13:17:09+00:00\",\"description\":\"Speziale Easycom Hafttasche. Von Autotag die Liefferant f\u00fcr die Automobil Industrie\",\"breadcrumb\":{\"@id\":\"https:\/\/www.autotag-online.com\/de\/produkt\/easycom-hafttasche\/#breadcrumb\"},\"inLanguage\":\"de\",\"potentialAction\":[{\"@type\":\"ReadAction\",\"target\":[\"https:\/\/www.autotag-online.com\/de\/produkt\/easycom-hafttasche\/\"]}]},{\"@type\":\"ImageObject\",\"inLanguage\":\"de\",\"@id\":\"https:\/\/www.autotag-online.com\/de\/produkt\/easycom-hafttasche\/#primaryimage\",\"url\":\"https:\/\/www.autotag-online.com\/wp-content\/uploads\/2016\/11\/47145009520046jpg.html\",\"contentUrl\":\"https:\/\/www.autotag-online.com\/wp-content\/uploads\/2016\/11\/47145009520046jpg.html\",\"width\":200,\"height\":183},{\"@type\":\"BreadcrumbList\",\"@id\":\"https:\/\/www.autotag-online.com\/de\/produkt\/easycom-hafttasche\/#breadcrumb\",\"itemListElement\":[{\"@type\":\"ListItem\",\"position\":1,\"name\":\"Home\",\"item\":\"https:\/\/www.autotag-online.com\/de\/\"},{\"@type\":\"ListItem\",\"position\":2,\"name\":\"Alle Katagorien\",\"item\":\"https:\/\/www.autotag-online.com\/de\/shop-de\/\"},{\"@type\":\"ListItem\",\"position\":3,\"name\":\"Showroom &amp; Vorhof\",\"item\":\"https:\/\/www.autotag-online.com\/de\/produkt-kategorie\/showroom-vorhof\/\"},{\"@type\":\"ListItem\",\"position\":4,\"name\":\"EasyCom Hafttasche\"}]},{\"@type\":\"WebSite\",\"@id\":\"https:\/\/www.autotag-online.com\/de\/#website\",\"url\":\"https:\/\/www.autotag-online.com\/de\/\",\"name\":\"Autotag\",\"description\":\"Spezialisierte Gro\u00dfhandel und kaufwaren lieferant von Schl\u00fcsselanh\u00e4nger und zubeh\u00f6r vor die Autohandel\",\"publisher\":{\"@id\":\"https:\/\/www.autotag-online.com\/de\/#organization\"},\"potentialAction\":[{\"@type\":\"SearchAction\",\"target\":{\"@type\":\"EntryPoint\",\"urlTemplate\":\"https:\/\/www.autotag-online.com\/de\/?s={search_term_string}\"},\"query-input\":{\"@type\":\"PropertyValueSpecification\",\"valueRequired\":true,\"valueName\":\"search_term_string\"}}],\"inLanguage\":\"de\"},{\"@type\":\"Organization\",\"@id\":\"https:\/\/www.autotag-online.com\/de\/#organization\",\"name\":\"Autotag\",\"url\":\"https:\/\/www.autotag-online.com\/de\/\",\"logo\":{\"@type\":\"ImageObject\",\"inLanguage\":\"de\",\"@id\":\"https:\/\/www.autotag-online.com\/de\/#\/schema\/logo\/image\/\",\"url\":\"https:\/\/www.autotag-online.com\/wp-content\/uploads\/2016\/11\/cropped-logo-2.png\",\"contentUrl\":\"https:\/\/www.autotag-online.com\/wp-content\/uploads\/2016\/11\/cropped-logo-2.png\",\"width\":628,\"height\":110,\"caption\":\"Autotag\"},\"image\":{\"@id\":\"https:\/\/www.autotag-online.com\/de\/#\/schema\/logo\/image\/\"}}]}<\/script>\n<!-- \/ Yoast SEO plugin. -->","yoast_head_json":{"title":"A4 specifikation von den EasyCom Hafttasche von Autotag","description":"Speziale Easycom Hafttasche. Von Autotag die Liefferant f\u00fcr die Automobil Industrie","robots":{"index":"index","follow":"follow","max-snippet":"max-snippet:-1","max-image-preview":"max-image-preview:large","max-video-preview":"max-video-preview:-1"},"canonical":"https:\/\/www.autotag-online.com\/de\/produkt\/easycom-hafttasche\/","og_locale":"de_DE","og_type":"article","og_title":"A4 specifikation von den EasyCom Hafttasche von Autotag","og_description":"Speziale Easycom Hafttasche. Von Autotag die Liefferant f\u00fcr die Automobil Industrie","og_url":"https:\/\/www.autotag-online.com\/de\/produkt\/easycom-hafttasche\/","og_site_name":"Autotag","article_modified_time":"2018-07-17T13:17:09+00:00","og_image":[{"width":200,"height":183,"url":"https:\/\/www.autotag-online.com\/wp-content\/uploads\/2016\/11\/47145009520046jpg.html","type":"image\/jpeg"}],"twitter_card":"summary_large_image","twitter_misc":{"Gesch\u00e4tzte Lesezeit":"1\u00a0Minute"},"schema":{"@context":"https:\/\/schema.org","@graph":[{"@type":"WebPage","@id":"https:\/\/www.autotag-online.com\/de\/produkt\/easycom-hafttasche\/","url":"https:\/\/www.autotag-online.com\/de\/produkt\/easycom-hafttasche\/","name":"A4 specifikation von den EasyCom Hafttasche von Autotag","isPartOf":{"@id":"https:\/\/www.autotag-online.com\/de\/#website"},"primaryImageOfPage":{"@id":"https:\/\/www.autotag-online.com\/de\/produkt\/easycom-hafttasche\/#primaryimage"},"image":{"@id":"https:\/\/www.autotag-online.com\/de\/produkt\/easycom-hafttasche\/#primaryimage"},"thumbnailUrl":"https:\/\/www.autotag-online.com\/wp-content\/uploads\/2016\/11\/47145009520046jpg.html","datePublished":"2016-11-21T12:50:09+00:00","dateModified":"2018-07-17T13:17:09+00:00","description":"Speziale Easycom Hafttasche. Von Autotag die Liefferant f\u00fcr die Automobil Industrie","breadcrumb":{"@id":"https:\/\/www.autotag-online.com\/de\/produkt\/easycom-hafttasche\/#breadcrumb"},"inLanguage":"de","potentialAction":[{"@type":"ReadAction","target":["https:\/\/www.autotag-online.com\/de\/produkt\/easycom-hafttasche\/"]}]},{"@type":"ImageObject","inLanguage":"de","@id":"https:\/\/www.autotag-online.com\/de\/produkt\/easycom-hafttasche\/#primaryimage","url":"https:\/\/www.autotag-online.com\/wp-content\/uploads\/2016\/11\/47145009520046jpg.html","contentUrl":"https:\/\/www.autotag-online.com\/wp-content\/uploads\/2016\/11\/47145009520046jpg.html","width":200,"height":183},{"@type":"BreadcrumbList","@id":"https:\/\/www.autotag-online.com\/de\/produkt\/easycom-hafttasche\/#breadcrumb","itemListElement":[{"@type":"ListItem","position":1,"name":"Home","item":"https:\/\/www.autotag-online.com\/de\/"},{"@type":"ListItem","position":2,"name":"Alle Katagorien","item":"https:\/\/www.autotag-online.com\/de\/shop-de\/"},{"@type":"ListItem","position":3,"name":"Showroom &amp; Vorhof","item":"https:\/\/www.autotag-online.com\/de\/produkt-kategorie\/showroom-vorhof\/"},{"@type":"ListItem","position":4,"name":"EasyCom Hafttasche"}]},{"@type":"WebSite","@id":"https:\/\/www.autotag-online.com\/de\/#website","url":"https:\/\/www.autotag-online.com\/de\/","name":"Autotag","description":"Spezialisierte Gro\u00dfhandel und kaufwaren lieferant von Schl\u00fcsselanh\u00e4nger und zubeh\u00f6r vor die Autohandel","publisher":{"@id":"https:\/\/www.autotag-online.com\/de\/#organization"},"potentialAction":[{"@type":"SearchAction","target":{"@type":"EntryPoint","urlTemplate":"https:\/\/www.autotag-online.com\/de\/?s={search_term_string}"},"query-input":{"@type":"PropertyValueSpecification","valueRequired":true,"valueName":"search_term_string"}}],"inLanguage":"de"},{"@type":"Organization","@id":"https:\/\/www.autotag-online.com\/de\/#organization","name":"Autotag","url":"https:\/\/www.autotag-online.com\/de\/","logo":{"@type":"ImageObject","inLanguage":"de","@id":"https:\/\/www.autotag-online.com\/de\/#\/schema\/logo\/image\/","url":"https:\/\/www.autotag-online.com\/wp-content\/uploads\/2016\/11\/cropped-logo-2.png","contentUrl":"https:\/\/www.autotag-online.com\/wp-content\/uploads\/2016\/11\/cropped-logo-2.png","width":628,"height":110,"caption":"Autotag"},"image":{"@id":"https:\/\/www.autotag-online.com\/de\/#\/schema\/logo\/image\/"}}]}},"_links":{"self":[{"href":"https:\/\/www.autotag-online.com\/de\/wp-json\/wp\/v2\/product\/22000","targetHints":{"allow":["GET"]}}],"collection":[{"href":"https:\/\/www.autotag-online.com\/de\/wp-json\/wp\/v2\/product"}],"about":[{"href":"https:\/\/www.autotag-online.com\/de\/wp-json\/wp\/v2\/types\/product"}],"replies":[{"embeddable":true,"href":"https:\/\/www.autotag-online.com\/de\/wp-json\/wp\/v2\/comments?post=22000"}],"wp:featuredmedia":[{"embeddable":true,"href":"https:\/\/www.autotag-online.com\/de\/wp-json\/wp\/v2\/media\/659"}],"wp:attachment":[{"href":"https:\/\/www.autotag-online.com\/de\/wp-json\/wp\/v2\/media?parent=22000"}],"wp:term":[{"taxonomy":"product_brand","embeddable":true,"href":"https:\/\/www.autotag-online.com\/de\/wp-json\/wp\/v2\/product_brand?post=22000"},{"taxonomy":"product_cat","embeddable":true,"href":"https:\/\/www.autotag-online.com\/de\/wp-json\/wp\/v2\/product_cat?post=22000"},{"taxonomy":"product_tag","embeddable":true,"href":"https:\/\/www.autotag-online.com\/de\/wp-json\/wp\/v2\/product_tag?post=22000"}],"curies":[{"name":"wp","href":"https:\/\/api.w.org\/{rel}","templated":true}]}}