{"id":21998,"date":"2016-11-21T12:50:09","date_gmt":"2016-11-21T12:50:09","guid":{"rendered":"https:\/\/www.autotag.co.uk\/product\/promotion-schilder-ruckspiegel\/"},"modified":"2018-10-04T17:31:23","modified_gmt":"2018-10-04T16:31:23","slug":"promotion-schilder-ruckspiegel","status":"publish","type":"product","link":"https:\/\/www.autotag-online.com\/de\/produkt\/promotion-schilder-ruckspiegel\/","title":{"rendered":"Promotion-Schilder R\u00fcckspiegel"},"content":{"rendered":"<p><span id=\"result_box\" class=\"\" lang=\"de\"><span class=\"\">Packung mit 10 St\u00fcck<\/span><\/p>\n<p><span class=\"\">Leichter Spiegelaufh\u00e4nger.<\/span><br \/>\n<span class=\"\">Klares Hart-PVC.<\/span><br \/>\n<span class=\"\">H\u00e4lt A4 Hochformat.<\/span><br \/>\n<span class=\"\">Einfach mit eigenen Datenbl\u00e4ttern zu personalisieren.<\/span><br \/>\n<span class=\"\">Professionelle Autotag-Eins\u00e4tze verf\u00fcgbar.<\/span><\/p>\n<p><span class=\"\">Inserts nur zu Demonstrationszwecken gezeigt &#8211; nicht enthalten.<\/span><\/span><\/p>\n","protected":false},"excerpt":{"rendered":"<p>Packung mit 10 St\u00fcck Leichter Spiegelaufh\u00e4nger. Klares Hart-PVC. H\u00e4lt A4 Hochformat. Einfach mit eigenen Datenbl\u00e4ttern zu personalisieren. Professionelle Autotag-Eins\u00e4tze verf\u00fcgbar. Inserts nur zu Demonstrationszwecken gezeigt &#8211; nicht enthalten.<\/p>\n","protected":false},"featured_media":664,"comment_status":"closed","ping_status":"closed","template":"","meta":{"_acf_changed":false},"product_brand":[],"product_cat":[256,276],"product_tag":[],"class_list":{"0":"post-21998","1":"product","2":"type-product","3":"status-publish","4":"has-post-thumbnail","6":"product_cat-interior-signage-de","7":"product_cat-showroom-vorhof","9":"first","10":"instock","11":"taxable","12":"shipping-taxable","13":"purchasable","14":"product-type-simple"},"exclude_global_add_ons":[],"addons":[],"acf":[],"yoast_head":"<!-- This site is optimized with the Yoast SEO plugin v27.2 - https:\/\/yoast.com\/product\/yoast-seo-wordpress\/ -->\n<title>Promotion-Schilder R\u00fcckspiegel<\/title>\n<meta name=\"description\" content=\"Promotion-Schilder R\u00fcckspiegel f\u00fcr display in Auto&#039;s und Showrooms\" \/>\n<meta name=\"robots\" content=\"index, follow, max-snippet:-1, max-image-preview:large, max-video-preview:-1\" \/>\n<link rel=\"canonical\" href=\"https:\/\/www.autotag-online.com\/de\/produkt\/promotion-schilder-ruckspiegel\/\" \/>\n<meta property=\"og:locale\" content=\"de_DE\" \/>\n<meta property=\"og:type\" content=\"article\" \/>\n<meta property=\"og:title\" content=\"Promotion-Schilder R\u00fcckspiegel\" \/>\n<meta property=\"og:description\" content=\"Promotion-Schilder R\u00fcckspiegel f\u00fcr display in Auto&#039;s und Showrooms\" \/>\n<meta property=\"og:url\" content=\"https:\/\/www.autotag-online.com\/de\/produkt\/promotion-schilder-ruckspiegel\/\" \/>\n<meta property=\"og:site_name\" content=\"Autotag\" \/>\n<meta property=\"article:modified_time\" content=\"2018-10-04T16:31:23+00:00\" \/>\n<meta property=\"og:image\" content=\"https:\/\/www.autotag-online.com\/wp-content\/uploads\/2016\/11\/51745119520046jpg.html\" \/>\n\t<meta property=\"og:image:width\" content=\"200\" \/>\n\t<meta property=\"og:image:height\" content=\"200\" \/>\n\t<meta property=\"og:image:type\" content=\"image\/jpeg\" \/>\n<meta name=\"twitter:card\" content=\"summary_large_image\" \/>\n<script type=\"application\/ld+json\" class=\"yoast-schema-graph\">{\"@context\":\"https:\/\/schema.org\",\"@graph\":[{\"@type\":\"WebPage\",\"@id\":\"https:\/\/www.autotag-online.com\/de\/produkt\/promotion-schilder-ruckspiegel\/\",\"url\":\"https:\/\/www.autotag-online.com\/de\/produkt\/promotion-schilder-ruckspiegel\/\",\"name\":\"Promotion-Schilder R\u00fcckspiegel\",\"isPartOf\":{\"@id\":\"https:\/\/www.autotag-online.com\/de\/#website\"},\"primaryImageOfPage\":{\"@id\":\"https:\/\/www.autotag-online.com\/de\/produkt\/promotion-schilder-ruckspiegel\/#primaryimage\"},\"image\":{\"@id\":\"https:\/\/www.autotag-online.com\/de\/produkt\/promotion-schilder-ruckspiegel\/#primaryimage\"},\"thumbnailUrl\":\"https:\/\/www.autotag-online.com\/wp-content\/uploads\/2016\/11\/51745119520046jpg.html\",\"datePublished\":\"2016-11-21T12:50:09+00:00\",\"dateModified\":\"2018-10-04T16:31:23+00:00\",\"description\":\"Promotion-Schilder R\u00fcckspiegel f\u00fcr display in Auto's und Showrooms\",\"breadcrumb\":{\"@id\":\"https:\/\/www.autotag-online.com\/de\/produkt\/promotion-schilder-ruckspiegel\/#breadcrumb\"},\"inLanguage\":\"de\",\"potentialAction\":[{\"@type\":\"ReadAction\",\"target\":[\"https:\/\/www.autotag-online.com\/de\/produkt\/promotion-schilder-ruckspiegel\/\"]}]},{\"@type\":\"ImageObject\",\"inLanguage\":\"de\",\"@id\":\"https:\/\/www.autotag-online.com\/de\/produkt\/promotion-schilder-ruckspiegel\/#primaryimage\",\"url\":\"https:\/\/www.autotag-online.com\/wp-content\/uploads\/2016\/11\/51745119520046jpg.html\",\"contentUrl\":\"https:\/\/www.autotag-online.com\/wp-content\/uploads\/2016\/11\/51745119520046jpg.html\",\"width\":200,\"height\":200},{\"@type\":\"BreadcrumbList\",\"@id\":\"https:\/\/www.autotag-online.com\/de\/produkt\/promotion-schilder-ruckspiegel\/#breadcrumb\",\"itemListElement\":[{\"@type\":\"ListItem\",\"position\":1,\"name\":\"Home\",\"item\":\"https:\/\/www.autotag-online.com\/de\/\"},{\"@type\":\"ListItem\",\"position\":2,\"name\":\"Alle Katagorien\",\"item\":\"https:\/\/www.autotag-online.com\/de\/shop-de\/\"},{\"@type\":\"ListItem\",\"position\":3,\"name\":\"Showroom &amp; Vorhof\",\"item\":\"https:\/\/www.autotag-online.com\/de\/produkt-kategorie\/showroom-vorhof\/\"},{\"@type\":\"ListItem\",\"position\":4,\"name\":\"Interior Signage\",\"item\":\"https:\/\/www.autotag-online.com\/de\/produkt-kategorie\/showroom-vorhof\/interior-signage-de\/\"},{\"@type\":\"ListItem\",\"position\":5,\"name\":\"Promotion-Schilder R\u00fcckspiegel\"}]},{\"@type\":\"WebSite\",\"@id\":\"https:\/\/www.autotag-online.com\/de\/#website\",\"url\":\"https:\/\/www.autotag-online.com\/de\/\",\"name\":\"Autotag\",\"description\":\"Spezialisierte Gro\u00dfhandel und kaufwaren lieferant von Schl\u00fcsselanh\u00e4nger und zubeh\u00f6r vor die Autohandel\",\"publisher\":{\"@id\":\"https:\/\/www.autotag-online.com\/de\/#organization\"},\"potentialAction\":[{\"@type\":\"SearchAction\",\"target\":{\"@type\":\"EntryPoint\",\"urlTemplate\":\"https:\/\/www.autotag-online.com\/de\/?s={search_term_string}\"},\"query-input\":{\"@type\":\"PropertyValueSpecification\",\"valueRequired\":true,\"valueName\":\"search_term_string\"}}],\"inLanguage\":\"de\"},{\"@type\":\"Organization\",\"@id\":\"https:\/\/www.autotag-online.com\/de\/#organization\",\"name\":\"Autotag\",\"url\":\"https:\/\/www.autotag-online.com\/de\/\",\"logo\":{\"@type\":\"ImageObject\",\"inLanguage\":\"de\",\"@id\":\"https:\/\/www.autotag-online.com\/de\/#\/schema\/logo\/image\/\",\"url\":\"https:\/\/www.autotag-online.com\/wp-content\/uploads\/2016\/11\/cropped-logo-2.png\",\"contentUrl\":\"https:\/\/www.autotag-online.com\/wp-content\/uploads\/2016\/11\/cropped-logo-2.png\",\"width\":628,\"height\":110,\"caption\":\"Autotag\"},\"image\":{\"@id\":\"https:\/\/www.autotag-online.com\/de\/#\/schema\/logo\/image\/\"}}]}<\/script>\n<!-- \/ Yoast SEO plugin. -->","yoast_head_json":{"title":"Promotion-Schilder R\u00fcckspiegel","description":"Promotion-Schilder R\u00fcckspiegel f\u00fcr display in Auto's und Showrooms","robots":{"index":"index","follow":"follow","max-snippet":"max-snippet:-1","max-image-preview":"max-image-preview:large","max-video-preview":"max-video-preview:-1"},"canonical":"https:\/\/www.autotag-online.com\/de\/produkt\/promotion-schilder-ruckspiegel\/","og_locale":"de_DE","og_type":"article","og_title":"Promotion-Schilder R\u00fcckspiegel","og_description":"Promotion-Schilder R\u00fcckspiegel f\u00fcr display in Auto's und Showrooms","og_url":"https:\/\/www.autotag-online.com\/de\/produkt\/promotion-schilder-ruckspiegel\/","og_site_name":"Autotag","article_modified_time":"2018-10-04T16:31:23+00:00","og_image":[{"width":200,"height":200,"url":"https:\/\/www.autotag-online.com\/wp-content\/uploads\/2016\/11\/51745119520046jpg.html","type":"image\/jpeg"}],"twitter_card":"summary_large_image","schema":{"@context":"https:\/\/schema.org","@graph":[{"@type":"WebPage","@id":"https:\/\/www.autotag-online.com\/de\/produkt\/promotion-schilder-ruckspiegel\/","url":"https:\/\/www.autotag-online.com\/de\/produkt\/promotion-schilder-ruckspiegel\/","name":"Promotion-Schilder R\u00fcckspiegel","isPartOf":{"@id":"https:\/\/www.autotag-online.com\/de\/#website"},"primaryImageOfPage":{"@id":"https:\/\/www.autotag-online.com\/de\/produkt\/promotion-schilder-ruckspiegel\/#primaryimage"},"image":{"@id":"https:\/\/www.autotag-online.com\/de\/produkt\/promotion-schilder-ruckspiegel\/#primaryimage"},"thumbnailUrl":"https:\/\/www.autotag-online.com\/wp-content\/uploads\/2016\/11\/51745119520046jpg.html","datePublished":"2016-11-21T12:50:09+00:00","dateModified":"2018-10-04T16:31:23+00:00","description":"Promotion-Schilder R\u00fcckspiegel f\u00fcr display in Auto's und Showrooms","breadcrumb":{"@id":"https:\/\/www.autotag-online.com\/de\/produkt\/promotion-schilder-ruckspiegel\/#breadcrumb"},"inLanguage":"de","potentialAction":[{"@type":"ReadAction","target":["https:\/\/www.autotag-online.com\/de\/produkt\/promotion-schilder-ruckspiegel\/"]}]},{"@type":"ImageObject","inLanguage":"de","@id":"https:\/\/www.autotag-online.com\/de\/produkt\/promotion-schilder-ruckspiegel\/#primaryimage","url":"https:\/\/www.autotag-online.com\/wp-content\/uploads\/2016\/11\/51745119520046jpg.html","contentUrl":"https:\/\/www.autotag-online.com\/wp-content\/uploads\/2016\/11\/51745119520046jpg.html","width":200,"height":200},{"@type":"BreadcrumbList","@id":"https:\/\/www.autotag-online.com\/de\/produkt\/promotion-schilder-ruckspiegel\/#breadcrumb","itemListElement":[{"@type":"ListItem","position":1,"name":"Home","item":"https:\/\/www.autotag-online.com\/de\/"},{"@type":"ListItem","position":2,"name":"Alle Katagorien","item":"https:\/\/www.autotag-online.com\/de\/shop-de\/"},{"@type":"ListItem","position":3,"name":"Showroom &amp; Vorhof","item":"https:\/\/www.autotag-online.com\/de\/produkt-kategorie\/showroom-vorhof\/"},{"@type":"ListItem","position":4,"name":"Interior Signage","item":"https:\/\/www.autotag-online.com\/de\/produkt-kategorie\/showroom-vorhof\/interior-signage-de\/"},{"@type":"ListItem","position":5,"name":"Promotion-Schilder R\u00fcckspiegel"}]},{"@type":"WebSite","@id":"https:\/\/www.autotag-online.com\/de\/#website","url":"https:\/\/www.autotag-online.com\/de\/","name":"Autotag","description":"Spezialisierte Gro\u00dfhandel und kaufwaren lieferant von Schl\u00fcsselanh\u00e4nger und zubeh\u00f6r vor die Autohandel","publisher":{"@id":"https:\/\/www.autotag-online.com\/de\/#organization"},"potentialAction":[{"@type":"SearchAction","target":{"@type":"EntryPoint","urlTemplate":"https:\/\/www.autotag-online.com\/de\/?s={search_term_string}"},"query-input":{"@type":"PropertyValueSpecification","valueRequired":true,"valueName":"search_term_string"}}],"inLanguage":"de"},{"@type":"Organization","@id":"https:\/\/www.autotag-online.com\/de\/#organization","name":"Autotag","url":"https:\/\/www.autotag-online.com\/de\/","logo":{"@type":"ImageObject","inLanguage":"de","@id":"https:\/\/www.autotag-online.com\/de\/#\/schema\/logo\/image\/","url":"https:\/\/www.autotag-online.com\/wp-content\/uploads\/2016\/11\/cropped-logo-2.png","contentUrl":"https:\/\/www.autotag-online.com\/wp-content\/uploads\/2016\/11\/cropped-logo-2.png","width":628,"height":110,"caption":"Autotag"},"image":{"@id":"https:\/\/www.autotag-online.com\/de\/#\/schema\/logo\/image\/"}}]}},"_links":{"self":[{"href":"https:\/\/www.autotag-online.com\/de\/wp-json\/wp\/v2\/product\/21998","targetHints":{"allow":["GET"]}}],"collection":[{"href":"https:\/\/www.autotag-online.com\/de\/wp-json\/wp\/v2\/product"}],"about":[{"href":"https:\/\/www.autotag-online.com\/de\/wp-json\/wp\/v2\/types\/product"}],"replies":[{"embeddable":true,"href":"https:\/\/www.autotag-online.com\/de\/wp-json\/wp\/v2\/comments?post=21998"}],"wp:featuredmedia":[{"embeddable":true,"href":"https:\/\/www.autotag-online.com\/de\/wp-json\/wp\/v2\/media\/664"}],"wp:attachment":[{"href":"https:\/\/www.autotag-online.com\/de\/wp-json\/wp\/v2\/media?parent=21998"}],"wp:term":[{"taxonomy":"product_brand","embeddable":true,"href":"https:\/\/www.autotag-online.com\/de\/wp-json\/wp\/v2\/product_brand?post=21998"},{"taxonomy":"product_cat","embeddable":true,"href":"https:\/\/www.autotag-online.com\/de\/wp-json\/wp\/v2\/product_cat?post=21998"},{"taxonomy":"product_tag","embeddable":true,"href":"https:\/\/www.autotag-online.com\/de\/wp-json\/wp\/v2\/product_tag?post=21998"}],"curies":[{"name":"wp","href":"https:\/\/api.w.org\/{rel}","templated":true}]}}