{"id":21805,"date":"2016-12-19T16:23:07","date_gmt":"2016-12-19T16:23:07","guid":{"rendered":"https:\/\/www.autotag.co.uk\/product\/compact-80-plus-sicherheitsschlusselschrank-mit-chef-schlussel\/"},"modified":"2018-07-17T14:26:04","modified_gmt":"2018-07-17T13:26:04","slug":"compact-80-plus-sicherheitsschlusselschrank-mit-chef-schlussel","status":"publish","type":"product","link":"https:\/\/www.autotag-online.com\/de\/produkt\/compact-80-plus-sicherheitsschlusselschrank-mit-chef-schlussel\/","title":{"rendered":"Compact 80 Plus- Sicherheitsschl\u00fcsselschrank &#8211; mit Chef-Schl\u00fcssel"},"content":{"rendered":"<p>Unser Mittelklasse-Schrank wurde in der Breite erh\u00f6ht , entsprechend den 100 und 200 plus Schr\u00e4nke.<\/p>\n<p>Dies erm\u00f6glicht dem Schrank, um die neue flexible Schienensystem und eine enorme Steigrung der Kapazit\u00e4t Schl\u00fcssel zu akzeptieren.<\/p>\n<p>Eine vollst\u00e4ndige Schl\u00fcsselspeichersystem , das eine Kapazit\u00e4t von 84 bis 124 Schl\u00fcssel.<\/p>\n<p>Mechanische Kombinationsschloss -mit Chef-Schl\u00fcssel<br \/>\nGepr\u00fcfte Sicherheit mit einem bew\u00e4hrten Schrankdesign.<br \/>\nNeue flexible Haken Schienensystem.<br \/>\nErh\u00f6hung der Schl\u00fcssel Kapazit\u00e4t ohne zus\u00e4tzliche Kosten.<br \/>\nHat ein, Kapazit\u00e4t f\u00fcr 84 Mk I \/ II oder 124 Werkstatt &#8211; Anh\u00e4nger, Werkstatt und der Keyless Eintragungs wird akzeptiert.<br \/>\nSchnelle und einfache Kapazit\u00e4tsanpassungen.<br \/>\nOptional 5 und 8 Systemanh\u00e4nger Dispensers<br \/>\nLackiert in metallic Siber.<\/p>\n<p>Ma\u00dfe:<br \/>\nH: 500mm<br \/>\nB: 430mm<br \/>\nm t: 140 mm<\/p>\n","protected":false},"excerpt":{"rendered":"<p>Compact 80 Plus \u00a0Sicherheitsschl\u00fcsselschrank<\/p>\n<p>Gratis:<\/p>\n","protected":false},"featured_media":2923,"comment_status":"closed","ping_status":"closed","template":"","meta":{"_acf_changed":false},"product_brand":[],"product_cat":[254],"product_tag":[],"class_list":{"0":"post-21805","1":"product","2":"type-product","3":"status-publish","4":"has-post-thumbnail","6":"product_cat-sicherheitsschlusselschrank","8":"first","9":"instock","10":"taxable","11":"shipping-taxable","12":"purchasable","13":"product-type-simple"},"exclude_global_add_ons":false,"addons":[],"acf":[],"yoast_head":"<!-- This site is optimized with the Yoast SEO plugin v27.2 - https:\/\/yoast.com\/product\/yoast-seo-wordpress\/ -->\n<title>Sicherheitsschl\u00fcsselschrank bis 124 schlussel f\u00fcr die Automobillindustrie<\/title>\n<meta name=\"description\" content=\"Kompakts Schlusselkasten bis 124 schlussel von Autotag UK, die experte in die Automobillindustrie\" \/>\n<meta name=\"robots\" content=\"index, follow, max-snippet:-1, max-image-preview:large, max-video-preview:-1\" \/>\n<link rel=\"canonical\" href=\"https:\/\/www.autotag-online.com\/de\/produkt\/compact-80-plus-sicherheitsschlusselschrank-mit-chef-schlussel\/\" \/>\n<meta property=\"og:locale\" content=\"de_DE\" \/>\n<meta property=\"og:type\" content=\"article\" \/>\n<meta property=\"og:title\" content=\"Sicherheitsschl\u00fcsselschrank bis 124 schlussel f\u00fcr die Automobillindustrie\" \/>\n<meta property=\"og:description\" content=\"Kompakts Schlusselkasten bis 124 schlussel von Autotag UK, die experte in die Automobillindustrie\" \/>\n<meta property=\"og:url\" content=\"https:\/\/www.autotag-online.com\/de\/produkt\/compact-80-plus-sicherheitsschlusselschrank-mit-chef-schlussel\/\" \/>\n<meta property=\"og:site_name\" content=\"Autotag\" \/>\n<meta property=\"article:modified_time\" content=\"2018-07-17T13:26:04+00:00\" \/>\n<meta property=\"og:image\" content=\"https:\/\/www.autotag-online.com\/wp-content\/uploads\/2016\/12\/251-31-Compact-80.jpg\" \/>\n\t<meta property=\"og:image:width\" content=\"510\" \/>\n\t<meta property=\"og:image:height\" content=\"408\" \/>\n\t<meta property=\"og:image:type\" content=\"image\/jpeg\" \/>\n<meta name=\"twitter:card\" content=\"summary_large_image\" \/>\n<meta name=\"twitter:label1\" content=\"Gesch\u00e4tzte Lesezeit\" \/>\n\t<meta name=\"twitter:data1\" content=\"1\u00a0Minute\" \/>\n<script type=\"application\/ld+json\" class=\"yoast-schema-graph\">{\"@context\":\"https:\/\/schema.org\",\"@graph\":[{\"@type\":\"WebPage\",\"@id\":\"https:\/\/www.autotag-online.com\/de\/produkt\/compact-80-plus-sicherheitsschlusselschrank-mit-chef-schlussel\/\",\"url\":\"https:\/\/www.autotag-online.com\/de\/produkt\/compact-80-plus-sicherheitsschlusselschrank-mit-chef-schlussel\/\",\"name\":\"Sicherheitsschl\u00fcsselschrank bis 124 schlussel f\u00fcr die Automobillindustrie\",\"isPartOf\":{\"@id\":\"https:\/\/www.autotag-online.com\/de\/#website\"},\"primaryImageOfPage\":{\"@id\":\"https:\/\/www.autotag-online.com\/de\/produkt\/compact-80-plus-sicherheitsschlusselschrank-mit-chef-schlussel\/#primaryimage\"},\"image\":{\"@id\":\"https:\/\/www.autotag-online.com\/de\/produkt\/compact-80-plus-sicherheitsschlusselschrank-mit-chef-schlussel\/#primaryimage\"},\"thumbnailUrl\":\"https:\/\/www.autotag-online.com\/wp-content\/uploads\/2016\/12\/251-31-Compact-80.jpg\",\"datePublished\":\"2016-12-19T16:23:07+00:00\",\"dateModified\":\"2018-07-17T13:26:04+00:00\",\"description\":\"Kompakts Schlusselkasten bis 124 schlussel von Autotag UK, die experte in die Automobillindustrie\",\"breadcrumb\":{\"@id\":\"https:\/\/www.autotag-online.com\/de\/produkt\/compact-80-plus-sicherheitsschlusselschrank-mit-chef-schlussel\/#breadcrumb\"},\"inLanguage\":\"de\",\"potentialAction\":[{\"@type\":\"ReadAction\",\"target\":[\"https:\/\/www.autotag-online.com\/de\/produkt\/compact-80-plus-sicherheitsschlusselschrank-mit-chef-schlussel\/\"]}]},{\"@type\":\"ImageObject\",\"inLanguage\":\"de\",\"@id\":\"https:\/\/www.autotag-online.com\/de\/produkt\/compact-80-plus-sicherheitsschlusselschrank-mit-chef-schlussel\/#primaryimage\",\"url\":\"https:\/\/www.autotag-online.com\/wp-content\/uploads\/2016\/12\/251-31-Compact-80.jpg\",\"contentUrl\":\"https:\/\/www.autotag-online.com\/wp-content\/uploads\/2016\/12\/251-31-Compact-80.jpg\",\"width\":510,\"height\":408},{\"@type\":\"BreadcrumbList\",\"@id\":\"https:\/\/www.autotag-online.com\/de\/produkt\/compact-80-plus-sicherheitsschlusselschrank-mit-chef-schlussel\/#breadcrumb\",\"itemListElement\":[{\"@type\":\"ListItem\",\"position\":1,\"name\":\"Home\",\"item\":\"https:\/\/www.autotag-online.com\/de\/\"},{\"@type\":\"ListItem\",\"position\":2,\"name\":\"Alle Katagorien\",\"item\":\"https:\/\/www.autotag-online.com\/de\/shop-de\/\"},{\"@type\":\"ListItem\",\"position\":3,\"name\":\"Sicherheitsschl\u00fcsselschrank\",\"item\":\"https:\/\/www.autotag-online.com\/de\/produkt-kategorie\/sicherheitsschlusselschrank\/\"},{\"@type\":\"ListItem\",\"position\":4,\"name\":\"Compact 80 Plus- Sicherheitsschl\u00fcsselschrank &#8211; mit Chef-Schl\u00fcssel\"}]},{\"@type\":\"WebSite\",\"@id\":\"https:\/\/www.autotag-online.com\/de\/#website\",\"url\":\"https:\/\/www.autotag-online.com\/de\/\",\"name\":\"Autotag\",\"description\":\"Spezialisierte Gro\u00dfhandel und kaufwaren lieferant von Schl\u00fcsselanh\u00e4nger und zubeh\u00f6r vor die Autohandel\",\"publisher\":{\"@id\":\"https:\/\/www.autotag-online.com\/de\/#organization\"},\"potentialAction\":[{\"@type\":\"SearchAction\",\"target\":{\"@type\":\"EntryPoint\",\"urlTemplate\":\"https:\/\/www.autotag-online.com\/de\/?s={search_term_string}\"},\"query-input\":{\"@type\":\"PropertyValueSpecification\",\"valueRequired\":true,\"valueName\":\"search_term_string\"}}],\"inLanguage\":\"de\"},{\"@type\":\"Organization\",\"@id\":\"https:\/\/www.autotag-online.com\/de\/#organization\",\"name\":\"Autotag\",\"url\":\"https:\/\/www.autotag-online.com\/de\/\",\"logo\":{\"@type\":\"ImageObject\",\"inLanguage\":\"de\",\"@id\":\"https:\/\/www.autotag-online.com\/de\/#\/schema\/logo\/image\/\",\"url\":\"https:\/\/www.autotag-online.com\/wp-content\/uploads\/2016\/11\/cropped-logo-2.png\",\"contentUrl\":\"https:\/\/www.autotag-online.com\/wp-content\/uploads\/2016\/11\/cropped-logo-2.png\",\"width\":628,\"height\":110,\"caption\":\"Autotag\"},\"image\":{\"@id\":\"https:\/\/www.autotag-online.com\/de\/#\/schema\/logo\/image\/\"}}]}<\/script>\n<!-- \/ Yoast SEO plugin. -->","yoast_head_json":{"title":"Sicherheitsschl\u00fcsselschrank bis 124 schlussel f\u00fcr die Automobillindustrie","description":"Kompakts Schlusselkasten bis 124 schlussel von Autotag UK, die experte in die Automobillindustrie","robots":{"index":"index","follow":"follow","max-snippet":"max-snippet:-1","max-image-preview":"max-image-preview:large","max-video-preview":"max-video-preview:-1"},"canonical":"https:\/\/www.autotag-online.com\/de\/produkt\/compact-80-plus-sicherheitsschlusselschrank-mit-chef-schlussel\/","og_locale":"de_DE","og_type":"article","og_title":"Sicherheitsschl\u00fcsselschrank bis 124 schlussel f\u00fcr die Automobillindustrie","og_description":"Kompakts Schlusselkasten bis 124 schlussel von Autotag UK, die experte in die Automobillindustrie","og_url":"https:\/\/www.autotag-online.com\/de\/produkt\/compact-80-plus-sicherheitsschlusselschrank-mit-chef-schlussel\/","og_site_name":"Autotag","article_modified_time":"2018-07-17T13:26:04+00:00","og_image":[{"width":510,"height":408,"url":"https:\/\/www.autotag-online.com\/wp-content\/uploads\/2016\/12\/251-31-Compact-80.jpg","type":"image\/jpeg"}],"twitter_card":"summary_large_image","twitter_misc":{"Gesch\u00e4tzte Lesezeit":"1\u00a0Minute"},"schema":{"@context":"https:\/\/schema.org","@graph":[{"@type":"WebPage","@id":"https:\/\/www.autotag-online.com\/de\/produkt\/compact-80-plus-sicherheitsschlusselschrank-mit-chef-schlussel\/","url":"https:\/\/www.autotag-online.com\/de\/produkt\/compact-80-plus-sicherheitsschlusselschrank-mit-chef-schlussel\/","name":"Sicherheitsschl\u00fcsselschrank bis 124 schlussel f\u00fcr die Automobillindustrie","isPartOf":{"@id":"https:\/\/www.autotag-online.com\/de\/#website"},"primaryImageOfPage":{"@id":"https:\/\/www.autotag-online.com\/de\/produkt\/compact-80-plus-sicherheitsschlusselschrank-mit-chef-schlussel\/#primaryimage"},"image":{"@id":"https:\/\/www.autotag-online.com\/de\/produkt\/compact-80-plus-sicherheitsschlusselschrank-mit-chef-schlussel\/#primaryimage"},"thumbnailUrl":"https:\/\/www.autotag-online.com\/wp-content\/uploads\/2016\/12\/251-31-Compact-80.jpg","datePublished":"2016-12-19T16:23:07+00:00","dateModified":"2018-07-17T13:26:04+00:00","description":"Kompakts Schlusselkasten bis 124 schlussel von Autotag UK, die experte in die Automobillindustrie","breadcrumb":{"@id":"https:\/\/www.autotag-online.com\/de\/produkt\/compact-80-plus-sicherheitsschlusselschrank-mit-chef-schlussel\/#breadcrumb"},"inLanguage":"de","potentialAction":[{"@type":"ReadAction","target":["https:\/\/www.autotag-online.com\/de\/produkt\/compact-80-plus-sicherheitsschlusselschrank-mit-chef-schlussel\/"]}]},{"@type":"ImageObject","inLanguage":"de","@id":"https:\/\/www.autotag-online.com\/de\/produkt\/compact-80-plus-sicherheitsschlusselschrank-mit-chef-schlussel\/#primaryimage","url":"https:\/\/www.autotag-online.com\/wp-content\/uploads\/2016\/12\/251-31-Compact-80.jpg","contentUrl":"https:\/\/www.autotag-online.com\/wp-content\/uploads\/2016\/12\/251-31-Compact-80.jpg","width":510,"height":408},{"@type":"BreadcrumbList","@id":"https:\/\/www.autotag-online.com\/de\/produkt\/compact-80-plus-sicherheitsschlusselschrank-mit-chef-schlussel\/#breadcrumb","itemListElement":[{"@type":"ListItem","position":1,"name":"Home","item":"https:\/\/www.autotag-online.com\/de\/"},{"@type":"ListItem","position":2,"name":"Alle Katagorien","item":"https:\/\/www.autotag-online.com\/de\/shop-de\/"},{"@type":"ListItem","position":3,"name":"Sicherheitsschl\u00fcsselschrank","item":"https:\/\/www.autotag-online.com\/de\/produkt-kategorie\/sicherheitsschlusselschrank\/"},{"@type":"ListItem","position":4,"name":"Compact 80 Plus- Sicherheitsschl\u00fcsselschrank &#8211; mit Chef-Schl\u00fcssel"}]},{"@type":"WebSite","@id":"https:\/\/www.autotag-online.com\/de\/#website","url":"https:\/\/www.autotag-online.com\/de\/","name":"Autotag","description":"Spezialisierte Gro\u00dfhandel und kaufwaren lieferant von Schl\u00fcsselanh\u00e4nger und zubeh\u00f6r vor die Autohandel","publisher":{"@id":"https:\/\/www.autotag-online.com\/de\/#organization"},"potentialAction":[{"@type":"SearchAction","target":{"@type":"EntryPoint","urlTemplate":"https:\/\/www.autotag-online.com\/de\/?s={search_term_string}"},"query-input":{"@type":"PropertyValueSpecification","valueRequired":true,"valueName":"search_term_string"}}],"inLanguage":"de"},{"@type":"Organization","@id":"https:\/\/www.autotag-online.com\/de\/#organization","name":"Autotag","url":"https:\/\/www.autotag-online.com\/de\/","logo":{"@type":"ImageObject","inLanguage":"de","@id":"https:\/\/www.autotag-online.com\/de\/#\/schema\/logo\/image\/","url":"https:\/\/www.autotag-online.com\/wp-content\/uploads\/2016\/11\/cropped-logo-2.png","contentUrl":"https:\/\/www.autotag-online.com\/wp-content\/uploads\/2016\/11\/cropped-logo-2.png","width":628,"height":110,"caption":"Autotag"},"image":{"@id":"https:\/\/www.autotag-online.com\/de\/#\/schema\/logo\/image\/"}}]}},"_links":{"self":[{"href":"https:\/\/www.autotag-online.com\/de\/wp-json\/wp\/v2\/product\/21805","targetHints":{"allow":["GET"]}}],"collection":[{"href":"https:\/\/www.autotag-online.com\/de\/wp-json\/wp\/v2\/product"}],"about":[{"href":"https:\/\/www.autotag-online.com\/de\/wp-json\/wp\/v2\/types\/product"}],"replies":[{"embeddable":true,"href":"https:\/\/www.autotag-online.com\/de\/wp-json\/wp\/v2\/comments?post=21805"}],"wp:featuredmedia":[{"embeddable":true,"href":"https:\/\/www.autotag-online.com\/de\/wp-json\/wp\/v2\/media\/2923"}],"wp:attachment":[{"href":"https:\/\/www.autotag-online.com\/de\/wp-json\/wp\/v2\/media?parent=21805"}],"wp:term":[{"taxonomy":"product_brand","embeddable":true,"href":"https:\/\/www.autotag-online.com\/de\/wp-json\/wp\/v2\/product_brand?post=21805"},{"taxonomy":"product_cat","embeddable":true,"href":"https:\/\/www.autotag-online.com\/de\/wp-json\/wp\/v2\/product_cat?post=21805"},{"taxonomy":"product_tag","embeddable":true,"href":"https:\/\/www.autotag-online.com\/de\/wp-json\/wp\/v2\/product_tag?post=21805"}],"curies":[{"name":"wp","href":"https:\/\/api.w.org\/{rel}","templated":true}]}}