{"id":21723,"date":"2016-12-19T17:42:22","date_gmt":"2016-12-19T17:42:22","guid":{"rendered":"https:\/\/www.autotag.co.uk\/product\/mittlere-strecke-100-plus-sicherheitsschlusselschrank-mit-chef-schlussel\/"},"modified":"2018-07-17T14:27:30","modified_gmt":"2018-07-17T13:27:30","slug":"mittlere-strecke-100-plus-sicherheitsschlusselschrank-mit-chef-schlussel","status":"publish","type":"product","link":"https:\/\/www.autotag-online.com\/de\/produkt\/mittlere-strecke-100-plus-sicherheitsschlusselschrank-mit-chef-schlussel\/","title":{"rendered":"Mittlere Strecke 100 Plus Sicherheitsschl\u00fcsselschrank &#8211; mit Chef-Schl\u00fcssel"},"content":{"rendered":"<p>Unsere Bestseller Schrank bleibt gleich extern.<\/p>\n<p>Noch aus hochwerigem 1,5 MM Stahl- und mit dem gleichen zuverl\u00e4ssigen Zahlenschloss gefertigt.<\/p>\n<p>Intern wurde die Schrank komplett neu gestalter, jetzt in der Lage bus zur 10 unserer verstllbare Schienen beinhalten das ist eine Erh\u00f6hong der maximalen Kapazit\u00e4t von 67 auf einem fantastischen 105 Mk I \/ II Schl\u00fcsselanh\u00e4nger oder 155 Werkstatt-Anh\u00e4nger.<br \/>\nErh\u00f6hte Schl\u00fcssel Kapazit\u00e4t f\u00fcr ein fantastische preis.<\/p>\n<p>Flexible und strukturierte Ablage f\u00fcr bis zu 155 Schl\u00fcssel.<\/p>\n<p>Kapazit\u00e4t: 105 Mk I \/ II, oder 155Werkstatt Anh\u00e4nger.<\/p>\n<p>Mechanische Kombinationsschloss mit Chef Schlussel.<br \/>\nGepr\u00fcfte Sicherheit mit einem bew\u00e4hrten Schrankdesign.<br \/>\nNeue flexible Haken Schienensystem.<br \/>\nErh\u00f6hung der Schl\u00fcssel Kapazit\u00e4t ohne zus\u00e4tzliche Kosten.<br \/>\nHat ein, Kapazit\u00e4t f\u00fcr 105 MKI, MKII oder 155 Werkstatt -Anh\u00e4nger,<br \/>\nSchnelle und einfache Kapazit\u00e4tsanpassungen.<br \/>\nOptional 5 und 8 Systemanh\u00e4nger Dispensers.<\/p>\n<p>Lackiert mit metallic Siber.<\/p>\n<p>Ma\u00dfe:<br \/>\nH: 720 mm<br \/>\nB: 430 mm<br \/>\nT: 200 mm<\/p>\n","protected":false},"excerpt":{"rendered":"<p>Mittlere Strecke 100 Plus Sicherheitsschl\u00fcsselschrank &#8211; mit Chef-Schl\u00fcssel<\/p>\n<p>&nbsp;<\/p>\n<p>Gratis:<\/p>\n","protected":false},"featured_media":2915,"comment_status":"closed","ping_status":"closed","template":"","meta":{"_acf_changed":false},"product_brand":[],"product_cat":[254],"product_tag":[],"class_list":{"0":"post-21723","1":"product","2":"type-product","3":"status-publish","4":"has-post-thumbnail","6":"product_cat-sicherheitsschlusselschrank","8":"first","9":"instock","10":"taxable","11":"shipping-taxable","12":"purchasable","13":"product-type-simple"},"exclude_global_add_ons":false,"addons":[],"acf":[],"yoast_head":"<!-- This site is optimized with the Yoast SEO plugin v27.2 - https:\/\/yoast.com\/product\/yoast-seo-wordpress\/ -->\n<title>Schlusselkasten mit flexible kapazit\u00e4t f\u00fcr \u00fcber 100 schlussleanh\u00e4nger. Autotag UK<\/title>\n<meta name=\"description\" content=\"Schlusselkasten mit eine kapazit\u00e4t von 105 schlusselanh\u00e4nger oder 155 werkstattanh\u00e4nger. Mittlere Strecke 100 Plus Sicherheitsschl\u00fcsselschrank - mit Chef-Schl\u00fcssel\" \/>\n<meta name=\"robots\" content=\"index, follow, max-snippet:-1, max-image-preview:large, max-video-preview:-1\" \/>\n<link rel=\"canonical\" href=\"https:\/\/www.autotag-online.com\/de\/produkt\/mittlere-strecke-100-plus-sicherheitsschlusselschrank-mit-chef-schlussel\/\" \/>\n<meta property=\"og:locale\" content=\"de_DE\" \/>\n<meta property=\"og:type\" content=\"article\" \/>\n<meta property=\"og:title\" content=\"Schlusselkasten mit flexible kapazit\u00e4t f\u00fcr \u00fcber 100 schlussleanh\u00e4nger. Autotag UK\" \/>\n<meta property=\"og:description\" content=\"Schlusselkasten mit eine kapazit\u00e4t von 105 schlusselanh\u00e4nger oder 155 werkstattanh\u00e4nger. Mittlere Strecke 100 Plus Sicherheitsschl\u00fcsselschrank - mit Chef-Schl\u00fcssel\" \/>\n<meta property=\"og:url\" content=\"https:\/\/www.autotag-online.com\/de\/produkt\/mittlere-strecke-100-plus-sicherheitsschlusselschrank-mit-chef-schlussel\/\" \/>\n<meta property=\"og:site_name\" content=\"Autotag\" \/>\n<meta property=\"article:modified_time\" content=\"2018-07-17T13:27:30+00:00\" \/>\n<meta property=\"og:image\" content=\"https:\/\/www.autotag-online.com\/wp-content\/uploads\/2016\/12\/252-31-Executive-100.jpg\" \/>\n\t<meta property=\"og:image:width\" content=\"510\" \/>\n\t<meta property=\"og:image:height\" content=\"408\" \/>\n\t<meta property=\"og:image:type\" content=\"image\/jpeg\" \/>\n<meta name=\"twitter:card\" content=\"summary_large_image\" \/>\n<meta name=\"twitter:label1\" content=\"Gesch\u00e4tzte Lesezeit\" \/>\n\t<meta name=\"twitter:data1\" content=\"1\u00a0Minute\" \/>\n<script type=\"application\/ld+json\" class=\"yoast-schema-graph\">{\"@context\":\"https:\/\/schema.org\",\"@graph\":[{\"@type\":\"WebPage\",\"@id\":\"https:\/\/www.autotag-online.com\/de\/produkt\/mittlere-strecke-100-plus-sicherheitsschlusselschrank-mit-chef-schlussel\/\",\"url\":\"https:\/\/www.autotag-online.com\/de\/produkt\/mittlere-strecke-100-plus-sicherheitsschlusselschrank-mit-chef-schlussel\/\",\"name\":\"Schlusselkasten mit flexible kapazit\u00e4t f\u00fcr \u00fcber 100 schlussleanh\u00e4nger. Autotag UK\",\"isPartOf\":{\"@id\":\"https:\/\/www.autotag-online.com\/de\/#website\"},\"primaryImageOfPage\":{\"@id\":\"https:\/\/www.autotag-online.com\/de\/produkt\/mittlere-strecke-100-plus-sicherheitsschlusselschrank-mit-chef-schlussel\/#primaryimage\"},\"image\":{\"@id\":\"https:\/\/www.autotag-online.com\/de\/produkt\/mittlere-strecke-100-plus-sicherheitsschlusselschrank-mit-chef-schlussel\/#primaryimage\"},\"thumbnailUrl\":\"https:\/\/www.autotag-online.com\/wp-content\/uploads\/2016\/12\/252-31-Executive-100.jpg\",\"datePublished\":\"2016-12-19T17:42:22+00:00\",\"dateModified\":\"2018-07-17T13:27:30+00:00\",\"description\":\"Schlusselkasten mit eine kapazit\u00e4t von 105 schlusselanh\u00e4nger oder 155 werkstattanh\u00e4nger. Mittlere Strecke 100 Plus Sicherheitsschl\u00fcsselschrank - mit Chef-Schl\u00fcssel\",\"breadcrumb\":{\"@id\":\"https:\/\/www.autotag-online.com\/de\/produkt\/mittlere-strecke-100-plus-sicherheitsschlusselschrank-mit-chef-schlussel\/#breadcrumb\"},\"inLanguage\":\"de\",\"potentialAction\":[{\"@type\":\"ReadAction\",\"target\":[\"https:\/\/www.autotag-online.com\/de\/produkt\/mittlere-strecke-100-plus-sicherheitsschlusselschrank-mit-chef-schlussel\/\"]}]},{\"@type\":\"ImageObject\",\"inLanguage\":\"de\",\"@id\":\"https:\/\/www.autotag-online.com\/de\/produkt\/mittlere-strecke-100-plus-sicherheitsschlusselschrank-mit-chef-schlussel\/#primaryimage\",\"url\":\"https:\/\/www.autotag-online.com\/wp-content\/uploads\/2016\/12\/252-31-Executive-100.jpg\",\"contentUrl\":\"https:\/\/www.autotag-online.com\/wp-content\/uploads\/2016\/12\/252-31-Executive-100.jpg\",\"width\":510,\"height\":408},{\"@type\":\"BreadcrumbList\",\"@id\":\"https:\/\/www.autotag-online.com\/de\/produkt\/mittlere-strecke-100-plus-sicherheitsschlusselschrank-mit-chef-schlussel\/#breadcrumb\",\"itemListElement\":[{\"@type\":\"ListItem\",\"position\":1,\"name\":\"Home\",\"item\":\"https:\/\/www.autotag-online.com\/de\/\"},{\"@type\":\"ListItem\",\"position\":2,\"name\":\"Alle Katagorien\",\"item\":\"https:\/\/www.autotag-online.com\/de\/shop-de\/\"},{\"@type\":\"ListItem\",\"position\":3,\"name\":\"Sicherheitsschl\u00fcsselschrank\",\"item\":\"https:\/\/www.autotag-online.com\/de\/produkt-kategorie\/sicherheitsschlusselschrank\/\"},{\"@type\":\"ListItem\",\"position\":4,\"name\":\"Mittlere Strecke 100 Plus Sicherheitsschl\u00fcsselschrank &#8211; mit Chef-Schl\u00fcssel\"}]},{\"@type\":\"WebSite\",\"@id\":\"https:\/\/www.autotag-online.com\/de\/#website\",\"url\":\"https:\/\/www.autotag-online.com\/de\/\",\"name\":\"Autotag\",\"description\":\"Spezialisierte Gro\u00dfhandel und kaufwaren lieferant von Schl\u00fcsselanh\u00e4nger und zubeh\u00f6r vor die Autohandel\",\"publisher\":{\"@id\":\"https:\/\/www.autotag-online.com\/de\/#organization\"},\"potentialAction\":[{\"@type\":\"SearchAction\",\"target\":{\"@type\":\"EntryPoint\",\"urlTemplate\":\"https:\/\/www.autotag-online.com\/de\/?s={search_term_string}\"},\"query-input\":{\"@type\":\"PropertyValueSpecification\",\"valueRequired\":true,\"valueName\":\"search_term_string\"}}],\"inLanguage\":\"de\"},{\"@type\":\"Organization\",\"@id\":\"https:\/\/www.autotag-online.com\/de\/#organization\",\"name\":\"Autotag\",\"url\":\"https:\/\/www.autotag-online.com\/de\/\",\"logo\":{\"@type\":\"ImageObject\",\"inLanguage\":\"de\",\"@id\":\"https:\/\/www.autotag-online.com\/de\/#\/schema\/logo\/image\/\",\"url\":\"https:\/\/www.autotag-online.com\/wp-content\/uploads\/2016\/11\/cropped-logo-2.png\",\"contentUrl\":\"https:\/\/www.autotag-online.com\/wp-content\/uploads\/2016\/11\/cropped-logo-2.png\",\"width\":628,\"height\":110,\"caption\":\"Autotag\"},\"image\":{\"@id\":\"https:\/\/www.autotag-online.com\/de\/#\/schema\/logo\/image\/\"}}]}<\/script>\n<!-- \/ Yoast SEO plugin. -->","yoast_head_json":{"title":"Schlusselkasten mit flexible kapazit\u00e4t f\u00fcr \u00fcber 100 schlussleanh\u00e4nger. Autotag UK","description":"Schlusselkasten mit eine kapazit\u00e4t von 105 schlusselanh\u00e4nger oder 155 werkstattanh\u00e4nger. Mittlere Strecke 100 Plus Sicherheitsschl\u00fcsselschrank - mit Chef-Schl\u00fcssel","robots":{"index":"index","follow":"follow","max-snippet":"max-snippet:-1","max-image-preview":"max-image-preview:large","max-video-preview":"max-video-preview:-1"},"canonical":"https:\/\/www.autotag-online.com\/de\/produkt\/mittlere-strecke-100-plus-sicherheitsschlusselschrank-mit-chef-schlussel\/","og_locale":"de_DE","og_type":"article","og_title":"Schlusselkasten mit flexible kapazit\u00e4t f\u00fcr \u00fcber 100 schlussleanh\u00e4nger. Autotag UK","og_description":"Schlusselkasten mit eine kapazit\u00e4t von 105 schlusselanh\u00e4nger oder 155 werkstattanh\u00e4nger. Mittlere Strecke 100 Plus Sicherheitsschl\u00fcsselschrank - mit Chef-Schl\u00fcssel","og_url":"https:\/\/www.autotag-online.com\/de\/produkt\/mittlere-strecke-100-plus-sicherheitsschlusselschrank-mit-chef-schlussel\/","og_site_name":"Autotag","article_modified_time":"2018-07-17T13:27:30+00:00","og_image":[{"width":510,"height":408,"url":"https:\/\/www.autotag-online.com\/wp-content\/uploads\/2016\/12\/252-31-Executive-100.jpg","type":"image\/jpeg"}],"twitter_card":"summary_large_image","twitter_misc":{"Gesch\u00e4tzte Lesezeit":"1\u00a0Minute"},"schema":{"@context":"https:\/\/schema.org","@graph":[{"@type":"WebPage","@id":"https:\/\/www.autotag-online.com\/de\/produkt\/mittlere-strecke-100-plus-sicherheitsschlusselschrank-mit-chef-schlussel\/","url":"https:\/\/www.autotag-online.com\/de\/produkt\/mittlere-strecke-100-plus-sicherheitsschlusselschrank-mit-chef-schlussel\/","name":"Schlusselkasten mit flexible kapazit\u00e4t f\u00fcr \u00fcber 100 schlussleanh\u00e4nger. Autotag UK","isPartOf":{"@id":"https:\/\/www.autotag-online.com\/de\/#website"},"primaryImageOfPage":{"@id":"https:\/\/www.autotag-online.com\/de\/produkt\/mittlere-strecke-100-plus-sicherheitsschlusselschrank-mit-chef-schlussel\/#primaryimage"},"image":{"@id":"https:\/\/www.autotag-online.com\/de\/produkt\/mittlere-strecke-100-plus-sicherheitsschlusselschrank-mit-chef-schlussel\/#primaryimage"},"thumbnailUrl":"https:\/\/www.autotag-online.com\/wp-content\/uploads\/2016\/12\/252-31-Executive-100.jpg","datePublished":"2016-12-19T17:42:22+00:00","dateModified":"2018-07-17T13:27:30+00:00","description":"Schlusselkasten mit eine kapazit\u00e4t von 105 schlusselanh\u00e4nger oder 155 werkstattanh\u00e4nger. Mittlere Strecke 100 Plus Sicherheitsschl\u00fcsselschrank - mit Chef-Schl\u00fcssel","breadcrumb":{"@id":"https:\/\/www.autotag-online.com\/de\/produkt\/mittlere-strecke-100-plus-sicherheitsschlusselschrank-mit-chef-schlussel\/#breadcrumb"},"inLanguage":"de","potentialAction":[{"@type":"ReadAction","target":["https:\/\/www.autotag-online.com\/de\/produkt\/mittlere-strecke-100-plus-sicherheitsschlusselschrank-mit-chef-schlussel\/"]}]},{"@type":"ImageObject","inLanguage":"de","@id":"https:\/\/www.autotag-online.com\/de\/produkt\/mittlere-strecke-100-plus-sicherheitsschlusselschrank-mit-chef-schlussel\/#primaryimage","url":"https:\/\/www.autotag-online.com\/wp-content\/uploads\/2016\/12\/252-31-Executive-100.jpg","contentUrl":"https:\/\/www.autotag-online.com\/wp-content\/uploads\/2016\/12\/252-31-Executive-100.jpg","width":510,"height":408},{"@type":"BreadcrumbList","@id":"https:\/\/www.autotag-online.com\/de\/produkt\/mittlere-strecke-100-plus-sicherheitsschlusselschrank-mit-chef-schlussel\/#breadcrumb","itemListElement":[{"@type":"ListItem","position":1,"name":"Home","item":"https:\/\/www.autotag-online.com\/de\/"},{"@type":"ListItem","position":2,"name":"Alle Katagorien","item":"https:\/\/www.autotag-online.com\/de\/shop-de\/"},{"@type":"ListItem","position":3,"name":"Sicherheitsschl\u00fcsselschrank","item":"https:\/\/www.autotag-online.com\/de\/produkt-kategorie\/sicherheitsschlusselschrank\/"},{"@type":"ListItem","position":4,"name":"Mittlere Strecke 100 Plus Sicherheitsschl\u00fcsselschrank &#8211; mit Chef-Schl\u00fcssel"}]},{"@type":"WebSite","@id":"https:\/\/www.autotag-online.com\/de\/#website","url":"https:\/\/www.autotag-online.com\/de\/","name":"Autotag","description":"Spezialisierte Gro\u00dfhandel und kaufwaren lieferant von Schl\u00fcsselanh\u00e4nger und zubeh\u00f6r vor die Autohandel","publisher":{"@id":"https:\/\/www.autotag-online.com\/de\/#organization"},"potentialAction":[{"@type":"SearchAction","target":{"@type":"EntryPoint","urlTemplate":"https:\/\/www.autotag-online.com\/de\/?s={search_term_string}"},"query-input":{"@type":"PropertyValueSpecification","valueRequired":true,"valueName":"search_term_string"}}],"inLanguage":"de"},{"@type":"Organization","@id":"https:\/\/www.autotag-online.com\/de\/#organization","name":"Autotag","url":"https:\/\/www.autotag-online.com\/de\/","logo":{"@type":"ImageObject","inLanguage":"de","@id":"https:\/\/www.autotag-online.com\/de\/#\/schema\/logo\/image\/","url":"https:\/\/www.autotag-online.com\/wp-content\/uploads\/2016\/11\/cropped-logo-2.png","contentUrl":"https:\/\/www.autotag-online.com\/wp-content\/uploads\/2016\/11\/cropped-logo-2.png","width":628,"height":110,"caption":"Autotag"},"image":{"@id":"https:\/\/www.autotag-online.com\/de\/#\/schema\/logo\/image\/"}}]}},"_links":{"self":[{"href":"https:\/\/www.autotag-online.com\/de\/wp-json\/wp\/v2\/product\/21723","targetHints":{"allow":["GET"]}}],"collection":[{"href":"https:\/\/www.autotag-online.com\/de\/wp-json\/wp\/v2\/product"}],"about":[{"href":"https:\/\/www.autotag-online.com\/de\/wp-json\/wp\/v2\/types\/product"}],"replies":[{"embeddable":true,"href":"https:\/\/www.autotag-online.com\/de\/wp-json\/wp\/v2\/comments?post=21723"}],"wp:featuredmedia":[{"embeddable":true,"href":"https:\/\/www.autotag-online.com\/de\/wp-json\/wp\/v2\/media\/2915"}],"wp:attachment":[{"href":"https:\/\/www.autotag-online.com\/de\/wp-json\/wp\/v2\/media?parent=21723"}],"wp:term":[{"taxonomy":"product_brand","embeddable":true,"href":"https:\/\/www.autotag-online.com\/de\/wp-json\/wp\/v2\/product_brand?post=21723"},{"taxonomy":"product_cat","embeddable":true,"href":"https:\/\/www.autotag-online.com\/de\/wp-json\/wp\/v2\/product_cat?post=21723"},{"taxonomy":"product_tag","embeddable":true,"href":"https:\/\/www.autotag-online.com\/de\/wp-json\/wp\/v2\/product_tag?post=21723"}],"curies":[{"name":"wp","href":"https:\/\/api.w.org\/{rel}","templated":true}]}}