{"id":21682,"date":"2016-12-19T17:52:06","date_gmt":"2016-12-19T17:52:06","guid":{"rendered":"https:\/\/www.autotag.co.uk\/product\/executive-200-plus-sicherheitsschlusselschrank\/"},"modified":"2018-07-17T14:28:12","modified_gmt":"2018-07-17T13:28:12","slug":"executive-200-plus-sicherheitsschlusselschrank","status":"publish","type":"product","link":"https:\/\/www.autotag-online.com\/de\/produkt\/executive-200-plus-sicherheitsschlusselschrank\/","title":{"rendered":"Executive-200 Plus Sicherheitsschl\u00fcsselschrank"},"content":{"rendered":"<p>Das verbesserte Design und die Kapazit\u00e4t dieser Schrank weiterhin auf dem bew\u00e4hrten Design der Exekutiv 147 basiert.<\/p>\n<p>Immer noch aus hochwertigem 1,5 MM Stahl und mit dem gleichen zuverl\u00e4ssigen Zahlenschloss gefertigt.<\/p>\n<p>Mit der neuen Schienensystem dieser Schrank hat er eine Gesamtschl\u00fcsselspeicher von bis zu 205 Mk I \/ II Schl\u00fcsselanh\u00e4nger oder 255 Werkstatt-Anh\u00e4nger.<\/p>\n<p>Flexible und strukturierte Ablage f\u00fcr bis zu 255 Schl\u00fcssel.<\/p>\n<p>Kapazit\u00e4t: 205 Mk I \/ II, oder 255Werkstatt Anh\u00e4nger.<\/p>\n<p>Mechanische Kombinationsschloss.<br \/>\nGepr\u00fcfte Sicherheit mit einem bew\u00e4hrten Schrankdesign.<br \/>\nNeue flexible Haken Schienensystem.<br \/>\nErh\u00f6hung der Schl\u00fcssel Kapazit\u00e4t ohne zus\u00e4tzliche Kosten.<br \/>\nHat ein, Kapazit\u00e4t f\u00fcr 205 MKI, MKII oder 255 Werkstatt -Anh\u00e4nger,<br \/>\nSchnelle und einfache Kapazit\u00e4tsanpassungen.<br \/>\nOptional 5 und 8 Systemanh\u00e4nger Dispensers.<\/p>\n<p>Lackiert mit metallic Siber.<\/p>\n<p>Ma\u00dfe:<br \/>\nH: 720 mm<br \/>\nB: 430 mm<br \/>\nT: 200 mm<\/p>\n","protected":false},"excerpt":{"rendered":"<p>Executive-200 Plus Sicherheitsschl\u00fcsselschrank<\/p>\n<p>Gratis:<\/p>\n","protected":false},"featured_media":2911,"comment_status":"closed","ping_status":"closed","template":"","meta":{"_acf_changed":false},"product_brand":[],"product_cat":[254],"product_tag":[],"class_list":{"0":"post-21682","1":"product","2":"type-product","3":"status-publish","4":"has-post-thumbnail","6":"product_cat-sicherheitsschlusselschrank","8":"first","9":"instock","10":"taxable","11":"shipping-taxable","12":"purchasable","13":"product-type-simple"},"exclude_global_add_ons":false,"addons":[],"acf":[],"yoast_head":"<!-- This site is optimized with the Yoast SEO plugin v27.2 - https:\/\/yoast.com\/product\/yoast-seo-wordpress\/ -->\n<title>Gr\u00f6\u00dfe schicherheit schl\u00fcssel schrank f\u00fcr mehr dann 200 schl\u00fcssel anh\u00e4nger. Autotag UK - die lieferant vonn schl\u00fcssel schr\u00e4nke<\/title>\n<meta name=\"description\" content=\"Sicherheit Schl\u00fcsselschrank mit ein kapazit\u00e4t vonn mehr dann 200 schl\u00fcssel anh\u00e4nger. Mit ein mechanisch combination loch. Gr\u00f6\u00dfe schl\u00fcssel schr\u00e4nke f\u00fcr den automobill industrie.\" \/>\n<meta name=\"robots\" content=\"index, follow, max-snippet:-1, max-image-preview:large, max-video-preview:-1\" \/>\n<link rel=\"canonical\" href=\"https:\/\/www.autotag-online.com\/de\/produkt\/executive-200-plus-sicherheitsschlusselschrank\/\" \/>\n<meta property=\"og:locale\" content=\"de_DE\" \/>\n<meta property=\"og:type\" content=\"article\" \/>\n<meta property=\"og:title\" content=\"Gr\u00f6\u00dfe schicherheit schl\u00fcssel schrank f\u00fcr mehr dann 200 schl\u00fcssel anh\u00e4nger. Autotag UK - die lieferant vonn schl\u00fcssel schr\u00e4nke\" \/>\n<meta property=\"og:description\" content=\"Sicherheit Schl\u00fcsselschrank mit ein kapazit\u00e4t vonn mehr dann 200 schl\u00fcssel anh\u00e4nger. Mit ein mechanisch combination loch. Gr\u00f6\u00dfe schl\u00fcssel schr\u00e4nke f\u00fcr den automobill industrie.\" \/>\n<meta property=\"og:url\" content=\"https:\/\/www.autotag-online.com\/de\/produkt\/executive-200-plus-sicherheitsschlusselschrank\/\" \/>\n<meta property=\"og:site_name\" content=\"Autotag\" \/>\n<meta property=\"article:modified_time\" content=\"2018-07-17T13:28:12+00:00\" \/>\n<meta property=\"og:image\" content=\"https:\/\/www.autotag-online.com\/wp-content\/uploads\/2016\/12\/253-31-Executive-200.jpg\" \/>\n\t<meta property=\"og:image:width\" content=\"510\" \/>\n\t<meta property=\"og:image:height\" content=\"408\" \/>\n\t<meta property=\"og:image:type\" content=\"image\/jpeg\" \/>\n<meta name=\"twitter:card\" content=\"summary_large_image\" \/>\n<meta name=\"twitter:label1\" content=\"Gesch\u00e4tzte Lesezeit\" \/>\n\t<meta name=\"twitter:data1\" content=\"1\u00a0Minute\" \/>\n<script type=\"application\/ld+json\" class=\"yoast-schema-graph\">{\"@context\":\"https:\/\/schema.org\",\"@graph\":[{\"@type\":\"WebPage\",\"@id\":\"https:\/\/www.autotag-online.com\/de\/produkt\/executive-200-plus-sicherheitsschlusselschrank\/\",\"url\":\"https:\/\/www.autotag-online.com\/de\/produkt\/executive-200-plus-sicherheitsschlusselschrank\/\",\"name\":\"Gr\u00f6\u00dfe schicherheit schl\u00fcssel schrank f\u00fcr mehr dann 200 schl\u00fcssel anh\u00e4nger. Autotag UK - die lieferant vonn schl\u00fcssel schr\u00e4nke\",\"isPartOf\":{\"@id\":\"https:\/\/www.autotag-online.com\/de\/#website\"},\"primaryImageOfPage\":{\"@id\":\"https:\/\/www.autotag-online.com\/de\/produkt\/executive-200-plus-sicherheitsschlusselschrank\/#primaryimage\"},\"image\":{\"@id\":\"https:\/\/www.autotag-online.com\/de\/produkt\/executive-200-plus-sicherheitsschlusselschrank\/#primaryimage\"},\"thumbnailUrl\":\"https:\/\/www.autotag-online.com\/wp-content\/uploads\/2016\/12\/253-31-Executive-200.jpg\",\"datePublished\":\"2016-12-19T17:52:06+00:00\",\"dateModified\":\"2018-07-17T13:28:12+00:00\",\"description\":\"Sicherheit Schl\u00fcsselschrank mit ein kapazit\u00e4t vonn mehr dann 200 schl\u00fcssel anh\u00e4nger. Mit ein mechanisch combination loch. Gr\u00f6\u00dfe schl\u00fcssel schr\u00e4nke f\u00fcr den automobill industrie.\",\"breadcrumb\":{\"@id\":\"https:\/\/www.autotag-online.com\/de\/produkt\/executive-200-plus-sicherheitsschlusselschrank\/#breadcrumb\"},\"inLanguage\":\"de\",\"potentialAction\":[{\"@type\":\"ReadAction\",\"target\":[\"https:\/\/www.autotag-online.com\/de\/produkt\/executive-200-plus-sicherheitsschlusselschrank\/\"]}]},{\"@type\":\"ImageObject\",\"inLanguage\":\"de\",\"@id\":\"https:\/\/www.autotag-online.com\/de\/produkt\/executive-200-plus-sicherheitsschlusselschrank\/#primaryimage\",\"url\":\"https:\/\/www.autotag-online.com\/wp-content\/uploads\/2016\/12\/253-31-Executive-200.jpg\",\"contentUrl\":\"https:\/\/www.autotag-online.com\/wp-content\/uploads\/2016\/12\/253-31-Executive-200.jpg\",\"width\":510,\"height\":408},{\"@type\":\"BreadcrumbList\",\"@id\":\"https:\/\/www.autotag-online.com\/de\/produkt\/executive-200-plus-sicherheitsschlusselschrank\/#breadcrumb\",\"itemListElement\":[{\"@type\":\"ListItem\",\"position\":1,\"name\":\"Home\",\"item\":\"https:\/\/www.autotag-online.com\/de\/\"},{\"@type\":\"ListItem\",\"position\":2,\"name\":\"Alle Katagorien\",\"item\":\"https:\/\/www.autotag-online.com\/de\/shop-de\/\"},{\"@type\":\"ListItem\",\"position\":3,\"name\":\"Sicherheitsschl\u00fcsselschrank\",\"item\":\"https:\/\/www.autotag-online.com\/de\/produkt-kategorie\/sicherheitsschlusselschrank\/\"},{\"@type\":\"ListItem\",\"position\":4,\"name\":\"Executive-200 Plus Sicherheitsschl\u00fcsselschrank\"}]},{\"@type\":\"WebSite\",\"@id\":\"https:\/\/www.autotag-online.com\/de\/#website\",\"url\":\"https:\/\/www.autotag-online.com\/de\/\",\"name\":\"Autotag\",\"description\":\"Spezialisierte Gro\u00dfhandel und kaufwaren lieferant von Schl\u00fcsselanh\u00e4nger und zubeh\u00f6r vor die Autohandel\",\"publisher\":{\"@id\":\"https:\/\/www.autotag-online.com\/de\/#organization\"},\"potentialAction\":[{\"@type\":\"SearchAction\",\"target\":{\"@type\":\"EntryPoint\",\"urlTemplate\":\"https:\/\/www.autotag-online.com\/de\/?s={search_term_string}\"},\"query-input\":{\"@type\":\"PropertyValueSpecification\",\"valueRequired\":true,\"valueName\":\"search_term_string\"}}],\"inLanguage\":\"de\"},{\"@type\":\"Organization\",\"@id\":\"https:\/\/www.autotag-online.com\/de\/#organization\",\"name\":\"Autotag\",\"url\":\"https:\/\/www.autotag-online.com\/de\/\",\"logo\":{\"@type\":\"ImageObject\",\"inLanguage\":\"de\",\"@id\":\"https:\/\/www.autotag-online.com\/de\/#\/schema\/logo\/image\/\",\"url\":\"https:\/\/www.autotag-online.com\/wp-content\/uploads\/2016\/11\/cropped-logo-2.png\",\"contentUrl\":\"https:\/\/www.autotag-online.com\/wp-content\/uploads\/2016\/11\/cropped-logo-2.png\",\"width\":628,\"height\":110,\"caption\":\"Autotag\"},\"image\":{\"@id\":\"https:\/\/www.autotag-online.com\/de\/#\/schema\/logo\/image\/\"}}]}<\/script>\n<!-- \/ Yoast SEO plugin. -->","yoast_head_json":{"title":"Gr\u00f6\u00dfe schicherheit schl\u00fcssel schrank f\u00fcr mehr dann 200 schl\u00fcssel anh\u00e4nger. Autotag UK - die lieferant vonn schl\u00fcssel schr\u00e4nke","description":"Sicherheit Schl\u00fcsselschrank mit ein kapazit\u00e4t vonn mehr dann 200 schl\u00fcssel anh\u00e4nger. Mit ein mechanisch combination loch. Gr\u00f6\u00dfe schl\u00fcssel schr\u00e4nke f\u00fcr den automobill industrie.","robots":{"index":"index","follow":"follow","max-snippet":"max-snippet:-1","max-image-preview":"max-image-preview:large","max-video-preview":"max-video-preview:-1"},"canonical":"https:\/\/www.autotag-online.com\/de\/produkt\/executive-200-plus-sicherheitsschlusselschrank\/","og_locale":"de_DE","og_type":"article","og_title":"Gr\u00f6\u00dfe schicherheit schl\u00fcssel schrank f\u00fcr mehr dann 200 schl\u00fcssel anh\u00e4nger. Autotag UK - die lieferant vonn schl\u00fcssel schr\u00e4nke","og_description":"Sicherheit Schl\u00fcsselschrank mit ein kapazit\u00e4t vonn mehr dann 200 schl\u00fcssel anh\u00e4nger. Mit ein mechanisch combination loch. Gr\u00f6\u00dfe schl\u00fcssel schr\u00e4nke f\u00fcr den automobill industrie.","og_url":"https:\/\/www.autotag-online.com\/de\/produkt\/executive-200-plus-sicherheitsschlusselschrank\/","og_site_name":"Autotag","article_modified_time":"2018-07-17T13:28:12+00:00","og_image":[{"width":510,"height":408,"url":"https:\/\/www.autotag-online.com\/wp-content\/uploads\/2016\/12\/253-31-Executive-200.jpg","type":"image\/jpeg"}],"twitter_card":"summary_large_image","twitter_misc":{"Gesch\u00e4tzte Lesezeit":"1\u00a0Minute"},"schema":{"@context":"https:\/\/schema.org","@graph":[{"@type":"WebPage","@id":"https:\/\/www.autotag-online.com\/de\/produkt\/executive-200-plus-sicherheitsschlusselschrank\/","url":"https:\/\/www.autotag-online.com\/de\/produkt\/executive-200-plus-sicherheitsschlusselschrank\/","name":"Gr\u00f6\u00dfe schicherheit schl\u00fcssel schrank f\u00fcr mehr dann 200 schl\u00fcssel anh\u00e4nger. Autotag UK - die lieferant vonn schl\u00fcssel schr\u00e4nke","isPartOf":{"@id":"https:\/\/www.autotag-online.com\/de\/#website"},"primaryImageOfPage":{"@id":"https:\/\/www.autotag-online.com\/de\/produkt\/executive-200-plus-sicherheitsschlusselschrank\/#primaryimage"},"image":{"@id":"https:\/\/www.autotag-online.com\/de\/produkt\/executive-200-plus-sicherheitsschlusselschrank\/#primaryimage"},"thumbnailUrl":"https:\/\/www.autotag-online.com\/wp-content\/uploads\/2016\/12\/253-31-Executive-200.jpg","datePublished":"2016-12-19T17:52:06+00:00","dateModified":"2018-07-17T13:28:12+00:00","description":"Sicherheit Schl\u00fcsselschrank mit ein kapazit\u00e4t vonn mehr dann 200 schl\u00fcssel anh\u00e4nger. Mit ein mechanisch combination loch. Gr\u00f6\u00dfe schl\u00fcssel schr\u00e4nke f\u00fcr den automobill industrie.","breadcrumb":{"@id":"https:\/\/www.autotag-online.com\/de\/produkt\/executive-200-plus-sicherheitsschlusselschrank\/#breadcrumb"},"inLanguage":"de","potentialAction":[{"@type":"ReadAction","target":["https:\/\/www.autotag-online.com\/de\/produkt\/executive-200-plus-sicherheitsschlusselschrank\/"]}]},{"@type":"ImageObject","inLanguage":"de","@id":"https:\/\/www.autotag-online.com\/de\/produkt\/executive-200-plus-sicherheitsschlusselschrank\/#primaryimage","url":"https:\/\/www.autotag-online.com\/wp-content\/uploads\/2016\/12\/253-31-Executive-200.jpg","contentUrl":"https:\/\/www.autotag-online.com\/wp-content\/uploads\/2016\/12\/253-31-Executive-200.jpg","width":510,"height":408},{"@type":"BreadcrumbList","@id":"https:\/\/www.autotag-online.com\/de\/produkt\/executive-200-plus-sicherheitsschlusselschrank\/#breadcrumb","itemListElement":[{"@type":"ListItem","position":1,"name":"Home","item":"https:\/\/www.autotag-online.com\/de\/"},{"@type":"ListItem","position":2,"name":"Alle Katagorien","item":"https:\/\/www.autotag-online.com\/de\/shop-de\/"},{"@type":"ListItem","position":3,"name":"Sicherheitsschl\u00fcsselschrank","item":"https:\/\/www.autotag-online.com\/de\/produkt-kategorie\/sicherheitsschlusselschrank\/"},{"@type":"ListItem","position":4,"name":"Executive-200 Plus Sicherheitsschl\u00fcsselschrank"}]},{"@type":"WebSite","@id":"https:\/\/www.autotag-online.com\/de\/#website","url":"https:\/\/www.autotag-online.com\/de\/","name":"Autotag","description":"Spezialisierte Gro\u00dfhandel und kaufwaren lieferant von Schl\u00fcsselanh\u00e4nger und zubeh\u00f6r vor die Autohandel","publisher":{"@id":"https:\/\/www.autotag-online.com\/de\/#organization"},"potentialAction":[{"@type":"SearchAction","target":{"@type":"EntryPoint","urlTemplate":"https:\/\/www.autotag-online.com\/de\/?s={search_term_string}"},"query-input":{"@type":"PropertyValueSpecification","valueRequired":true,"valueName":"search_term_string"}}],"inLanguage":"de"},{"@type":"Organization","@id":"https:\/\/www.autotag-online.com\/de\/#organization","name":"Autotag","url":"https:\/\/www.autotag-online.com\/de\/","logo":{"@type":"ImageObject","inLanguage":"de","@id":"https:\/\/www.autotag-online.com\/de\/#\/schema\/logo\/image\/","url":"https:\/\/www.autotag-online.com\/wp-content\/uploads\/2016\/11\/cropped-logo-2.png","contentUrl":"https:\/\/www.autotag-online.com\/wp-content\/uploads\/2016\/11\/cropped-logo-2.png","width":628,"height":110,"caption":"Autotag"},"image":{"@id":"https:\/\/www.autotag-online.com\/de\/#\/schema\/logo\/image\/"}}]}},"_links":{"self":[{"href":"https:\/\/www.autotag-online.com\/de\/wp-json\/wp\/v2\/product\/21682","targetHints":{"allow":["GET"]}}],"collection":[{"href":"https:\/\/www.autotag-online.com\/de\/wp-json\/wp\/v2\/product"}],"about":[{"href":"https:\/\/www.autotag-online.com\/de\/wp-json\/wp\/v2\/types\/product"}],"replies":[{"embeddable":true,"href":"https:\/\/www.autotag-online.com\/de\/wp-json\/wp\/v2\/comments?post=21682"}],"wp:featuredmedia":[{"embeddable":true,"href":"https:\/\/www.autotag-online.com\/de\/wp-json\/wp\/v2\/media\/2911"}],"wp:attachment":[{"href":"https:\/\/www.autotag-online.com\/de\/wp-json\/wp\/v2\/media?parent=21682"}],"wp:term":[{"taxonomy":"product_brand","embeddable":true,"href":"https:\/\/www.autotag-online.com\/de\/wp-json\/wp\/v2\/product_brand?post=21682"},{"taxonomy":"product_cat","embeddable":true,"href":"https:\/\/www.autotag-online.com\/de\/wp-json\/wp\/v2\/product_cat?post=21682"},{"taxonomy":"product_tag","embeddable":true,"href":"https:\/\/www.autotag-online.com\/de\/wp-json\/wp\/v2\/product_tag?post=21682"}],"curies":[{"name":"wp","href":"https:\/\/api.w.org\/{rel}","templated":true}]}}