{"id":21626,"date":"2017-02-08T11:49:40","date_gmt":"2017-02-08T11:49:40","guid":{"rendered":"https:\/\/www.autotag.co.uk\/product\/werkstattplaner-2-mitarbeiter-vertical\/"},"modified":"2018-07-24T09:44:13","modified_gmt":"2018-07-24T08:44:13","slug":"werkstattplaner-2-mitarbeiter-vertical","status":"publish","type":"product","link":"https:\/\/www.autotag-online.com\/de\/produkt\/werkstattplaner-2-mitarbeiter-vertical\/","title":{"rendered":"Werkstattplaner &#8211; 2 Mitarbeiter  (vertical)"},"content":{"rendered":"<p>Unsere Werkstatt Planer macht es moglich um die mitarbeiter ein zu planen, und die arbeit der noch getan werden mu\u00df.<\/p>\n<p>Die Reihenfolge, in der sie durchgef\u00fchrt werden soll \u00a0durch die Techniker.<\/p>\n<p>Mit Hilfe der Auftragtasche (separat erh\u00e4ltlich) haben Sie alle notwendigen Fahrzeugpapiere bei der hand.<\/p>\n<p>Die Werkstattplaner besteht aus abwaschbarem kunststoff und bietet eine hohe sichtbarkeit f\u00fcr alle aufgaben.<\/p>\n<p>Hergestellt in Gro\u00dfbritannien mit robusten Materialen mit PVC-Oberfl\u00e4che.<\/p>\n<p>MA\u00df:<\/p>\n<p><strong><u>2 workers (2 vertical rows)<\/u><br \/>\nW: 525 mm<br \/>\nH: 1575mm<br \/>\nD: 75 mm<br \/>\n<\/strong><\/p>\n","protected":false},"excerpt":{"rendered":"<p>Unsere Werkstatt Planer macht es moglich um die mitarbeiter ein zu planen, und die arbeit der noch getan werden mu\u00df. Die Reihenfolge, in der sie durchgef\u00fchrt werden soll \u00a0durch die Techniker. Mit Hilfe der Auftragtasche (separat erh\u00e4ltlich) haben Sie alle notwendigen Fahrzeugpapiere bei der hand. Die Werkstattplaner besteht aus abwaschbarem kunststoff und bietet eine hohe [&hellip;]<\/p>\n","protected":false},"featured_media":2367,"comment_status":"closed","ping_status":"closed","template":"","meta":{"_acf_changed":false},"product_brand":[],"product_cat":[288],"product_tag":[],"class_list":{"0":"post-21626","1":"product","2":"type-product","3":"status-publish","4":"has-post-thumbnail","6":"product_cat-werkstatt","8":"first","9":"instock","10":"taxable","11":"shipping-taxable","12":"purchasable","13":"product-type-simple"},"exclude_global_add_ons":[],"addons":[],"acf":[],"yoast_head":"<!-- This site is optimized with the Yoast SEO plugin v27.2 - https:\/\/yoast.com\/product\/yoast-seo-wordpress\/ -->\n<title>Werkstattplaner - 2 Mitarbeiter (vertical) -. Autotag, motor trade merchandising specialists<\/title>\n<meta name=\"description\" content=\"Werkstattplaner - 2 Mitarbeiter (vertical) -. Autotag \u2013 originally founded in 1986, is focussed on supplying key tags &amp; management systems, point of sale materials and workshop systems to the motor trade.\" \/>\n<meta name=\"robots\" content=\"index, follow, max-snippet:-1, max-image-preview:large, max-video-preview:-1\" \/>\n<link rel=\"canonical\" href=\"https:\/\/www.autotag-online.com\/de\/produkt\/werkstattplaner-2-mitarbeiter-vertical\/\" \/>\n<meta property=\"og:locale\" content=\"de_DE\" \/>\n<meta property=\"og:type\" content=\"article\" \/>\n<meta property=\"og:title\" content=\"Werkstattplaner - 2 Mitarbeiter (vertical) -. Autotag, motor trade merchandising specialists\" \/>\n<meta property=\"og:description\" content=\"Werkstattplaner - 2 Mitarbeiter (vertical) -. Autotag \u2013 originally founded in 1986, is focussed on supplying key tags &amp; management systems, point of sale materials and workshop systems to the motor trade.\" \/>\n<meta property=\"og:url\" content=\"https:\/\/www.autotag-online.com\/de\/produkt\/werkstattplaner-2-mitarbeiter-vertical\/\" \/>\n<meta property=\"og:site_name\" content=\"Autotag\" \/>\n<meta property=\"article:modified_time\" content=\"2018-07-24T08:44:13+00:00\" \/>\n<meta property=\"og:image\" content=\"https:\/\/www.autotag-online.com\/wp-content\/uploads\/2017\/02\/450-00-01-WSPB-2-person-vertical.jpg\" \/>\n\t<meta property=\"og:image:width\" content=\"510\" \/>\n\t<meta property=\"og:image:height\" content=\"770\" \/>\n\t<meta property=\"og:image:type\" content=\"image\/jpeg\" \/>\n<meta name=\"twitter:card\" content=\"summary_large_image\" \/>\n<script type=\"application\/ld+json\" class=\"yoast-schema-graph\">{\"@context\":\"https:\/\/schema.org\",\"@graph\":[{\"@type\":\"WebPage\",\"@id\":\"https:\/\/www.autotag-online.com\/de\/produkt\/werkstattplaner-2-mitarbeiter-vertical\/\",\"url\":\"https:\/\/www.autotag-online.com\/de\/produkt\/werkstattplaner-2-mitarbeiter-vertical\/\",\"name\":\"Werkstattplaner - 2 Mitarbeiter (vertical) -. Autotag, motor trade merchandising specialists\",\"isPartOf\":{\"@id\":\"https:\/\/www.autotag-online.com\/de\/#website\"},\"primaryImageOfPage\":{\"@id\":\"https:\/\/www.autotag-online.com\/de\/produkt\/werkstattplaner-2-mitarbeiter-vertical\/#primaryimage\"},\"image\":{\"@id\":\"https:\/\/www.autotag-online.com\/de\/produkt\/werkstattplaner-2-mitarbeiter-vertical\/#primaryimage\"},\"thumbnailUrl\":\"https:\/\/www.autotag-online.com\/wp-content\/uploads\/2017\/02\/450-00-01-WSPB-2-person-vertical.jpg\",\"datePublished\":\"2017-02-08T11:49:40+00:00\",\"dateModified\":\"2018-07-24T08:44:13+00:00\",\"description\":\"Werkstattplaner - 2 Mitarbeiter (vertical) -. Autotag \u2013 originally founded in 1986, is focussed on supplying key tags & management systems, point of sale materials and workshop systems to the motor trade.\",\"breadcrumb\":{\"@id\":\"https:\/\/www.autotag-online.com\/de\/produkt\/werkstattplaner-2-mitarbeiter-vertical\/#breadcrumb\"},\"inLanguage\":\"de\",\"potentialAction\":[{\"@type\":\"ReadAction\",\"target\":[\"https:\/\/www.autotag-online.com\/de\/produkt\/werkstattplaner-2-mitarbeiter-vertical\/\"]}]},{\"@type\":\"ImageObject\",\"inLanguage\":\"de\",\"@id\":\"https:\/\/www.autotag-online.com\/de\/produkt\/werkstattplaner-2-mitarbeiter-vertical\/#primaryimage\",\"url\":\"https:\/\/www.autotag-online.com\/wp-content\/uploads\/2017\/02\/450-00-01-WSPB-2-person-vertical.jpg\",\"contentUrl\":\"https:\/\/www.autotag-online.com\/wp-content\/uploads\/2017\/02\/450-00-01-WSPB-2-person-vertical.jpg\",\"width\":510,\"height\":770},{\"@type\":\"BreadcrumbList\",\"@id\":\"https:\/\/www.autotag-online.com\/de\/produkt\/werkstattplaner-2-mitarbeiter-vertical\/#breadcrumb\",\"itemListElement\":[{\"@type\":\"ListItem\",\"position\":1,\"name\":\"Home\",\"item\":\"https:\/\/www.autotag-online.com\/de\/\"},{\"@type\":\"ListItem\",\"position\":2,\"name\":\"Alle Katagorien\",\"item\":\"https:\/\/www.autotag-online.com\/de\/shop-de\/\"},{\"@type\":\"ListItem\",\"position\":3,\"name\":\"Werkstatt\",\"item\":\"https:\/\/www.autotag-online.com\/de\/produkt-kategorie\/geen-onderdeel-van-een-categorie\/werkstatt\/\"},{\"@type\":\"ListItem\",\"position\":4,\"name\":\"Werkstattplaner &#8211; 2 Mitarbeiter (vertical)\"}]},{\"@type\":\"WebSite\",\"@id\":\"https:\/\/www.autotag-online.com\/de\/#website\",\"url\":\"https:\/\/www.autotag-online.com\/de\/\",\"name\":\"Autotag\",\"description\":\"Spezialisierte Gro\u00dfhandel und kaufwaren lieferant von Schl\u00fcsselanh\u00e4nger und zubeh\u00f6r vor die Autohandel\",\"publisher\":{\"@id\":\"https:\/\/www.autotag-online.com\/de\/#organization\"},\"potentialAction\":[{\"@type\":\"SearchAction\",\"target\":{\"@type\":\"EntryPoint\",\"urlTemplate\":\"https:\/\/www.autotag-online.com\/de\/?s={search_term_string}\"},\"query-input\":{\"@type\":\"PropertyValueSpecification\",\"valueRequired\":true,\"valueName\":\"search_term_string\"}}],\"inLanguage\":\"de\"},{\"@type\":\"Organization\",\"@id\":\"https:\/\/www.autotag-online.com\/de\/#organization\",\"name\":\"Autotag\",\"url\":\"https:\/\/www.autotag-online.com\/de\/\",\"logo\":{\"@type\":\"ImageObject\",\"inLanguage\":\"de\",\"@id\":\"https:\/\/www.autotag-online.com\/de\/#\/schema\/logo\/image\/\",\"url\":\"https:\/\/www.autotag-online.com\/wp-content\/uploads\/2016\/11\/cropped-logo-2.png\",\"contentUrl\":\"https:\/\/www.autotag-online.com\/wp-content\/uploads\/2016\/11\/cropped-logo-2.png\",\"width\":628,\"height\":110,\"caption\":\"Autotag\"},\"image\":{\"@id\":\"https:\/\/www.autotag-online.com\/de\/#\/schema\/logo\/image\/\"}}]}<\/script>\n<!-- \/ Yoast SEO plugin. -->","yoast_head_json":{"title":"Werkstattplaner - 2 Mitarbeiter (vertical) -. Autotag, motor trade merchandising specialists","description":"Werkstattplaner - 2 Mitarbeiter (vertical) -. Autotag \u2013 originally founded in 1986, is focussed on supplying key tags & management systems, point of sale materials and workshop systems to the motor trade.","robots":{"index":"index","follow":"follow","max-snippet":"max-snippet:-1","max-image-preview":"max-image-preview:large","max-video-preview":"max-video-preview:-1"},"canonical":"https:\/\/www.autotag-online.com\/de\/produkt\/werkstattplaner-2-mitarbeiter-vertical\/","og_locale":"de_DE","og_type":"article","og_title":"Werkstattplaner - 2 Mitarbeiter (vertical) -. Autotag, motor trade merchandising specialists","og_description":"Werkstattplaner - 2 Mitarbeiter (vertical) -. Autotag \u2013 originally founded in 1986, is focussed on supplying key tags & management systems, point of sale materials and workshop systems to the motor trade.","og_url":"https:\/\/www.autotag-online.com\/de\/produkt\/werkstattplaner-2-mitarbeiter-vertical\/","og_site_name":"Autotag","article_modified_time":"2018-07-24T08:44:13+00:00","og_image":[{"width":510,"height":770,"url":"https:\/\/www.autotag-online.com\/wp-content\/uploads\/2017\/02\/450-00-01-WSPB-2-person-vertical.jpg","type":"image\/jpeg"}],"twitter_card":"summary_large_image","schema":{"@context":"https:\/\/schema.org","@graph":[{"@type":"WebPage","@id":"https:\/\/www.autotag-online.com\/de\/produkt\/werkstattplaner-2-mitarbeiter-vertical\/","url":"https:\/\/www.autotag-online.com\/de\/produkt\/werkstattplaner-2-mitarbeiter-vertical\/","name":"Werkstattplaner - 2 Mitarbeiter (vertical) -. Autotag, motor trade merchandising specialists","isPartOf":{"@id":"https:\/\/www.autotag-online.com\/de\/#website"},"primaryImageOfPage":{"@id":"https:\/\/www.autotag-online.com\/de\/produkt\/werkstattplaner-2-mitarbeiter-vertical\/#primaryimage"},"image":{"@id":"https:\/\/www.autotag-online.com\/de\/produkt\/werkstattplaner-2-mitarbeiter-vertical\/#primaryimage"},"thumbnailUrl":"https:\/\/www.autotag-online.com\/wp-content\/uploads\/2017\/02\/450-00-01-WSPB-2-person-vertical.jpg","datePublished":"2017-02-08T11:49:40+00:00","dateModified":"2018-07-24T08:44:13+00:00","description":"Werkstattplaner - 2 Mitarbeiter (vertical) -. Autotag \u2013 originally founded in 1986, is focussed on supplying key tags & management systems, point of sale materials and workshop systems to the motor trade.","breadcrumb":{"@id":"https:\/\/www.autotag-online.com\/de\/produkt\/werkstattplaner-2-mitarbeiter-vertical\/#breadcrumb"},"inLanguage":"de","potentialAction":[{"@type":"ReadAction","target":["https:\/\/www.autotag-online.com\/de\/produkt\/werkstattplaner-2-mitarbeiter-vertical\/"]}]},{"@type":"ImageObject","inLanguage":"de","@id":"https:\/\/www.autotag-online.com\/de\/produkt\/werkstattplaner-2-mitarbeiter-vertical\/#primaryimage","url":"https:\/\/www.autotag-online.com\/wp-content\/uploads\/2017\/02\/450-00-01-WSPB-2-person-vertical.jpg","contentUrl":"https:\/\/www.autotag-online.com\/wp-content\/uploads\/2017\/02\/450-00-01-WSPB-2-person-vertical.jpg","width":510,"height":770},{"@type":"BreadcrumbList","@id":"https:\/\/www.autotag-online.com\/de\/produkt\/werkstattplaner-2-mitarbeiter-vertical\/#breadcrumb","itemListElement":[{"@type":"ListItem","position":1,"name":"Home","item":"https:\/\/www.autotag-online.com\/de\/"},{"@type":"ListItem","position":2,"name":"Alle Katagorien","item":"https:\/\/www.autotag-online.com\/de\/shop-de\/"},{"@type":"ListItem","position":3,"name":"Werkstatt","item":"https:\/\/www.autotag-online.com\/de\/produkt-kategorie\/geen-onderdeel-van-een-categorie\/werkstatt\/"},{"@type":"ListItem","position":4,"name":"Werkstattplaner &#8211; 2 Mitarbeiter (vertical)"}]},{"@type":"WebSite","@id":"https:\/\/www.autotag-online.com\/de\/#website","url":"https:\/\/www.autotag-online.com\/de\/","name":"Autotag","description":"Spezialisierte Gro\u00dfhandel und kaufwaren lieferant von Schl\u00fcsselanh\u00e4nger und zubeh\u00f6r vor die Autohandel","publisher":{"@id":"https:\/\/www.autotag-online.com\/de\/#organization"},"potentialAction":[{"@type":"SearchAction","target":{"@type":"EntryPoint","urlTemplate":"https:\/\/www.autotag-online.com\/de\/?s={search_term_string}"},"query-input":{"@type":"PropertyValueSpecification","valueRequired":true,"valueName":"search_term_string"}}],"inLanguage":"de"},{"@type":"Organization","@id":"https:\/\/www.autotag-online.com\/de\/#organization","name":"Autotag","url":"https:\/\/www.autotag-online.com\/de\/","logo":{"@type":"ImageObject","inLanguage":"de","@id":"https:\/\/www.autotag-online.com\/de\/#\/schema\/logo\/image\/","url":"https:\/\/www.autotag-online.com\/wp-content\/uploads\/2016\/11\/cropped-logo-2.png","contentUrl":"https:\/\/www.autotag-online.com\/wp-content\/uploads\/2016\/11\/cropped-logo-2.png","width":628,"height":110,"caption":"Autotag"},"image":{"@id":"https:\/\/www.autotag-online.com\/de\/#\/schema\/logo\/image\/"}}]}},"_links":{"self":[{"href":"https:\/\/www.autotag-online.com\/de\/wp-json\/wp\/v2\/product\/21626","targetHints":{"allow":["GET"]}}],"collection":[{"href":"https:\/\/www.autotag-online.com\/de\/wp-json\/wp\/v2\/product"}],"about":[{"href":"https:\/\/www.autotag-online.com\/de\/wp-json\/wp\/v2\/types\/product"}],"replies":[{"embeddable":true,"href":"https:\/\/www.autotag-online.com\/de\/wp-json\/wp\/v2\/comments?post=21626"}],"wp:featuredmedia":[{"embeddable":true,"href":"https:\/\/www.autotag-online.com\/de\/wp-json\/wp\/v2\/media\/2367"}],"wp:attachment":[{"href":"https:\/\/www.autotag-online.com\/de\/wp-json\/wp\/v2\/media?parent=21626"}],"wp:term":[{"taxonomy":"product_brand","embeddable":true,"href":"https:\/\/www.autotag-online.com\/de\/wp-json\/wp\/v2\/product_brand?post=21626"},{"taxonomy":"product_cat","embeddable":true,"href":"https:\/\/www.autotag-online.com\/de\/wp-json\/wp\/v2\/product_cat?post=21626"},{"taxonomy":"product_tag","embeddable":true,"href":"https:\/\/www.autotag-online.com\/de\/wp-json\/wp\/v2\/product_tag?post=21626"}],"curies":[{"name":"wp","href":"https:\/\/api.w.org\/{rel}","templated":true}]}}