{"id":21615,"date":"2017-02-08T14:19:16","date_gmt":"2017-02-08T14:19:16","guid":{"rendered":"https:\/\/www.autotag.co.uk\/product\/auftragstasche-plus-din-a4\/"},"modified":"2023-02-16T11:29:26","modified_gmt":"2023-02-16T11:29:26","slug":"auftragstasche-plus-din-a4","status":"publish","type":"product","link":"https:\/\/www.autotag-online.com\/de\/produkt\/auftragstasche-plus-din-a4\/","title":{"rendered":"Auftragstasche Plus- DIN A4"},"content":{"rendered":"<p>Wie unsere andere auftragstasche ist diese auch von hohe Qualit\u00e4t.<\/p>\n<p>F\u00fcr noch mehr Platz!<\/p>\n<p>In Funktion und Beschaffenheit wie die Auftragstasche Klassik.<\/p>\n<p>Das Plus entsteht durch die gro\u00dfe Dehnfalte der Klarsichtfolie, die eine zus\u00e4tzliche Unterbringung von Bordb\u00fcchern und Serviceheften erlaubt.<\/p>\n<p>So sind alle Arbeitspapiere an einem Ort aufbewahrt.<\/p>\n<p>In 4 Farben erh\u00e4ltlich.<\/p>\n<p>&nbsp;<\/p>\n","protected":false},"excerpt":{"rendered":"<p>Wie unsere andere auftragstasche ist diese auch von hohe Qualit\u00e4t. F\u00fcr noch mehr Platz! In Funktion und Beschaffenheit wie die Auftragstasche Klassik. Das Plus entsteht durch die gro\u00dfe Dehnfalte der Klarsichtfolie, die eine zus\u00e4tzliche Unterbringung von Bordb\u00fcchern und Serviceheften erlaubt. So sind alle Arbeitspapiere an einem Ort aufbewahrt. In 4 Farben erh\u00e4ltlich. &nbsp;<\/p>\n","protected":false},"featured_media":2405,"comment_status":"closed","ping_status":"closed","template":"","meta":{"_acf_changed":false},"product_brand":[],"product_cat":[288,454],"product_tag":[],"class_list":{"0":"post-21615","1":"product","2":"type-product","3":"status-publish","4":"has-post-thumbnail","6":"product_cat-werkstatt","7":"product_cat-zubehoer-fuer-werkstattplaner","9":"first","10":"instock","11":"taxable","12":"shipping-taxable","13":"purchasable","14":"product-type-variable"},"exclude_global_add_ons":[],"addons":[],"acf":[],"yoast_head":"<!-- This site is optimized with the Yoast SEO plugin v27.2 - https:\/\/yoast.com\/product\/yoast-seo-wordpress\/ -->\n<title>Auftragstasche Plus- DIN A4 -. Autotag, motor trade merchandising specialists<\/title>\n<meta name=\"description\" content=\"Auftragstasche Plus- DIN A4 -. Autotag \u2013 originally founded in 1986, is focussed on supplying key tags &amp; management systems, point of sale materials and workshop systems to the motor trade.\" \/>\n<meta name=\"robots\" content=\"index, follow, max-snippet:-1, max-image-preview:large, max-video-preview:-1\" \/>\n<link rel=\"canonical\" href=\"https:\/\/www.autotag-online.com\/de\/produkt\/auftragstasche-plus-din-a4\/\" \/>\n<meta property=\"og:locale\" content=\"de_DE\" \/>\n<meta property=\"og:type\" content=\"article\" \/>\n<meta property=\"og:title\" content=\"Auftragstasche Plus- DIN A4 -. Autotag, motor trade merchandising specialists\" \/>\n<meta property=\"og:description\" content=\"Auftragstasche Plus- DIN A4 -. Autotag \u2013 originally founded in 1986, is focussed on supplying key tags &amp; management systems, point of sale materials and workshop systems to the motor trade.\" \/>\n<meta property=\"og:url\" content=\"https:\/\/www.autotag-online.com\/de\/produkt\/auftragstasche-plus-din-a4\/\" \/>\n<meta property=\"og:site_name\" content=\"Autotag\" \/>\n<meta property=\"article:modified_time\" content=\"2023-02-16T11:29:26+00:00\" \/>\n<meta property=\"og:image\" content=\"https:\/\/www.autotag-online.com\/wp-content\/uploads\/2017\/02\/464-00-A4-Job-Sheet-Covers-heavy-duty-fan-close-up.1.jpg\" \/>\n\t<meta property=\"og:image:width\" content=\"510\" \/>\n\t<meta property=\"og:image:height\" content=\"338\" \/>\n\t<meta property=\"og:image:type\" content=\"image\/jpeg\" \/>\n<meta name=\"twitter:card\" content=\"summary_large_image\" \/>\n<meta name=\"twitter:label1\" content=\"Gesch\u00e4tzte Lesezeit\" \/>\n\t<meta name=\"twitter:data1\" content=\"1\u00a0Minute\" \/>\n<script type=\"application\/ld+json\" class=\"yoast-schema-graph\">{\"@context\":\"https:\/\/schema.org\",\"@graph\":[{\"@type\":\"WebPage\",\"@id\":\"https:\/\/www.autotag-online.com\/de\/produkt\/auftragstasche-plus-din-a4\/\",\"url\":\"https:\/\/www.autotag-online.com\/de\/produkt\/auftragstasche-plus-din-a4\/\",\"name\":\"Auftragstasche Plus- DIN A4 -. Autotag, motor trade merchandising specialists\",\"isPartOf\":{\"@id\":\"https:\/\/www.autotag-online.com\/de\/#website\"},\"primaryImageOfPage\":{\"@id\":\"https:\/\/www.autotag-online.com\/de\/produkt\/auftragstasche-plus-din-a4\/#primaryimage\"},\"image\":{\"@id\":\"https:\/\/www.autotag-online.com\/de\/produkt\/auftragstasche-plus-din-a4\/#primaryimage\"},\"thumbnailUrl\":\"https:\/\/www.autotag-online.com\/wp-content\/uploads\/2017\/02\/464-00-A4-Job-Sheet-Covers-heavy-duty-fan-close-up.1.jpg\",\"datePublished\":\"2017-02-08T14:19:16+00:00\",\"dateModified\":\"2023-02-16T11:29:26+00:00\",\"description\":\"Auftragstasche Plus- DIN A4 -. Autotag \u2013 originally founded in 1986, is focussed on supplying key tags & management systems, point of sale materials and workshop systems to the motor trade.\",\"breadcrumb\":{\"@id\":\"https:\/\/www.autotag-online.com\/de\/produkt\/auftragstasche-plus-din-a4\/#breadcrumb\"},\"inLanguage\":\"de\",\"potentialAction\":[{\"@type\":\"ReadAction\",\"target\":[\"https:\/\/www.autotag-online.com\/de\/produkt\/auftragstasche-plus-din-a4\/\"]}]},{\"@type\":\"ImageObject\",\"inLanguage\":\"de\",\"@id\":\"https:\/\/www.autotag-online.com\/de\/produkt\/auftragstasche-plus-din-a4\/#primaryimage\",\"url\":\"https:\/\/www.autotag-online.com\/wp-content\/uploads\/2017\/02\/464-00-A4-Job-Sheet-Covers-heavy-duty-fan-close-up.1.jpg\",\"contentUrl\":\"https:\/\/www.autotag-online.com\/wp-content\/uploads\/2017\/02\/464-00-A4-Job-Sheet-Covers-heavy-duty-fan-close-up.1.jpg\",\"width\":510,\"height\":338},{\"@type\":\"BreadcrumbList\",\"@id\":\"https:\/\/www.autotag-online.com\/de\/produkt\/auftragstasche-plus-din-a4\/#breadcrumb\",\"itemListElement\":[{\"@type\":\"ListItem\",\"position\":1,\"name\":\"Home\",\"item\":\"https:\/\/www.autotag-online.com\/de\/\"},{\"@type\":\"ListItem\",\"position\":2,\"name\":\"Alle Katagorien\",\"item\":\"https:\/\/www.autotag-online.com\/de\/shop-de\/\"},{\"@type\":\"ListItem\",\"position\":3,\"name\":\"Werkstatt\",\"item\":\"https:\/\/www.autotag-online.com\/de\/produkt-kategorie\/geen-onderdeel-van-een-categorie\/werkstatt\/\"},{\"@type\":\"ListItem\",\"position\":4,\"name\":\"Zubeh\u00f6r f\u00fcr Werkstattplaner\",\"item\":\"https:\/\/www.autotag-online.com\/de\/produkt-kategorie\/geen-onderdeel-van-een-categorie\/werkstatt\/zubehoer-fuer-werkstattplaner\/\"},{\"@type\":\"ListItem\",\"position\":5,\"name\":\"Auftragstasche Plus- DIN A4\"}]},{\"@type\":\"WebSite\",\"@id\":\"https:\/\/www.autotag-online.com\/de\/#website\",\"url\":\"https:\/\/www.autotag-online.com\/de\/\",\"name\":\"Autotag\",\"description\":\"Spezialisierte Gro\u00dfhandel und kaufwaren lieferant von Schl\u00fcsselanh\u00e4nger und zubeh\u00f6r vor die Autohandel\",\"publisher\":{\"@id\":\"https:\/\/www.autotag-online.com\/de\/#organization\"},\"potentialAction\":[{\"@type\":\"SearchAction\",\"target\":{\"@type\":\"EntryPoint\",\"urlTemplate\":\"https:\/\/www.autotag-online.com\/de\/?s={search_term_string}\"},\"query-input\":{\"@type\":\"PropertyValueSpecification\",\"valueRequired\":true,\"valueName\":\"search_term_string\"}}],\"inLanguage\":\"de\"},{\"@type\":\"Organization\",\"@id\":\"https:\/\/www.autotag-online.com\/de\/#organization\",\"name\":\"Autotag\",\"url\":\"https:\/\/www.autotag-online.com\/de\/\",\"logo\":{\"@type\":\"ImageObject\",\"inLanguage\":\"de\",\"@id\":\"https:\/\/www.autotag-online.com\/de\/#\/schema\/logo\/image\/\",\"url\":\"https:\/\/www.autotag-online.com\/wp-content\/uploads\/2016\/11\/cropped-logo-2.png\",\"contentUrl\":\"https:\/\/www.autotag-online.com\/wp-content\/uploads\/2016\/11\/cropped-logo-2.png\",\"width\":628,\"height\":110,\"caption\":\"Autotag\"},\"image\":{\"@id\":\"https:\/\/www.autotag-online.com\/de\/#\/schema\/logo\/image\/\"}}]}<\/script>\n<!-- \/ Yoast SEO plugin. -->","yoast_head_json":{"title":"Auftragstasche Plus- DIN A4 -. Autotag, motor trade merchandising specialists","description":"Auftragstasche Plus- DIN A4 -. Autotag \u2013 originally founded in 1986, is focussed on supplying key tags & management systems, point of sale materials and workshop systems to the motor trade.","robots":{"index":"index","follow":"follow","max-snippet":"max-snippet:-1","max-image-preview":"max-image-preview:large","max-video-preview":"max-video-preview:-1"},"canonical":"https:\/\/www.autotag-online.com\/de\/produkt\/auftragstasche-plus-din-a4\/","og_locale":"de_DE","og_type":"article","og_title":"Auftragstasche Plus- DIN A4 -. Autotag, motor trade merchandising specialists","og_description":"Auftragstasche Plus- DIN A4 -. Autotag \u2013 originally founded in 1986, is focussed on supplying key tags & management systems, point of sale materials and workshop systems to the motor trade.","og_url":"https:\/\/www.autotag-online.com\/de\/produkt\/auftragstasche-plus-din-a4\/","og_site_name":"Autotag","article_modified_time":"2023-02-16T11:29:26+00:00","og_image":[{"width":510,"height":338,"url":"https:\/\/www.autotag-online.com\/wp-content\/uploads\/2017\/02\/464-00-A4-Job-Sheet-Covers-heavy-duty-fan-close-up.1.jpg","type":"image\/jpeg"}],"twitter_card":"summary_large_image","twitter_misc":{"Gesch\u00e4tzte Lesezeit":"1\u00a0Minute"},"schema":{"@context":"https:\/\/schema.org","@graph":[{"@type":"WebPage","@id":"https:\/\/www.autotag-online.com\/de\/produkt\/auftragstasche-plus-din-a4\/","url":"https:\/\/www.autotag-online.com\/de\/produkt\/auftragstasche-plus-din-a4\/","name":"Auftragstasche Plus- DIN A4 -. Autotag, motor trade merchandising specialists","isPartOf":{"@id":"https:\/\/www.autotag-online.com\/de\/#website"},"primaryImageOfPage":{"@id":"https:\/\/www.autotag-online.com\/de\/produkt\/auftragstasche-plus-din-a4\/#primaryimage"},"image":{"@id":"https:\/\/www.autotag-online.com\/de\/produkt\/auftragstasche-plus-din-a4\/#primaryimage"},"thumbnailUrl":"https:\/\/www.autotag-online.com\/wp-content\/uploads\/2017\/02\/464-00-A4-Job-Sheet-Covers-heavy-duty-fan-close-up.1.jpg","datePublished":"2017-02-08T14:19:16+00:00","dateModified":"2023-02-16T11:29:26+00:00","description":"Auftragstasche Plus- DIN A4 -. Autotag \u2013 originally founded in 1986, is focussed on supplying key tags & management systems, point of sale materials and workshop systems to the motor trade.","breadcrumb":{"@id":"https:\/\/www.autotag-online.com\/de\/produkt\/auftragstasche-plus-din-a4\/#breadcrumb"},"inLanguage":"de","potentialAction":[{"@type":"ReadAction","target":["https:\/\/www.autotag-online.com\/de\/produkt\/auftragstasche-plus-din-a4\/"]}]},{"@type":"ImageObject","inLanguage":"de","@id":"https:\/\/www.autotag-online.com\/de\/produkt\/auftragstasche-plus-din-a4\/#primaryimage","url":"https:\/\/www.autotag-online.com\/wp-content\/uploads\/2017\/02\/464-00-A4-Job-Sheet-Covers-heavy-duty-fan-close-up.1.jpg","contentUrl":"https:\/\/www.autotag-online.com\/wp-content\/uploads\/2017\/02\/464-00-A4-Job-Sheet-Covers-heavy-duty-fan-close-up.1.jpg","width":510,"height":338},{"@type":"BreadcrumbList","@id":"https:\/\/www.autotag-online.com\/de\/produkt\/auftragstasche-plus-din-a4\/#breadcrumb","itemListElement":[{"@type":"ListItem","position":1,"name":"Home","item":"https:\/\/www.autotag-online.com\/de\/"},{"@type":"ListItem","position":2,"name":"Alle Katagorien","item":"https:\/\/www.autotag-online.com\/de\/shop-de\/"},{"@type":"ListItem","position":3,"name":"Werkstatt","item":"https:\/\/www.autotag-online.com\/de\/produkt-kategorie\/geen-onderdeel-van-een-categorie\/werkstatt\/"},{"@type":"ListItem","position":4,"name":"Zubeh\u00f6r f\u00fcr Werkstattplaner","item":"https:\/\/www.autotag-online.com\/de\/produkt-kategorie\/geen-onderdeel-van-een-categorie\/werkstatt\/zubehoer-fuer-werkstattplaner\/"},{"@type":"ListItem","position":5,"name":"Auftragstasche Plus- DIN A4"}]},{"@type":"WebSite","@id":"https:\/\/www.autotag-online.com\/de\/#website","url":"https:\/\/www.autotag-online.com\/de\/","name":"Autotag","description":"Spezialisierte Gro\u00dfhandel und kaufwaren lieferant von Schl\u00fcsselanh\u00e4nger und zubeh\u00f6r vor die Autohandel","publisher":{"@id":"https:\/\/www.autotag-online.com\/de\/#organization"},"potentialAction":[{"@type":"SearchAction","target":{"@type":"EntryPoint","urlTemplate":"https:\/\/www.autotag-online.com\/de\/?s={search_term_string}"},"query-input":{"@type":"PropertyValueSpecification","valueRequired":true,"valueName":"search_term_string"}}],"inLanguage":"de"},{"@type":"Organization","@id":"https:\/\/www.autotag-online.com\/de\/#organization","name":"Autotag","url":"https:\/\/www.autotag-online.com\/de\/","logo":{"@type":"ImageObject","inLanguage":"de","@id":"https:\/\/www.autotag-online.com\/de\/#\/schema\/logo\/image\/","url":"https:\/\/www.autotag-online.com\/wp-content\/uploads\/2016\/11\/cropped-logo-2.png","contentUrl":"https:\/\/www.autotag-online.com\/wp-content\/uploads\/2016\/11\/cropped-logo-2.png","width":628,"height":110,"caption":"Autotag"},"image":{"@id":"https:\/\/www.autotag-online.com\/de\/#\/schema\/logo\/image\/"}}]}},"_links":{"self":[{"href":"https:\/\/www.autotag-online.com\/de\/wp-json\/wp\/v2\/product\/21615","targetHints":{"allow":["GET"]}}],"collection":[{"href":"https:\/\/www.autotag-online.com\/de\/wp-json\/wp\/v2\/product"}],"about":[{"href":"https:\/\/www.autotag-online.com\/de\/wp-json\/wp\/v2\/types\/product"}],"replies":[{"embeddable":true,"href":"https:\/\/www.autotag-online.com\/de\/wp-json\/wp\/v2\/comments?post=21615"}],"wp:featuredmedia":[{"embeddable":true,"href":"https:\/\/www.autotag-online.com\/de\/wp-json\/wp\/v2\/media\/2405"}],"wp:attachment":[{"href":"https:\/\/www.autotag-online.com\/de\/wp-json\/wp\/v2\/media?parent=21615"}],"wp:term":[{"taxonomy":"product_brand","embeddable":true,"href":"https:\/\/www.autotag-online.com\/de\/wp-json\/wp\/v2\/product_brand?post=21615"},{"taxonomy":"product_cat","embeddable":true,"href":"https:\/\/www.autotag-online.com\/de\/wp-json\/wp\/v2\/product_cat?post=21615"},{"taxonomy":"product_tag","embeddable":true,"href":"https:\/\/www.autotag-online.com\/de\/wp-json\/wp\/v2\/product_tag?post=21615"}],"curies":[{"name":"wp","href":"https:\/\/api.w.org\/{rel}","templated":true}]}}