{"id":21600,"date":"2017-02-09T15:44:00","date_gmt":"2017-02-09T15:44:00","guid":{"rendered":"https:\/\/www.autotag.co.uk\/product\/karteikarten-neuwagen\/"},"modified":"2022-10-24T13:21:26","modified_gmt":"2022-10-24T12:21:26","slug":"karteikarten-neuwagen","status":"publish","type":"product","link":"https:\/\/www.autotag-online.com\/de\/produkt\/karteikarten-neuwagen\/","title":{"rendered":"Karteikarten &#8211; Neuwagen"},"content":{"rendered":"<p>Karteikarten zu gebrauchen mit unsere\u00a0Wand-Planungs-System.<\/p>\n<p><strong>Neuwagen-Planung leicht gemacht<\/strong><\/p>\n<p><strong>Merkmale<\/strong><br \/>\nDiese karte erm\u00f6glicht eine einfache, aber sehr effiziente Planung der Neuwagen-Situation.<\/p>\n<p>Die verschiedenen Farben auf der Kartenvorderseite erm\u00f6glichen eine Unterscheidung nach Marken oder Modellen.<\/p>\n<p>Sie sehen auf einen Blick, wie Ihr momentaner und k\u00fcnftiger Neuwagen-Bestand aussieht.<\/p>\n<p>Vorderseite: Enth\u00e4lt die Details von noch nicht verkauften Neuwagen.<br \/>\nR\u00fcckseite: Wird mit Informationen erg\u00e4nzt, wenn das Fahrzeug verkauft ist.<\/p>\n<p>Werden verkauft als packung von 100 stuck\u00a0 pro farbe<\/p>\n","protected":false},"excerpt":{"rendered":"<p>Karteikarten zu gebrauchen mit unsere\u00a0Wand-Planungs-System. Neuwagen-Planung leicht gemacht Merkmale Diese karte erm\u00f6glicht eine einfache, aber sehr effiziente Planung der Neuwagen-Situation. Die verschiedenen Farben auf der Kartenvorderseite erm\u00f6glichen eine Unterscheidung nach Marken oder Modellen. Sie sehen auf einen Blick, wie Ihr momentaner und k\u00fcnftiger Neuwagen-Bestand aussieht. Vorderseite: Enth\u00e4lt die Details von noch nicht verkauften Neuwagen. R\u00fcckseite: [&hellip;]<\/p>\n","protected":false},"featured_media":2556,"comment_status":"closed","ping_status":"closed","template":"","meta":{"_acf_changed":false},"product_brand":[],"product_cat":[243,288],"product_tag":[],"class_list":{"0":"post-21600","1":"product","2":"type-product","3":"status-publish","4":"has-post-thumbnail","6":"product_cat-visuell-wand-planungs-system","7":"product_cat-werkstatt","9":"first","10":"instock","11":"taxable","12":"shipping-taxable","13":"purchasable","14":"product-type-variable"},"exclude_global_add_ons":[],"addons":[],"acf":[],"yoast_head":"<!-- This site is optimized with the Yoast SEO plugin v27.2 - https:\/\/yoast.com\/product\/yoast-seo-wordpress\/ -->\n<title>Karteikarten f\u00fcr unsere Wand-Planungs-System.<\/title>\n<meta name=\"description\" content=\"Karteikarten f\u00fcr unsere Wand-Planungs-System. Autotag UK, tonagebende lieferanten von zubeh\u00f6hr f\u00fcr die Automobillindustrie\" \/>\n<meta name=\"robots\" content=\"index, follow, max-snippet:-1, max-image-preview:large, max-video-preview:-1\" \/>\n<link rel=\"canonical\" href=\"https:\/\/www.autotag-online.com\/de\/produkt\/karteikarten-neuwagen\/\" \/>\n<meta property=\"og:locale\" content=\"de_DE\" \/>\n<meta property=\"og:type\" content=\"article\" \/>\n<meta property=\"og:title\" content=\"Karteikarten f\u00fcr unsere Wand-Planungs-System.\" \/>\n<meta property=\"og:description\" content=\"Karteikarten f\u00fcr unsere Wand-Planungs-System. Autotag UK, tonagebende lieferanten von zubeh\u00f6hr f\u00fcr die Automobillindustrie\" \/>\n<meta property=\"og:url\" content=\"https:\/\/www.autotag-online.com\/de\/produkt\/karteikarten-neuwagen\/\" \/>\n<meta property=\"og:site_name\" content=\"Autotag\" \/>\n<meta property=\"article:modified_time\" content=\"2022-10-24T12:21:26+00:00\" \/>\n<meta property=\"og:image\" content=\"https:\/\/www.autotag-online.com\/wp-content\/uploads\/2016\/11\/T-card_NEW-VEHICLES.jpg\" \/>\n\t<meta property=\"og:image:width\" content=\"480\" \/>\n\t<meta property=\"og:image:height\" content=\"640\" \/>\n\t<meta property=\"og:image:type\" content=\"image\/jpeg\" \/>\n<meta name=\"twitter:card\" content=\"summary_large_image\" \/>\n<meta name=\"twitter:label1\" content=\"Gesch\u00e4tzte Lesezeit\" \/>\n\t<meta name=\"twitter:data1\" content=\"1\u00a0Minute\" \/>\n<script type=\"application\/ld+json\" class=\"yoast-schema-graph\">{\"@context\":\"https:\/\/schema.org\",\"@graph\":[{\"@type\":\"WebPage\",\"@id\":\"https:\/\/www.autotag-online.com\/de\/produkt\/karteikarten-neuwagen\/\",\"url\":\"https:\/\/www.autotag-online.com\/de\/produkt\/karteikarten-neuwagen\/\",\"name\":\"Karteikarten f\u00fcr unsere Wand-Planungs-System.\",\"isPartOf\":{\"@id\":\"https:\/\/www.autotag-online.com\/de\/#website\"},\"primaryImageOfPage\":{\"@id\":\"https:\/\/www.autotag-online.com\/de\/produkt\/karteikarten-neuwagen\/#primaryimage\"},\"image\":{\"@id\":\"https:\/\/www.autotag-online.com\/de\/produkt\/karteikarten-neuwagen\/#primaryimage\"},\"thumbnailUrl\":\"https:\/\/www.autotag-online.com\/wp-content\/uploads\/2016\/11\/T-card_NEW-VEHICLES.jpg\",\"datePublished\":\"2017-02-09T15:44:00+00:00\",\"dateModified\":\"2022-10-24T12:21:26+00:00\",\"description\":\"Karteikarten f\u00fcr unsere Wand-Planungs-System. Autotag UK, tonagebende lieferanten von zubeh\u00f6hr f\u00fcr die Automobillindustrie\",\"breadcrumb\":{\"@id\":\"https:\/\/www.autotag-online.com\/de\/produkt\/karteikarten-neuwagen\/#breadcrumb\"},\"inLanguage\":\"de\",\"potentialAction\":[{\"@type\":\"ReadAction\",\"target\":[\"https:\/\/www.autotag-online.com\/de\/produkt\/karteikarten-neuwagen\/\"]}]},{\"@type\":\"ImageObject\",\"inLanguage\":\"de\",\"@id\":\"https:\/\/www.autotag-online.com\/de\/produkt\/karteikarten-neuwagen\/#primaryimage\",\"url\":\"https:\/\/www.autotag-online.com\/wp-content\/uploads\/2016\/11\/T-card_NEW-VEHICLES.jpg\",\"contentUrl\":\"https:\/\/www.autotag-online.com\/wp-content\/uploads\/2016\/11\/T-card_NEW-VEHICLES.jpg\",\"width\":480,\"height\":640},{\"@type\":\"BreadcrumbList\",\"@id\":\"https:\/\/www.autotag-online.com\/de\/produkt\/karteikarten-neuwagen\/#breadcrumb\",\"itemListElement\":[{\"@type\":\"ListItem\",\"position\":1,\"name\":\"Home\",\"item\":\"https:\/\/www.autotag-online.com\/de\/\"},{\"@type\":\"ListItem\",\"position\":2,\"name\":\"Alle Katagorien\",\"item\":\"https:\/\/www.autotag-online.com\/de\/shop-de\/\"},{\"@type\":\"ListItem\",\"position\":3,\"name\":\"Werkstatt\",\"item\":\"https:\/\/www.autotag-online.com\/de\/produkt-kategorie\/geen-onderdeel-van-een-categorie\/werkstatt\/\"},{\"@type\":\"ListItem\",\"position\":4,\"name\":\"Karteikarten &#8211; Neuwagen\"}]},{\"@type\":\"WebSite\",\"@id\":\"https:\/\/www.autotag-online.com\/de\/#website\",\"url\":\"https:\/\/www.autotag-online.com\/de\/\",\"name\":\"Autotag\",\"description\":\"Spezialisierte Gro\u00dfhandel und kaufwaren lieferant von Schl\u00fcsselanh\u00e4nger und zubeh\u00f6r vor die Autohandel\",\"publisher\":{\"@id\":\"https:\/\/www.autotag-online.com\/de\/#organization\"},\"potentialAction\":[{\"@type\":\"SearchAction\",\"target\":{\"@type\":\"EntryPoint\",\"urlTemplate\":\"https:\/\/www.autotag-online.com\/de\/?s={search_term_string}\"},\"query-input\":{\"@type\":\"PropertyValueSpecification\",\"valueRequired\":true,\"valueName\":\"search_term_string\"}}],\"inLanguage\":\"de\"},{\"@type\":\"Organization\",\"@id\":\"https:\/\/www.autotag-online.com\/de\/#organization\",\"name\":\"Autotag\",\"url\":\"https:\/\/www.autotag-online.com\/de\/\",\"logo\":{\"@type\":\"ImageObject\",\"inLanguage\":\"de\",\"@id\":\"https:\/\/www.autotag-online.com\/de\/#\/schema\/logo\/image\/\",\"url\":\"https:\/\/www.autotag-online.com\/wp-content\/uploads\/2016\/11\/cropped-logo-2.png\",\"contentUrl\":\"https:\/\/www.autotag-online.com\/wp-content\/uploads\/2016\/11\/cropped-logo-2.png\",\"width\":628,\"height\":110,\"caption\":\"Autotag\"},\"image\":{\"@id\":\"https:\/\/www.autotag-online.com\/de\/#\/schema\/logo\/image\/\"}}]}<\/script>\n<!-- \/ Yoast SEO plugin. -->","yoast_head_json":{"title":"Karteikarten f\u00fcr unsere Wand-Planungs-System.","description":"Karteikarten f\u00fcr unsere Wand-Planungs-System. Autotag UK, tonagebende lieferanten von zubeh\u00f6hr f\u00fcr die Automobillindustrie","robots":{"index":"index","follow":"follow","max-snippet":"max-snippet:-1","max-image-preview":"max-image-preview:large","max-video-preview":"max-video-preview:-1"},"canonical":"https:\/\/www.autotag-online.com\/de\/produkt\/karteikarten-neuwagen\/","og_locale":"de_DE","og_type":"article","og_title":"Karteikarten f\u00fcr unsere Wand-Planungs-System.","og_description":"Karteikarten f\u00fcr unsere Wand-Planungs-System. Autotag UK, tonagebende lieferanten von zubeh\u00f6hr f\u00fcr die Automobillindustrie","og_url":"https:\/\/www.autotag-online.com\/de\/produkt\/karteikarten-neuwagen\/","og_site_name":"Autotag","article_modified_time":"2022-10-24T12:21:26+00:00","og_image":[{"width":480,"height":640,"url":"https:\/\/www.autotag-online.com\/wp-content\/uploads\/2016\/11\/T-card_NEW-VEHICLES.jpg","type":"image\/jpeg"}],"twitter_card":"summary_large_image","twitter_misc":{"Gesch\u00e4tzte Lesezeit":"1\u00a0Minute"},"schema":{"@context":"https:\/\/schema.org","@graph":[{"@type":"WebPage","@id":"https:\/\/www.autotag-online.com\/de\/produkt\/karteikarten-neuwagen\/","url":"https:\/\/www.autotag-online.com\/de\/produkt\/karteikarten-neuwagen\/","name":"Karteikarten f\u00fcr unsere Wand-Planungs-System.","isPartOf":{"@id":"https:\/\/www.autotag-online.com\/de\/#website"},"primaryImageOfPage":{"@id":"https:\/\/www.autotag-online.com\/de\/produkt\/karteikarten-neuwagen\/#primaryimage"},"image":{"@id":"https:\/\/www.autotag-online.com\/de\/produkt\/karteikarten-neuwagen\/#primaryimage"},"thumbnailUrl":"https:\/\/www.autotag-online.com\/wp-content\/uploads\/2016\/11\/T-card_NEW-VEHICLES.jpg","datePublished":"2017-02-09T15:44:00+00:00","dateModified":"2022-10-24T12:21:26+00:00","description":"Karteikarten f\u00fcr unsere Wand-Planungs-System. Autotag UK, tonagebende lieferanten von zubeh\u00f6hr f\u00fcr die Automobillindustrie","breadcrumb":{"@id":"https:\/\/www.autotag-online.com\/de\/produkt\/karteikarten-neuwagen\/#breadcrumb"},"inLanguage":"de","potentialAction":[{"@type":"ReadAction","target":["https:\/\/www.autotag-online.com\/de\/produkt\/karteikarten-neuwagen\/"]}]},{"@type":"ImageObject","inLanguage":"de","@id":"https:\/\/www.autotag-online.com\/de\/produkt\/karteikarten-neuwagen\/#primaryimage","url":"https:\/\/www.autotag-online.com\/wp-content\/uploads\/2016\/11\/T-card_NEW-VEHICLES.jpg","contentUrl":"https:\/\/www.autotag-online.com\/wp-content\/uploads\/2016\/11\/T-card_NEW-VEHICLES.jpg","width":480,"height":640},{"@type":"BreadcrumbList","@id":"https:\/\/www.autotag-online.com\/de\/produkt\/karteikarten-neuwagen\/#breadcrumb","itemListElement":[{"@type":"ListItem","position":1,"name":"Home","item":"https:\/\/www.autotag-online.com\/de\/"},{"@type":"ListItem","position":2,"name":"Alle Katagorien","item":"https:\/\/www.autotag-online.com\/de\/shop-de\/"},{"@type":"ListItem","position":3,"name":"Werkstatt","item":"https:\/\/www.autotag-online.com\/de\/produkt-kategorie\/geen-onderdeel-van-een-categorie\/werkstatt\/"},{"@type":"ListItem","position":4,"name":"Karteikarten &#8211; Neuwagen"}]},{"@type":"WebSite","@id":"https:\/\/www.autotag-online.com\/de\/#website","url":"https:\/\/www.autotag-online.com\/de\/","name":"Autotag","description":"Spezialisierte Gro\u00dfhandel und kaufwaren lieferant von Schl\u00fcsselanh\u00e4nger und zubeh\u00f6r vor die Autohandel","publisher":{"@id":"https:\/\/www.autotag-online.com\/de\/#organization"},"potentialAction":[{"@type":"SearchAction","target":{"@type":"EntryPoint","urlTemplate":"https:\/\/www.autotag-online.com\/de\/?s={search_term_string}"},"query-input":{"@type":"PropertyValueSpecification","valueRequired":true,"valueName":"search_term_string"}}],"inLanguage":"de"},{"@type":"Organization","@id":"https:\/\/www.autotag-online.com\/de\/#organization","name":"Autotag","url":"https:\/\/www.autotag-online.com\/de\/","logo":{"@type":"ImageObject","inLanguage":"de","@id":"https:\/\/www.autotag-online.com\/de\/#\/schema\/logo\/image\/","url":"https:\/\/www.autotag-online.com\/wp-content\/uploads\/2016\/11\/cropped-logo-2.png","contentUrl":"https:\/\/www.autotag-online.com\/wp-content\/uploads\/2016\/11\/cropped-logo-2.png","width":628,"height":110,"caption":"Autotag"},"image":{"@id":"https:\/\/www.autotag-online.com\/de\/#\/schema\/logo\/image\/"}}]}},"_links":{"self":[{"href":"https:\/\/www.autotag-online.com\/de\/wp-json\/wp\/v2\/product\/21600","targetHints":{"allow":["GET"]}}],"collection":[{"href":"https:\/\/www.autotag-online.com\/de\/wp-json\/wp\/v2\/product"}],"about":[{"href":"https:\/\/www.autotag-online.com\/de\/wp-json\/wp\/v2\/types\/product"}],"replies":[{"embeddable":true,"href":"https:\/\/www.autotag-online.com\/de\/wp-json\/wp\/v2\/comments?post=21600"}],"wp:featuredmedia":[{"embeddable":true,"href":"https:\/\/www.autotag-online.com\/de\/wp-json\/wp\/v2\/media\/2556"}],"wp:attachment":[{"href":"https:\/\/www.autotag-online.com\/de\/wp-json\/wp\/v2\/media?parent=21600"}],"wp:term":[{"taxonomy":"product_brand","embeddable":true,"href":"https:\/\/www.autotag-online.com\/de\/wp-json\/wp\/v2\/product_brand?post=21600"},{"taxonomy":"product_cat","embeddable":true,"href":"https:\/\/www.autotag-online.com\/de\/wp-json\/wp\/v2\/product_cat?post=21600"},{"taxonomy":"product_tag","embeddable":true,"href":"https:\/\/www.autotag-online.com\/de\/wp-json\/wp\/v2\/product_tag?post=21600"}],"curies":[{"name":"wp","href":"https:\/\/api.w.org\/{rel}","templated":true}]}}