{"id":21599,"date":"2017-02-10T14:50:20","date_gmt":"2017-02-10T14:50:20","guid":{"rendered":"https:\/\/www.autotag.co.uk\/product\/mechanisch-zahlenschloss\/"},"modified":"2018-07-17T14:41:19","modified_gmt":"2018-07-17T13:41:19","slug":"mechanisch-zahlenschloss","status":"publish","type":"product","link":"https:\/\/www.autotag-online.com\/de\/produkt\/mechanisch-zahlenschloss\/","title":{"rendered":"Mechanisch Zahlenschloss"},"content":{"rendered":"<p>Sie k\u00f6nnen ihre eigen geheimzahl eingeben und \u00e4ndern wenn n\u00f6tich.<\/p>\n<p>Dieses Zahlenschloss wird von unseren Kunden am h\u00e4ufigsten gew\u00e4hlt.<\/p>\n<p>Es bietet neben mechanischer Pr\u00e4zession, Sicherheit und ben\u00f6tigt keine Batterien oder Energieversorgung.<\/p>\n","protected":false},"excerpt":{"rendered":"<p>Sie k\u00f6nnen ihre eigen geheimzahl eingeben und \u00e4ndern wenn n\u00f6tich. Dieses Zahlenschloss wird von unseren Kunden am h\u00e4ufigsten gew\u00e4hlt. Es bietet neben mechanischer Pr\u00e4zession, Sicherheit und ben\u00f6tigt keine Batterien oder Energieversorgung.<\/p>\n","protected":false},"featured_media":2858,"comment_status":"closed","ping_status":"closed","template":"","meta":{"_acf_changed":false},"product_brand":[],"product_cat":[254],"product_tag":[],"class_list":{"0":"post-21599","1":"product","2":"type-product","3":"status-publish","4":"has-post-thumbnail","6":"product_cat-sicherheitsschlusselschrank","8":"first","9":"instock","10":"taxable","11":"shipping-taxable","12":"purchasable","13":"product-type-simple"},"exclude_global_add_ons":[],"addons":[],"acf":[],"yoast_head":"<!-- This site is optimized with the Yoast SEO plugin v27.2 - https:\/\/yoast.com\/product\/yoast-seo-wordpress\/ -->\n<title>Mechanisch Zahlenschloss -. Autotag, motor trade merchandising specialists<\/title>\n<meta name=\"description\" content=\"Mechanisch Zahlenschloss -. Autotag \u2013 originally founded in 1986, is focussed on supplying key tags &amp; management systems, point of sale materials and workshop systems to the motor trade.\" \/>\n<meta name=\"robots\" content=\"index, follow, max-snippet:-1, max-image-preview:large, max-video-preview:-1\" \/>\n<link rel=\"canonical\" href=\"https:\/\/www.autotag-online.com\/de\/produkt\/mechanisch-zahlenschloss\/\" \/>\n<meta property=\"og:locale\" content=\"de_DE\" \/>\n<meta property=\"og:type\" content=\"article\" \/>\n<meta property=\"og:title\" content=\"Mechanisch Zahlenschloss -. Autotag, motor trade merchandising specialists\" \/>\n<meta property=\"og:description\" content=\"Mechanisch Zahlenschloss -. Autotag \u2013 originally founded in 1986, is focussed on supplying key tags &amp; management systems, point of sale materials and workshop systems to the motor trade.\" \/>\n<meta property=\"og:url\" content=\"https:\/\/www.autotag-online.com\/de\/produkt\/mechanisch-zahlenschloss\/\" \/>\n<meta property=\"og:site_name\" content=\"Autotag\" \/>\n<meta property=\"article:modified_time\" content=\"2018-07-17T13:41:19+00:00\" \/>\n<meta property=\"og:image\" content=\"https:\/\/www.autotag-online.com\/wp-content\/uploads\/2017\/02\/Autotag.027web.jpg\" \/>\n\t<meta property=\"og:image:width\" content=\"510\" \/>\n\t<meta property=\"og:image:height\" content=\"770\" \/>\n\t<meta property=\"og:image:type\" content=\"image\/jpeg\" \/>\n<meta name=\"twitter:card\" content=\"summary_large_image\" \/>\n<script type=\"application\/ld+json\" class=\"yoast-schema-graph\">{\"@context\":\"https:\/\/schema.org\",\"@graph\":[{\"@type\":\"WebPage\",\"@id\":\"https:\/\/www.autotag-online.com\/de\/produkt\/mechanisch-zahlenschloss\/\",\"url\":\"https:\/\/www.autotag-online.com\/de\/produkt\/mechanisch-zahlenschloss\/\",\"name\":\"Mechanisch Zahlenschloss -. Autotag, motor trade merchandising specialists\",\"isPartOf\":{\"@id\":\"https:\/\/www.autotag-online.com\/de\/#website\"},\"primaryImageOfPage\":{\"@id\":\"https:\/\/www.autotag-online.com\/de\/produkt\/mechanisch-zahlenschloss\/#primaryimage\"},\"image\":{\"@id\":\"https:\/\/www.autotag-online.com\/de\/produkt\/mechanisch-zahlenschloss\/#primaryimage\"},\"thumbnailUrl\":\"https:\/\/www.autotag-online.com\/wp-content\/uploads\/2017\/02\/Autotag.027web.jpg\",\"datePublished\":\"2017-02-10T14:50:20+00:00\",\"dateModified\":\"2018-07-17T13:41:19+00:00\",\"description\":\"Mechanisch Zahlenschloss -. Autotag \u2013 originally founded in 1986, is focussed on supplying key tags & management systems, point of sale materials and workshop systems to the motor trade.\",\"breadcrumb\":{\"@id\":\"https:\/\/www.autotag-online.com\/de\/produkt\/mechanisch-zahlenschloss\/#breadcrumb\"},\"inLanguage\":\"de\",\"potentialAction\":[{\"@type\":\"ReadAction\",\"target\":[\"https:\/\/www.autotag-online.com\/de\/produkt\/mechanisch-zahlenschloss\/\"]}]},{\"@type\":\"ImageObject\",\"inLanguage\":\"de\",\"@id\":\"https:\/\/www.autotag-online.com\/de\/produkt\/mechanisch-zahlenschloss\/#primaryimage\",\"url\":\"https:\/\/www.autotag-online.com\/wp-content\/uploads\/2017\/02\/Autotag.027web.jpg\",\"contentUrl\":\"https:\/\/www.autotag-online.com\/wp-content\/uploads\/2017\/02\/Autotag.027web.jpg\",\"width\":510,\"height\":770},{\"@type\":\"BreadcrumbList\",\"@id\":\"https:\/\/www.autotag-online.com\/de\/produkt\/mechanisch-zahlenschloss\/#breadcrumb\",\"itemListElement\":[{\"@type\":\"ListItem\",\"position\":1,\"name\":\"Home\",\"item\":\"https:\/\/www.autotag-online.com\/de\/\"},{\"@type\":\"ListItem\",\"position\":2,\"name\":\"Alle Katagorien\",\"item\":\"https:\/\/www.autotag-online.com\/de\/shop-de\/\"},{\"@type\":\"ListItem\",\"position\":3,\"name\":\"Sicherheitsschl\u00fcsselschrank\",\"item\":\"https:\/\/www.autotag-online.com\/de\/produkt-kategorie\/sicherheitsschlusselschrank\/\"},{\"@type\":\"ListItem\",\"position\":4,\"name\":\"Mechanisch Zahlenschloss\"}]},{\"@type\":\"WebSite\",\"@id\":\"https:\/\/www.autotag-online.com\/de\/#website\",\"url\":\"https:\/\/www.autotag-online.com\/de\/\",\"name\":\"Autotag\",\"description\":\"Spezialisierte Gro\u00dfhandel und kaufwaren lieferant von Schl\u00fcsselanh\u00e4nger und zubeh\u00f6r vor die Autohandel\",\"publisher\":{\"@id\":\"https:\/\/www.autotag-online.com\/de\/#organization\"},\"potentialAction\":[{\"@type\":\"SearchAction\",\"target\":{\"@type\":\"EntryPoint\",\"urlTemplate\":\"https:\/\/www.autotag-online.com\/de\/?s={search_term_string}\"},\"query-input\":{\"@type\":\"PropertyValueSpecification\",\"valueRequired\":true,\"valueName\":\"search_term_string\"}}],\"inLanguage\":\"de\"},{\"@type\":\"Organization\",\"@id\":\"https:\/\/www.autotag-online.com\/de\/#organization\",\"name\":\"Autotag\",\"url\":\"https:\/\/www.autotag-online.com\/de\/\",\"logo\":{\"@type\":\"ImageObject\",\"inLanguage\":\"de\",\"@id\":\"https:\/\/www.autotag-online.com\/de\/#\/schema\/logo\/image\/\",\"url\":\"https:\/\/www.autotag-online.com\/wp-content\/uploads\/2016\/11\/cropped-logo-2.png\",\"contentUrl\":\"https:\/\/www.autotag-online.com\/wp-content\/uploads\/2016\/11\/cropped-logo-2.png\",\"width\":628,\"height\":110,\"caption\":\"Autotag\"},\"image\":{\"@id\":\"https:\/\/www.autotag-online.com\/de\/#\/schema\/logo\/image\/\"}}]}<\/script>\n<!-- \/ Yoast SEO plugin. -->","yoast_head_json":{"title":"Mechanisch Zahlenschloss -. Autotag, motor trade merchandising specialists","description":"Mechanisch Zahlenschloss -. Autotag \u2013 originally founded in 1986, is focussed on supplying key tags & management systems, point of sale materials and workshop systems to the motor trade.","robots":{"index":"index","follow":"follow","max-snippet":"max-snippet:-1","max-image-preview":"max-image-preview:large","max-video-preview":"max-video-preview:-1"},"canonical":"https:\/\/www.autotag-online.com\/de\/produkt\/mechanisch-zahlenschloss\/","og_locale":"de_DE","og_type":"article","og_title":"Mechanisch Zahlenschloss -. Autotag, motor trade merchandising specialists","og_description":"Mechanisch Zahlenschloss -. Autotag \u2013 originally founded in 1986, is focussed on supplying key tags & management systems, point of sale materials and workshop systems to the motor trade.","og_url":"https:\/\/www.autotag-online.com\/de\/produkt\/mechanisch-zahlenschloss\/","og_site_name":"Autotag","article_modified_time":"2018-07-17T13:41:19+00:00","og_image":[{"width":510,"height":770,"url":"https:\/\/www.autotag-online.com\/wp-content\/uploads\/2017\/02\/Autotag.027web.jpg","type":"image\/jpeg"}],"twitter_card":"summary_large_image","schema":{"@context":"https:\/\/schema.org","@graph":[{"@type":"WebPage","@id":"https:\/\/www.autotag-online.com\/de\/produkt\/mechanisch-zahlenschloss\/","url":"https:\/\/www.autotag-online.com\/de\/produkt\/mechanisch-zahlenschloss\/","name":"Mechanisch Zahlenschloss -. Autotag, motor trade merchandising specialists","isPartOf":{"@id":"https:\/\/www.autotag-online.com\/de\/#website"},"primaryImageOfPage":{"@id":"https:\/\/www.autotag-online.com\/de\/produkt\/mechanisch-zahlenschloss\/#primaryimage"},"image":{"@id":"https:\/\/www.autotag-online.com\/de\/produkt\/mechanisch-zahlenschloss\/#primaryimage"},"thumbnailUrl":"https:\/\/www.autotag-online.com\/wp-content\/uploads\/2017\/02\/Autotag.027web.jpg","datePublished":"2017-02-10T14:50:20+00:00","dateModified":"2018-07-17T13:41:19+00:00","description":"Mechanisch Zahlenschloss -. Autotag \u2013 originally founded in 1986, is focussed on supplying key tags & management systems, point of sale materials and workshop systems to the motor trade.","breadcrumb":{"@id":"https:\/\/www.autotag-online.com\/de\/produkt\/mechanisch-zahlenschloss\/#breadcrumb"},"inLanguage":"de","potentialAction":[{"@type":"ReadAction","target":["https:\/\/www.autotag-online.com\/de\/produkt\/mechanisch-zahlenschloss\/"]}]},{"@type":"ImageObject","inLanguage":"de","@id":"https:\/\/www.autotag-online.com\/de\/produkt\/mechanisch-zahlenschloss\/#primaryimage","url":"https:\/\/www.autotag-online.com\/wp-content\/uploads\/2017\/02\/Autotag.027web.jpg","contentUrl":"https:\/\/www.autotag-online.com\/wp-content\/uploads\/2017\/02\/Autotag.027web.jpg","width":510,"height":770},{"@type":"BreadcrumbList","@id":"https:\/\/www.autotag-online.com\/de\/produkt\/mechanisch-zahlenschloss\/#breadcrumb","itemListElement":[{"@type":"ListItem","position":1,"name":"Home","item":"https:\/\/www.autotag-online.com\/de\/"},{"@type":"ListItem","position":2,"name":"Alle Katagorien","item":"https:\/\/www.autotag-online.com\/de\/shop-de\/"},{"@type":"ListItem","position":3,"name":"Sicherheitsschl\u00fcsselschrank","item":"https:\/\/www.autotag-online.com\/de\/produkt-kategorie\/sicherheitsschlusselschrank\/"},{"@type":"ListItem","position":4,"name":"Mechanisch Zahlenschloss"}]},{"@type":"WebSite","@id":"https:\/\/www.autotag-online.com\/de\/#website","url":"https:\/\/www.autotag-online.com\/de\/","name":"Autotag","description":"Spezialisierte Gro\u00dfhandel und kaufwaren lieferant von Schl\u00fcsselanh\u00e4nger und zubeh\u00f6r vor die Autohandel","publisher":{"@id":"https:\/\/www.autotag-online.com\/de\/#organization"},"potentialAction":[{"@type":"SearchAction","target":{"@type":"EntryPoint","urlTemplate":"https:\/\/www.autotag-online.com\/de\/?s={search_term_string}"},"query-input":{"@type":"PropertyValueSpecification","valueRequired":true,"valueName":"search_term_string"}}],"inLanguage":"de"},{"@type":"Organization","@id":"https:\/\/www.autotag-online.com\/de\/#organization","name":"Autotag","url":"https:\/\/www.autotag-online.com\/de\/","logo":{"@type":"ImageObject","inLanguage":"de","@id":"https:\/\/www.autotag-online.com\/de\/#\/schema\/logo\/image\/","url":"https:\/\/www.autotag-online.com\/wp-content\/uploads\/2016\/11\/cropped-logo-2.png","contentUrl":"https:\/\/www.autotag-online.com\/wp-content\/uploads\/2016\/11\/cropped-logo-2.png","width":628,"height":110,"caption":"Autotag"},"image":{"@id":"https:\/\/www.autotag-online.com\/de\/#\/schema\/logo\/image\/"}}]}},"_links":{"self":[{"href":"https:\/\/www.autotag-online.com\/de\/wp-json\/wp\/v2\/product\/21599","targetHints":{"allow":["GET"]}}],"collection":[{"href":"https:\/\/www.autotag-online.com\/de\/wp-json\/wp\/v2\/product"}],"about":[{"href":"https:\/\/www.autotag-online.com\/de\/wp-json\/wp\/v2\/types\/product"}],"replies":[{"embeddable":true,"href":"https:\/\/www.autotag-online.com\/de\/wp-json\/wp\/v2\/comments?post=21599"}],"wp:featuredmedia":[{"embeddable":true,"href":"https:\/\/www.autotag-online.com\/de\/wp-json\/wp\/v2\/media\/2858"}],"wp:attachment":[{"href":"https:\/\/www.autotag-online.com\/de\/wp-json\/wp\/v2\/media?parent=21599"}],"wp:term":[{"taxonomy":"product_brand","embeddable":true,"href":"https:\/\/www.autotag-online.com\/de\/wp-json\/wp\/v2\/product_brand?post=21599"},{"taxonomy":"product_cat","embeddable":true,"href":"https:\/\/www.autotag-online.com\/de\/wp-json\/wp\/v2\/product_cat?post=21599"},{"taxonomy":"product_tag","embeddable":true,"href":"https:\/\/www.autotag-online.com\/de\/wp-json\/wp\/v2\/product_tag?post=21599"}],"curies":[{"name":"wp","href":"https:\/\/api.w.org\/{rel}","templated":true}]}}