{"id":21597,"date":"2017-02-16T10:11:51","date_gmt":"2017-02-16T10:11:51","guid":{"rendered":"https:\/\/www.autotag.co.uk\/product\/personalizierte-schlusselanhanger\/"},"modified":"2018-07-17T14:44:41","modified_gmt":"2018-07-17T13:44:41","slug":"personalizierte-schlusselanhanger","status":"publish","type":"product","link":"https:\/\/www.autotag-online.com\/de\/produkt\/personalizierte-schlusselanhanger\/","title":{"rendered":"Personalizierte Schlusselanh\u00e4nger"},"content":{"rendered":"<p>Wir biiten die m\u00f6chlichkeit um unsere MKI, MKII, und MKIII Schlusselanh\u00e4nger zu Personalizieren mit ihre eigene Text oder Logo.<\/p>\n<p>Das kan an eine oder an beide seiten von den anh\u00e4nger.<\/p>\n<p>\u20ac60,00 f\u00fcr die Illustration<\/p>\n<p>\u20ac12,00 F\u00fcr bedr\u00fcckung auf beide seiten.<\/p>\n<p>Kosten f\u00fcr bedr\u00fcckung von die anh\u00e4nger pro box auf anfrage<\/p>\n","protected":false},"excerpt":{"rendered":"<p>Wir biiten die m\u00f6chlichkeit um unsere MKI, MKII, und MKIII Schlusselanh\u00e4nger zu Personalizieren mit ihre eigene Text oder Logo. Das kan an eine oder an beide seiten von den anh\u00e4nger. \u20ac60,00 f\u00fcr die Illustration \u20ac12,00 F\u00fcr bedr\u00fcckung auf beide seiten. Kosten f\u00fcr bedr\u00fcckung von die anh\u00e4nger pro box auf anfrage<\/p>\n","protected":false},"featured_media":1679,"comment_status":"closed","ping_status":"closed","template":"","meta":{"_acf_changed":false},"product_brand":[],"product_cat":[240],"product_tag":[],"class_list":{"0":"post-21597","1":"product","2":"type-product","3":"status-publish","4":"has-post-thumbnail","6":"product_cat-schlusselanhanger","8":"first","9":"instock","10":"taxable","11":"shipping-taxable","12":"product-type-simple"},"exclude_global_add_ons":[],"addons":[],"acf":[],"yoast_head":"<!-- This site is optimized with the Yoast SEO plugin v27.2 - https:\/\/yoast.com\/product\/yoast-seo-wordpress\/ -->\n<title>Personalizierte Schlusselanh\u00e4nger -. Autotag, motor trade merchandising specialists<\/title>\n<meta name=\"description\" content=\"Personalizierte Schlusselanh\u00e4nger -. Autotag \u2013 originally founded in 1986, is focussed on supplying key tags &amp; management systems, point of sale materials and workshop systems to the motor trade.\" \/>\n<meta name=\"robots\" content=\"index, follow, max-snippet:-1, max-image-preview:large, max-video-preview:-1\" \/>\n<link rel=\"canonical\" href=\"https:\/\/www.autotag-online.com\/de\/produkt\/personalizierte-schlusselanhanger\/\" \/>\n<meta property=\"og:locale\" content=\"de_DE\" \/>\n<meta property=\"og:type\" content=\"article\" \/>\n<meta property=\"og:title\" content=\"Personalizierte Schlusselanh\u00e4nger -. Autotag, motor trade merchandising specialists\" \/>\n<meta property=\"og:description\" content=\"Personalizierte Schlusselanh\u00e4nger -. Autotag \u2013 originally founded in 1986, is focussed on supplying key tags &amp; management systems, point of sale materials and workshop systems to the motor trade.\" \/>\n<meta property=\"og:url\" content=\"https:\/\/www.autotag-online.com\/de\/produkt\/personalizierte-schlusselanhanger\/\" \/>\n<meta property=\"og:site_name\" content=\"Autotag\" \/>\n<meta property=\"article:modified_time\" content=\"2018-07-17T13:44:41+00:00\" \/>\n<meta property=\"og:image\" content=\"https:\/\/www.autotag-online.com\/wp-content\/uploads\/2017\/01\/personalised-keytags.jpg\" \/>\n\t<meta property=\"og:image:width\" content=\"340\" \/>\n\t<meta property=\"og:image:height\" content=\"204\" \/>\n\t<meta property=\"og:image:type\" content=\"image\/jpeg\" \/>\n<meta name=\"twitter:card\" content=\"summary_large_image\" \/>\n<script type=\"application\/ld+json\" class=\"yoast-schema-graph\">{\"@context\":\"https:\/\/schema.org\",\"@graph\":[{\"@type\":\"WebPage\",\"@id\":\"https:\/\/www.autotag-online.com\/de\/produkt\/personalizierte-schlusselanhanger\/\",\"url\":\"https:\/\/www.autotag-online.com\/de\/produkt\/personalizierte-schlusselanhanger\/\",\"name\":\"Personalizierte Schlusselanh\u00e4nger -. Autotag, motor trade merchandising specialists\",\"isPartOf\":{\"@id\":\"https:\/\/www.autotag-online.com\/de\/#website\"},\"primaryImageOfPage\":{\"@id\":\"https:\/\/www.autotag-online.com\/de\/produkt\/personalizierte-schlusselanhanger\/#primaryimage\"},\"image\":{\"@id\":\"https:\/\/www.autotag-online.com\/de\/produkt\/personalizierte-schlusselanhanger\/#primaryimage\"},\"thumbnailUrl\":\"https:\/\/www.autotag-online.com\/wp-content\/uploads\/2017\/01\/personalised-keytags.jpg\",\"datePublished\":\"2017-02-16T10:11:51+00:00\",\"dateModified\":\"2018-07-17T13:44:41+00:00\",\"description\":\"Personalizierte Schlusselanh\u00e4nger -. Autotag \u2013 originally founded in 1986, is focussed on supplying key tags & management systems, point of sale materials and workshop systems to the motor trade.\",\"breadcrumb\":{\"@id\":\"https:\/\/www.autotag-online.com\/de\/produkt\/personalizierte-schlusselanhanger\/#breadcrumb\"},\"inLanguage\":\"de\",\"potentialAction\":[{\"@type\":\"ReadAction\",\"target\":[\"https:\/\/www.autotag-online.com\/de\/produkt\/personalizierte-schlusselanhanger\/\"]}]},{\"@type\":\"ImageObject\",\"inLanguage\":\"de\",\"@id\":\"https:\/\/www.autotag-online.com\/de\/produkt\/personalizierte-schlusselanhanger\/#primaryimage\",\"url\":\"https:\/\/www.autotag-online.com\/wp-content\/uploads\/2017\/01\/personalised-keytags.jpg\",\"contentUrl\":\"https:\/\/www.autotag-online.com\/wp-content\/uploads\/2017\/01\/personalised-keytags.jpg\",\"width\":340,\"height\":204},{\"@type\":\"BreadcrumbList\",\"@id\":\"https:\/\/www.autotag-online.com\/de\/produkt\/personalizierte-schlusselanhanger\/#breadcrumb\",\"itemListElement\":[{\"@type\":\"ListItem\",\"position\":1,\"name\":\"Home\",\"item\":\"https:\/\/www.autotag-online.com\/de\/\"},{\"@type\":\"ListItem\",\"position\":2,\"name\":\"Alle Katagorien\",\"item\":\"https:\/\/www.autotag-online.com\/de\/shop-de\/\"},{\"@type\":\"ListItem\",\"position\":3,\"name\":\"Schlusselanh\u00e4nger\",\"item\":\"https:\/\/www.autotag-online.com\/de\/produkt-kategorie\/schlusselanhanger\/\"},{\"@type\":\"ListItem\",\"position\":4,\"name\":\"Personalizierte Schlusselanh\u00e4nger\"}]},{\"@type\":\"WebSite\",\"@id\":\"https:\/\/www.autotag-online.com\/de\/#website\",\"url\":\"https:\/\/www.autotag-online.com\/de\/\",\"name\":\"Autotag\",\"description\":\"Spezialisierte Gro\u00dfhandel und kaufwaren lieferant von Schl\u00fcsselanh\u00e4nger und zubeh\u00f6r vor die Autohandel\",\"publisher\":{\"@id\":\"https:\/\/www.autotag-online.com\/de\/#organization\"},\"potentialAction\":[{\"@type\":\"SearchAction\",\"target\":{\"@type\":\"EntryPoint\",\"urlTemplate\":\"https:\/\/www.autotag-online.com\/de\/?s={search_term_string}\"},\"query-input\":{\"@type\":\"PropertyValueSpecification\",\"valueRequired\":true,\"valueName\":\"search_term_string\"}}],\"inLanguage\":\"de\"},{\"@type\":\"Organization\",\"@id\":\"https:\/\/www.autotag-online.com\/de\/#organization\",\"name\":\"Autotag\",\"url\":\"https:\/\/www.autotag-online.com\/de\/\",\"logo\":{\"@type\":\"ImageObject\",\"inLanguage\":\"de\",\"@id\":\"https:\/\/www.autotag-online.com\/de\/#\/schema\/logo\/image\/\",\"url\":\"https:\/\/www.autotag-online.com\/wp-content\/uploads\/2016\/11\/cropped-logo-2.png\",\"contentUrl\":\"https:\/\/www.autotag-online.com\/wp-content\/uploads\/2016\/11\/cropped-logo-2.png\",\"width\":628,\"height\":110,\"caption\":\"Autotag\"},\"image\":{\"@id\":\"https:\/\/www.autotag-online.com\/de\/#\/schema\/logo\/image\/\"}}]}<\/script>\n<!-- \/ Yoast SEO plugin. -->","yoast_head_json":{"title":"Personalizierte Schlusselanh\u00e4nger -. Autotag, motor trade merchandising specialists","description":"Personalizierte Schlusselanh\u00e4nger -. Autotag \u2013 originally founded in 1986, is focussed on supplying key tags & management systems, point of sale materials and workshop systems to the motor trade.","robots":{"index":"index","follow":"follow","max-snippet":"max-snippet:-1","max-image-preview":"max-image-preview:large","max-video-preview":"max-video-preview:-1"},"canonical":"https:\/\/www.autotag-online.com\/de\/produkt\/personalizierte-schlusselanhanger\/","og_locale":"de_DE","og_type":"article","og_title":"Personalizierte Schlusselanh\u00e4nger -. Autotag, motor trade merchandising specialists","og_description":"Personalizierte Schlusselanh\u00e4nger -. Autotag \u2013 originally founded in 1986, is focussed on supplying key tags & management systems, point of sale materials and workshop systems to the motor trade.","og_url":"https:\/\/www.autotag-online.com\/de\/produkt\/personalizierte-schlusselanhanger\/","og_site_name":"Autotag","article_modified_time":"2018-07-17T13:44:41+00:00","og_image":[{"width":340,"height":204,"url":"https:\/\/www.autotag-online.com\/wp-content\/uploads\/2017\/01\/personalised-keytags.jpg","type":"image\/jpeg"}],"twitter_card":"summary_large_image","schema":{"@context":"https:\/\/schema.org","@graph":[{"@type":"WebPage","@id":"https:\/\/www.autotag-online.com\/de\/produkt\/personalizierte-schlusselanhanger\/","url":"https:\/\/www.autotag-online.com\/de\/produkt\/personalizierte-schlusselanhanger\/","name":"Personalizierte Schlusselanh\u00e4nger -. Autotag, motor trade merchandising specialists","isPartOf":{"@id":"https:\/\/www.autotag-online.com\/de\/#website"},"primaryImageOfPage":{"@id":"https:\/\/www.autotag-online.com\/de\/produkt\/personalizierte-schlusselanhanger\/#primaryimage"},"image":{"@id":"https:\/\/www.autotag-online.com\/de\/produkt\/personalizierte-schlusselanhanger\/#primaryimage"},"thumbnailUrl":"https:\/\/www.autotag-online.com\/wp-content\/uploads\/2017\/01\/personalised-keytags.jpg","datePublished":"2017-02-16T10:11:51+00:00","dateModified":"2018-07-17T13:44:41+00:00","description":"Personalizierte Schlusselanh\u00e4nger -. Autotag \u2013 originally founded in 1986, is focussed on supplying key tags & management systems, point of sale materials and workshop systems to the motor trade.","breadcrumb":{"@id":"https:\/\/www.autotag-online.com\/de\/produkt\/personalizierte-schlusselanhanger\/#breadcrumb"},"inLanguage":"de","potentialAction":[{"@type":"ReadAction","target":["https:\/\/www.autotag-online.com\/de\/produkt\/personalizierte-schlusselanhanger\/"]}]},{"@type":"ImageObject","inLanguage":"de","@id":"https:\/\/www.autotag-online.com\/de\/produkt\/personalizierte-schlusselanhanger\/#primaryimage","url":"https:\/\/www.autotag-online.com\/wp-content\/uploads\/2017\/01\/personalised-keytags.jpg","contentUrl":"https:\/\/www.autotag-online.com\/wp-content\/uploads\/2017\/01\/personalised-keytags.jpg","width":340,"height":204},{"@type":"BreadcrumbList","@id":"https:\/\/www.autotag-online.com\/de\/produkt\/personalizierte-schlusselanhanger\/#breadcrumb","itemListElement":[{"@type":"ListItem","position":1,"name":"Home","item":"https:\/\/www.autotag-online.com\/de\/"},{"@type":"ListItem","position":2,"name":"Alle Katagorien","item":"https:\/\/www.autotag-online.com\/de\/shop-de\/"},{"@type":"ListItem","position":3,"name":"Schlusselanh\u00e4nger","item":"https:\/\/www.autotag-online.com\/de\/produkt-kategorie\/schlusselanhanger\/"},{"@type":"ListItem","position":4,"name":"Personalizierte Schlusselanh\u00e4nger"}]},{"@type":"WebSite","@id":"https:\/\/www.autotag-online.com\/de\/#website","url":"https:\/\/www.autotag-online.com\/de\/","name":"Autotag","description":"Spezialisierte Gro\u00dfhandel und kaufwaren lieferant von Schl\u00fcsselanh\u00e4nger und zubeh\u00f6r vor die Autohandel","publisher":{"@id":"https:\/\/www.autotag-online.com\/de\/#organization"},"potentialAction":[{"@type":"SearchAction","target":{"@type":"EntryPoint","urlTemplate":"https:\/\/www.autotag-online.com\/de\/?s={search_term_string}"},"query-input":{"@type":"PropertyValueSpecification","valueRequired":true,"valueName":"search_term_string"}}],"inLanguage":"de"},{"@type":"Organization","@id":"https:\/\/www.autotag-online.com\/de\/#organization","name":"Autotag","url":"https:\/\/www.autotag-online.com\/de\/","logo":{"@type":"ImageObject","inLanguage":"de","@id":"https:\/\/www.autotag-online.com\/de\/#\/schema\/logo\/image\/","url":"https:\/\/www.autotag-online.com\/wp-content\/uploads\/2016\/11\/cropped-logo-2.png","contentUrl":"https:\/\/www.autotag-online.com\/wp-content\/uploads\/2016\/11\/cropped-logo-2.png","width":628,"height":110,"caption":"Autotag"},"image":{"@id":"https:\/\/www.autotag-online.com\/de\/#\/schema\/logo\/image\/"}}]}},"_links":{"self":[{"href":"https:\/\/www.autotag-online.com\/de\/wp-json\/wp\/v2\/product\/21597","targetHints":{"allow":["GET"]}}],"collection":[{"href":"https:\/\/www.autotag-online.com\/de\/wp-json\/wp\/v2\/product"}],"about":[{"href":"https:\/\/www.autotag-online.com\/de\/wp-json\/wp\/v2\/types\/product"}],"replies":[{"embeddable":true,"href":"https:\/\/www.autotag-online.com\/de\/wp-json\/wp\/v2\/comments?post=21597"}],"wp:featuredmedia":[{"embeddable":true,"href":"https:\/\/www.autotag-online.com\/de\/wp-json\/wp\/v2\/media\/1679"}],"wp:attachment":[{"href":"https:\/\/www.autotag-online.com\/de\/wp-json\/wp\/v2\/media?parent=21597"}],"wp:term":[{"taxonomy":"product_brand","embeddable":true,"href":"https:\/\/www.autotag-online.com\/de\/wp-json\/wp\/v2\/product_brand?post=21597"},{"taxonomy":"product_cat","embeddable":true,"href":"https:\/\/www.autotag-online.com\/de\/wp-json\/wp\/v2\/product_cat?post=21597"},{"taxonomy":"product_tag","embeddable":true,"href":"https:\/\/www.autotag-online.com\/de\/wp-json\/wp\/v2\/product_tag?post=21597"}],"curies":[{"name":"wp","href":"https:\/\/api.w.org\/{rel}","templated":true}]}}