{"id":21432,"date":"2016-11-21T12:49:29","date_gmt":"2016-11-21T12:49:29","guid":{"rendered":"https:\/\/www.autotag.co.uk\/product\/werkstattplaner-1-mitarbeiter\/"},"modified":"2020-01-17T13:25:28","modified_gmt":"2020-01-17T13:25:28","slug":"werkstattplaner-1-mitarbeiter","status":"publish","type":"product","link":"https:\/\/www.autotag-online.com\/de\/produkt\/werkstattplaner-1-mitarbeiter\/","title":{"rendered":"Werkstattplaner &#8211; 1 Mitarbeiter"},"content":{"rendered":"<p>Unsere Werkstatt Planer macht es moglich um die mitarbeiter ein zu planen, und die arbeit der noch getan werden mu\u00df.<\/p>\n<p>Die Reihenfolge, in der sie durchgef\u00fchrt werden soll \u00a0durch die Techniker.<\/p>\n<p>Mit Hilfe der Auftragtasche (separat erh\u00e4ltlich) haben Sie alle notwendigen Fahrzeugpapiere bei der hand.<\/p>\n<p>Die Werkstattplaner besteht aus abwaschbarem kunststoff und bietet eine hohe sichtbarkeit f\u00fcr alle aufgaben.<\/p>\n<p>Hergestellt in Gro\u00dfbritannien mit robusten Materialen mit PVC-Oberfl\u00e4che.<\/p>\n<p>MASSE:<\/p>\n<p><strong>1 Mitarbeiter (einer vertikalen Reihe)<br \/>\nB: 290 mm<br \/>\nH: 1230 mm<br \/>\nD: 75 mm<\/strong><\/p>\n","protected":false},"excerpt":{"rendered":"<p>Unsere Werkstatt Planer macht es moglich um die mitarbeiter ein zu planen, und die arbeit der noch getan werden mu\u00df. Die Reihenfolge, in der sie durchgef\u00fchrt werden soll \u00a0durch die Techniker. Mit Hilfe der Auftragtasche (separat erh\u00e4ltlich) haben Sie alle notwendigen Fahrzeugpapiere bei der hand. Die Werkstattplaner besteht aus abwaschbarem kunststoff und bietet eine hohe [&hellip;]<\/p>\n","protected":false},"featured_media":363,"comment_status":"closed","ping_status":"closed","template":"","meta":{"_acf_changed":false},"product_brand":[],"product_cat":[288],"product_tag":[],"class_list":{"0":"post-21432","1":"product","2":"type-product","3":"status-publish","4":"has-post-thumbnail","6":"product_cat-werkstatt","8":"first","9":"instock","10":"taxable","11":"shipping-taxable","12":"purchasable","13":"product-type-simple"},"exclude_global_add_ons":[],"addons":[],"acf":[],"yoast_head":"<!-- This site is optimized with the Yoast SEO plugin v27.2 - https:\/\/yoast.com\/product\/yoast-seo-wordpress\/ -->\n<title>Werkstatt planer und panungs systeme- Autotag bekannte lieferant vonn zubeh\u00f6r f\u00fcr den automobill branche<\/title>\n<meta name=\"description\" content=\"Werkstatt planer tafel ist einfach und effizient f\u00fcr das organisieren vonn die arbeit in die werkstatt. Lieferbar vonn 1 biss 10 personen\" \/>\n<meta name=\"robots\" content=\"index, follow, max-snippet:-1, max-image-preview:large, max-video-preview:-1\" \/>\n<link rel=\"canonical\" href=\"https:\/\/www.autotag-online.com\/de\/produkt\/werkstattplaner-1-mitarbeiter\/\" \/>\n<meta property=\"og:locale\" content=\"de_DE\" \/>\n<meta property=\"og:type\" content=\"article\" \/>\n<meta property=\"og:title\" content=\"Werkstatt planer und panungs systeme- Autotag bekannte lieferant vonn zubeh\u00f6r f\u00fcr den automobill branche\" \/>\n<meta property=\"og:description\" content=\"Werkstatt planer tafel ist einfach und effizient f\u00fcr das organisieren vonn die arbeit in die werkstatt. Lieferbar vonn 1 biss 10 personen\" \/>\n<meta property=\"og:url\" content=\"https:\/\/www.autotag-online.com\/de\/produkt\/werkstattplaner-1-mitarbeiter\/\" \/>\n<meta property=\"og:site_name\" content=\"Autotag\" \/>\n<meta property=\"article:modified_time\" content=\"2020-01-17T13:25:28+00:00\" \/>\n<meta property=\"og:image\" content=\"https:\/\/www.autotag-online.com\/wp-content\/uploads\/2016\/11\/4494500450195WSPB95195person9540vertical4146jpg.html\" \/>\n\t<meta property=\"og:image:width\" content=\"510\" \/>\n\t<meta property=\"og:image:height\" content=\"770\" \/>\n\t<meta property=\"og:image:type\" content=\"image\/jpeg\" \/>\n<meta name=\"twitter:card\" content=\"summary_large_image\" \/>\n<script type=\"application\/ld+json\" class=\"yoast-schema-graph\">{\"@context\":\"https:\/\/schema.org\",\"@graph\":[{\"@type\":\"WebPage\",\"@id\":\"https:\/\/www.autotag-online.com\/de\/produkt\/werkstattplaner-1-mitarbeiter\/\",\"url\":\"https:\/\/www.autotag-online.com\/de\/produkt\/werkstattplaner-1-mitarbeiter\/\",\"name\":\"Werkstatt planer und panungs systeme- Autotag bekannte lieferant vonn zubeh\u00f6r f\u00fcr den automobill branche\",\"isPartOf\":{\"@id\":\"https:\/\/www.autotag-online.com\/de\/#website\"},\"primaryImageOfPage\":{\"@id\":\"https:\/\/www.autotag-online.com\/de\/produkt\/werkstattplaner-1-mitarbeiter\/#primaryimage\"},\"image\":{\"@id\":\"https:\/\/www.autotag-online.com\/de\/produkt\/werkstattplaner-1-mitarbeiter\/#primaryimage\"},\"thumbnailUrl\":\"https:\/\/www.autotag-online.com\/wp-content\/uploads\/2016\/11\/4494500450195WSPB95195person9540vertical4146jpg.html\",\"datePublished\":\"2016-11-21T12:49:29+00:00\",\"dateModified\":\"2020-01-17T13:25:28+00:00\",\"description\":\"Werkstatt planer tafel ist einfach und effizient f\u00fcr das organisieren vonn die arbeit in die werkstatt. Lieferbar vonn 1 biss 10 personen\",\"breadcrumb\":{\"@id\":\"https:\/\/www.autotag-online.com\/de\/produkt\/werkstattplaner-1-mitarbeiter\/#breadcrumb\"},\"inLanguage\":\"de\",\"potentialAction\":[{\"@type\":\"ReadAction\",\"target\":[\"https:\/\/www.autotag-online.com\/de\/produkt\/werkstattplaner-1-mitarbeiter\/\"]}]},{\"@type\":\"ImageObject\",\"inLanguage\":\"de\",\"@id\":\"https:\/\/www.autotag-online.com\/de\/produkt\/werkstattplaner-1-mitarbeiter\/#primaryimage\",\"url\":\"https:\/\/www.autotag-online.com\/wp-content\/uploads\/2016\/11\/4494500450195WSPB95195person9540vertical4146jpg.html\",\"contentUrl\":\"https:\/\/www.autotag-online.com\/wp-content\/uploads\/2016\/11\/4494500450195WSPB95195person9540vertical4146jpg.html\",\"width\":510,\"height\":770},{\"@type\":\"BreadcrumbList\",\"@id\":\"https:\/\/www.autotag-online.com\/de\/produkt\/werkstattplaner-1-mitarbeiter\/#breadcrumb\",\"itemListElement\":[{\"@type\":\"ListItem\",\"position\":1,\"name\":\"Home\",\"item\":\"https:\/\/www.autotag-online.com\/de\/\"},{\"@type\":\"ListItem\",\"position\":2,\"name\":\"Alle Katagorien\",\"item\":\"https:\/\/www.autotag-online.com\/de\/shop-de\/\"},{\"@type\":\"ListItem\",\"position\":3,\"name\":\"Werkstatt\",\"item\":\"https:\/\/www.autotag-online.com\/de\/produkt-kategorie\/geen-onderdeel-van-een-categorie\/werkstatt\/\"},{\"@type\":\"ListItem\",\"position\":4,\"name\":\"Werkstattplaner &#8211; 1 Mitarbeiter\"}]},{\"@type\":\"WebSite\",\"@id\":\"https:\/\/www.autotag-online.com\/de\/#website\",\"url\":\"https:\/\/www.autotag-online.com\/de\/\",\"name\":\"Autotag\",\"description\":\"Spezialisierte Gro\u00dfhandel und kaufwaren lieferant von Schl\u00fcsselanh\u00e4nger und zubeh\u00f6r vor die Autohandel\",\"publisher\":{\"@id\":\"https:\/\/www.autotag-online.com\/de\/#organization\"},\"potentialAction\":[{\"@type\":\"SearchAction\",\"target\":{\"@type\":\"EntryPoint\",\"urlTemplate\":\"https:\/\/www.autotag-online.com\/de\/?s={search_term_string}\"},\"query-input\":{\"@type\":\"PropertyValueSpecification\",\"valueRequired\":true,\"valueName\":\"search_term_string\"}}],\"inLanguage\":\"de\"},{\"@type\":\"Organization\",\"@id\":\"https:\/\/www.autotag-online.com\/de\/#organization\",\"name\":\"Autotag\",\"url\":\"https:\/\/www.autotag-online.com\/de\/\",\"logo\":{\"@type\":\"ImageObject\",\"inLanguage\":\"de\",\"@id\":\"https:\/\/www.autotag-online.com\/de\/#\/schema\/logo\/image\/\",\"url\":\"https:\/\/www.autotag-online.com\/wp-content\/uploads\/2016\/11\/cropped-logo-2.png\",\"contentUrl\":\"https:\/\/www.autotag-online.com\/wp-content\/uploads\/2016\/11\/cropped-logo-2.png\",\"width\":628,\"height\":110,\"caption\":\"Autotag\"},\"image\":{\"@id\":\"https:\/\/www.autotag-online.com\/de\/#\/schema\/logo\/image\/\"}}]}<\/script>\n<!-- \/ Yoast SEO plugin. -->","yoast_head_json":{"title":"Werkstatt planer und panungs systeme- Autotag bekannte lieferant vonn zubeh\u00f6r f\u00fcr den automobill branche","description":"Werkstatt planer tafel ist einfach und effizient f\u00fcr das organisieren vonn die arbeit in die werkstatt. Lieferbar vonn 1 biss 10 personen","robots":{"index":"index","follow":"follow","max-snippet":"max-snippet:-1","max-image-preview":"max-image-preview:large","max-video-preview":"max-video-preview:-1"},"canonical":"https:\/\/www.autotag-online.com\/de\/produkt\/werkstattplaner-1-mitarbeiter\/","og_locale":"de_DE","og_type":"article","og_title":"Werkstatt planer und panungs systeme- Autotag bekannte lieferant vonn zubeh\u00f6r f\u00fcr den automobill branche","og_description":"Werkstatt planer tafel ist einfach und effizient f\u00fcr das organisieren vonn die arbeit in die werkstatt. Lieferbar vonn 1 biss 10 personen","og_url":"https:\/\/www.autotag-online.com\/de\/produkt\/werkstattplaner-1-mitarbeiter\/","og_site_name":"Autotag","article_modified_time":"2020-01-17T13:25:28+00:00","og_image":[{"width":510,"height":770,"url":"https:\/\/www.autotag-online.com\/wp-content\/uploads\/2016\/11\/4494500450195WSPB95195person9540vertical4146jpg.html","type":"image\/jpeg"}],"twitter_card":"summary_large_image","schema":{"@context":"https:\/\/schema.org","@graph":[{"@type":"WebPage","@id":"https:\/\/www.autotag-online.com\/de\/produkt\/werkstattplaner-1-mitarbeiter\/","url":"https:\/\/www.autotag-online.com\/de\/produkt\/werkstattplaner-1-mitarbeiter\/","name":"Werkstatt planer und panungs systeme- Autotag bekannte lieferant vonn zubeh\u00f6r f\u00fcr den automobill branche","isPartOf":{"@id":"https:\/\/www.autotag-online.com\/de\/#website"},"primaryImageOfPage":{"@id":"https:\/\/www.autotag-online.com\/de\/produkt\/werkstattplaner-1-mitarbeiter\/#primaryimage"},"image":{"@id":"https:\/\/www.autotag-online.com\/de\/produkt\/werkstattplaner-1-mitarbeiter\/#primaryimage"},"thumbnailUrl":"https:\/\/www.autotag-online.com\/wp-content\/uploads\/2016\/11\/4494500450195WSPB95195person9540vertical4146jpg.html","datePublished":"2016-11-21T12:49:29+00:00","dateModified":"2020-01-17T13:25:28+00:00","description":"Werkstatt planer tafel ist einfach und effizient f\u00fcr das organisieren vonn die arbeit in die werkstatt. Lieferbar vonn 1 biss 10 personen","breadcrumb":{"@id":"https:\/\/www.autotag-online.com\/de\/produkt\/werkstattplaner-1-mitarbeiter\/#breadcrumb"},"inLanguage":"de","potentialAction":[{"@type":"ReadAction","target":["https:\/\/www.autotag-online.com\/de\/produkt\/werkstattplaner-1-mitarbeiter\/"]}]},{"@type":"ImageObject","inLanguage":"de","@id":"https:\/\/www.autotag-online.com\/de\/produkt\/werkstattplaner-1-mitarbeiter\/#primaryimage","url":"https:\/\/www.autotag-online.com\/wp-content\/uploads\/2016\/11\/4494500450195WSPB95195person9540vertical4146jpg.html","contentUrl":"https:\/\/www.autotag-online.com\/wp-content\/uploads\/2016\/11\/4494500450195WSPB95195person9540vertical4146jpg.html","width":510,"height":770},{"@type":"BreadcrumbList","@id":"https:\/\/www.autotag-online.com\/de\/produkt\/werkstattplaner-1-mitarbeiter\/#breadcrumb","itemListElement":[{"@type":"ListItem","position":1,"name":"Home","item":"https:\/\/www.autotag-online.com\/de\/"},{"@type":"ListItem","position":2,"name":"Alle Katagorien","item":"https:\/\/www.autotag-online.com\/de\/shop-de\/"},{"@type":"ListItem","position":3,"name":"Werkstatt","item":"https:\/\/www.autotag-online.com\/de\/produkt-kategorie\/geen-onderdeel-van-een-categorie\/werkstatt\/"},{"@type":"ListItem","position":4,"name":"Werkstattplaner &#8211; 1 Mitarbeiter"}]},{"@type":"WebSite","@id":"https:\/\/www.autotag-online.com\/de\/#website","url":"https:\/\/www.autotag-online.com\/de\/","name":"Autotag","description":"Spezialisierte Gro\u00dfhandel und kaufwaren lieferant von Schl\u00fcsselanh\u00e4nger und zubeh\u00f6r vor die Autohandel","publisher":{"@id":"https:\/\/www.autotag-online.com\/de\/#organization"},"potentialAction":[{"@type":"SearchAction","target":{"@type":"EntryPoint","urlTemplate":"https:\/\/www.autotag-online.com\/de\/?s={search_term_string}"},"query-input":{"@type":"PropertyValueSpecification","valueRequired":true,"valueName":"search_term_string"}}],"inLanguage":"de"},{"@type":"Organization","@id":"https:\/\/www.autotag-online.com\/de\/#organization","name":"Autotag","url":"https:\/\/www.autotag-online.com\/de\/","logo":{"@type":"ImageObject","inLanguage":"de","@id":"https:\/\/www.autotag-online.com\/de\/#\/schema\/logo\/image\/","url":"https:\/\/www.autotag-online.com\/wp-content\/uploads\/2016\/11\/cropped-logo-2.png","contentUrl":"https:\/\/www.autotag-online.com\/wp-content\/uploads\/2016\/11\/cropped-logo-2.png","width":628,"height":110,"caption":"Autotag"},"image":{"@id":"https:\/\/www.autotag-online.com\/de\/#\/schema\/logo\/image\/"}}]}},"_links":{"self":[{"href":"https:\/\/www.autotag-online.com\/de\/wp-json\/wp\/v2\/product\/21432","targetHints":{"allow":["GET"]}}],"collection":[{"href":"https:\/\/www.autotag-online.com\/de\/wp-json\/wp\/v2\/product"}],"about":[{"href":"https:\/\/www.autotag-online.com\/de\/wp-json\/wp\/v2\/types\/product"}],"replies":[{"embeddable":true,"href":"https:\/\/www.autotag-online.com\/de\/wp-json\/wp\/v2\/comments?post=21432"}],"wp:featuredmedia":[{"embeddable":true,"href":"https:\/\/www.autotag-online.com\/de\/wp-json\/wp\/v2\/media\/363"}],"wp:attachment":[{"href":"https:\/\/www.autotag-online.com\/de\/wp-json\/wp\/v2\/media?parent=21432"}],"wp:term":[{"taxonomy":"product_brand","embeddable":true,"href":"https:\/\/www.autotag-online.com\/de\/wp-json\/wp\/v2\/product_brand?post=21432"},{"taxonomy":"product_cat","embeddable":true,"href":"https:\/\/www.autotag-online.com\/de\/wp-json\/wp\/v2\/product_cat?post=21432"},{"taxonomy":"product_tag","embeddable":true,"href":"https:\/\/www.autotag-online.com\/de\/wp-json\/wp\/v2\/product_tag?post=21432"}],"curies":[{"name":"wp","href":"https:\/\/api.w.org\/{rel}","templated":true}]}}