{"id":38657,"date":"2022-03-03T22:28:28","date_gmt":"2022-03-03T22:28:28","guid":{"rendered":"https:\/\/www.autotag-online.com\/eori-nummer\/"},"modified":"2022-03-11T09:11:19","modified_gmt":"2022-03-11T09:11:19","slug":"eori","status":"publish","type":"page","link":"https:\/\/www.autotag-online.com\/de\/eori\/","title":{"rendered":"EORI-NUMMER"},"content":{"rendered":"\n<p><\/p>\n\n<p>Was ist eine EORI-Nummer und warum ist sie jetzt so wichtig f\u00fcr Autotag-Bestellungen?<\/p>\n\n<p>Die Gesetzgebung verlangt, dass ALLE Warensendungen, die zwischen einem Nicht-EU-Land und einem Land in der EU transportiert werden, eine EORI-Nummer f\u00fcr beide Unternehmen aufweisen M\u00dcSSEN.<\/p>\n\n<p>Wir versenden keine Sendung ohne g\u00fcltige EORI-Nummer, da diese vom EU-Zoll zur\u00fcckgewiesen und an uns zur\u00fcckgesendet wird.<\/p>\n\n<p>Die EORI-Nummer f\u00fcr Autotag Trading Ltd. lautet GB141249044000.<\/p>\n\n<p>Welche Optionen haben Autotag-Kunden?<\/p>\n\n<p>EORI-NUMMER BEREIT\u2026<\/p>\n\n<p>Wenn Sie bereits eine EORI-Nummer haben und diese bei Ihrer Bestellung auf unserer Website zur Hand haben, geben Sie diese bitte in das daf\u00fcr vorgesehene Feld ein und schlie\u00dfen Sie Ihre Bestellung ab. Wir validieren die Nummer auf der Website der Europ\u00e4ischen Kommission und bearbeiten Ihre Bestellung auf die \u00fcbliche Weise. Ihre Bestellung wird dann per FedEx versendet.<\/p>\n\n<p>HABE EORI-NUMMER ABER NICHT ZUR HAND\u2026<\/p>\n\n<p>Wenn Sie bereits eine EORI-Nummer haben, diese aber nicht zur Hand haben, wenn Sie Ihre Bestellung aufgeben m\u00f6chten, aktivieren Sie das Kontrollk\u00e4stchen, um anzugeben, dass die EORI nummer derzeit nicht verf\u00fcgbar ist. Wir halten Ihre Bestellung zur\u00fcck, bis wir die EORI-Nummer von Ihnen erhalten haben.<\/p>\n\n<p>Wir werden Sie kontaktieren, um es uns zuzusenden, damit Verz\u00f6gerungen beim Versand Ihrer Bestellung minimiert werden.<\/p>\n\n<p>M\u00dcSSEN SIE SICH F\u00dcR IHRE EORI-NUMMER REGISTRIEREN\u2026<\/p>\n\n<p>Falls Sie sich noch nicht beim Zoll Ihres Landes angemeldet haben, empfehlen wir Ihnen dies \u2013 nicht nur f\u00fcr Ihre Autotag-Bestellung, sondern auch f\u00fcr andere Transaktionen mit L\u00e4ndern in Nicht-EU-L\u00e4ndern.<\/p>\n\n<p>Das Feedback unserer Kunden deutet darauf hin, dass dies sehr schnell (ein oder zwei Tage), sehr einfach und kostenlos ist. Sobald Sie Ihre EORI-Nummer haben, k\u00f6nnen Sie die f\u00fcr andere Importe\/Exporte mit anderen Unternehmen in Nicht-EU-L\u00e4ndern verwenden. Es gilt nicht nur f\u00fcr Bestellungen von Autotag, sondern auch f\u00fcr andere Lieferanten auserhalb die EU.<\/p>\n\n<p>Wenn Sie sich noch nicht beim Zoll registriert haben, um Ihre EORI zu erhalten, folgen Sie dem Link auf der Seite.<\/p>\n\n<p>Sie k\u00f6nnen uns dann Ihre EORI-Nummer mitteilen und wir werden Ihren Bestellvorgang aktualisieren, bis er abgeschlossen ist.<\/p>\n\n<p>BITTE BEACHTEN SIE FOLGENDES&#8230;<\/p>\n\n<p>Wenn Sie sich nicht f\u00fcr EORI registrieren und anschlie\u00dfend Ihre Bestellung bei uns stornieren und eine R\u00fcckerstattung bereits gezahlter Betr\u00e4ge per Kreditkarte, PayPal oder einer anderen elektronischen Zahlungsmethode verlangen, behalten wir uns das Recht vor, eine Bearbeitungsgeb\u00fchr von 15,00 \u20ac zu erheben von den uns entstehenden Kosten abgezogen.<\/p>\n\n<p><\/p>\n\n<p><\/p>\n\n<p><\/p>\n\n<p><\/p>\n\n<p><\/p>\n\n<p><\/p>\n\n<p><\/p>\n\n<p><\/p>\n\n<p><\/p>\n\n<p><\/p>\n\n<p><\/p>\n\n<p><\/p>\n\n<p><\/p>\n\n<p><\/p>\n\n<p><\/p>\n\n<p><\/p>\n\n<p><\/p>\n\n<p><\/p>\n\n<p><\/p>\n\n<p><\/p>\n\n<p><\/p>\n\n<p><\/p>\n\n<p><\/p>\n\n<p><\/p>\n\n<p><\/p>\n\n<p><\/p>\n\n<p><\/p>\n\n<p><\/p>\n\n<p><\/p>\n\n<p><\/p>\n\n<p><\/p>\n\n<p><\/p>\n\n<p><\/p>\n\n<p><\/p>\n\n<p><\/p>\n\n<p><\/p>\n\n<p><\/p>\n\n<p><\/p>\n\n<p><\/p>\n\n<p><\/p>\n\n<p><\/p>\n\n<p><\/p>\n\n<p><\/p>\n\n<p><\/p>\n\n<p><\/p>\n\n<p><\/p>\n\n<p><\/p>\n\n<p><\/p>\n\n<p><\/p>\n\n<p><\/p>\n\n<p><\/p>\n\n<p><\/p>\n\n<p><\/p>\n\n<p><\/p>\n\n<p><\/p>\n\n<p><\/p>\n\n<p><\/p>\n\n<p><\/p>\n\n<p><\/p>\n\n<p><\/p>\n","protected":false},"excerpt":{"rendered":"<p>Was ist eine EORI-Nummer und warum ist sie jetzt so wichtig f\u00fcr Autotag-Bestellungen? Die Gesetzgebung verlangt, dass ALLE Warensendungen, die zwischen einem Nicht-EU-Land und einem Land in der EU transportiert werden, eine EORI-Nummer f\u00fcr beide Unternehmen aufweisen M\u00dcSSEN. Wir versenden keine Sendung ohne g\u00fcltige EORI-Nummer, da diese vom EU-Zoll zur\u00fcckgewiesen und an uns zur\u00fcckgesendet wird. [&hellip;]<\/p>\n","protected":false},"author":2,"featured_media":0,"parent":0,"menu_order":0,"comment_status":"closed","ping_status":"closed","template":"","meta":{"_acf_changed":false,"footnotes":""},"class_list":["post-38657","page","type-page","status-publish","hentry"],"acf":[],"yoast_head":"<!-- This site is optimized with the Yoast SEO plugin v27.2 - https:\/\/yoast.com\/product\/yoast-seo-wordpress\/ -->\n<title>EORI-NUMMER - Autotag<\/title>\n<meta name=\"robots\" content=\"index, follow, max-snippet:-1, max-image-preview:large, max-video-preview:-1\" \/>\n<link rel=\"canonical\" href=\"https:\/\/www.autotag-online.com\/de\/eori\/\" \/>\n<meta property=\"og:locale\" content=\"de_DE\" \/>\n<meta property=\"og:type\" content=\"article\" \/>\n<meta property=\"og:title\" content=\"EORI-NUMMER - Autotag\" \/>\n<meta property=\"og:description\" content=\"Was ist eine EORI-Nummer und warum ist sie jetzt so wichtig f\u00fcr Autotag-Bestellungen? Die Gesetzgebung verlangt, dass ALLE Warensendungen, die zwischen einem Nicht-EU-Land und einem Land in der EU transportiert werden, eine EORI-Nummer f\u00fcr beide Unternehmen aufweisen M\u00dcSSEN. Wir versenden keine Sendung ohne g\u00fcltige EORI-Nummer, da diese vom EU-Zoll zur\u00fcckgewiesen und an uns zur\u00fcckgesendet wird. [&hellip;]\" \/>\n<meta property=\"og:url\" content=\"https:\/\/www.autotag-online.com\/de\/eori\/\" \/>\n<meta property=\"og:site_name\" content=\"Autotag\" \/>\n<meta property=\"article:modified_time\" content=\"2022-03-11T09:11:19+00:00\" \/>\n<meta name=\"twitter:card\" content=\"summary_large_image\" \/>\n<meta name=\"twitter:label1\" content=\"Gesch\u00e4tzte Lesezeit\" \/>\n\t<meta name=\"twitter:data1\" content=\"2\u00a0Minuten\" \/>\n<script type=\"application\/ld+json\" class=\"yoast-schema-graph\">{\"@context\":\"https:\/\/schema.org\",\"@graph\":[{\"@type\":\"WebPage\",\"@id\":\"https:\/\/www.autotag-online.com\/de\/eori\/\",\"url\":\"https:\/\/www.autotag-online.com\/de\/eori\/\",\"name\":\"EORI-NUMMER - Autotag\",\"isPartOf\":{\"@id\":\"https:\/\/www.autotag-online.com\/de\/#website\"},\"datePublished\":\"2022-03-03T22:28:28+00:00\",\"dateModified\":\"2022-03-11T09:11:19+00:00\",\"breadcrumb\":{\"@id\":\"https:\/\/www.autotag-online.com\/de\/eori\/#breadcrumb\"},\"inLanguage\":\"de\",\"potentialAction\":[{\"@type\":\"ReadAction\",\"target\":[\"https:\/\/www.autotag-online.com\/de\/eori\/\"]}]},{\"@type\":\"BreadcrumbList\",\"@id\":\"https:\/\/www.autotag-online.com\/de\/eori\/#breadcrumb\",\"itemListElement\":[{\"@type\":\"ListItem\",\"position\":1,\"name\":\"Home\",\"item\":\"https:\/\/www.autotag-online.com\/de\/\"},{\"@type\":\"ListItem\",\"position\":2,\"name\":\"EORI-NUMMER\"}]},{\"@type\":\"WebSite\",\"@id\":\"https:\/\/www.autotag-online.com\/de\/#website\",\"url\":\"https:\/\/www.autotag-online.com\/de\/\",\"name\":\"Autotag\",\"description\":\"Spezialisierte Gro\u00dfhandel und kaufwaren lieferant von Schl\u00fcsselanh\u00e4nger und zubeh\u00f6r vor die Autohandel\",\"publisher\":{\"@id\":\"https:\/\/www.autotag-online.com\/de\/#organization\"},\"potentialAction\":[{\"@type\":\"SearchAction\",\"target\":{\"@type\":\"EntryPoint\",\"urlTemplate\":\"https:\/\/www.autotag-online.com\/de\/?s={search_term_string}\"},\"query-input\":{\"@type\":\"PropertyValueSpecification\",\"valueRequired\":true,\"valueName\":\"search_term_string\"}}],\"inLanguage\":\"de\"},{\"@type\":\"Organization\",\"@id\":\"https:\/\/www.autotag-online.com\/de\/#organization\",\"name\":\"Autotag\",\"url\":\"https:\/\/www.autotag-online.com\/de\/\",\"logo\":{\"@type\":\"ImageObject\",\"inLanguage\":\"de\",\"@id\":\"https:\/\/www.autotag-online.com\/de\/#\/schema\/logo\/image\/\",\"url\":\"https:\/\/www.autotag-online.com\/wp-content\/uploads\/2016\/11\/cropped-logo-2.png\",\"contentUrl\":\"https:\/\/www.autotag-online.com\/wp-content\/uploads\/2016\/11\/cropped-logo-2.png\",\"width\":628,\"height\":110,\"caption\":\"Autotag\"},\"image\":{\"@id\":\"https:\/\/www.autotag-online.com\/de\/#\/schema\/logo\/image\/\"}}]}<\/script>\n<!-- \/ Yoast SEO plugin. -->","yoast_head_json":{"title":"EORI-NUMMER - Autotag","robots":{"index":"index","follow":"follow","max-snippet":"max-snippet:-1","max-image-preview":"max-image-preview:large","max-video-preview":"max-video-preview:-1"},"canonical":"https:\/\/www.autotag-online.com\/de\/eori\/","og_locale":"de_DE","og_type":"article","og_title":"EORI-NUMMER - Autotag","og_description":"Was ist eine EORI-Nummer und warum ist sie jetzt so wichtig f\u00fcr Autotag-Bestellungen? Die Gesetzgebung verlangt, dass ALLE Warensendungen, die zwischen einem Nicht-EU-Land und einem Land in der EU transportiert werden, eine EORI-Nummer f\u00fcr beide Unternehmen aufweisen M\u00dcSSEN. Wir versenden keine Sendung ohne g\u00fcltige EORI-Nummer, da diese vom EU-Zoll zur\u00fcckgewiesen und an uns zur\u00fcckgesendet wird. [&hellip;]","og_url":"https:\/\/www.autotag-online.com\/de\/eori\/","og_site_name":"Autotag","article_modified_time":"2022-03-11T09:11:19+00:00","twitter_card":"summary_large_image","twitter_misc":{"Gesch\u00e4tzte Lesezeit":"2\u00a0Minuten"},"schema":{"@context":"https:\/\/schema.org","@graph":[{"@type":"WebPage","@id":"https:\/\/www.autotag-online.com\/de\/eori\/","url":"https:\/\/www.autotag-online.com\/de\/eori\/","name":"EORI-NUMMER - Autotag","isPartOf":{"@id":"https:\/\/www.autotag-online.com\/de\/#website"},"datePublished":"2022-03-03T22:28:28+00:00","dateModified":"2022-03-11T09:11:19+00:00","breadcrumb":{"@id":"https:\/\/www.autotag-online.com\/de\/eori\/#breadcrumb"},"inLanguage":"de","potentialAction":[{"@type":"ReadAction","target":["https:\/\/www.autotag-online.com\/de\/eori\/"]}]},{"@type":"BreadcrumbList","@id":"https:\/\/www.autotag-online.com\/de\/eori\/#breadcrumb","itemListElement":[{"@type":"ListItem","position":1,"name":"Home","item":"https:\/\/www.autotag-online.com\/de\/"},{"@type":"ListItem","position":2,"name":"EORI-NUMMER"}]},{"@type":"WebSite","@id":"https:\/\/www.autotag-online.com\/de\/#website","url":"https:\/\/www.autotag-online.com\/de\/","name":"Autotag","description":"Spezialisierte Gro\u00dfhandel und kaufwaren lieferant von Schl\u00fcsselanh\u00e4nger und zubeh\u00f6r vor die Autohandel","publisher":{"@id":"https:\/\/www.autotag-online.com\/de\/#organization"},"potentialAction":[{"@type":"SearchAction","target":{"@type":"EntryPoint","urlTemplate":"https:\/\/www.autotag-online.com\/de\/?s={search_term_string}"},"query-input":{"@type":"PropertyValueSpecification","valueRequired":true,"valueName":"search_term_string"}}],"inLanguage":"de"},{"@type":"Organization","@id":"https:\/\/www.autotag-online.com\/de\/#organization","name":"Autotag","url":"https:\/\/www.autotag-online.com\/de\/","logo":{"@type":"ImageObject","inLanguage":"de","@id":"https:\/\/www.autotag-online.com\/de\/#\/schema\/logo\/image\/","url":"https:\/\/www.autotag-online.com\/wp-content\/uploads\/2016\/11\/cropped-logo-2.png","contentUrl":"https:\/\/www.autotag-online.com\/wp-content\/uploads\/2016\/11\/cropped-logo-2.png","width":628,"height":110,"caption":"Autotag"},"image":{"@id":"https:\/\/www.autotag-online.com\/de\/#\/schema\/logo\/image\/"}}]}},"_links":{"self":[{"href":"https:\/\/www.autotag-online.com\/de\/wp-json\/wp\/v2\/pages\/38657","targetHints":{"allow":["GET"]}}],"collection":[{"href":"https:\/\/www.autotag-online.com\/de\/wp-json\/wp\/v2\/pages"}],"about":[{"href":"https:\/\/www.autotag-online.com\/de\/wp-json\/wp\/v2\/types\/page"}],"author":[{"embeddable":true,"href":"https:\/\/www.autotag-online.com\/de\/wp-json\/wp\/v2\/users\/2"}],"replies":[{"embeddable":true,"href":"https:\/\/www.autotag-online.com\/de\/wp-json\/wp\/v2\/comments?post=38657"}],"version-history":[{"count":0,"href":"https:\/\/www.autotag-online.com\/de\/wp-json\/wp\/v2\/pages\/38657\/revisions"}],"wp:attachment":[{"href":"https:\/\/www.autotag-online.com\/de\/wp-json\/wp\/v2\/media?parent=38657"}],"curies":[{"name":"wp","href":"https:\/\/api.w.org\/{rel}","templated":true}]}}