{"id":25301,"date":"2017-07-12T13:08:35","date_gmt":"2017-07-12T12:08:35","guid":{"rendered":"https:\/\/www.autotag.co.uk\/ausdrucke-und-bedingungen\/"},"modified":"2024-02-29T15:51:37","modified_gmt":"2024-02-29T15:51:37","slug":"ausdrucke-und-bedingungen","status":"publish","type":"page","link":"https:\/\/www.autotag-online.com\/de\/ausdrucke-und-bedingungen\/","title":{"rendered":"Ausdrucke und bedingungen"},"content":{"rendered":"<p>AUTOAG TRADING LIMITES &#8211; AUSDRUCKE UND BEDINGUNGEN BEI VERKAUF.<\/p>\n<p>DEFINITIONEN.<\/p>\n<p>&#8222;Kaufer&#8220; bedeutet, die private person, betrieb oder korporation die die bestellung macht.<\/p>\n<p>&#8222;Bedingungen&#8220; bedeutet, die standard ausdrucke und bedingungen f\u00fcr eine verkauf stehen darin.<\/p>\n<p>&#8222;Vertrag&#8220; bedeutet, das vertrag f\u00fcr den verkauf von produkte folgens die bedingungen.<\/p>\n<p>&#8222;Ware&#8220;bedeutet, die ware die die verkaufer verkauft an der kaufer.<\/p>\n<p>&#8222;Verkaufer&#8220;bedeutet, Autotag Trading Limited.<\/p>\n<p>STATUS.<\/p>\n<p>Es sei denn schriftlicht vereinbart mit den verkaufer, die bedingungen werden alle ausdrucke und bedingungen hinterlegen wie vorgestellt, durchgesetzt oder referiert nach der kaufer durch ein briegwechsel, auf das anfrageformular oder anderswo. Kein von den verkaufer&#8217;s, vertreter oder mittarbeiter sind berechtigt um mit den kaufer abmachungen zu machen die widerspr\u00fcchlich sind mit dieser bedingungen, ohne schriftliche vereinbarung von eine die direktoren des verkaufer.<\/p>\n<p>Die beschreibung, data und bilder in jede brochure, katalog, preisliste oder andere anzeige material ausgegeben oder ver\u00f6ffentlicht (oder geschrieben ob elektronisch oder auf die website von die verkaufer) durch den verkaufer ist nur f\u00fcr illustratiefe zweck und wirt niemals abh\u00e4ngen von jeder vertrag.<\/p>\n<p>Das vertrag wirt entschieden durch die gesetze von England.<\/p>\n<p>ANGEBOT.<\/p>\n<p>Angebote und preisliste ausgegeben durch den verkaufer formen kein angebot um die ware zu verkaufen. Alle angebote sein 30 tagen g\u00fcltig ab die datum auf das angebot, es sei denn durch schriftliche \u00fcbereinstimmung f\u00fcr verl\u00e4ngerung durch die verkaufer. Alle angegeben preise sein ohne MwSt es sei denn anders angegeben. MwSt gegen das aktuelle tarif wirt beigef\u00fcgt an alle preise auf die rechnung f\u00fcr den kaufer.<\/p>\n<p>BEZAHLUNG.<\/p>\n<p>Die zahlungfrist ist 30 tagen ab die datum auf die rechnung wenn es sich um ein Credit Account h\u00e4ndelt, wenn mann kein Credit Account hat m\u00fcssen die ware zuvor bezahlt erst dann wirt die bestellung abgeschickt. Wenn die zahlung nicht rechtzeitig empvangen ist, darf die verkaufer die ware zuruck holen. Der verkaufer hat das recht um Credit Accounts zu beenden wenn es zu oft passiert das mann zu sp\u00e4t bezahlt. Die verkaufer sol informiert werden wenn die ware nicht innerhalb 10 tagen von die datum auf die rechnung empvangen ist.<\/p>\n<p>Autotag berechnet kosten von 15,00 \u20ac f\u00fcr R\u00fcckzahlungen an den Kunden, wenn dieser seine Meinung ge\u00e4ndert hat,\u00a0 oder f\u00fcr fehlerhafte Doppelzahlungen usw. Diese kosten dienen zur Deckung der Bankkosten und unserer Verwaltungskosten f\u00fcr solche R\u00fcckzahlungen.<\/p>\n<p>GARANTIE UND DEFEKTE &#8211; BEGRENZUNG VON VERFPLICHTUNG.<\/p>\n<p>Der verkaufer garantiert an den kaufer das die ware bei ablieferung keine defekte haben durch gebrauch von verkerht material oder verabeitung so lange wie:<\/p>\n<p>Der kaufer, die verkaufer alle details von das defekt direkt durch gebt innerhalb von 7 tagen nach lieferung.<\/p>\n<p>Die ware folgens den verkaufer nicht gelitten haben durch falsche und unvorsichtige aufslag oder falsche installation.<\/p>\n<p>Wenn es passiert das der kaufer eine besch\u00e4digung claimt an der verkaufer die unter den garantie f\u00e4llt, und das f\u00e4llt unter den verpfilchting des verkaufer wirt die wert von die ware niemals hoher sein das was man bezahlt hat. um alle zweifel zu vermeiden, der verkaufer hat keine verpfilchtung an der kaufer unter welches teil von das vertrag dann auch, wenn die claim durch den kaufer selber ist verursacht.<\/p>\n<p>Wenn es passiert das der kaufer ein besch\u00e4digung claimt der unter den garantie velt, darf den verkaufer nach sein belieben die ware kontrollieren( und wenn die kondition nicht besch\u00e4digt ist durch die versendung) dies reparieren oder ersetzen, oder zuruck zu nehmen und zuru\u00fcckzahlen.<\/p>\n<p>Falsche ware: es ist die verantwortlichkeit von den kaufer um der verkaufer auf die h\u00f6he zu bringen innerhalb 7 tagen nach lieferung, das er die falsche ware bekommen hat. Im f\u00e4lle von falsch gelieferte ware muss den verkaufer so schnell wie m\u00f6glich aktion unten nehmen um die ware zu ersetzen.<\/p>\n<p>Zu wenig: Es ist die verantwortlichkeit von den kaufer um bei ablieferung zu zeichnen f\u00fcr empfang von der richtige menge die auf denn lieferschein steht. Wenn zu wenig geliefert ist muss der kaufer dies notieren auf den lieferschein und der verkaufer von diesem informieren innerhalb von 7 tagen nach lieferung.<\/p>\n<p>LIEFERUNG:<\/p>\n<p>Der verkaufer soll alles tun um die ware fr\u00fchzeitig zu liefern, aber wirt nicht verantwortlich sein wenn die lieferung fehlt, der zeit f\u00fcr lieferung ist kein essenz in der vertrag.<\/p>\n<p>Die verkaufer darf die lieferung nur abweisen wenn:<\/p>\n<p>das der kaufer nach der datum von die best\u00e4tigung ein bericht schickt mit eine specialle datum f\u00fcr die liefeung<\/p>\n<p>Der verkaufer hat die datum erlaubt<\/p>\n<p>Alle produkte und service sein unterteil von verf\u00fcgbarkeit und darfen immer zur\u00fcchgezogen werden. Wenn der verkaufer die ware nicht liefert um welche grund dann auch werden die ware nicht in rechnung gebracht und wirt zuruck bezahlt wenn der kaufer sch\u00f6n bezahlt hat.<\/p>\n<p>Die inhalt von den website ersetzt alle forhergehende.<\/p>\n<p style=\"text-align: left;\"><b>Our Contact details:<\/b><br \/>\nAutotag Trading Ltd<br \/>\nUnit 2, Handlemaker Road<br \/>\nMarston Trading Estate<br \/>\nFrome<br \/>\nSomerset<br \/>\nBA11 4RW<br \/>\nUnited Kingdom<\/p>\n<p style=\"text-align: left;\">Phone: 0844 225 0155<br \/>\nFax: 0844 225 0166<br \/>\nEmail: kundenberteuung@autotag-online.com<br \/>\nOur VAT Registration Number: GB 141 2490 44<\/p>\n<p style=\"text-align: left;\"><b>Registered address:<\/b><br \/>\nAutotag Trading Limited<br \/>\nUnit 2, Handlemaker Road<br \/>\nMarston Trading Estate<br \/>\nFrome<br \/>\nSomerset<br \/>\nBA11 4RW<\/p>\n<p>Reg: 07158108<\/p>\n<p>Sie k\u00f6nnen uns erreichen bei die e-mail link auf unsere website.<\/p>\n<p>PRIVECY RICHTLINIE:<\/p>\n<p>Autotag Trading Ltd wirt nimmer daten von unsere kunden durchgeben an drittel, oder es geht um eine bestellung. In dieser fal wirt dieser partei die daten nicht durchgeben.<\/p>\n","protected":false},"excerpt":{"rendered":"<p>AUTOAG TRADING LIMITES &#8211; AUSDRUCKE UND BEDINGUNGEN BEI VERKAUF. DEFINITIONEN. &#8222;Kaufer&#8220; bedeutet, die private person, betrieb oder korporation die die bestellung macht. &#8222;Bedingungen&#8220; bedeutet, die standard ausdrucke und bedingungen f\u00fcr eine verkauf stehen darin. &#8222;Vertrag&#8220; bedeutet, das vertrag f\u00fcr den verkauf von produkte folgens die bedingungen. &#8222;Ware&#8220;bedeutet, die ware die die verkaufer verkauft an der [&hellip;]<\/p>\n","protected":false},"author":1,"featured_media":0,"parent":0,"menu_order":0,"comment_status":"closed","ping_status":"closed","template":"","meta":{"_acf_changed":false,"footnotes":""},"class_list":["post-25301","page","type-page","status-publish","hentry"],"acf":[],"yoast_head":"<!-- This site is optimized with the Yoast SEO plugin v27.2 - https:\/\/yoast.com\/product\/yoast-seo-wordpress\/ -->\n<title>Ausdrucke und bedingungen - Autotag<\/title>\n<meta name=\"robots\" content=\"index, follow, max-snippet:-1, max-image-preview:large, max-video-preview:-1\" \/>\n<link rel=\"canonical\" href=\"https:\/\/www.autotag-online.com\/de\/ausdrucke-und-bedingungen\/\" \/>\n<meta property=\"og:locale\" content=\"de_DE\" \/>\n<meta property=\"og:type\" content=\"article\" \/>\n<meta property=\"og:title\" content=\"Ausdrucke und bedingungen - Autotag\" \/>\n<meta property=\"og:description\" content=\"AUTOAG TRADING LIMITES &#8211; AUSDRUCKE UND BEDINGUNGEN BEI VERKAUF. DEFINITIONEN. &#8222;Kaufer&#8220; bedeutet, die private person, betrieb oder korporation die die bestellung macht. &#8222;Bedingungen&#8220; bedeutet, die standard ausdrucke und bedingungen f\u00fcr eine verkauf stehen darin. &#8222;Vertrag&#8220; bedeutet, das vertrag f\u00fcr den verkauf von produkte folgens die bedingungen. &#8222;Ware&#8220;bedeutet, die ware die die verkaufer verkauft an der [&hellip;]\" \/>\n<meta property=\"og:url\" content=\"https:\/\/www.autotag-online.com\/de\/ausdrucke-und-bedingungen\/\" \/>\n<meta property=\"og:site_name\" content=\"Autotag\" \/>\n<meta property=\"article:modified_time\" content=\"2024-02-29T15:51:37+00:00\" \/>\n<meta name=\"twitter:card\" content=\"summary_large_image\" \/>\n<meta name=\"twitter:label1\" content=\"Gesch\u00e4tzte Lesezeit\" \/>\n\t<meta name=\"twitter:data1\" content=\"5\u00a0Minuten\" \/>\n<script type=\"application\/ld+json\" class=\"yoast-schema-graph\">{\"@context\":\"https:\/\/schema.org\",\"@graph\":[{\"@type\":\"WebPage\",\"@id\":\"https:\/\/www.autotag-online.com\/de\/ausdrucke-und-bedingungen\/\",\"url\":\"https:\/\/www.autotag-online.com\/de\/ausdrucke-und-bedingungen\/\",\"name\":\"Ausdrucke und bedingungen - Autotag\",\"isPartOf\":{\"@id\":\"https:\/\/www.autotag-online.com\/de\/#website\"},\"datePublished\":\"2017-07-12T12:08:35+00:00\",\"dateModified\":\"2024-02-29T15:51:37+00:00\",\"breadcrumb\":{\"@id\":\"https:\/\/www.autotag-online.com\/de\/ausdrucke-und-bedingungen\/#breadcrumb\"},\"inLanguage\":\"de\",\"potentialAction\":[{\"@type\":\"ReadAction\",\"target\":[\"https:\/\/www.autotag-online.com\/de\/ausdrucke-und-bedingungen\/\"]}]},{\"@type\":\"BreadcrumbList\",\"@id\":\"https:\/\/www.autotag-online.com\/de\/ausdrucke-und-bedingungen\/#breadcrumb\",\"itemListElement\":[{\"@type\":\"ListItem\",\"position\":1,\"name\":\"Home\",\"item\":\"https:\/\/www.autotag-online.com\/de\/\"},{\"@type\":\"ListItem\",\"position\":2,\"name\":\"Ausdrucke und bedingungen\"}]},{\"@type\":\"WebSite\",\"@id\":\"https:\/\/www.autotag-online.com\/de\/#website\",\"url\":\"https:\/\/www.autotag-online.com\/de\/\",\"name\":\"Autotag\",\"description\":\"Spezialisierte Gro\u00dfhandel und kaufwaren lieferant von Schl\u00fcsselanh\u00e4nger und zubeh\u00f6r vor die Autohandel\",\"publisher\":{\"@id\":\"https:\/\/www.autotag-online.com\/de\/#organization\"},\"potentialAction\":[{\"@type\":\"SearchAction\",\"target\":{\"@type\":\"EntryPoint\",\"urlTemplate\":\"https:\/\/www.autotag-online.com\/de\/?s={search_term_string}\"},\"query-input\":{\"@type\":\"PropertyValueSpecification\",\"valueRequired\":true,\"valueName\":\"search_term_string\"}}],\"inLanguage\":\"de\"},{\"@type\":\"Organization\",\"@id\":\"https:\/\/www.autotag-online.com\/de\/#organization\",\"name\":\"Autotag\",\"url\":\"https:\/\/www.autotag-online.com\/de\/\",\"logo\":{\"@type\":\"ImageObject\",\"inLanguage\":\"de\",\"@id\":\"https:\/\/www.autotag-online.com\/de\/#\/schema\/logo\/image\/\",\"url\":\"https:\/\/www.autotag-online.com\/wp-content\/uploads\/2016\/11\/cropped-logo-2.png\",\"contentUrl\":\"https:\/\/www.autotag-online.com\/wp-content\/uploads\/2016\/11\/cropped-logo-2.png\",\"width\":628,\"height\":110,\"caption\":\"Autotag\"},\"image\":{\"@id\":\"https:\/\/www.autotag-online.com\/de\/#\/schema\/logo\/image\/\"}}]}<\/script>\n<!-- \/ Yoast SEO plugin. -->","yoast_head_json":{"title":"Ausdrucke und bedingungen - Autotag","robots":{"index":"index","follow":"follow","max-snippet":"max-snippet:-1","max-image-preview":"max-image-preview:large","max-video-preview":"max-video-preview:-1"},"canonical":"https:\/\/www.autotag-online.com\/de\/ausdrucke-und-bedingungen\/","og_locale":"de_DE","og_type":"article","og_title":"Ausdrucke und bedingungen - Autotag","og_description":"AUTOAG TRADING LIMITES &#8211; AUSDRUCKE UND BEDINGUNGEN BEI VERKAUF. DEFINITIONEN. &#8222;Kaufer&#8220; bedeutet, die private person, betrieb oder korporation die die bestellung macht. &#8222;Bedingungen&#8220; bedeutet, die standard ausdrucke und bedingungen f\u00fcr eine verkauf stehen darin. &#8222;Vertrag&#8220; bedeutet, das vertrag f\u00fcr den verkauf von produkte folgens die bedingungen. &#8222;Ware&#8220;bedeutet, die ware die die verkaufer verkauft an der [&hellip;]","og_url":"https:\/\/www.autotag-online.com\/de\/ausdrucke-und-bedingungen\/","og_site_name":"Autotag","article_modified_time":"2024-02-29T15:51:37+00:00","twitter_card":"summary_large_image","twitter_misc":{"Gesch\u00e4tzte Lesezeit":"5\u00a0Minuten"},"schema":{"@context":"https:\/\/schema.org","@graph":[{"@type":"WebPage","@id":"https:\/\/www.autotag-online.com\/de\/ausdrucke-und-bedingungen\/","url":"https:\/\/www.autotag-online.com\/de\/ausdrucke-und-bedingungen\/","name":"Ausdrucke und bedingungen - Autotag","isPartOf":{"@id":"https:\/\/www.autotag-online.com\/de\/#website"},"datePublished":"2017-07-12T12:08:35+00:00","dateModified":"2024-02-29T15:51:37+00:00","breadcrumb":{"@id":"https:\/\/www.autotag-online.com\/de\/ausdrucke-und-bedingungen\/#breadcrumb"},"inLanguage":"de","potentialAction":[{"@type":"ReadAction","target":["https:\/\/www.autotag-online.com\/de\/ausdrucke-und-bedingungen\/"]}]},{"@type":"BreadcrumbList","@id":"https:\/\/www.autotag-online.com\/de\/ausdrucke-und-bedingungen\/#breadcrumb","itemListElement":[{"@type":"ListItem","position":1,"name":"Home","item":"https:\/\/www.autotag-online.com\/de\/"},{"@type":"ListItem","position":2,"name":"Ausdrucke und bedingungen"}]},{"@type":"WebSite","@id":"https:\/\/www.autotag-online.com\/de\/#website","url":"https:\/\/www.autotag-online.com\/de\/","name":"Autotag","description":"Spezialisierte Gro\u00dfhandel und kaufwaren lieferant von Schl\u00fcsselanh\u00e4nger und zubeh\u00f6r vor die Autohandel","publisher":{"@id":"https:\/\/www.autotag-online.com\/de\/#organization"},"potentialAction":[{"@type":"SearchAction","target":{"@type":"EntryPoint","urlTemplate":"https:\/\/www.autotag-online.com\/de\/?s={search_term_string}"},"query-input":{"@type":"PropertyValueSpecification","valueRequired":true,"valueName":"search_term_string"}}],"inLanguage":"de"},{"@type":"Organization","@id":"https:\/\/www.autotag-online.com\/de\/#organization","name":"Autotag","url":"https:\/\/www.autotag-online.com\/de\/","logo":{"@type":"ImageObject","inLanguage":"de","@id":"https:\/\/www.autotag-online.com\/de\/#\/schema\/logo\/image\/","url":"https:\/\/www.autotag-online.com\/wp-content\/uploads\/2016\/11\/cropped-logo-2.png","contentUrl":"https:\/\/www.autotag-online.com\/wp-content\/uploads\/2016\/11\/cropped-logo-2.png","width":628,"height":110,"caption":"Autotag"},"image":{"@id":"https:\/\/www.autotag-online.com\/de\/#\/schema\/logo\/image\/"}}]}},"_links":{"self":[{"href":"https:\/\/www.autotag-online.com\/de\/wp-json\/wp\/v2\/pages\/25301","targetHints":{"allow":["GET"]}}],"collection":[{"href":"https:\/\/www.autotag-online.com\/de\/wp-json\/wp\/v2\/pages"}],"about":[{"href":"https:\/\/www.autotag-online.com\/de\/wp-json\/wp\/v2\/types\/page"}],"author":[{"embeddable":true,"href":"https:\/\/www.autotag-online.com\/de\/wp-json\/wp\/v2\/users\/1"}],"replies":[{"embeddable":true,"href":"https:\/\/www.autotag-online.com\/de\/wp-json\/wp\/v2\/comments?post=25301"}],"version-history":[{"count":1,"href":"https:\/\/www.autotag-online.com\/de\/wp-json\/wp\/v2\/pages\/25301\/revisions"}],"predecessor-version":[{"id":48334,"href":"https:\/\/www.autotag-online.com\/de\/wp-json\/wp\/v2\/pages\/25301\/revisions\/48334"}],"wp:attachment":[{"href":"https:\/\/www.autotag-online.com\/de\/wp-json\/wp\/v2\/media?parent=25301"}],"curies":[{"name":"wp","href":"https:\/\/api.w.org\/{rel}","templated":true}]}}