{"id":23419,"date":"2017-07-04T10:09:17","date_gmt":"2017-07-04T09:09:17","guid":{"rendered":"https:\/\/www.autotag.co.uk\/kontakt-uns\/"},"modified":"2018-07-17T13:55:56","modified_gmt":"2018-07-17T12:55:56","slug":"kontakt-uns","status":"publish","type":"page","link":"https:\/\/www.autotag-online.com\/de\/kontakt-uns\/","title":{"rendered":"Kontakt Uns"},"content":{"rendered":"<p>Sie k\u00f6nnen Autotag Ltd kontaktieren bei folgende adresse:<\/p>\n<p><strong>Autotag Trading Ltd<br \/>\nUnit 2, Handlemaker Road<br \/>\nMarston Trading Estate<br \/>\nFrome<br \/>\nSomerset<br \/>\nBA11 4RW<br \/>\nUnited Kingdom<\/strong><\/p>\n<p>Oder Sie k\u00f6nnen kontakt auf nehmen mit unser verkaufs team bei:<\/p>\n<p>kundenbetreuung@autotag-online.com<\/p>\n<p>&nbsp;<\/p>\n","protected":false},"excerpt":{"rendered":"<p>Sie k\u00f6nnen Autotag Ltd kontaktieren bei folgende adresse: Autotag Trading Ltd Unit 2, Handlemaker Road Marston Trading Estate Frome Somerset BA11 4RW United Kingdom Oder Sie k\u00f6nnen kontakt auf nehmen mit unser verkaufs team bei: kundenbetreuung@autotag-online.com &nbsp;<\/p>\n","protected":false},"author":1,"featured_media":0,"parent":0,"menu_order":0,"comment_status":"closed","ping_status":"closed","template":"","meta":{"_acf_changed":false,"footnotes":""},"class_list":["post-23419","page","type-page","status-publish","hentry"],"acf":[],"yoast_head":"<!-- This site is optimized with the Yoast SEO plugin v27.2 - https:\/\/yoast.com\/product\/yoast-seo-wordpress\/ -->\n<title>Kontakt Uns - Autotag<\/title>\n<meta name=\"robots\" content=\"index, follow, max-snippet:-1, max-image-preview:large, max-video-preview:-1\" \/>\n<link rel=\"canonical\" href=\"https:\/\/www.autotag-online.com\/de\/kontakt-uns\/\" \/>\n<meta property=\"og:locale\" content=\"de_DE\" \/>\n<meta property=\"og:type\" content=\"article\" \/>\n<meta property=\"og:title\" content=\"Kontakt Uns - Autotag\" \/>\n<meta property=\"og:description\" content=\"Sie k\u00f6nnen Autotag Ltd kontaktieren bei folgende adresse: Autotag Trading Ltd Unit 2, Handlemaker Road Marston Trading Estate Frome Somerset BA11 4RW United Kingdom Oder Sie k\u00f6nnen kontakt auf nehmen mit unser verkaufs team bei: kundenbetreuung@autotag-online.com &nbsp;\" \/>\n<meta property=\"og:url\" content=\"https:\/\/www.autotag-online.com\/de\/kontakt-uns\/\" \/>\n<meta property=\"og:site_name\" content=\"Autotag\" \/>\n<meta property=\"article:modified_time\" content=\"2018-07-17T12:55:56+00:00\" \/>\n<meta name=\"twitter:card\" content=\"summary_large_image\" \/>\n<script type=\"application\/ld+json\" class=\"yoast-schema-graph\">{\"@context\":\"https:\/\/schema.org\",\"@graph\":[{\"@type\":\"WebPage\",\"@id\":\"https:\/\/www.autotag-online.com\/de\/kontakt-uns\/\",\"url\":\"https:\/\/www.autotag-online.com\/de\/kontakt-uns\/\",\"name\":\"Kontakt Uns - Autotag\",\"isPartOf\":{\"@id\":\"https:\/\/www.autotag-online.com\/de\/#website\"},\"datePublished\":\"2017-07-04T09:09:17+00:00\",\"dateModified\":\"2018-07-17T12:55:56+00:00\",\"breadcrumb\":{\"@id\":\"https:\/\/www.autotag-online.com\/de\/kontakt-uns\/#breadcrumb\"},\"inLanguage\":\"de\",\"potentialAction\":[{\"@type\":\"ReadAction\",\"target\":[\"https:\/\/www.autotag-online.com\/de\/kontakt-uns\/\"]}]},{\"@type\":\"BreadcrumbList\",\"@id\":\"https:\/\/www.autotag-online.com\/de\/kontakt-uns\/#breadcrumb\",\"itemListElement\":[{\"@type\":\"ListItem\",\"position\":1,\"name\":\"Home\",\"item\":\"https:\/\/www.autotag-online.com\/de\/\"},{\"@type\":\"ListItem\",\"position\":2,\"name\":\"Kontakt Uns\"}]},{\"@type\":\"WebSite\",\"@id\":\"https:\/\/www.autotag-online.com\/de\/#website\",\"url\":\"https:\/\/www.autotag-online.com\/de\/\",\"name\":\"Autotag\",\"description\":\"Spezialisierte Gro\u00dfhandel und kaufwaren lieferant von Schl\u00fcsselanh\u00e4nger und zubeh\u00f6r vor die Autohandel\",\"publisher\":{\"@id\":\"https:\/\/www.autotag-online.com\/de\/#organization\"},\"potentialAction\":[{\"@type\":\"SearchAction\",\"target\":{\"@type\":\"EntryPoint\",\"urlTemplate\":\"https:\/\/www.autotag-online.com\/de\/?s={search_term_string}\"},\"query-input\":{\"@type\":\"PropertyValueSpecification\",\"valueRequired\":true,\"valueName\":\"search_term_string\"}}],\"inLanguage\":\"de\"},{\"@type\":\"Organization\",\"@id\":\"https:\/\/www.autotag-online.com\/de\/#organization\",\"name\":\"Autotag\",\"url\":\"https:\/\/www.autotag-online.com\/de\/\",\"logo\":{\"@type\":\"ImageObject\",\"inLanguage\":\"de\",\"@id\":\"https:\/\/www.autotag-online.com\/de\/#\/schema\/logo\/image\/\",\"url\":\"https:\/\/www.autotag-online.com\/wp-content\/uploads\/2016\/11\/cropped-logo-2.png\",\"contentUrl\":\"https:\/\/www.autotag-online.com\/wp-content\/uploads\/2016\/11\/cropped-logo-2.png\",\"width\":628,\"height\":110,\"caption\":\"Autotag\"},\"image\":{\"@id\":\"https:\/\/www.autotag-online.com\/de\/#\/schema\/logo\/image\/\"}}]}<\/script>\n<!-- \/ Yoast SEO plugin. -->","yoast_head_json":{"title":"Kontakt Uns - Autotag","robots":{"index":"index","follow":"follow","max-snippet":"max-snippet:-1","max-image-preview":"max-image-preview:large","max-video-preview":"max-video-preview:-1"},"canonical":"https:\/\/www.autotag-online.com\/de\/kontakt-uns\/","og_locale":"de_DE","og_type":"article","og_title":"Kontakt Uns - Autotag","og_description":"Sie k\u00f6nnen Autotag Ltd kontaktieren bei folgende adresse: Autotag Trading Ltd Unit 2, Handlemaker Road Marston Trading Estate Frome Somerset BA11 4RW United Kingdom Oder Sie k\u00f6nnen kontakt auf nehmen mit unser verkaufs team bei: kundenbetreuung@autotag-online.com &nbsp;","og_url":"https:\/\/www.autotag-online.com\/de\/kontakt-uns\/","og_site_name":"Autotag","article_modified_time":"2018-07-17T12:55:56+00:00","twitter_card":"summary_large_image","schema":{"@context":"https:\/\/schema.org","@graph":[{"@type":"WebPage","@id":"https:\/\/www.autotag-online.com\/de\/kontakt-uns\/","url":"https:\/\/www.autotag-online.com\/de\/kontakt-uns\/","name":"Kontakt Uns - Autotag","isPartOf":{"@id":"https:\/\/www.autotag-online.com\/de\/#website"},"datePublished":"2017-07-04T09:09:17+00:00","dateModified":"2018-07-17T12:55:56+00:00","breadcrumb":{"@id":"https:\/\/www.autotag-online.com\/de\/kontakt-uns\/#breadcrumb"},"inLanguage":"de","potentialAction":[{"@type":"ReadAction","target":["https:\/\/www.autotag-online.com\/de\/kontakt-uns\/"]}]},{"@type":"BreadcrumbList","@id":"https:\/\/www.autotag-online.com\/de\/kontakt-uns\/#breadcrumb","itemListElement":[{"@type":"ListItem","position":1,"name":"Home","item":"https:\/\/www.autotag-online.com\/de\/"},{"@type":"ListItem","position":2,"name":"Kontakt Uns"}]},{"@type":"WebSite","@id":"https:\/\/www.autotag-online.com\/de\/#website","url":"https:\/\/www.autotag-online.com\/de\/","name":"Autotag","description":"Spezialisierte Gro\u00dfhandel und kaufwaren lieferant von Schl\u00fcsselanh\u00e4nger und zubeh\u00f6r vor die Autohandel","publisher":{"@id":"https:\/\/www.autotag-online.com\/de\/#organization"},"potentialAction":[{"@type":"SearchAction","target":{"@type":"EntryPoint","urlTemplate":"https:\/\/www.autotag-online.com\/de\/?s={search_term_string}"},"query-input":{"@type":"PropertyValueSpecification","valueRequired":true,"valueName":"search_term_string"}}],"inLanguage":"de"},{"@type":"Organization","@id":"https:\/\/www.autotag-online.com\/de\/#organization","name":"Autotag","url":"https:\/\/www.autotag-online.com\/de\/","logo":{"@type":"ImageObject","inLanguage":"de","@id":"https:\/\/www.autotag-online.com\/de\/#\/schema\/logo\/image\/","url":"https:\/\/www.autotag-online.com\/wp-content\/uploads\/2016\/11\/cropped-logo-2.png","contentUrl":"https:\/\/www.autotag-online.com\/wp-content\/uploads\/2016\/11\/cropped-logo-2.png","width":628,"height":110,"caption":"Autotag"},"image":{"@id":"https:\/\/www.autotag-online.com\/de\/#\/schema\/logo\/image\/"}}]}},"_links":{"self":[{"href":"https:\/\/www.autotag-online.com\/de\/wp-json\/wp\/v2\/pages\/23419","targetHints":{"allow":["GET"]}}],"collection":[{"href":"https:\/\/www.autotag-online.com\/de\/wp-json\/wp\/v2\/pages"}],"about":[{"href":"https:\/\/www.autotag-online.com\/de\/wp-json\/wp\/v2\/types\/page"}],"author":[{"embeddable":true,"href":"https:\/\/www.autotag-online.com\/de\/wp-json\/wp\/v2\/users\/1"}],"replies":[{"embeddable":true,"href":"https:\/\/www.autotag-online.com\/de\/wp-json\/wp\/v2\/comments?post=23419"}],"version-history":[{"count":0,"href":"https:\/\/www.autotag-online.com\/de\/wp-json\/wp\/v2\/pages\/23419\/revisions"}],"wp:attachment":[{"href":"https:\/\/www.autotag-online.com\/de\/wp-json\/wp\/v2\/media?parent=23419"}],"curies":[{"name":"wp","href":"https:\/\/api.w.org\/{rel}","templated":true}]}}