{"id":23417,"date":"2017-07-04T10:01:44","date_gmt":"2017-07-04T09:01:44","guid":{"rendered":"https:\/\/www.autotag.co.uk\/zeugnisse\/"},"modified":"2017-07-28T13:21:33","modified_gmt":"2017-07-28T12:21:33","slug":"zeugnisse","status":"publish","type":"page","link":"https:\/\/www.autotag-online.com\/de\/zeugnisse\/","title":{"rendered":"Kundenbereuung"},"content":{"rendered":"<p>Autotag ist situiert in Gro\u00dfbritannien. Wir haben keine kundenbetreuung mehr in Europa.<\/p>\n<p>Wir haben jedoch ein flei\u00dfig team von freundliche und erfahren mittarbeiter um unsere kunden zu helfen in Deutschland, Niederlande, Frankreich, Belgien un zo weiter.<\/p>\n<p>Wenn Sie fragen haben uber unsere schl\u00fcsselanh\u00e4nger, schl\u00fcssleschrank oder uber andere produkte von uns bitte dr\u00fccken Sie auf die link um ein e-mail an uns zu hinterlassen.<\/p>\n<p>Auch k\u00f6nnen Sie uns ein e-mail schicken nach: <a href=\"mailto:kundenbetreuung@autotag-online.com\">kundenbetreuung@autotag-online.com<\/a><\/p>\n<p>Wenn Sie kontakt mit uns suchen uber ein betehende bestellung bitte die letzte 5 nummern von ihr order zuf\u00fcgen, damitt wir Sie so schnell wie m\u00f6glich helfen k\u00f6nnen.<\/p>\n<p>Wir versugen um Sie innerhalb von 1 arbeitstag zu antworten und ihre frage aufgel\u00f6st zu haben nach ihre zufriedenheit, bei e-mail oder bei telefon.<\/p>\n<p>Wir gebrauchen keine 0800 telefon nummern mehr in Europa, wir schlagen unsere kunden vor um uns bei e-mail zu kontaktieren.<\/p>\n<p>Wenn Sie nicht bei PayPal oder Kredite Karte zahlen k\u00f6nnen schicke Sie uns ein e-mail und wir suchen eine aufl\u00f6sung f\u00fcr Sie.<\/p>\n<p>Wir freuen uns um unsere Europese kunden behilflich zu bleiben, sowohl unsere existierende und neue kunden.<\/p>\n<p>Dankesch\u00f6n das Sie f\u00fcr Autotag haben gew\u00e4hlt.<\/p>\n\n","protected":false},"excerpt":{"rendered":"<p>Autotag ist situiert in Gro\u00dfbritannien. Wir haben keine kundenbetreuung mehr in Europa. Wir haben jedoch ein flei\u00dfig team von freundliche und erfahren mittarbeiter um unsere kunden zu helfen in Deutschland, Niederlande, Frankreich, Belgien un zo weiter. Wenn Sie fragen haben uber unsere schl\u00fcsselanh\u00e4nger, schl\u00fcssleschrank oder uber andere produkte von uns bitte dr\u00fccken Sie auf die [&hellip;]<\/p>\n","protected":false},"author":2,"featured_media":0,"parent":0,"menu_order":0,"comment_status":"closed","ping_status":"closed","template":"","meta":{"_acf_changed":false,"footnotes":""},"class_list":["post-23417","page","type-page","status-publish","hentry"],"acf":[],"yoast_head":"<!-- This site is optimized with the Yoast SEO plugin v27.2 - https:\/\/yoast.com\/product\/yoast-seo-wordpress\/ -->\n<title>Kundenbereuung - Autotag<\/title>\n<meta name=\"robots\" content=\"index, follow, max-snippet:-1, max-image-preview:large, max-video-preview:-1\" \/>\n<link rel=\"canonical\" href=\"https:\/\/www.autotag-online.com\/de\/zeugnisse\/\" \/>\n<meta property=\"og:locale\" content=\"de_DE\" \/>\n<meta property=\"og:type\" content=\"article\" \/>\n<meta property=\"og:title\" content=\"Kundenbereuung - Autotag\" \/>\n<meta property=\"og:description\" content=\"Autotag ist situiert in Gro\u00dfbritannien. Wir haben keine kundenbetreuung mehr in Europa. Wir haben jedoch ein flei\u00dfig team von freundliche und erfahren mittarbeiter um unsere kunden zu helfen in Deutschland, Niederlande, Frankreich, Belgien un zo weiter. Wenn Sie fragen haben uber unsere schl\u00fcsselanh\u00e4nger, schl\u00fcssleschrank oder uber andere produkte von uns bitte dr\u00fccken Sie auf die [&hellip;]\" \/>\n<meta property=\"og:url\" content=\"https:\/\/www.autotag-online.com\/de\/zeugnisse\/\" \/>\n<meta property=\"og:site_name\" content=\"Autotag\" \/>\n<meta property=\"article:modified_time\" content=\"2017-07-28T12:21:33+00:00\" \/>\n<meta name=\"twitter:card\" content=\"summary_large_image\" \/>\n<meta name=\"twitter:label1\" content=\"Gesch\u00e4tzte Lesezeit\" \/>\n\t<meta name=\"twitter:data1\" content=\"1\u00a0Minute\" \/>\n<script type=\"application\/ld+json\" class=\"yoast-schema-graph\">{\"@context\":\"https:\/\/schema.org\",\"@graph\":[{\"@type\":\"WebPage\",\"@id\":\"https:\/\/www.autotag-online.com\/de\/zeugnisse\/\",\"url\":\"https:\/\/www.autotag-online.com\/de\/zeugnisse\/\",\"name\":\"Kundenbereuung - Autotag\",\"isPartOf\":{\"@id\":\"https:\/\/www.autotag-online.com\/de\/#website\"},\"datePublished\":\"2017-07-04T09:01:44+00:00\",\"dateModified\":\"2017-07-28T12:21:33+00:00\",\"breadcrumb\":{\"@id\":\"https:\/\/www.autotag-online.com\/de\/zeugnisse\/#breadcrumb\"},\"inLanguage\":\"de\",\"potentialAction\":[{\"@type\":\"ReadAction\",\"target\":[\"https:\/\/www.autotag-online.com\/de\/zeugnisse\/\"]}]},{\"@type\":\"BreadcrumbList\",\"@id\":\"https:\/\/www.autotag-online.com\/de\/zeugnisse\/#breadcrumb\",\"itemListElement\":[{\"@type\":\"ListItem\",\"position\":1,\"name\":\"Home\",\"item\":\"https:\/\/www.autotag-online.com\/de\/\"},{\"@type\":\"ListItem\",\"position\":2,\"name\":\"Kundenbereuung\"}]},{\"@type\":\"WebSite\",\"@id\":\"https:\/\/www.autotag-online.com\/de\/#website\",\"url\":\"https:\/\/www.autotag-online.com\/de\/\",\"name\":\"Autotag\",\"description\":\"Spezialisierte Gro\u00dfhandel und kaufwaren lieferant von Schl\u00fcsselanh\u00e4nger und zubeh\u00f6r vor die Autohandel\",\"publisher\":{\"@id\":\"https:\/\/www.autotag-online.com\/de\/#organization\"},\"potentialAction\":[{\"@type\":\"SearchAction\",\"target\":{\"@type\":\"EntryPoint\",\"urlTemplate\":\"https:\/\/www.autotag-online.com\/de\/?s={search_term_string}\"},\"query-input\":{\"@type\":\"PropertyValueSpecification\",\"valueRequired\":true,\"valueName\":\"search_term_string\"}}],\"inLanguage\":\"de\"},{\"@type\":\"Organization\",\"@id\":\"https:\/\/www.autotag-online.com\/de\/#organization\",\"name\":\"Autotag\",\"url\":\"https:\/\/www.autotag-online.com\/de\/\",\"logo\":{\"@type\":\"ImageObject\",\"inLanguage\":\"de\",\"@id\":\"https:\/\/www.autotag-online.com\/de\/#\/schema\/logo\/image\/\",\"url\":\"https:\/\/www.autotag-online.com\/wp-content\/uploads\/2016\/11\/cropped-logo-2.png\",\"contentUrl\":\"https:\/\/www.autotag-online.com\/wp-content\/uploads\/2016\/11\/cropped-logo-2.png\",\"width\":628,\"height\":110,\"caption\":\"Autotag\"},\"image\":{\"@id\":\"https:\/\/www.autotag-online.com\/de\/#\/schema\/logo\/image\/\"}}]}<\/script>\n<!-- \/ Yoast SEO plugin. -->","yoast_head_json":{"title":"Kundenbereuung - Autotag","robots":{"index":"index","follow":"follow","max-snippet":"max-snippet:-1","max-image-preview":"max-image-preview:large","max-video-preview":"max-video-preview:-1"},"canonical":"https:\/\/www.autotag-online.com\/de\/zeugnisse\/","og_locale":"de_DE","og_type":"article","og_title":"Kundenbereuung - Autotag","og_description":"Autotag ist situiert in Gro\u00dfbritannien. Wir haben keine kundenbetreuung mehr in Europa. Wir haben jedoch ein flei\u00dfig team von freundliche und erfahren mittarbeiter um unsere kunden zu helfen in Deutschland, Niederlande, Frankreich, Belgien un zo weiter. Wenn Sie fragen haben uber unsere schl\u00fcsselanh\u00e4nger, schl\u00fcssleschrank oder uber andere produkte von uns bitte dr\u00fccken Sie auf die [&hellip;]","og_url":"https:\/\/www.autotag-online.com\/de\/zeugnisse\/","og_site_name":"Autotag","article_modified_time":"2017-07-28T12:21:33+00:00","twitter_card":"summary_large_image","twitter_misc":{"Gesch\u00e4tzte Lesezeit":"1\u00a0Minute"},"schema":{"@context":"https:\/\/schema.org","@graph":[{"@type":"WebPage","@id":"https:\/\/www.autotag-online.com\/de\/zeugnisse\/","url":"https:\/\/www.autotag-online.com\/de\/zeugnisse\/","name":"Kundenbereuung - Autotag","isPartOf":{"@id":"https:\/\/www.autotag-online.com\/de\/#website"},"datePublished":"2017-07-04T09:01:44+00:00","dateModified":"2017-07-28T12:21:33+00:00","breadcrumb":{"@id":"https:\/\/www.autotag-online.com\/de\/zeugnisse\/#breadcrumb"},"inLanguage":"de","potentialAction":[{"@type":"ReadAction","target":["https:\/\/www.autotag-online.com\/de\/zeugnisse\/"]}]},{"@type":"BreadcrumbList","@id":"https:\/\/www.autotag-online.com\/de\/zeugnisse\/#breadcrumb","itemListElement":[{"@type":"ListItem","position":1,"name":"Home","item":"https:\/\/www.autotag-online.com\/de\/"},{"@type":"ListItem","position":2,"name":"Kundenbereuung"}]},{"@type":"WebSite","@id":"https:\/\/www.autotag-online.com\/de\/#website","url":"https:\/\/www.autotag-online.com\/de\/","name":"Autotag","description":"Spezialisierte Gro\u00dfhandel und kaufwaren lieferant von Schl\u00fcsselanh\u00e4nger und zubeh\u00f6r vor die Autohandel","publisher":{"@id":"https:\/\/www.autotag-online.com\/de\/#organization"},"potentialAction":[{"@type":"SearchAction","target":{"@type":"EntryPoint","urlTemplate":"https:\/\/www.autotag-online.com\/de\/?s={search_term_string}"},"query-input":{"@type":"PropertyValueSpecification","valueRequired":true,"valueName":"search_term_string"}}],"inLanguage":"de"},{"@type":"Organization","@id":"https:\/\/www.autotag-online.com\/de\/#organization","name":"Autotag","url":"https:\/\/www.autotag-online.com\/de\/","logo":{"@type":"ImageObject","inLanguage":"de","@id":"https:\/\/www.autotag-online.com\/de\/#\/schema\/logo\/image\/","url":"https:\/\/www.autotag-online.com\/wp-content\/uploads\/2016\/11\/cropped-logo-2.png","contentUrl":"https:\/\/www.autotag-online.com\/wp-content\/uploads\/2016\/11\/cropped-logo-2.png","width":628,"height":110,"caption":"Autotag"},"image":{"@id":"https:\/\/www.autotag-online.com\/de\/#\/schema\/logo\/image\/"}}]}},"_links":{"self":[{"href":"https:\/\/www.autotag-online.com\/de\/wp-json\/wp\/v2\/pages\/23417","targetHints":{"allow":["GET"]}}],"collection":[{"href":"https:\/\/www.autotag-online.com\/de\/wp-json\/wp\/v2\/pages"}],"about":[{"href":"https:\/\/www.autotag-online.com\/de\/wp-json\/wp\/v2\/types\/page"}],"author":[{"embeddable":true,"href":"https:\/\/www.autotag-online.com\/de\/wp-json\/wp\/v2\/users\/2"}],"replies":[{"embeddable":true,"href":"https:\/\/www.autotag-online.com\/de\/wp-json\/wp\/v2\/comments?post=23417"}],"version-history":[{"count":0,"href":"https:\/\/www.autotag-online.com\/de\/wp-json\/wp\/v2\/pages\/23417\/revisions"}],"wp:attachment":[{"href":"https:\/\/www.autotag-online.com\/de\/wp-json\/wp\/v2\/media?parent=23417"}],"curies":[{"name":"wp","href":"https:\/\/api.w.org\/{rel}","templated":true}]}}